{"id":21684,"date":"2025-01-13T15:57:03","date_gmt":"2025-01-13T15:57:03","guid":{"rendered":"https:\/\/aivlisoft.com\/?post_type=product&#038;p=21684"},"modified":"2025-01-14T19:47:28","modified_gmt":"2025-01-14T19:47:28","slug":"fritz-fon-m2-telefono-dect-blanco","status":"publish","type":"product","link":"https:\/\/aivlisoft.net\/shop\/producto\/fritz-fon-m2-telefono-dect-blanco\/","title":{"rendered":"FRITZ! Fon M2 Telefono DECT Blanco"},"content":{"rendered":"<p><strong>El accesorio ideal para su FRITZ!Box<\/strong><br \/>El ergon&oacute;mico tel&eacute;fono inal&aacute;mbrico FRITZ!Fon M2, concebido especialmente para interactuar con el FRITZ!Box con base DECT, le permitir&aacute; tener el mejor acceso a la comodidad de la telefon&iacute;a. Cautiva por su dise&ntilde;o, sofisticado, una calidad del sonido extraordinaria y funciones adicionales para multimedia y servicios de Internet.<\/p>\n<p><strong>Comodidad en telefon&iacute;a y mucho m&aacute;s<\/strong><br \/>El FRITZ!Fon M2 es el dispositivo ideal para acceder al mundo de la comodidad de la telefon&iacute;a inal&aacute;mbrica. Pero no solo eso: de manera adicional, el FRITZ!Fon ofrece un amplio espectro de funciones multimedia y servicios de Internet. Comunicaci&oacute;n, informaci&oacute;n y entretenimiento unidos en un dispositivo est&eacute;tico de uso sencillo.<\/p>\n<p><strong>Calidad de sonido &oacute;ptima<\/strong><br \/>El sonido natural del FRITZ!Fon M2 le permitir&aacute; disfrutar de una calidad de voz extraordinaria en todo momento gracias a la telefon&iacute;a HD tanto si escucha la llamada directamente desde el FRITZ!Fon, como si activa la funci&oacute;n de manos libres y altavoz. Por ello, incluso las llamadas m&aacute;s largas se convertir&aacute;n en un verdadero placer.<\/p>\n<p><strong>El mejor contacto con la base<\/strong><br \/>El FRITZ!Fon M2 fue concebido especialmente para su uso con un FRITZ!Box con base DECT. Cuando se combinan ambos dispositivos, el FRITZ!Fon ofrece todas sus funciones y le permite tener acceso a las actualizaciones gratuitas.<\/p>\n<p><strong>Sencillamente f&aacute;cil de usar<\/strong><br \/>Con el FRITZ!Fon M2, hablar por tel&eacute;fono ser&aacute; toda una diversi&oacute;n: gracias a su teclado ergon&oacute;mico y al control inteligente del men&uacute;, podr&aacute; tener acceso a toda la informaci&oacute;n que usted haya guardado dentro de su FRITZ!Fon.<\/p>\n<p><strong>Operativo al momento<\/strong><br \/>Abrir la caja, conectarlo y &iexcl;listo! En pocos pasos su FRITZ!Fon estar&aacute; operativo para disfrutar de la telefon&iacute;a y las funciones multimedia. Naturalmente, el cifrado de f&aacute;brica garantiza la m&aacute;xima seguridad.<\/p>\n<p><strong>Una experiencia multimedia<\/strong><br \/>Con su FRITZ!Fon M2 tendr&aacute; toda la multimedia en sus manos : enviar y recibir correos electr&oacute;nicos, podcasts y suscribirse a contenido RSS, radio por Internet o escuchar m&uacute;sica descargada.<\/p>\n<table class=\"tabla_caracteristicas k-table\" width=\"100%\">\n<tr>\n<td><strong>Marca<\/strong><\/td>\n<td>Fritz!<\/td>\n<\/tr>\n<tr>\n<td><strong>Modelo<\/strong><\/td>\n<td><strong>20002586<\/strong><\/td>\n<\/tr>\n<tr>\n<td><strong>Caracter&iacute;sticas<\/strong><\/td>\n<td><strong>Funciones especiales<\/strong><br \/>\t\t\t&#8211; Tel&eacute;fono inal&aacute;mbrico (est&aacute;ndar DECT GAP) para telefon&iacute;a fija o por Internet.<br \/>\t\t\t&#8211; Telefon&iacute;a IP conforme con SIP seg&uacute;n RFC 3261 (en combinaci&oacute;n con FRITZ!Box).<br \/>\t\t\t&#8211; Complemento ideal para todos los modelos de FRITZ!Box que tengan una estaci&oacute;n base DECT.<br \/>\t\t\t&#8211; F&aacute;cil configuraci&oacute;n que le permite manejar con el tel&eacute;fono todas las funciones de FRITZ!Box: contestador autom&aacute;tico,<br \/>\t\t\t&nbsp; alarma, desv&iacute;o de llamadas, vigilabeb&eacute;s, activar o desactivar la red inal&aacute;mbrica, etc.<br \/>\t\t\t&#8211; Con solo presionar un bot&oacute;n podr&aacute; descargar actualizaciones que incluyen nuevas funciones.<br \/>\t\t\t&#8211; Soporta telefon&iacute;a HD (7 kHz Codec G.722) para un sonido natural.<br \/>\t\t\t&#8211; Manos libres modo d&uacute;plex.<br \/>\t\t\t&#8211; Altavoces de alta definici&oacute;n.<br \/>\t\t\t&#8211; Configurado de f&aacute;brica para una transmisi&oacute;n de voz cifrada.<br \/>\t\t\t&#8211; Teclado ergon&oacute;mico, iluminado con tecla para indicaci&oacute;n de mensajes en espera (MWI).<br \/>\t\t\t&#8211; DECT Eco: apagado autom&aacute;tico de la transmisi&oacute;n en modo de espera.<br \/>\t\t\t&#8211; Alcance de hasta 300 metros al aire libre y hasta 40 metros en interiores.<br \/>\t\t\t&#8211; Hasta quince horas de conversaci&oacute;n y diez d&iacute;as en modo de espera.<br \/>\t\t\t&#8211; Varias agendas de tel&eacute;fono para 300 entradas, agenda en l&iacute;nea y b&uacute;squeda c&oacute;moda.<br \/>\t\t\t&#8211; Varios contestadores autom&aacute;ticos con men&uacute;s gr&aacute;ficos, consulta remota y reenv&iacute;o de mensajes de voz a trav&eacute;s de correo electr&oacute;nico.<br \/>\t\t\t&#8211; Funci&oacute;n de llamada en espera, desv&iacute;o, alternancia de llamadas, transferencia y conferencia.<br \/>\t\t\t&#8211; Configuraci&oacute;n de opciones como: marcaci&oacute;n r&aacute;pida, lista de llamadas, bloqueo de llamadas, llamadas internas y CLIR<br \/>\t\t\t&#8211; Recepci&oacute;n de contenido RSS, radio por Internet y podcasts.<br \/>\t\t\t&#8211; Posibilidad de leer y contestar correos electr&oacute;nicos.<br \/>\t\t\t&#8211; Posibilidad de manejar servidores multimedia UPnP y dispositivos de dom&oacute;tica (Smart Home).<br \/>\t\t\t&#8211; Recarga desde la estaci&oacute;n de carga: tiempo de carga aprox. 6 horas.<br \/>\t\t\t&#8211; Protecci&oacute;n contra descargas el&eacute;ctricas.<br \/>\t\t\t&#8211; Altavoz\/micr&oacute;fono.<br \/>\t\t\t&#8211; Conforme con las directivas de la UE.<br \/>\t\t\t<strong>Propiedades del dispositivo<\/strong><br \/>\t\t\t&#8211; Indicadores: 112 x 65 p&iacute;xeles de alta resoluci&oacute;n, monocromo.<br \/>\t\t\t&#8211; 1 bater&iacute;a Li-Ion; 750 mAh, 3,7 V.<br \/>\t\t\t&#8211; Dimensiones (A x A x P): aprox. 48 x 145 x 18 mm.<br \/>\t\t\t&#8211; Peso: aprox. 105 gramos.<br \/>\t\t\t&#8211; Voltaje el&eacute;ctrico del cargador: 230 V\/50 Hz.<br \/>\t\t\t<strong>Contenido del paquete<\/strong><br \/>\t\t\t&#8211; FRITZ!Fon M2.<br \/>\t\t\t&#8211; Bater&iacute;a recargable.<br \/>\t\t\t&#8211; Cargador.<br \/>\t\t\t&#8211; Fuente de alimentaci&oacute;n para la conexi&oacute;n a la red el&eacute;ctrica de 230 voltios.<br \/>\t\t\t&#8211; Gu&iacute;a r&aacute;pida de instalaci&oacute;n.<\/td>\n<\/tr>\n<tr>\n<td><strong>Fecha de revisi&oacute;n<\/strong><\/td>\n<td>24-05-2022 por MPM<\/td>\n<\/tr>\n<\/table>\n","protected":false},"excerpt":{"rendered":"<p>El accesorio ideal para su FRITZ!BoxEl ergon&oacute;mico tel&eacute;fono inal&aacute;mbrico FRITZ!Fon M2, concebido especialmente para interactuar con el FRITZ!Box con base DECT, le permitir&aacute; tener el mejor acceso a la comodidad de la telefon&iacute;a. Cautiva por su dise&ntilde;o, sofisticado, una calidad del sonido extraordinaria y funciones adicionales para multimedia y servicios de Internet. Comodidad en telefon&iacute;a&hellip;&nbsp;<a href=\"https:\/\/aivlisoft.net\/shop\/producto\/fritz-fon-m2-telefono-dect-blanco\/\" rel=\"bookmark\"><span class=\"screen-reader-text\">FRITZ! Fon M2 Telefono DECT Blanco<\/span><\/a><\/p>\n","protected":false},"featured_media":21685,"template":"","meta":{"neve_meta_sidebar":"","neve_meta_container":"","neve_meta_enable_content_width":"","neve_meta_content_width":0,"neve_meta_title_alignment":"","neve_meta_author_avatar":"","neve_post_elements_order":"","neve_meta_disable_header":"","neve_meta_disable_footer":"","neve_meta_disable_title":""},"product_brand":[],"product_cat":[15,7909],"product_tag":[7663],"class_list":{"0":"post-21684","1":"product","2":"type-product","3":"status-publish","4":"has-post-thumbnail","6":"product_cat-sin-categorizar","7":"product_cat-telefonia-ip","8":"product_tag-7663","10":"first","11":"instock","12":"taxable","13":"shipping-taxable","14":"purchasable","15":"product-type-simple"},"yoast_head":"<!-- This site is optimized with the Yoast SEO plugin v26.0 - https:\/\/yoast.com\/wordpress\/plugins\/seo\/ -->\n<title>FRITZ! Fon M2 Telefono DECT Blanco - Aivlisoft Inform\u00e1tica<\/title>\n<meta name=\"robots\" content=\"index, follow, max-snippet:-1, max-image-preview:large, max-video-preview:-1\" \/>\n<link rel=\"canonical\" href=\"https:\/\/aivlisoft.net\/shop\/producto\/fritz-fon-m2-telefono-dect-blanco\/\" \/>\n<meta property=\"og:locale\" content=\"es_ES\" \/>\n<meta property=\"og:type\" content=\"article\" \/>\n<meta property=\"og:title\" content=\"FRITZ! Fon M2 Telefono DECT Blanco - Aivlisoft Inform\u00e1tica\" \/>\n<meta property=\"og:description\" content=\"El accesorio ideal para su FRITZ!BoxEl ergon&oacute;mico tel&eacute;fono inal&aacute;mbrico FRITZ!Fon M2, concebido especialmente para interactuar con el FRITZ!Box con base DECT, le permitir&aacute; tener el mejor acceso a la comodidad de la telefon&iacute;a. Cautiva por su dise&ntilde;o, sofisticado, una calidad del sonido extraordinaria y funciones adicionales para multimedia y servicios de Internet. Comodidad en telefon&iacute;a&hellip;&nbsp;FRITZ! Fon M2 Telefono DECT Blanco\" \/>\n<meta property=\"og:url\" content=\"https:\/\/aivlisoft.net\/shop\/producto\/fritz-fon-m2-telefono-dect-blanco\/\" \/>\n<meta property=\"og:site_name\" content=\"Aivlisoft Inform\u00e1tica\" \/>\n<meta property=\"article:modified_time\" content=\"2025-01-14T19:47:28+00:00\" \/>\n<meta property=\"og:image\" content=\"https:\/\/aivlisoft.net\/shop\/wp-content\/uploads\/2025\/01\/NTETIN0133_800.jpg\" \/>\n\t<meta property=\"og:image:width\" content=\"800\" \/>\n\t<meta property=\"og:image:height\" content=\"800\" \/>\n\t<meta property=\"og:image:type\" content=\"image\/jpeg\" \/>\n<meta name=\"twitter:card\" content=\"summary_large_image\" \/>\n<meta name=\"twitter:label1\" content=\"Tiempo de lectura\" \/>\n\t<meta name=\"twitter:data1\" content=\"4 minutos\" \/>\n<script type=\"application\/ld+json\" class=\"yoast-schema-graph\">{\"@context\":\"https:\/\/schema.org\",\"@graph\":[{\"@type\":\"WebPage\",\"@id\":\"https:\/\/aivlisoft.net\/shop\/producto\/fritz-fon-m2-telefono-dect-blanco\/\",\"url\":\"https:\/\/aivlisoft.net\/shop\/producto\/fritz-fon-m2-telefono-dect-blanco\/\",\"name\":\"FRITZ! Fon M2 Telefono DECT Blanco - Aivlisoft Inform\u00e1tica\",\"isPartOf\":{\"@id\":\"https:\/\/aivlisoft.net\/shop\/#website\"},\"primaryImageOfPage\":{\"@id\":\"https:\/\/aivlisoft.net\/shop\/producto\/fritz-fon-m2-telefono-dect-blanco\/#primaryimage\"},\"image\":{\"@id\":\"https:\/\/aivlisoft.net\/shop\/producto\/fritz-fon-m2-telefono-dect-blanco\/#primaryimage\"},\"thumbnailUrl\":\"https:\/\/aivlisoft.net\/shop\/wp-content\/uploads\/2025\/01\/NTETIN0133_800.jpg\",\"datePublished\":\"2025-01-13T15:57:03+00:00\",\"dateModified\":\"2025-01-14T19:47:28+00:00\",\"breadcrumb\":{\"@id\":\"https:\/\/aivlisoft.net\/shop\/producto\/fritz-fon-m2-telefono-dect-blanco\/#breadcrumb\"},\"inLanguage\":\"es\",\"potentialAction\":[{\"@type\":\"ReadAction\",\"target\":[\"https:\/\/aivlisoft.net\/shop\/producto\/fritz-fon-m2-telefono-dect-blanco\/\"]}]},{\"@type\":\"ImageObject\",\"inLanguage\":\"es\",\"@id\":\"https:\/\/aivlisoft.net\/shop\/producto\/fritz-fon-m2-telefono-dect-blanco\/#primaryimage\",\"url\":\"https:\/\/aivlisoft.net\/shop\/wp-content\/uploads\/2025\/01\/NTETIN0133_800.jpg\",\"contentUrl\":\"https:\/\/aivlisoft.net\/shop\/wp-content\/uploads\/2025\/01\/NTETIN0133_800.jpg\",\"width\":800,\"height\":800},{\"@type\":\"BreadcrumbList\",\"@id\":\"https:\/\/aivlisoft.net\/shop\/producto\/fritz-fon-m2-telefono-dect-blanco\/#breadcrumb\",\"itemListElement\":[{\"@type\":\"ListItem\",\"position\":1,\"name\":\"Portada\",\"item\":\"https:\/\/aivlisoft.net\/shop\/\"},{\"@type\":\"ListItem\",\"position\":2,\"name\":\"Tienda\",\"item\":\"https:\/\/aivlisoft.net\/shop\/tienda\/\"},{\"@type\":\"ListItem\",\"position\":3,\"name\":\"FRITZ! Fon M2 Telefono DECT Blanco\"}]},{\"@type\":\"WebSite\",\"@id\":\"https:\/\/aivlisoft.net\/shop\/#website\",\"url\":\"https:\/\/aivlisoft.net\/shop\/\",\"name\":\"Aivlisoft Inform\u00e1tica\",\"description\":\"En Aivlisoft Inform\u00e1tica ofrecemos soluciones tecnol\u00f3gicas para empresas: venta de ordenadores, consumibles, perif\u00e9ricos y m\u00e1s. Calidad, atenci\u00f3n personalizada y los mejores precios para tu negocio.\",\"publisher\":{\"@id\":\"https:\/\/aivlisoft.net\/shop\/#organization\"},\"potentialAction\":[{\"@type\":\"SearchAction\",\"target\":{\"@type\":\"EntryPoint\",\"urlTemplate\":\"https:\/\/aivlisoft.net\/shop\/?s={search_term_string}\"},\"query-input\":{\"@type\":\"PropertyValueSpecification\",\"valueRequired\":true,\"valueName\":\"search_term_string\"}}],\"inLanguage\":\"es\"},{\"@type\":\"Organization\",\"@id\":\"https:\/\/aivlisoft.net\/shop\/#organization\",\"name\":\"Aivlisoft Inform\u00e1tica\",\"url\":\"https:\/\/aivlisoft.net\/shop\/\",\"logo\":{\"@type\":\"ImageObject\",\"inLanguage\":\"es\",\"@id\":\"https:\/\/aivlisoft.net\/shop\/#\/schema\/logo\/image\/\",\"url\":\"https:\/\/aivlisoft.net\/shop\/wp-content\/uploads\/2024\/12\/removal.ai_5b848c54-0cdf-4140-95c5-c5536bb7573b-logodef.png\",\"contentUrl\":\"https:\/\/aivlisoft.net\/shop\/wp-content\/uploads\/2024\/12\/removal.ai_5b848c54-0cdf-4140-95c5-c5536bb7573b-logodef.png\",\"width\":484,\"height\":182,\"caption\":\"Aivlisoft Inform\u00e1tica\"},\"image\":{\"@id\":\"https:\/\/aivlisoft.net\/shop\/#\/schema\/logo\/image\/\"}}]}<\/script>\n<!-- \/ Yoast SEO plugin. -->","yoast_head_json":{"title":"FRITZ! Fon M2 Telefono DECT Blanco - Aivlisoft Inform\u00e1tica","robots":{"index":"index","follow":"follow","max-snippet":"max-snippet:-1","max-image-preview":"max-image-preview:large","max-video-preview":"max-video-preview:-1"},"canonical":"https:\/\/aivlisoft.net\/shop\/producto\/fritz-fon-m2-telefono-dect-blanco\/","og_locale":"es_ES","og_type":"article","og_title":"FRITZ! Fon M2 Telefono DECT Blanco - Aivlisoft Inform\u00e1tica","og_description":"El accesorio ideal para su FRITZ!BoxEl ergon&oacute;mico tel&eacute;fono inal&aacute;mbrico FRITZ!Fon M2, concebido especialmente para interactuar con el FRITZ!Box con base DECT, le permitir&aacute; tener el mejor acceso a la comodidad de la telefon&iacute;a. Cautiva por su dise&ntilde;o, sofisticado, una calidad del sonido extraordinaria y funciones adicionales para multimedia y servicios de Internet. Comodidad en telefon&iacute;a&hellip;&nbsp;FRITZ! Fon M2 Telefono DECT Blanco","og_url":"https:\/\/aivlisoft.net\/shop\/producto\/fritz-fon-m2-telefono-dect-blanco\/","og_site_name":"Aivlisoft Inform\u00e1tica","article_modified_time":"2025-01-14T19:47:28+00:00","og_image":[{"width":800,"height":800,"url":"https:\/\/aivlisoft.net\/shop\/wp-content\/uploads\/2025\/01\/NTETIN0133_800.jpg","type":"image\/jpeg"}],"twitter_card":"summary_large_image","twitter_misc":{"Tiempo de lectura":"4 minutos"},"schema":{"@context":"https:\/\/schema.org","@graph":[{"@type":"WebPage","@id":"https:\/\/aivlisoft.net\/shop\/producto\/fritz-fon-m2-telefono-dect-blanco\/","url":"https:\/\/aivlisoft.net\/shop\/producto\/fritz-fon-m2-telefono-dect-blanco\/","name":"FRITZ! Fon M2 Telefono DECT Blanco - Aivlisoft Inform\u00e1tica","isPartOf":{"@id":"https:\/\/aivlisoft.net\/shop\/#website"},"primaryImageOfPage":{"@id":"https:\/\/aivlisoft.net\/shop\/producto\/fritz-fon-m2-telefono-dect-blanco\/#primaryimage"},"image":{"@id":"https:\/\/aivlisoft.net\/shop\/producto\/fritz-fon-m2-telefono-dect-blanco\/#primaryimage"},"thumbnailUrl":"https:\/\/aivlisoft.net\/shop\/wp-content\/uploads\/2025\/01\/NTETIN0133_800.jpg","datePublished":"2025-01-13T15:57:03+00:00","dateModified":"2025-01-14T19:47:28+00:00","breadcrumb":{"@id":"https:\/\/aivlisoft.net\/shop\/producto\/fritz-fon-m2-telefono-dect-blanco\/#breadcrumb"},"inLanguage":"es","potentialAction":[{"@type":"ReadAction","target":["https:\/\/aivlisoft.net\/shop\/producto\/fritz-fon-m2-telefono-dect-blanco\/"]}]},{"@type":"ImageObject","inLanguage":"es","@id":"https:\/\/aivlisoft.net\/shop\/producto\/fritz-fon-m2-telefono-dect-blanco\/#primaryimage","url":"https:\/\/aivlisoft.net\/shop\/wp-content\/uploads\/2025\/01\/NTETIN0133_800.jpg","contentUrl":"https:\/\/aivlisoft.net\/shop\/wp-content\/uploads\/2025\/01\/NTETIN0133_800.jpg","width":800,"height":800},{"@type":"BreadcrumbList","@id":"https:\/\/aivlisoft.net\/shop\/producto\/fritz-fon-m2-telefono-dect-blanco\/#breadcrumb","itemListElement":[{"@type":"ListItem","position":1,"name":"Portada","item":"https:\/\/aivlisoft.net\/shop\/"},{"@type":"ListItem","position":2,"name":"Tienda","item":"https:\/\/aivlisoft.net\/shop\/tienda\/"},{"@type":"ListItem","position":3,"name":"FRITZ! Fon M2 Telefono DECT Blanco"}]},{"@type":"WebSite","@id":"https:\/\/aivlisoft.net\/shop\/#website","url":"https:\/\/aivlisoft.net\/shop\/","name":"Aivlisoft Inform\u00e1tica","description":"En Aivlisoft Inform\u00e1tica ofrecemos soluciones tecnol\u00f3gicas para empresas: venta de ordenadores, consumibles, perif\u00e9ricos y m\u00e1s. Calidad, atenci\u00f3n personalizada y los mejores precios para tu negocio.","publisher":{"@id":"https:\/\/aivlisoft.net\/shop\/#organization"},"potentialAction":[{"@type":"SearchAction","target":{"@type":"EntryPoint","urlTemplate":"https:\/\/aivlisoft.net\/shop\/?s={search_term_string}"},"query-input":{"@type":"PropertyValueSpecification","valueRequired":true,"valueName":"search_term_string"}}],"inLanguage":"es"},{"@type":"Organization","@id":"https:\/\/aivlisoft.net\/shop\/#organization","name":"Aivlisoft Inform\u00e1tica","url":"https:\/\/aivlisoft.net\/shop\/","logo":{"@type":"ImageObject","inLanguage":"es","@id":"https:\/\/aivlisoft.net\/shop\/#\/schema\/logo\/image\/","url":"https:\/\/aivlisoft.net\/shop\/wp-content\/uploads\/2024\/12\/removal.ai_5b848c54-0cdf-4140-95c5-c5536bb7573b-logodef.png","contentUrl":"https:\/\/aivlisoft.net\/shop\/wp-content\/uploads\/2024\/12\/removal.ai_5b848c54-0cdf-4140-95c5-c5536bb7573b-logodef.png","width":484,"height":182,"caption":"Aivlisoft Inform\u00e1tica"},"image":{"@id":"https:\/\/aivlisoft.net\/shop\/#\/schema\/logo\/image\/"}}]}},"_links":{"self":[{"href":"https:\/\/aivlisoft.net\/shop\/wp-json\/wp\/v2\/product\/21684","targetHints":{"allow":["GET"]}}],"collection":[{"href":"https:\/\/aivlisoft.net\/shop\/wp-json\/wp\/v2\/product"}],"about":[{"href":"https:\/\/aivlisoft.net\/shop\/wp-json\/wp\/v2\/types\/product"}],"wp:featuredmedia":[{"embeddable":true,"href":"https:\/\/aivlisoft.net\/shop\/wp-json\/wp\/v2\/media\/21685"}],"wp:attachment":[{"href":"https:\/\/aivlisoft.net\/shop\/wp-json\/wp\/v2\/media?parent=21684"}],"wp:term":[{"taxonomy":"product_brand","embeddable":true,"href":"https:\/\/aivlisoft.net\/shop\/wp-json\/wp\/v2\/product_brand?post=21684"},{"taxonomy":"product_cat","embeddable":true,"href":"https:\/\/aivlisoft.net\/shop\/wp-json\/wp\/v2\/product_cat?post=21684"},{"taxonomy":"product_tag","embeddable":true,"href":"https:\/\/aivlisoft.net\/shop\/wp-json\/wp\/v2\/product_tag?post=21684"}],"curies":[{"name":"wp","href":"https:\/\/api.w.org\/{rel}","templated":true}]}}