{"id":21679,"date":"2025-01-13T15:57:01","date_gmt":"2025-01-13T15:57:01","guid":{"rendered":"https:\/\/aivlisoft.com\/?post_type=product&#038;p=21679"},"modified":"2025-01-14T19:47:29","modified_gmt":"2025-01-14T19:47:29","slug":"fritz-fon-c5-telefono-dect-negro","status":"publish","type":"product","link":"https:\/\/aivlisoft.net\/shop\/producto\/fritz-fon-c5-telefono-dect-negro\/","title":{"rendered":"FRITZ! Fon C5 Telefono DECT Negro"},"content":{"rendered":"<p><strong>El FRITZ! Fon C5<\/strong> convence por la elegancia de su dise&ntilde;o y la sorprendente versatilidad de sus funciones: telefon&iacute;a HD, integraci&oacute;n completa en la red dom&eacute;stica, as&iacute; como funciones para m&uacute;sica y dom&oacute;tica, ofrecen el mejor entretenimiento en el sentido m&aacute;s aut&eacute;ntico de la palabra.<br \/>&nbsp;<\/p>\n<table class=\"tabla_caracteristicas k-table\" width=\"100%\">\n<tr>\n<td><strong>Marca<\/strong><\/td>\n<td>Fritz!<\/td>\n<\/tr>\n<tr>\n<td><strong>Modelo<\/strong><\/td>\n<td><strong>20002749<\/strong><\/td>\n<\/tr>\n<tr>\n<td><strong>Caracter&iacute;sticas<\/strong><\/td>\n<td>&#8211; Tel&eacute;fono inal&aacute;mbrico (DECT GAP) perfectamente compatible con FRITZ!Box.<br \/>\t\t\t&#8211; Soporta telefon&iacute;a HD para un sonido natural.<br \/>\t\t\t&#8211; Cifrado seguro de llamadas configurado de manera est&aacute;ndar de f&aacute;brica.<br \/>\t\t\t&#8211; Botones de control del volumen laterales para mayor comodidad.<br \/>\t\t\t&#8211; Recepci&oacute;n de contenido RSS, radio por Internet y podcasts.<br \/>\t\t\t&#8211; Posibilidad de leer y contestar correos electr&oacute;nicos.<br \/>\t\t\t&#8211; Posibilidad de manejar servidores multimedia UPnP y dispositivos de dom&oacute;tica (Smart Home).<br \/>\t\t\t&#8211; Lista de llamadas, despertador, vigilabeb&eacute;s, inhibici&oacute;n del timbre.<br \/>\t\t\t&#8211; DECT Eco: apagado autom&aacute;tico de la transmisi&oacute;n en modo de espera.<br \/>\t\t\t&#8211; Con solo presionar un bot&oacute;n podr&aacute; descargar actualizaciones con nuevas funciones.<br \/>\t\t\t<strong>Funciones<\/strong><br \/>\t\t\t&#8211; Tel&eacute;fono inal&aacute;mbrico (est&aacute;ndar DECT GAP) para telefon&iacute;a fija o por Internet.<br \/>\t\t\t&#8211; Telefon&iacute;a IP conforme con SIP seg&uacute;n RFC 3261 (en combinaci&oacute;n con FRITZ!Box).<br \/>\t\t\t&#8211; Complemento ideal para todos los modelos de FRITZ!Box que tengan una estaci&oacute;n base DECT.<br \/>\t\t\t&#8211; F&aacute;cil configuraci&oacute;n que le permite manejar con el tel&eacute;fono todas las funciones de FRITZ!Box: contestador autom&aacute;tico, alarma, desv&iacute;o de llamadas, vigilabeb&eacute;s, activar o desactivar la red inal&aacute;mbrica, etc.<br \/>\t\t\t&#8211; Con solo presionar un bot&oacute;n podr&aacute; descargar actualizaciones que incluyen nuevas funciones.<br \/>\t\t\t&#8211; Botones laterales para el volumen.<br \/>\t\t\t&#8211; Soporta telefon&iacute;a HD (7 kHz Codec G.722) para un sonido natural.<br \/>\t\t\t&#8211; Manos libres modo d&uacute;plex.<br \/>\t\t\t&#8211; Altavoces de alta definici&oacute;n.<br \/>\t\t\t&#8211; Configurado de f&aacute;brica para una transmisi&oacute;n de voz cifrada.<br \/>\t\t\t&#8211; Teclado ergon&oacute;mico, iluminado con tecla para indicaci&oacute;n de mensajes en espera (MWI).<br \/>\t\t\t&#8211; DECT Eco: apagado autom&aacute;tico de la transmisi&oacute;n en modo de espera.<br \/>\t\t\t&#8211; Alcance de hasta 300 metros al aire libre y hasta 40 metros en interiores.<br \/>\t\t\t&#8211; Hasta diez horas de conversaci&oacute;n y doce d&iacute;as en modo de espera.<br \/>\t\t\t&#8211; Varias agendas de tel&eacute;fono para 300 entradas, agenda en l&iacute;nea, b&uacute;squeda c&oacute;moda y posibilidad de a&ntilde;adir una foto a cada contacto.<br \/>\t\t\t&#8211; Varios contestadores autom&aacute;ticos con men&uacute;s gr&aacute;ficos, consulta remota y reenv&iacute;o de mensajes de voz a trav&eacute;s de correo electr&oacute;nico.<br \/>\t\t\t&#8211; Funci&oacute;n de llamada en espera, desv&iacute;o, alternancia de llamadas, transferencia y conferencia.<br \/>\t\t\t&#8211; Configuraci&oacute;n de opciones como: marcaci&oacute;n r&aacute;pida, lista de llamadas, bloqueo de llamadas, llamadas internas y CLIR (supresi&oacute;n ocasional de la identificaci&oacute;n del usuario).<br \/>\t\t\t&#8211; Recepci&oacute;n de contenido RSS, radio por Internet y podcasts.<br \/>\t\t\t&#8211; Posibilidad de leer y contestar correos electr&oacute;nicos.<br \/>\t\t\t&#8211; Posibilidad de manejar servidores multimedia UPnP y dispositivos de dom&oacute;tica (Smart Home).<br \/>\t\t\t&#8211; Recarga desde la estaci&oacute;n de carga: tiempo de carga aprox. 6 horas.<br \/>\t\t\t&#8211; Protecci&oacute;n contra descargas el&eacute;ctricas.<br \/>\t\t\t&#8211; Altavoz\/micr&oacute;fono.<br \/>\t\t\t&#8211; Conforme con las directivas de la UE.<br \/>\t\t\t<strong>Propiedades del dispositivo<\/strong><br \/>\t\t\t&#8211; Men&uacute;s r&aacute;pidos en una pantalla en color de alta calidad (180 ppp).<br \/>\t\t\t&#8211; Pantalla a color: 240 x 320 p&iacute;xeles, 262.000 colores, de alta resoluci&oacute;n.<br \/>\t\t\t&#8211; Llamar por tel&eacute;fono y escuchar m&uacute;sica y podcasts a trav&eacute;s de auriculares.<br \/>\t\t\t&#8211; Conexi&oacute;n para auriculares, toma de 3,5 mm; compatible por ejemplo, con Blackberry, entre otros.<br \/>\t\t\t&#8211; Salida de audio para auriculares, mono.<br \/>\t\t\t&#8211; 1 bater&iacute;a Li-Ion; 750 mAh, 3,7 V.<br \/>\t\t\t&#8211; Dimensiones (A x P x A): aprox. 150 x 48 x 15 mm.<br \/>\t\t\t&#8211; Peso: aprox. 111 gramos (incl. bater&iacute;a).<br \/>\t\t\t&#8211; Voltaje el&eacute;ctrico del cargador: 230 V\/50 Hz.<br \/>\t\t\t<strong>Contenido<\/strong><br \/>\t\t\t&#8211; FRITZ!Fon C5.<br \/>\t\t\t&#8211; Bater&iacute;a recargable.<br \/>\t\t\t&#8211; Cargador.<br \/>\t\t\t&#8211; Fuente de alimentaci&oacute;n para la conexi&oacute;n a la red el&eacute;ctrica de 230 voltios.<br \/>\t\t\t&#8211; Gu&iacute;a r&aacute;pida detallada.<\/td>\n<\/tr>\n<tr>\n<td><strong>Fecha de revisi&oacute;n<\/strong><\/td>\n<td>24-05-2022 por MPM<\/td>\n<\/tr>\n<\/table>\n","protected":false},"excerpt":{"rendered":"<p>El FRITZ! Fon C5 convence por la elegancia de su dise&ntilde;o y la sorprendente versatilidad de sus funciones: telefon&iacute;a HD, integraci&oacute;n completa en la red dom&eacute;stica, as&iacute; como funciones para m&uacute;sica y dom&oacute;tica, ofrecen el mejor entretenimiento en el sentido m&aacute;s aut&eacute;ntico de la palabra.&nbsp; Marca Fritz! Modelo 20002749 Caracter&iacute;sticas &#8211; Tel&eacute;fono inal&aacute;mbrico (DECT GAP)&hellip;&nbsp;<a href=\"https:\/\/aivlisoft.net\/shop\/producto\/fritz-fon-c5-telefono-dect-negro\/\" rel=\"bookmark\"><span class=\"screen-reader-text\">FRITZ! Fon C5 Telefono DECT Negro<\/span><\/a><\/p>\n","protected":false},"featured_media":21680,"template":"","meta":{"neve_meta_sidebar":"","neve_meta_container":"","neve_meta_enable_content_width":"","neve_meta_content_width":0,"neve_meta_title_alignment":"","neve_meta_author_avatar":"","neve_post_elements_order":"","neve_meta_disable_header":"","neve_meta_disable_footer":"","neve_meta_disable_title":""},"product_brand":[],"product_cat":[15,7909],"product_tag":[7662],"class_list":{"0":"post-21679","1":"product","2":"type-product","3":"status-publish","4":"has-post-thumbnail","6":"product_cat-sin-categorizar","7":"product_cat-telefonia-ip","8":"product_tag-7662","10":"first","11":"instock","12":"taxable","13":"shipping-taxable","14":"purchasable","15":"product-type-simple"},"yoast_head":"<!-- This site is optimized with the Yoast SEO plugin v26.0 - https:\/\/yoast.com\/wordpress\/plugins\/seo\/ -->\n<title>FRITZ! Fon C5 Telefono DECT Negro - Aivlisoft Inform\u00e1tica<\/title>\n<meta name=\"robots\" content=\"index, follow, max-snippet:-1, max-image-preview:large, max-video-preview:-1\" \/>\n<link rel=\"canonical\" href=\"https:\/\/aivlisoft.net\/shop\/producto\/fritz-fon-c5-telefono-dect-negro\/\" \/>\n<meta property=\"og:locale\" content=\"es_ES\" \/>\n<meta property=\"og:type\" content=\"article\" \/>\n<meta property=\"og:title\" content=\"FRITZ! Fon C5 Telefono DECT Negro - Aivlisoft Inform\u00e1tica\" \/>\n<meta property=\"og:description\" content=\"El FRITZ! Fon C5 convence por la elegancia de su dise&ntilde;o y la sorprendente versatilidad de sus funciones: telefon&iacute;a HD, integraci&oacute;n completa en la red dom&eacute;stica, as&iacute; como funciones para m&uacute;sica y dom&oacute;tica, ofrecen el mejor entretenimiento en el sentido m&aacute;s aut&eacute;ntico de la palabra.&nbsp; Marca Fritz! Modelo 20002749 Caracter&iacute;sticas &#8211; Tel&eacute;fono inal&aacute;mbrico (DECT GAP)&hellip;&nbsp;FRITZ! Fon C5 Telefono DECT Negro\" \/>\n<meta property=\"og:url\" content=\"https:\/\/aivlisoft.net\/shop\/producto\/fritz-fon-c5-telefono-dect-negro\/\" \/>\n<meta property=\"og:site_name\" content=\"Aivlisoft Inform\u00e1tica\" \/>\n<meta property=\"article:modified_time\" content=\"2025-01-14T19:47:29+00:00\" \/>\n<meta property=\"og:image\" content=\"https:\/\/aivlisoft.net\/shop\/wp-content\/uploads\/2025\/01\/NTETIN0132_800.jpg\" \/>\n\t<meta property=\"og:image:width\" content=\"800\" \/>\n\t<meta property=\"og:image:height\" content=\"800\" \/>\n\t<meta property=\"og:image:type\" content=\"image\/jpeg\" \/>\n<meta name=\"twitter:card\" content=\"summary_large_image\" \/>\n<meta name=\"twitter:label1\" content=\"Tiempo de lectura\" \/>\n\t<meta name=\"twitter:data1\" content=\"4 minutos\" \/>\n<script type=\"application\/ld+json\" class=\"yoast-schema-graph\">{\"@context\":\"https:\/\/schema.org\",\"@graph\":[{\"@type\":\"WebPage\",\"@id\":\"https:\/\/aivlisoft.net\/shop\/producto\/fritz-fon-c5-telefono-dect-negro\/\",\"url\":\"https:\/\/aivlisoft.net\/shop\/producto\/fritz-fon-c5-telefono-dect-negro\/\",\"name\":\"FRITZ! Fon C5 Telefono DECT Negro - Aivlisoft Inform\u00e1tica\",\"isPartOf\":{\"@id\":\"https:\/\/aivlisoft.net\/shop\/#website\"},\"primaryImageOfPage\":{\"@id\":\"https:\/\/aivlisoft.net\/shop\/producto\/fritz-fon-c5-telefono-dect-negro\/#primaryimage\"},\"image\":{\"@id\":\"https:\/\/aivlisoft.net\/shop\/producto\/fritz-fon-c5-telefono-dect-negro\/#primaryimage\"},\"thumbnailUrl\":\"https:\/\/aivlisoft.net\/shop\/wp-content\/uploads\/2025\/01\/NTETIN0132_800.jpg\",\"datePublished\":\"2025-01-13T15:57:01+00:00\",\"dateModified\":\"2025-01-14T19:47:29+00:00\",\"breadcrumb\":{\"@id\":\"https:\/\/aivlisoft.net\/shop\/producto\/fritz-fon-c5-telefono-dect-negro\/#breadcrumb\"},\"inLanguage\":\"es\",\"potentialAction\":[{\"@type\":\"ReadAction\",\"target\":[\"https:\/\/aivlisoft.net\/shop\/producto\/fritz-fon-c5-telefono-dect-negro\/\"]}]},{\"@type\":\"ImageObject\",\"inLanguage\":\"es\",\"@id\":\"https:\/\/aivlisoft.net\/shop\/producto\/fritz-fon-c5-telefono-dect-negro\/#primaryimage\",\"url\":\"https:\/\/aivlisoft.net\/shop\/wp-content\/uploads\/2025\/01\/NTETIN0132_800.jpg\",\"contentUrl\":\"https:\/\/aivlisoft.net\/shop\/wp-content\/uploads\/2025\/01\/NTETIN0132_800.jpg\",\"width\":800,\"height\":800},{\"@type\":\"BreadcrumbList\",\"@id\":\"https:\/\/aivlisoft.net\/shop\/producto\/fritz-fon-c5-telefono-dect-negro\/#breadcrumb\",\"itemListElement\":[{\"@type\":\"ListItem\",\"position\":1,\"name\":\"Portada\",\"item\":\"https:\/\/aivlisoft.net\/shop\/\"},{\"@type\":\"ListItem\",\"position\":2,\"name\":\"Tienda\",\"item\":\"https:\/\/aivlisoft.net\/shop\/tienda\/\"},{\"@type\":\"ListItem\",\"position\":3,\"name\":\"FRITZ! Fon C5 Telefono DECT Negro\"}]},{\"@type\":\"WebSite\",\"@id\":\"https:\/\/aivlisoft.net\/shop\/#website\",\"url\":\"https:\/\/aivlisoft.net\/shop\/\",\"name\":\"Aivlisoft Inform\u00e1tica\",\"description\":\"En Aivlisoft Inform\u00e1tica ofrecemos soluciones tecnol\u00f3gicas para empresas: venta de ordenadores, consumibles, perif\u00e9ricos y m\u00e1s. Calidad, atenci\u00f3n personalizada y los mejores precios para tu negocio.\",\"publisher\":{\"@id\":\"https:\/\/aivlisoft.net\/shop\/#organization\"},\"potentialAction\":[{\"@type\":\"SearchAction\",\"target\":{\"@type\":\"EntryPoint\",\"urlTemplate\":\"https:\/\/aivlisoft.net\/shop\/?s={search_term_string}\"},\"query-input\":{\"@type\":\"PropertyValueSpecification\",\"valueRequired\":true,\"valueName\":\"search_term_string\"}}],\"inLanguage\":\"es\"},{\"@type\":\"Organization\",\"@id\":\"https:\/\/aivlisoft.net\/shop\/#organization\",\"name\":\"Aivlisoft Inform\u00e1tica\",\"url\":\"https:\/\/aivlisoft.net\/shop\/\",\"logo\":{\"@type\":\"ImageObject\",\"inLanguage\":\"es\",\"@id\":\"https:\/\/aivlisoft.net\/shop\/#\/schema\/logo\/image\/\",\"url\":\"https:\/\/aivlisoft.net\/shop\/wp-content\/uploads\/2024\/12\/removal.ai_5b848c54-0cdf-4140-95c5-c5536bb7573b-logodef.png\",\"contentUrl\":\"https:\/\/aivlisoft.net\/shop\/wp-content\/uploads\/2024\/12\/removal.ai_5b848c54-0cdf-4140-95c5-c5536bb7573b-logodef.png\",\"width\":484,\"height\":182,\"caption\":\"Aivlisoft Inform\u00e1tica\"},\"image\":{\"@id\":\"https:\/\/aivlisoft.net\/shop\/#\/schema\/logo\/image\/\"}}]}<\/script>\n<!-- \/ Yoast SEO plugin. -->","yoast_head_json":{"title":"FRITZ! Fon C5 Telefono DECT Negro - Aivlisoft Inform\u00e1tica","robots":{"index":"index","follow":"follow","max-snippet":"max-snippet:-1","max-image-preview":"max-image-preview:large","max-video-preview":"max-video-preview:-1"},"canonical":"https:\/\/aivlisoft.net\/shop\/producto\/fritz-fon-c5-telefono-dect-negro\/","og_locale":"es_ES","og_type":"article","og_title":"FRITZ! Fon C5 Telefono DECT Negro - Aivlisoft Inform\u00e1tica","og_description":"El FRITZ! Fon C5 convence por la elegancia de su dise&ntilde;o y la sorprendente versatilidad de sus funciones: telefon&iacute;a HD, integraci&oacute;n completa en la red dom&eacute;stica, as&iacute; como funciones para m&uacute;sica y dom&oacute;tica, ofrecen el mejor entretenimiento en el sentido m&aacute;s aut&eacute;ntico de la palabra.&nbsp; Marca Fritz! Modelo 20002749 Caracter&iacute;sticas &#8211; Tel&eacute;fono inal&aacute;mbrico (DECT GAP)&hellip;&nbsp;FRITZ! Fon C5 Telefono DECT Negro","og_url":"https:\/\/aivlisoft.net\/shop\/producto\/fritz-fon-c5-telefono-dect-negro\/","og_site_name":"Aivlisoft Inform\u00e1tica","article_modified_time":"2025-01-14T19:47:29+00:00","og_image":[{"width":800,"height":800,"url":"https:\/\/aivlisoft.net\/shop\/wp-content\/uploads\/2025\/01\/NTETIN0132_800.jpg","type":"image\/jpeg"}],"twitter_card":"summary_large_image","twitter_misc":{"Tiempo de lectura":"4 minutos"},"schema":{"@context":"https:\/\/schema.org","@graph":[{"@type":"WebPage","@id":"https:\/\/aivlisoft.net\/shop\/producto\/fritz-fon-c5-telefono-dect-negro\/","url":"https:\/\/aivlisoft.net\/shop\/producto\/fritz-fon-c5-telefono-dect-negro\/","name":"FRITZ! Fon C5 Telefono DECT Negro - Aivlisoft Inform\u00e1tica","isPartOf":{"@id":"https:\/\/aivlisoft.net\/shop\/#website"},"primaryImageOfPage":{"@id":"https:\/\/aivlisoft.net\/shop\/producto\/fritz-fon-c5-telefono-dect-negro\/#primaryimage"},"image":{"@id":"https:\/\/aivlisoft.net\/shop\/producto\/fritz-fon-c5-telefono-dect-negro\/#primaryimage"},"thumbnailUrl":"https:\/\/aivlisoft.net\/shop\/wp-content\/uploads\/2025\/01\/NTETIN0132_800.jpg","datePublished":"2025-01-13T15:57:01+00:00","dateModified":"2025-01-14T19:47:29+00:00","breadcrumb":{"@id":"https:\/\/aivlisoft.net\/shop\/producto\/fritz-fon-c5-telefono-dect-negro\/#breadcrumb"},"inLanguage":"es","potentialAction":[{"@type":"ReadAction","target":["https:\/\/aivlisoft.net\/shop\/producto\/fritz-fon-c5-telefono-dect-negro\/"]}]},{"@type":"ImageObject","inLanguage":"es","@id":"https:\/\/aivlisoft.net\/shop\/producto\/fritz-fon-c5-telefono-dect-negro\/#primaryimage","url":"https:\/\/aivlisoft.net\/shop\/wp-content\/uploads\/2025\/01\/NTETIN0132_800.jpg","contentUrl":"https:\/\/aivlisoft.net\/shop\/wp-content\/uploads\/2025\/01\/NTETIN0132_800.jpg","width":800,"height":800},{"@type":"BreadcrumbList","@id":"https:\/\/aivlisoft.net\/shop\/producto\/fritz-fon-c5-telefono-dect-negro\/#breadcrumb","itemListElement":[{"@type":"ListItem","position":1,"name":"Portada","item":"https:\/\/aivlisoft.net\/shop\/"},{"@type":"ListItem","position":2,"name":"Tienda","item":"https:\/\/aivlisoft.net\/shop\/tienda\/"},{"@type":"ListItem","position":3,"name":"FRITZ! Fon C5 Telefono DECT Negro"}]},{"@type":"WebSite","@id":"https:\/\/aivlisoft.net\/shop\/#website","url":"https:\/\/aivlisoft.net\/shop\/","name":"Aivlisoft Inform\u00e1tica","description":"En Aivlisoft Inform\u00e1tica ofrecemos soluciones tecnol\u00f3gicas para empresas: venta de ordenadores, consumibles, perif\u00e9ricos y m\u00e1s. Calidad, atenci\u00f3n personalizada y los mejores precios para tu negocio.","publisher":{"@id":"https:\/\/aivlisoft.net\/shop\/#organization"},"potentialAction":[{"@type":"SearchAction","target":{"@type":"EntryPoint","urlTemplate":"https:\/\/aivlisoft.net\/shop\/?s={search_term_string}"},"query-input":{"@type":"PropertyValueSpecification","valueRequired":true,"valueName":"search_term_string"}}],"inLanguage":"es"},{"@type":"Organization","@id":"https:\/\/aivlisoft.net\/shop\/#organization","name":"Aivlisoft Inform\u00e1tica","url":"https:\/\/aivlisoft.net\/shop\/","logo":{"@type":"ImageObject","inLanguage":"es","@id":"https:\/\/aivlisoft.net\/shop\/#\/schema\/logo\/image\/","url":"https:\/\/aivlisoft.net\/shop\/wp-content\/uploads\/2024\/12\/removal.ai_5b848c54-0cdf-4140-95c5-c5536bb7573b-logodef.png","contentUrl":"https:\/\/aivlisoft.net\/shop\/wp-content\/uploads\/2024\/12\/removal.ai_5b848c54-0cdf-4140-95c5-c5536bb7573b-logodef.png","width":484,"height":182,"caption":"Aivlisoft Inform\u00e1tica"},"image":{"@id":"https:\/\/aivlisoft.net\/shop\/#\/schema\/logo\/image\/"}}]}},"_links":{"self":[{"href":"https:\/\/aivlisoft.net\/shop\/wp-json\/wp\/v2\/product\/21679","targetHints":{"allow":["GET"]}}],"collection":[{"href":"https:\/\/aivlisoft.net\/shop\/wp-json\/wp\/v2\/product"}],"about":[{"href":"https:\/\/aivlisoft.net\/shop\/wp-json\/wp\/v2\/types\/product"}],"wp:featuredmedia":[{"embeddable":true,"href":"https:\/\/aivlisoft.net\/shop\/wp-json\/wp\/v2\/media\/21680"}],"wp:attachment":[{"href":"https:\/\/aivlisoft.net\/shop\/wp-json\/wp\/v2\/media?parent=21679"}],"wp:term":[{"taxonomy":"product_brand","embeddable":true,"href":"https:\/\/aivlisoft.net\/shop\/wp-json\/wp\/v2\/product_brand?post=21679"},{"taxonomy":"product_cat","embeddable":true,"href":"https:\/\/aivlisoft.net\/shop\/wp-json\/wp\/v2\/product_cat?post=21679"},{"taxonomy":"product_tag","embeddable":true,"href":"https:\/\/aivlisoft.net\/shop\/wp-json\/wp\/v2\/product_tag?post=21679"}],"curies":[{"name":"wp","href":"https:\/\/api.w.org\/{rel}","templated":true}]}}