{"id":21663,"date":"2025-01-13T15:56:50","date_gmt":"2025-01-13T15:56:50","guid":{"rendered":"https:\/\/aivlisoft.com\/?post_type=product&#038;p=21663"},"modified":"2025-01-14T19:47:32","modified_gmt":"2025-01-14T19:47:32","slug":"motorola-s1202-telefono-dect-duo-negro","status":"publish","type":"product","link":"https:\/\/aivlisoft.net\/shop\/producto\/motorola-s1202-telefono-dect-duo-negro\/","title":{"rendered":"MOTOROLA S1202 Telefono DECT DUO Negro"},"content":{"rendered":"<p>El Motorola S12 es perfecto para sus necesidades en llamadas residenciales, viene equipado con una gran pantalla, manos libres y la opci&oacute;n de contestador autom&aacute;tico. El Motorola S12 tambi&eacute;n est&aacute; disponible en una atrevida variedad de colores a juego con su gran pantalla. Motorola dar&aacute; un toque de color a su casa.<\/p>\n<table class=\"tabla_caracteristicas k-table\" width=\"100%\">\n<tbody>\n<tr>\n<td valign=\"top\"><strong>Marca<\/strong><\/td>\n<td>Motorola<\/td>\n<\/tr>\n<tr>\n<td valign=\"top\"><strong>Modelo<\/strong><\/td>\n<td valign=\"top\"><strong><\/strong><strong>C69000D48O2AES03<\/strong><\/td>\n<\/tr>\n<tr>\n<td valign=\"top\"><strong>Caracter&iacute;sticas<\/strong><\/td>\n<td><strong>General<\/strong><br \/>&#8211; Compatible GAB<br \/>&#8211; Hasta 4 bases, ampliable hasta 5 terminales<br \/>&#8211; Estaci&oacute;n base \/ seguridad del terminal<br \/>&#8211; Alcance interior\/exterior &#8211; hasta 50m \/ 300m<br \/>&#8211; Modo de marcaci&oacute;n &#8211; tono y pulso<br \/>&#8211; B&uacute;squeda de terminales<br \/>&#8211; Aviso de fuera de alcance<br \/>&#8211; Encendido\/apagado del tel&eacute;fono<br \/>&#8211; Posibilidad de poner nombre a los terminales<br \/>&#8211; Bloqueo del teclado<br \/><strong>Pantalla<\/strong><br \/>&#8211; 1 l&iacute;nea blanco y negro alfanum&eacute;rico &#8211; pantalla 14 segmentos<br \/>&#8211; Pantalla retroiluminada brillante &#8211; para fijar un color<br \/>&#8211; Reloj \/ Alarma<br \/>&#8211; Cron&oacute;metro de duraci&oacute;n de llamada<br \/>&#8211; ECO reduce el consumo de energ&iacute;ar<br \/>&#8211; 17 idiomas a elegir<br \/><strong>Sonido \/ Audio<\/strong><br \/>&#8211; Altavoz manos libres<br \/>&#8211; 5 melod&iacute;as de timbre polif&oacute;nicas<br \/>&#8211; 5 melod&iacute;as de timbre monof&oacute;nicas<br \/>&#8211; Ajuste del volumen de la base 5 niveles y silencio<br \/>&#8211; Ajuste del volumen del terminal- 5 niveles y silencio<br \/>&#8211; Volumen del auricular del tel&eacute;fono &#8211; 5 niveles<br \/>&#8211; Tono de teclado on\/off<br \/><strong>Llamadas<\/strong><br \/>&#8211; Agenda para 50 nombres y n&uacute;meros<br \/>&#8211; Aparecen los nombres de la agenda en las llamadas entrantes<br \/>&#8211; Identificaci&oacute;n de llamadas &#8211; tipo I \/ tipo II<br \/>&#8211; Lista de llamadas entrantes &#8211; 402<br \/>&#8211; D&iacute;a y hora de la lista de llamadas<br \/>&#8211; Memorias de rellamada &#8211; 10 entradas<br \/>&#8211; Copiar identificaci&oacute;n de n&uacute;mero entrante a la agenda<br \/>&#8211; Copiar n&uacute;mero en memoria de rellamada a la agenda<br \/>&#8211; Modo MUTE<br \/>&#8211; Auto-Talk(respuesta autom&aacute;tica) \/ Standby<br \/>&#8211; Rellamada<br \/>&#8211; Pre-marcaci&oacute;n posible<br \/>&#8211; Conferencia a 3<br \/>&#8211; Transferencia de llamadas entre telefonos<br \/>&#8211; Comunicaci&oacute;n entre terminales<br \/>&#8211; Longitud m&aacute;xima de n&uacute;mero de rellamada &#8211; 32 cifras<br \/>&#8211; Longitud m&aacute;xima de nombre en agenda &#8211; 12 caracteres<br \/>&#8211; Longitud m&aacute;xima de n&uacute;mero en memoria &#8211; 24 cifras<br \/>&#8211; Longitud m&aacute;xima de nombre de terminal &#8211; 10 caracteres<br \/><strong>Energ&iacute;a<\/strong><br \/>&#8211; Alimentaci&oacute;n eficiente de energ&iacute;a<br \/>&#8211; 2 bater&iacute;as recargables AAA de NiMH<br \/>&#8211; Advertencia de bater&iacute;a baja<br \/>&#8211; Tiempo en conversaci&oacute;n y tiempo en espera &#8211; hasta 10hrs \/ 200hrs<\/td>\n<\/tr>\n<tr>\n<td valign=\"top\"><strong>Fecha de revisi&oacute;n<\/strong><\/td>\n<td>10-09-2018 por MSB<\/td>\n<\/tr>\n<\/tbody>\n<\/table>\n","protected":false},"excerpt":{"rendered":"<p>El Motorola S12 es perfecto para sus necesidades en llamadas residenciales, viene equipado con una gran pantalla, manos libres y la opci&oacute;n de contestador autom&aacute;tico. El Motorola S12 tambi&eacute;n est&aacute; disponible en una atrevida variedad de colores a juego con su gran pantalla. Motorola dar&aacute; un toque de color a su casa. Marca Motorola Modelo&hellip;&nbsp;<a href=\"https:\/\/aivlisoft.net\/shop\/producto\/motorola-s1202-telefono-dect-duo-negro\/\" rel=\"bookmark\"><span class=\"screen-reader-text\">MOTOROLA S1202 Telefono DECT DUO Negro<\/span><\/a><\/p>\n","protected":false},"featured_media":21664,"template":"","meta":{"neve_meta_sidebar":"","neve_meta_container":"","neve_meta_enable_content_width":"","neve_meta_content_width":0,"neve_meta_title_alignment":"","neve_meta_author_avatar":"","neve_post_elements_order":"","neve_meta_disable_header":"","neve_meta_disable_footer":"","neve_meta_disable_title":""},"product_brand":[],"product_cat":[15,7909],"product_tag":[7655],"class_list":{"0":"post-21663","1":"product","2":"type-product","3":"status-publish","4":"has-post-thumbnail","6":"product_cat-sin-categorizar","7":"product_cat-telefonia-ip","8":"product_tag-107s1202black","10":"first","11":"instock","12":"taxable","13":"shipping-taxable","14":"purchasable","15":"product-type-simple"},"yoast_head":"<!-- This site is optimized with the Yoast SEO plugin v26.0 - https:\/\/yoast.com\/wordpress\/plugins\/seo\/ -->\n<title>MOTOROLA S1202 Telefono DECT DUO Negro - Aivlisoft Inform\u00e1tica<\/title>\n<meta name=\"robots\" content=\"index, follow, max-snippet:-1, max-image-preview:large, max-video-preview:-1\" \/>\n<link rel=\"canonical\" href=\"https:\/\/aivlisoft.net\/shop\/producto\/motorola-s1202-telefono-dect-duo-negro\/\" \/>\n<meta property=\"og:locale\" content=\"es_ES\" \/>\n<meta property=\"og:type\" content=\"article\" \/>\n<meta property=\"og:title\" content=\"MOTOROLA S1202 Telefono DECT DUO Negro - Aivlisoft Inform\u00e1tica\" \/>\n<meta property=\"og:description\" content=\"El Motorola S12 es perfecto para sus necesidades en llamadas residenciales, viene equipado con una gran pantalla, manos libres y la opci&oacute;n de contestador autom&aacute;tico. El Motorola S12 tambi&eacute;n est&aacute; disponible en una atrevida variedad de colores a juego con su gran pantalla. Motorola dar&aacute; un toque de color a su casa. Marca Motorola Modelo&hellip;&nbsp;MOTOROLA S1202 Telefono DECT DUO Negro\" \/>\n<meta property=\"og:url\" content=\"https:\/\/aivlisoft.net\/shop\/producto\/motorola-s1202-telefono-dect-duo-negro\/\" \/>\n<meta property=\"og:site_name\" content=\"Aivlisoft Inform\u00e1tica\" \/>\n<meta property=\"article:modified_time\" content=\"2025-01-14T19:47:32+00:00\" \/>\n<meta property=\"og:image\" content=\"https:\/\/aivlisoft.net\/shop\/wp-content\/uploads\/2025\/01\/NTETIN0117_800.jpg\" \/>\n\t<meta property=\"og:image:width\" content=\"800\" \/>\n\t<meta property=\"og:image:height\" content=\"800\" \/>\n\t<meta property=\"og:image:type\" content=\"image\/jpeg\" \/>\n<meta name=\"twitter:card\" content=\"summary_large_image\" \/>\n<meta name=\"twitter:label1\" content=\"Tiempo de lectura\" \/>\n\t<meta name=\"twitter:data1\" content=\"2 minutos\" \/>\n<script type=\"application\/ld+json\" class=\"yoast-schema-graph\">{\"@context\":\"https:\/\/schema.org\",\"@graph\":[{\"@type\":\"WebPage\",\"@id\":\"https:\/\/aivlisoft.net\/shop\/producto\/motorola-s1202-telefono-dect-duo-negro\/\",\"url\":\"https:\/\/aivlisoft.net\/shop\/producto\/motorola-s1202-telefono-dect-duo-negro\/\",\"name\":\"MOTOROLA S1202 Telefono DECT DUO Negro - Aivlisoft Inform\u00e1tica\",\"isPartOf\":{\"@id\":\"https:\/\/aivlisoft.net\/shop\/#website\"},\"primaryImageOfPage\":{\"@id\":\"https:\/\/aivlisoft.net\/shop\/producto\/motorola-s1202-telefono-dect-duo-negro\/#primaryimage\"},\"image\":{\"@id\":\"https:\/\/aivlisoft.net\/shop\/producto\/motorola-s1202-telefono-dect-duo-negro\/#primaryimage\"},\"thumbnailUrl\":\"https:\/\/aivlisoft.net\/shop\/wp-content\/uploads\/2025\/01\/NTETIN0117_800.jpg\",\"datePublished\":\"2025-01-13T15:56:50+00:00\",\"dateModified\":\"2025-01-14T19:47:32+00:00\",\"breadcrumb\":{\"@id\":\"https:\/\/aivlisoft.net\/shop\/producto\/motorola-s1202-telefono-dect-duo-negro\/#breadcrumb\"},\"inLanguage\":\"es\",\"potentialAction\":[{\"@type\":\"ReadAction\",\"target\":[\"https:\/\/aivlisoft.net\/shop\/producto\/motorola-s1202-telefono-dect-duo-negro\/\"]}]},{\"@type\":\"ImageObject\",\"inLanguage\":\"es\",\"@id\":\"https:\/\/aivlisoft.net\/shop\/producto\/motorola-s1202-telefono-dect-duo-negro\/#primaryimage\",\"url\":\"https:\/\/aivlisoft.net\/shop\/wp-content\/uploads\/2025\/01\/NTETIN0117_800.jpg\",\"contentUrl\":\"https:\/\/aivlisoft.net\/shop\/wp-content\/uploads\/2025\/01\/NTETIN0117_800.jpg\",\"width\":800,\"height\":800},{\"@type\":\"BreadcrumbList\",\"@id\":\"https:\/\/aivlisoft.net\/shop\/producto\/motorola-s1202-telefono-dect-duo-negro\/#breadcrumb\",\"itemListElement\":[{\"@type\":\"ListItem\",\"position\":1,\"name\":\"Portada\",\"item\":\"https:\/\/aivlisoft.net\/shop\/\"},{\"@type\":\"ListItem\",\"position\":2,\"name\":\"Tienda\",\"item\":\"https:\/\/aivlisoft.net\/shop\/tienda\/\"},{\"@type\":\"ListItem\",\"position\":3,\"name\":\"MOTOROLA S1202 Telefono DECT DUO Negro\"}]},{\"@type\":\"WebSite\",\"@id\":\"https:\/\/aivlisoft.net\/shop\/#website\",\"url\":\"https:\/\/aivlisoft.net\/shop\/\",\"name\":\"Aivlisoft Inform\u00e1tica\",\"description\":\"En Aivlisoft Inform\u00e1tica ofrecemos soluciones tecnol\u00f3gicas para empresas: venta de ordenadores, consumibles, perif\u00e9ricos y m\u00e1s. Calidad, atenci\u00f3n personalizada y los mejores precios para tu negocio.\",\"publisher\":{\"@id\":\"https:\/\/aivlisoft.net\/shop\/#organization\"},\"potentialAction\":[{\"@type\":\"SearchAction\",\"target\":{\"@type\":\"EntryPoint\",\"urlTemplate\":\"https:\/\/aivlisoft.net\/shop\/?s={search_term_string}\"},\"query-input\":{\"@type\":\"PropertyValueSpecification\",\"valueRequired\":true,\"valueName\":\"search_term_string\"}}],\"inLanguage\":\"es\"},{\"@type\":\"Organization\",\"@id\":\"https:\/\/aivlisoft.net\/shop\/#organization\",\"name\":\"Aivlisoft Inform\u00e1tica\",\"url\":\"https:\/\/aivlisoft.net\/shop\/\",\"logo\":{\"@type\":\"ImageObject\",\"inLanguage\":\"es\",\"@id\":\"https:\/\/aivlisoft.net\/shop\/#\/schema\/logo\/image\/\",\"url\":\"https:\/\/aivlisoft.net\/shop\/wp-content\/uploads\/2024\/12\/removal.ai_5b848c54-0cdf-4140-95c5-c5536bb7573b-logodef.png\",\"contentUrl\":\"https:\/\/aivlisoft.net\/shop\/wp-content\/uploads\/2024\/12\/removal.ai_5b848c54-0cdf-4140-95c5-c5536bb7573b-logodef.png\",\"width\":484,\"height\":182,\"caption\":\"Aivlisoft Inform\u00e1tica\"},\"image\":{\"@id\":\"https:\/\/aivlisoft.net\/shop\/#\/schema\/logo\/image\/\"}}]}<\/script>\n<!-- \/ Yoast SEO plugin. -->","yoast_head_json":{"title":"MOTOROLA S1202 Telefono DECT DUO Negro - Aivlisoft Inform\u00e1tica","robots":{"index":"index","follow":"follow","max-snippet":"max-snippet:-1","max-image-preview":"max-image-preview:large","max-video-preview":"max-video-preview:-1"},"canonical":"https:\/\/aivlisoft.net\/shop\/producto\/motorola-s1202-telefono-dect-duo-negro\/","og_locale":"es_ES","og_type":"article","og_title":"MOTOROLA S1202 Telefono DECT DUO Negro - Aivlisoft Inform\u00e1tica","og_description":"El Motorola S12 es perfecto para sus necesidades en llamadas residenciales, viene equipado con una gran pantalla, manos libres y la opci&oacute;n de contestador autom&aacute;tico. El Motorola S12 tambi&eacute;n est&aacute; disponible en una atrevida variedad de colores a juego con su gran pantalla. Motorola dar&aacute; un toque de color a su casa. Marca Motorola Modelo&hellip;&nbsp;MOTOROLA S1202 Telefono DECT DUO Negro","og_url":"https:\/\/aivlisoft.net\/shop\/producto\/motorola-s1202-telefono-dect-duo-negro\/","og_site_name":"Aivlisoft Inform\u00e1tica","article_modified_time":"2025-01-14T19:47:32+00:00","og_image":[{"width":800,"height":800,"url":"https:\/\/aivlisoft.net\/shop\/wp-content\/uploads\/2025\/01\/NTETIN0117_800.jpg","type":"image\/jpeg"}],"twitter_card":"summary_large_image","twitter_misc":{"Tiempo de lectura":"2 minutos"},"schema":{"@context":"https:\/\/schema.org","@graph":[{"@type":"WebPage","@id":"https:\/\/aivlisoft.net\/shop\/producto\/motorola-s1202-telefono-dect-duo-negro\/","url":"https:\/\/aivlisoft.net\/shop\/producto\/motorola-s1202-telefono-dect-duo-negro\/","name":"MOTOROLA S1202 Telefono DECT DUO Negro - Aivlisoft Inform\u00e1tica","isPartOf":{"@id":"https:\/\/aivlisoft.net\/shop\/#website"},"primaryImageOfPage":{"@id":"https:\/\/aivlisoft.net\/shop\/producto\/motorola-s1202-telefono-dect-duo-negro\/#primaryimage"},"image":{"@id":"https:\/\/aivlisoft.net\/shop\/producto\/motorola-s1202-telefono-dect-duo-negro\/#primaryimage"},"thumbnailUrl":"https:\/\/aivlisoft.net\/shop\/wp-content\/uploads\/2025\/01\/NTETIN0117_800.jpg","datePublished":"2025-01-13T15:56:50+00:00","dateModified":"2025-01-14T19:47:32+00:00","breadcrumb":{"@id":"https:\/\/aivlisoft.net\/shop\/producto\/motorola-s1202-telefono-dect-duo-negro\/#breadcrumb"},"inLanguage":"es","potentialAction":[{"@type":"ReadAction","target":["https:\/\/aivlisoft.net\/shop\/producto\/motorola-s1202-telefono-dect-duo-negro\/"]}]},{"@type":"ImageObject","inLanguage":"es","@id":"https:\/\/aivlisoft.net\/shop\/producto\/motorola-s1202-telefono-dect-duo-negro\/#primaryimage","url":"https:\/\/aivlisoft.net\/shop\/wp-content\/uploads\/2025\/01\/NTETIN0117_800.jpg","contentUrl":"https:\/\/aivlisoft.net\/shop\/wp-content\/uploads\/2025\/01\/NTETIN0117_800.jpg","width":800,"height":800},{"@type":"BreadcrumbList","@id":"https:\/\/aivlisoft.net\/shop\/producto\/motorola-s1202-telefono-dect-duo-negro\/#breadcrumb","itemListElement":[{"@type":"ListItem","position":1,"name":"Portada","item":"https:\/\/aivlisoft.net\/shop\/"},{"@type":"ListItem","position":2,"name":"Tienda","item":"https:\/\/aivlisoft.net\/shop\/tienda\/"},{"@type":"ListItem","position":3,"name":"MOTOROLA S1202 Telefono DECT DUO Negro"}]},{"@type":"WebSite","@id":"https:\/\/aivlisoft.net\/shop\/#website","url":"https:\/\/aivlisoft.net\/shop\/","name":"Aivlisoft Inform\u00e1tica","description":"En Aivlisoft Inform\u00e1tica ofrecemos soluciones tecnol\u00f3gicas para empresas: venta de ordenadores, consumibles, perif\u00e9ricos y m\u00e1s. Calidad, atenci\u00f3n personalizada y los mejores precios para tu negocio.","publisher":{"@id":"https:\/\/aivlisoft.net\/shop\/#organization"},"potentialAction":[{"@type":"SearchAction","target":{"@type":"EntryPoint","urlTemplate":"https:\/\/aivlisoft.net\/shop\/?s={search_term_string}"},"query-input":{"@type":"PropertyValueSpecification","valueRequired":true,"valueName":"search_term_string"}}],"inLanguage":"es"},{"@type":"Organization","@id":"https:\/\/aivlisoft.net\/shop\/#organization","name":"Aivlisoft Inform\u00e1tica","url":"https:\/\/aivlisoft.net\/shop\/","logo":{"@type":"ImageObject","inLanguage":"es","@id":"https:\/\/aivlisoft.net\/shop\/#\/schema\/logo\/image\/","url":"https:\/\/aivlisoft.net\/shop\/wp-content\/uploads\/2024\/12\/removal.ai_5b848c54-0cdf-4140-95c5-c5536bb7573b-logodef.png","contentUrl":"https:\/\/aivlisoft.net\/shop\/wp-content\/uploads\/2024\/12\/removal.ai_5b848c54-0cdf-4140-95c5-c5536bb7573b-logodef.png","width":484,"height":182,"caption":"Aivlisoft Inform\u00e1tica"},"image":{"@id":"https:\/\/aivlisoft.net\/shop\/#\/schema\/logo\/image\/"}}]}},"_links":{"self":[{"href":"https:\/\/aivlisoft.net\/shop\/wp-json\/wp\/v2\/product\/21663","targetHints":{"allow":["GET"]}}],"collection":[{"href":"https:\/\/aivlisoft.net\/shop\/wp-json\/wp\/v2\/product"}],"about":[{"href":"https:\/\/aivlisoft.net\/shop\/wp-json\/wp\/v2\/types\/product"}],"wp:featuredmedia":[{"embeddable":true,"href":"https:\/\/aivlisoft.net\/shop\/wp-json\/wp\/v2\/media\/21664"}],"wp:attachment":[{"href":"https:\/\/aivlisoft.net\/shop\/wp-json\/wp\/v2\/media?parent=21663"}],"wp:term":[{"taxonomy":"product_brand","embeddable":true,"href":"https:\/\/aivlisoft.net\/shop\/wp-json\/wp\/v2\/product_brand?post=21663"},{"taxonomy":"product_cat","embeddable":true,"href":"https:\/\/aivlisoft.net\/shop\/wp-json\/wp\/v2\/product_cat?post=21663"},{"taxonomy":"product_tag","embeddable":true,"href":"https:\/\/aivlisoft.net\/shop\/wp-json\/wp\/v2\/product_tag?post=21663"}],"curies":[{"name":"wp","href":"https:\/\/api.w.org\/{rel}","templated":true}]}}