{"id":21650,"date":"2025-01-13T15:56:39","date_gmt":"2025-01-13T15:56:39","guid":{"rendered":"https:\/\/aivlisoft.com\/?post_type=product&#038;p=21650"},"modified":"2025-01-14T19:47:35","modified_gmt":"2025-01-14T19:47:35","slug":"motorola-c1001-lb-telefono-dect-cereza","status":"publish","type":"product","link":"https:\/\/aivlisoft.net\/shop\/producto\/motorola-c1001-lb-telefono-dect-cereza\/","title":{"rendered":"MOTOROLA C1001 LB+ Telefono DECT Cereza"},"content":{"rendered":"<p>El Motorola C1LB+ ha sido dise&ntilde;ado para aquellos que no quieren un tel&eacute;fono inal&aacute;mbrico cualquiera y que sea f&aacute;cil de usar. Dise&ntilde;o c&oacute;modo y sencillo para estar en contacto en todo momento.<\/p>\n<table class=\"tabla_caracteristicas k-table\" width=\"100%\">\n<tbody>\n<tr>\n<td valign=\"top\"><strong>Marca<\/strong><\/td>\n<td>Motorola<\/td>\n<\/tr>\n<tr>\n<td valign=\"top\"><strong>Modelo<\/strong><\/td>\n<td valign=\"top\"><strong><\/strong><strong>E07000D48B1AES43<\/strong><\/td>\n<\/tr>\n<tr>\n<td valign=\"top\"><strong>Caracter&iacute;sticas<\/strong><\/td>\n<td><strong>General<\/strong><br \/>&#8211; Compatible GAB<br \/>&#8211; Hasta 4 bases, ampliable hasta 5 terminales<br \/>&#8211; Estaci&oacute;n base \/ seguridad del terminal<br \/>&#8211; Alcance interior\/exterior &#8211; hasta 50m \/ 300m<br \/>&#8211; Modo de marcaci&oacute;n &#8211; tono y pulso<br \/>&#8211; B&uacute;squeda de terminales<br \/>&#8211; Aviso de fuera de alcance<br \/>&#8211; Encendido\/apagado del tel&eacute;fono<br \/>&#8211; Posibilidad de poner nombre a los terminales<br \/>&#8211; Bloqueo del teclado<br \/><strong>Pantalla<\/strong><br \/>&#8211; 1 l&iacute;nea blanco y negro alfanum&eacute;rico &#8211; pantalla 14 segmentos<br \/>&#8211; Pantalla retroiluminada en azul<br \/>&#8211; Reloj \/ Alarma<br \/>&#8211; Cron&oacute;metro de duraci&oacute;n de llamada<br \/>&#8211; ECO reduce el consumo de energ&iacute;a<br \/>&#8211; 17 idiomas a elegir<br \/><strong>Sonido \/ Audio<\/strong><br \/>&#8211; Altavoz manos libres<br \/>&#8211; 5 melod&iacute;as de timbre polif&oacute;nicas<br \/>&#8211; 5 melod&iacute;as de timbre monof&oacute;nicas<br \/>&#8211; Ajuste del volumen del terminal- 5 niveles y silencio<br \/>&#8211; Volumen del auricular del tel&eacute;fono &#8211; 5 niveles<br \/>&#8211; Tono de teclado on\/off<br \/><strong>Llamadas<\/strong><br \/>&#8211; Agenda para 50 nombres y n&uacute;meros<br \/>&#8211; Aparecen los nombres de la agenda en las llamadas entrantes<br \/>&#8211; Identificaci&oacute;n de llamadas &#8211; tipo I \/ tipo II2<br \/>&#8211; Lista de llamadas entrantes- 402<br \/>&#8211; D&iacute;a y hora de la lista de llamadas<br \/>&#8211; Memorias de rellamada &#8211; 10 entradas<br \/>&#8211; Copiar identificaci&oacute;n de n&uacute;mero entrante a la agenda<br \/>&#8211; Copiar n&uacute;mero en memoria de rellamada a la agenda<br \/>&#8211; Modo MUTE<br \/>&#8211; Auto-Talk(respuesta autom&aacute;tica) \/ Standby<br \/>&#8211; Rellamada<br \/>&#8211; Pre-marcaci&oacute;n posible<br \/>&#8211; Conferencia a 3<br \/>&#8211; Transferencia de llamadas entre telefonos<br \/>&#8211; Comunicaci&oacute;n entre terminales<br \/>&#8211; Longitud m&aacute;xima de n&uacute;mero de rellamada &#8211; 32 cifras<br \/>&#8211; Longitud m&aacute;xima de nombre en agenda &#8211; 12 caracteres<br \/>&#8211; Longitud m&aacute;xima de n&uacute;mero en memoria &#8211; 24 cifras<br \/>&#8211; Longitud m&aacute;xima de nombre de terminal &#8211; 10 caracteres<br \/><strong>Energ&iacute;a<\/strong><br \/>&#8211; Alimentaci&oacute;n eficiente de energ&iacute;a<br \/>&#8211; 2 bater&iacute;as recargables AAA de NiMH<br \/>&#8211; Advertencia de bater&iacute;a baja<br \/>&#8211; Tiempo en conversaci&oacute;n y tiempo en espera &#8211; hasta 6.5hrs \/ 135hrs<\/td>\n<\/tr>\n<tr>\n<td valign=\"top\"><strong>Fecha de revisi&oacute;n<\/strong><\/td>\n<td>07-09-2018 por MSB<\/td>\n<\/tr>\n<\/tbody>\n<\/table>\n","protected":false},"excerpt":{"rendered":"<p>El Motorola C1LB+ ha sido dise&ntilde;ado para aquellos que no quieren un tel&eacute;fono inal&aacute;mbrico cualquiera y que sea f&aacute;cil de usar. Dise&ntilde;o c&oacute;modo y sencillo para estar en contacto en todo momento. Marca Motorola Modelo E07000D48B1AES43 Caracter&iacute;sticas General&#8211; Compatible GAB&#8211; Hasta 4 bases, ampliable hasta 5 terminales&#8211; Estaci&oacute;n base \/ seguridad del terminal&#8211; Alcance interior\/exterior&hellip;&nbsp;<a href=\"https:\/\/aivlisoft.net\/shop\/producto\/motorola-c1001-lb-telefono-dect-cereza\/\" rel=\"bookmark\"><span class=\"screen-reader-text\">MOTOROLA C1001 LB+ Telefono DECT Cereza<\/span><\/a><\/p>\n","protected":false},"featured_media":21651,"template":"","meta":{"neve_meta_sidebar":"","neve_meta_container":"","neve_meta_enable_content_width":"","neve_meta_content_width":0,"neve_meta_title_alignment":"","neve_meta_author_avatar":"","neve_post_elements_order":"","neve_meta_disable_header":"","neve_meta_disable_footer":"","neve_meta_disable_title":""},"product_brand":[],"product_cat":[15,7909],"product_tag":[7650],"class_list":{"0":"post-21650","1":"product","2":"type-product","3":"status-publish","4":"has-post-thumbnail","6":"product_cat-sin-categorizar","7":"product_cat-telefonia-ip","8":"product_tag-e07000d48b1aes43","10":"first","11":"instock","12":"taxable","13":"shipping-taxable","14":"purchasable","15":"product-type-simple"},"yoast_head":"<!-- This site is optimized with the Yoast SEO plugin v26.0 - https:\/\/yoast.com\/wordpress\/plugins\/seo\/ -->\n<title>MOTOROLA C1001 LB+ Telefono DECT Cereza - Aivlisoft Inform\u00e1tica<\/title>\n<meta name=\"robots\" content=\"index, follow, max-snippet:-1, max-image-preview:large, max-video-preview:-1\" \/>\n<link rel=\"canonical\" href=\"https:\/\/aivlisoft.net\/shop\/producto\/motorola-c1001-lb-telefono-dect-cereza\/\" \/>\n<meta property=\"og:locale\" content=\"es_ES\" \/>\n<meta property=\"og:type\" content=\"article\" \/>\n<meta property=\"og:title\" content=\"MOTOROLA C1001 LB+ Telefono DECT Cereza - Aivlisoft Inform\u00e1tica\" \/>\n<meta property=\"og:description\" content=\"El Motorola C1LB+ ha sido dise&ntilde;ado para aquellos que no quieren un tel&eacute;fono inal&aacute;mbrico cualquiera y que sea f&aacute;cil de usar. Dise&ntilde;o c&oacute;modo y sencillo para estar en contacto en todo momento. Marca Motorola Modelo E07000D48B1AES43 Caracter&iacute;sticas General&#8211; Compatible GAB&#8211; Hasta 4 bases, ampliable hasta 5 terminales&#8211; Estaci&oacute;n base \/ seguridad del terminal&#8211; Alcance interior\/exterior&hellip;&nbsp;MOTOROLA C1001 LB+ Telefono DECT Cereza\" \/>\n<meta property=\"og:url\" content=\"https:\/\/aivlisoft.net\/shop\/producto\/motorola-c1001-lb-telefono-dect-cereza\/\" \/>\n<meta property=\"og:site_name\" content=\"Aivlisoft Inform\u00e1tica\" \/>\n<meta property=\"article:modified_time\" content=\"2025-01-14T19:47:35+00:00\" \/>\n<meta property=\"og:image\" content=\"https:\/\/aivlisoft.net\/shop\/wp-content\/uploads\/2025\/01\/NTETIN0107_800.jpg\" \/>\n\t<meta property=\"og:image:width\" content=\"800\" \/>\n\t<meta property=\"og:image:height\" content=\"800\" \/>\n\t<meta property=\"og:image:type\" content=\"image\/jpeg\" \/>\n<meta name=\"twitter:card\" content=\"summary_large_image\" \/>\n<meta name=\"twitter:label1\" content=\"Tiempo de lectura\" \/>\n\t<meta name=\"twitter:data1\" content=\"2 minutos\" \/>\n<script type=\"application\/ld+json\" class=\"yoast-schema-graph\">{\"@context\":\"https:\/\/schema.org\",\"@graph\":[{\"@type\":\"WebPage\",\"@id\":\"https:\/\/aivlisoft.net\/shop\/producto\/motorola-c1001-lb-telefono-dect-cereza\/\",\"url\":\"https:\/\/aivlisoft.net\/shop\/producto\/motorola-c1001-lb-telefono-dect-cereza\/\",\"name\":\"MOTOROLA C1001 LB+ Telefono DECT Cereza - Aivlisoft Inform\u00e1tica\",\"isPartOf\":{\"@id\":\"https:\/\/aivlisoft.net\/shop\/#website\"},\"primaryImageOfPage\":{\"@id\":\"https:\/\/aivlisoft.net\/shop\/producto\/motorola-c1001-lb-telefono-dect-cereza\/#primaryimage\"},\"image\":{\"@id\":\"https:\/\/aivlisoft.net\/shop\/producto\/motorola-c1001-lb-telefono-dect-cereza\/#primaryimage\"},\"thumbnailUrl\":\"https:\/\/aivlisoft.net\/shop\/wp-content\/uploads\/2025\/01\/NTETIN0107_800.jpg\",\"datePublished\":\"2025-01-13T15:56:39+00:00\",\"dateModified\":\"2025-01-14T19:47:35+00:00\",\"breadcrumb\":{\"@id\":\"https:\/\/aivlisoft.net\/shop\/producto\/motorola-c1001-lb-telefono-dect-cereza\/#breadcrumb\"},\"inLanguage\":\"es\",\"potentialAction\":[{\"@type\":\"ReadAction\",\"target\":[\"https:\/\/aivlisoft.net\/shop\/producto\/motorola-c1001-lb-telefono-dect-cereza\/\"]}]},{\"@type\":\"ImageObject\",\"inLanguage\":\"es\",\"@id\":\"https:\/\/aivlisoft.net\/shop\/producto\/motorola-c1001-lb-telefono-dect-cereza\/#primaryimage\",\"url\":\"https:\/\/aivlisoft.net\/shop\/wp-content\/uploads\/2025\/01\/NTETIN0107_800.jpg\",\"contentUrl\":\"https:\/\/aivlisoft.net\/shop\/wp-content\/uploads\/2025\/01\/NTETIN0107_800.jpg\",\"width\":800,\"height\":800},{\"@type\":\"BreadcrumbList\",\"@id\":\"https:\/\/aivlisoft.net\/shop\/producto\/motorola-c1001-lb-telefono-dect-cereza\/#breadcrumb\",\"itemListElement\":[{\"@type\":\"ListItem\",\"position\":1,\"name\":\"Portada\",\"item\":\"https:\/\/aivlisoft.net\/shop\/\"},{\"@type\":\"ListItem\",\"position\":2,\"name\":\"Tienda\",\"item\":\"https:\/\/aivlisoft.net\/shop\/tienda\/\"},{\"@type\":\"ListItem\",\"position\":3,\"name\":\"MOTOROLA C1001 LB+ Telefono DECT Cereza\"}]},{\"@type\":\"WebSite\",\"@id\":\"https:\/\/aivlisoft.net\/shop\/#website\",\"url\":\"https:\/\/aivlisoft.net\/shop\/\",\"name\":\"Aivlisoft Inform\u00e1tica\",\"description\":\"En Aivlisoft Inform\u00e1tica ofrecemos soluciones tecnol\u00f3gicas para empresas: venta de ordenadores, consumibles, perif\u00e9ricos y m\u00e1s. Calidad, atenci\u00f3n personalizada y los mejores precios para tu negocio.\",\"publisher\":{\"@id\":\"https:\/\/aivlisoft.net\/shop\/#organization\"},\"potentialAction\":[{\"@type\":\"SearchAction\",\"target\":{\"@type\":\"EntryPoint\",\"urlTemplate\":\"https:\/\/aivlisoft.net\/shop\/?s={search_term_string}\"},\"query-input\":{\"@type\":\"PropertyValueSpecification\",\"valueRequired\":true,\"valueName\":\"search_term_string\"}}],\"inLanguage\":\"es\"},{\"@type\":\"Organization\",\"@id\":\"https:\/\/aivlisoft.net\/shop\/#organization\",\"name\":\"Aivlisoft Inform\u00e1tica\",\"url\":\"https:\/\/aivlisoft.net\/shop\/\",\"logo\":{\"@type\":\"ImageObject\",\"inLanguage\":\"es\",\"@id\":\"https:\/\/aivlisoft.net\/shop\/#\/schema\/logo\/image\/\",\"url\":\"https:\/\/aivlisoft.net\/shop\/wp-content\/uploads\/2024\/12\/removal.ai_5b848c54-0cdf-4140-95c5-c5536bb7573b-logodef.png\",\"contentUrl\":\"https:\/\/aivlisoft.net\/shop\/wp-content\/uploads\/2024\/12\/removal.ai_5b848c54-0cdf-4140-95c5-c5536bb7573b-logodef.png\",\"width\":484,\"height\":182,\"caption\":\"Aivlisoft Inform\u00e1tica\"},\"image\":{\"@id\":\"https:\/\/aivlisoft.net\/shop\/#\/schema\/logo\/image\/\"}}]}<\/script>\n<!-- \/ Yoast SEO plugin. -->","yoast_head_json":{"title":"MOTOROLA C1001 LB+ Telefono DECT Cereza - Aivlisoft Inform\u00e1tica","robots":{"index":"index","follow":"follow","max-snippet":"max-snippet:-1","max-image-preview":"max-image-preview:large","max-video-preview":"max-video-preview:-1"},"canonical":"https:\/\/aivlisoft.net\/shop\/producto\/motorola-c1001-lb-telefono-dect-cereza\/","og_locale":"es_ES","og_type":"article","og_title":"MOTOROLA C1001 LB+ Telefono DECT Cereza - Aivlisoft Inform\u00e1tica","og_description":"El Motorola C1LB+ ha sido dise&ntilde;ado para aquellos que no quieren un tel&eacute;fono inal&aacute;mbrico cualquiera y que sea f&aacute;cil de usar. Dise&ntilde;o c&oacute;modo y sencillo para estar en contacto en todo momento. Marca Motorola Modelo E07000D48B1AES43 Caracter&iacute;sticas General&#8211; Compatible GAB&#8211; Hasta 4 bases, ampliable hasta 5 terminales&#8211; Estaci&oacute;n base \/ seguridad del terminal&#8211; Alcance interior\/exterior&hellip;&nbsp;MOTOROLA C1001 LB+ Telefono DECT Cereza","og_url":"https:\/\/aivlisoft.net\/shop\/producto\/motorola-c1001-lb-telefono-dect-cereza\/","og_site_name":"Aivlisoft Inform\u00e1tica","article_modified_time":"2025-01-14T19:47:35+00:00","og_image":[{"width":800,"height":800,"url":"https:\/\/aivlisoft.net\/shop\/wp-content\/uploads\/2025\/01\/NTETIN0107_800.jpg","type":"image\/jpeg"}],"twitter_card":"summary_large_image","twitter_misc":{"Tiempo de lectura":"2 minutos"},"schema":{"@context":"https:\/\/schema.org","@graph":[{"@type":"WebPage","@id":"https:\/\/aivlisoft.net\/shop\/producto\/motorola-c1001-lb-telefono-dect-cereza\/","url":"https:\/\/aivlisoft.net\/shop\/producto\/motorola-c1001-lb-telefono-dect-cereza\/","name":"MOTOROLA C1001 LB+ Telefono DECT Cereza - Aivlisoft Inform\u00e1tica","isPartOf":{"@id":"https:\/\/aivlisoft.net\/shop\/#website"},"primaryImageOfPage":{"@id":"https:\/\/aivlisoft.net\/shop\/producto\/motorola-c1001-lb-telefono-dect-cereza\/#primaryimage"},"image":{"@id":"https:\/\/aivlisoft.net\/shop\/producto\/motorola-c1001-lb-telefono-dect-cereza\/#primaryimage"},"thumbnailUrl":"https:\/\/aivlisoft.net\/shop\/wp-content\/uploads\/2025\/01\/NTETIN0107_800.jpg","datePublished":"2025-01-13T15:56:39+00:00","dateModified":"2025-01-14T19:47:35+00:00","breadcrumb":{"@id":"https:\/\/aivlisoft.net\/shop\/producto\/motorola-c1001-lb-telefono-dect-cereza\/#breadcrumb"},"inLanguage":"es","potentialAction":[{"@type":"ReadAction","target":["https:\/\/aivlisoft.net\/shop\/producto\/motorola-c1001-lb-telefono-dect-cereza\/"]}]},{"@type":"ImageObject","inLanguage":"es","@id":"https:\/\/aivlisoft.net\/shop\/producto\/motorola-c1001-lb-telefono-dect-cereza\/#primaryimage","url":"https:\/\/aivlisoft.net\/shop\/wp-content\/uploads\/2025\/01\/NTETIN0107_800.jpg","contentUrl":"https:\/\/aivlisoft.net\/shop\/wp-content\/uploads\/2025\/01\/NTETIN0107_800.jpg","width":800,"height":800},{"@type":"BreadcrumbList","@id":"https:\/\/aivlisoft.net\/shop\/producto\/motorola-c1001-lb-telefono-dect-cereza\/#breadcrumb","itemListElement":[{"@type":"ListItem","position":1,"name":"Portada","item":"https:\/\/aivlisoft.net\/shop\/"},{"@type":"ListItem","position":2,"name":"Tienda","item":"https:\/\/aivlisoft.net\/shop\/tienda\/"},{"@type":"ListItem","position":3,"name":"MOTOROLA C1001 LB+ Telefono DECT Cereza"}]},{"@type":"WebSite","@id":"https:\/\/aivlisoft.net\/shop\/#website","url":"https:\/\/aivlisoft.net\/shop\/","name":"Aivlisoft Inform\u00e1tica","description":"En Aivlisoft Inform\u00e1tica ofrecemos soluciones tecnol\u00f3gicas para empresas: venta de ordenadores, consumibles, perif\u00e9ricos y m\u00e1s. Calidad, atenci\u00f3n personalizada y los mejores precios para tu negocio.","publisher":{"@id":"https:\/\/aivlisoft.net\/shop\/#organization"},"potentialAction":[{"@type":"SearchAction","target":{"@type":"EntryPoint","urlTemplate":"https:\/\/aivlisoft.net\/shop\/?s={search_term_string}"},"query-input":{"@type":"PropertyValueSpecification","valueRequired":true,"valueName":"search_term_string"}}],"inLanguage":"es"},{"@type":"Organization","@id":"https:\/\/aivlisoft.net\/shop\/#organization","name":"Aivlisoft Inform\u00e1tica","url":"https:\/\/aivlisoft.net\/shop\/","logo":{"@type":"ImageObject","inLanguage":"es","@id":"https:\/\/aivlisoft.net\/shop\/#\/schema\/logo\/image\/","url":"https:\/\/aivlisoft.net\/shop\/wp-content\/uploads\/2024\/12\/removal.ai_5b848c54-0cdf-4140-95c5-c5536bb7573b-logodef.png","contentUrl":"https:\/\/aivlisoft.net\/shop\/wp-content\/uploads\/2024\/12\/removal.ai_5b848c54-0cdf-4140-95c5-c5536bb7573b-logodef.png","width":484,"height":182,"caption":"Aivlisoft Inform\u00e1tica"},"image":{"@id":"https:\/\/aivlisoft.net\/shop\/#\/schema\/logo\/image\/"}}]}},"_links":{"self":[{"href":"https:\/\/aivlisoft.net\/shop\/wp-json\/wp\/v2\/product\/21650","targetHints":{"allow":["GET"]}}],"collection":[{"href":"https:\/\/aivlisoft.net\/shop\/wp-json\/wp\/v2\/product"}],"about":[{"href":"https:\/\/aivlisoft.net\/shop\/wp-json\/wp\/v2\/types\/product"}],"wp:featuredmedia":[{"embeddable":true,"href":"https:\/\/aivlisoft.net\/shop\/wp-json\/wp\/v2\/media\/21651"}],"wp:attachment":[{"href":"https:\/\/aivlisoft.net\/shop\/wp-json\/wp\/v2\/media?parent=21650"}],"wp:term":[{"taxonomy":"product_brand","embeddable":true,"href":"https:\/\/aivlisoft.net\/shop\/wp-json\/wp\/v2\/product_brand?post=21650"},{"taxonomy":"product_cat","embeddable":true,"href":"https:\/\/aivlisoft.net\/shop\/wp-json\/wp\/v2\/product_cat?post=21650"},{"taxonomy":"product_tag","embeddable":true,"href":"https:\/\/aivlisoft.net\/shop\/wp-json\/wp\/v2\/product_tag?post=21650"}],"curies":[{"name":"wp","href":"https:\/\/api.w.org\/{rel}","templated":true}]}}