{"id":21640,"date":"2025-01-13T15:56:34","date_gmt":"2025-01-13T15:56:34","guid":{"rendered":"https:\/\/aivlisoft.com\/?post_type=product&#038;p=21640"},"modified":"2025-01-14T19:47:37","modified_gmt":"2025-01-14T19:47:37","slug":"spc-3612b-telefono-office-id-2-lcd-blanco","status":"publish","type":"product","link":"https:\/\/aivlisoft.net\/shop\/producto\/spc-3612b-telefono-office-id-2-lcd-blanco\/","title":{"rendered":"SPC 3612B Telefono OFFICE ID 2 LCD Blanco"},"content":{"rendered":"<p><\/p>\n<table class=\"tabla_caracteristicas k-table\" width=\"100%\">\n<tr>\n<td><strong>Marca<\/strong><\/td>\n<td>SPC<\/td>\n<\/tr>\n<tr>\n<td><strong>Modelo<\/strong><\/td>\n<td><strong>3612B<\/strong><\/td>\n<\/tr>\n<tr>\t\t<\/tr>\n<tr>\n<td valign=\"top\"><strong>Caracter&iacute;sticas<\/strong><\/td>\n<td><strong>Pantalla<\/strong><br \/>\t\t\t&#8211; Pantalla iluminada: &Aacute;mbar<br \/>\t\t\t&#8211; Indicadores en pantalla: Tiempo de conversaci&oacute;n. Fecha. D&iacute;a de la semana. VIP<br \/>\t\t\t&#8211; Contraste: 5 niveles<br \/>\t\t\t<strong>Identificaci&oacute;n de llamada<\/strong><br \/>\t\t\t&#8211; Identificaci&oacute;n de llamada<br \/>\t\t\t&#8211; Listado de llamadas recibidas: 53<br \/>\t\t\t&#8211; Listado de llamadas realizadas: 16<br \/>\t\t\t<strong>Teclado y sonido<\/strong><br \/>\t\t\t&#8211; Mute \/ Silenciado del micr&oacute;fono<br \/>\t\t\t&#8211; Memorias directas: 4<br \/>\t\t\t&#8211; Memorias indirectas: 10<br \/>\t\t\t&#8211; Manos Libres<br \/>\t\t\t&#8211; Tecla R: Configurable (100 y 300 ms)<br \/>\t\t\t&#8211; Marcaci&oacute;n en colgado<br \/>\t\t\t&#8211; Rellamada al &uacute;ltimo n&uacute;mero marcado<br \/>\t\t\t&#8211; Melod&iacute;as de timbre: 24<br \/>\t\t\t&#8211; Indicador luminoso de timbre<br \/>\t\t\t&#8211; Indicador luminoso de en uso<br \/>\t\t\t&#8211; Niveles de volumen de timbre: 2 (Low\/High)<br \/>\t\t\t&#8211; Niveles de Volumen de manos libres: 2 (Low\/High)<br \/>\t\t\t<strong>Otros<\/strong><br \/>\t\t\t&#8211; Montaje: Sobremesa o mural<br \/>\t\t\t&#8211; Ajuste de fecha y hora<br \/>\t\t\t&#8211; Tipo de marcaci&oacute;n: Tonos o pulsos (T\/P)<br \/>\t\t\t&#8211; Conexi&oacute;n: RJ11 (para l&iacute;nea y extensi&oacute;n)<br \/>\t\t\t<strong>Dimensiones y peso<\/strong><br \/>\t\t\t&#8211; 215 x 170 x 85 mm<br \/>\t\t\t&#8211; 570 g<br \/>\t\t\t<strong>Contenido<\/strong><br \/>\t\t\t&#8211; Tel&eacute;fono<br \/>\t\t\t&#8211; Gu&iacute;a de usuario<br \/>\t\t\t&#8211; Cable de l&iacute;nea<\/td>\n<\/tr>\n<tr>\n<td><strong>Fecha de revisi&oacute;n<\/strong><\/td>\n<td>16-04-2024 por RTY<\/td>\n<\/tr>\n<\/table>\n","protected":false},"excerpt":{"rendered":"<p>Marca SPC Modelo 3612B Caracter&iacute;sticas Pantalla &#8211; Pantalla iluminada: &Aacute;mbar &#8211; Indicadores en pantalla: Tiempo de conversaci&oacute;n. Fecha. D&iacute;a de la semana. VIP &#8211; Contraste: 5 niveles Identificaci&oacute;n de llamada &#8211; Identificaci&oacute;n de llamada &#8211; Listado de llamadas recibidas: 53 &#8211; Listado de llamadas realizadas: 16 Teclado y sonido &#8211; Mute \/ Silenciado del micr&oacute;fono&hellip;&nbsp;<a href=\"https:\/\/aivlisoft.net\/shop\/producto\/spc-3612b-telefono-office-id-2-lcd-blanco\/\" rel=\"bookmark\"><span class=\"screen-reader-text\">SPC 3612B Telefono OFFICE ID 2 LCD Blanco<\/span><\/a><\/p>\n","protected":false},"featured_media":21641,"template":"","meta":{"neve_meta_sidebar":"","neve_meta_container":"","neve_meta_enable_content_width":"","neve_meta_content_width":0,"neve_meta_title_alignment":"","neve_meta_author_avatar":"","neve_post_elements_order":"","neve_meta_disable_header":"","neve_meta_disable_footer":"","neve_meta_disable_title":""},"product_brand":[],"product_cat":[15,7909],"product_tag":[7641],"class_list":{"0":"post-21640","1":"product","2":"type-product","3":"status-publish","4":"has-post-thumbnail","6":"product_cat-sin-categorizar","7":"product_cat-telefonia-ip","8":"product_tag-3612b","10":"first","11":"instock","12":"taxable","13":"shipping-taxable","14":"purchasable","15":"product-type-simple"},"yoast_head":"<!-- This site is optimized with the Yoast SEO plugin v26.0 - https:\/\/yoast.com\/wordpress\/plugins\/seo\/ -->\n<title>SPC 3612B Telefono OFFICE ID 2 LCD Blanco - Aivlisoft Inform\u00e1tica<\/title>\n<meta name=\"robots\" content=\"index, follow, max-snippet:-1, max-image-preview:large, max-video-preview:-1\" \/>\n<link rel=\"canonical\" href=\"https:\/\/aivlisoft.net\/shop\/producto\/spc-3612b-telefono-office-id-2-lcd-blanco\/\" \/>\n<meta property=\"og:locale\" content=\"es_ES\" \/>\n<meta property=\"og:type\" content=\"article\" \/>\n<meta property=\"og:title\" content=\"SPC 3612B Telefono OFFICE ID 2 LCD Blanco - Aivlisoft Inform\u00e1tica\" \/>\n<meta property=\"og:description\" content=\"Marca SPC Modelo 3612B Caracter&iacute;sticas Pantalla &#8211; Pantalla iluminada: &Aacute;mbar &#8211; Indicadores en pantalla: Tiempo de conversaci&oacute;n. Fecha. D&iacute;a de la semana. VIP &#8211; Contraste: 5 niveles Identificaci&oacute;n de llamada &#8211; Identificaci&oacute;n de llamada &#8211; Listado de llamadas recibidas: 53 &#8211; Listado de llamadas realizadas: 16 Teclado y sonido &#8211; Mute \/ Silenciado del micr&oacute;fono&hellip;&nbsp;SPC 3612B Telefono OFFICE ID 2 LCD Blanco\" \/>\n<meta property=\"og:url\" content=\"https:\/\/aivlisoft.net\/shop\/producto\/spc-3612b-telefono-office-id-2-lcd-blanco\/\" \/>\n<meta property=\"og:site_name\" content=\"Aivlisoft Inform\u00e1tica\" \/>\n<meta property=\"article:modified_time\" content=\"2025-01-14T19:47:37+00:00\" \/>\n<meta property=\"og:image\" content=\"https:\/\/aivlisoft.net\/shop\/wp-content\/uploads\/2025\/01\/NTETFI0058_800.jpg\" \/>\n\t<meta property=\"og:image:width\" content=\"800\" \/>\n\t<meta property=\"og:image:height\" content=\"800\" \/>\n\t<meta property=\"og:image:type\" content=\"image\/jpeg\" \/>\n<meta name=\"twitter:card\" content=\"summary_large_image\" \/>\n<meta name=\"twitter:label1\" content=\"Tiempo de lectura\" \/>\n\t<meta name=\"twitter:data1\" content=\"1 minuto\" \/>\n<script type=\"application\/ld+json\" class=\"yoast-schema-graph\">{\"@context\":\"https:\/\/schema.org\",\"@graph\":[{\"@type\":\"WebPage\",\"@id\":\"https:\/\/aivlisoft.net\/shop\/producto\/spc-3612b-telefono-office-id-2-lcd-blanco\/\",\"url\":\"https:\/\/aivlisoft.net\/shop\/producto\/spc-3612b-telefono-office-id-2-lcd-blanco\/\",\"name\":\"SPC 3612B Telefono OFFICE ID 2 LCD Blanco - Aivlisoft Inform\u00e1tica\",\"isPartOf\":{\"@id\":\"https:\/\/aivlisoft.net\/shop\/#website\"},\"primaryImageOfPage\":{\"@id\":\"https:\/\/aivlisoft.net\/shop\/producto\/spc-3612b-telefono-office-id-2-lcd-blanco\/#primaryimage\"},\"image\":{\"@id\":\"https:\/\/aivlisoft.net\/shop\/producto\/spc-3612b-telefono-office-id-2-lcd-blanco\/#primaryimage\"},\"thumbnailUrl\":\"https:\/\/aivlisoft.net\/shop\/wp-content\/uploads\/2025\/01\/NTETFI0058_800.jpg\",\"datePublished\":\"2025-01-13T15:56:34+00:00\",\"dateModified\":\"2025-01-14T19:47:37+00:00\",\"breadcrumb\":{\"@id\":\"https:\/\/aivlisoft.net\/shop\/producto\/spc-3612b-telefono-office-id-2-lcd-blanco\/#breadcrumb\"},\"inLanguage\":\"es\",\"potentialAction\":[{\"@type\":\"ReadAction\",\"target\":[\"https:\/\/aivlisoft.net\/shop\/producto\/spc-3612b-telefono-office-id-2-lcd-blanco\/\"]}]},{\"@type\":\"ImageObject\",\"inLanguage\":\"es\",\"@id\":\"https:\/\/aivlisoft.net\/shop\/producto\/spc-3612b-telefono-office-id-2-lcd-blanco\/#primaryimage\",\"url\":\"https:\/\/aivlisoft.net\/shop\/wp-content\/uploads\/2025\/01\/NTETFI0058_800.jpg\",\"contentUrl\":\"https:\/\/aivlisoft.net\/shop\/wp-content\/uploads\/2025\/01\/NTETFI0058_800.jpg\",\"width\":800,\"height\":800},{\"@type\":\"BreadcrumbList\",\"@id\":\"https:\/\/aivlisoft.net\/shop\/producto\/spc-3612b-telefono-office-id-2-lcd-blanco\/#breadcrumb\",\"itemListElement\":[{\"@type\":\"ListItem\",\"position\":1,\"name\":\"Portada\",\"item\":\"https:\/\/aivlisoft.net\/shop\/\"},{\"@type\":\"ListItem\",\"position\":2,\"name\":\"Tienda\",\"item\":\"https:\/\/aivlisoft.net\/shop\/tienda\/\"},{\"@type\":\"ListItem\",\"position\":3,\"name\":\"SPC 3612B Telefono OFFICE ID 2 LCD Blanco\"}]},{\"@type\":\"WebSite\",\"@id\":\"https:\/\/aivlisoft.net\/shop\/#website\",\"url\":\"https:\/\/aivlisoft.net\/shop\/\",\"name\":\"Aivlisoft Inform\u00e1tica\",\"description\":\"En Aivlisoft Inform\u00e1tica ofrecemos soluciones tecnol\u00f3gicas para empresas: venta de ordenadores, consumibles, perif\u00e9ricos y m\u00e1s. Calidad, atenci\u00f3n personalizada y los mejores precios para tu negocio.\",\"publisher\":{\"@id\":\"https:\/\/aivlisoft.net\/shop\/#organization\"},\"potentialAction\":[{\"@type\":\"SearchAction\",\"target\":{\"@type\":\"EntryPoint\",\"urlTemplate\":\"https:\/\/aivlisoft.net\/shop\/?s={search_term_string}\"},\"query-input\":{\"@type\":\"PropertyValueSpecification\",\"valueRequired\":true,\"valueName\":\"search_term_string\"}}],\"inLanguage\":\"es\"},{\"@type\":\"Organization\",\"@id\":\"https:\/\/aivlisoft.net\/shop\/#organization\",\"name\":\"Aivlisoft Inform\u00e1tica\",\"url\":\"https:\/\/aivlisoft.net\/shop\/\",\"logo\":{\"@type\":\"ImageObject\",\"inLanguage\":\"es\",\"@id\":\"https:\/\/aivlisoft.net\/shop\/#\/schema\/logo\/image\/\",\"url\":\"https:\/\/aivlisoft.net\/shop\/wp-content\/uploads\/2024\/12\/removal.ai_5b848c54-0cdf-4140-95c5-c5536bb7573b-logodef.png\",\"contentUrl\":\"https:\/\/aivlisoft.net\/shop\/wp-content\/uploads\/2024\/12\/removal.ai_5b848c54-0cdf-4140-95c5-c5536bb7573b-logodef.png\",\"width\":484,\"height\":182,\"caption\":\"Aivlisoft Inform\u00e1tica\"},\"image\":{\"@id\":\"https:\/\/aivlisoft.net\/shop\/#\/schema\/logo\/image\/\"}}]}<\/script>\n<!-- \/ Yoast SEO plugin. -->","yoast_head_json":{"title":"SPC 3612B Telefono OFFICE ID 2 LCD Blanco - Aivlisoft Inform\u00e1tica","robots":{"index":"index","follow":"follow","max-snippet":"max-snippet:-1","max-image-preview":"max-image-preview:large","max-video-preview":"max-video-preview:-1"},"canonical":"https:\/\/aivlisoft.net\/shop\/producto\/spc-3612b-telefono-office-id-2-lcd-blanco\/","og_locale":"es_ES","og_type":"article","og_title":"SPC 3612B Telefono OFFICE ID 2 LCD Blanco - Aivlisoft Inform\u00e1tica","og_description":"Marca SPC Modelo 3612B Caracter&iacute;sticas Pantalla &#8211; Pantalla iluminada: &Aacute;mbar &#8211; Indicadores en pantalla: Tiempo de conversaci&oacute;n. Fecha. D&iacute;a de la semana. VIP &#8211; Contraste: 5 niveles Identificaci&oacute;n de llamada &#8211; Identificaci&oacute;n de llamada &#8211; Listado de llamadas recibidas: 53 &#8211; Listado de llamadas realizadas: 16 Teclado y sonido &#8211; Mute \/ Silenciado del micr&oacute;fono&hellip;&nbsp;SPC 3612B Telefono OFFICE ID 2 LCD Blanco","og_url":"https:\/\/aivlisoft.net\/shop\/producto\/spc-3612b-telefono-office-id-2-lcd-blanco\/","og_site_name":"Aivlisoft Inform\u00e1tica","article_modified_time":"2025-01-14T19:47:37+00:00","og_image":[{"width":800,"height":800,"url":"https:\/\/aivlisoft.net\/shop\/wp-content\/uploads\/2025\/01\/NTETFI0058_800.jpg","type":"image\/jpeg"}],"twitter_card":"summary_large_image","twitter_misc":{"Tiempo de lectura":"1 minuto"},"schema":{"@context":"https:\/\/schema.org","@graph":[{"@type":"WebPage","@id":"https:\/\/aivlisoft.net\/shop\/producto\/spc-3612b-telefono-office-id-2-lcd-blanco\/","url":"https:\/\/aivlisoft.net\/shop\/producto\/spc-3612b-telefono-office-id-2-lcd-blanco\/","name":"SPC 3612B Telefono OFFICE ID 2 LCD Blanco - Aivlisoft Inform\u00e1tica","isPartOf":{"@id":"https:\/\/aivlisoft.net\/shop\/#website"},"primaryImageOfPage":{"@id":"https:\/\/aivlisoft.net\/shop\/producto\/spc-3612b-telefono-office-id-2-lcd-blanco\/#primaryimage"},"image":{"@id":"https:\/\/aivlisoft.net\/shop\/producto\/spc-3612b-telefono-office-id-2-lcd-blanco\/#primaryimage"},"thumbnailUrl":"https:\/\/aivlisoft.net\/shop\/wp-content\/uploads\/2025\/01\/NTETFI0058_800.jpg","datePublished":"2025-01-13T15:56:34+00:00","dateModified":"2025-01-14T19:47:37+00:00","breadcrumb":{"@id":"https:\/\/aivlisoft.net\/shop\/producto\/spc-3612b-telefono-office-id-2-lcd-blanco\/#breadcrumb"},"inLanguage":"es","potentialAction":[{"@type":"ReadAction","target":["https:\/\/aivlisoft.net\/shop\/producto\/spc-3612b-telefono-office-id-2-lcd-blanco\/"]}]},{"@type":"ImageObject","inLanguage":"es","@id":"https:\/\/aivlisoft.net\/shop\/producto\/spc-3612b-telefono-office-id-2-lcd-blanco\/#primaryimage","url":"https:\/\/aivlisoft.net\/shop\/wp-content\/uploads\/2025\/01\/NTETFI0058_800.jpg","contentUrl":"https:\/\/aivlisoft.net\/shop\/wp-content\/uploads\/2025\/01\/NTETFI0058_800.jpg","width":800,"height":800},{"@type":"BreadcrumbList","@id":"https:\/\/aivlisoft.net\/shop\/producto\/spc-3612b-telefono-office-id-2-lcd-blanco\/#breadcrumb","itemListElement":[{"@type":"ListItem","position":1,"name":"Portada","item":"https:\/\/aivlisoft.net\/shop\/"},{"@type":"ListItem","position":2,"name":"Tienda","item":"https:\/\/aivlisoft.net\/shop\/tienda\/"},{"@type":"ListItem","position":3,"name":"SPC 3612B Telefono OFFICE ID 2 LCD Blanco"}]},{"@type":"WebSite","@id":"https:\/\/aivlisoft.net\/shop\/#website","url":"https:\/\/aivlisoft.net\/shop\/","name":"Aivlisoft Inform\u00e1tica","description":"En Aivlisoft Inform\u00e1tica ofrecemos soluciones tecnol\u00f3gicas para empresas: venta de ordenadores, consumibles, perif\u00e9ricos y m\u00e1s. Calidad, atenci\u00f3n personalizada y los mejores precios para tu negocio.","publisher":{"@id":"https:\/\/aivlisoft.net\/shop\/#organization"},"potentialAction":[{"@type":"SearchAction","target":{"@type":"EntryPoint","urlTemplate":"https:\/\/aivlisoft.net\/shop\/?s={search_term_string}"},"query-input":{"@type":"PropertyValueSpecification","valueRequired":true,"valueName":"search_term_string"}}],"inLanguage":"es"},{"@type":"Organization","@id":"https:\/\/aivlisoft.net\/shop\/#organization","name":"Aivlisoft Inform\u00e1tica","url":"https:\/\/aivlisoft.net\/shop\/","logo":{"@type":"ImageObject","inLanguage":"es","@id":"https:\/\/aivlisoft.net\/shop\/#\/schema\/logo\/image\/","url":"https:\/\/aivlisoft.net\/shop\/wp-content\/uploads\/2024\/12\/removal.ai_5b848c54-0cdf-4140-95c5-c5536bb7573b-logodef.png","contentUrl":"https:\/\/aivlisoft.net\/shop\/wp-content\/uploads\/2024\/12\/removal.ai_5b848c54-0cdf-4140-95c5-c5536bb7573b-logodef.png","width":484,"height":182,"caption":"Aivlisoft Inform\u00e1tica"},"image":{"@id":"https:\/\/aivlisoft.net\/shop\/#\/schema\/logo\/image\/"}}]}},"_links":{"self":[{"href":"https:\/\/aivlisoft.net\/shop\/wp-json\/wp\/v2\/product\/21640","targetHints":{"allow":["GET"]}}],"collection":[{"href":"https:\/\/aivlisoft.net\/shop\/wp-json\/wp\/v2\/product"}],"about":[{"href":"https:\/\/aivlisoft.net\/shop\/wp-json\/wp\/v2\/types\/product"}],"wp:featuredmedia":[{"embeddable":true,"href":"https:\/\/aivlisoft.net\/shop\/wp-json\/wp\/v2\/media\/21641"}],"wp:attachment":[{"href":"https:\/\/aivlisoft.net\/shop\/wp-json\/wp\/v2\/media?parent=21640"}],"wp:term":[{"taxonomy":"product_brand","embeddable":true,"href":"https:\/\/aivlisoft.net\/shop\/wp-json\/wp\/v2\/product_brand?post=21640"},{"taxonomy":"product_cat","embeddable":true,"href":"https:\/\/aivlisoft.net\/shop\/wp-json\/wp\/v2\/product_cat?post=21640"},{"taxonomy":"product_tag","embeddable":true,"href":"https:\/\/aivlisoft.net\/shop\/wp-json\/wp\/v2\/product_tag?post=21640"}],"curies":[{"name":"wp","href":"https:\/\/api.w.org\/{rel}","templated":true}]}}