{"id":21610,"date":"2025-01-13T15:56:09","date_gmt":"2025-01-13T15:56:09","guid":{"rendered":"https:\/\/aivlisoft.com\/?post_type=product&#038;p=21610"},"modified":"2025-01-14T19:49:49","modified_gmt":"2025-01-14T19:49:49","slug":"motorola-fw200l-telefono-gsm-ml-id-lcd-negro","status":"publish","type":"product","link":"https:\/\/aivlisoft.net\/shop\/producto\/motorola-fw200l-telefono-gsm-ml-id-lcd-negro\/","title":{"rendered":"MOTOROLA FW200L Telefono GSM ML ID LCD Negro"},"content":{"rendered":"<p>Motorola FW200L es el Tel&eacute;fono Fijo Inal&aacute;mbrico perfecto para la comunicaci&oacute;n residencial y de negocio. Las casas, oficinas y otras &aacute;reas que carecen de infraestructura de comunicaci&oacute;n fija, o residentes y negocios que les gustar&iacute;a quitar o reducir el n&uacute;mero de l&iacute;neas, se beneficiar&aacute;n de la existencia de a red GSM.<\/p>\n<table class=\"tabla_caracteristicas k-table\" width=\"100%\">\n<tbody>\n<tr>\n<td valign=\"top\"><strong>Marca<\/strong><\/td>\n<td>Motorola<\/td>\n<\/tr>\n<tr>\n<td valign=\"top\"><strong>Modelo<\/strong><\/td>\n<td valign=\"top\"><strong><\/strong><strong>E98000N07B1AES03<\/strong><\/td>\n<\/tr>\n<tr>\n<td valign=\"top\"><strong>Caracter&iacute;sticas<\/strong><\/td>\n<td><strong><\/strong><strong>General<\/strong><br \/>&#8211; Cu&aacute;druple banda GSM (850 \/ 900 \/ 1800 \/ 1900MHz)<br \/>&#8211; Antena ajustable<br \/>&#8211; Bloqueo de sim y tel&eacute;fono<br \/>&#8211; Bloqueo de pantalla<br \/>&#8211; Formatear fecha y hora<br \/>&#8211; Modo MUTE<br \/>&#8211; Indicador del nivel de bater&iacute;a<br \/><strong>Pantalla y caracter&iacute;sticas del men&uacute;<\/strong><br \/>&#8211; Pantalla retroiluminada en blanco y negro de 2.2 pulgadas<br \/>&#8211; Pantalla retroiluminada brillante<br \/>&#8211; Men&uacute; dirigido por iconos<br \/>&#8211; Reloj \/ Alarma<br \/>&#8211; Cron&oacute;metro de duraci&oacute;n de llamada<br \/>&#8211; 10 idiomas disponibles<br \/><strong>Sonido \/ Audio<\/strong><br \/>&#8211; Altavoz manos libres<br \/>&#8211; 20 melod&iacute;as ( a elegir por el usuario)<br \/>&#8211; Ajuste de volumen &#8211; 8 niveles<br \/>&#8211; Volumen del auricular del tel&eacute;fono &#8211; 8 niveles<br \/>&#8211; Tono de teclado on\/off<br \/><strong>Llamadas<\/strong><br \/>&#8211; Agenda para 1000 nombres y n&uacute;meros (FW200L base)<br \/>&#8211; Directorio telef&oacute;nico SIM <br \/>&#8211; Aparecen los nombres de la agenda en las llamadas entrantes<br \/>&#8211; Identificaci&oacute;n de llamadas<br \/>&#8211; 20 llamadas perdidas<br \/>&#8211; D&iacute;a y hora de la lista de llamadas<br \/>&#8211; Memorias de rellamada &#8211; 20 entradas<br \/>&#8211; Copiar identificaci&oacute;n de n&uacute;mero entrante a la agenda<br \/>&#8211; Copiar n&uacute;mero en memoria de rellamada a la agenda<br \/>&#8211; Pre-marcaci&oacute;n posible<br \/>&#8211; El modo conferencia con llamada a tres es posible pero depender&aacute; de la tarjeta SIM<br \/>&#8211; Longitud m&aacute;xima de nombre en agenda &#8211; 20 caracteres<br \/>&#8211; Longitud del n&uacute;mero de tel&eacute;fono-40 digitos<br \/><strong>Energ&iacute;a<\/strong><br \/>&#8211; Paquete de 3 bater&iacute;as de 550 mAh Ni-MH<br \/>&#8211; Advertencia de bater&iacute;a baja en modo de espera y conversaci&oacute;n<br \/>&#8211; Tiempo de conversaci&oacute;n y tiempo de espera &#8211; hasta 8 horas \/ 7 d&iacute;as<br \/>&#8211; Copia de seguridad de la bater&iacute;a (bater&iacute;a de larga duraci&oacute;n)<br \/><strong>SMS<\/strong><br \/>&#8211; En la tarjeta SIM <br \/>&#8211; Hasta 200 (FW200L base)<br \/>&#8211; Mensaje largo <br \/>&#8211; Buz&oacute;n de mensajes: La bandeja de entrada, la bandeja de salida, los mensajes enviados y los borradores &nbsp;<br \/><strong>Funciones relacionadas con la red<\/strong><br \/>&#8211; Codificador de voz: HR \/ FR \/ EFR \/ AMR<br \/>&#8211; Selecci&oacute;n de red: auto \/ manual<br \/>&#8211; Red registrada<br \/>&#8211; Desv&iacute;o de llamadas<br \/>&#8211; Llamada en espera<br \/>&#8211; Bloqueo de llamadas<br \/>&#8211; Retenci&oacute;n de llamadas<br \/>&#8211; N&uacute;mero de marcaci&oacute;n fija<br \/>&#8211; Identificaci&oacute;n de la Llamada Telef&oacute;nica Restricci&oacute;n Complementaria<br \/>&#8211; Servicio (CLIR)<br \/>&#8211; Identificaci&oacute;n de la Llamada Telef&oacute;nica Presentaci&oacute;n Servicio (CLIP)<\/td>\n<\/tr>\n<tr>\n<td valign=\"top\"><strong>Fecha de revisi&oacute;n<\/strong><\/td>\n<td>10-09-2018 por AVN<\/td>\n<\/tr>\n<\/tbody>\n<\/table>\n","protected":false},"excerpt":{"rendered":"<p>Motorola FW200L es el Tel&eacute;fono Fijo Inal&aacute;mbrico perfecto para la comunicaci&oacute;n residencial y de negocio. Las casas, oficinas y otras &aacute;reas que carecen de infraestructura de comunicaci&oacute;n fija, o residentes y negocios que les gustar&iacute;a quitar o reducir el n&uacute;mero de l&iacute;neas, se beneficiar&aacute;n de la existencia de a red GSM. Marca Motorola Modelo E98000N07B1AES03&hellip;&nbsp;<a href=\"https:\/\/aivlisoft.net\/shop\/producto\/motorola-fw200l-telefono-gsm-ml-id-lcd-negro\/\" rel=\"bookmark\"><span class=\"screen-reader-text\">MOTOROLA FW200L Telefono GSM ML ID LCD Negro<\/span><\/a><\/p>\n","protected":false},"featured_media":21611,"template":"","meta":{"neve_meta_sidebar":"","neve_meta_container":"","neve_meta_enable_content_width":"","neve_meta_content_width":0,"neve_meta_title_alignment":"","neve_meta_author_avatar":"","neve_post_elements_order":"","neve_meta_disable_header":"","neve_meta_disable_footer":"","neve_meta_disable_title":""},"product_brand":[],"product_cat":[15,7909],"product_tag":[7626],"class_list":{"0":"post-21610","1":"product","2":"type-product","3":"status-publish","4":"has-post-thumbnail","6":"product_cat-sin-categorizar","7":"product_cat-telefonia-ip","8":"product_tag-e98000n07b1aes03","10":"first","11":"instock","12":"taxable","13":"shipping-taxable","14":"purchasable","15":"product-type-simple"},"yoast_head":"<!-- This site is optimized with the Yoast SEO plugin v26.0 - https:\/\/yoast.com\/wordpress\/plugins\/seo\/ -->\n<title>MOTOROLA FW200L Telefono GSM ML ID LCD Negro - Aivlisoft Inform\u00e1tica<\/title>\n<meta name=\"robots\" content=\"index, follow, max-snippet:-1, max-image-preview:large, max-video-preview:-1\" \/>\n<link rel=\"canonical\" href=\"https:\/\/aivlisoft.net\/shop\/producto\/motorola-fw200l-telefono-gsm-ml-id-lcd-negro\/\" \/>\n<meta property=\"og:locale\" content=\"es_ES\" \/>\n<meta property=\"og:type\" content=\"article\" \/>\n<meta property=\"og:title\" content=\"MOTOROLA FW200L Telefono GSM ML ID LCD Negro - Aivlisoft Inform\u00e1tica\" \/>\n<meta property=\"og:description\" content=\"Motorola FW200L es el Tel&eacute;fono Fijo Inal&aacute;mbrico perfecto para la comunicaci&oacute;n residencial y de negocio. Las casas, oficinas y otras &aacute;reas que carecen de infraestructura de comunicaci&oacute;n fija, o residentes y negocios que les gustar&iacute;a quitar o reducir el n&uacute;mero de l&iacute;neas, se beneficiar&aacute;n de la existencia de a red GSM. Marca Motorola Modelo E98000N07B1AES03&hellip;&nbsp;MOTOROLA FW200L Telefono GSM ML ID LCD Negro\" \/>\n<meta property=\"og:url\" content=\"https:\/\/aivlisoft.net\/shop\/producto\/motorola-fw200l-telefono-gsm-ml-id-lcd-negro\/\" \/>\n<meta property=\"og:site_name\" content=\"Aivlisoft Inform\u00e1tica\" \/>\n<meta property=\"article:modified_time\" content=\"2025-01-14T19:49:49+00:00\" \/>\n<meta property=\"og:image\" content=\"https:\/\/aivlisoft.net\/shop\/wp-content\/uploads\/2025\/01\/NTETFI0039_800.jpg\" \/>\n\t<meta property=\"og:image:width\" content=\"800\" \/>\n\t<meta property=\"og:image:height\" content=\"800\" \/>\n\t<meta property=\"og:image:type\" content=\"image\/jpeg\" \/>\n<meta name=\"twitter:card\" content=\"summary_large_image\" \/>\n<meta name=\"twitter:label1\" content=\"Tiempo de lectura\" \/>\n\t<meta name=\"twitter:data1\" content=\"2 minutos\" \/>\n<script type=\"application\/ld+json\" class=\"yoast-schema-graph\">{\"@context\":\"https:\/\/schema.org\",\"@graph\":[{\"@type\":\"WebPage\",\"@id\":\"https:\/\/aivlisoft.net\/shop\/producto\/motorola-fw200l-telefono-gsm-ml-id-lcd-negro\/\",\"url\":\"https:\/\/aivlisoft.net\/shop\/producto\/motorola-fw200l-telefono-gsm-ml-id-lcd-negro\/\",\"name\":\"MOTOROLA FW200L Telefono GSM ML ID LCD Negro - Aivlisoft Inform\u00e1tica\",\"isPartOf\":{\"@id\":\"https:\/\/aivlisoft.net\/shop\/#website\"},\"primaryImageOfPage\":{\"@id\":\"https:\/\/aivlisoft.net\/shop\/producto\/motorola-fw200l-telefono-gsm-ml-id-lcd-negro\/#primaryimage\"},\"image\":{\"@id\":\"https:\/\/aivlisoft.net\/shop\/producto\/motorola-fw200l-telefono-gsm-ml-id-lcd-negro\/#primaryimage\"},\"thumbnailUrl\":\"https:\/\/aivlisoft.net\/shop\/wp-content\/uploads\/2025\/01\/NTETFI0039_800.jpg\",\"datePublished\":\"2025-01-13T15:56:09+00:00\",\"dateModified\":\"2025-01-14T19:49:49+00:00\",\"breadcrumb\":{\"@id\":\"https:\/\/aivlisoft.net\/shop\/producto\/motorola-fw200l-telefono-gsm-ml-id-lcd-negro\/#breadcrumb\"},\"inLanguage\":\"es\",\"potentialAction\":[{\"@type\":\"ReadAction\",\"target\":[\"https:\/\/aivlisoft.net\/shop\/producto\/motorola-fw200l-telefono-gsm-ml-id-lcd-negro\/\"]}]},{\"@type\":\"ImageObject\",\"inLanguage\":\"es\",\"@id\":\"https:\/\/aivlisoft.net\/shop\/producto\/motorola-fw200l-telefono-gsm-ml-id-lcd-negro\/#primaryimage\",\"url\":\"https:\/\/aivlisoft.net\/shop\/wp-content\/uploads\/2025\/01\/NTETFI0039_800.jpg\",\"contentUrl\":\"https:\/\/aivlisoft.net\/shop\/wp-content\/uploads\/2025\/01\/NTETFI0039_800.jpg\",\"width\":800,\"height\":800},{\"@type\":\"BreadcrumbList\",\"@id\":\"https:\/\/aivlisoft.net\/shop\/producto\/motorola-fw200l-telefono-gsm-ml-id-lcd-negro\/#breadcrumb\",\"itemListElement\":[{\"@type\":\"ListItem\",\"position\":1,\"name\":\"Portada\",\"item\":\"https:\/\/aivlisoft.net\/shop\/\"},{\"@type\":\"ListItem\",\"position\":2,\"name\":\"Tienda\",\"item\":\"https:\/\/aivlisoft.net\/shop\/tienda\/\"},{\"@type\":\"ListItem\",\"position\":3,\"name\":\"MOTOROLA FW200L Telefono GSM ML ID LCD Negro\"}]},{\"@type\":\"WebSite\",\"@id\":\"https:\/\/aivlisoft.net\/shop\/#website\",\"url\":\"https:\/\/aivlisoft.net\/shop\/\",\"name\":\"Aivlisoft Inform\u00e1tica\",\"description\":\"En Aivlisoft Inform\u00e1tica ofrecemos soluciones tecnol\u00f3gicas para empresas: venta de ordenadores, consumibles, perif\u00e9ricos y m\u00e1s. Calidad, atenci\u00f3n personalizada y los mejores precios para tu negocio.\",\"publisher\":{\"@id\":\"https:\/\/aivlisoft.net\/shop\/#organization\"},\"potentialAction\":[{\"@type\":\"SearchAction\",\"target\":{\"@type\":\"EntryPoint\",\"urlTemplate\":\"https:\/\/aivlisoft.net\/shop\/?s={search_term_string}\"},\"query-input\":{\"@type\":\"PropertyValueSpecification\",\"valueRequired\":true,\"valueName\":\"search_term_string\"}}],\"inLanguage\":\"es\"},{\"@type\":\"Organization\",\"@id\":\"https:\/\/aivlisoft.net\/shop\/#organization\",\"name\":\"Aivlisoft Inform\u00e1tica\",\"url\":\"https:\/\/aivlisoft.net\/shop\/\",\"logo\":{\"@type\":\"ImageObject\",\"inLanguage\":\"es\",\"@id\":\"https:\/\/aivlisoft.net\/shop\/#\/schema\/logo\/image\/\",\"url\":\"https:\/\/aivlisoft.net\/shop\/wp-content\/uploads\/2024\/12\/removal.ai_5b848c54-0cdf-4140-95c5-c5536bb7573b-logodef.png\",\"contentUrl\":\"https:\/\/aivlisoft.net\/shop\/wp-content\/uploads\/2024\/12\/removal.ai_5b848c54-0cdf-4140-95c5-c5536bb7573b-logodef.png\",\"width\":484,\"height\":182,\"caption\":\"Aivlisoft Inform\u00e1tica\"},\"image\":{\"@id\":\"https:\/\/aivlisoft.net\/shop\/#\/schema\/logo\/image\/\"}}]}<\/script>\n<!-- \/ Yoast SEO plugin. -->","yoast_head_json":{"title":"MOTOROLA FW200L Telefono GSM ML ID LCD Negro - Aivlisoft Inform\u00e1tica","robots":{"index":"index","follow":"follow","max-snippet":"max-snippet:-1","max-image-preview":"max-image-preview:large","max-video-preview":"max-video-preview:-1"},"canonical":"https:\/\/aivlisoft.net\/shop\/producto\/motorola-fw200l-telefono-gsm-ml-id-lcd-negro\/","og_locale":"es_ES","og_type":"article","og_title":"MOTOROLA FW200L Telefono GSM ML ID LCD Negro - Aivlisoft Inform\u00e1tica","og_description":"Motorola FW200L es el Tel&eacute;fono Fijo Inal&aacute;mbrico perfecto para la comunicaci&oacute;n residencial y de negocio. Las casas, oficinas y otras &aacute;reas que carecen de infraestructura de comunicaci&oacute;n fija, o residentes y negocios que les gustar&iacute;a quitar o reducir el n&uacute;mero de l&iacute;neas, se beneficiar&aacute;n de la existencia de a red GSM. Marca Motorola Modelo E98000N07B1AES03&hellip;&nbsp;MOTOROLA FW200L Telefono GSM ML ID LCD Negro","og_url":"https:\/\/aivlisoft.net\/shop\/producto\/motorola-fw200l-telefono-gsm-ml-id-lcd-negro\/","og_site_name":"Aivlisoft Inform\u00e1tica","article_modified_time":"2025-01-14T19:49:49+00:00","og_image":[{"width":800,"height":800,"url":"https:\/\/aivlisoft.net\/shop\/wp-content\/uploads\/2025\/01\/NTETFI0039_800.jpg","type":"image\/jpeg"}],"twitter_card":"summary_large_image","twitter_misc":{"Tiempo de lectura":"2 minutos"},"schema":{"@context":"https:\/\/schema.org","@graph":[{"@type":"WebPage","@id":"https:\/\/aivlisoft.net\/shop\/producto\/motorola-fw200l-telefono-gsm-ml-id-lcd-negro\/","url":"https:\/\/aivlisoft.net\/shop\/producto\/motorola-fw200l-telefono-gsm-ml-id-lcd-negro\/","name":"MOTOROLA FW200L Telefono GSM ML ID LCD Negro - Aivlisoft Inform\u00e1tica","isPartOf":{"@id":"https:\/\/aivlisoft.net\/shop\/#website"},"primaryImageOfPage":{"@id":"https:\/\/aivlisoft.net\/shop\/producto\/motorola-fw200l-telefono-gsm-ml-id-lcd-negro\/#primaryimage"},"image":{"@id":"https:\/\/aivlisoft.net\/shop\/producto\/motorola-fw200l-telefono-gsm-ml-id-lcd-negro\/#primaryimage"},"thumbnailUrl":"https:\/\/aivlisoft.net\/shop\/wp-content\/uploads\/2025\/01\/NTETFI0039_800.jpg","datePublished":"2025-01-13T15:56:09+00:00","dateModified":"2025-01-14T19:49:49+00:00","breadcrumb":{"@id":"https:\/\/aivlisoft.net\/shop\/producto\/motorola-fw200l-telefono-gsm-ml-id-lcd-negro\/#breadcrumb"},"inLanguage":"es","potentialAction":[{"@type":"ReadAction","target":["https:\/\/aivlisoft.net\/shop\/producto\/motorola-fw200l-telefono-gsm-ml-id-lcd-negro\/"]}]},{"@type":"ImageObject","inLanguage":"es","@id":"https:\/\/aivlisoft.net\/shop\/producto\/motorola-fw200l-telefono-gsm-ml-id-lcd-negro\/#primaryimage","url":"https:\/\/aivlisoft.net\/shop\/wp-content\/uploads\/2025\/01\/NTETFI0039_800.jpg","contentUrl":"https:\/\/aivlisoft.net\/shop\/wp-content\/uploads\/2025\/01\/NTETFI0039_800.jpg","width":800,"height":800},{"@type":"BreadcrumbList","@id":"https:\/\/aivlisoft.net\/shop\/producto\/motorola-fw200l-telefono-gsm-ml-id-lcd-negro\/#breadcrumb","itemListElement":[{"@type":"ListItem","position":1,"name":"Portada","item":"https:\/\/aivlisoft.net\/shop\/"},{"@type":"ListItem","position":2,"name":"Tienda","item":"https:\/\/aivlisoft.net\/shop\/tienda\/"},{"@type":"ListItem","position":3,"name":"MOTOROLA FW200L Telefono GSM ML ID LCD Negro"}]},{"@type":"WebSite","@id":"https:\/\/aivlisoft.net\/shop\/#website","url":"https:\/\/aivlisoft.net\/shop\/","name":"Aivlisoft Inform\u00e1tica","description":"En Aivlisoft Inform\u00e1tica ofrecemos soluciones tecnol\u00f3gicas para empresas: venta de ordenadores, consumibles, perif\u00e9ricos y m\u00e1s. Calidad, atenci\u00f3n personalizada y los mejores precios para tu negocio.","publisher":{"@id":"https:\/\/aivlisoft.net\/shop\/#organization"},"potentialAction":[{"@type":"SearchAction","target":{"@type":"EntryPoint","urlTemplate":"https:\/\/aivlisoft.net\/shop\/?s={search_term_string}"},"query-input":{"@type":"PropertyValueSpecification","valueRequired":true,"valueName":"search_term_string"}}],"inLanguage":"es"},{"@type":"Organization","@id":"https:\/\/aivlisoft.net\/shop\/#organization","name":"Aivlisoft Inform\u00e1tica","url":"https:\/\/aivlisoft.net\/shop\/","logo":{"@type":"ImageObject","inLanguage":"es","@id":"https:\/\/aivlisoft.net\/shop\/#\/schema\/logo\/image\/","url":"https:\/\/aivlisoft.net\/shop\/wp-content\/uploads\/2024\/12\/removal.ai_5b848c54-0cdf-4140-95c5-c5536bb7573b-logodef.png","contentUrl":"https:\/\/aivlisoft.net\/shop\/wp-content\/uploads\/2024\/12\/removal.ai_5b848c54-0cdf-4140-95c5-c5536bb7573b-logodef.png","width":484,"height":182,"caption":"Aivlisoft Inform\u00e1tica"},"image":{"@id":"https:\/\/aivlisoft.net\/shop\/#\/schema\/logo\/image\/"}}]}},"_links":{"self":[{"href":"https:\/\/aivlisoft.net\/shop\/wp-json\/wp\/v2\/product\/21610","targetHints":{"allow":["GET"]}}],"collection":[{"href":"https:\/\/aivlisoft.net\/shop\/wp-json\/wp\/v2\/product"}],"about":[{"href":"https:\/\/aivlisoft.net\/shop\/wp-json\/wp\/v2\/types\/product"}],"wp:featuredmedia":[{"embeddable":true,"href":"https:\/\/aivlisoft.net\/shop\/wp-json\/wp\/v2\/media\/21611"}],"wp:attachment":[{"href":"https:\/\/aivlisoft.net\/shop\/wp-json\/wp\/v2\/media?parent=21610"}],"wp:term":[{"taxonomy":"product_brand","embeddable":true,"href":"https:\/\/aivlisoft.net\/shop\/wp-json\/wp\/v2\/product_brand?post=21610"},{"taxonomy":"product_cat","embeddable":true,"href":"https:\/\/aivlisoft.net\/shop\/wp-json\/wp\/v2\/product_cat?post=21610"},{"taxonomy":"product_tag","embeddable":true,"href":"https:\/\/aivlisoft.net\/shop\/wp-json\/wp\/v2\/product_tag?post=21610"}],"curies":[{"name":"wp","href":"https:\/\/api.w.org\/{rel}","templated":true}]}}