{"id":21592,"date":"2025-01-13T15:55:57","date_gmt":"2025-01-13T15:55:57","guid":{"rendered":"https:\/\/aivlisoft.com\/?post_type=product&#038;p=21592"},"modified":"2025-01-14T19:49:53","modified_gmt":"2025-01-14T19:49:53","slug":"spc-3604n-telefono-office-pro-7m-ml-id-lcd-negro","status":"publish","type":"product","link":"https:\/\/aivlisoft.net\/shop\/producto\/spc-3604n-telefono-office-pro-7m-ml-id-lcd-negro\/","title":{"rendered":"SPC 3604N Telefono OFFICE PRO 7M ML ID LCD Negro"},"content":{"rendered":"<p><\/p>\n<table class=\"tabla_caracteristicas k-table\" width=\"100%\">\n<tbody>\n<tr>\n<td valign=\"top\"><strong>Marca<\/strong><\/td>\n<td>SPC<\/td>\n<\/tr>\n<tr>\n<td valign=\"top\"><strong>Modelo<\/strong><\/td>\n<td><strong>3604N<\/strong><\/td>\n<\/tr>\n<tr>\n<td valign=\"top\"><strong>Caracter&iacute;sticas<\/strong><\/td>\n<td>&#8211; 7 Memorias directas<br \/>&#8211; Manos Libres<br \/>&#8211; Pantalla iluminada<br \/>&#8211; Listado de llamadas recibidas: 99 posiciones<br \/>&#8211; Listado de llamadas realizadas: 18 posiciones<br \/>&#8211; Rellamada al &uacute;ltimo n&uacute;mero marcado<br \/>&#8211; Luz de color azul en pantalla<br \/>&#8211; Incluye calendario, fecha y hora<br \/>&#8211; Ajuste del contraste de la pantalla<br \/>&#8211; Indicador luminoso de &ldquo;en uso&rdquo;<br \/>&#8211; Indicador de llamadas nuevas y repetidas<br \/>&#8211; Indicador de pilas agotadas<br \/>&#8211; Marcaci&oacute;n en colgado<br \/>&#8211; Mute \/ Silenciado del micr&oacute;fono<br \/>&#8211; Tecla R configurable<br \/>&#8211; Ajuste del volumen de manos libres<br \/>&#8211; Ajuste del volumen de timbre<br \/>&#8211; 9 tonos-melod&iacute;as de timbre diferentes<br \/>&#8211; 5 niveles de timbre<br \/>&#8211; Funci&oacute;n no molesten (timbre apagado)<br \/>&#8211; Alto: 100 mm.<br \/>&#8211; Ancho: 176 mm.<br \/>&#8211; Fondo: 220 mm.<br \/>&#8211; Peso: 692 g.<br \/>&#8211; Marcaci&oacute;n por Tonos o Pulsos<br \/>&#8211; Funci&oacute;n calculadora<br \/>&#8211; 5 alarmas-despertador<br \/>&#8211; Ajuste de fecha y hora<br \/>&#8211; Sobremesa y mural<\/td>\n<\/tr>\n<tr>\n<td valign=\"top\"><strong>Fecha de revisi&oacute;n<\/strong><\/td>\n<td>24-12-2020 por MPM<\/td>\n<\/tr>\n<\/tbody>\n<\/table>\n","protected":false},"excerpt":{"rendered":"<p>Marca SPC Modelo 3604N Caracter&iacute;sticas &#8211; 7 Memorias directas&#8211; Manos Libres&#8211; Pantalla iluminada&#8211; Listado de llamadas recibidas: 99 posiciones&#8211; Listado de llamadas realizadas: 18 posiciones&#8211; Rellamada al &uacute;ltimo n&uacute;mero marcado&#8211; Luz de color azul en pantalla&#8211; Incluye calendario, fecha y hora&#8211; Ajuste del contraste de la pantalla&#8211; Indicador luminoso de &ldquo;en uso&rdquo;&#8211; Indicador de llamadas&hellip;&nbsp;<a href=\"https:\/\/aivlisoft.net\/shop\/producto\/spc-3604n-telefono-office-pro-7m-ml-id-lcd-negro\/\" rel=\"bookmark\"><span class=\"screen-reader-text\">SPC 3604N Telefono OFFICE PRO 7M ML ID LCD Negro<\/span><\/a><\/p>\n","protected":false},"featured_media":21593,"template":"","meta":{"neve_meta_sidebar":"","neve_meta_container":"","neve_meta_enable_content_width":"","neve_meta_content_width":0,"neve_meta_title_alignment":"","neve_meta_author_avatar":"","neve_post_elements_order":"","neve_meta_disable_header":"","neve_meta_disable_footer":"","neve_meta_disable_title":""},"product_brand":[],"product_cat":[15,7909],"product_tag":[7620],"class_list":{"0":"post-21592","1":"product","2":"type-product","3":"status-publish","4":"has-post-thumbnail","6":"product_cat-sin-categorizar","7":"product_cat-telefonia-ip","8":"product_tag-3604n","10":"first","11":"instock","12":"taxable","13":"shipping-taxable","14":"purchasable","15":"product-type-simple"},"yoast_head":"<!-- This site is optimized with the Yoast SEO plugin v26.0 - https:\/\/yoast.com\/wordpress\/plugins\/seo\/ -->\n<title>SPC 3604N Telefono OFFICE PRO 7M ML ID LCD Negro - Aivlisoft Inform\u00e1tica<\/title>\n<meta name=\"robots\" content=\"index, follow, max-snippet:-1, max-image-preview:large, max-video-preview:-1\" \/>\n<link rel=\"canonical\" href=\"https:\/\/aivlisoft.net\/shop\/producto\/spc-3604n-telefono-office-pro-7m-ml-id-lcd-negro\/\" \/>\n<meta property=\"og:locale\" content=\"es_ES\" \/>\n<meta property=\"og:type\" content=\"article\" \/>\n<meta property=\"og:title\" content=\"SPC 3604N Telefono OFFICE PRO 7M ML ID LCD Negro - Aivlisoft Inform\u00e1tica\" \/>\n<meta property=\"og:description\" content=\"Marca SPC Modelo 3604N Caracter&iacute;sticas &#8211; 7 Memorias directas&#8211; Manos Libres&#8211; Pantalla iluminada&#8211; Listado de llamadas recibidas: 99 posiciones&#8211; Listado de llamadas realizadas: 18 posiciones&#8211; Rellamada al &uacute;ltimo n&uacute;mero marcado&#8211; Luz de color azul en pantalla&#8211; Incluye calendario, fecha y hora&#8211; Ajuste del contraste de la pantalla&#8211; Indicador luminoso de &ldquo;en uso&rdquo;&#8211; Indicador de llamadas&hellip;&nbsp;SPC 3604N Telefono OFFICE PRO 7M ML ID LCD Negro\" \/>\n<meta property=\"og:url\" content=\"https:\/\/aivlisoft.net\/shop\/producto\/spc-3604n-telefono-office-pro-7m-ml-id-lcd-negro\/\" \/>\n<meta property=\"og:site_name\" content=\"Aivlisoft Inform\u00e1tica\" \/>\n<meta property=\"article:modified_time\" content=\"2025-01-14T19:49:53+00:00\" \/>\n<meta property=\"og:image\" content=\"https:\/\/aivlisoft.net\/shop\/wp-content\/uploads\/2025\/01\/NTETFI0005_800.jpg\" \/>\n\t<meta property=\"og:image:width\" content=\"800\" \/>\n\t<meta property=\"og:image:height\" content=\"800\" \/>\n\t<meta property=\"og:image:type\" content=\"image\/jpeg\" \/>\n<meta name=\"twitter:card\" content=\"summary_large_image\" \/>\n<meta name=\"twitter:label1\" content=\"Tiempo de lectura\" \/>\n\t<meta name=\"twitter:data1\" content=\"1 minuto\" \/>\n<script type=\"application\/ld+json\" class=\"yoast-schema-graph\">{\"@context\":\"https:\/\/schema.org\",\"@graph\":[{\"@type\":\"WebPage\",\"@id\":\"https:\/\/aivlisoft.net\/shop\/producto\/spc-3604n-telefono-office-pro-7m-ml-id-lcd-negro\/\",\"url\":\"https:\/\/aivlisoft.net\/shop\/producto\/spc-3604n-telefono-office-pro-7m-ml-id-lcd-negro\/\",\"name\":\"SPC 3604N Telefono OFFICE PRO 7M ML ID LCD Negro - Aivlisoft Inform\u00e1tica\",\"isPartOf\":{\"@id\":\"https:\/\/aivlisoft.net\/shop\/#website\"},\"primaryImageOfPage\":{\"@id\":\"https:\/\/aivlisoft.net\/shop\/producto\/spc-3604n-telefono-office-pro-7m-ml-id-lcd-negro\/#primaryimage\"},\"image\":{\"@id\":\"https:\/\/aivlisoft.net\/shop\/producto\/spc-3604n-telefono-office-pro-7m-ml-id-lcd-negro\/#primaryimage\"},\"thumbnailUrl\":\"https:\/\/aivlisoft.net\/shop\/wp-content\/uploads\/2025\/01\/NTETFI0005_800.jpg\",\"datePublished\":\"2025-01-13T15:55:57+00:00\",\"dateModified\":\"2025-01-14T19:49:53+00:00\",\"breadcrumb\":{\"@id\":\"https:\/\/aivlisoft.net\/shop\/producto\/spc-3604n-telefono-office-pro-7m-ml-id-lcd-negro\/#breadcrumb\"},\"inLanguage\":\"es\",\"potentialAction\":[{\"@type\":\"ReadAction\",\"target\":[\"https:\/\/aivlisoft.net\/shop\/producto\/spc-3604n-telefono-office-pro-7m-ml-id-lcd-negro\/\"]}]},{\"@type\":\"ImageObject\",\"inLanguage\":\"es\",\"@id\":\"https:\/\/aivlisoft.net\/shop\/producto\/spc-3604n-telefono-office-pro-7m-ml-id-lcd-negro\/#primaryimage\",\"url\":\"https:\/\/aivlisoft.net\/shop\/wp-content\/uploads\/2025\/01\/NTETFI0005_800.jpg\",\"contentUrl\":\"https:\/\/aivlisoft.net\/shop\/wp-content\/uploads\/2025\/01\/NTETFI0005_800.jpg\",\"width\":800,\"height\":800},{\"@type\":\"BreadcrumbList\",\"@id\":\"https:\/\/aivlisoft.net\/shop\/producto\/spc-3604n-telefono-office-pro-7m-ml-id-lcd-negro\/#breadcrumb\",\"itemListElement\":[{\"@type\":\"ListItem\",\"position\":1,\"name\":\"Portada\",\"item\":\"https:\/\/aivlisoft.net\/shop\/\"},{\"@type\":\"ListItem\",\"position\":2,\"name\":\"Tienda\",\"item\":\"https:\/\/aivlisoft.net\/shop\/tienda\/\"},{\"@type\":\"ListItem\",\"position\":3,\"name\":\"SPC 3604N Telefono OFFICE PRO 7M ML ID LCD Negro\"}]},{\"@type\":\"WebSite\",\"@id\":\"https:\/\/aivlisoft.net\/shop\/#website\",\"url\":\"https:\/\/aivlisoft.net\/shop\/\",\"name\":\"Aivlisoft Inform\u00e1tica\",\"description\":\"En Aivlisoft Inform\u00e1tica ofrecemos soluciones tecnol\u00f3gicas para empresas: venta de ordenadores, consumibles, perif\u00e9ricos y m\u00e1s. Calidad, atenci\u00f3n personalizada y los mejores precios para tu negocio.\",\"publisher\":{\"@id\":\"https:\/\/aivlisoft.net\/shop\/#organization\"},\"potentialAction\":[{\"@type\":\"SearchAction\",\"target\":{\"@type\":\"EntryPoint\",\"urlTemplate\":\"https:\/\/aivlisoft.net\/shop\/?s={search_term_string}\"},\"query-input\":{\"@type\":\"PropertyValueSpecification\",\"valueRequired\":true,\"valueName\":\"search_term_string\"}}],\"inLanguage\":\"es\"},{\"@type\":\"Organization\",\"@id\":\"https:\/\/aivlisoft.net\/shop\/#organization\",\"name\":\"Aivlisoft Inform\u00e1tica\",\"url\":\"https:\/\/aivlisoft.net\/shop\/\",\"logo\":{\"@type\":\"ImageObject\",\"inLanguage\":\"es\",\"@id\":\"https:\/\/aivlisoft.net\/shop\/#\/schema\/logo\/image\/\",\"url\":\"https:\/\/aivlisoft.net\/shop\/wp-content\/uploads\/2024\/12\/removal.ai_5b848c54-0cdf-4140-95c5-c5536bb7573b-logodef.png\",\"contentUrl\":\"https:\/\/aivlisoft.net\/shop\/wp-content\/uploads\/2024\/12\/removal.ai_5b848c54-0cdf-4140-95c5-c5536bb7573b-logodef.png\",\"width\":484,\"height\":182,\"caption\":\"Aivlisoft Inform\u00e1tica\"},\"image\":{\"@id\":\"https:\/\/aivlisoft.net\/shop\/#\/schema\/logo\/image\/\"}}]}<\/script>\n<!-- \/ Yoast SEO plugin. -->","yoast_head_json":{"title":"SPC 3604N Telefono OFFICE PRO 7M ML ID LCD Negro - Aivlisoft Inform\u00e1tica","robots":{"index":"index","follow":"follow","max-snippet":"max-snippet:-1","max-image-preview":"max-image-preview:large","max-video-preview":"max-video-preview:-1"},"canonical":"https:\/\/aivlisoft.net\/shop\/producto\/spc-3604n-telefono-office-pro-7m-ml-id-lcd-negro\/","og_locale":"es_ES","og_type":"article","og_title":"SPC 3604N Telefono OFFICE PRO 7M ML ID LCD Negro - Aivlisoft Inform\u00e1tica","og_description":"Marca SPC Modelo 3604N Caracter&iacute;sticas &#8211; 7 Memorias directas&#8211; Manos Libres&#8211; Pantalla iluminada&#8211; Listado de llamadas recibidas: 99 posiciones&#8211; Listado de llamadas realizadas: 18 posiciones&#8211; Rellamada al &uacute;ltimo n&uacute;mero marcado&#8211; Luz de color azul en pantalla&#8211; Incluye calendario, fecha y hora&#8211; Ajuste del contraste de la pantalla&#8211; Indicador luminoso de &ldquo;en uso&rdquo;&#8211; Indicador de llamadas&hellip;&nbsp;SPC 3604N Telefono OFFICE PRO 7M ML ID LCD Negro","og_url":"https:\/\/aivlisoft.net\/shop\/producto\/spc-3604n-telefono-office-pro-7m-ml-id-lcd-negro\/","og_site_name":"Aivlisoft Inform\u00e1tica","article_modified_time":"2025-01-14T19:49:53+00:00","og_image":[{"width":800,"height":800,"url":"https:\/\/aivlisoft.net\/shop\/wp-content\/uploads\/2025\/01\/NTETFI0005_800.jpg","type":"image\/jpeg"}],"twitter_card":"summary_large_image","twitter_misc":{"Tiempo de lectura":"1 minuto"},"schema":{"@context":"https:\/\/schema.org","@graph":[{"@type":"WebPage","@id":"https:\/\/aivlisoft.net\/shop\/producto\/spc-3604n-telefono-office-pro-7m-ml-id-lcd-negro\/","url":"https:\/\/aivlisoft.net\/shop\/producto\/spc-3604n-telefono-office-pro-7m-ml-id-lcd-negro\/","name":"SPC 3604N Telefono OFFICE PRO 7M ML ID LCD Negro - Aivlisoft Inform\u00e1tica","isPartOf":{"@id":"https:\/\/aivlisoft.net\/shop\/#website"},"primaryImageOfPage":{"@id":"https:\/\/aivlisoft.net\/shop\/producto\/spc-3604n-telefono-office-pro-7m-ml-id-lcd-negro\/#primaryimage"},"image":{"@id":"https:\/\/aivlisoft.net\/shop\/producto\/spc-3604n-telefono-office-pro-7m-ml-id-lcd-negro\/#primaryimage"},"thumbnailUrl":"https:\/\/aivlisoft.net\/shop\/wp-content\/uploads\/2025\/01\/NTETFI0005_800.jpg","datePublished":"2025-01-13T15:55:57+00:00","dateModified":"2025-01-14T19:49:53+00:00","breadcrumb":{"@id":"https:\/\/aivlisoft.net\/shop\/producto\/spc-3604n-telefono-office-pro-7m-ml-id-lcd-negro\/#breadcrumb"},"inLanguage":"es","potentialAction":[{"@type":"ReadAction","target":["https:\/\/aivlisoft.net\/shop\/producto\/spc-3604n-telefono-office-pro-7m-ml-id-lcd-negro\/"]}]},{"@type":"ImageObject","inLanguage":"es","@id":"https:\/\/aivlisoft.net\/shop\/producto\/spc-3604n-telefono-office-pro-7m-ml-id-lcd-negro\/#primaryimage","url":"https:\/\/aivlisoft.net\/shop\/wp-content\/uploads\/2025\/01\/NTETFI0005_800.jpg","contentUrl":"https:\/\/aivlisoft.net\/shop\/wp-content\/uploads\/2025\/01\/NTETFI0005_800.jpg","width":800,"height":800},{"@type":"BreadcrumbList","@id":"https:\/\/aivlisoft.net\/shop\/producto\/spc-3604n-telefono-office-pro-7m-ml-id-lcd-negro\/#breadcrumb","itemListElement":[{"@type":"ListItem","position":1,"name":"Portada","item":"https:\/\/aivlisoft.net\/shop\/"},{"@type":"ListItem","position":2,"name":"Tienda","item":"https:\/\/aivlisoft.net\/shop\/tienda\/"},{"@type":"ListItem","position":3,"name":"SPC 3604N Telefono OFFICE PRO 7M ML ID LCD Negro"}]},{"@type":"WebSite","@id":"https:\/\/aivlisoft.net\/shop\/#website","url":"https:\/\/aivlisoft.net\/shop\/","name":"Aivlisoft Inform\u00e1tica","description":"En Aivlisoft Inform\u00e1tica ofrecemos soluciones tecnol\u00f3gicas para empresas: venta de ordenadores, consumibles, perif\u00e9ricos y m\u00e1s. Calidad, atenci\u00f3n personalizada y los mejores precios para tu negocio.","publisher":{"@id":"https:\/\/aivlisoft.net\/shop\/#organization"},"potentialAction":[{"@type":"SearchAction","target":{"@type":"EntryPoint","urlTemplate":"https:\/\/aivlisoft.net\/shop\/?s={search_term_string}"},"query-input":{"@type":"PropertyValueSpecification","valueRequired":true,"valueName":"search_term_string"}}],"inLanguage":"es"},{"@type":"Organization","@id":"https:\/\/aivlisoft.net\/shop\/#organization","name":"Aivlisoft Inform\u00e1tica","url":"https:\/\/aivlisoft.net\/shop\/","logo":{"@type":"ImageObject","inLanguage":"es","@id":"https:\/\/aivlisoft.net\/shop\/#\/schema\/logo\/image\/","url":"https:\/\/aivlisoft.net\/shop\/wp-content\/uploads\/2024\/12\/removal.ai_5b848c54-0cdf-4140-95c5-c5536bb7573b-logodef.png","contentUrl":"https:\/\/aivlisoft.net\/shop\/wp-content\/uploads\/2024\/12\/removal.ai_5b848c54-0cdf-4140-95c5-c5536bb7573b-logodef.png","width":484,"height":182,"caption":"Aivlisoft Inform\u00e1tica"},"image":{"@id":"https:\/\/aivlisoft.net\/shop\/#\/schema\/logo\/image\/"}}]}},"_links":{"self":[{"href":"https:\/\/aivlisoft.net\/shop\/wp-json\/wp\/v2\/product\/21592","targetHints":{"allow":["GET"]}}],"collection":[{"href":"https:\/\/aivlisoft.net\/shop\/wp-json\/wp\/v2\/product"}],"about":[{"href":"https:\/\/aivlisoft.net\/shop\/wp-json\/wp\/v2\/types\/product"}],"wp:featuredmedia":[{"embeddable":true,"href":"https:\/\/aivlisoft.net\/shop\/wp-json\/wp\/v2\/media\/21593"}],"wp:attachment":[{"href":"https:\/\/aivlisoft.net\/shop\/wp-json\/wp\/v2\/media?parent=21592"}],"wp:term":[{"taxonomy":"product_brand","embeddable":true,"href":"https:\/\/aivlisoft.net\/shop\/wp-json\/wp\/v2\/product_brand?post=21592"},{"taxonomy":"product_cat","embeddable":true,"href":"https:\/\/aivlisoft.net\/shop\/wp-json\/wp\/v2\/product_cat?post=21592"},{"taxonomy":"product_tag","embeddable":true,"href":"https:\/\/aivlisoft.net\/shop\/wp-json\/wp\/v2\/product_tag?post=21592"}],"curies":[{"name":"wp","href":"https:\/\/api.w.org\/{rel}","templated":true}]}}