{"id":21586,"date":"2025-01-13T15:55:53","date_gmt":"2025-01-13T15:55:53","guid":{"rendered":"https:\/\/aivlisoft.com\/?post_type=product&#038;p=21586"},"modified":"2025-01-14T19:49:54","modified_gmt":"2025-01-14T19:49:54","slug":"motorola-clpe446-radio-transceptor-auric-sin-carga","status":"publish","type":"product","link":"https:\/\/aivlisoft.net\/shop\/producto\/motorola-clpe446-radio-transceptor-auric-sin-carga\/","title":{"rendered":"MOTOROLA CLPe446 Radio Transceptor Auric sin Carga"},"content":{"rendered":"<p>La serie CLPe es compacta, ligera y f&aacute;cil de usar, y facilita la comunicaci&oacute;n instant&aacute;nea gracias al bot&oacute;n PTT (pulsar para hablar). Permite comprobar r&aacute;pidamente informaci&oacute;n esencial de la radio de un vistazo con el anillo luminoso de estado inteligente, adem&aacute;s de reducir el n&uacute;mero de mensajes perdidos gracias al audio m&aacute;s n&iacute;tido y potente, que permite una comunicaci&oacute;n precisa entre los usuarios. Todo este rendimiento est&aacute; protegido por una carcasa de radio resistente y una bater&iacute;a de larga duraci&oacute;n.<\/p>\n<p>La serie CLPe ofrece un gran rendimiento durante todo el d&iacute;a y se puede personalizar para adaptarla a su entorno de trabajo con modelos de radio con y sin licencia.<\/p>\n<table class=\"tabla_caracteristicas\" width=\"100%\">\n<tr>\n<td><strong>Marca<\/strong><\/td>\n<td>Motorola<\/td>\n<\/tr>\n<tr>\n<td><strong>Modelo<\/strong><\/td>\n<td><strong>CLP0166BHLAA-SC<\/strong><\/td>\n<\/tr>\n<tr>\n<td><strong>Caracteristicas<\/strong><\/td>\n<td>&#8211; Banda de frecuencias: 446,0-446,2 MHz<br \/>\t\t\t&#8211; Rango de unidad a unidad: 7400 m2 (80 000 pies cuadrados)\/6 plantas<br \/>\t\t\t&#8211; Capacidad del canal: 164<br \/>\t\t\t&#8211; Ancho de banda de canal: 12,5 kHz<br \/>\t\t\t&#8211; C&oacute;digos PL (c&oacute;digos de privacidad): 39 est&aacute;ndar + 6 personalizados<br \/>\t\t\t&#8211; C&oacute;digos DPL (c&oacute;digos de privacidad) 84 est&aacute;ndar + 84 invertidos + 6 personalizados<br \/>\t\t\t&#8211; Bot&oacute;n ptt de gran tama&ntilde;o<br \/>\t\t\t&#8211; Anillo luminoso de estado inteligente<br \/>\t\t\t&#8211; Navegaci&oacute;n por voz<br \/>\t\t\t&#8211; Manos libres voz<br \/>\t\t\t&#8211; 6 tonos de llamada<br \/>\t\t\t&#8211; Opci&oacute;n de silencio<br \/>\t\t\t&#8211; 15 niveles de volumen<br \/>\t\t\t&#8211; Exploraci&oacute;n\/supervisi&oacute;n<br \/>\t\t\t&#8211; Revestimiento antimicrobiano<br \/>\t\t\t&#8211; Customer Programming Software (CPS)<\/td>\n<\/tr>\n<tr>\n<td><strong>Receptor<\/strong><\/td>\n<td>&#8211; Sensibilidad (12 dB SINAD): -122 dBm (0,18 uV)<br \/>\t\t\t&#8211; Selecci&oacute;n de canal adyacente 12,5 kHz: 60 dB<br \/>\t\t\t&#8211; Rechazo de intermodulaci&oacute;n: 60 dB<br \/>\t\t\t&#8211; Rechazo de respuesta espuria (bloqueo de 1 Mhz): 80 dB<br \/>\t\t\t&#8211; Distorsi&oacute;n de audio: &lt; 5%<br \/>\t\t\t&#8211; Zumbido y ruido CSQ a 12,5 kHz: &#8211; 50 dB<br \/>\t\t\t&#8211; Zumbido y ruido PL a 12,5 kHz: &#8211; 50 dB<br \/>\t\t\t&#8211; Emisiones espurias radiadas (&lt; 1 GHz): &lt; &#8211; 54 dBm<br \/>\t\t\t&#8211; Emisiones espurias radiadas (&gt; 1 GHz): &lt; &#8211; 52 dBm<br \/>\t\t\t&#8211; Salida de audio a &lt; 5 % de distorsi&oacute;n: 10 mW a 16 ohmios<\/td>\n<\/tr>\n<tr>\n<td><strong>Transmisor<\/strong><\/td>\n<td>&#8211; Salida RF alta: 0,5 vatios<br \/>\t\t\t&#8211; Estabilidad de frecuencia: &lt; 2,5 ppm&nbsp;<br \/>\t\t\t&#8211; Espurias y arm&oacute;nicos: &lt; &#8211; 45 dBc&nbsp;<br \/>\t\t\t&#8211; Zumbido y ruido FM a 12,5 kHz sin compresi&oacute;n:- 40 dB<br \/>\t\t\t&#8211; Limitaci&oacute;n de modulaci&oacute;n a 12,5 kHz: &plusmn;2,5 kHz<br \/>\t\t\t&#8211; Potencia del canal adyacente a 12,5 kHz: 60 dBc<br \/>\t\t\t&#8211; Emisiones espurias radiadas (&lt; 1 GHz): &lt; &#8211; 36 dBm&nbsp;<br \/>\t\t\t&#8211; Emisiones espurias radiadas (&gt; 1 GHz): &lt; &#8211; 30 dBm&nbsp;<br \/>\t\t\t&#8211; Respuesta de frecuencia de audio (0,3-3 kHz): +1 a -3 dB&nbsp;<br \/>\t\t\t&#8211; Distorsi&oacute;n de audio: &lt; 2%<\/td>\n<\/tr>\n<tr>\n<td><strong>Otras caracteristicas<\/strong><\/td>\n<td>&#8211; Temperatura de funcionamiento: -30 a +60 &deg;C6 (radio)<br \/>\t\t\t&#8211; Golpes y vibraci&oacute;n: La carcasa de policarbonato cumple el est&aacute;ndar EIA 603<br \/>\t\t\t&#8211; Humedad: Cumple el est&aacute;ndar EIA 603<br \/>\t\t\t&#8211; Penetraci&oacute;n de agua y polvo: IP54<br \/>\t\t\t<strong>Alimentaci&oacute;n<\/strong><br \/>\t\t\t&#8211; Bater&iacute;a de iones de litio est&aacute;ndar BT90<br \/>\t\t\t&#8211; 1800 mAh5&nbsp;<br \/>\t\t\t&#8211; Bater&iacute;a en un ciclo de 5\/5\/90&nbsp;<br \/>\t\t\t&#8211; Vida &uacute;til media: 20 horas<br \/>\t\t\t<strong>Dimensiones y peso<\/strong><br \/>\t\t\t&#8211; 90,0 x 51,0 x 25,0 mm<br \/>\t\t\t&#8211; 95 g<\/td>\n<\/tr>\n<tr>\n<td><strong>Fecha de revisi&oacute;n<\/strong><\/td>\n<td>19-09-2024 por RTY<\/td>\n<\/tr>\n<\/table>\n","protected":false},"excerpt":{"rendered":"<p>La serie CLPe es compacta, ligera y f&aacute;cil de usar, y facilita la comunicaci&oacute;n instant&aacute;nea gracias al bot&oacute;n PTT (pulsar para hablar). Permite comprobar r&aacute;pidamente informaci&oacute;n esencial de la radio de un vistazo con el anillo luminoso de estado inteligente, adem&aacute;s de reducir el n&uacute;mero de mensajes perdidos gracias al audio m&aacute;s n&iacute;tido y potente,&hellip;&nbsp;<a href=\"https:\/\/aivlisoft.net\/shop\/producto\/motorola-clpe446-radio-transceptor-auric-sin-carga\/\" rel=\"bookmark\"><span class=\"screen-reader-text\">MOTOROLA CLPe446 Radio Transceptor Auric sin Carga<\/span><\/a><\/p>\n","protected":false},"featured_media":21587,"template":"","meta":{"neve_meta_sidebar":"","neve_meta_container":"","neve_meta_enable_content_width":"","neve_meta_content_width":0,"neve_meta_title_alignment":"","neve_meta_author_avatar":"","neve_post_elements_order":"","neve_meta_disable_header":"","neve_meta_disable_footer":"","neve_meta_disable_title":""},"product_brand":[],"product_cat":[15,7909],"product_tag":[7618],"class_list":{"0":"post-21586","1":"product","2":"type-product","3":"status-publish","4":"has-post-thumbnail","6":"product_cat-sin-categorizar","7":"product_cat-telefonia-ip","8":"product_tag-clp0166bhlaa-sc","10":"first","11":"instock","12":"taxable","13":"shipping-taxable","14":"purchasable","15":"product-type-simple"},"yoast_head":"<!-- This site is optimized with the Yoast SEO plugin v26.0 - https:\/\/yoast.com\/wordpress\/plugins\/seo\/ -->\n<title>MOTOROLA CLPe446 Radio Transceptor Auric sin Carga - Aivlisoft Inform\u00e1tica<\/title>\n<meta name=\"robots\" content=\"index, follow, max-snippet:-1, max-image-preview:large, max-video-preview:-1\" \/>\n<link rel=\"canonical\" href=\"https:\/\/aivlisoft.net\/shop\/producto\/motorola-clpe446-radio-transceptor-auric-sin-carga\/\" \/>\n<meta property=\"og:locale\" content=\"es_ES\" \/>\n<meta property=\"og:type\" content=\"article\" \/>\n<meta property=\"og:title\" content=\"MOTOROLA CLPe446 Radio Transceptor Auric sin Carga - Aivlisoft Inform\u00e1tica\" \/>\n<meta property=\"og:description\" content=\"La serie CLPe es compacta, ligera y f&aacute;cil de usar, y facilita la comunicaci&oacute;n instant&aacute;nea gracias al bot&oacute;n PTT (pulsar para hablar). Permite comprobar r&aacute;pidamente informaci&oacute;n esencial de la radio de un vistazo con el anillo luminoso de estado inteligente, adem&aacute;s de reducir el n&uacute;mero de mensajes perdidos gracias al audio m&aacute;s n&iacute;tido y potente,&hellip;&nbsp;MOTOROLA CLPe446 Radio Transceptor Auric sin Carga\" \/>\n<meta property=\"og:url\" content=\"https:\/\/aivlisoft.net\/shop\/producto\/motorola-clpe446-radio-transceptor-auric-sin-carga\/\" \/>\n<meta property=\"og:site_name\" content=\"Aivlisoft Inform\u00e1tica\" \/>\n<meta property=\"article:modified_time\" content=\"2025-01-14T19:49:54+00:00\" \/>\n<meta property=\"og:image\" content=\"https:\/\/aivlisoft.net\/shop\/wp-content\/uploads\/2025\/01\/NTEINT0052_800.jpg\" \/>\n\t<meta property=\"og:image:width\" content=\"800\" \/>\n\t<meta property=\"og:image:height\" content=\"800\" \/>\n\t<meta property=\"og:image:type\" content=\"image\/jpeg\" \/>\n<meta name=\"twitter:card\" content=\"summary_large_image\" \/>\n<meta name=\"twitter:label1\" content=\"Tiempo de lectura\" \/>\n\t<meta name=\"twitter:data1\" content=\"3 minutos\" \/>\n<script type=\"application\/ld+json\" class=\"yoast-schema-graph\">{\"@context\":\"https:\/\/schema.org\",\"@graph\":[{\"@type\":\"WebPage\",\"@id\":\"https:\/\/aivlisoft.net\/shop\/producto\/motorola-clpe446-radio-transceptor-auric-sin-carga\/\",\"url\":\"https:\/\/aivlisoft.net\/shop\/producto\/motorola-clpe446-radio-transceptor-auric-sin-carga\/\",\"name\":\"MOTOROLA CLPe446 Radio Transceptor Auric sin Carga - Aivlisoft Inform\u00e1tica\",\"isPartOf\":{\"@id\":\"https:\/\/aivlisoft.net\/shop\/#website\"},\"primaryImageOfPage\":{\"@id\":\"https:\/\/aivlisoft.net\/shop\/producto\/motorola-clpe446-radio-transceptor-auric-sin-carga\/#primaryimage\"},\"image\":{\"@id\":\"https:\/\/aivlisoft.net\/shop\/producto\/motorola-clpe446-radio-transceptor-auric-sin-carga\/#primaryimage\"},\"thumbnailUrl\":\"https:\/\/aivlisoft.net\/shop\/wp-content\/uploads\/2025\/01\/NTEINT0052_800.jpg\",\"datePublished\":\"2025-01-13T15:55:53+00:00\",\"dateModified\":\"2025-01-14T19:49:54+00:00\",\"breadcrumb\":{\"@id\":\"https:\/\/aivlisoft.net\/shop\/producto\/motorola-clpe446-radio-transceptor-auric-sin-carga\/#breadcrumb\"},\"inLanguage\":\"es\",\"potentialAction\":[{\"@type\":\"ReadAction\",\"target\":[\"https:\/\/aivlisoft.net\/shop\/producto\/motorola-clpe446-radio-transceptor-auric-sin-carga\/\"]}]},{\"@type\":\"ImageObject\",\"inLanguage\":\"es\",\"@id\":\"https:\/\/aivlisoft.net\/shop\/producto\/motorola-clpe446-radio-transceptor-auric-sin-carga\/#primaryimage\",\"url\":\"https:\/\/aivlisoft.net\/shop\/wp-content\/uploads\/2025\/01\/NTEINT0052_800.jpg\",\"contentUrl\":\"https:\/\/aivlisoft.net\/shop\/wp-content\/uploads\/2025\/01\/NTEINT0052_800.jpg\",\"width\":800,\"height\":800},{\"@type\":\"BreadcrumbList\",\"@id\":\"https:\/\/aivlisoft.net\/shop\/producto\/motorola-clpe446-radio-transceptor-auric-sin-carga\/#breadcrumb\",\"itemListElement\":[{\"@type\":\"ListItem\",\"position\":1,\"name\":\"Portada\",\"item\":\"https:\/\/aivlisoft.net\/shop\/\"},{\"@type\":\"ListItem\",\"position\":2,\"name\":\"Tienda\",\"item\":\"https:\/\/aivlisoft.net\/shop\/tienda\/\"},{\"@type\":\"ListItem\",\"position\":3,\"name\":\"MOTOROLA CLPe446 Radio Transceptor Auric sin Carga\"}]},{\"@type\":\"WebSite\",\"@id\":\"https:\/\/aivlisoft.net\/shop\/#website\",\"url\":\"https:\/\/aivlisoft.net\/shop\/\",\"name\":\"Aivlisoft Inform\u00e1tica\",\"description\":\"En Aivlisoft Inform\u00e1tica ofrecemos soluciones tecnol\u00f3gicas para empresas: venta de ordenadores, consumibles, perif\u00e9ricos y m\u00e1s. Calidad, atenci\u00f3n personalizada y los mejores precios para tu negocio.\",\"publisher\":{\"@id\":\"https:\/\/aivlisoft.net\/shop\/#organization\"},\"potentialAction\":[{\"@type\":\"SearchAction\",\"target\":{\"@type\":\"EntryPoint\",\"urlTemplate\":\"https:\/\/aivlisoft.net\/shop\/?s={search_term_string}\"},\"query-input\":{\"@type\":\"PropertyValueSpecification\",\"valueRequired\":true,\"valueName\":\"search_term_string\"}}],\"inLanguage\":\"es\"},{\"@type\":\"Organization\",\"@id\":\"https:\/\/aivlisoft.net\/shop\/#organization\",\"name\":\"Aivlisoft Inform\u00e1tica\",\"url\":\"https:\/\/aivlisoft.net\/shop\/\",\"logo\":{\"@type\":\"ImageObject\",\"inLanguage\":\"es\",\"@id\":\"https:\/\/aivlisoft.net\/shop\/#\/schema\/logo\/image\/\",\"url\":\"https:\/\/aivlisoft.net\/shop\/wp-content\/uploads\/2024\/12\/removal.ai_5b848c54-0cdf-4140-95c5-c5536bb7573b-logodef.png\",\"contentUrl\":\"https:\/\/aivlisoft.net\/shop\/wp-content\/uploads\/2024\/12\/removal.ai_5b848c54-0cdf-4140-95c5-c5536bb7573b-logodef.png\",\"width\":484,\"height\":182,\"caption\":\"Aivlisoft Inform\u00e1tica\"},\"image\":{\"@id\":\"https:\/\/aivlisoft.net\/shop\/#\/schema\/logo\/image\/\"}}]}<\/script>\n<!-- \/ Yoast SEO plugin. -->","yoast_head_json":{"title":"MOTOROLA CLPe446 Radio Transceptor Auric sin Carga - Aivlisoft Inform\u00e1tica","robots":{"index":"index","follow":"follow","max-snippet":"max-snippet:-1","max-image-preview":"max-image-preview:large","max-video-preview":"max-video-preview:-1"},"canonical":"https:\/\/aivlisoft.net\/shop\/producto\/motorola-clpe446-radio-transceptor-auric-sin-carga\/","og_locale":"es_ES","og_type":"article","og_title":"MOTOROLA CLPe446 Radio Transceptor Auric sin Carga - Aivlisoft Inform\u00e1tica","og_description":"La serie CLPe es compacta, ligera y f&aacute;cil de usar, y facilita la comunicaci&oacute;n instant&aacute;nea gracias al bot&oacute;n PTT (pulsar para hablar). Permite comprobar r&aacute;pidamente informaci&oacute;n esencial de la radio de un vistazo con el anillo luminoso de estado inteligente, adem&aacute;s de reducir el n&uacute;mero de mensajes perdidos gracias al audio m&aacute;s n&iacute;tido y potente,&hellip;&nbsp;MOTOROLA CLPe446 Radio Transceptor Auric sin Carga","og_url":"https:\/\/aivlisoft.net\/shop\/producto\/motorola-clpe446-radio-transceptor-auric-sin-carga\/","og_site_name":"Aivlisoft Inform\u00e1tica","article_modified_time":"2025-01-14T19:49:54+00:00","og_image":[{"width":800,"height":800,"url":"https:\/\/aivlisoft.net\/shop\/wp-content\/uploads\/2025\/01\/NTEINT0052_800.jpg","type":"image\/jpeg"}],"twitter_card":"summary_large_image","twitter_misc":{"Tiempo de lectura":"3 minutos"},"schema":{"@context":"https:\/\/schema.org","@graph":[{"@type":"WebPage","@id":"https:\/\/aivlisoft.net\/shop\/producto\/motorola-clpe446-radio-transceptor-auric-sin-carga\/","url":"https:\/\/aivlisoft.net\/shop\/producto\/motorola-clpe446-radio-transceptor-auric-sin-carga\/","name":"MOTOROLA CLPe446 Radio Transceptor Auric sin Carga - Aivlisoft Inform\u00e1tica","isPartOf":{"@id":"https:\/\/aivlisoft.net\/shop\/#website"},"primaryImageOfPage":{"@id":"https:\/\/aivlisoft.net\/shop\/producto\/motorola-clpe446-radio-transceptor-auric-sin-carga\/#primaryimage"},"image":{"@id":"https:\/\/aivlisoft.net\/shop\/producto\/motorola-clpe446-radio-transceptor-auric-sin-carga\/#primaryimage"},"thumbnailUrl":"https:\/\/aivlisoft.net\/shop\/wp-content\/uploads\/2025\/01\/NTEINT0052_800.jpg","datePublished":"2025-01-13T15:55:53+00:00","dateModified":"2025-01-14T19:49:54+00:00","breadcrumb":{"@id":"https:\/\/aivlisoft.net\/shop\/producto\/motorola-clpe446-radio-transceptor-auric-sin-carga\/#breadcrumb"},"inLanguage":"es","potentialAction":[{"@type":"ReadAction","target":["https:\/\/aivlisoft.net\/shop\/producto\/motorola-clpe446-radio-transceptor-auric-sin-carga\/"]}]},{"@type":"ImageObject","inLanguage":"es","@id":"https:\/\/aivlisoft.net\/shop\/producto\/motorola-clpe446-radio-transceptor-auric-sin-carga\/#primaryimage","url":"https:\/\/aivlisoft.net\/shop\/wp-content\/uploads\/2025\/01\/NTEINT0052_800.jpg","contentUrl":"https:\/\/aivlisoft.net\/shop\/wp-content\/uploads\/2025\/01\/NTEINT0052_800.jpg","width":800,"height":800},{"@type":"BreadcrumbList","@id":"https:\/\/aivlisoft.net\/shop\/producto\/motorola-clpe446-radio-transceptor-auric-sin-carga\/#breadcrumb","itemListElement":[{"@type":"ListItem","position":1,"name":"Portada","item":"https:\/\/aivlisoft.net\/shop\/"},{"@type":"ListItem","position":2,"name":"Tienda","item":"https:\/\/aivlisoft.net\/shop\/tienda\/"},{"@type":"ListItem","position":3,"name":"MOTOROLA CLPe446 Radio Transceptor Auric sin Carga"}]},{"@type":"WebSite","@id":"https:\/\/aivlisoft.net\/shop\/#website","url":"https:\/\/aivlisoft.net\/shop\/","name":"Aivlisoft Inform\u00e1tica","description":"En Aivlisoft Inform\u00e1tica ofrecemos soluciones tecnol\u00f3gicas para empresas: venta de ordenadores, consumibles, perif\u00e9ricos y m\u00e1s. Calidad, atenci\u00f3n personalizada y los mejores precios para tu negocio.","publisher":{"@id":"https:\/\/aivlisoft.net\/shop\/#organization"},"potentialAction":[{"@type":"SearchAction","target":{"@type":"EntryPoint","urlTemplate":"https:\/\/aivlisoft.net\/shop\/?s={search_term_string}"},"query-input":{"@type":"PropertyValueSpecification","valueRequired":true,"valueName":"search_term_string"}}],"inLanguage":"es"},{"@type":"Organization","@id":"https:\/\/aivlisoft.net\/shop\/#organization","name":"Aivlisoft Inform\u00e1tica","url":"https:\/\/aivlisoft.net\/shop\/","logo":{"@type":"ImageObject","inLanguage":"es","@id":"https:\/\/aivlisoft.net\/shop\/#\/schema\/logo\/image\/","url":"https:\/\/aivlisoft.net\/shop\/wp-content\/uploads\/2024\/12\/removal.ai_5b848c54-0cdf-4140-95c5-c5536bb7573b-logodef.png","contentUrl":"https:\/\/aivlisoft.net\/shop\/wp-content\/uploads\/2024\/12\/removal.ai_5b848c54-0cdf-4140-95c5-c5536bb7573b-logodef.png","width":484,"height":182,"caption":"Aivlisoft Inform\u00e1tica"},"image":{"@id":"https:\/\/aivlisoft.net\/shop\/#\/schema\/logo\/image\/"}}]}},"_links":{"self":[{"href":"https:\/\/aivlisoft.net\/shop\/wp-json\/wp\/v2\/product\/21586","targetHints":{"allow":["GET"]}}],"collection":[{"href":"https:\/\/aivlisoft.net\/shop\/wp-json\/wp\/v2\/product"}],"about":[{"href":"https:\/\/aivlisoft.net\/shop\/wp-json\/wp\/v2\/types\/product"}],"wp:featuredmedia":[{"embeddable":true,"href":"https:\/\/aivlisoft.net\/shop\/wp-json\/wp\/v2\/media\/21587"}],"wp:attachment":[{"href":"https:\/\/aivlisoft.net\/shop\/wp-json\/wp\/v2\/media?parent=21586"}],"wp:term":[{"taxonomy":"product_brand","embeddable":true,"href":"https:\/\/aivlisoft.net\/shop\/wp-json\/wp\/v2\/product_brand?post=21586"},{"taxonomy":"product_cat","embeddable":true,"href":"https:\/\/aivlisoft.net\/shop\/wp-json\/wp\/v2\/product_cat?post=21586"},{"taxonomy":"product_tag","embeddable":true,"href":"https:\/\/aivlisoft.net\/shop\/wp-json\/wp\/v2\/product_tag?post=21586"}],"curies":[{"name":"wp","href":"https:\/\/api.w.org\/{rel}","templated":true}]}}