{"id":21571,"date":"2025-01-13T15:55:44","date_gmt":"2025-01-13T15:55:44","guid":{"rendered":"https:\/\/aivlisoft.com\/?post_type=product&#038;p=21571"},"modified":"2025-01-14T19:49:55","modified_gmt":"2025-01-14T19:49:55","slug":"motorola-xt185-8km-500mw-16ch-ip54-duo-pack-aur-i","status":"publish","type":"product","link":"https:\/\/aivlisoft.net\/shop\/producto\/motorola-xt185-8km-500mw-16ch-ip54-duo-pack-aur-i\/","title":{"rendered":"MOTOROLA XT185 8Km 500mW 16CH IP54 Duo Pack aur. i"},"content":{"rendered":"<p>&nbsp;<\/p>\n<table class=\"tabla_caracteristicas k-table\" width=\"100%\">\n<tr>\n<td valign=\"top\"><strong>Marca<\/strong><\/td>\n<td>Motorola<\/td>\n<\/tr>\n<tr>\n<td valign=\"top\"><strong>Modelo<\/strong><\/td>\n<td><strong>D3P01611BDLMAW<\/strong><\/td>\n<\/tr>\n<tr>\n<td valign=\"top\"><strong>Caracter&iacute;sticas<\/strong><\/td>\n<td>&#8211; Banda de frecuencia: PMR4462<br \/>\t\t\t&nbsp; 446,0-446,2 MHz<br \/>\t\t\t&#8211; Alcance: 8 km<br \/>\t\t\t&#8211; Capacidad de canales: 16<br \/>\t\t\t&#8211; Capacidad de repetidor: No<br \/>\t\t\t&#8211; Ancho de banda del canal: 12,5 kHz<br \/>\t\t\t&#8211; C&oacute;digos PL (c&oacute;digos de privacidad): 38<br \/>\t\t\t&#8211; C&oacute;digos DPL (c&oacute;digos de privacidad): 83<br \/>\t\t\t&#8211; Duraci&oacute;n de la bater&iacute;a con bater&iacute;a est&aacute;ndar de iones de litio: 24 horas<br \/>\t\t\t&#8211; Dimensiones de la radio (Al x An x Pr): 136 x 47 x 21 mm<br \/>\t\t\t&#8211; Peso: Radio con bater&iacute;a est&aacute;ndar de iones de litio: 100 g<br \/>\t\t\t<strong>Transmisor<\/strong><br \/>\t\t\t&#8211; Salida RF: 0,5 vatios<br \/>\t\t\t&#8211; Estabilidad de frecuencia: &lt;2,5 ppm<br \/>\t\t\t&#8211; Espuelas y arm&oacute;nicos (&lt;1 GHz): &lt;-42 dBm<br \/>\t\t\t&#8211; Espuelas y arm&oacute;nicos (1 GHz)&gt;: &lt;-36 dBm<br \/>\t\t\t&#8211; Zumbido y ruido de FM: &lt;-35 dB<br \/>\t\t\t&#8211; Limitaci&oacute;n de modulaci&oacute;n: &plusmn; 2,5 kHz<br \/>\t\t\t&#8211; Potencia del canal adyacente: &lt;-60 dB<br \/>\t\t\t&#8211; Emisiones espurias radiadas (&lt;1 GHz): &lt;-36 dBm<br \/>\t\t\t&#8211; Emisiones espurias radiadas (&gt; 1 GHz): &lt;-30 dBm<br \/>\t\t\t&#8211; Respuesta de frecuencia de audio (0,3 &#8211; 3,0 kHz): &plusmn; 1,5 kHz<br \/>\t\t\t&#8211; Distorsi&oacute;n de audio: &lt;2%<br \/>\t\t\t<strong>Receptor<\/strong><br \/>\t\t\t&#8211; Sensibilidad (12 dB SINAD): &lt;-119 dBm<br \/>\t\t\t&#8211; Selectividad de canal adyacente:&gt; 60 dB<br \/>\t\t\t&#8211; Rechazo de intermodulaci&oacute;n:&gt; 56 dB<br \/>\t\t\t&#8211; Rechazo de respuesta espuria (bloqueo de 1Mhz):&gt; 70 dB<br \/>\t\t\t&#8211; Distorsi&oacute;n de audio: 3%<br \/>\t\t\t&#8211; CSQ Zumbido y ruido a 12,5 kHz: &lt;-45 dB<br \/>\t\t\t&#8211; PL zumbido y ruido a 12,5 kHz: &lt;-45 dB<br \/>\t\t\t&#8211; Emisiones espurias radiadas (&lt;1 GHz): &lt;-63 dBm<br \/>\t\t\t&#8211; Emisiones espurias radiadas (&gt; 1 GHz): &lt;-53 dBm<br \/>\t\t\t&#8211; Salida de audio a 5% de distorsi&oacute;n: 500 mW a 16 ohmios<br \/>\t\t\t<strong>Especificaciones ambientales<\/strong><br \/>\t\t\t&#8211; Temperatura de funcionamiento: -20 &deg; C a + 55 &deg; C<br \/>\t\t\t&#8211; Choque y vibraci&oacute;n: Cumple con TIA \/ EIA-603<br \/>\t\t\t&#8211; Humedad: Cumple con TIA \/ EIA-603<br \/>\t\t\t&#8211; Intrusi&oacute;n de polvo y agua: IP54<br \/>\t\t\t<strong>Contenido<\/strong><br \/>\t\t\t&#8211; 2 x Radios<br \/>\t\t\t&#8211; 2 x Vainas de carga<br \/>\t\t\t&#8211; 2 x Bater&iacute;as recargables de iones de litio<br \/>\t\t\t&#8211; 2 x Clips para cintur&oacute;n<br \/>\t\t\t&#8211; 2 x Cordones cortos<br \/>\t\t\t&#8211; 2 x Auriculares<br \/>\t\t\t&#8211; 1 x Adaptador de red<\/td>\n<\/tr>\n<tr>\n<td valign=\"top\"><strong>Fecha de revisi&oacute;n<\/strong><\/td>\n<td>03-11-2021 por MSB<\/td>\n<\/tr>\n<\/table>\n","protected":false},"excerpt":{"rendered":"<p>&nbsp; Marca Motorola Modelo D3P01611BDLMAW Caracter&iacute;sticas &#8211; Banda de frecuencia: PMR4462 &nbsp; 446,0-446,2 MHz &#8211; Alcance: 8 km &#8211; Capacidad de canales: 16 &#8211; Capacidad de repetidor: No &#8211; Ancho de banda del canal: 12,5 kHz &#8211; C&oacute;digos PL (c&oacute;digos de privacidad): 38 &#8211; C&oacute;digos DPL (c&oacute;digos de privacidad): 83 &#8211; Duraci&oacute;n de la bater&iacute;a&hellip;&nbsp;<a href=\"https:\/\/aivlisoft.net\/shop\/producto\/motorola-xt185-8km-500mw-16ch-ip54-duo-pack-aur-i\/\" rel=\"bookmark\"><span class=\"screen-reader-text\">MOTOROLA XT185 8Km 500mW 16CH IP54 Duo Pack aur. i<\/span><\/a><\/p>\n","protected":false},"featured_media":21572,"template":"","meta":{"neve_meta_sidebar":"","neve_meta_container":"","neve_meta_enable_content_width":"","neve_meta_content_width":0,"neve_meta_title_alignment":"","neve_meta_author_avatar":"","neve_post_elements_order":"","neve_meta_disable_header":"","neve_meta_disable_footer":"","neve_meta_disable_title":""},"product_brand":[],"product_cat":[15,7909],"product_tag":[7615],"class_list":{"0":"post-21571","1":"product","2":"type-product","3":"status-publish","4":"has-post-thumbnail","6":"product_cat-sin-categorizar","7":"product_cat-telefonia-ip","8":"product_tag-d3p01611bdlmaw","10":"first","11":"instock","12":"taxable","13":"shipping-taxable","14":"purchasable","15":"product-type-simple"},"yoast_head":"<!-- This site is optimized with the Yoast SEO plugin v26.0 - https:\/\/yoast.com\/wordpress\/plugins\/seo\/ -->\n<title>MOTOROLA XT185 8Km 500mW 16CH IP54 Duo Pack aur. i - Aivlisoft Inform\u00e1tica<\/title>\n<meta name=\"robots\" content=\"index, follow, max-snippet:-1, max-image-preview:large, max-video-preview:-1\" \/>\n<link rel=\"canonical\" href=\"https:\/\/aivlisoft.net\/shop\/producto\/motorola-xt185-8km-500mw-16ch-ip54-duo-pack-aur-i\/\" \/>\n<meta property=\"og:locale\" content=\"es_ES\" \/>\n<meta property=\"og:type\" content=\"article\" \/>\n<meta property=\"og:title\" content=\"MOTOROLA XT185 8Km 500mW 16CH IP54 Duo Pack aur. i - Aivlisoft Inform\u00e1tica\" \/>\n<meta property=\"og:description\" content=\"&nbsp; Marca Motorola Modelo D3P01611BDLMAW Caracter&iacute;sticas &#8211; Banda de frecuencia: PMR4462 &nbsp; 446,0-446,2 MHz &#8211; Alcance: 8 km &#8211; Capacidad de canales: 16 &#8211; Capacidad de repetidor: No &#8211; Ancho de banda del canal: 12,5 kHz &#8211; C&oacute;digos PL (c&oacute;digos de privacidad): 38 &#8211; C&oacute;digos DPL (c&oacute;digos de privacidad): 83 &#8211; Duraci&oacute;n de la bater&iacute;a&hellip;&nbsp;MOTOROLA XT185 8Km 500mW 16CH IP54 Duo Pack aur. i\" \/>\n<meta property=\"og:url\" content=\"https:\/\/aivlisoft.net\/shop\/producto\/motorola-xt185-8km-500mw-16ch-ip54-duo-pack-aur-i\/\" \/>\n<meta property=\"og:site_name\" content=\"Aivlisoft Inform\u00e1tica\" \/>\n<meta property=\"article:modified_time\" content=\"2025-01-14T19:49:55+00:00\" \/>\n<meta property=\"og:image\" content=\"https:\/\/aivlisoft.net\/shop\/wp-content\/uploads\/2025\/01\/NTEINT0032_800.jpg\" \/>\n\t<meta property=\"og:image:width\" content=\"800\" \/>\n\t<meta property=\"og:image:height\" content=\"800\" \/>\n\t<meta property=\"og:image:type\" content=\"image\/jpeg\" \/>\n<meta name=\"twitter:card\" content=\"summary_large_image\" \/>\n<meta name=\"twitter:label1\" content=\"Tiempo de lectura\" \/>\n\t<meta name=\"twitter:data1\" content=\"2 minutos\" \/>\n<script type=\"application\/ld+json\" class=\"yoast-schema-graph\">{\"@context\":\"https:\/\/schema.org\",\"@graph\":[{\"@type\":\"WebPage\",\"@id\":\"https:\/\/aivlisoft.net\/shop\/producto\/motorola-xt185-8km-500mw-16ch-ip54-duo-pack-aur-i\/\",\"url\":\"https:\/\/aivlisoft.net\/shop\/producto\/motorola-xt185-8km-500mw-16ch-ip54-duo-pack-aur-i\/\",\"name\":\"MOTOROLA XT185 8Km 500mW 16CH IP54 Duo Pack aur. i - Aivlisoft Inform\u00e1tica\",\"isPartOf\":{\"@id\":\"https:\/\/aivlisoft.net\/shop\/#website\"},\"primaryImageOfPage\":{\"@id\":\"https:\/\/aivlisoft.net\/shop\/producto\/motorola-xt185-8km-500mw-16ch-ip54-duo-pack-aur-i\/#primaryimage\"},\"image\":{\"@id\":\"https:\/\/aivlisoft.net\/shop\/producto\/motorola-xt185-8km-500mw-16ch-ip54-duo-pack-aur-i\/#primaryimage\"},\"thumbnailUrl\":\"https:\/\/aivlisoft.net\/shop\/wp-content\/uploads\/2025\/01\/NTEINT0032_800.jpg\",\"datePublished\":\"2025-01-13T15:55:44+00:00\",\"dateModified\":\"2025-01-14T19:49:55+00:00\",\"breadcrumb\":{\"@id\":\"https:\/\/aivlisoft.net\/shop\/producto\/motorola-xt185-8km-500mw-16ch-ip54-duo-pack-aur-i\/#breadcrumb\"},\"inLanguage\":\"es\",\"potentialAction\":[{\"@type\":\"ReadAction\",\"target\":[\"https:\/\/aivlisoft.net\/shop\/producto\/motorola-xt185-8km-500mw-16ch-ip54-duo-pack-aur-i\/\"]}]},{\"@type\":\"ImageObject\",\"inLanguage\":\"es\",\"@id\":\"https:\/\/aivlisoft.net\/shop\/producto\/motorola-xt185-8km-500mw-16ch-ip54-duo-pack-aur-i\/#primaryimage\",\"url\":\"https:\/\/aivlisoft.net\/shop\/wp-content\/uploads\/2025\/01\/NTEINT0032_800.jpg\",\"contentUrl\":\"https:\/\/aivlisoft.net\/shop\/wp-content\/uploads\/2025\/01\/NTEINT0032_800.jpg\",\"width\":800,\"height\":800},{\"@type\":\"BreadcrumbList\",\"@id\":\"https:\/\/aivlisoft.net\/shop\/producto\/motorola-xt185-8km-500mw-16ch-ip54-duo-pack-aur-i\/#breadcrumb\",\"itemListElement\":[{\"@type\":\"ListItem\",\"position\":1,\"name\":\"Portada\",\"item\":\"https:\/\/aivlisoft.net\/shop\/\"},{\"@type\":\"ListItem\",\"position\":2,\"name\":\"Tienda\",\"item\":\"https:\/\/aivlisoft.net\/shop\/tienda\/\"},{\"@type\":\"ListItem\",\"position\":3,\"name\":\"MOTOROLA XT185 8Km 500mW 16CH IP54 Duo Pack aur. i\"}]},{\"@type\":\"WebSite\",\"@id\":\"https:\/\/aivlisoft.net\/shop\/#website\",\"url\":\"https:\/\/aivlisoft.net\/shop\/\",\"name\":\"Aivlisoft Inform\u00e1tica\",\"description\":\"En Aivlisoft Inform\u00e1tica ofrecemos soluciones tecnol\u00f3gicas para empresas: venta de ordenadores, consumibles, perif\u00e9ricos y m\u00e1s. Calidad, atenci\u00f3n personalizada y los mejores precios para tu negocio.\",\"publisher\":{\"@id\":\"https:\/\/aivlisoft.net\/shop\/#organization\"},\"potentialAction\":[{\"@type\":\"SearchAction\",\"target\":{\"@type\":\"EntryPoint\",\"urlTemplate\":\"https:\/\/aivlisoft.net\/shop\/?s={search_term_string}\"},\"query-input\":{\"@type\":\"PropertyValueSpecification\",\"valueRequired\":true,\"valueName\":\"search_term_string\"}}],\"inLanguage\":\"es\"},{\"@type\":\"Organization\",\"@id\":\"https:\/\/aivlisoft.net\/shop\/#organization\",\"name\":\"Aivlisoft Inform\u00e1tica\",\"url\":\"https:\/\/aivlisoft.net\/shop\/\",\"logo\":{\"@type\":\"ImageObject\",\"inLanguage\":\"es\",\"@id\":\"https:\/\/aivlisoft.net\/shop\/#\/schema\/logo\/image\/\",\"url\":\"https:\/\/aivlisoft.net\/shop\/wp-content\/uploads\/2024\/12\/removal.ai_5b848c54-0cdf-4140-95c5-c5536bb7573b-logodef.png\",\"contentUrl\":\"https:\/\/aivlisoft.net\/shop\/wp-content\/uploads\/2024\/12\/removal.ai_5b848c54-0cdf-4140-95c5-c5536bb7573b-logodef.png\",\"width\":484,\"height\":182,\"caption\":\"Aivlisoft Inform\u00e1tica\"},\"image\":{\"@id\":\"https:\/\/aivlisoft.net\/shop\/#\/schema\/logo\/image\/\"}}]}<\/script>\n<!-- \/ Yoast SEO plugin. -->","yoast_head_json":{"title":"MOTOROLA XT185 8Km 500mW 16CH IP54 Duo Pack aur. i - Aivlisoft Inform\u00e1tica","robots":{"index":"index","follow":"follow","max-snippet":"max-snippet:-1","max-image-preview":"max-image-preview:large","max-video-preview":"max-video-preview:-1"},"canonical":"https:\/\/aivlisoft.net\/shop\/producto\/motorola-xt185-8km-500mw-16ch-ip54-duo-pack-aur-i\/","og_locale":"es_ES","og_type":"article","og_title":"MOTOROLA XT185 8Km 500mW 16CH IP54 Duo Pack aur. i - Aivlisoft Inform\u00e1tica","og_description":"&nbsp; Marca Motorola Modelo D3P01611BDLMAW Caracter&iacute;sticas &#8211; Banda de frecuencia: PMR4462 &nbsp; 446,0-446,2 MHz &#8211; Alcance: 8 km &#8211; Capacidad de canales: 16 &#8211; Capacidad de repetidor: No &#8211; Ancho de banda del canal: 12,5 kHz &#8211; C&oacute;digos PL (c&oacute;digos de privacidad): 38 &#8211; C&oacute;digos DPL (c&oacute;digos de privacidad): 83 &#8211; Duraci&oacute;n de la bater&iacute;a&hellip;&nbsp;MOTOROLA XT185 8Km 500mW 16CH IP54 Duo Pack aur. i","og_url":"https:\/\/aivlisoft.net\/shop\/producto\/motorola-xt185-8km-500mw-16ch-ip54-duo-pack-aur-i\/","og_site_name":"Aivlisoft Inform\u00e1tica","article_modified_time":"2025-01-14T19:49:55+00:00","og_image":[{"width":800,"height":800,"url":"https:\/\/aivlisoft.net\/shop\/wp-content\/uploads\/2025\/01\/NTEINT0032_800.jpg","type":"image\/jpeg"}],"twitter_card":"summary_large_image","twitter_misc":{"Tiempo de lectura":"2 minutos"},"schema":{"@context":"https:\/\/schema.org","@graph":[{"@type":"WebPage","@id":"https:\/\/aivlisoft.net\/shop\/producto\/motorola-xt185-8km-500mw-16ch-ip54-duo-pack-aur-i\/","url":"https:\/\/aivlisoft.net\/shop\/producto\/motorola-xt185-8km-500mw-16ch-ip54-duo-pack-aur-i\/","name":"MOTOROLA XT185 8Km 500mW 16CH IP54 Duo Pack aur. i - Aivlisoft Inform\u00e1tica","isPartOf":{"@id":"https:\/\/aivlisoft.net\/shop\/#website"},"primaryImageOfPage":{"@id":"https:\/\/aivlisoft.net\/shop\/producto\/motorola-xt185-8km-500mw-16ch-ip54-duo-pack-aur-i\/#primaryimage"},"image":{"@id":"https:\/\/aivlisoft.net\/shop\/producto\/motorola-xt185-8km-500mw-16ch-ip54-duo-pack-aur-i\/#primaryimage"},"thumbnailUrl":"https:\/\/aivlisoft.net\/shop\/wp-content\/uploads\/2025\/01\/NTEINT0032_800.jpg","datePublished":"2025-01-13T15:55:44+00:00","dateModified":"2025-01-14T19:49:55+00:00","breadcrumb":{"@id":"https:\/\/aivlisoft.net\/shop\/producto\/motorola-xt185-8km-500mw-16ch-ip54-duo-pack-aur-i\/#breadcrumb"},"inLanguage":"es","potentialAction":[{"@type":"ReadAction","target":["https:\/\/aivlisoft.net\/shop\/producto\/motorola-xt185-8km-500mw-16ch-ip54-duo-pack-aur-i\/"]}]},{"@type":"ImageObject","inLanguage":"es","@id":"https:\/\/aivlisoft.net\/shop\/producto\/motorola-xt185-8km-500mw-16ch-ip54-duo-pack-aur-i\/#primaryimage","url":"https:\/\/aivlisoft.net\/shop\/wp-content\/uploads\/2025\/01\/NTEINT0032_800.jpg","contentUrl":"https:\/\/aivlisoft.net\/shop\/wp-content\/uploads\/2025\/01\/NTEINT0032_800.jpg","width":800,"height":800},{"@type":"BreadcrumbList","@id":"https:\/\/aivlisoft.net\/shop\/producto\/motorola-xt185-8km-500mw-16ch-ip54-duo-pack-aur-i\/#breadcrumb","itemListElement":[{"@type":"ListItem","position":1,"name":"Portada","item":"https:\/\/aivlisoft.net\/shop\/"},{"@type":"ListItem","position":2,"name":"Tienda","item":"https:\/\/aivlisoft.net\/shop\/tienda\/"},{"@type":"ListItem","position":3,"name":"MOTOROLA XT185 8Km 500mW 16CH IP54 Duo Pack aur. i"}]},{"@type":"WebSite","@id":"https:\/\/aivlisoft.net\/shop\/#website","url":"https:\/\/aivlisoft.net\/shop\/","name":"Aivlisoft Inform\u00e1tica","description":"En Aivlisoft Inform\u00e1tica ofrecemos soluciones tecnol\u00f3gicas para empresas: venta de ordenadores, consumibles, perif\u00e9ricos y m\u00e1s. Calidad, atenci\u00f3n personalizada y los mejores precios para tu negocio.","publisher":{"@id":"https:\/\/aivlisoft.net\/shop\/#organization"},"potentialAction":[{"@type":"SearchAction","target":{"@type":"EntryPoint","urlTemplate":"https:\/\/aivlisoft.net\/shop\/?s={search_term_string}"},"query-input":{"@type":"PropertyValueSpecification","valueRequired":true,"valueName":"search_term_string"}}],"inLanguage":"es"},{"@type":"Organization","@id":"https:\/\/aivlisoft.net\/shop\/#organization","name":"Aivlisoft Inform\u00e1tica","url":"https:\/\/aivlisoft.net\/shop\/","logo":{"@type":"ImageObject","inLanguage":"es","@id":"https:\/\/aivlisoft.net\/shop\/#\/schema\/logo\/image\/","url":"https:\/\/aivlisoft.net\/shop\/wp-content\/uploads\/2024\/12\/removal.ai_5b848c54-0cdf-4140-95c5-c5536bb7573b-logodef.png","contentUrl":"https:\/\/aivlisoft.net\/shop\/wp-content\/uploads\/2024\/12\/removal.ai_5b848c54-0cdf-4140-95c5-c5536bb7573b-logodef.png","width":484,"height":182,"caption":"Aivlisoft Inform\u00e1tica"},"image":{"@id":"https:\/\/aivlisoft.net\/shop\/#\/schema\/logo\/image\/"}}]}},"_links":{"self":[{"href":"https:\/\/aivlisoft.net\/shop\/wp-json\/wp\/v2\/product\/21571","targetHints":{"allow":["GET"]}}],"collection":[{"href":"https:\/\/aivlisoft.net\/shop\/wp-json\/wp\/v2\/product"}],"about":[{"href":"https:\/\/aivlisoft.net\/shop\/wp-json\/wp\/v2\/types\/product"}],"wp:featuredmedia":[{"embeddable":true,"href":"https:\/\/aivlisoft.net\/shop\/wp-json\/wp\/v2\/media\/21572"}],"wp:attachment":[{"href":"https:\/\/aivlisoft.net\/shop\/wp-json\/wp\/v2\/media?parent=21571"}],"wp:term":[{"taxonomy":"product_brand","embeddable":true,"href":"https:\/\/aivlisoft.net\/shop\/wp-json\/wp\/v2\/product_brand?post=21571"},{"taxonomy":"product_cat","embeddable":true,"href":"https:\/\/aivlisoft.net\/shop\/wp-json\/wp\/v2\/product_cat?post=21571"},{"taxonomy":"product_tag","embeddable":true,"href":"https:\/\/aivlisoft.net\/shop\/wp-json\/wp\/v2\/product_tag?post=21571"}],"curies":[{"name":"wp","href":"https:\/\/api.w.org\/{rel}","templated":true}]}}