{"id":21565,"date":"2025-01-13T15:55:40","date_gmt":"2025-01-13T15:55:40","guid":{"rendered":"https:\/\/aivlisoft.com\/?post_type=product&#038;p=21565"},"modified":"2025-01-14T19:49:57","modified_gmt":"2025-01-14T19:49:57","slug":"motorola-t42-walkie-talkie-4km-16ch-rojo-duo","status":"publish","type":"product","link":"https:\/\/aivlisoft.net\/shop\/producto\/motorola-t42-walkie-talkie-4km-16ch-rojo-duo\/","title":{"rendered":"MOTOROLA T42 Walkie Talkie 4Km 16CH Rojo Duo"},"content":{"rendered":"<p><\/p>\n<table>\n<tbody>\n<tr>\n<td><strong>Marca<\/strong><\/td>\n<td>Motorola<\/td>\n<\/tr>\n<tr>\n<td><strong>Modelo<\/strong><\/td>\n<td><strong>B4P00811RDKMAW<\/strong><\/td>\n<\/tr>\n<tr>\n<td><strong>Caracteristicas<\/strong><\/td>\n<td>&#8211; Banda de frecuencia: PMR446<br \/>&#8211; Tx Potencia: 500mW<br \/>&#8211; Ancho de banda: 12.5Khz<br \/>&#8211; Canales: 16 +121 c&oacute;digos de privacidad<br \/>&#8211; Alcance: hasta 4 km<br \/>&#8211; Funci&oacute;n de llamada de grupo de emparejamiento f&aacute;cil<br \/>&#8211; Pantalla retroiluminada<br \/>&#8211; Manos libres<br \/>&#8211; Escanear \/ monitor<br \/>&#8211; Pegatinas de personalizaci&oacute;n<br \/><strong>Mec&aacute;nica<\/strong><br \/>&#8211; Bloqueo de teclado<br \/>&#8211; Indicador de nivel de bater&iacute;a<br \/>&#8211; Pinza de cintur&oacute;n<br \/><strong>Alertas<\/strong><br \/>&#8211; 20 tonos de llamada<br \/>&#8211; Los tonos del teclado<br \/>&#8211; Tono de confirmaci&oacute;n de conversaci&oacute;n \/ Roger beep<br \/><strong>Alimentaci&oacute;n<\/strong><br \/>&#8211; 3 x Pilas Alcalinas AAA (no incluidas)<br \/><strong>Dimensiones y peso<\/strong><br \/>&#8211; Tama&ntilde;o(An x Alt x Prof): 4.8 x 13.6 x 2.7 cm<br \/><strong>Contenido<\/strong><br \/>&#8211; 2 walkie-talkies<br \/>&#8211; 2 clips para el cintur&oacute;n<br \/>&#8211; Pegatinas de personalizaci&oacute;n (16 piezas)<br \/>&#8211; Manual de instrucciones<\/td>\n<\/tr>\n<tr>\n<td><strong>Fecha de revisi&oacute;n<\/strong><\/td>\n<td>21-09-2018 por MSB<\/td>\n<\/tr>\n<\/tbody>\n<\/table>\n","protected":false},"excerpt":{"rendered":"<p>Marca Motorola Modelo B4P00811RDKMAW Caracteristicas &#8211; Banda de frecuencia: PMR446&#8211; Tx Potencia: 500mW&#8211; Ancho de banda: 12.5Khz&#8211; Canales: 16 +121 c&oacute;digos de privacidad&#8211; Alcance: hasta 4 km&#8211; Funci&oacute;n de llamada de grupo de emparejamiento f&aacute;cil&#8211; Pantalla retroiluminada&#8211; Manos libres&#8211; Escanear \/ monitor&#8211; Pegatinas de personalizaci&oacute;nMec&aacute;nica&#8211; Bloqueo de teclado&#8211; Indicador de nivel de bater&iacute;a&#8211; Pinza de&hellip;&nbsp;<a href=\"https:\/\/aivlisoft.net\/shop\/producto\/motorola-t42-walkie-talkie-4km-16ch-rojo-duo\/\" rel=\"bookmark\"><span class=\"screen-reader-text\">MOTOROLA T42 Walkie Talkie 4Km 16CH Rojo Duo<\/span><\/a><\/p>\n","protected":false},"featured_media":21566,"template":"","meta":{"neve_meta_sidebar":"","neve_meta_container":"","neve_meta_enable_content_width":"","neve_meta_content_width":0,"neve_meta_title_alignment":"","neve_meta_author_avatar":"","neve_post_elements_order":"","neve_meta_disable_header":"","neve_meta_disable_footer":"","neve_meta_disable_title":""},"product_brand":[],"product_cat":[15,7909],"product_tag":[7612],"class_list":{"0":"post-21565","1":"product","2":"type-product","3":"status-publish","4":"has-post-thumbnail","6":"product_cat-sin-categorizar","7":"product_cat-telefonia-ip","8":"product_tag-b4p00811rdkmaw","10":"first","11":"instock","12":"taxable","13":"shipping-taxable","14":"purchasable","15":"product-type-simple"},"yoast_head":"<!-- This site is optimized with the Yoast SEO plugin v26.0 - https:\/\/yoast.com\/wordpress\/plugins\/seo\/ -->\n<title>MOTOROLA T42 Walkie Talkie 4Km 16CH Rojo Duo - Aivlisoft Inform\u00e1tica<\/title>\n<meta name=\"robots\" content=\"index, follow, max-snippet:-1, max-image-preview:large, max-video-preview:-1\" \/>\n<link rel=\"canonical\" href=\"https:\/\/aivlisoft.net\/shop\/producto\/motorola-t42-walkie-talkie-4km-16ch-rojo-duo\/\" \/>\n<meta property=\"og:locale\" content=\"es_ES\" \/>\n<meta property=\"og:type\" content=\"article\" \/>\n<meta property=\"og:title\" content=\"MOTOROLA T42 Walkie Talkie 4Km 16CH Rojo Duo - Aivlisoft Inform\u00e1tica\" \/>\n<meta property=\"og:description\" content=\"Marca Motorola Modelo B4P00811RDKMAW Caracteristicas &#8211; Banda de frecuencia: PMR446&#8211; Tx Potencia: 500mW&#8211; Ancho de banda: 12.5Khz&#8211; Canales: 16 +121 c&oacute;digos de privacidad&#8211; Alcance: hasta 4 km&#8211; Funci&oacute;n de llamada de grupo de emparejamiento f&aacute;cil&#8211; Pantalla retroiluminada&#8211; Manos libres&#8211; Escanear \/ monitor&#8211; Pegatinas de personalizaci&oacute;nMec&aacute;nica&#8211; Bloqueo de teclado&#8211; Indicador de nivel de bater&iacute;a&#8211; Pinza de&hellip;&nbsp;MOTOROLA T42 Walkie Talkie 4Km 16CH Rojo Duo\" \/>\n<meta property=\"og:url\" content=\"https:\/\/aivlisoft.net\/shop\/producto\/motorola-t42-walkie-talkie-4km-16ch-rojo-duo\/\" \/>\n<meta property=\"og:site_name\" content=\"Aivlisoft Inform\u00e1tica\" \/>\n<meta property=\"article:modified_time\" content=\"2025-01-14T19:49:57+00:00\" \/>\n<meta property=\"og:image\" content=\"https:\/\/aivlisoft.net\/shop\/wp-content\/uploads\/2025\/01\/NTEINT0027_800.jpg\" \/>\n\t<meta property=\"og:image:width\" content=\"800\" \/>\n\t<meta property=\"og:image:height\" content=\"800\" \/>\n\t<meta property=\"og:image:type\" content=\"image\/jpeg\" \/>\n<meta name=\"twitter:card\" content=\"summary_large_image\" \/>\n<meta name=\"twitter:label1\" content=\"Tiempo de lectura\" \/>\n\t<meta name=\"twitter:data1\" content=\"1 minuto\" \/>\n<script type=\"application\/ld+json\" class=\"yoast-schema-graph\">{\"@context\":\"https:\/\/schema.org\",\"@graph\":[{\"@type\":\"WebPage\",\"@id\":\"https:\/\/aivlisoft.net\/shop\/producto\/motorola-t42-walkie-talkie-4km-16ch-rojo-duo\/\",\"url\":\"https:\/\/aivlisoft.net\/shop\/producto\/motorola-t42-walkie-talkie-4km-16ch-rojo-duo\/\",\"name\":\"MOTOROLA T42 Walkie Talkie 4Km 16CH Rojo Duo - Aivlisoft Inform\u00e1tica\",\"isPartOf\":{\"@id\":\"https:\/\/aivlisoft.net\/shop\/#website\"},\"primaryImageOfPage\":{\"@id\":\"https:\/\/aivlisoft.net\/shop\/producto\/motorola-t42-walkie-talkie-4km-16ch-rojo-duo\/#primaryimage\"},\"image\":{\"@id\":\"https:\/\/aivlisoft.net\/shop\/producto\/motorola-t42-walkie-talkie-4km-16ch-rojo-duo\/#primaryimage\"},\"thumbnailUrl\":\"https:\/\/aivlisoft.net\/shop\/wp-content\/uploads\/2025\/01\/NTEINT0027_800.jpg\",\"datePublished\":\"2025-01-13T15:55:40+00:00\",\"dateModified\":\"2025-01-14T19:49:57+00:00\",\"breadcrumb\":{\"@id\":\"https:\/\/aivlisoft.net\/shop\/producto\/motorola-t42-walkie-talkie-4km-16ch-rojo-duo\/#breadcrumb\"},\"inLanguage\":\"es\",\"potentialAction\":[{\"@type\":\"ReadAction\",\"target\":[\"https:\/\/aivlisoft.net\/shop\/producto\/motorola-t42-walkie-talkie-4km-16ch-rojo-duo\/\"]}]},{\"@type\":\"ImageObject\",\"inLanguage\":\"es\",\"@id\":\"https:\/\/aivlisoft.net\/shop\/producto\/motorola-t42-walkie-talkie-4km-16ch-rojo-duo\/#primaryimage\",\"url\":\"https:\/\/aivlisoft.net\/shop\/wp-content\/uploads\/2025\/01\/NTEINT0027_800.jpg\",\"contentUrl\":\"https:\/\/aivlisoft.net\/shop\/wp-content\/uploads\/2025\/01\/NTEINT0027_800.jpg\",\"width\":800,\"height\":800},{\"@type\":\"BreadcrumbList\",\"@id\":\"https:\/\/aivlisoft.net\/shop\/producto\/motorola-t42-walkie-talkie-4km-16ch-rojo-duo\/#breadcrumb\",\"itemListElement\":[{\"@type\":\"ListItem\",\"position\":1,\"name\":\"Portada\",\"item\":\"https:\/\/aivlisoft.net\/shop\/\"},{\"@type\":\"ListItem\",\"position\":2,\"name\":\"Tienda\",\"item\":\"https:\/\/aivlisoft.net\/shop\/tienda\/\"},{\"@type\":\"ListItem\",\"position\":3,\"name\":\"MOTOROLA T42 Walkie Talkie 4Km 16CH Rojo Duo\"}]},{\"@type\":\"WebSite\",\"@id\":\"https:\/\/aivlisoft.net\/shop\/#website\",\"url\":\"https:\/\/aivlisoft.net\/shop\/\",\"name\":\"Aivlisoft Inform\u00e1tica\",\"description\":\"En Aivlisoft Inform\u00e1tica ofrecemos soluciones tecnol\u00f3gicas para empresas: venta de ordenadores, consumibles, perif\u00e9ricos y m\u00e1s. Calidad, atenci\u00f3n personalizada y los mejores precios para tu negocio.\",\"publisher\":{\"@id\":\"https:\/\/aivlisoft.net\/shop\/#organization\"},\"potentialAction\":[{\"@type\":\"SearchAction\",\"target\":{\"@type\":\"EntryPoint\",\"urlTemplate\":\"https:\/\/aivlisoft.net\/shop\/?s={search_term_string}\"},\"query-input\":{\"@type\":\"PropertyValueSpecification\",\"valueRequired\":true,\"valueName\":\"search_term_string\"}}],\"inLanguage\":\"es\"},{\"@type\":\"Organization\",\"@id\":\"https:\/\/aivlisoft.net\/shop\/#organization\",\"name\":\"Aivlisoft Inform\u00e1tica\",\"url\":\"https:\/\/aivlisoft.net\/shop\/\",\"logo\":{\"@type\":\"ImageObject\",\"inLanguage\":\"es\",\"@id\":\"https:\/\/aivlisoft.net\/shop\/#\/schema\/logo\/image\/\",\"url\":\"https:\/\/aivlisoft.net\/shop\/wp-content\/uploads\/2024\/12\/removal.ai_5b848c54-0cdf-4140-95c5-c5536bb7573b-logodef.png\",\"contentUrl\":\"https:\/\/aivlisoft.net\/shop\/wp-content\/uploads\/2024\/12\/removal.ai_5b848c54-0cdf-4140-95c5-c5536bb7573b-logodef.png\",\"width\":484,\"height\":182,\"caption\":\"Aivlisoft Inform\u00e1tica\"},\"image\":{\"@id\":\"https:\/\/aivlisoft.net\/shop\/#\/schema\/logo\/image\/\"}}]}<\/script>\n<!-- \/ Yoast SEO plugin. -->","yoast_head_json":{"title":"MOTOROLA T42 Walkie Talkie 4Km 16CH Rojo Duo - Aivlisoft Inform\u00e1tica","robots":{"index":"index","follow":"follow","max-snippet":"max-snippet:-1","max-image-preview":"max-image-preview:large","max-video-preview":"max-video-preview:-1"},"canonical":"https:\/\/aivlisoft.net\/shop\/producto\/motorola-t42-walkie-talkie-4km-16ch-rojo-duo\/","og_locale":"es_ES","og_type":"article","og_title":"MOTOROLA T42 Walkie Talkie 4Km 16CH Rojo Duo - Aivlisoft Inform\u00e1tica","og_description":"Marca Motorola Modelo B4P00811RDKMAW Caracteristicas &#8211; Banda de frecuencia: PMR446&#8211; Tx Potencia: 500mW&#8211; Ancho de banda: 12.5Khz&#8211; Canales: 16 +121 c&oacute;digos de privacidad&#8211; Alcance: hasta 4 km&#8211; Funci&oacute;n de llamada de grupo de emparejamiento f&aacute;cil&#8211; Pantalla retroiluminada&#8211; Manos libres&#8211; Escanear \/ monitor&#8211; Pegatinas de personalizaci&oacute;nMec&aacute;nica&#8211; Bloqueo de teclado&#8211; Indicador de nivel de bater&iacute;a&#8211; Pinza de&hellip;&nbsp;MOTOROLA T42 Walkie Talkie 4Km 16CH Rojo Duo","og_url":"https:\/\/aivlisoft.net\/shop\/producto\/motorola-t42-walkie-talkie-4km-16ch-rojo-duo\/","og_site_name":"Aivlisoft Inform\u00e1tica","article_modified_time":"2025-01-14T19:49:57+00:00","og_image":[{"width":800,"height":800,"url":"https:\/\/aivlisoft.net\/shop\/wp-content\/uploads\/2025\/01\/NTEINT0027_800.jpg","type":"image\/jpeg"}],"twitter_card":"summary_large_image","twitter_misc":{"Tiempo de lectura":"1 minuto"},"schema":{"@context":"https:\/\/schema.org","@graph":[{"@type":"WebPage","@id":"https:\/\/aivlisoft.net\/shop\/producto\/motorola-t42-walkie-talkie-4km-16ch-rojo-duo\/","url":"https:\/\/aivlisoft.net\/shop\/producto\/motorola-t42-walkie-talkie-4km-16ch-rojo-duo\/","name":"MOTOROLA T42 Walkie Talkie 4Km 16CH Rojo Duo - Aivlisoft Inform\u00e1tica","isPartOf":{"@id":"https:\/\/aivlisoft.net\/shop\/#website"},"primaryImageOfPage":{"@id":"https:\/\/aivlisoft.net\/shop\/producto\/motorola-t42-walkie-talkie-4km-16ch-rojo-duo\/#primaryimage"},"image":{"@id":"https:\/\/aivlisoft.net\/shop\/producto\/motorola-t42-walkie-talkie-4km-16ch-rojo-duo\/#primaryimage"},"thumbnailUrl":"https:\/\/aivlisoft.net\/shop\/wp-content\/uploads\/2025\/01\/NTEINT0027_800.jpg","datePublished":"2025-01-13T15:55:40+00:00","dateModified":"2025-01-14T19:49:57+00:00","breadcrumb":{"@id":"https:\/\/aivlisoft.net\/shop\/producto\/motorola-t42-walkie-talkie-4km-16ch-rojo-duo\/#breadcrumb"},"inLanguage":"es","potentialAction":[{"@type":"ReadAction","target":["https:\/\/aivlisoft.net\/shop\/producto\/motorola-t42-walkie-talkie-4km-16ch-rojo-duo\/"]}]},{"@type":"ImageObject","inLanguage":"es","@id":"https:\/\/aivlisoft.net\/shop\/producto\/motorola-t42-walkie-talkie-4km-16ch-rojo-duo\/#primaryimage","url":"https:\/\/aivlisoft.net\/shop\/wp-content\/uploads\/2025\/01\/NTEINT0027_800.jpg","contentUrl":"https:\/\/aivlisoft.net\/shop\/wp-content\/uploads\/2025\/01\/NTEINT0027_800.jpg","width":800,"height":800},{"@type":"BreadcrumbList","@id":"https:\/\/aivlisoft.net\/shop\/producto\/motorola-t42-walkie-talkie-4km-16ch-rojo-duo\/#breadcrumb","itemListElement":[{"@type":"ListItem","position":1,"name":"Portada","item":"https:\/\/aivlisoft.net\/shop\/"},{"@type":"ListItem","position":2,"name":"Tienda","item":"https:\/\/aivlisoft.net\/shop\/tienda\/"},{"@type":"ListItem","position":3,"name":"MOTOROLA T42 Walkie Talkie 4Km 16CH Rojo Duo"}]},{"@type":"WebSite","@id":"https:\/\/aivlisoft.net\/shop\/#website","url":"https:\/\/aivlisoft.net\/shop\/","name":"Aivlisoft Inform\u00e1tica","description":"En Aivlisoft Inform\u00e1tica ofrecemos soluciones tecnol\u00f3gicas para empresas: venta de ordenadores, consumibles, perif\u00e9ricos y m\u00e1s. Calidad, atenci\u00f3n personalizada y los mejores precios para tu negocio.","publisher":{"@id":"https:\/\/aivlisoft.net\/shop\/#organization"},"potentialAction":[{"@type":"SearchAction","target":{"@type":"EntryPoint","urlTemplate":"https:\/\/aivlisoft.net\/shop\/?s={search_term_string}"},"query-input":{"@type":"PropertyValueSpecification","valueRequired":true,"valueName":"search_term_string"}}],"inLanguage":"es"},{"@type":"Organization","@id":"https:\/\/aivlisoft.net\/shop\/#organization","name":"Aivlisoft Inform\u00e1tica","url":"https:\/\/aivlisoft.net\/shop\/","logo":{"@type":"ImageObject","inLanguage":"es","@id":"https:\/\/aivlisoft.net\/shop\/#\/schema\/logo\/image\/","url":"https:\/\/aivlisoft.net\/shop\/wp-content\/uploads\/2024\/12\/removal.ai_5b848c54-0cdf-4140-95c5-c5536bb7573b-logodef.png","contentUrl":"https:\/\/aivlisoft.net\/shop\/wp-content\/uploads\/2024\/12\/removal.ai_5b848c54-0cdf-4140-95c5-c5536bb7573b-logodef.png","width":484,"height":182,"caption":"Aivlisoft Inform\u00e1tica"},"image":{"@id":"https:\/\/aivlisoft.net\/shop\/#\/schema\/logo\/image\/"}}]}},"_links":{"self":[{"href":"https:\/\/aivlisoft.net\/shop\/wp-json\/wp\/v2\/product\/21565","targetHints":{"allow":["GET"]}}],"collection":[{"href":"https:\/\/aivlisoft.net\/shop\/wp-json\/wp\/v2\/product"}],"about":[{"href":"https:\/\/aivlisoft.net\/shop\/wp-json\/wp\/v2\/types\/product"}],"wp:featuredmedia":[{"embeddable":true,"href":"https:\/\/aivlisoft.net\/shop\/wp-json\/wp\/v2\/media\/21566"}],"wp:attachment":[{"href":"https:\/\/aivlisoft.net\/shop\/wp-json\/wp\/v2\/media?parent=21565"}],"wp:term":[{"taxonomy":"product_brand","embeddable":true,"href":"https:\/\/aivlisoft.net\/shop\/wp-json\/wp\/v2\/product_brand?post=21565"},{"taxonomy":"product_cat","embeddable":true,"href":"https:\/\/aivlisoft.net\/shop\/wp-json\/wp\/v2\/product_cat?post=21565"},{"taxonomy":"product_tag","embeddable":true,"href":"https:\/\/aivlisoft.net\/shop\/wp-json\/wp\/v2\/product_tag?post=21565"}],"curies":[{"name":"wp","href":"https:\/\/api.w.org\/{rel}","templated":true}]}}