{"id":21528,"date":"2025-01-13T15:55:06","date_gmt":"2025-01-13T15:55:06","guid":{"rendered":"https:\/\/aivlisoft.com\/?post_type=product&#038;p=21528"},"modified":"2025-01-14T11:56:37","modified_gmt":"2025-01-14T11:56:37","slug":"ubiquiti-usw-flex-3-4xgbe-poe-1xgbe-poe-ip55","status":"publish","type":"product","link":"https:\/\/aivlisoft.net\/shop\/producto\/ubiquiti-usw-flex-3-4xgbe-poe-1xgbe-poe-ip55\/","title":{"rendered":"Ubiquiti USW-Flex-3 4xGbE PoE+ 1xGbE PoE++ IP55"},"content":{"rendered":"<p><\/p>\n<table class=\"tabla_caracteristicas k-table\" width=\"100%\">\n<tr>\n<td><strong>Marca<\/strong><\/td>\n<td>Ubiquiti<\/td>\n<\/tr>\n<tr>\n<td><strong>Modelo<\/strong><\/td>\n<td>\n<div><strong>USW-Flex-3<\/strong><\/div>\n<\/td>\n<\/tr>\n<tr>\n<td valign=\"top\"><strong>Interfaces<\/strong><\/td>\n<td>&#8211; Interfaz de gesti&oacute;n: Ethernet en banda<br \/>\t\t\t&#8211; Interfaz de red: (5) puertos GbE RJ45<br \/>\t\t\t&#8211; Interfaz PoE: (4) PoE+ (Pines 1, 2+; 3, 6-)<\/td>\n<\/tr>\n<tr>\n<td valign=\"top\"><strong>Hardware<\/strong><\/td>\n<td>&#8211; Rendimiento total sin bloqueo: 5 Gbps<br \/>\t\t\t&#8211; Capacidad de conmutaci&oacute;n: 10 Gbps<br \/>\t\t\t&#8211; M&eacute;todo de alimentaci&oacute;n: PoE++<br \/>\t\t\t&#8211; Fuente de alimentaci&oacute;n:<br \/>\t\t\t&nbsp; PoE\/PoE+ (Pines 1, 2+; 3, 6-)<br \/>\t\t\t&nbsp; PoE++ (Pines 1, 2+; 3, 6- y 4, 5+; 7, \ud83d\ude0e<br \/>\t\t\t&nbsp; Adaptador PoE de 50 V\/60 W (no incluido)<br \/>\t\t\t&#8211; Rango de voltaje admitido:<br \/>\t\t\t&nbsp; PoE: 44&mdash;57 VCC<br \/>\t\t\t&nbsp; PoE+\/PoE++: 50&mdash;57 VCC<br \/>\t\t\t&#8211; M&aacute;x. consumo de energ&iacute;a: 5W (excluyendo salida PoE)<br \/>\t\t\t&#8211; PoE total disponible: 46 W*<br \/>\t\t\t*Cuando se alimenta con un conmutador PoE++ o un adaptador PoE de 60 W (se vende por separado).<br \/>\t\t\t&#8211; M&aacute;x. Potencia PoE por puerto por PSE: 25W<br \/>\t\t\t&#8211; Protecci&oacute;n ESD\/EMP: Aire\/contacto &plusmn; 16kV<br \/>\t\t\t&#8211; Bot&oacute;n: Restablecer valores de f&aacute;brica<br \/>\t\t\t&#8211; Temperatura ambiente de funcionamiento<br \/>\t\t\t&nbsp; Salida PoE de 46 W: -40 a 55 &deg;C (-40 a 131 &deg;F)<br \/>\t\t\t&nbsp; Salida PoE de 25 W: -40 a 65 &deg;C (-40 a 149 &deg;F)<br \/>\t\t\t&#8211; Humedad ambiente de funcionamiento: Del 5 al 95% sin condensaci&oacute;n<br \/>\t\t\t&#8211; Certificaciones: CE, FCC, IC<\/td>\n<\/tr>\n<tr>\n<td valign=\"top\"><strong>Otras caracter&iacute;sticas<\/strong><\/td>\n<td>\n<div><strong>Funciones de conmutaci&oacute;n<\/strong><br \/>\t\t\t&#8211; Caracter&iacute;sticas de la capa 2<br \/>\t\t\t&nbsp; Aislamiento de puertos<br \/>\t\t\t&nbsp; Duplicaci&oacute;n de puertos<br \/>\t\t\t&nbsp; Limitaci&oacute;n de velocidad de multidifusi&oacute;n\/difusi&oacute;n<br \/>\t\t\t&nbsp; Control de flujo<br \/>\t\t\t&nbsp; Marcos gigantes<br \/>\t\t\t&nbsp; L&iacute;mite de tasa de salida<br \/>\t\t\t<strong>LED<\/strong><br \/>\t\t\t&#8211; Estado del sistema: Ethernet PoE<br \/>\t\t\t&#8211; Velocidad\/enlace\/actividad: Enlace PoE\/actividad<br \/>\t\t\t<strong>Dimensiones y peso<br \/>\t\t\t&#8211; <\/strong>122,5 x 107,1 x 28 mm<br \/>\t\t\t&#8211; 230 g<\/div>\n<\/td>\n<\/tr>\n<tr>\n<td><strong>Fecha Revisi&oacute;n<\/strong><\/td>\n<td>14-11-2024 por RTY<\/td>\n<\/tr>\n<\/table>\n","protected":false},"excerpt":{"rendered":"<p>Marca Ubiquiti Modelo USW-Flex-3 Interfaces &#8211; Interfaz de gesti&oacute;n: Ethernet en banda &#8211; Interfaz de red: (5) puertos GbE RJ45 &#8211; Interfaz PoE: (4) PoE+ (Pines 1, 2+; 3, 6-) Hardware &#8211; Rendimiento total sin bloqueo: 5 Gbps &#8211; Capacidad de conmutaci&oacute;n: 10 Gbps &#8211; M&eacute;todo de alimentaci&oacute;n: PoE++ &#8211; Fuente de alimentaci&oacute;n: &nbsp; PoE\/PoE+&hellip;&nbsp;<a href=\"https:\/\/aivlisoft.net\/shop\/producto\/ubiquiti-usw-flex-3-4xgbe-poe-1xgbe-poe-ip55\/\" rel=\"bookmark\"><span class=\"screen-reader-text\">Ubiquiti USW-Flex-3 4xGbE PoE+ 1xGbE PoE++ IP55<\/span><\/a><\/p>\n","protected":false},"featured_media":21529,"template":"","meta":{"neve_meta_sidebar":"","neve_meta_container":"","neve_meta_enable_content_width":"","neve_meta_content_width":0,"neve_meta_title_alignment":"","neve_meta_author_avatar":"","neve_post_elements_order":"","neve_meta_disable_header":"","neve_meta_disable_footer":"","neve_meta_disable_title":""},"product_brand":[],"product_cat":[8773],"product_tag":[7595],"class_list":{"0":"post-21528","1":"product","2":"type-product","3":"status-publish","4":"has-post-thumbnail","6":"product_cat-switches-sobremesa","7":"product_tag-usw-flex-3","9":"first","10":"instock","11":"taxable","12":"shipping-taxable","13":"purchasable","14":"product-type-simple"},"yoast_head":"<!-- This site is optimized with the Yoast SEO plugin v26.0 - https:\/\/yoast.com\/wordpress\/plugins\/seo\/ -->\n<title>Ubiquiti USW-Flex-3 4xGbE PoE+ 1xGbE PoE++ IP55 - Aivlisoft Inform\u00e1tica<\/title>\n<meta name=\"robots\" content=\"index, follow, max-snippet:-1, max-image-preview:large, max-video-preview:-1\" \/>\n<link rel=\"canonical\" href=\"https:\/\/aivlisoft.net\/shop\/producto\/ubiquiti-usw-flex-3-4xgbe-poe-1xgbe-poe-ip55\/\" \/>\n<meta property=\"og:locale\" content=\"es_ES\" \/>\n<meta property=\"og:type\" content=\"article\" \/>\n<meta property=\"og:title\" content=\"Ubiquiti USW-Flex-3 4xGbE PoE+ 1xGbE PoE++ IP55 - Aivlisoft Inform\u00e1tica\" \/>\n<meta property=\"og:description\" content=\"Marca Ubiquiti Modelo USW-Flex-3 Interfaces &#8211; Interfaz de gesti&oacute;n: Ethernet en banda &#8211; Interfaz de red: (5) puertos GbE RJ45 &#8211; Interfaz PoE: (4) PoE+ (Pines 1, 2+; 3, 6-) Hardware &#8211; Rendimiento total sin bloqueo: 5 Gbps &#8211; Capacidad de conmutaci&oacute;n: 10 Gbps &#8211; M&eacute;todo de alimentaci&oacute;n: PoE++ &#8211; Fuente de alimentaci&oacute;n: &nbsp; PoE\/PoE+&hellip;&nbsp;Ubiquiti USW-Flex-3 4xGbE PoE+ 1xGbE PoE++ IP55\" \/>\n<meta property=\"og:url\" content=\"https:\/\/aivlisoft.net\/shop\/producto\/ubiquiti-usw-flex-3-4xgbe-poe-1xgbe-poe-ip55\/\" \/>\n<meta property=\"og:site_name\" content=\"Aivlisoft Inform\u00e1tica\" \/>\n<meta property=\"article:modified_time\" content=\"2025-01-14T11:56:37+00:00\" \/>\n<meta property=\"og:image\" content=\"https:\/\/aivlisoft.net\/shop\/wp-content\/uploads\/2025\/01\/NSWSSO0371_800.jpg\" \/>\n\t<meta property=\"og:image:width\" content=\"800\" \/>\n\t<meta property=\"og:image:height\" content=\"800\" \/>\n\t<meta property=\"og:image:type\" content=\"image\/jpeg\" \/>\n<meta name=\"twitter:card\" content=\"summary_large_image\" \/>\n<meta name=\"twitter:label1\" content=\"Tiempo de lectura\" \/>\n\t<meta name=\"twitter:data1\" content=\"1 minuto\" \/>\n<script type=\"application\/ld+json\" class=\"yoast-schema-graph\">{\"@context\":\"https:\/\/schema.org\",\"@graph\":[{\"@type\":\"WebPage\",\"@id\":\"https:\/\/aivlisoft.net\/shop\/producto\/ubiquiti-usw-flex-3-4xgbe-poe-1xgbe-poe-ip55\/\",\"url\":\"https:\/\/aivlisoft.net\/shop\/producto\/ubiquiti-usw-flex-3-4xgbe-poe-1xgbe-poe-ip55\/\",\"name\":\"Ubiquiti USW-Flex-3 4xGbE PoE+ 1xGbE PoE++ IP55 - Aivlisoft Inform\u00e1tica\",\"isPartOf\":{\"@id\":\"https:\/\/aivlisoft.net\/shop\/#website\"},\"primaryImageOfPage\":{\"@id\":\"https:\/\/aivlisoft.net\/shop\/producto\/ubiquiti-usw-flex-3-4xgbe-poe-1xgbe-poe-ip55\/#primaryimage\"},\"image\":{\"@id\":\"https:\/\/aivlisoft.net\/shop\/producto\/ubiquiti-usw-flex-3-4xgbe-poe-1xgbe-poe-ip55\/#primaryimage\"},\"thumbnailUrl\":\"https:\/\/aivlisoft.net\/shop\/wp-content\/uploads\/2025\/01\/NSWSSO0371_800.jpg\",\"datePublished\":\"2025-01-13T15:55:06+00:00\",\"dateModified\":\"2025-01-14T11:56:37+00:00\",\"breadcrumb\":{\"@id\":\"https:\/\/aivlisoft.net\/shop\/producto\/ubiquiti-usw-flex-3-4xgbe-poe-1xgbe-poe-ip55\/#breadcrumb\"},\"inLanguage\":\"es\",\"potentialAction\":[{\"@type\":\"ReadAction\",\"target\":[\"https:\/\/aivlisoft.net\/shop\/producto\/ubiquiti-usw-flex-3-4xgbe-poe-1xgbe-poe-ip55\/\"]}]},{\"@type\":\"ImageObject\",\"inLanguage\":\"es\",\"@id\":\"https:\/\/aivlisoft.net\/shop\/producto\/ubiquiti-usw-flex-3-4xgbe-poe-1xgbe-poe-ip55\/#primaryimage\",\"url\":\"https:\/\/aivlisoft.net\/shop\/wp-content\/uploads\/2025\/01\/NSWSSO0371_800.jpg\",\"contentUrl\":\"https:\/\/aivlisoft.net\/shop\/wp-content\/uploads\/2025\/01\/NSWSSO0371_800.jpg\",\"width\":800,\"height\":800},{\"@type\":\"BreadcrumbList\",\"@id\":\"https:\/\/aivlisoft.net\/shop\/producto\/ubiquiti-usw-flex-3-4xgbe-poe-1xgbe-poe-ip55\/#breadcrumb\",\"itemListElement\":[{\"@type\":\"ListItem\",\"position\":1,\"name\":\"Portada\",\"item\":\"https:\/\/aivlisoft.net\/shop\/\"},{\"@type\":\"ListItem\",\"position\":2,\"name\":\"Tienda\",\"item\":\"https:\/\/aivlisoft.net\/shop\/tienda\/\"},{\"@type\":\"ListItem\",\"position\":3,\"name\":\"Ubiquiti USW-Flex-3 4xGbE PoE+ 1xGbE PoE++ IP55\"}]},{\"@type\":\"WebSite\",\"@id\":\"https:\/\/aivlisoft.net\/shop\/#website\",\"url\":\"https:\/\/aivlisoft.net\/shop\/\",\"name\":\"Aivlisoft Inform\u00e1tica\",\"description\":\"En Aivlisoft Inform\u00e1tica ofrecemos soluciones tecnol\u00f3gicas para empresas: venta de ordenadores, consumibles, perif\u00e9ricos y m\u00e1s. Calidad, atenci\u00f3n personalizada y los mejores precios para tu negocio.\",\"publisher\":{\"@id\":\"https:\/\/aivlisoft.net\/shop\/#organization\"},\"potentialAction\":[{\"@type\":\"SearchAction\",\"target\":{\"@type\":\"EntryPoint\",\"urlTemplate\":\"https:\/\/aivlisoft.net\/shop\/?s={search_term_string}\"},\"query-input\":{\"@type\":\"PropertyValueSpecification\",\"valueRequired\":true,\"valueName\":\"search_term_string\"}}],\"inLanguage\":\"es\"},{\"@type\":\"Organization\",\"@id\":\"https:\/\/aivlisoft.net\/shop\/#organization\",\"name\":\"Aivlisoft Inform\u00e1tica\",\"url\":\"https:\/\/aivlisoft.net\/shop\/\",\"logo\":{\"@type\":\"ImageObject\",\"inLanguage\":\"es\",\"@id\":\"https:\/\/aivlisoft.net\/shop\/#\/schema\/logo\/image\/\",\"url\":\"https:\/\/aivlisoft.net\/shop\/wp-content\/uploads\/2024\/12\/removal.ai_5b848c54-0cdf-4140-95c5-c5536bb7573b-logodef.png\",\"contentUrl\":\"https:\/\/aivlisoft.net\/shop\/wp-content\/uploads\/2024\/12\/removal.ai_5b848c54-0cdf-4140-95c5-c5536bb7573b-logodef.png\",\"width\":484,\"height\":182,\"caption\":\"Aivlisoft Inform\u00e1tica\"},\"image\":{\"@id\":\"https:\/\/aivlisoft.net\/shop\/#\/schema\/logo\/image\/\"}}]}<\/script>\n<!-- \/ Yoast SEO plugin. -->","yoast_head_json":{"title":"Ubiquiti USW-Flex-3 4xGbE PoE+ 1xGbE PoE++ IP55 - Aivlisoft Inform\u00e1tica","robots":{"index":"index","follow":"follow","max-snippet":"max-snippet:-1","max-image-preview":"max-image-preview:large","max-video-preview":"max-video-preview:-1"},"canonical":"https:\/\/aivlisoft.net\/shop\/producto\/ubiquiti-usw-flex-3-4xgbe-poe-1xgbe-poe-ip55\/","og_locale":"es_ES","og_type":"article","og_title":"Ubiquiti USW-Flex-3 4xGbE PoE+ 1xGbE PoE++ IP55 - Aivlisoft Inform\u00e1tica","og_description":"Marca Ubiquiti Modelo USW-Flex-3 Interfaces &#8211; Interfaz de gesti&oacute;n: Ethernet en banda &#8211; Interfaz de red: (5) puertos GbE RJ45 &#8211; Interfaz PoE: (4) PoE+ (Pines 1, 2+; 3, 6-) Hardware &#8211; Rendimiento total sin bloqueo: 5 Gbps &#8211; Capacidad de conmutaci&oacute;n: 10 Gbps &#8211; M&eacute;todo de alimentaci&oacute;n: PoE++ &#8211; Fuente de alimentaci&oacute;n: &nbsp; PoE\/PoE+&hellip;&nbsp;Ubiquiti USW-Flex-3 4xGbE PoE+ 1xGbE PoE++ IP55","og_url":"https:\/\/aivlisoft.net\/shop\/producto\/ubiquiti-usw-flex-3-4xgbe-poe-1xgbe-poe-ip55\/","og_site_name":"Aivlisoft Inform\u00e1tica","article_modified_time":"2025-01-14T11:56:37+00:00","og_image":[{"width":800,"height":800,"url":"https:\/\/aivlisoft.net\/shop\/wp-content\/uploads\/2025\/01\/NSWSSO0371_800.jpg","type":"image\/jpeg"}],"twitter_card":"summary_large_image","twitter_misc":{"Tiempo de lectura":"1 minuto"},"schema":{"@context":"https:\/\/schema.org","@graph":[{"@type":"WebPage","@id":"https:\/\/aivlisoft.net\/shop\/producto\/ubiquiti-usw-flex-3-4xgbe-poe-1xgbe-poe-ip55\/","url":"https:\/\/aivlisoft.net\/shop\/producto\/ubiquiti-usw-flex-3-4xgbe-poe-1xgbe-poe-ip55\/","name":"Ubiquiti USW-Flex-3 4xGbE PoE+ 1xGbE PoE++ IP55 - Aivlisoft Inform\u00e1tica","isPartOf":{"@id":"https:\/\/aivlisoft.net\/shop\/#website"},"primaryImageOfPage":{"@id":"https:\/\/aivlisoft.net\/shop\/producto\/ubiquiti-usw-flex-3-4xgbe-poe-1xgbe-poe-ip55\/#primaryimage"},"image":{"@id":"https:\/\/aivlisoft.net\/shop\/producto\/ubiquiti-usw-flex-3-4xgbe-poe-1xgbe-poe-ip55\/#primaryimage"},"thumbnailUrl":"https:\/\/aivlisoft.net\/shop\/wp-content\/uploads\/2025\/01\/NSWSSO0371_800.jpg","datePublished":"2025-01-13T15:55:06+00:00","dateModified":"2025-01-14T11:56:37+00:00","breadcrumb":{"@id":"https:\/\/aivlisoft.net\/shop\/producto\/ubiquiti-usw-flex-3-4xgbe-poe-1xgbe-poe-ip55\/#breadcrumb"},"inLanguage":"es","potentialAction":[{"@type":"ReadAction","target":["https:\/\/aivlisoft.net\/shop\/producto\/ubiquiti-usw-flex-3-4xgbe-poe-1xgbe-poe-ip55\/"]}]},{"@type":"ImageObject","inLanguage":"es","@id":"https:\/\/aivlisoft.net\/shop\/producto\/ubiquiti-usw-flex-3-4xgbe-poe-1xgbe-poe-ip55\/#primaryimage","url":"https:\/\/aivlisoft.net\/shop\/wp-content\/uploads\/2025\/01\/NSWSSO0371_800.jpg","contentUrl":"https:\/\/aivlisoft.net\/shop\/wp-content\/uploads\/2025\/01\/NSWSSO0371_800.jpg","width":800,"height":800},{"@type":"BreadcrumbList","@id":"https:\/\/aivlisoft.net\/shop\/producto\/ubiquiti-usw-flex-3-4xgbe-poe-1xgbe-poe-ip55\/#breadcrumb","itemListElement":[{"@type":"ListItem","position":1,"name":"Portada","item":"https:\/\/aivlisoft.net\/shop\/"},{"@type":"ListItem","position":2,"name":"Tienda","item":"https:\/\/aivlisoft.net\/shop\/tienda\/"},{"@type":"ListItem","position":3,"name":"Ubiquiti USW-Flex-3 4xGbE PoE+ 1xGbE PoE++ IP55"}]},{"@type":"WebSite","@id":"https:\/\/aivlisoft.net\/shop\/#website","url":"https:\/\/aivlisoft.net\/shop\/","name":"Aivlisoft Inform\u00e1tica","description":"En Aivlisoft Inform\u00e1tica ofrecemos soluciones tecnol\u00f3gicas para empresas: venta de ordenadores, consumibles, perif\u00e9ricos y m\u00e1s. Calidad, atenci\u00f3n personalizada y los mejores precios para tu negocio.","publisher":{"@id":"https:\/\/aivlisoft.net\/shop\/#organization"},"potentialAction":[{"@type":"SearchAction","target":{"@type":"EntryPoint","urlTemplate":"https:\/\/aivlisoft.net\/shop\/?s={search_term_string}"},"query-input":{"@type":"PropertyValueSpecification","valueRequired":true,"valueName":"search_term_string"}}],"inLanguage":"es"},{"@type":"Organization","@id":"https:\/\/aivlisoft.net\/shop\/#organization","name":"Aivlisoft Inform\u00e1tica","url":"https:\/\/aivlisoft.net\/shop\/","logo":{"@type":"ImageObject","inLanguage":"es","@id":"https:\/\/aivlisoft.net\/shop\/#\/schema\/logo\/image\/","url":"https:\/\/aivlisoft.net\/shop\/wp-content\/uploads\/2024\/12\/removal.ai_5b848c54-0cdf-4140-95c5-c5536bb7573b-logodef.png","contentUrl":"https:\/\/aivlisoft.net\/shop\/wp-content\/uploads\/2024\/12\/removal.ai_5b848c54-0cdf-4140-95c5-c5536bb7573b-logodef.png","width":484,"height":182,"caption":"Aivlisoft Inform\u00e1tica"},"image":{"@id":"https:\/\/aivlisoft.net\/shop\/#\/schema\/logo\/image\/"}}]}},"_links":{"self":[{"href":"https:\/\/aivlisoft.net\/shop\/wp-json\/wp\/v2\/product\/21528","targetHints":{"allow":["GET"]}}],"collection":[{"href":"https:\/\/aivlisoft.net\/shop\/wp-json\/wp\/v2\/product"}],"about":[{"href":"https:\/\/aivlisoft.net\/shop\/wp-json\/wp\/v2\/types\/product"}],"wp:featuredmedia":[{"embeddable":true,"href":"https:\/\/aivlisoft.net\/shop\/wp-json\/wp\/v2\/media\/21529"}],"wp:attachment":[{"href":"https:\/\/aivlisoft.net\/shop\/wp-json\/wp\/v2\/media?parent=21528"}],"wp:term":[{"taxonomy":"product_brand","embeddable":true,"href":"https:\/\/aivlisoft.net\/shop\/wp-json\/wp\/v2\/product_brand?post=21528"},{"taxonomy":"product_cat","embeddable":true,"href":"https:\/\/aivlisoft.net\/shop\/wp-json\/wp\/v2\/product_cat?post=21528"},{"taxonomy":"product_tag","embeddable":true,"href":"https:\/\/aivlisoft.net\/shop\/wp-json\/wp\/v2\/product_tag?post=21528"}],"curies":[{"name":"wp","href":"https:\/\/api.w.org\/{rel}","templated":true}]}}