{"id":21464,"date":"2025-01-13T15:54:22","date_gmt":"2025-01-13T15:54:22","guid":{"rendered":"https:\/\/aivlisoft.com\/?post_type=product&#038;p=21464"},"modified":"2025-01-14T11:56:15","modified_gmt":"2025-01-14T11:56:15","slug":"tp-link-sg2210xmp-m2-switch-8x25gb-poe-2xsfp","status":"publish","type":"product","link":"https:\/\/aivlisoft.net\/shop\/producto\/tp-link-sg2210xmp-m2-switch-8x25gb-poe-2xsfp\/","title":{"rendered":"TP-Link SG2210XMP-M2 Switch 8&#215;2,5Gb PoE+ 2xSFP+"},"content":{"rendered":"<p><\/p>\n<table class=\"tabla_caracteristicas k-table\" width=\"100%\">\n<tr>\n<td valign=\"top\"><strong>Marca<\/strong><\/td>\n<td>TP-Link<\/td>\n<\/tr>\n<tr>\n<td><strong>Modelo<\/strong><\/td>\n<td><strong>TL-SG1005LP<\/strong><\/td>\n<\/tr>\n<tr>\n<td><strong>Caracter&iacute;sticas de Hardware<\/strong><\/td>\n<td>&#8211; Interfaz:<br \/>\t\t\t&nbsp; 8 &times; 100\/1000\/2500 Mbps RJ45 PoE+ Ports<br \/>\t\t\t&nbsp; 2 &times; 10G SFP+ Slots<br \/>\t\t\t&#8211; Cantidad de ventiladores: Fanless<br \/>\t\t\t&#8211; Bloqueo de Seguridad F&iacute;sica<br \/>\t\t\t&#8211; Fuente de Alimentaci&oacute;n: Adaptador de Corriente 53.5VDC\/3.37A<br \/>\t\t\t&#8211; Puertos PoE (RJ45)<br \/>\t\t\t&nbsp; Est&aacute;ndar: compatible con 802.3at\/af<br \/>\t\t\t&nbsp; Puertos PoE+: 8 puertos<br \/>\t\t\t&nbsp; Presupuesto de energ&iacute;a PoE: 160 W<br \/>\t\t\t&#8211; Montaje: Sobremesa\/Pared<br \/>\t\t\t&#8211; Consumo de Potencia M&aacute;ximo: 180,1 W (110V\/60Hz) (con 160 W PD conectado)<br \/>\t\t\t&#8211; Disipaci&oacute;n m&aacute;xima de calor: 614,58 BTU\/hr (110 V\/60 Hz) (con 160 W PD conectado)<br \/>\t\t\t&#8211; Dimensiones: 226 &times; 131 &times; 35 mil&iacute;metros<\/td>\n<\/tr>\n<tr>\n<td><strong>Rendimiento<\/strong><\/td>\n<td>&#8211; Capacidad de Conmutaci&oacute;n: 80 Gbps<br \/>\t\t\t&#8211; Tasa de Reenv&iacute;o de Paquetes: 59.52 Mpps<br \/>\t\t\t&#8211; Tabla de Direcciones MAC: 16 K<br \/>\t\t\t&#8211; Memoria del Buffer de Paquete: 12 Mbit<br \/>\t\t\t&#8211; Jumbo Frame: 9 KB<\/td>\n<\/tr>\n<tr>\n<td><strong>Caracter&iacute;sticas de Software<\/strong><\/td>\n<td><strong>Calidad de Servicio&nbsp;&nbsp;&nbsp; &nbsp;<\/strong><br \/>\t\t\t&#8211; 802.1p CoS\/DSCP priority<br \/>\t\t\t&#8211; 8 priority queues<br \/>\t\t\t&#8211; Priority Schedule Mode<br \/>\t\t\t&nbsp; SP (Strict Priority)<br \/>\t\t\t&nbsp; WRR (Weighted Round Robin)<br \/>\t\t\t&#8211; Queue Weight Config<br \/>\t\t\t&#8211; Bandwidth Control<br \/>\t\t\t&nbsp; Port\/Flow based Rating Limit<br \/>\t\t\t&#8211; Smoother Performance<br \/>\t\t\t&#8211; Storm Control<br \/>\t\t\t&nbsp; Multiple Control Modes(kbps\/ratio)<br \/>\t\t\t&nbsp; Broadcast\/Multicast\/Unknown-Unicast Control<br \/>\t\t\t<strong>Caracter&iacute;sticas L2 y L2+&nbsp;&nbsp;&nbsp; &nbsp;<\/strong><br \/>\t\t\t&#8211; 32 IP Interfaces: Support IPv4\/IPv6 Interface<br \/>\t\t\t&#8211; Static Routing: 32 IPv4\/IPv6 Static Routes<br \/>\t\t\t&#8211; DHCP Server<br \/>\t\t\t&#8211; DHCP Relay<br \/>\t\t\t&nbsp; DHCP Interface Relay<br \/>\t\t\t&nbsp; DHCP VLAN Relay<br \/>\t\t\t&#8211; DHCP L2 Relay<br \/>\t\t\t&#8211; Static ARP<br \/>\t\t\t&#8211; Proxy ARP<br \/>\t\t\t&#8211; Gratuitous ARP<br \/>\t\t\t&#8211; Link Aggregation<br \/>\t\t\t&#8211; Spanning Tree Protocol<br \/>\t\t\t&#8211; Loopback Detection<br \/>\t\t\t&#8211; 802.3x Flow Control<br \/>\t\t\t&#8211; Mirroring<br \/>\t\t\t&#8211; Device Link Detect Protocol (DLDP)<br \/>\t\t\t&#8211; 802.1ab LLDP\/ LLDP-MED<br \/>\t\t\t<strong>Multicast L2&nbsp;&nbsp;&nbsp; &nbsp;<\/strong><br \/>\t\t\t&#8211; 511 IPv4, IPv6 shared multicast groups<br \/>\t\t\t&#8211; IGMP Snooping<br \/>\t\t\t&#8211; Multicast VLAN Registration (MVR)<br \/>\t\t\t&#8211; Multicast Filtering<br \/>\t\t\t&#8211; Limited IP Multicast (256 profiles and 16 entries per profile)<br \/>\t\t\t<strong>Caracter&iacute;sticas Avanzadas&nbsp;&nbsp;&nbsp; &nbsp;<\/strong><br \/>\t\t\t&#8211; Automatic Device Discovery<br \/>\t\t\t&#8211; Batch Configuration<br \/>\t\t\t&#8211; Batch Firmware Upgrading<br \/>\t\t\t&#8211; Intelligent Network Monitoring<br \/>\t\t\t&#8211; Abnormal Event Warnings<br \/>\t\t\t&#8211; Unified Configuration<br \/>\t\t\t&#8211; Reboot Schedule<br \/>\t\t\t<strong>VLAN&nbsp;&nbsp;&nbsp; &nbsp;<\/strong><br \/>\t\t\t&#8211; VLAN Group<br \/>\t\t\t&nbsp; Max 4K VLAN Groups<br \/>\t\t\t&#8211; 802.1Q Tagged VLAN<br \/>\t\t\t&#8211; MAC VLAN: 12 Entries<br \/>\t\t\t&#8211; Protocol VLAN<br \/>\t\t\t&#8211; GVRP<br \/>\t\t\t&#8211; Voice VLAN<br \/>\t\t\t<strong>Lista de Control de Acceso&nbsp;&nbsp;&nbsp; &nbsp;<\/strong><br \/>\t\t\t&#8211; Support up to 230 entries<br \/>\t\t\t&#8211; Time-based ACL<br \/>\t\t\t&#8211; MAC ACL<br \/>\t\t\t&#8211; IP ACL<br \/>\t\t\t&#8211; IPv6 ACL<br \/>\t\t\t&#8211; Combined ACL<br \/>\t\t\t&#8211; Rule Operation: Permit\/Deny<br \/>\t\t\t&#8211; Policy Action<br \/>\t\t\t&nbsp; Mirroring<br \/>\t\t\t&nbsp; Redirect<br \/>\t\t\t&nbsp; Rate Limit<br \/>\t\t\t&nbsp; QoS Remark<br \/>\t\t\t&#8211; ACL Rules Binding<br \/>\t\t\t&nbsp; Port Binding<br \/>\t\t\t&nbsp; VLAN Binding<br \/>\t\t\t<strong>Seguridad&nbsp;&nbsp;&nbsp; &nbsp;<\/strong><br \/>\t\t\t&#8211; IP-MAC-Port Binding<br \/>\t\t\t&#8211; AAA<br \/>\t\t\t&#8211; 802.1X<br \/>\t\t\t&nbsp; Port based authentication<br \/>\t\t\t&nbsp; MAC (Host) based authentication<br \/>\t\t\t&nbsp; Authentication Method includes PAP\/EAP-MD5<br \/>\t\t\t&nbsp; MAB<br \/>\t\t\t&nbsp; Guest VLAN<br \/>\t\t\t&nbsp; Support Radius authentication and accountability<br \/>\t\t\t&#8211; IP\/IPv6-MAC Binding<br \/>\t\t\t&nbsp; 512 Binding Entries<br \/>\t\t\t&nbsp; DHCP Snooping<br \/>\t\t\t&nbsp; DHCPv6 Snooping<br \/>\t\t\t&nbsp; ARP Inspection<br \/>\t\t\t&nbsp; ND Detection<br \/>\t\t\t&nbsp; ND Snooping<br \/>\t\t\t&#8211; IP Source Guard<br \/>\t\t\t&nbsp; 253 Entries<br \/>\t\t\t&nbsp; Source IP+Source MAC<br \/>\t\t\t&#8211; IPv6 Source Guard<br \/>\t\t\t&nbsp; 183 Entries<br \/>\t\t\t&nbsp; Source IPv6 Address+Source MAC<br \/>\t\t\t&#8211; DoS Defend<br \/>\t\t\t&#8211; DHCP Filter<br \/>\t\t\t&#8211; Static\/Dynamic\/Permanent Port Security<br \/>\t\t\t&nbsp; Up to 64 MAC addresses per port<br \/>\t\t\t&#8211; Broadcast\/Multicast\/Unicast Storm Control<br \/>\t\t\t&#8211; Port Isolation<br \/>\t\t\t&#8211; Secure web management through HTTPS with SSLv3\/TLS 1.2<br \/>\t\t\t&#8211; Secure Command Line Interface (CLI) management with SSHv1\/SSHv2<br \/>\t\t\t&#8211; IP\/Port\/MAC based access control<br \/>\t\t\t<strong>IPv6&nbsp;&nbsp;&nbsp; &nbsp;<\/strong><br \/>\t\t\t&#8211; IPv6 Static Routing and ACL<br \/>\t\t\t&#8211; IPv6 Dual IPv4\/IPv6<br \/>\t\t\t&#8211; IPv6 Interface<br \/>\t\t\t&#8211; Multicast Listener Discovery (MLD) Snooping<br \/>\t\t\t&#8211; IPv6 neighbor discovery (ND)<br \/>\t\t\t&#8211; Path maximum transmission unit (MTU) discovery<br \/>\t\t\t&#8211; Internet Control Message Protocol (ICMP) version 6<br \/>\t\t\t&#8211; TCPv6\/UDPv6<br \/>\t\t\t&#8211; IPv6 applications<br \/>\t\t\t&nbsp; DHCPv6 Client<br \/>\t\t\t&nbsp; Ping6<br \/>\t\t\t&nbsp; Tracert6<br \/>\t\t\t&nbsp; Telnet(v6)<br \/>\t\t\t&nbsp; IPv6 SNMP<br \/>\t\t\t&nbsp; IPv6 SSH<br \/>\t\t\t&nbsp; IPv6 SSL<br \/>\t\t\t&nbsp; Http\/Https<br \/>\t\t\t&nbsp; IPv6 TFTP<br \/>\t\t\t<strong>MIBs&nbsp;&nbsp;&nbsp; &nbsp;<\/strong><br \/>\t\t\t&#8211; MIB II (RFC1213)<br \/>\t\t\t&#8211; Interface MIB (RFC2233)<br \/>\t\t\t&#8211; Ethernet Interface MIB (RFC1643)<br \/>\t\t\t&#8211; Bridge MIB (RFC1493)<br \/>\t\t\t&#8211; P\/Q-Bridge MIB (RFC2674)<br \/>\t\t\t&#8211; RMON MIB (RFC2819)<br \/>\t\t\t&#8211; RMON2 MIB (RFC2021)<br \/>\t\t\t&#8211; Radius Accounting Client MIB (RFC2620)<br \/>\t\t\t&#8211; Radius Authentication Client MIB (RFC2618)<br \/>\t\t\t&#8211; Remote Ping, Traceroute MIB (RFC2925)<br \/>\t\t\t&#8211; Support TP-Link private MIB<\/td>\n<\/tr>\n<tr>\n<td><strong>Gesti&oacute;n<\/strong><\/td>\n<td>&#8211; Aplicaci&oacute;n Omada: Requerir el uso de Omada Hardware Controller, Omada Cloud-Based Controller o Omada Software Controller<br \/>\t\t\t&#8211; Gesti&oacute;n Centralizada<br \/>\t\t\t&nbsp; Controlador Omada Basado en la Nube<br \/>\t\t\t&nbsp; Controlador de hardware Omada<br \/>\t\t\t&nbsp; Controlador de software Omada<br \/>\t\t\t&#8211; Acceso a la nube S&iacute;. Requerir el uso de Omada Hardware Controller, Omada Cloud-Based Controller o Omada Software Controller<br \/>\t\t\t&#8211; Aprovisionamiento sin contacto S&iacute;. Requiere el uso del controlador basado en la nube Omada.<br \/>\t\t\t&#8211; Funciones de gesti&oacute;n<br \/>\t\t\t&nbsp; GUI basada en web<br \/>\t\t\t&nbsp; Interfaz de l&iacute;nea de comando (CLI) a trav&eacute;s de telnet<br \/>\t\t\t&nbsp; SNMPv1\/v2c\/v3<br \/>\t\t\t&nbsp; Captura\/informaci&oacute;n SNMP<br \/>\t\t\t&nbsp; RMON (1,2,3,9 grupos)<br \/>\t\t\t&nbsp; Plantilla SDM<br \/>\t\t\t&nbsp; Cliente DHCP\/BOOTP<br \/>\t\t\t&nbsp; Imagen dual, configuraci&oacute;n dual<br \/>\t\t\t&nbsp; Monitoreo de CPU<br \/>\t\t\t&nbsp; Diagn&oacute;stico de cables<br \/>\t\t\t&nbsp; AEE<br \/>\t\t\t&nbsp; SNTP<br \/>\t\t\t&nbsp; Registro del sistema<\/td>\n<\/tr>\n<tr>\n<td><strong>Otros<\/strong><\/td>\n<td>&#8211; Certificaciones: CE, FCC, RoHS<br \/>\t\t\t&#8211; Requisitos del sistema: Microsoft Windows 98SE, NT, 2000, XP, Vista or Windows 7\/8\/10\/11, MAC OS, NetWare, UNIX or Linux<br \/>\t\t\t<strong>Contenido<\/strong><br \/>\t\t\t&#8211; SG2210XHP-M2 Switch<br \/>\t\t\t&#8211; Power Adapter<br \/>\t\t\t&#8211; Quick Installation Guide<br \/>\t\t\t&#8211; Rubber Feet<\/td>\n<\/tr>\n<tr>\n<td><strong>Fecha de revisi&oacute;n<\/strong><\/td>\n<td>07-11-2024 por RTY<\/td>\n<\/tr>\n<\/table>\n","protected":false},"excerpt":{"rendered":"<p>Marca TP-Link Modelo TL-SG1005LP Caracter&iacute;sticas de Hardware &#8211; Interfaz: &nbsp; 8 &times; 100\/1000\/2500 Mbps RJ45 PoE+ Ports &nbsp; 2 &times; 10G SFP+ Slots &#8211; Cantidad de ventiladores: Fanless &#8211; Bloqueo de Seguridad F&iacute;sica &#8211; Fuente de Alimentaci&oacute;n: Adaptador de Corriente 53.5VDC\/3.37A &#8211; Puertos PoE (RJ45) &nbsp; Est&aacute;ndar: compatible con 802.3at\/af &nbsp; Puertos PoE+: 8 puertos&hellip;&nbsp;<a href=\"https:\/\/aivlisoft.net\/shop\/producto\/tp-link-sg2210xmp-m2-switch-8x25gb-poe-2xsfp\/\" rel=\"bookmark\"><span class=\"screen-reader-text\">TP-Link SG2210XMP-M2 Switch 8&#215;2,5Gb PoE+ 2xSFP+<\/span><\/a><\/p>\n","protected":false},"featured_media":21465,"template":"","meta":{"neve_meta_sidebar":"","neve_meta_container":"","neve_meta_enable_content_width":"","neve_meta_content_width":0,"neve_meta_title_alignment":"","neve_meta_author_avatar":"","neve_post_elements_order":"","neve_meta_disable_header":"","neve_meta_disable_footer":"","neve_meta_disable_title":""},"product_brand":[],"product_cat":[8773],"product_tag":[7579],"class_list":{"0":"post-21464","1":"product","2":"type-product","3":"status-publish","4":"has-post-thumbnail","6":"product_cat-switches-sobremesa","7":"product_tag-sg2210xmp-m2","9":"first","10":"instock","11":"taxable","12":"shipping-taxable","13":"purchasable","14":"product-type-simple"},"yoast_head":"<!-- This site is optimized with the Yoast SEO plugin v26.0 - https:\/\/yoast.com\/wordpress\/plugins\/seo\/ -->\n<title>TP-Link SG2210XMP-M2 Switch 8x2,5Gb PoE+ 2xSFP+ - Aivlisoft Inform\u00e1tica<\/title>\n<meta name=\"robots\" content=\"index, follow, max-snippet:-1, max-image-preview:large, max-video-preview:-1\" \/>\n<link rel=\"canonical\" href=\"https:\/\/aivlisoft.net\/shop\/producto\/tp-link-sg2210xmp-m2-switch-8x25gb-poe-2xsfp\/\" \/>\n<meta property=\"og:locale\" content=\"es_ES\" \/>\n<meta property=\"og:type\" content=\"article\" \/>\n<meta property=\"og:title\" content=\"TP-Link SG2210XMP-M2 Switch 8x2,5Gb PoE+ 2xSFP+ - Aivlisoft Inform\u00e1tica\" \/>\n<meta property=\"og:description\" content=\"Marca TP-Link Modelo TL-SG1005LP Caracter&iacute;sticas de Hardware &#8211; Interfaz: &nbsp; 8 &times; 100\/1000\/2500 Mbps RJ45 PoE+ Ports &nbsp; 2 &times; 10G SFP+ Slots &#8211; Cantidad de ventiladores: Fanless &#8211; Bloqueo de Seguridad F&iacute;sica &#8211; Fuente de Alimentaci&oacute;n: Adaptador de Corriente 53.5VDC\/3.37A &#8211; Puertos PoE (RJ45) &nbsp; Est&aacute;ndar: compatible con 802.3at\/af &nbsp; Puertos PoE+: 8 puertos&hellip;&nbsp;TP-Link SG2210XMP-M2 Switch 8&#215;2,5Gb PoE+ 2xSFP+\" \/>\n<meta property=\"og:url\" content=\"https:\/\/aivlisoft.net\/shop\/producto\/tp-link-sg2210xmp-m2-switch-8x25gb-poe-2xsfp\/\" \/>\n<meta property=\"og:site_name\" content=\"Aivlisoft Inform\u00e1tica\" \/>\n<meta property=\"article:modified_time\" content=\"2025-01-14T11:56:15+00:00\" \/>\n<meta property=\"og:image\" content=\"https:\/\/aivlisoft.net\/shop\/wp-content\/uploads\/2025\/01\/NSWSSO0354_800.jpg\" \/>\n\t<meta property=\"og:image:width\" content=\"800\" \/>\n\t<meta property=\"og:image:height\" content=\"800\" \/>\n\t<meta property=\"og:image:type\" content=\"image\/jpeg\" \/>\n<meta name=\"twitter:card\" content=\"summary_large_image\" \/>\n<meta name=\"twitter:label1\" content=\"Tiempo de lectura\" \/>\n\t<meta name=\"twitter:data1\" content=\"5 minutos\" \/>\n<script type=\"application\/ld+json\" class=\"yoast-schema-graph\">{\"@context\":\"https:\/\/schema.org\",\"@graph\":[{\"@type\":\"WebPage\",\"@id\":\"https:\/\/aivlisoft.net\/shop\/producto\/tp-link-sg2210xmp-m2-switch-8x25gb-poe-2xsfp\/\",\"url\":\"https:\/\/aivlisoft.net\/shop\/producto\/tp-link-sg2210xmp-m2-switch-8x25gb-poe-2xsfp\/\",\"name\":\"TP-Link SG2210XMP-M2 Switch 8x2,5Gb PoE+ 2xSFP+ - Aivlisoft Inform\u00e1tica\",\"isPartOf\":{\"@id\":\"https:\/\/aivlisoft.net\/shop\/#website\"},\"primaryImageOfPage\":{\"@id\":\"https:\/\/aivlisoft.net\/shop\/producto\/tp-link-sg2210xmp-m2-switch-8x25gb-poe-2xsfp\/#primaryimage\"},\"image\":{\"@id\":\"https:\/\/aivlisoft.net\/shop\/producto\/tp-link-sg2210xmp-m2-switch-8x25gb-poe-2xsfp\/#primaryimage\"},\"thumbnailUrl\":\"https:\/\/aivlisoft.net\/shop\/wp-content\/uploads\/2025\/01\/NSWSSO0354_800.jpg\",\"datePublished\":\"2025-01-13T15:54:22+00:00\",\"dateModified\":\"2025-01-14T11:56:15+00:00\",\"breadcrumb\":{\"@id\":\"https:\/\/aivlisoft.net\/shop\/producto\/tp-link-sg2210xmp-m2-switch-8x25gb-poe-2xsfp\/#breadcrumb\"},\"inLanguage\":\"es\",\"potentialAction\":[{\"@type\":\"ReadAction\",\"target\":[\"https:\/\/aivlisoft.net\/shop\/producto\/tp-link-sg2210xmp-m2-switch-8x25gb-poe-2xsfp\/\"]}]},{\"@type\":\"ImageObject\",\"inLanguage\":\"es\",\"@id\":\"https:\/\/aivlisoft.net\/shop\/producto\/tp-link-sg2210xmp-m2-switch-8x25gb-poe-2xsfp\/#primaryimage\",\"url\":\"https:\/\/aivlisoft.net\/shop\/wp-content\/uploads\/2025\/01\/NSWSSO0354_800.jpg\",\"contentUrl\":\"https:\/\/aivlisoft.net\/shop\/wp-content\/uploads\/2025\/01\/NSWSSO0354_800.jpg\",\"width\":800,\"height\":800},{\"@type\":\"BreadcrumbList\",\"@id\":\"https:\/\/aivlisoft.net\/shop\/producto\/tp-link-sg2210xmp-m2-switch-8x25gb-poe-2xsfp\/#breadcrumb\",\"itemListElement\":[{\"@type\":\"ListItem\",\"position\":1,\"name\":\"Portada\",\"item\":\"https:\/\/aivlisoft.net\/shop\/\"},{\"@type\":\"ListItem\",\"position\":2,\"name\":\"Tienda\",\"item\":\"https:\/\/aivlisoft.net\/shop\/tienda\/\"},{\"@type\":\"ListItem\",\"position\":3,\"name\":\"TP-Link SG2210XMP-M2 Switch 8&#215;2,5Gb PoE+ 2xSFP+\"}]},{\"@type\":\"WebSite\",\"@id\":\"https:\/\/aivlisoft.net\/shop\/#website\",\"url\":\"https:\/\/aivlisoft.net\/shop\/\",\"name\":\"Aivlisoft Inform\u00e1tica\",\"description\":\"En Aivlisoft Inform\u00e1tica ofrecemos soluciones tecnol\u00f3gicas para empresas: venta de ordenadores, consumibles, perif\u00e9ricos y m\u00e1s. Calidad, atenci\u00f3n personalizada y los mejores precios para tu negocio.\",\"publisher\":{\"@id\":\"https:\/\/aivlisoft.net\/shop\/#organization\"},\"potentialAction\":[{\"@type\":\"SearchAction\",\"target\":{\"@type\":\"EntryPoint\",\"urlTemplate\":\"https:\/\/aivlisoft.net\/shop\/?s={search_term_string}\"},\"query-input\":{\"@type\":\"PropertyValueSpecification\",\"valueRequired\":true,\"valueName\":\"search_term_string\"}}],\"inLanguage\":\"es\"},{\"@type\":\"Organization\",\"@id\":\"https:\/\/aivlisoft.net\/shop\/#organization\",\"name\":\"Aivlisoft Inform\u00e1tica\",\"url\":\"https:\/\/aivlisoft.net\/shop\/\",\"logo\":{\"@type\":\"ImageObject\",\"inLanguage\":\"es\",\"@id\":\"https:\/\/aivlisoft.net\/shop\/#\/schema\/logo\/image\/\",\"url\":\"https:\/\/aivlisoft.net\/shop\/wp-content\/uploads\/2024\/12\/removal.ai_5b848c54-0cdf-4140-95c5-c5536bb7573b-logodef.png\",\"contentUrl\":\"https:\/\/aivlisoft.net\/shop\/wp-content\/uploads\/2024\/12\/removal.ai_5b848c54-0cdf-4140-95c5-c5536bb7573b-logodef.png\",\"width\":484,\"height\":182,\"caption\":\"Aivlisoft Inform\u00e1tica\"},\"image\":{\"@id\":\"https:\/\/aivlisoft.net\/shop\/#\/schema\/logo\/image\/\"}}]}<\/script>\n<!-- \/ Yoast SEO plugin. -->","yoast_head_json":{"title":"TP-Link SG2210XMP-M2 Switch 8x2,5Gb PoE+ 2xSFP+ - Aivlisoft Inform\u00e1tica","robots":{"index":"index","follow":"follow","max-snippet":"max-snippet:-1","max-image-preview":"max-image-preview:large","max-video-preview":"max-video-preview:-1"},"canonical":"https:\/\/aivlisoft.net\/shop\/producto\/tp-link-sg2210xmp-m2-switch-8x25gb-poe-2xsfp\/","og_locale":"es_ES","og_type":"article","og_title":"TP-Link SG2210XMP-M2 Switch 8x2,5Gb PoE+ 2xSFP+ - Aivlisoft Inform\u00e1tica","og_description":"Marca TP-Link Modelo TL-SG1005LP Caracter&iacute;sticas de Hardware &#8211; Interfaz: &nbsp; 8 &times; 100\/1000\/2500 Mbps RJ45 PoE+ Ports &nbsp; 2 &times; 10G SFP+ Slots &#8211; Cantidad de ventiladores: Fanless &#8211; Bloqueo de Seguridad F&iacute;sica &#8211; Fuente de Alimentaci&oacute;n: Adaptador de Corriente 53.5VDC\/3.37A &#8211; Puertos PoE (RJ45) &nbsp; Est&aacute;ndar: compatible con 802.3at\/af &nbsp; Puertos PoE+: 8 puertos&hellip;&nbsp;TP-Link SG2210XMP-M2 Switch 8&#215;2,5Gb PoE+ 2xSFP+","og_url":"https:\/\/aivlisoft.net\/shop\/producto\/tp-link-sg2210xmp-m2-switch-8x25gb-poe-2xsfp\/","og_site_name":"Aivlisoft Inform\u00e1tica","article_modified_time":"2025-01-14T11:56:15+00:00","og_image":[{"width":800,"height":800,"url":"https:\/\/aivlisoft.net\/shop\/wp-content\/uploads\/2025\/01\/NSWSSO0354_800.jpg","type":"image\/jpeg"}],"twitter_card":"summary_large_image","twitter_misc":{"Tiempo de lectura":"5 minutos"},"schema":{"@context":"https:\/\/schema.org","@graph":[{"@type":"WebPage","@id":"https:\/\/aivlisoft.net\/shop\/producto\/tp-link-sg2210xmp-m2-switch-8x25gb-poe-2xsfp\/","url":"https:\/\/aivlisoft.net\/shop\/producto\/tp-link-sg2210xmp-m2-switch-8x25gb-poe-2xsfp\/","name":"TP-Link SG2210XMP-M2 Switch 8x2,5Gb PoE+ 2xSFP+ - Aivlisoft Inform\u00e1tica","isPartOf":{"@id":"https:\/\/aivlisoft.net\/shop\/#website"},"primaryImageOfPage":{"@id":"https:\/\/aivlisoft.net\/shop\/producto\/tp-link-sg2210xmp-m2-switch-8x25gb-poe-2xsfp\/#primaryimage"},"image":{"@id":"https:\/\/aivlisoft.net\/shop\/producto\/tp-link-sg2210xmp-m2-switch-8x25gb-poe-2xsfp\/#primaryimage"},"thumbnailUrl":"https:\/\/aivlisoft.net\/shop\/wp-content\/uploads\/2025\/01\/NSWSSO0354_800.jpg","datePublished":"2025-01-13T15:54:22+00:00","dateModified":"2025-01-14T11:56:15+00:00","breadcrumb":{"@id":"https:\/\/aivlisoft.net\/shop\/producto\/tp-link-sg2210xmp-m2-switch-8x25gb-poe-2xsfp\/#breadcrumb"},"inLanguage":"es","potentialAction":[{"@type":"ReadAction","target":["https:\/\/aivlisoft.net\/shop\/producto\/tp-link-sg2210xmp-m2-switch-8x25gb-poe-2xsfp\/"]}]},{"@type":"ImageObject","inLanguage":"es","@id":"https:\/\/aivlisoft.net\/shop\/producto\/tp-link-sg2210xmp-m2-switch-8x25gb-poe-2xsfp\/#primaryimage","url":"https:\/\/aivlisoft.net\/shop\/wp-content\/uploads\/2025\/01\/NSWSSO0354_800.jpg","contentUrl":"https:\/\/aivlisoft.net\/shop\/wp-content\/uploads\/2025\/01\/NSWSSO0354_800.jpg","width":800,"height":800},{"@type":"BreadcrumbList","@id":"https:\/\/aivlisoft.net\/shop\/producto\/tp-link-sg2210xmp-m2-switch-8x25gb-poe-2xsfp\/#breadcrumb","itemListElement":[{"@type":"ListItem","position":1,"name":"Portada","item":"https:\/\/aivlisoft.net\/shop\/"},{"@type":"ListItem","position":2,"name":"Tienda","item":"https:\/\/aivlisoft.net\/shop\/tienda\/"},{"@type":"ListItem","position":3,"name":"TP-Link SG2210XMP-M2 Switch 8&#215;2,5Gb PoE+ 2xSFP+"}]},{"@type":"WebSite","@id":"https:\/\/aivlisoft.net\/shop\/#website","url":"https:\/\/aivlisoft.net\/shop\/","name":"Aivlisoft Inform\u00e1tica","description":"En Aivlisoft Inform\u00e1tica ofrecemos soluciones tecnol\u00f3gicas para empresas: venta de ordenadores, consumibles, perif\u00e9ricos y m\u00e1s. Calidad, atenci\u00f3n personalizada y los mejores precios para tu negocio.","publisher":{"@id":"https:\/\/aivlisoft.net\/shop\/#organization"},"potentialAction":[{"@type":"SearchAction","target":{"@type":"EntryPoint","urlTemplate":"https:\/\/aivlisoft.net\/shop\/?s={search_term_string}"},"query-input":{"@type":"PropertyValueSpecification","valueRequired":true,"valueName":"search_term_string"}}],"inLanguage":"es"},{"@type":"Organization","@id":"https:\/\/aivlisoft.net\/shop\/#organization","name":"Aivlisoft Inform\u00e1tica","url":"https:\/\/aivlisoft.net\/shop\/","logo":{"@type":"ImageObject","inLanguage":"es","@id":"https:\/\/aivlisoft.net\/shop\/#\/schema\/logo\/image\/","url":"https:\/\/aivlisoft.net\/shop\/wp-content\/uploads\/2024\/12\/removal.ai_5b848c54-0cdf-4140-95c5-c5536bb7573b-logodef.png","contentUrl":"https:\/\/aivlisoft.net\/shop\/wp-content\/uploads\/2024\/12\/removal.ai_5b848c54-0cdf-4140-95c5-c5536bb7573b-logodef.png","width":484,"height":182,"caption":"Aivlisoft Inform\u00e1tica"},"image":{"@id":"https:\/\/aivlisoft.net\/shop\/#\/schema\/logo\/image\/"}}]}},"_links":{"self":[{"href":"https:\/\/aivlisoft.net\/shop\/wp-json\/wp\/v2\/product\/21464","targetHints":{"allow":["GET"]}}],"collection":[{"href":"https:\/\/aivlisoft.net\/shop\/wp-json\/wp\/v2\/product"}],"about":[{"href":"https:\/\/aivlisoft.net\/shop\/wp-json\/wp\/v2\/types\/product"}],"wp:featuredmedia":[{"embeddable":true,"href":"https:\/\/aivlisoft.net\/shop\/wp-json\/wp\/v2\/media\/21465"}],"wp:attachment":[{"href":"https:\/\/aivlisoft.net\/shop\/wp-json\/wp\/v2\/media?parent=21464"}],"wp:term":[{"taxonomy":"product_brand","embeddable":true,"href":"https:\/\/aivlisoft.net\/shop\/wp-json\/wp\/v2\/product_brand?post=21464"},{"taxonomy":"product_cat","embeddable":true,"href":"https:\/\/aivlisoft.net\/shop\/wp-json\/wp\/v2\/product_cat?post=21464"},{"taxonomy":"product_tag","embeddable":true,"href":"https:\/\/aivlisoft.net\/shop\/wp-json\/wp\/v2\/product_tag?post=21464"}],"curies":[{"name":"wp","href":"https:\/\/api.w.org\/{rel}","templated":true}]}}