{"id":21449,"date":"2025-01-13T15:54:14","date_gmt":"2025-01-13T15:54:14","guid":{"rendered":"https:\/\/aivlisoft.com\/?post_type=product&#038;p=21449"},"modified":"2025-01-14T11:56:12","modified_gmt":"2025-01-14T11:56:12","slug":"zyxel-xmg1915-10e-smart-switch-8x2-5gbe-2xsfp","status":"publish","type":"product","link":"https:\/\/aivlisoft.net\/shop\/producto\/zyxel-xmg1915-10e-smart-switch-8x2-5gbe-2xsfp\/","title":{"rendered":"Zyxel XMG1915-10E Smart Switch 8&#215;2.5GbE 2xSFP+"},"content":{"rendered":"<p><\/p>\n<table class=\"tabla_caracteristicas k-table\" width=\"100%\">\n<tr>\n<td><strong>Marca<\/strong><\/td>\n<td>ZyXEL<\/td>\n<\/tr>\n<tr>\n<td><strong>Modelo<\/strong><\/td>\n<td><strong>XMG1915-10E-EU0101F<\/strong><\/td>\n<\/tr>\n<tr>\n<td valign=\"top\"><strong>Interfaces<\/strong><\/td>\n<td>&#8211; N&uacute;mero total de puertos: 10<br \/>\t\t\t&#8211; Ethernet 100M\/1G\/2,5G (RJ-45): 8<br \/>\t\t\t&#8211; 1G SFP\/10G SFP+: 2<\/td>\n<\/tr>\n<tr>\n<td valign=\"top\"><strong>Rendimiento<\/strong><\/td>\n<td>&#8211; Capacidad de switch (Gbps): 80<br \/>\t\t\t&#8211; Velocidad de reenv&iacute;o (Mpps): 59.5<br \/>\t\t\t&#8211; B&uacute;fer de paquetes (byte): 1,5 MB<br \/>\t\t\t&#8211; Tabla de direcciones MAC: 16 K<br \/>\t\t\t&#8211; Trama Jumbo (byte): 12 K<br \/>\t\t\t&#8211; Tabla de reenv&iacute;o L3<br \/>\t\t\t&nbsp; M&aacute;x. 128 entradas IPv4;<br \/>\t\t\t&nbsp; M&aacute;x. 128 entradas IPv6<br \/>\t\t\t&#8211; Tabla de enrutamiento: 8<br \/>\t\t\t&#8211; Enrutamiento VLAN<br \/>\t\t\t&#8211; Interfaz IP (IPv4\/IPv6): 8\/8<br \/>\t\t\t&#8211; Flash\/RAM: 32 MB\/256 MB<\/td>\n<\/tr>\n<tr>\n<td valign=\"top\"><strong>Otras caracter&iacute;sticas<\/strong><\/td>\n<td><strong>&#8211; <\/strong>Sin ventilador<br \/>\t\t\t<strong>Medioambiente<\/strong><br \/>\t\t\t&#8211; Temperatura de funcionamiento: 0&deg;C a 40&deg;C<br \/>\t\t\t&#8211; Humedad de funcionamiento: 5 % a 95 % (sin condensaci&oacute;n)<br \/>\t\t\t&#8211; Temperatura de almacenamiento: -40 &deg;C a 70 &deg;C<br \/>\t\t\t&#8211; Humedad de almacenamiento: 5 % a 95 % (sin condensaci&oacute;n)<br \/>\t\t\t&#8211; Disipaci&oacute;n de calor (BTU\/h): 62.1<br \/>\t\t\t&#8211; MTBF (h): 646,958<br \/>\t\t\t<strong>Requisitos de energ&iacute;a<\/strong><br \/>\t\t\t&#8211; Voltaje de entrada de CA: 100 &#8211; 240 V AC, 50\/60 Hz<br \/>\t\t\t&#8211; Consumo m&aacute;ximo de energ&iacute;a: 13.13W<br \/>\t\t\t&#8211; Consumo m&iacute;n. (vatios): 4.67<br \/>\t\t\t<strong>Accesorios<\/strong><br \/>\t\t\t&#8211; Cable de alimentaci&oacute;n<br \/>\t\t\t&#8211; Kit de montaje en pared<br \/>\t\t\t<strong>Dimensiones y peso<\/strong><br \/>\t\t\t&#8211; 250 x 104 x 27 mm<br \/>\t\t\t&#8211; 0,76 kg<\/td>\n<\/tr>\n<tr>\n<td><strong>Fecha Revisi&oacute;n<\/strong><\/td>\n<td>25-03-2024 por RTY<\/td>\n<\/tr>\n<\/table>\n","protected":false},"excerpt":{"rendered":"<p>Marca ZyXEL Modelo XMG1915-10E-EU0101F Interfaces &#8211; N&uacute;mero total de puertos: 10 &#8211; Ethernet 100M\/1G\/2,5G (RJ-45): 8 &#8211; 1G SFP\/10G SFP+: 2 Rendimiento &#8211; Capacidad de switch (Gbps): 80 &#8211; Velocidad de reenv&iacute;o (Mpps): 59.5 &#8211; B&uacute;fer de paquetes (byte): 1,5 MB &#8211; Tabla de direcciones MAC: 16 K &#8211; Trama Jumbo (byte): 12 K &#8211;&hellip;&nbsp;<a href=\"https:\/\/aivlisoft.net\/shop\/producto\/zyxel-xmg1915-10e-smart-switch-8x2-5gbe-2xsfp\/\" rel=\"bookmark\"><span class=\"screen-reader-text\">Zyxel XMG1915-10E Smart Switch 8&#215;2.5GbE 2xSFP+<\/span><\/a><\/p>\n","protected":false},"featured_media":21450,"template":"","meta":{"neve_meta_sidebar":"","neve_meta_container":"","neve_meta_enable_content_width":"","neve_meta_content_width":0,"neve_meta_title_alignment":"","neve_meta_author_avatar":"","neve_post_elements_order":"","neve_meta_disable_header":"","neve_meta_disable_footer":"","neve_meta_disable_title":""},"product_brand":[],"product_cat":[8773],"product_tag":[7576],"class_list":{"0":"post-21449","1":"product","2":"type-product","3":"status-publish","4":"has-post-thumbnail","6":"product_cat-switches-sobremesa","7":"product_tag-xmg1915-10e-eu0101f","9":"first","10":"instock","11":"taxable","12":"shipping-taxable","13":"purchasable","14":"product-type-simple"},"yoast_head":"<!-- This site is optimized with the Yoast SEO plugin v26.0 - https:\/\/yoast.com\/wordpress\/plugins\/seo\/ -->\n<title>Zyxel XMG1915-10E Smart Switch 8x2.5GbE 2xSFP+ - Aivlisoft Inform\u00e1tica<\/title>\n<meta name=\"robots\" content=\"index, follow, max-snippet:-1, max-image-preview:large, max-video-preview:-1\" \/>\n<link rel=\"canonical\" href=\"https:\/\/aivlisoft.net\/shop\/producto\/zyxel-xmg1915-10e-smart-switch-8x2-5gbe-2xsfp\/\" \/>\n<meta property=\"og:locale\" content=\"es_ES\" \/>\n<meta property=\"og:type\" content=\"article\" \/>\n<meta property=\"og:title\" content=\"Zyxel XMG1915-10E Smart Switch 8x2.5GbE 2xSFP+ - Aivlisoft Inform\u00e1tica\" \/>\n<meta property=\"og:description\" content=\"Marca ZyXEL Modelo XMG1915-10E-EU0101F Interfaces &#8211; N&uacute;mero total de puertos: 10 &#8211; Ethernet 100M\/1G\/2,5G (RJ-45): 8 &#8211; 1G SFP\/10G SFP+: 2 Rendimiento &#8211; Capacidad de switch (Gbps): 80 &#8211; Velocidad de reenv&iacute;o (Mpps): 59.5 &#8211; B&uacute;fer de paquetes (byte): 1,5 MB &#8211; Tabla de direcciones MAC: 16 K &#8211; Trama Jumbo (byte): 12 K &#8211;&hellip;&nbsp;Zyxel XMG1915-10E Smart Switch 8&#215;2.5GbE 2xSFP+\" \/>\n<meta property=\"og:url\" content=\"https:\/\/aivlisoft.net\/shop\/producto\/zyxel-xmg1915-10e-smart-switch-8x2-5gbe-2xsfp\/\" \/>\n<meta property=\"og:site_name\" content=\"Aivlisoft Inform\u00e1tica\" \/>\n<meta property=\"article:modified_time\" content=\"2025-01-14T11:56:12+00:00\" \/>\n<meta property=\"og:image\" content=\"https:\/\/aivlisoft.net\/shop\/wp-content\/uploads\/2025\/01\/NSWSSO0351_800.jpg\" \/>\n\t<meta property=\"og:image:width\" content=\"800\" \/>\n\t<meta property=\"og:image:height\" content=\"800\" \/>\n\t<meta property=\"og:image:type\" content=\"image\/jpeg\" \/>\n<meta name=\"twitter:card\" content=\"summary_large_image\" \/>\n<meta name=\"twitter:label1\" content=\"Tiempo de lectura\" \/>\n\t<meta name=\"twitter:data1\" content=\"1 minuto\" \/>\n<script type=\"application\/ld+json\" class=\"yoast-schema-graph\">{\"@context\":\"https:\/\/schema.org\",\"@graph\":[{\"@type\":\"WebPage\",\"@id\":\"https:\/\/aivlisoft.net\/shop\/producto\/zyxel-xmg1915-10e-smart-switch-8x2-5gbe-2xsfp\/\",\"url\":\"https:\/\/aivlisoft.net\/shop\/producto\/zyxel-xmg1915-10e-smart-switch-8x2-5gbe-2xsfp\/\",\"name\":\"Zyxel XMG1915-10E Smart Switch 8x2.5GbE 2xSFP+ - Aivlisoft Inform\u00e1tica\",\"isPartOf\":{\"@id\":\"https:\/\/aivlisoft.net\/shop\/#website\"},\"primaryImageOfPage\":{\"@id\":\"https:\/\/aivlisoft.net\/shop\/producto\/zyxel-xmg1915-10e-smart-switch-8x2-5gbe-2xsfp\/#primaryimage\"},\"image\":{\"@id\":\"https:\/\/aivlisoft.net\/shop\/producto\/zyxel-xmg1915-10e-smart-switch-8x2-5gbe-2xsfp\/#primaryimage\"},\"thumbnailUrl\":\"https:\/\/aivlisoft.net\/shop\/wp-content\/uploads\/2025\/01\/NSWSSO0351_800.jpg\",\"datePublished\":\"2025-01-13T15:54:14+00:00\",\"dateModified\":\"2025-01-14T11:56:12+00:00\",\"breadcrumb\":{\"@id\":\"https:\/\/aivlisoft.net\/shop\/producto\/zyxel-xmg1915-10e-smart-switch-8x2-5gbe-2xsfp\/#breadcrumb\"},\"inLanguage\":\"es\",\"potentialAction\":[{\"@type\":\"ReadAction\",\"target\":[\"https:\/\/aivlisoft.net\/shop\/producto\/zyxel-xmg1915-10e-smart-switch-8x2-5gbe-2xsfp\/\"]}]},{\"@type\":\"ImageObject\",\"inLanguage\":\"es\",\"@id\":\"https:\/\/aivlisoft.net\/shop\/producto\/zyxel-xmg1915-10e-smart-switch-8x2-5gbe-2xsfp\/#primaryimage\",\"url\":\"https:\/\/aivlisoft.net\/shop\/wp-content\/uploads\/2025\/01\/NSWSSO0351_800.jpg\",\"contentUrl\":\"https:\/\/aivlisoft.net\/shop\/wp-content\/uploads\/2025\/01\/NSWSSO0351_800.jpg\",\"width\":800,\"height\":800},{\"@type\":\"BreadcrumbList\",\"@id\":\"https:\/\/aivlisoft.net\/shop\/producto\/zyxel-xmg1915-10e-smart-switch-8x2-5gbe-2xsfp\/#breadcrumb\",\"itemListElement\":[{\"@type\":\"ListItem\",\"position\":1,\"name\":\"Portada\",\"item\":\"https:\/\/aivlisoft.net\/shop\/\"},{\"@type\":\"ListItem\",\"position\":2,\"name\":\"Tienda\",\"item\":\"https:\/\/aivlisoft.net\/shop\/tienda\/\"},{\"@type\":\"ListItem\",\"position\":3,\"name\":\"Zyxel XMG1915-10E Smart Switch 8&#215;2.5GbE 2xSFP+\"}]},{\"@type\":\"WebSite\",\"@id\":\"https:\/\/aivlisoft.net\/shop\/#website\",\"url\":\"https:\/\/aivlisoft.net\/shop\/\",\"name\":\"Aivlisoft Inform\u00e1tica\",\"description\":\"En Aivlisoft Inform\u00e1tica ofrecemos soluciones tecnol\u00f3gicas para empresas: venta de ordenadores, consumibles, perif\u00e9ricos y m\u00e1s. Calidad, atenci\u00f3n personalizada y los mejores precios para tu negocio.\",\"publisher\":{\"@id\":\"https:\/\/aivlisoft.net\/shop\/#organization\"},\"potentialAction\":[{\"@type\":\"SearchAction\",\"target\":{\"@type\":\"EntryPoint\",\"urlTemplate\":\"https:\/\/aivlisoft.net\/shop\/?s={search_term_string}\"},\"query-input\":{\"@type\":\"PropertyValueSpecification\",\"valueRequired\":true,\"valueName\":\"search_term_string\"}}],\"inLanguage\":\"es\"},{\"@type\":\"Organization\",\"@id\":\"https:\/\/aivlisoft.net\/shop\/#organization\",\"name\":\"Aivlisoft Inform\u00e1tica\",\"url\":\"https:\/\/aivlisoft.net\/shop\/\",\"logo\":{\"@type\":\"ImageObject\",\"inLanguage\":\"es\",\"@id\":\"https:\/\/aivlisoft.net\/shop\/#\/schema\/logo\/image\/\",\"url\":\"https:\/\/aivlisoft.net\/shop\/wp-content\/uploads\/2024\/12\/removal.ai_5b848c54-0cdf-4140-95c5-c5536bb7573b-logodef.png\",\"contentUrl\":\"https:\/\/aivlisoft.net\/shop\/wp-content\/uploads\/2024\/12\/removal.ai_5b848c54-0cdf-4140-95c5-c5536bb7573b-logodef.png\",\"width\":484,\"height\":182,\"caption\":\"Aivlisoft Inform\u00e1tica\"},\"image\":{\"@id\":\"https:\/\/aivlisoft.net\/shop\/#\/schema\/logo\/image\/\"}}]}<\/script>\n<!-- \/ Yoast SEO plugin. -->","yoast_head_json":{"title":"Zyxel XMG1915-10E Smart Switch 8x2.5GbE 2xSFP+ - Aivlisoft Inform\u00e1tica","robots":{"index":"index","follow":"follow","max-snippet":"max-snippet:-1","max-image-preview":"max-image-preview:large","max-video-preview":"max-video-preview:-1"},"canonical":"https:\/\/aivlisoft.net\/shop\/producto\/zyxel-xmg1915-10e-smart-switch-8x2-5gbe-2xsfp\/","og_locale":"es_ES","og_type":"article","og_title":"Zyxel XMG1915-10E Smart Switch 8x2.5GbE 2xSFP+ - Aivlisoft Inform\u00e1tica","og_description":"Marca ZyXEL Modelo XMG1915-10E-EU0101F Interfaces &#8211; N&uacute;mero total de puertos: 10 &#8211; Ethernet 100M\/1G\/2,5G (RJ-45): 8 &#8211; 1G SFP\/10G SFP+: 2 Rendimiento &#8211; Capacidad de switch (Gbps): 80 &#8211; Velocidad de reenv&iacute;o (Mpps): 59.5 &#8211; B&uacute;fer de paquetes (byte): 1,5 MB &#8211; Tabla de direcciones MAC: 16 K &#8211; Trama Jumbo (byte): 12 K &#8211;&hellip;&nbsp;Zyxel XMG1915-10E Smart Switch 8&#215;2.5GbE 2xSFP+","og_url":"https:\/\/aivlisoft.net\/shop\/producto\/zyxel-xmg1915-10e-smart-switch-8x2-5gbe-2xsfp\/","og_site_name":"Aivlisoft Inform\u00e1tica","article_modified_time":"2025-01-14T11:56:12+00:00","og_image":[{"width":800,"height":800,"url":"https:\/\/aivlisoft.net\/shop\/wp-content\/uploads\/2025\/01\/NSWSSO0351_800.jpg","type":"image\/jpeg"}],"twitter_card":"summary_large_image","twitter_misc":{"Tiempo de lectura":"1 minuto"},"schema":{"@context":"https:\/\/schema.org","@graph":[{"@type":"WebPage","@id":"https:\/\/aivlisoft.net\/shop\/producto\/zyxel-xmg1915-10e-smart-switch-8x2-5gbe-2xsfp\/","url":"https:\/\/aivlisoft.net\/shop\/producto\/zyxel-xmg1915-10e-smart-switch-8x2-5gbe-2xsfp\/","name":"Zyxel XMG1915-10E Smart Switch 8x2.5GbE 2xSFP+ - Aivlisoft Inform\u00e1tica","isPartOf":{"@id":"https:\/\/aivlisoft.net\/shop\/#website"},"primaryImageOfPage":{"@id":"https:\/\/aivlisoft.net\/shop\/producto\/zyxel-xmg1915-10e-smart-switch-8x2-5gbe-2xsfp\/#primaryimage"},"image":{"@id":"https:\/\/aivlisoft.net\/shop\/producto\/zyxel-xmg1915-10e-smart-switch-8x2-5gbe-2xsfp\/#primaryimage"},"thumbnailUrl":"https:\/\/aivlisoft.net\/shop\/wp-content\/uploads\/2025\/01\/NSWSSO0351_800.jpg","datePublished":"2025-01-13T15:54:14+00:00","dateModified":"2025-01-14T11:56:12+00:00","breadcrumb":{"@id":"https:\/\/aivlisoft.net\/shop\/producto\/zyxel-xmg1915-10e-smart-switch-8x2-5gbe-2xsfp\/#breadcrumb"},"inLanguage":"es","potentialAction":[{"@type":"ReadAction","target":["https:\/\/aivlisoft.net\/shop\/producto\/zyxel-xmg1915-10e-smart-switch-8x2-5gbe-2xsfp\/"]}]},{"@type":"ImageObject","inLanguage":"es","@id":"https:\/\/aivlisoft.net\/shop\/producto\/zyxel-xmg1915-10e-smart-switch-8x2-5gbe-2xsfp\/#primaryimage","url":"https:\/\/aivlisoft.net\/shop\/wp-content\/uploads\/2025\/01\/NSWSSO0351_800.jpg","contentUrl":"https:\/\/aivlisoft.net\/shop\/wp-content\/uploads\/2025\/01\/NSWSSO0351_800.jpg","width":800,"height":800},{"@type":"BreadcrumbList","@id":"https:\/\/aivlisoft.net\/shop\/producto\/zyxel-xmg1915-10e-smart-switch-8x2-5gbe-2xsfp\/#breadcrumb","itemListElement":[{"@type":"ListItem","position":1,"name":"Portada","item":"https:\/\/aivlisoft.net\/shop\/"},{"@type":"ListItem","position":2,"name":"Tienda","item":"https:\/\/aivlisoft.net\/shop\/tienda\/"},{"@type":"ListItem","position":3,"name":"Zyxel XMG1915-10E Smart Switch 8&#215;2.5GbE 2xSFP+"}]},{"@type":"WebSite","@id":"https:\/\/aivlisoft.net\/shop\/#website","url":"https:\/\/aivlisoft.net\/shop\/","name":"Aivlisoft Inform\u00e1tica","description":"En Aivlisoft Inform\u00e1tica ofrecemos soluciones tecnol\u00f3gicas para empresas: venta de ordenadores, consumibles, perif\u00e9ricos y m\u00e1s. Calidad, atenci\u00f3n personalizada y los mejores precios para tu negocio.","publisher":{"@id":"https:\/\/aivlisoft.net\/shop\/#organization"},"potentialAction":[{"@type":"SearchAction","target":{"@type":"EntryPoint","urlTemplate":"https:\/\/aivlisoft.net\/shop\/?s={search_term_string}"},"query-input":{"@type":"PropertyValueSpecification","valueRequired":true,"valueName":"search_term_string"}}],"inLanguage":"es"},{"@type":"Organization","@id":"https:\/\/aivlisoft.net\/shop\/#organization","name":"Aivlisoft Inform\u00e1tica","url":"https:\/\/aivlisoft.net\/shop\/","logo":{"@type":"ImageObject","inLanguage":"es","@id":"https:\/\/aivlisoft.net\/shop\/#\/schema\/logo\/image\/","url":"https:\/\/aivlisoft.net\/shop\/wp-content\/uploads\/2024\/12\/removal.ai_5b848c54-0cdf-4140-95c5-c5536bb7573b-logodef.png","contentUrl":"https:\/\/aivlisoft.net\/shop\/wp-content\/uploads\/2024\/12\/removal.ai_5b848c54-0cdf-4140-95c5-c5536bb7573b-logodef.png","width":484,"height":182,"caption":"Aivlisoft Inform\u00e1tica"},"image":{"@id":"https:\/\/aivlisoft.net\/shop\/#\/schema\/logo\/image\/"}}]}},"_links":{"self":[{"href":"https:\/\/aivlisoft.net\/shop\/wp-json\/wp\/v2\/product\/21449","targetHints":{"allow":["GET"]}}],"collection":[{"href":"https:\/\/aivlisoft.net\/shop\/wp-json\/wp\/v2\/product"}],"about":[{"href":"https:\/\/aivlisoft.net\/shop\/wp-json\/wp\/v2\/types\/product"}],"wp:featuredmedia":[{"embeddable":true,"href":"https:\/\/aivlisoft.net\/shop\/wp-json\/wp\/v2\/media\/21450"}],"wp:attachment":[{"href":"https:\/\/aivlisoft.net\/shop\/wp-json\/wp\/v2\/media?parent=21449"}],"wp:term":[{"taxonomy":"product_brand","embeddable":true,"href":"https:\/\/aivlisoft.net\/shop\/wp-json\/wp\/v2\/product_brand?post=21449"},{"taxonomy":"product_cat","embeddable":true,"href":"https:\/\/aivlisoft.net\/shop\/wp-json\/wp\/v2\/product_cat?post=21449"},{"taxonomy":"product_tag","embeddable":true,"href":"https:\/\/aivlisoft.net\/shop\/wp-json\/wp\/v2\/product_tag?post=21449"}],"curies":[{"name":"wp","href":"https:\/\/api.w.org\/{rel}","templated":true}]}}