{"id":21403,"date":"2025-01-13T15:53:44","date_gmt":"2025-01-13T15:53:44","guid":{"rendered":"https:\/\/aivlisoft.com\/?post_type=product&#038;p=21403"},"modified":"2025-01-14T11:55:59","modified_gmt":"2025-01-14T11:55:59","slug":"tp-link-tl-sg1005lp-switch-5xgb-4xpoe","status":"publish","type":"product","link":"https:\/\/aivlisoft.net\/shop\/producto\/tp-link-tl-sg1005lp-switch-5xgb-4xpoe\/","title":{"rendered":"TP-Link TL-SG1005LP Switch 5xGb (4xPoE+)"},"content":{"rendered":"<p><\/p>\n<table class=\"tabla_caracteristicas k-table\" width=\"100%\">\n<tr>\n<td valign=\"top\"><strong>Marca<\/strong><\/td>\n<td>TP-Link<\/td>\n<\/tr>\n<tr>\n<td><strong>Modelo<\/strong><\/td>\n<td><strong>TL-SG1005LP<\/strong><\/td>\n<\/tr>\n<tr>\n<td><strong>Caracter&iacute;sticas de Hardware<\/strong><\/td>\n<td>&#8211; Interfaz:<br \/>\t\t\t&nbsp; 5 x puertos RJ45 de 10\/100\/1000 Mbps<br \/>\t\t\t&nbsp; Autonegociaci&oacute;n<br \/>\t\t\t&nbsp; AUTO MDI \/ MDIX<br \/>\t\t\t&#8211; Medios de Red:&nbsp;&nbsp; &nbsp;<br \/>\t\t\t&nbsp; 10BASE-T: cable UTP categor&iacute;a 3, 4, 5 (m&aacute;ximo 100 m)<br \/>\t\t\t&nbsp; EIA \/ TIA-568 STP de 100 &Omega; (m&aacute;ximo 100 m)<br \/>\t\t\t&nbsp; 100BASE-TX: cable UTP categor&iacute;a 5, 5e (m&aacute;ximo 100 m)<br \/>\t\t\t&nbsp; EIA \/ TIA-568 STP de 100 &Omega; (m&aacute;ximo 100 m)<br \/>\t\t\t&nbsp; 1000BASE-T: cable UTP categor&iacute;a 5, 5e, 6 o superior (m&aacute;ximo 100 m)<br \/>\t\t\t&nbsp; EIA \/ TIA-568 STP de 100 &Omega; (m&aacute;ximo 100 m)<br \/>\t\t\t&#8211; Cantidad de Ventiladores: Sin ventilador<br \/>\t\t\t&#8211; Fuente de Alimentaci&oacute;n Externa: Adaptador de corriente externo (salida: 53,5 V CC \/ 0,81 A)<br \/>\t\t\t&#8211; Tasa de Reenv&iacute;o de Paquetes: 7.44 Mpps<br \/>\t\t\t&#8211; Puertos PoE (RJ45):&nbsp;&nbsp; &nbsp;<br \/>\t\t\t&nbsp; Est&aacute;ndar: compatible con 802.3 af \/ at<br \/>\t\t\t&nbsp; Puertos PoE: puertos 1&ndash;4<br \/>\t\t\t&nbsp; Fuente de alimentaci&oacute;n: 40 W<\/td>\n<\/tr>\n<tr>\n<td><strong>Rendimiento<\/strong><\/td>\n<td>&#8211; Tabla de Direcci&oacute;n MAC: 2K<br \/>\t\t\t&#8211; Jumbo Frame: 16 KB<br \/>\t\t\t&#8211; Capacidad de Conmutaci&oacute;n: 10 Gbps<br \/>\t\t\t&#8211; Dimensiones: 99.8&times;98&times;25 mm<br \/>\t\t\t&#8211; Consumo de Potencia M&aacute;ximo:<br \/>\t\t\t&nbsp; 4,12 W (220\/50 Hz. Sin PD conectado)<br \/>\t\t\t&nbsp; 47,5 W (220\/50 Hz. Con 40 W PD conectado)<br \/>\t\t\t&#8211; Disipaci&oacute;n m&aacute;xima de calor:<br \/>\t\t\t&nbsp; 14,05 BTU \/ h (sin PD conectado)<br \/>\t\t\t&nbsp; 161,98 BTU \/ h (con PD de 40 W conectado)<\/td>\n<\/tr>\n<tr>\n<td><strong>Caracter&iacute;sticas de Software<\/strong><\/td>\n<td>&#8211; Caracter&iacute;sticas Avanzadas<br \/>\t\t\t&nbsp; Compatible con PD compatibles con IEEE 802.3af \/ at<br \/>\t\t\t&nbsp; Autoaprendizaje y envejecimiento autom&aacute;tico de direcciones Mac<br \/>\t\t\t&nbsp; Control de flujo IEEE 802.3x<br \/>\t\t\t&nbsp; QoS 802.1p \/ DSCP<br \/>\t\t\t&nbsp; Inspecci&oacute;n IGMP<br \/>\t\t\t&#8211; M&eacute;todo de Transferencia: Almacenamiento y reenvio<\/td>\n<\/tr>\n<tr>\n<td><strong>Otros<\/strong><\/td>\n<td>&#8211; Certificaciones: FCC, CE, RoHS<br \/>\t\t\t<strong>Contenido<\/strong><br \/>\t\t\t&nbsp; TL-SG1005LP<br \/>\t\t\t&nbsp; Adaptador de corriente<br \/>\t\t\t&nbsp; Gu&iacute;a de instalaci&oacute;n<\/td>\n<\/tr>\n<tr>\n<td><strong>Fecha de revisi&oacute;n<\/strong><\/td>\n<td>08-04-2024 por RTY<\/td>\n<\/tr>\n<\/table>\n","protected":false},"excerpt":{"rendered":"<p>Marca TP-Link Modelo TL-SG1005LP Caracter&iacute;sticas de Hardware &#8211; Interfaz: &nbsp; 5 x puertos RJ45 de 10\/100\/1000 Mbps &nbsp; Autonegociaci&oacute;n &nbsp; AUTO MDI \/ MDIX &#8211; Medios de Red:&nbsp;&nbsp; &nbsp; &nbsp; 10BASE-T: cable UTP categor&iacute;a 3, 4, 5 (m&aacute;ximo 100 m) &nbsp; EIA \/ TIA-568 STP de 100 &Omega; (m&aacute;ximo 100 m) &nbsp; 100BASE-TX: cable UTP&hellip;&nbsp;<a href=\"https:\/\/aivlisoft.net\/shop\/producto\/tp-link-tl-sg1005lp-switch-5xgb-4xpoe\/\" rel=\"bookmark\"><span class=\"screen-reader-text\">TP-Link TL-SG1005LP Switch 5xGb (4xPoE+)<\/span><\/a><\/p>\n","protected":false},"featured_media":21404,"template":"","meta":{"neve_meta_sidebar":"","neve_meta_container":"","neve_meta_enable_content_width":"","neve_meta_content_width":0,"neve_meta_title_alignment":"","neve_meta_author_avatar":"","neve_post_elements_order":"","neve_meta_disable_header":"","neve_meta_disable_footer":"","neve_meta_disable_title":""},"product_brand":[],"product_cat":[8773],"product_tag":[7564],"class_list":{"0":"post-21403","1":"product","2":"type-product","3":"status-publish","4":"has-post-thumbnail","6":"product_cat-switches-sobremesa","7":"product_tag-tl-sg1005lp","9":"first","10":"instock","11":"taxable","12":"shipping-taxable","13":"purchasable","14":"product-type-simple"},"yoast_head":"<!-- This site is optimized with the Yoast SEO plugin v26.0 - https:\/\/yoast.com\/wordpress\/plugins\/seo\/ -->\n<title>TP-Link TL-SG1005LP Switch 5xGb (4xPoE+) - Aivlisoft Inform\u00e1tica<\/title>\n<meta name=\"robots\" content=\"index, follow, max-snippet:-1, max-image-preview:large, max-video-preview:-1\" \/>\n<link rel=\"canonical\" href=\"https:\/\/aivlisoft.net\/shop\/producto\/tp-link-tl-sg1005lp-switch-5xgb-4xpoe\/\" \/>\n<meta property=\"og:locale\" content=\"es_ES\" \/>\n<meta property=\"og:type\" content=\"article\" \/>\n<meta property=\"og:title\" content=\"TP-Link TL-SG1005LP Switch 5xGb (4xPoE+) - Aivlisoft Inform\u00e1tica\" \/>\n<meta property=\"og:description\" content=\"Marca TP-Link Modelo TL-SG1005LP Caracter&iacute;sticas de Hardware &#8211; Interfaz: &nbsp; 5 x puertos RJ45 de 10\/100\/1000 Mbps &nbsp; Autonegociaci&oacute;n &nbsp; AUTO MDI \/ MDIX &#8211; Medios de Red:&nbsp;&nbsp; &nbsp; &nbsp; 10BASE-T: cable UTP categor&iacute;a 3, 4, 5 (m&aacute;ximo 100 m) &nbsp; EIA \/ TIA-568 STP de 100 &Omega; (m&aacute;ximo 100 m) &nbsp; 100BASE-TX: cable UTP&hellip;&nbsp;TP-Link TL-SG1005LP Switch 5xGb (4xPoE+)\" \/>\n<meta property=\"og:url\" content=\"https:\/\/aivlisoft.net\/shop\/producto\/tp-link-tl-sg1005lp-switch-5xgb-4xpoe\/\" \/>\n<meta property=\"og:site_name\" content=\"Aivlisoft Inform\u00e1tica\" \/>\n<meta property=\"article:modified_time\" content=\"2025-01-14T11:55:59+00:00\" \/>\n<meta property=\"og:image\" content=\"https:\/\/aivlisoft.net\/shop\/wp-content\/uploads\/2025\/01\/NSWSSO0335_800.jpg\" \/>\n\t<meta property=\"og:image:width\" content=\"800\" \/>\n\t<meta property=\"og:image:height\" content=\"800\" \/>\n\t<meta property=\"og:image:type\" content=\"image\/jpeg\" \/>\n<meta name=\"twitter:card\" content=\"summary_large_image\" \/>\n<meta name=\"twitter:label1\" content=\"Tiempo de lectura\" \/>\n\t<meta name=\"twitter:data1\" content=\"2 minutos\" \/>\n<script type=\"application\/ld+json\" class=\"yoast-schema-graph\">{\"@context\":\"https:\/\/schema.org\",\"@graph\":[{\"@type\":\"WebPage\",\"@id\":\"https:\/\/aivlisoft.net\/shop\/producto\/tp-link-tl-sg1005lp-switch-5xgb-4xpoe\/\",\"url\":\"https:\/\/aivlisoft.net\/shop\/producto\/tp-link-tl-sg1005lp-switch-5xgb-4xpoe\/\",\"name\":\"TP-Link TL-SG1005LP Switch 5xGb (4xPoE+) - Aivlisoft Inform\u00e1tica\",\"isPartOf\":{\"@id\":\"https:\/\/aivlisoft.net\/shop\/#website\"},\"primaryImageOfPage\":{\"@id\":\"https:\/\/aivlisoft.net\/shop\/producto\/tp-link-tl-sg1005lp-switch-5xgb-4xpoe\/#primaryimage\"},\"image\":{\"@id\":\"https:\/\/aivlisoft.net\/shop\/producto\/tp-link-tl-sg1005lp-switch-5xgb-4xpoe\/#primaryimage\"},\"thumbnailUrl\":\"https:\/\/aivlisoft.net\/shop\/wp-content\/uploads\/2025\/01\/NSWSSO0335_800.jpg\",\"datePublished\":\"2025-01-13T15:53:44+00:00\",\"dateModified\":\"2025-01-14T11:55:59+00:00\",\"breadcrumb\":{\"@id\":\"https:\/\/aivlisoft.net\/shop\/producto\/tp-link-tl-sg1005lp-switch-5xgb-4xpoe\/#breadcrumb\"},\"inLanguage\":\"es\",\"potentialAction\":[{\"@type\":\"ReadAction\",\"target\":[\"https:\/\/aivlisoft.net\/shop\/producto\/tp-link-tl-sg1005lp-switch-5xgb-4xpoe\/\"]}]},{\"@type\":\"ImageObject\",\"inLanguage\":\"es\",\"@id\":\"https:\/\/aivlisoft.net\/shop\/producto\/tp-link-tl-sg1005lp-switch-5xgb-4xpoe\/#primaryimage\",\"url\":\"https:\/\/aivlisoft.net\/shop\/wp-content\/uploads\/2025\/01\/NSWSSO0335_800.jpg\",\"contentUrl\":\"https:\/\/aivlisoft.net\/shop\/wp-content\/uploads\/2025\/01\/NSWSSO0335_800.jpg\",\"width\":800,\"height\":800},{\"@type\":\"BreadcrumbList\",\"@id\":\"https:\/\/aivlisoft.net\/shop\/producto\/tp-link-tl-sg1005lp-switch-5xgb-4xpoe\/#breadcrumb\",\"itemListElement\":[{\"@type\":\"ListItem\",\"position\":1,\"name\":\"Portada\",\"item\":\"https:\/\/aivlisoft.net\/shop\/\"},{\"@type\":\"ListItem\",\"position\":2,\"name\":\"Tienda\",\"item\":\"https:\/\/aivlisoft.net\/shop\/tienda\/\"},{\"@type\":\"ListItem\",\"position\":3,\"name\":\"TP-Link TL-SG1005LP Switch 5xGb (4xPoE+)\"}]},{\"@type\":\"WebSite\",\"@id\":\"https:\/\/aivlisoft.net\/shop\/#website\",\"url\":\"https:\/\/aivlisoft.net\/shop\/\",\"name\":\"Aivlisoft Inform\u00e1tica\",\"description\":\"En Aivlisoft Inform\u00e1tica ofrecemos soluciones tecnol\u00f3gicas para empresas: venta de ordenadores, consumibles, perif\u00e9ricos y m\u00e1s. Calidad, atenci\u00f3n personalizada y los mejores precios para tu negocio.\",\"publisher\":{\"@id\":\"https:\/\/aivlisoft.net\/shop\/#organization\"},\"potentialAction\":[{\"@type\":\"SearchAction\",\"target\":{\"@type\":\"EntryPoint\",\"urlTemplate\":\"https:\/\/aivlisoft.net\/shop\/?s={search_term_string}\"},\"query-input\":{\"@type\":\"PropertyValueSpecification\",\"valueRequired\":true,\"valueName\":\"search_term_string\"}}],\"inLanguage\":\"es\"},{\"@type\":\"Organization\",\"@id\":\"https:\/\/aivlisoft.net\/shop\/#organization\",\"name\":\"Aivlisoft Inform\u00e1tica\",\"url\":\"https:\/\/aivlisoft.net\/shop\/\",\"logo\":{\"@type\":\"ImageObject\",\"inLanguage\":\"es\",\"@id\":\"https:\/\/aivlisoft.net\/shop\/#\/schema\/logo\/image\/\",\"url\":\"https:\/\/aivlisoft.net\/shop\/wp-content\/uploads\/2024\/12\/removal.ai_5b848c54-0cdf-4140-95c5-c5536bb7573b-logodef.png\",\"contentUrl\":\"https:\/\/aivlisoft.net\/shop\/wp-content\/uploads\/2024\/12\/removal.ai_5b848c54-0cdf-4140-95c5-c5536bb7573b-logodef.png\",\"width\":484,\"height\":182,\"caption\":\"Aivlisoft Inform\u00e1tica\"},\"image\":{\"@id\":\"https:\/\/aivlisoft.net\/shop\/#\/schema\/logo\/image\/\"}}]}<\/script>\n<!-- \/ Yoast SEO plugin. -->","yoast_head_json":{"title":"TP-Link TL-SG1005LP Switch 5xGb (4xPoE+) - Aivlisoft Inform\u00e1tica","robots":{"index":"index","follow":"follow","max-snippet":"max-snippet:-1","max-image-preview":"max-image-preview:large","max-video-preview":"max-video-preview:-1"},"canonical":"https:\/\/aivlisoft.net\/shop\/producto\/tp-link-tl-sg1005lp-switch-5xgb-4xpoe\/","og_locale":"es_ES","og_type":"article","og_title":"TP-Link TL-SG1005LP Switch 5xGb (4xPoE+) - Aivlisoft Inform\u00e1tica","og_description":"Marca TP-Link Modelo TL-SG1005LP Caracter&iacute;sticas de Hardware &#8211; Interfaz: &nbsp; 5 x puertos RJ45 de 10\/100\/1000 Mbps &nbsp; Autonegociaci&oacute;n &nbsp; AUTO MDI \/ MDIX &#8211; Medios de Red:&nbsp;&nbsp; &nbsp; &nbsp; 10BASE-T: cable UTP categor&iacute;a 3, 4, 5 (m&aacute;ximo 100 m) &nbsp; EIA \/ TIA-568 STP de 100 &Omega; (m&aacute;ximo 100 m) &nbsp; 100BASE-TX: cable UTP&hellip;&nbsp;TP-Link TL-SG1005LP Switch 5xGb (4xPoE+)","og_url":"https:\/\/aivlisoft.net\/shop\/producto\/tp-link-tl-sg1005lp-switch-5xgb-4xpoe\/","og_site_name":"Aivlisoft Inform\u00e1tica","article_modified_time":"2025-01-14T11:55:59+00:00","og_image":[{"width":800,"height":800,"url":"https:\/\/aivlisoft.net\/shop\/wp-content\/uploads\/2025\/01\/NSWSSO0335_800.jpg","type":"image\/jpeg"}],"twitter_card":"summary_large_image","twitter_misc":{"Tiempo de lectura":"2 minutos"},"schema":{"@context":"https:\/\/schema.org","@graph":[{"@type":"WebPage","@id":"https:\/\/aivlisoft.net\/shop\/producto\/tp-link-tl-sg1005lp-switch-5xgb-4xpoe\/","url":"https:\/\/aivlisoft.net\/shop\/producto\/tp-link-tl-sg1005lp-switch-5xgb-4xpoe\/","name":"TP-Link TL-SG1005LP Switch 5xGb (4xPoE+) - Aivlisoft Inform\u00e1tica","isPartOf":{"@id":"https:\/\/aivlisoft.net\/shop\/#website"},"primaryImageOfPage":{"@id":"https:\/\/aivlisoft.net\/shop\/producto\/tp-link-tl-sg1005lp-switch-5xgb-4xpoe\/#primaryimage"},"image":{"@id":"https:\/\/aivlisoft.net\/shop\/producto\/tp-link-tl-sg1005lp-switch-5xgb-4xpoe\/#primaryimage"},"thumbnailUrl":"https:\/\/aivlisoft.net\/shop\/wp-content\/uploads\/2025\/01\/NSWSSO0335_800.jpg","datePublished":"2025-01-13T15:53:44+00:00","dateModified":"2025-01-14T11:55:59+00:00","breadcrumb":{"@id":"https:\/\/aivlisoft.net\/shop\/producto\/tp-link-tl-sg1005lp-switch-5xgb-4xpoe\/#breadcrumb"},"inLanguage":"es","potentialAction":[{"@type":"ReadAction","target":["https:\/\/aivlisoft.net\/shop\/producto\/tp-link-tl-sg1005lp-switch-5xgb-4xpoe\/"]}]},{"@type":"ImageObject","inLanguage":"es","@id":"https:\/\/aivlisoft.net\/shop\/producto\/tp-link-tl-sg1005lp-switch-5xgb-4xpoe\/#primaryimage","url":"https:\/\/aivlisoft.net\/shop\/wp-content\/uploads\/2025\/01\/NSWSSO0335_800.jpg","contentUrl":"https:\/\/aivlisoft.net\/shop\/wp-content\/uploads\/2025\/01\/NSWSSO0335_800.jpg","width":800,"height":800},{"@type":"BreadcrumbList","@id":"https:\/\/aivlisoft.net\/shop\/producto\/tp-link-tl-sg1005lp-switch-5xgb-4xpoe\/#breadcrumb","itemListElement":[{"@type":"ListItem","position":1,"name":"Portada","item":"https:\/\/aivlisoft.net\/shop\/"},{"@type":"ListItem","position":2,"name":"Tienda","item":"https:\/\/aivlisoft.net\/shop\/tienda\/"},{"@type":"ListItem","position":3,"name":"TP-Link TL-SG1005LP Switch 5xGb (4xPoE+)"}]},{"@type":"WebSite","@id":"https:\/\/aivlisoft.net\/shop\/#website","url":"https:\/\/aivlisoft.net\/shop\/","name":"Aivlisoft Inform\u00e1tica","description":"En Aivlisoft Inform\u00e1tica ofrecemos soluciones tecnol\u00f3gicas para empresas: venta de ordenadores, consumibles, perif\u00e9ricos y m\u00e1s. Calidad, atenci\u00f3n personalizada y los mejores precios para tu negocio.","publisher":{"@id":"https:\/\/aivlisoft.net\/shop\/#organization"},"potentialAction":[{"@type":"SearchAction","target":{"@type":"EntryPoint","urlTemplate":"https:\/\/aivlisoft.net\/shop\/?s={search_term_string}"},"query-input":{"@type":"PropertyValueSpecification","valueRequired":true,"valueName":"search_term_string"}}],"inLanguage":"es"},{"@type":"Organization","@id":"https:\/\/aivlisoft.net\/shop\/#organization","name":"Aivlisoft Inform\u00e1tica","url":"https:\/\/aivlisoft.net\/shop\/","logo":{"@type":"ImageObject","inLanguage":"es","@id":"https:\/\/aivlisoft.net\/shop\/#\/schema\/logo\/image\/","url":"https:\/\/aivlisoft.net\/shop\/wp-content\/uploads\/2024\/12\/removal.ai_5b848c54-0cdf-4140-95c5-c5536bb7573b-logodef.png","contentUrl":"https:\/\/aivlisoft.net\/shop\/wp-content\/uploads\/2024\/12\/removal.ai_5b848c54-0cdf-4140-95c5-c5536bb7573b-logodef.png","width":484,"height":182,"caption":"Aivlisoft Inform\u00e1tica"},"image":{"@id":"https:\/\/aivlisoft.net\/shop\/#\/schema\/logo\/image\/"}}]}},"_links":{"self":[{"href":"https:\/\/aivlisoft.net\/shop\/wp-json\/wp\/v2\/product\/21403","targetHints":{"allow":["GET"]}}],"collection":[{"href":"https:\/\/aivlisoft.net\/shop\/wp-json\/wp\/v2\/product"}],"about":[{"href":"https:\/\/aivlisoft.net\/shop\/wp-json\/wp\/v2\/types\/product"}],"wp:featuredmedia":[{"embeddable":true,"href":"https:\/\/aivlisoft.net\/shop\/wp-json\/wp\/v2\/media\/21404"}],"wp:attachment":[{"href":"https:\/\/aivlisoft.net\/shop\/wp-json\/wp\/v2\/media?parent=21403"}],"wp:term":[{"taxonomy":"product_brand","embeddable":true,"href":"https:\/\/aivlisoft.net\/shop\/wp-json\/wp\/v2\/product_brand?post=21403"},{"taxonomy":"product_cat","embeddable":true,"href":"https:\/\/aivlisoft.net\/shop\/wp-json\/wp\/v2\/product_cat?post=21403"},{"taxonomy":"product_tag","embeddable":true,"href":"https:\/\/aivlisoft.net\/shop\/wp-json\/wp\/v2\/product_tag?post=21403"}],"curies":[{"name":"wp","href":"https:\/\/api.w.org\/{rel}","templated":true}]}}