{"id":21389,"date":"2025-01-13T15:53:37","date_gmt":"2025-01-13T15:53:37","guid":{"rendered":"https:\/\/aivlisoft.com\/?post_type=product&#038;p=21389"},"modified":"2025-01-14T11:55:56","modified_gmt":"2025-01-14T11:55:56","slug":"qnap-qsw-m408-2c-switch-8xgbe-2x10gbe-combo","status":"publish","type":"product","link":"https:\/\/aivlisoft.net\/shop\/producto\/qnap-qsw-m408-2c-switch-8xgbe-2x10gbe-combo\/","title":{"rendered":"QNAP QSW-M408-2C Switch 8xGbE 2x10GbE Combo"},"content":{"rendered":"<p><\/p>\n<table class=\"tabla_caracteristicas k-table\" width=\"100%\">\n<tr>\n<td><strong>Marca<\/strong><\/td>\n<td>QNAP<\/td>\n<\/tr>\n<tr>\n<td><strong>Modelo<\/strong><\/td>\n<td><strong>QSW-M408-2C<\/strong><\/td>\n<\/tr>\n<tr>\n<td valign=\"top\"><strong>Puertos<\/strong><\/td>\n<td>&#8211; 12 x puertos<br \/>\t\t\t&nbsp; 2 x SFP+ 10GbE<br \/>\t\t\t&nbsp; 2 x Puertos combinados SFP+\/RJ45 10 GbE<br \/>\t\t\t&nbsp; 8 x BASE-T 10GbE (RJ45)<\/td>\n<\/tr>\n<tr>\n<td valign=\"top\"><strong>Despempe&ntilde;o<\/strong><\/td>\n<td>&#8211; Jumbo Frames: 9 K<br \/>\t\t\t&#8211; Tabla de direcciones MAC: 16 K<br \/>\t\t\t&#8211; Rendimiento sin bloqueo total: 48 Gbps<br \/>\t\t\t&#8211; Capacidad de conmutaci&oacute;n: 96 Gbps<\/td>\n<\/tr>\n<tr>\n<td valign=\"top\"><strong>Caracter&iacute;sticas<\/strong><\/td>\n<td><strong>Standards Compliance&nbsp;&nbsp; &nbsp;<\/strong><br \/>\t\t\t&#8211; IEEE 802.3 Ethernet<br \/>\t\t\t&#8211; IEEE 802.3u 100BASE-T<br \/>\t\t\t&#8211; IEEE 802.3ab 1000BASE-T<br \/>\t\t\t&#8211; IEEE 802.3bz 2.5G\/5GBase-T<br \/>\t\t\t&#8211; IEEE 802.3an 10G BASE-T<br \/>\t\t\t&#8211; IEEE 802.3z 1000BASE-SX\/LX<br \/>\t\t\t&#8211; IEEE 802.3ae 10G Fiber<br \/>\t\t\t&#8211; IEEE 802.3x Full-Duplex Flow Control<br \/>\t\t\t&#8211; IEEE 802.1Q VLAN Tagging<br \/>\t\t\t&#8211; IEEE 802.1w RSTP<br \/>\t\t\t&#8211; IEEE 802.3ad LACP<br \/>\t\t\t&#8211; IEEE 802.1AB LLDP<br \/>\t\t\t&#8211; IEEE 802.1p Class of Service<br \/>\t\t\t<strong>Certificados<\/strong><br \/>\t\t\t&#8211; FCC<br \/>\t\t\t&#8211; CE<br \/>\t\t\t&#8211; BSMI<br \/>\t\t\t&#8211; VCCI<br \/>\t\t\t&#8211; CCC<\/td>\n<\/tr>\n<tr>\n<td valign=\"top\"><strong>Otras Caracteristicas<\/strong><br \/>\t\t\t&nbsp;<\/td>\n<td>&#8211; 1 x ventilador de doble rodamiento PWM<br \/>\t\t\t&#8211; Factor de forma: Escritorio<br \/>\t\t\t&#8211; Indicadores LED<br \/>\t\t\t&nbsp; Por puerto: Velocidad\/Enlace\/Actividad<br \/>\t\t\t&nbsp; Por sistema: Alimentaci&oacute;n\/Estado<br \/>\t\t\t&#8211; Botones: Bot&oacute;n de restablecimiento<br \/>\t\t\t&#8211; Consola: RJ45<br \/>\t\t\t&#8211; Cumplimiento electromagn&eacute;tico: Class A<br \/>\t\t\t<strong>Alimentaci&oacute;n<br \/>\t\t\t&#8211; <\/strong>Descripci&oacute;n de alimentaci&oacute;n el&eacute;ctrica: Adaptador<br \/>\t\t\t&#8211; Consumo energ&eacute;tico m&aacute;x.: 22,04 W<br \/>\t\t\t&#8211; Tipo de alimentaci&oacute;n de entrada: CA<br \/>\t\t\t&#8211; Rango de voltaje de entrada: 100-240 V de CA, 50\/60 Hz<br \/>\t\t\t<strong>Dimensiones y peso<\/strong><br \/>\t\t\t&#8211; 42,5 &times; 290 &times; 127 mm<br \/>\t\t\t&#8211; 1,15 kg<\/td>\n<\/tr>\n<tr>\n<td><strong>Fecha Revisi&oacute;n<\/strong><\/td>\n<td>03-01-2024 por RTY<\/td>\n<\/tr>\n<\/table>\n","protected":false},"excerpt":{"rendered":"<p>Marca QNAP Modelo QSW-M408-2C Puertos &#8211; 12 x puertos &nbsp; 2 x SFP+ 10GbE &nbsp; 2 x Puertos combinados SFP+\/RJ45 10 GbE &nbsp; 8 x BASE-T 10GbE (RJ45) Despempe&ntilde;o &#8211; Jumbo Frames: 9 K &#8211; Tabla de direcciones MAC: 16 K &#8211; Rendimiento sin bloqueo total: 48 Gbps &#8211; Capacidad de conmutaci&oacute;n: 96 Gbps Caracter&iacute;sticas&hellip;&nbsp;<a href=\"https:\/\/aivlisoft.net\/shop\/producto\/qnap-qsw-m408-2c-switch-8xgbe-2x10gbe-combo\/\" rel=\"bookmark\"><span class=\"screen-reader-text\">QNAP QSW-M408-2C Switch 8xGbE 2x10GbE Combo<\/span><\/a><\/p>\n","protected":false},"featured_media":21390,"template":"","meta":{"neve_meta_sidebar":"","neve_meta_container":"","neve_meta_enable_content_width":"","neve_meta_content_width":0,"neve_meta_title_alignment":"","neve_meta_author_avatar":"","neve_post_elements_order":"","neve_meta_disable_header":"","neve_meta_disable_footer":"","neve_meta_disable_title":""},"product_brand":[],"product_cat":[8773],"product_tag":[7561],"class_list":{"0":"post-21389","1":"product","2":"type-product","3":"status-publish","4":"has-post-thumbnail","6":"product_cat-switches-sobremesa","7":"product_tag-qsw-m408-2c","9":"first","10":"instock","11":"taxable","12":"shipping-taxable","13":"purchasable","14":"product-type-simple"},"yoast_head":"<!-- This site is optimized with the Yoast SEO plugin v26.0 - https:\/\/yoast.com\/wordpress\/plugins\/seo\/ -->\n<title>QNAP QSW-M408-2C Switch 8xGbE 2x10GbE Combo - Aivlisoft Inform\u00e1tica<\/title>\n<meta name=\"robots\" content=\"index, follow, max-snippet:-1, max-image-preview:large, max-video-preview:-1\" \/>\n<link rel=\"canonical\" href=\"https:\/\/aivlisoft.net\/shop\/producto\/qnap-qsw-m408-2c-switch-8xgbe-2x10gbe-combo\/\" \/>\n<meta property=\"og:locale\" content=\"es_ES\" \/>\n<meta property=\"og:type\" content=\"article\" \/>\n<meta property=\"og:title\" content=\"QNAP QSW-M408-2C Switch 8xGbE 2x10GbE Combo - Aivlisoft Inform\u00e1tica\" \/>\n<meta property=\"og:description\" content=\"Marca QNAP Modelo QSW-M408-2C Puertos &#8211; 12 x puertos &nbsp; 2 x SFP+ 10GbE &nbsp; 2 x Puertos combinados SFP+\/RJ45 10 GbE &nbsp; 8 x BASE-T 10GbE (RJ45) Despempe&ntilde;o &#8211; Jumbo Frames: 9 K &#8211; Tabla de direcciones MAC: 16 K &#8211; Rendimiento sin bloqueo total: 48 Gbps &#8211; Capacidad de conmutaci&oacute;n: 96 Gbps Caracter&iacute;sticas&hellip;&nbsp;QNAP QSW-M408-2C Switch 8xGbE 2x10GbE Combo\" \/>\n<meta property=\"og:url\" content=\"https:\/\/aivlisoft.net\/shop\/producto\/qnap-qsw-m408-2c-switch-8xgbe-2x10gbe-combo\/\" \/>\n<meta property=\"og:site_name\" content=\"Aivlisoft Inform\u00e1tica\" \/>\n<meta property=\"article:modified_time\" content=\"2025-01-14T11:55:56+00:00\" \/>\n<meta property=\"og:image\" content=\"https:\/\/aivlisoft.net\/shop\/wp-content\/uploads\/2025\/01\/NSWSSO0330_800.jpg\" \/>\n\t<meta property=\"og:image:width\" content=\"800\" \/>\n\t<meta property=\"og:image:height\" content=\"800\" \/>\n\t<meta property=\"og:image:type\" content=\"image\/jpeg\" \/>\n<meta name=\"twitter:card\" content=\"summary_large_image\" \/>\n<meta name=\"twitter:label1\" content=\"Tiempo de lectura\" \/>\n\t<meta name=\"twitter:data1\" content=\"1 minuto\" \/>\n<script type=\"application\/ld+json\" class=\"yoast-schema-graph\">{\"@context\":\"https:\/\/schema.org\",\"@graph\":[{\"@type\":\"WebPage\",\"@id\":\"https:\/\/aivlisoft.net\/shop\/producto\/qnap-qsw-m408-2c-switch-8xgbe-2x10gbe-combo\/\",\"url\":\"https:\/\/aivlisoft.net\/shop\/producto\/qnap-qsw-m408-2c-switch-8xgbe-2x10gbe-combo\/\",\"name\":\"QNAP QSW-M408-2C Switch 8xGbE 2x10GbE Combo - Aivlisoft Inform\u00e1tica\",\"isPartOf\":{\"@id\":\"https:\/\/aivlisoft.net\/shop\/#website\"},\"primaryImageOfPage\":{\"@id\":\"https:\/\/aivlisoft.net\/shop\/producto\/qnap-qsw-m408-2c-switch-8xgbe-2x10gbe-combo\/#primaryimage\"},\"image\":{\"@id\":\"https:\/\/aivlisoft.net\/shop\/producto\/qnap-qsw-m408-2c-switch-8xgbe-2x10gbe-combo\/#primaryimage\"},\"thumbnailUrl\":\"https:\/\/aivlisoft.net\/shop\/wp-content\/uploads\/2025\/01\/NSWSSO0330_800.jpg\",\"datePublished\":\"2025-01-13T15:53:37+00:00\",\"dateModified\":\"2025-01-14T11:55:56+00:00\",\"breadcrumb\":{\"@id\":\"https:\/\/aivlisoft.net\/shop\/producto\/qnap-qsw-m408-2c-switch-8xgbe-2x10gbe-combo\/#breadcrumb\"},\"inLanguage\":\"es\",\"potentialAction\":[{\"@type\":\"ReadAction\",\"target\":[\"https:\/\/aivlisoft.net\/shop\/producto\/qnap-qsw-m408-2c-switch-8xgbe-2x10gbe-combo\/\"]}]},{\"@type\":\"ImageObject\",\"inLanguage\":\"es\",\"@id\":\"https:\/\/aivlisoft.net\/shop\/producto\/qnap-qsw-m408-2c-switch-8xgbe-2x10gbe-combo\/#primaryimage\",\"url\":\"https:\/\/aivlisoft.net\/shop\/wp-content\/uploads\/2025\/01\/NSWSSO0330_800.jpg\",\"contentUrl\":\"https:\/\/aivlisoft.net\/shop\/wp-content\/uploads\/2025\/01\/NSWSSO0330_800.jpg\",\"width\":800,\"height\":800},{\"@type\":\"BreadcrumbList\",\"@id\":\"https:\/\/aivlisoft.net\/shop\/producto\/qnap-qsw-m408-2c-switch-8xgbe-2x10gbe-combo\/#breadcrumb\",\"itemListElement\":[{\"@type\":\"ListItem\",\"position\":1,\"name\":\"Portada\",\"item\":\"https:\/\/aivlisoft.net\/shop\/\"},{\"@type\":\"ListItem\",\"position\":2,\"name\":\"Tienda\",\"item\":\"https:\/\/aivlisoft.net\/shop\/tienda\/\"},{\"@type\":\"ListItem\",\"position\":3,\"name\":\"QNAP QSW-M408-2C Switch 8xGbE 2x10GbE Combo\"}]},{\"@type\":\"WebSite\",\"@id\":\"https:\/\/aivlisoft.net\/shop\/#website\",\"url\":\"https:\/\/aivlisoft.net\/shop\/\",\"name\":\"Aivlisoft Inform\u00e1tica\",\"description\":\"En Aivlisoft Inform\u00e1tica ofrecemos soluciones tecnol\u00f3gicas para empresas: venta de ordenadores, consumibles, perif\u00e9ricos y m\u00e1s. Calidad, atenci\u00f3n personalizada y los mejores precios para tu negocio.\",\"publisher\":{\"@id\":\"https:\/\/aivlisoft.net\/shop\/#organization\"},\"potentialAction\":[{\"@type\":\"SearchAction\",\"target\":{\"@type\":\"EntryPoint\",\"urlTemplate\":\"https:\/\/aivlisoft.net\/shop\/?s={search_term_string}\"},\"query-input\":{\"@type\":\"PropertyValueSpecification\",\"valueRequired\":true,\"valueName\":\"search_term_string\"}}],\"inLanguage\":\"es\"},{\"@type\":\"Organization\",\"@id\":\"https:\/\/aivlisoft.net\/shop\/#organization\",\"name\":\"Aivlisoft Inform\u00e1tica\",\"url\":\"https:\/\/aivlisoft.net\/shop\/\",\"logo\":{\"@type\":\"ImageObject\",\"inLanguage\":\"es\",\"@id\":\"https:\/\/aivlisoft.net\/shop\/#\/schema\/logo\/image\/\",\"url\":\"https:\/\/aivlisoft.net\/shop\/wp-content\/uploads\/2024\/12\/removal.ai_5b848c54-0cdf-4140-95c5-c5536bb7573b-logodef.png\",\"contentUrl\":\"https:\/\/aivlisoft.net\/shop\/wp-content\/uploads\/2024\/12\/removal.ai_5b848c54-0cdf-4140-95c5-c5536bb7573b-logodef.png\",\"width\":484,\"height\":182,\"caption\":\"Aivlisoft Inform\u00e1tica\"},\"image\":{\"@id\":\"https:\/\/aivlisoft.net\/shop\/#\/schema\/logo\/image\/\"}}]}<\/script>\n<!-- \/ Yoast SEO plugin. -->","yoast_head_json":{"title":"QNAP QSW-M408-2C Switch 8xGbE 2x10GbE Combo - Aivlisoft Inform\u00e1tica","robots":{"index":"index","follow":"follow","max-snippet":"max-snippet:-1","max-image-preview":"max-image-preview:large","max-video-preview":"max-video-preview:-1"},"canonical":"https:\/\/aivlisoft.net\/shop\/producto\/qnap-qsw-m408-2c-switch-8xgbe-2x10gbe-combo\/","og_locale":"es_ES","og_type":"article","og_title":"QNAP QSW-M408-2C Switch 8xGbE 2x10GbE Combo - Aivlisoft Inform\u00e1tica","og_description":"Marca QNAP Modelo QSW-M408-2C Puertos &#8211; 12 x puertos &nbsp; 2 x SFP+ 10GbE &nbsp; 2 x Puertos combinados SFP+\/RJ45 10 GbE &nbsp; 8 x BASE-T 10GbE (RJ45) Despempe&ntilde;o &#8211; Jumbo Frames: 9 K &#8211; Tabla de direcciones MAC: 16 K &#8211; Rendimiento sin bloqueo total: 48 Gbps &#8211; Capacidad de conmutaci&oacute;n: 96 Gbps Caracter&iacute;sticas&hellip;&nbsp;QNAP QSW-M408-2C Switch 8xGbE 2x10GbE Combo","og_url":"https:\/\/aivlisoft.net\/shop\/producto\/qnap-qsw-m408-2c-switch-8xgbe-2x10gbe-combo\/","og_site_name":"Aivlisoft Inform\u00e1tica","article_modified_time":"2025-01-14T11:55:56+00:00","og_image":[{"width":800,"height":800,"url":"https:\/\/aivlisoft.net\/shop\/wp-content\/uploads\/2025\/01\/NSWSSO0330_800.jpg","type":"image\/jpeg"}],"twitter_card":"summary_large_image","twitter_misc":{"Tiempo de lectura":"1 minuto"},"schema":{"@context":"https:\/\/schema.org","@graph":[{"@type":"WebPage","@id":"https:\/\/aivlisoft.net\/shop\/producto\/qnap-qsw-m408-2c-switch-8xgbe-2x10gbe-combo\/","url":"https:\/\/aivlisoft.net\/shop\/producto\/qnap-qsw-m408-2c-switch-8xgbe-2x10gbe-combo\/","name":"QNAP QSW-M408-2C Switch 8xGbE 2x10GbE Combo - Aivlisoft Inform\u00e1tica","isPartOf":{"@id":"https:\/\/aivlisoft.net\/shop\/#website"},"primaryImageOfPage":{"@id":"https:\/\/aivlisoft.net\/shop\/producto\/qnap-qsw-m408-2c-switch-8xgbe-2x10gbe-combo\/#primaryimage"},"image":{"@id":"https:\/\/aivlisoft.net\/shop\/producto\/qnap-qsw-m408-2c-switch-8xgbe-2x10gbe-combo\/#primaryimage"},"thumbnailUrl":"https:\/\/aivlisoft.net\/shop\/wp-content\/uploads\/2025\/01\/NSWSSO0330_800.jpg","datePublished":"2025-01-13T15:53:37+00:00","dateModified":"2025-01-14T11:55:56+00:00","breadcrumb":{"@id":"https:\/\/aivlisoft.net\/shop\/producto\/qnap-qsw-m408-2c-switch-8xgbe-2x10gbe-combo\/#breadcrumb"},"inLanguage":"es","potentialAction":[{"@type":"ReadAction","target":["https:\/\/aivlisoft.net\/shop\/producto\/qnap-qsw-m408-2c-switch-8xgbe-2x10gbe-combo\/"]}]},{"@type":"ImageObject","inLanguage":"es","@id":"https:\/\/aivlisoft.net\/shop\/producto\/qnap-qsw-m408-2c-switch-8xgbe-2x10gbe-combo\/#primaryimage","url":"https:\/\/aivlisoft.net\/shop\/wp-content\/uploads\/2025\/01\/NSWSSO0330_800.jpg","contentUrl":"https:\/\/aivlisoft.net\/shop\/wp-content\/uploads\/2025\/01\/NSWSSO0330_800.jpg","width":800,"height":800},{"@type":"BreadcrumbList","@id":"https:\/\/aivlisoft.net\/shop\/producto\/qnap-qsw-m408-2c-switch-8xgbe-2x10gbe-combo\/#breadcrumb","itemListElement":[{"@type":"ListItem","position":1,"name":"Portada","item":"https:\/\/aivlisoft.net\/shop\/"},{"@type":"ListItem","position":2,"name":"Tienda","item":"https:\/\/aivlisoft.net\/shop\/tienda\/"},{"@type":"ListItem","position":3,"name":"QNAP QSW-M408-2C Switch 8xGbE 2x10GbE Combo"}]},{"@type":"WebSite","@id":"https:\/\/aivlisoft.net\/shop\/#website","url":"https:\/\/aivlisoft.net\/shop\/","name":"Aivlisoft Inform\u00e1tica","description":"En Aivlisoft Inform\u00e1tica ofrecemos soluciones tecnol\u00f3gicas para empresas: venta de ordenadores, consumibles, perif\u00e9ricos y m\u00e1s. Calidad, atenci\u00f3n personalizada y los mejores precios para tu negocio.","publisher":{"@id":"https:\/\/aivlisoft.net\/shop\/#organization"},"potentialAction":[{"@type":"SearchAction","target":{"@type":"EntryPoint","urlTemplate":"https:\/\/aivlisoft.net\/shop\/?s={search_term_string}"},"query-input":{"@type":"PropertyValueSpecification","valueRequired":true,"valueName":"search_term_string"}}],"inLanguage":"es"},{"@type":"Organization","@id":"https:\/\/aivlisoft.net\/shop\/#organization","name":"Aivlisoft Inform\u00e1tica","url":"https:\/\/aivlisoft.net\/shop\/","logo":{"@type":"ImageObject","inLanguage":"es","@id":"https:\/\/aivlisoft.net\/shop\/#\/schema\/logo\/image\/","url":"https:\/\/aivlisoft.net\/shop\/wp-content\/uploads\/2024\/12\/removal.ai_5b848c54-0cdf-4140-95c5-c5536bb7573b-logodef.png","contentUrl":"https:\/\/aivlisoft.net\/shop\/wp-content\/uploads\/2024\/12\/removal.ai_5b848c54-0cdf-4140-95c5-c5536bb7573b-logodef.png","width":484,"height":182,"caption":"Aivlisoft Inform\u00e1tica"},"image":{"@id":"https:\/\/aivlisoft.net\/shop\/#\/schema\/logo\/image\/"}}]}},"_links":{"self":[{"href":"https:\/\/aivlisoft.net\/shop\/wp-json\/wp\/v2\/product\/21389","targetHints":{"allow":["GET"]}}],"collection":[{"href":"https:\/\/aivlisoft.net\/shop\/wp-json\/wp\/v2\/product"}],"about":[{"href":"https:\/\/aivlisoft.net\/shop\/wp-json\/wp\/v2\/types\/product"}],"wp:featuredmedia":[{"embeddable":true,"href":"https:\/\/aivlisoft.net\/shop\/wp-json\/wp\/v2\/media\/21390"}],"wp:attachment":[{"href":"https:\/\/aivlisoft.net\/shop\/wp-json\/wp\/v2\/media?parent=21389"}],"wp:term":[{"taxonomy":"product_brand","embeddable":true,"href":"https:\/\/aivlisoft.net\/shop\/wp-json\/wp\/v2\/product_brand?post=21389"},{"taxonomy":"product_cat","embeddable":true,"href":"https:\/\/aivlisoft.net\/shop\/wp-json\/wp\/v2\/product_cat?post=21389"},{"taxonomy":"product_tag","embeddable":true,"href":"https:\/\/aivlisoft.net\/shop\/wp-json\/wp\/v2\/product_tag?post=21389"}],"curies":[{"name":"wp","href":"https:\/\/api.w.org\/{rel}","templated":true}]}}