{"id":21375,"date":"2025-01-13T15:53:20","date_gmt":"2025-01-13T15:53:20","guid":{"rendered":"https:\/\/aivlisoft.com\/?post_type=product&#038;p=21375"},"modified":"2025-01-14T11:55:50","modified_gmt":"2025-01-14T11:55:50","slug":"qnap-qsw-2104-2s-switch-2x10gbe-sfp-4x2-5gbe","status":"publish","type":"product","link":"https:\/\/aivlisoft.net\/shop\/producto\/qnap-qsw-2104-2s-switch-2x10gbe-sfp-4x2-5gbe\/","title":{"rendered":"QNAP QSW-2104-2S Switch 2x10GbE SFP+ 4&#215;2.5GbE"},"content":{"rendered":"<p><\/p>\n<p>&nbsp;<\/p>\n<table class=\"tabla_caracteristicas k-table\" width=\"100%\">\n<tr>\n<td><strong>Marca<\/strong><\/td>\n<td>QNAP<\/td>\n<\/tr>\n<tr>\n<td><strong>Modelo<\/strong><\/td>\n<td><strong>QSW-2104-2S<\/strong><\/td>\n<\/tr>\n<tr>\n<td valign=\"top\"><strong>Puertos<\/strong><\/td>\n<td>&#8211; 6 puertos<br \/>\t\t\t&nbsp; 2 x BASE-T 10GbE (RJ45)<br \/>\t\t\t&nbsp; 4 x 2,5GbE (RJ45)<\/td>\n<\/tr>\n<tr>\n<td valign=\"top\"><strong>Despempe&ntilde;o<\/strong><\/td>\n<td>&#8211; Jumbo Frames: 9K<br \/>\t\t\t&#8211; Tabla de direcciones MAC 16 K<br role=\"presentation\">\t\t\t&#8211; Rendimiento sin bloqueo total: 30 Gbps<br role=\"presentation\">\t\t\t&#8211; Capacidad de conmutaci&oacute;n: 60 Gbps<\/td>\n<\/tr>\n<tr>\n<td valign=\"top\"><strong>Caracter&iacute;sticas<\/strong><\/td>\n<td><strong>Standards Compliance&nbsp;&nbsp; &nbsp;<\/strong><br \/>\t\t\t&#8211; IEEE 802.3u 100Base-TX Fast Ethernet<br \/>\t\t\t&#8211; IEEE 802.3ab 1000BASE-T GbE<br \/>\t\t\t&#8211; IEEE 802.3bz 2.5G\/5GBase-T<br \/>\t\t\t&#8211; IEEE 802.3an 10GBase-T<br \/>\t\t\t&#8211; IEEE 802.3az Energy Efficient Ethernet (EEE)IEEE<br \/>\t\t\t&#8211; Transceptor SFP 1000BASE-SX<br \/>\t\t\t&#8211; Tranceptor SFP 1000BASE-LX<br \/>\t\t\t&#8211; Transceptor SFP 1000BASE-T Copper RJ45 GBIC<br \/>\t\t\t<strong>Certificados<\/strong><br \/>\t\t\t&#8211; FCC<br \/>\t\t\t&#8211; CE<br \/>\t\t\t&#8211; BSMI<br \/>\t\t\t&#8211; VCCI<br \/>\t\t\t&#8211; LVD<br \/>\t\t\t&#8211; CCC<br \/>\t\t\t&#8211; KCC<\/td>\n<\/tr>\n<tr>\n<td valign=\"top\"><strong>Otras Caracteristicas<\/strong><br \/>\t\t\t&nbsp;<\/td>\n<td>&#8211; Sin ventilador<br \/>\t\t\t&#8211; Energy Efficient Ethernet (cumple con IEEE 802.3az)<br \/>\t\t\t&#8211; Indicadores LED :<br \/>\t\t\t&nbsp; Por puerto: Velocidad\/Enlace\/Actividad<br \/>\t\t\t&nbsp; LED de bucle: Bucle por sistema Alimentaci&oacute;n\/Estado<br \/>\t\t\t&#8211; Cumplimiento electromagn&eacute;tico: Class B<br \/>\t\t\t<strong>Alimentaci&oacute;n<\/strong><br \/>\t\t\t&#8211; Descripci&oacute;n de alimentaci&oacute;n el&eacute;ctrica: Adaptador<br \/>\t\t\t&#8211; Consumo energ&eacute;tico m&aacute;x: 12 W<br \/>\t\t\t&#8211; Tipo de alimentaci&oacute;n de entrada: CC<br \/>\t\t\t&#8211; Rango de voltaje de entrada: 12 V\/ 1 A<br \/>\t\t\t<strong>Dimensiones y peso<\/strong><br \/>\t\t\t&#8211; 34 x 180 x 145 mm<br \/>\t\t\t&#8211; Peso (neto): 0,713 kg<\/td>\n<\/tr>\n<tr>\n<td><strong>Fecha Revisi&oacute;n<\/strong><\/td>\n<td>01-06-2023 por RTY<\/td>\n<\/tr>\n<\/table>\n","protected":false},"excerpt":{"rendered":"<p>&nbsp; Marca QNAP Modelo QSW-2104-2S Puertos &#8211; 6 puertos &nbsp; 2 x BASE-T 10GbE (RJ45) &nbsp; 4 x 2,5GbE (RJ45) Despempe&ntilde;o &#8211; Jumbo Frames: 9K &#8211; Tabla de direcciones MAC 16 K &#8211; Rendimiento sin bloqueo total: 30 Gbps &#8211; Capacidad de conmutaci&oacute;n: 60 Gbps Caracter&iacute;sticas Standards Compliance&nbsp;&nbsp; &nbsp; &#8211; IEEE 802.3u 100Base-TX Fast Ethernet&hellip;&nbsp;<a href=\"https:\/\/aivlisoft.net\/shop\/producto\/qnap-qsw-2104-2s-switch-2x10gbe-sfp-4x2-5gbe\/\" rel=\"bookmark\"><span class=\"screen-reader-text\">QNAP QSW-2104-2S Switch 2x10GbE SFP+ 4&#215;2.5GbE<\/span><\/a><\/p>\n","protected":false},"featured_media":21376,"template":"","meta":{"neve_meta_sidebar":"","neve_meta_container":"","neve_meta_enable_content_width":"","neve_meta_content_width":0,"neve_meta_title_alignment":"","neve_meta_author_avatar":"","neve_post_elements_order":"","neve_meta_disable_header":"","neve_meta_disable_footer":"","neve_meta_disable_title":""},"product_brand":[],"product_cat":[8773],"product_tag":[7558],"class_list":{"0":"post-21375","1":"product","2":"type-product","3":"status-publish","4":"has-post-thumbnail","6":"product_cat-switches-sobremesa","7":"product_tag-qsw-2104-2s","9":"first","10":"instock","11":"taxable","12":"shipping-taxable","13":"purchasable","14":"product-type-simple"},"yoast_head":"<!-- This site is optimized with the Yoast SEO plugin v26.0 - https:\/\/yoast.com\/wordpress\/plugins\/seo\/ -->\n<title>QNAP QSW-2104-2S Switch 2x10GbE SFP+ 4x2.5GbE - Aivlisoft Inform\u00e1tica<\/title>\n<meta name=\"robots\" content=\"index, follow, max-snippet:-1, max-image-preview:large, max-video-preview:-1\" \/>\n<link rel=\"canonical\" href=\"https:\/\/aivlisoft.net\/shop\/producto\/qnap-qsw-2104-2s-switch-2x10gbe-sfp-4x2-5gbe\/\" \/>\n<meta property=\"og:locale\" content=\"es_ES\" \/>\n<meta property=\"og:type\" content=\"article\" \/>\n<meta property=\"og:title\" content=\"QNAP QSW-2104-2S Switch 2x10GbE SFP+ 4x2.5GbE - Aivlisoft Inform\u00e1tica\" \/>\n<meta property=\"og:description\" content=\"&nbsp; Marca QNAP Modelo QSW-2104-2S Puertos &#8211; 6 puertos &nbsp; 2 x BASE-T 10GbE (RJ45) &nbsp; 4 x 2,5GbE (RJ45) Despempe&ntilde;o &#8211; Jumbo Frames: 9K &#8211; Tabla de direcciones MAC 16 K &#8211; Rendimiento sin bloqueo total: 30 Gbps &#8211; Capacidad de conmutaci&oacute;n: 60 Gbps Caracter&iacute;sticas Standards Compliance&nbsp;&nbsp; &nbsp; &#8211; IEEE 802.3u 100Base-TX Fast Ethernet&hellip;&nbsp;QNAP QSW-2104-2S Switch 2x10GbE SFP+ 4&#215;2.5GbE\" \/>\n<meta property=\"og:url\" content=\"https:\/\/aivlisoft.net\/shop\/producto\/qnap-qsw-2104-2s-switch-2x10gbe-sfp-4x2-5gbe\/\" \/>\n<meta property=\"og:site_name\" content=\"Aivlisoft Inform\u00e1tica\" \/>\n<meta property=\"article:modified_time\" content=\"2025-01-14T11:55:50+00:00\" \/>\n<meta property=\"og:image\" content=\"https:\/\/aivlisoft.net\/shop\/wp-content\/uploads\/2025\/01\/NSWSSO0327_800.jpg\" \/>\n\t<meta property=\"og:image:width\" content=\"800\" \/>\n\t<meta property=\"og:image:height\" content=\"800\" \/>\n\t<meta property=\"og:image:type\" content=\"image\/jpeg\" \/>\n<meta name=\"twitter:card\" content=\"summary_large_image\" \/>\n<meta name=\"twitter:label1\" content=\"Tiempo de lectura\" \/>\n\t<meta name=\"twitter:data1\" content=\"1 minuto\" \/>\n<script type=\"application\/ld+json\" class=\"yoast-schema-graph\">{\"@context\":\"https:\/\/schema.org\",\"@graph\":[{\"@type\":\"WebPage\",\"@id\":\"https:\/\/aivlisoft.net\/shop\/producto\/qnap-qsw-2104-2s-switch-2x10gbe-sfp-4x2-5gbe\/\",\"url\":\"https:\/\/aivlisoft.net\/shop\/producto\/qnap-qsw-2104-2s-switch-2x10gbe-sfp-4x2-5gbe\/\",\"name\":\"QNAP QSW-2104-2S Switch 2x10GbE SFP+ 4x2.5GbE - Aivlisoft Inform\u00e1tica\",\"isPartOf\":{\"@id\":\"https:\/\/aivlisoft.net\/shop\/#website\"},\"primaryImageOfPage\":{\"@id\":\"https:\/\/aivlisoft.net\/shop\/producto\/qnap-qsw-2104-2s-switch-2x10gbe-sfp-4x2-5gbe\/#primaryimage\"},\"image\":{\"@id\":\"https:\/\/aivlisoft.net\/shop\/producto\/qnap-qsw-2104-2s-switch-2x10gbe-sfp-4x2-5gbe\/#primaryimage\"},\"thumbnailUrl\":\"https:\/\/aivlisoft.net\/shop\/wp-content\/uploads\/2025\/01\/NSWSSO0327_800.jpg\",\"datePublished\":\"2025-01-13T15:53:20+00:00\",\"dateModified\":\"2025-01-14T11:55:50+00:00\",\"breadcrumb\":{\"@id\":\"https:\/\/aivlisoft.net\/shop\/producto\/qnap-qsw-2104-2s-switch-2x10gbe-sfp-4x2-5gbe\/#breadcrumb\"},\"inLanguage\":\"es\",\"potentialAction\":[{\"@type\":\"ReadAction\",\"target\":[\"https:\/\/aivlisoft.net\/shop\/producto\/qnap-qsw-2104-2s-switch-2x10gbe-sfp-4x2-5gbe\/\"]}]},{\"@type\":\"ImageObject\",\"inLanguage\":\"es\",\"@id\":\"https:\/\/aivlisoft.net\/shop\/producto\/qnap-qsw-2104-2s-switch-2x10gbe-sfp-4x2-5gbe\/#primaryimage\",\"url\":\"https:\/\/aivlisoft.net\/shop\/wp-content\/uploads\/2025\/01\/NSWSSO0327_800.jpg\",\"contentUrl\":\"https:\/\/aivlisoft.net\/shop\/wp-content\/uploads\/2025\/01\/NSWSSO0327_800.jpg\",\"width\":800,\"height\":800},{\"@type\":\"BreadcrumbList\",\"@id\":\"https:\/\/aivlisoft.net\/shop\/producto\/qnap-qsw-2104-2s-switch-2x10gbe-sfp-4x2-5gbe\/#breadcrumb\",\"itemListElement\":[{\"@type\":\"ListItem\",\"position\":1,\"name\":\"Portada\",\"item\":\"https:\/\/aivlisoft.net\/shop\/\"},{\"@type\":\"ListItem\",\"position\":2,\"name\":\"Tienda\",\"item\":\"https:\/\/aivlisoft.net\/shop\/tienda\/\"},{\"@type\":\"ListItem\",\"position\":3,\"name\":\"QNAP QSW-2104-2S Switch 2x10GbE SFP+ 4&#215;2.5GbE\"}]},{\"@type\":\"WebSite\",\"@id\":\"https:\/\/aivlisoft.net\/shop\/#website\",\"url\":\"https:\/\/aivlisoft.net\/shop\/\",\"name\":\"Aivlisoft Inform\u00e1tica\",\"description\":\"En Aivlisoft Inform\u00e1tica ofrecemos soluciones tecnol\u00f3gicas para empresas: venta de ordenadores, consumibles, perif\u00e9ricos y m\u00e1s. Calidad, atenci\u00f3n personalizada y los mejores precios para tu negocio.\",\"publisher\":{\"@id\":\"https:\/\/aivlisoft.net\/shop\/#organization\"},\"potentialAction\":[{\"@type\":\"SearchAction\",\"target\":{\"@type\":\"EntryPoint\",\"urlTemplate\":\"https:\/\/aivlisoft.net\/shop\/?s={search_term_string}\"},\"query-input\":{\"@type\":\"PropertyValueSpecification\",\"valueRequired\":true,\"valueName\":\"search_term_string\"}}],\"inLanguage\":\"es\"},{\"@type\":\"Organization\",\"@id\":\"https:\/\/aivlisoft.net\/shop\/#organization\",\"name\":\"Aivlisoft Inform\u00e1tica\",\"url\":\"https:\/\/aivlisoft.net\/shop\/\",\"logo\":{\"@type\":\"ImageObject\",\"inLanguage\":\"es\",\"@id\":\"https:\/\/aivlisoft.net\/shop\/#\/schema\/logo\/image\/\",\"url\":\"https:\/\/aivlisoft.net\/shop\/wp-content\/uploads\/2024\/12\/removal.ai_5b848c54-0cdf-4140-95c5-c5536bb7573b-logodef.png\",\"contentUrl\":\"https:\/\/aivlisoft.net\/shop\/wp-content\/uploads\/2024\/12\/removal.ai_5b848c54-0cdf-4140-95c5-c5536bb7573b-logodef.png\",\"width\":484,\"height\":182,\"caption\":\"Aivlisoft Inform\u00e1tica\"},\"image\":{\"@id\":\"https:\/\/aivlisoft.net\/shop\/#\/schema\/logo\/image\/\"}}]}<\/script>\n<!-- \/ Yoast SEO plugin. -->","yoast_head_json":{"title":"QNAP QSW-2104-2S Switch 2x10GbE SFP+ 4x2.5GbE - Aivlisoft Inform\u00e1tica","robots":{"index":"index","follow":"follow","max-snippet":"max-snippet:-1","max-image-preview":"max-image-preview:large","max-video-preview":"max-video-preview:-1"},"canonical":"https:\/\/aivlisoft.net\/shop\/producto\/qnap-qsw-2104-2s-switch-2x10gbe-sfp-4x2-5gbe\/","og_locale":"es_ES","og_type":"article","og_title":"QNAP QSW-2104-2S Switch 2x10GbE SFP+ 4x2.5GbE - Aivlisoft Inform\u00e1tica","og_description":"&nbsp; Marca QNAP Modelo QSW-2104-2S Puertos &#8211; 6 puertos &nbsp; 2 x BASE-T 10GbE (RJ45) &nbsp; 4 x 2,5GbE (RJ45) Despempe&ntilde;o &#8211; Jumbo Frames: 9K &#8211; Tabla de direcciones MAC 16 K &#8211; Rendimiento sin bloqueo total: 30 Gbps &#8211; Capacidad de conmutaci&oacute;n: 60 Gbps Caracter&iacute;sticas Standards Compliance&nbsp;&nbsp; &nbsp; &#8211; IEEE 802.3u 100Base-TX Fast Ethernet&hellip;&nbsp;QNAP QSW-2104-2S Switch 2x10GbE SFP+ 4&#215;2.5GbE","og_url":"https:\/\/aivlisoft.net\/shop\/producto\/qnap-qsw-2104-2s-switch-2x10gbe-sfp-4x2-5gbe\/","og_site_name":"Aivlisoft Inform\u00e1tica","article_modified_time":"2025-01-14T11:55:50+00:00","og_image":[{"width":800,"height":800,"url":"https:\/\/aivlisoft.net\/shop\/wp-content\/uploads\/2025\/01\/NSWSSO0327_800.jpg","type":"image\/jpeg"}],"twitter_card":"summary_large_image","twitter_misc":{"Tiempo de lectura":"1 minuto"},"schema":{"@context":"https:\/\/schema.org","@graph":[{"@type":"WebPage","@id":"https:\/\/aivlisoft.net\/shop\/producto\/qnap-qsw-2104-2s-switch-2x10gbe-sfp-4x2-5gbe\/","url":"https:\/\/aivlisoft.net\/shop\/producto\/qnap-qsw-2104-2s-switch-2x10gbe-sfp-4x2-5gbe\/","name":"QNAP QSW-2104-2S Switch 2x10GbE SFP+ 4x2.5GbE - Aivlisoft Inform\u00e1tica","isPartOf":{"@id":"https:\/\/aivlisoft.net\/shop\/#website"},"primaryImageOfPage":{"@id":"https:\/\/aivlisoft.net\/shop\/producto\/qnap-qsw-2104-2s-switch-2x10gbe-sfp-4x2-5gbe\/#primaryimage"},"image":{"@id":"https:\/\/aivlisoft.net\/shop\/producto\/qnap-qsw-2104-2s-switch-2x10gbe-sfp-4x2-5gbe\/#primaryimage"},"thumbnailUrl":"https:\/\/aivlisoft.net\/shop\/wp-content\/uploads\/2025\/01\/NSWSSO0327_800.jpg","datePublished":"2025-01-13T15:53:20+00:00","dateModified":"2025-01-14T11:55:50+00:00","breadcrumb":{"@id":"https:\/\/aivlisoft.net\/shop\/producto\/qnap-qsw-2104-2s-switch-2x10gbe-sfp-4x2-5gbe\/#breadcrumb"},"inLanguage":"es","potentialAction":[{"@type":"ReadAction","target":["https:\/\/aivlisoft.net\/shop\/producto\/qnap-qsw-2104-2s-switch-2x10gbe-sfp-4x2-5gbe\/"]}]},{"@type":"ImageObject","inLanguage":"es","@id":"https:\/\/aivlisoft.net\/shop\/producto\/qnap-qsw-2104-2s-switch-2x10gbe-sfp-4x2-5gbe\/#primaryimage","url":"https:\/\/aivlisoft.net\/shop\/wp-content\/uploads\/2025\/01\/NSWSSO0327_800.jpg","contentUrl":"https:\/\/aivlisoft.net\/shop\/wp-content\/uploads\/2025\/01\/NSWSSO0327_800.jpg","width":800,"height":800},{"@type":"BreadcrumbList","@id":"https:\/\/aivlisoft.net\/shop\/producto\/qnap-qsw-2104-2s-switch-2x10gbe-sfp-4x2-5gbe\/#breadcrumb","itemListElement":[{"@type":"ListItem","position":1,"name":"Portada","item":"https:\/\/aivlisoft.net\/shop\/"},{"@type":"ListItem","position":2,"name":"Tienda","item":"https:\/\/aivlisoft.net\/shop\/tienda\/"},{"@type":"ListItem","position":3,"name":"QNAP QSW-2104-2S Switch 2x10GbE SFP+ 4&#215;2.5GbE"}]},{"@type":"WebSite","@id":"https:\/\/aivlisoft.net\/shop\/#website","url":"https:\/\/aivlisoft.net\/shop\/","name":"Aivlisoft Inform\u00e1tica","description":"En Aivlisoft Inform\u00e1tica ofrecemos soluciones tecnol\u00f3gicas para empresas: venta de ordenadores, consumibles, perif\u00e9ricos y m\u00e1s. Calidad, atenci\u00f3n personalizada y los mejores precios para tu negocio.","publisher":{"@id":"https:\/\/aivlisoft.net\/shop\/#organization"},"potentialAction":[{"@type":"SearchAction","target":{"@type":"EntryPoint","urlTemplate":"https:\/\/aivlisoft.net\/shop\/?s={search_term_string}"},"query-input":{"@type":"PropertyValueSpecification","valueRequired":true,"valueName":"search_term_string"}}],"inLanguage":"es"},{"@type":"Organization","@id":"https:\/\/aivlisoft.net\/shop\/#organization","name":"Aivlisoft Inform\u00e1tica","url":"https:\/\/aivlisoft.net\/shop\/","logo":{"@type":"ImageObject","inLanguage":"es","@id":"https:\/\/aivlisoft.net\/shop\/#\/schema\/logo\/image\/","url":"https:\/\/aivlisoft.net\/shop\/wp-content\/uploads\/2024\/12\/removal.ai_5b848c54-0cdf-4140-95c5-c5536bb7573b-logodef.png","contentUrl":"https:\/\/aivlisoft.net\/shop\/wp-content\/uploads\/2024\/12\/removal.ai_5b848c54-0cdf-4140-95c5-c5536bb7573b-logodef.png","width":484,"height":182,"caption":"Aivlisoft Inform\u00e1tica"},"image":{"@id":"https:\/\/aivlisoft.net\/shop\/#\/schema\/logo\/image\/"}}]}},"_links":{"self":[{"href":"https:\/\/aivlisoft.net\/shop\/wp-json\/wp\/v2\/product\/21375","targetHints":{"allow":["GET"]}}],"collection":[{"href":"https:\/\/aivlisoft.net\/shop\/wp-json\/wp\/v2\/product"}],"about":[{"href":"https:\/\/aivlisoft.net\/shop\/wp-json\/wp\/v2\/types\/product"}],"wp:featuredmedia":[{"embeddable":true,"href":"https:\/\/aivlisoft.net\/shop\/wp-json\/wp\/v2\/media\/21376"}],"wp:attachment":[{"href":"https:\/\/aivlisoft.net\/shop\/wp-json\/wp\/v2\/media?parent=21375"}],"wp:term":[{"taxonomy":"product_brand","embeddable":true,"href":"https:\/\/aivlisoft.net\/shop\/wp-json\/wp\/v2\/product_brand?post=21375"},{"taxonomy":"product_cat","embeddable":true,"href":"https:\/\/aivlisoft.net\/shop\/wp-json\/wp\/v2\/product_cat?post=21375"},{"taxonomy":"product_tag","embeddable":true,"href":"https:\/\/aivlisoft.net\/shop\/wp-json\/wp\/v2\/product_tag?post=21375"}],"curies":[{"name":"wp","href":"https:\/\/api.w.org\/{rel}","templated":true}]}}