{"id":21371,"date":"2025-01-13T15:53:18","date_gmt":"2025-01-13T15:53:18","guid":{"rendered":"https:\/\/aivlisoft.com\/?post_type=product&#038;p=21371"},"modified":"2025-01-14T11:55:49","modified_gmt":"2025-01-14T11:55:49","slug":"tp-link-tl-sg105mpe-switch-5xgbe-4poe-metal","status":"publish","type":"product","link":"https:\/\/aivlisoft.net\/shop\/producto\/tp-link-tl-sg105mpe-switch-5xgbe-4poe-metal\/","title":{"rendered":"TP-Link TL-SG105MPE Switch 5xGbE (4PoE+) Metal"},"content":{"rendered":"<p>Conmutador inteligente sencillo <strong>Gigabit de 5 puertos con PoE+ de 4 puertos<\/strong><\/p>\n<p>Cinco puertos RJ45 de 10\/100\/1000Mbps<\/p>\n<p>Equipado con cuatro puertos 802.3af\/at PoE+ con hasta 30 W para cada puerto, los datos y la alimentaci&oacute;n se pueden transferir en un solo cable<\/p>\n<p>Admite alimentaci&oacute;n PoE de hasta 120 W para todos los puertos PoE*<\/p>\n<p>Proporciona monitoreo de red, priorizaci&oacute;n de tr&aacute;fico, funciones de VLAN y recuperaci&oacute;n autom&aacute;tica de PoE<\/p>\n<p>Configuraci&oacute;n de red simple adem&aacute;s de conectividad plug-and-play<\/p>\n<p>La interfaz de usuario basada en web y la utilidad Easy Smart Configuration simplifican la configuraci&oacute;n<\/p>\n<p>El dise&ntilde;o sin ventilador reduce el consumo de energ&iacute;a y elimina el ruido de funcionamiento<\/p>\n<p>&nbsp;<\/p>\n<p>&nbsp;<\/p>\n<table class=\"tabla_caracteristicas k-table\" width=\"100%\">\n<tr>\n<td><strong>Marca<\/strong><\/td>\n<td>TP-Link<\/td>\n<\/tr>\n<tr>\n<td><strong>Modelo<\/strong><\/td>\n<td><strong>TL-SG105MPE<\/strong><\/td>\n<\/tr>\n<tr>\n<td><strong>Caracter&iacute;sticas hardware<\/strong><\/td>\n<td>&#8211; Est&aacute;ndares y Protocolos: IEEE 802.3i, IEEE 802.3u, IEEE 802.3ab, IEEE 802.3af, IEEE 802.3x, IEEE 802.1q, IEEE 802.1p, IEEE 802.3at<br \/>\t\t\t&#8211; Interfaz: Cinco puertos RJ45 de 10\/100\/1000Mbps Negociaci&oacute;n AUTOM&Aacute;TICA\/MDI AUTOM&Aacute;TICO\/MDIX<br \/>\t\t\t<strong>Medios de Red<\/strong><br \/>\t\t\t&nbsp; &#8211; 10BASE-T: cable UTP categor&iacute;a 3, 4, 5 (m&aacute;ximo 100 m)<br \/>\t\t\t&nbsp; &#8211; EIA\/TIA-568 100 &Omega; STP (m&aacute;ximo 100 m)<br \/>\t\t\t&nbsp; &#8211; 100BASE-TX: UTP categor&iacute;a 5, cable 5e (m&aacute;ximo 100m)<br \/>\t\t\t&nbsp; &#8211; EIA\/TIA-568 100 &Omega; STP (m&aacute;ximo 100 m)<br \/>\t\t\t&nbsp; &#8211; 1000BASE-T: cable UTP categor&iacute;a 5, 5e, 6 o superior (m&aacute;ximo 100 m)<br \/>\t\t\t&nbsp; &#8211; EIA\/TIA-568 100 &Omega; STP (m&aacute;ximo 100 m)<br \/>\t\t\t&nbsp; &#8211; Fuente de Alimentaci&oacute;n: Adaptador de alimentaci&oacute;n externo (Salida: 53,5 VCC \/ 2,43 A)<br \/>\t\t\t<strong>Puertos PoE(RJ45)<\/strong><br \/>\t\t\t&#8211; Est&aacute;ndar: compatible con 802.3 af\/at<br \/>\t\t\t&#8211; Puertos PoE: Puerto 1- Puerto 4<br \/>\t\t\t&#8211; Presupuesto de energ&iacute;a PoE: 120 W<\/td>\n<\/tr>\n<tr>\n<td><strong>Caracter&iacute;sticas software<\/strong><\/td>\n<td><strong>Calidad de Servicio<br \/>\t\t\t&nbsp; <\/strong>&#8211; Compatibilidad con prioridad basada en puerto\/802.1p\/DSCP<br \/>\t\t\t&nbsp; &#8211; Admite 4 colas de prioridad<br \/>\t\t\t&nbsp; &#8211; L&iacute;mite de tarifa<br \/>\t\t\t&nbsp; &#8211; Control de tormentas<br \/>\t\t\t<strong>Caracter&iacute;sticas L2<\/strong><br \/>\t\t\t&nbsp; &#8211; Indagaci&oacute;n IGMP V1\/V2\/V3<br \/>\t\t\t&nbsp; &#8211; Agregaci&oacute;n de enlaces est&aacute;ticos<br \/>\t\t\t&nbsp; &#8211; Duplicaci&oacute;n de puertos<br \/>\t\t\t&nbsp; &#8211; Diagn&oacute;stico de cables<br \/>\t\t\t&nbsp; &#8211; Prevenci&oacute;n de bucles<br \/>\t\t\t&nbsp; &#8211; Recuperaci&oacute;n autom&aacute;tica PoE<br \/>\t\t\t&nbsp; &#8211; Modo extendido<br \/>\t\t\t<strong>VLAN <\/strong><br \/>\t\t\t&nbsp; &#8211; Admite hasta 32 VLAN simult&aacute;neamente (de 4K ID de VLAN)<br \/>\t\t\t&nbsp; &#8211; MTU\/Puerto\/Etiqueta VLAN<br \/>\t\t\t<strong>Gesti&oacute;n<br \/>\t\t\t&nbsp; <\/strong>&#8211; GUI basada en web<br \/>\t\t\t&nbsp; &#8211; Utilidad de configuraci&oacute;n inteligente f&aacute;cil<br \/>\t\t\t&nbsp; &#8211; M&eacute;todo de Transmisi&oacute;n: Almacenamiento y reenvio<\/td>\n<\/tr>\n<tr>\n<td><strong>Rendimiento<\/strong><\/td>\n<td>&#8211; Capacidad de Conmutaci&oacute;n: 10 Gbps<br \/>\t\t\t&#8211; Tasa de Reenv&iacute;o de Paquetes: 7.44 Mpps<br \/>\t\t\t&#8211; Tabla de Direcciones MAC: 2 K<br \/>\t\t\t&#8211; Memoria del Buffer de Paquete: 1 Mb<br \/>\t\t\t&#8211; Jumbo Frame: 16 KB<\/td>\n<\/tr>\n<tr>\n<td><strong>Otras caracter&iacute;sticas<\/strong><\/td>\n<td>&#8211; Certificaciones: FCC, CE, RoHS<br \/>\t\t\t&#8211; Dimensiones: 99.8 &times; 98 &times; 25 mm<br \/>\t\t\t&#8211; Montaje: Montaje en Rack<br \/>\t\t\t&#8211; Consumo de Potencia M&aacute;ximo: 4,34 W (220 V\/50 Hz sin PD conectado) || 137,01 W (110 V\/50 Hz con PD de 120 W conectado)<br \/>\t\t\t&#8211; Max Heat Dissipation: 14,8 BTU\/h (sin PD conectado) || 467,17 BTU\/h (con PD de 120 W conectado)<br \/>\t\t\t&#8211; Requisitos del sistema: Microsoft&reg; Windows&reg; para ejecutar la utilidad<br \/>\t\t\t<strong>Contenido<\/strong><br \/>\t\t\t&nbsp; &#8211; TL-SG105MPE<br \/>\t\t\t&nbsp; &#8211; Adaptador de corriente<br \/>\t\t\t&nbsp; &#8211; Gu&iacute;a de instalaci&oacute;n<br \/>\t\t\t&nbsp; &#8211; Patas de goma<\/td>\n<\/tr>\n<tr>\n<td><strong>Fecha de revisi&oacute;n<\/strong><\/td>\n<td>31-03-2023 por HBG<\/td>\n<\/tr>\n<\/table>\n","protected":false},"excerpt":{"rendered":"<p>Conmutador inteligente sencillo Gigabit de 5 puertos con PoE+ de 4 puertos Cinco puertos RJ45 de 10\/100\/1000Mbps Equipado con cuatro puertos 802.3af\/at PoE+ con hasta 30 W para cada puerto, los datos y la alimentaci&oacute;n se pueden transferir en un solo cable Admite alimentaci&oacute;n PoE de hasta 120 W para todos los puertos PoE* Proporciona&hellip;&nbsp;<a href=\"https:\/\/aivlisoft.net\/shop\/producto\/tp-link-tl-sg105mpe-switch-5xgbe-4poe-metal\/\" rel=\"bookmark\"><span class=\"screen-reader-text\">TP-Link TL-SG105MPE Switch 5xGbE (4PoE+) Metal<\/span><\/a><\/p>\n","protected":false},"featured_media":21372,"template":"","meta":{"neve_meta_sidebar":"","neve_meta_container":"","neve_meta_enable_content_width":"","neve_meta_content_width":0,"neve_meta_title_alignment":"","neve_meta_author_avatar":"","neve_post_elements_order":"","neve_meta_disable_header":"","neve_meta_disable_footer":"","neve_meta_disable_title":""},"product_brand":[],"product_cat":[8773],"product_tag":[7557],"class_list":{"0":"post-21371","1":"product","2":"type-product","3":"status-publish","4":"has-post-thumbnail","6":"product_cat-switches-sobremesa","7":"product_tag-tl-sg105mpe","9":"first","10":"instock","11":"taxable","12":"shipping-taxable","13":"purchasable","14":"product-type-simple"},"yoast_head":"<!-- This site is optimized with the Yoast SEO plugin v26.0 - https:\/\/yoast.com\/wordpress\/plugins\/seo\/ -->\n<title>TP-Link TL-SG105MPE Switch 5xGbE (4PoE+) Metal - Aivlisoft Inform\u00e1tica<\/title>\n<meta name=\"robots\" content=\"index, follow, max-snippet:-1, max-image-preview:large, max-video-preview:-1\" \/>\n<link rel=\"canonical\" href=\"https:\/\/aivlisoft.net\/shop\/producto\/tp-link-tl-sg105mpe-switch-5xgbe-4poe-metal\/\" \/>\n<meta property=\"og:locale\" content=\"es_ES\" \/>\n<meta property=\"og:type\" content=\"article\" \/>\n<meta property=\"og:title\" content=\"TP-Link TL-SG105MPE Switch 5xGbE (4PoE+) Metal - Aivlisoft Inform\u00e1tica\" \/>\n<meta property=\"og:description\" content=\"Conmutador inteligente sencillo Gigabit de 5 puertos con PoE+ de 4 puertos Cinco puertos RJ45 de 10\/100\/1000Mbps Equipado con cuatro puertos 802.3af\/at PoE+ con hasta 30 W para cada puerto, los datos y la alimentaci&oacute;n se pueden transferir en un solo cable Admite alimentaci&oacute;n PoE de hasta 120 W para todos los puertos PoE* Proporciona&hellip;&nbsp;TP-Link TL-SG105MPE Switch 5xGbE (4PoE+) Metal\" \/>\n<meta property=\"og:url\" content=\"https:\/\/aivlisoft.net\/shop\/producto\/tp-link-tl-sg105mpe-switch-5xgbe-4poe-metal\/\" \/>\n<meta property=\"og:site_name\" content=\"Aivlisoft Inform\u00e1tica\" \/>\n<meta property=\"article:modified_time\" content=\"2025-01-14T11:55:49+00:00\" \/>\n<meta property=\"og:image\" content=\"https:\/\/aivlisoft.net\/shop\/wp-content\/uploads\/2025\/01\/NSWSSO0325_800.jpg\" \/>\n\t<meta property=\"og:image:width\" content=\"800\" \/>\n\t<meta property=\"og:image:height\" content=\"800\" \/>\n\t<meta property=\"og:image:type\" content=\"image\/jpeg\" \/>\n<meta name=\"twitter:card\" content=\"summary_large_image\" \/>\n<meta name=\"twitter:label1\" content=\"Tiempo de lectura\" \/>\n\t<meta name=\"twitter:data1\" content=\"3 minutos\" \/>\n<script type=\"application\/ld+json\" class=\"yoast-schema-graph\">{\"@context\":\"https:\/\/schema.org\",\"@graph\":[{\"@type\":\"WebPage\",\"@id\":\"https:\/\/aivlisoft.net\/shop\/producto\/tp-link-tl-sg105mpe-switch-5xgbe-4poe-metal\/\",\"url\":\"https:\/\/aivlisoft.net\/shop\/producto\/tp-link-tl-sg105mpe-switch-5xgbe-4poe-metal\/\",\"name\":\"TP-Link TL-SG105MPE Switch 5xGbE (4PoE+) Metal - Aivlisoft Inform\u00e1tica\",\"isPartOf\":{\"@id\":\"https:\/\/aivlisoft.net\/shop\/#website\"},\"primaryImageOfPage\":{\"@id\":\"https:\/\/aivlisoft.net\/shop\/producto\/tp-link-tl-sg105mpe-switch-5xgbe-4poe-metal\/#primaryimage\"},\"image\":{\"@id\":\"https:\/\/aivlisoft.net\/shop\/producto\/tp-link-tl-sg105mpe-switch-5xgbe-4poe-metal\/#primaryimage\"},\"thumbnailUrl\":\"https:\/\/aivlisoft.net\/shop\/wp-content\/uploads\/2025\/01\/NSWSSO0325_800.jpg\",\"datePublished\":\"2025-01-13T15:53:18+00:00\",\"dateModified\":\"2025-01-14T11:55:49+00:00\",\"breadcrumb\":{\"@id\":\"https:\/\/aivlisoft.net\/shop\/producto\/tp-link-tl-sg105mpe-switch-5xgbe-4poe-metal\/#breadcrumb\"},\"inLanguage\":\"es\",\"potentialAction\":[{\"@type\":\"ReadAction\",\"target\":[\"https:\/\/aivlisoft.net\/shop\/producto\/tp-link-tl-sg105mpe-switch-5xgbe-4poe-metal\/\"]}]},{\"@type\":\"ImageObject\",\"inLanguage\":\"es\",\"@id\":\"https:\/\/aivlisoft.net\/shop\/producto\/tp-link-tl-sg105mpe-switch-5xgbe-4poe-metal\/#primaryimage\",\"url\":\"https:\/\/aivlisoft.net\/shop\/wp-content\/uploads\/2025\/01\/NSWSSO0325_800.jpg\",\"contentUrl\":\"https:\/\/aivlisoft.net\/shop\/wp-content\/uploads\/2025\/01\/NSWSSO0325_800.jpg\",\"width\":800,\"height\":800},{\"@type\":\"BreadcrumbList\",\"@id\":\"https:\/\/aivlisoft.net\/shop\/producto\/tp-link-tl-sg105mpe-switch-5xgbe-4poe-metal\/#breadcrumb\",\"itemListElement\":[{\"@type\":\"ListItem\",\"position\":1,\"name\":\"Portada\",\"item\":\"https:\/\/aivlisoft.net\/shop\/\"},{\"@type\":\"ListItem\",\"position\":2,\"name\":\"Tienda\",\"item\":\"https:\/\/aivlisoft.net\/shop\/tienda\/\"},{\"@type\":\"ListItem\",\"position\":3,\"name\":\"TP-Link TL-SG105MPE Switch 5xGbE (4PoE+) Metal\"}]},{\"@type\":\"WebSite\",\"@id\":\"https:\/\/aivlisoft.net\/shop\/#website\",\"url\":\"https:\/\/aivlisoft.net\/shop\/\",\"name\":\"Aivlisoft Inform\u00e1tica\",\"description\":\"En Aivlisoft Inform\u00e1tica ofrecemos soluciones tecnol\u00f3gicas para empresas: venta de ordenadores, consumibles, perif\u00e9ricos y m\u00e1s. Calidad, atenci\u00f3n personalizada y los mejores precios para tu negocio.\",\"publisher\":{\"@id\":\"https:\/\/aivlisoft.net\/shop\/#organization\"},\"potentialAction\":[{\"@type\":\"SearchAction\",\"target\":{\"@type\":\"EntryPoint\",\"urlTemplate\":\"https:\/\/aivlisoft.net\/shop\/?s={search_term_string}\"},\"query-input\":{\"@type\":\"PropertyValueSpecification\",\"valueRequired\":true,\"valueName\":\"search_term_string\"}}],\"inLanguage\":\"es\"},{\"@type\":\"Organization\",\"@id\":\"https:\/\/aivlisoft.net\/shop\/#organization\",\"name\":\"Aivlisoft Inform\u00e1tica\",\"url\":\"https:\/\/aivlisoft.net\/shop\/\",\"logo\":{\"@type\":\"ImageObject\",\"inLanguage\":\"es\",\"@id\":\"https:\/\/aivlisoft.net\/shop\/#\/schema\/logo\/image\/\",\"url\":\"https:\/\/aivlisoft.net\/shop\/wp-content\/uploads\/2024\/12\/removal.ai_5b848c54-0cdf-4140-95c5-c5536bb7573b-logodef.png\",\"contentUrl\":\"https:\/\/aivlisoft.net\/shop\/wp-content\/uploads\/2024\/12\/removal.ai_5b848c54-0cdf-4140-95c5-c5536bb7573b-logodef.png\",\"width\":484,\"height\":182,\"caption\":\"Aivlisoft Inform\u00e1tica\"},\"image\":{\"@id\":\"https:\/\/aivlisoft.net\/shop\/#\/schema\/logo\/image\/\"}}]}<\/script>\n<!-- \/ Yoast SEO plugin. -->","yoast_head_json":{"title":"TP-Link TL-SG105MPE Switch 5xGbE (4PoE+) Metal - Aivlisoft Inform\u00e1tica","robots":{"index":"index","follow":"follow","max-snippet":"max-snippet:-1","max-image-preview":"max-image-preview:large","max-video-preview":"max-video-preview:-1"},"canonical":"https:\/\/aivlisoft.net\/shop\/producto\/tp-link-tl-sg105mpe-switch-5xgbe-4poe-metal\/","og_locale":"es_ES","og_type":"article","og_title":"TP-Link TL-SG105MPE Switch 5xGbE (4PoE+) Metal - Aivlisoft Inform\u00e1tica","og_description":"Conmutador inteligente sencillo Gigabit de 5 puertos con PoE+ de 4 puertos Cinco puertos RJ45 de 10\/100\/1000Mbps Equipado con cuatro puertos 802.3af\/at PoE+ con hasta 30 W para cada puerto, los datos y la alimentaci&oacute;n se pueden transferir en un solo cable Admite alimentaci&oacute;n PoE de hasta 120 W para todos los puertos PoE* Proporciona&hellip;&nbsp;TP-Link TL-SG105MPE Switch 5xGbE (4PoE+) Metal","og_url":"https:\/\/aivlisoft.net\/shop\/producto\/tp-link-tl-sg105mpe-switch-5xgbe-4poe-metal\/","og_site_name":"Aivlisoft Inform\u00e1tica","article_modified_time":"2025-01-14T11:55:49+00:00","og_image":[{"width":800,"height":800,"url":"https:\/\/aivlisoft.net\/shop\/wp-content\/uploads\/2025\/01\/NSWSSO0325_800.jpg","type":"image\/jpeg"}],"twitter_card":"summary_large_image","twitter_misc":{"Tiempo de lectura":"3 minutos"},"schema":{"@context":"https:\/\/schema.org","@graph":[{"@type":"WebPage","@id":"https:\/\/aivlisoft.net\/shop\/producto\/tp-link-tl-sg105mpe-switch-5xgbe-4poe-metal\/","url":"https:\/\/aivlisoft.net\/shop\/producto\/tp-link-tl-sg105mpe-switch-5xgbe-4poe-metal\/","name":"TP-Link TL-SG105MPE Switch 5xGbE (4PoE+) Metal - Aivlisoft Inform\u00e1tica","isPartOf":{"@id":"https:\/\/aivlisoft.net\/shop\/#website"},"primaryImageOfPage":{"@id":"https:\/\/aivlisoft.net\/shop\/producto\/tp-link-tl-sg105mpe-switch-5xgbe-4poe-metal\/#primaryimage"},"image":{"@id":"https:\/\/aivlisoft.net\/shop\/producto\/tp-link-tl-sg105mpe-switch-5xgbe-4poe-metal\/#primaryimage"},"thumbnailUrl":"https:\/\/aivlisoft.net\/shop\/wp-content\/uploads\/2025\/01\/NSWSSO0325_800.jpg","datePublished":"2025-01-13T15:53:18+00:00","dateModified":"2025-01-14T11:55:49+00:00","breadcrumb":{"@id":"https:\/\/aivlisoft.net\/shop\/producto\/tp-link-tl-sg105mpe-switch-5xgbe-4poe-metal\/#breadcrumb"},"inLanguage":"es","potentialAction":[{"@type":"ReadAction","target":["https:\/\/aivlisoft.net\/shop\/producto\/tp-link-tl-sg105mpe-switch-5xgbe-4poe-metal\/"]}]},{"@type":"ImageObject","inLanguage":"es","@id":"https:\/\/aivlisoft.net\/shop\/producto\/tp-link-tl-sg105mpe-switch-5xgbe-4poe-metal\/#primaryimage","url":"https:\/\/aivlisoft.net\/shop\/wp-content\/uploads\/2025\/01\/NSWSSO0325_800.jpg","contentUrl":"https:\/\/aivlisoft.net\/shop\/wp-content\/uploads\/2025\/01\/NSWSSO0325_800.jpg","width":800,"height":800},{"@type":"BreadcrumbList","@id":"https:\/\/aivlisoft.net\/shop\/producto\/tp-link-tl-sg105mpe-switch-5xgbe-4poe-metal\/#breadcrumb","itemListElement":[{"@type":"ListItem","position":1,"name":"Portada","item":"https:\/\/aivlisoft.net\/shop\/"},{"@type":"ListItem","position":2,"name":"Tienda","item":"https:\/\/aivlisoft.net\/shop\/tienda\/"},{"@type":"ListItem","position":3,"name":"TP-Link TL-SG105MPE Switch 5xGbE (4PoE+) Metal"}]},{"@type":"WebSite","@id":"https:\/\/aivlisoft.net\/shop\/#website","url":"https:\/\/aivlisoft.net\/shop\/","name":"Aivlisoft Inform\u00e1tica","description":"En Aivlisoft Inform\u00e1tica ofrecemos soluciones tecnol\u00f3gicas para empresas: venta de ordenadores, consumibles, perif\u00e9ricos y m\u00e1s. Calidad, atenci\u00f3n personalizada y los mejores precios para tu negocio.","publisher":{"@id":"https:\/\/aivlisoft.net\/shop\/#organization"},"potentialAction":[{"@type":"SearchAction","target":{"@type":"EntryPoint","urlTemplate":"https:\/\/aivlisoft.net\/shop\/?s={search_term_string}"},"query-input":{"@type":"PropertyValueSpecification","valueRequired":true,"valueName":"search_term_string"}}],"inLanguage":"es"},{"@type":"Organization","@id":"https:\/\/aivlisoft.net\/shop\/#organization","name":"Aivlisoft Inform\u00e1tica","url":"https:\/\/aivlisoft.net\/shop\/","logo":{"@type":"ImageObject","inLanguage":"es","@id":"https:\/\/aivlisoft.net\/shop\/#\/schema\/logo\/image\/","url":"https:\/\/aivlisoft.net\/shop\/wp-content\/uploads\/2024\/12\/removal.ai_5b848c54-0cdf-4140-95c5-c5536bb7573b-logodef.png","contentUrl":"https:\/\/aivlisoft.net\/shop\/wp-content\/uploads\/2024\/12\/removal.ai_5b848c54-0cdf-4140-95c5-c5536bb7573b-logodef.png","width":484,"height":182,"caption":"Aivlisoft Inform\u00e1tica"},"image":{"@id":"https:\/\/aivlisoft.net\/shop\/#\/schema\/logo\/image\/"}}]}},"_links":{"self":[{"href":"https:\/\/aivlisoft.net\/shop\/wp-json\/wp\/v2\/product\/21371","targetHints":{"allow":["GET"]}}],"collection":[{"href":"https:\/\/aivlisoft.net\/shop\/wp-json\/wp\/v2\/product"}],"about":[{"href":"https:\/\/aivlisoft.net\/shop\/wp-json\/wp\/v2\/types\/product"}],"wp:featuredmedia":[{"embeddable":true,"href":"https:\/\/aivlisoft.net\/shop\/wp-json\/wp\/v2\/media\/21372"}],"wp:attachment":[{"href":"https:\/\/aivlisoft.net\/shop\/wp-json\/wp\/v2\/media?parent=21371"}],"wp:term":[{"taxonomy":"product_brand","embeddable":true,"href":"https:\/\/aivlisoft.net\/shop\/wp-json\/wp\/v2\/product_brand?post=21371"},{"taxonomy":"product_cat","embeddable":true,"href":"https:\/\/aivlisoft.net\/shop\/wp-json\/wp\/v2\/product_cat?post=21371"},{"taxonomy":"product_tag","embeddable":true,"href":"https:\/\/aivlisoft.net\/shop\/wp-json\/wp\/v2\/product_tag?post=21371"}],"curies":[{"name":"wp","href":"https:\/\/api.w.org\/{rel}","templated":true}]}}