{"id":21344,"date":"2025-01-13T15:52:54","date_gmt":"2025-01-13T15:52:54","guid":{"rendered":"https:\/\/aivlisoft.com\/?post_type=product&#038;p=21344"},"modified":"2025-01-14T11:55:43","modified_gmt":"2025-01-14T11:55:43","slug":"tp-link-tl-sg2016p-jetstream-switch-16xgb-8xpoe","status":"publish","type":"product","link":"https:\/\/aivlisoft.net\/shop\/producto\/tp-link-tl-sg2016p-jetstream-switch-16xgb-8xpoe\/","title":{"rendered":"TP-Link TL-SG2016P JetStream Switch 16xGb (8xPoE+)"},"content":{"rendered":"<p>&nbsp;<\/p>\n<table class=\"tabla_caracteristicas k-table\" width=\"100%\">\n<tr>\n<td><strong>Marca<\/strong><\/td>\n<td>TP-LINK<\/td>\n<\/tr>\n<tr>\n<td><strong>Modelo<\/strong><\/td>\n<td><strong>TL-SG2016P<\/strong><\/td>\n<\/tr>\n<tr>\n<td valign=\"top\"><strong>Interfaces<\/strong><\/td>\n<td>&#8211; <strong>16 puertos<\/strong> RJ45 a 10\/100\/1000Mbps<\/td>\n<\/tr>\n<tr>\n<td valign=\"top\"><strong>Puertos<\/strong><\/td>\n<td>&#8211; IEEE 802.3i:10BASE-T Ethernet<br \/>\t\t\t&#8211; IEEE 802.3u:100BASE-X Fast Ethernet<br \/>\t\t\t&#8211; IEEE 802.3ab:1000BASE-T Gigabit Ethernet<br \/>\t\t\t&#8211; IEEE 802.3z:1000BASE-X Gigabit Ethernet (Optical fiber)<br \/>\t\t\t&#8211; For TL-SG2016P<br \/>\t\t\t&#8211; IEEE 802.3i:10BASE-T Ethernet; IEEE 802.3ab:1000BASE-T Gigabit Ether<\/td>\n<\/tr>\n<tr>\n<td valign=\"top\"><strong>Caracter&iacute;sticas<\/strong><\/td>\n<td>&#8211; Flash: 32 MB<br \/>\t\t\t&#8211; DRAM: 256 MB<br \/>\t\t\t&#8211; PoE Standard: 802.3af\/at<br \/>\t\t\t&#8211; PoE Ports: 8, up to 30 W<br \/>\t\t\t&#8211; PoE Power Budget: 120 W<br \/>\t\t\t&#8211; Capacidad de conmutaci&oacute;n: 32 Gbps<br \/>\t\t\t&#8211; Reenv&iacute;o de paquetes: 23.81 Mpps<br \/>\t\t\t&#8211; MAC Adress table: 8K<br \/>\t\t\t&#8211; Packet Buffer: 4,1 Mbit<br \/>\t\t\t&#8211; M&eacute;todo de transmisi&oacute;n: almacenacenamiento y renvio<br \/>\t\t\t&#8211; N&uacute;mero de interfaces IP: 16<br \/>\t\t\t&#8211; N&uacute;mero Static Routers: 32 (IPv4, IPv6)<br \/>\t\t\t&#8211; Jumbo Frame: 9 KB<\/td>\n<\/tr>\n<tr>\n<td valign=\"top\">\n<div><strong>Otras<\/strong><\/div>\n<div><strong>caracter&iacute;sticas<\/strong><\/div>\n<\/td>\n<td>&#8211; Fuente de alimentaci&oacute;n: 53,5 V CC\/2,43 A (adaptador externo)<br \/>\t\t\t&#8211; M&aacute;ximo consumo: 146,5 W (110 V\/60 Hz) (con120 W PD conectado)<br \/>\t\t\t&#8211; Disipaci&oacute;n m&aacute;xima de calor: 499,98 BTU\/h(110V\/60Hz) (con 120W DP conectado)<br \/>\t\t\t&#8211; Consumo de energ&iacute;a en espera: 9,0 W (110 V\/60 Hz)<br \/>\t\t\t&#8211; Ventiladores: 1<br \/>\t\t\t&#8211; Instalaci&oacute;n: Escritorio\/montaje en pared<br \/>\t\t\t&#8211; Temperatura de funcionamiento: 0 &deg;C a 40 &deg;C<br \/>\t\t\t&#8211; Temperatura de almacenamiento: -40 &deg;C a 70 &deg;C<br \/>\t\t\t&#8211; Humedad de funcionamiento: 10% a 90% HR, sin condensaci&oacute;n<br \/>\t\t\t&#8211; Humedad de almacenamiento: 5% a 90% HR, sin condensaci&oacute;n<br \/>\t\t\t&#8211; Certificaciones: CE, FCC, RoHS<br \/>\t\t\t&#8211; Dimensiones: 286 &times; 111,7 &times; 25,4 mm<\/td>\n<\/tr>\n<tr>\n<td><strong>Fecha Revisi&oacute;n<\/strong><\/td>\n<td>10-01-2023 por RTY<\/td>\n<\/tr>\n<\/table>\n","protected":false},"excerpt":{"rendered":"<p>&nbsp; Marca TP-LINK Modelo TL-SG2016P Interfaces &#8211; 16 puertos RJ45 a 10\/100\/1000Mbps Puertos &#8211; IEEE 802.3i:10BASE-T Ethernet &#8211; IEEE 802.3u:100BASE-X Fast Ethernet &#8211; IEEE 802.3ab:1000BASE-T Gigabit Ethernet &#8211; IEEE 802.3z:1000BASE-X Gigabit Ethernet (Optical fiber) &#8211; For TL-SG2016P &#8211; IEEE 802.3i:10BASE-T Ethernet; IEEE 802.3ab:1000BASE-T Gigabit Ether Caracter&iacute;sticas &#8211; Flash: 32 MB &#8211; DRAM: 256 MB &#8211;&hellip;&nbsp;<a href=\"https:\/\/aivlisoft.net\/shop\/producto\/tp-link-tl-sg2016p-jetstream-switch-16xgb-8xpoe\/\" rel=\"bookmark\"><span class=\"screen-reader-text\">TP-Link TL-SG2016P JetStream Switch 16xGb (8xPoE+)<\/span><\/a><\/p>\n","protected":false},"featured_media":21345,"template":"","meta":{"neve_meta_sidebar":"","neve_meta_container":"","neve_meta_enable_content_width":"","neve_meta_content_width":0,"neve_meta_title_alignment":"","neve_meta_author_avatar":"","neve_post_elements_order":"","neve_meta_disable_header":"","neve_meta_disable_footer":"","neve_meta_disable_title":""},"product_brand":[],"product_cat":[8773],"product_tag":[7551],"class_list":{"0":"post-21344","1":"product","2":"type-product","3":"status-publish","4":"has-post-thumbnail","6":"product_cat-switches-sobremesa","7":"product_tag-tl-sg2016p","9":"first","10":"instock","11":"taxable","12":"shipping-taxable","13":"purchasable","14":"product-type-simple"},"yoast_head":"<!-- This site is optimized with the Yoast SEO plugin v26.0 - https:\/\/yoast.com\/wordpress\/plugins\/seo\/ -->\n<title>TP-Link TL-SG2016P JetStream Switch 16xGb (8xPoE+) - Aivlisoft Inform\u00e1tica<\/title>\n<meta name=\"robots\" content=\"index, follow, max-snippet:-1, max-image-preview:large, max-video-preview:-1\" \/>\n<link rel=\"canonical\" href=\"https:\/\/aivlisoft.net\/shop\/producto\/tp-link-tl-sg2016p-jetstream-switch-16xgb-8xpoe\/\" \/>\n<meta property=\"og:locale\" content=\"es_ES\" \/>\n<meta property=\"og:type\" content=\"article\" \/>\n<meta property=\"og:title\" content=\"TP-Link TL-SG2016P JetStream Switch 16xGb (8xPoE+) - Aivlisoft Inform\u00e1tica\" \/>\n<meta property=\"og:description\" content=\"&nbsp; Marca TP-LINK Modelo TL-SG2016P Interfaces &#8211; 16 puertos RJ45 a 10\/100\/1000Mbps Puertos &#8211; IEEE 802.3i:10BASE-T Ethernet &#8211; IEEE 802.3u:100BASE-X Fast Ethernet &#8211; IEEE 802.3ab:1000BASE-T Gigabit Ethernet &#8211; IEEE 802.3z:1000BASE-X Gigabit Ethernet (Optical fiber) &#8211; For TL-SG2016P &#8211; IEEE 802.3i:10BASE-T Ethernet; IEEE 802.3ab:1000BASE-T Gigabit Ether Caracter&iacute;sticas &#8211; Flash: 32 MB &#8211; DRAM: 256 MB &#8211;&hellip;&nbsp;TP-Link TL-SG2016P JetStream Switch 16xGb (8xPoE+)\" \/>\n<meta property=\"og:url\" content=\"https:\/\/aivlisoft.net\/shop\/producto\/tp-link-tl-sg2016p-jetstream-switch-16xgb-8xpoe\/\" \/>\n<meta property=\"og:site_name\" content=\"Aivlisoft Inform\u00e1tica\" \/>\n<meta property=\"article:modified_time\" content=\"2025-01-14T11:55:43+00:00\" \/>\n<meta property=\"og:image\" content=\"https:\/\/aivlisoft.net\/shop\/wp-content\/uploads\/2025\/01\/NSWSSO0318_800.jpg\" \/>\n\t<meta property=\"og:image:width\" content=\"800\" \/>\n\t<meta property=\"og:image:height\" content=\"800\" \/>\n\t<meta property=\"og:image:type\" content=\"image\/jpeg\" \/>\n<meta name=\"twitter:card\" content=\"summary_large_image\" \/>\n<meta name=\"twitter:label1\" content=\"Tiempo de lectura\" \/>\n\t<meta name=\"twitter:data1\" content=\"1 minuto\" \/>\n<script type=\"application\/ld+json\" class=\"yoast-schema-graph\">{\"@context\":\"https:\/\/schema.org\",\"@graph\":[{\"@type\":\"WebPage\",\"@id\":\"https:\/\/aivlisoft.net\/shop\/producto\/tp-link-tl-sg2016p-jetstream-switch-16xgb-8xpoe\/\",\"url\":\"https:\/\/aivlisoft.net\/shop\/producto\/tp-link-tl-sg2016p-jetstream-switch-16xgb-8xpoe\/\",\"name\":\"TP-Link TL-SG2016P JetStream Switch 16xGb (8xPoE+) - Aivlisoft Inform\u00e1tica\",\"isPartOf\":{\"@id\":\"https:\/\/aivlisoft.net\/shop\/#website\"},\"primaryImageOfPage\":{\"@id\":\"https:\/\/aivlisoft.net\/shop\/producto\/tp-link-tl-sg2016p-jetstream-switch-16xgb-8xpoe\/#primaryimage\"},\"image\":{\"@id\":\"https:\/\/aivlisoft.net\/shop\/producto\/tp-link-tl-sg2016p-jetstream-switch-16xgb-8xpoe\/#primaryimage\"},\"thumbnailUrl\":\"https:\/\/aivlisoft.net\/shop\/wp-content\/uploads\/2025\/01\/NSWSSO0318_800.jpg\",\"datePublished\":\"2025-01-13T15:52:54+00:00\",\"dateModified\":\"2025-01-14T11:55:43+00:00\",\"breadcrumb\":{\"@id\":\"https:\/\/aivlisoft.net\/shop\/producto\/tp-link-tl-sg2016p-jetstream-switch-16xgb-8xpoe\/#breadcrumb\"},\"inLanguage\":\"es\",\"potentialAction\":[{\"@type\":\"ReadAction\",\"target\":[\"https:\/\/aivlisoft.net\/shop\/producto\/tp-link-tl-sg2016p-jetstream-switch-16xgb-8xpoe\/\"]}]},{\"@type\":\"ImageObject\",\"inLanguage\":\"es\",\"@id\":\"https:\/\/aivlisoft.net\/shop\/producto\/tp-link-tl-sg2016p-jetstream-switch-16xgb-8xpoe\/#primaryimage\",\"url\":\"https:\/\/aivlisoft.net\/shop\/wp-content\/uploads\/2025\/01\/NSWSSO0318_800.jpg\",\"contentUrl\":\"https:\/\/aivlisoft.net\/shop\/wp-content\/uploads\/2025\/01\/NSWSSO0318_800.jpg\",\"width\":800,\"height\":800},{\"@type\":\"BreadcrumbList\",\"@id\":\"https:\/\/aivlisoft.net\/shop\/producto\/tp-link-tl-sg2016p-jetstream-switch-16xgb-8xpoe\/#breadcrumb\",\"itemListElement\":[{\"@type\":\"ListItem\",\"position\":1,\"name\":\"Portada\",\"item\":\"https:\/\/aivlisoft.net\/shop\/\"},{\"@type\":\"ListItem\",\"position\":2,\"name\":\"Tienda\",\"item\":\"https:\/\/aivlisoft.net\/shop\/tienda\/\"},{\"@type\":\"ListItem\",\"position\":3,\"name\":\"TP-Link TL-SG2016P JetStream Switch 16xGb (8xPoE+)\"}]},{\"@type\":\"WebSite\",\"@id\":\"https:\/\/aivlisoft.net\/shop\/#website\",\"url\":\"https:\/\/aivlisoft.net\/shop\/\",\"name\":\"Aivlisoft Inform\u00e1tica\",\"description\":\"En Aivlisoft Inform\u00e1tica ofrecemos soluciones tecnol\u00f3gicas para empresas: venta de ordenadores, consumibles, perif\u00e9ricos y m\u00e1s. Calidad, atenci\u00f3n personalizada y los mejores precios para tu negocio.\",\"publisher\":{\"@id\":\"https:\/\/aivlisoft.net\/shop\/#organization\"},\"potentialAction\":[{\"@type\":\"SearchAction\",\"target\":{\"@type\":\"EntryPoint\",\"urlTemplate\":\"https:\/\/aivlisoft.net\/shop\/?s={search_term_string}\"},\"query-input\":{\"@type\":\"PropertyValueSpecification\",\"valueRequired\":true,\"valueName\":\"search_term_string\"}}],\"inLanguage\":\"es\"},{\"@type\":\"Organization\",\"@id\":\"https:\/\/aivlisoft.net\/shop\/#organization\",\"name\":\"Aivlisoft Inform\u00e1tica\",\"url\":\"https:\/\/aivlisoft.net\/shop\/\",\"logo\":{\"@type\":\"ImageObject\",\"inLanguage\":\"es\",\"@id\":\"https:\/\/aivlisoft.net\/shop\/#\/schema\/logo\/image\/\",\"url\":\"https:\/\/aivlisoft.net\/shop\/wp-content\/uploads\/2024\/12\/removal.ai_5b848c54-0cdf-4140-95c5-c5536bb7573b-logodef.png\",\"contentUrl\":\"https:\/\/aivlisoft.net\/shop\/wp-content\/uploads\/2024\/12\/removal.ai_5b848c54-0cdf-4140-95c5-c5536bb7573b-logodef.png\",\"width\":484,\"height\":182,\"caption\":\"Aivlisoft Inform\u00e1tica\"},\"image\":{\"@id\":\"https:\/\/aivlisoft.net\/shop\/#\/schema\/logo\/image\/\"}}]}<\/script>\n<!-- \/ Yoast SEO plugin. -->","yoast_head_json":{"title":"TP-Link TL-SG2016P JetStream Switch 16xGb (8xPoE+) - Aivlisoft Inform\u00e1tica","robots":{"index":"index","follow":"follow","max-snippet":"max-snippet:-1","max-image-preview":"max-image-preview:large","max-video-preview":"max-video-preview:-1"},"canonical":"https:\/\/aivlisoft.net\/shop\/producto\/tp-link-tl-sg2016p-jetstream-switch-16xgb-8xpoe\/","og_locale":"es_ES","og_type":"article","og_title":"TP-Link TL-SG2016P JetStream Switch 16xGb (8xPoE+) - Aivlisoft Inform\u00e1tica","og_description":"&nbsp; Marca TP-LINK Modelo TL-SG2016P Interfaces &#8211; 16 puertos RJ45 a 10\/100\/1000Mbps Puertos &#8211; IEEE 802.3i:10BASE-T Ethernet &#8211; IEEE 802.3u:100BASE-X Fast Ethernet &#8211; IEEE 802.3ab:1000BASE-T Gigabit Ethernet &#8211; IEEE 802.3z:1000BASE-X Gigabit Ethernet (Optical fiber) &#8211; For TL-SG2016P &#8211; IEEE 802.3i:10BASE-T Ethernet; IEEE 802.3ab:1000BASE-T Gigabit Ether Caracter&iacute;sticas &#8211; Flash: 32 MB &#8211; DRAM: 256 MB &#8211;&hellip;&nbsp;TP-Link TL-SG2016P JetStream Switch 16xGb (8xPoE+)","og_url":"https:\/\/aivlisoft.net\/shop\/producto\/tp-link-tl-sg2016p-jetstream-switch-16xgb-8xpoe\/","og_site_name":"Aivlisoft Inform\u00e1tica","article_modified_time":"2025-01-14T11:55:43+00:00","og_image":[{"width":800,"height":800,"url":"https:\/\/aivlisoft.net\/shop\/wp-content\/uploads\/2025\/01\/NSWSSO0318_800.jpg","type":"image\/jpeg"}],"twitter_card":"summary_large_image","twitter_misc":{"Tiempo de lectura":"1 minuto"},"schema":{"@context":"https:\/\/schema.org","@graph":[{"@type":"WebPage","@id":"https:\/\/aivlisoft.net\/shop\/producto\/tp-link-tl-sg2016p-jetstream-switch-16xgb-8xpoe\/","url":"https:\/\/aivlisoft.net\/shop\/producto\/tp-link-tl-sg2016p-jetstream-switch-16xgb-8xpoe\/","name":"TP-Link TL-SG2016P JetStream Switch 16xGb (8xPoE+) - Aivlisoft Inform\u00e1tica","isPartOf":{"@id":"https:\/\/aivlisoft.net\/shop\/#website"},"primaryImageOfPage":{"@id":"https:\/\/aivlisoft.net\/shop\/producto\/tp-link-tl-sg2016p-jetstream-switch-16xgb-8xpoe\/#primaryimage"},"image":{"@id":"https:\/\/aivlisoft.net\/shop\/producto\/tp-link-tl-sg2016p-jetstream-switch-16xgb-8xpoe\/#primaryimage"},"thumbnailUrl":"https:\/\/aivlisoft.net\/shop\/wp-content\/uploads\/2025\/01\/NSWSSO0318_800.jpg","datePublished":"2025-01-13T15:52:54+00:00","dateModified":"2025-01-14T11:55:43+00:00","breadcrumb":{"@id":"https:\/\/aivlisoft.net\/shop\/producto\/tp-link-tl-sg2016p-jetstream-switch-16xgb-8xpoe\/#breadcrumb"},"inLanguage":"es","potentialAction":[{"@type":"ReadAction","target":["https:\/\/aivlisoft.net\/shop\/producto\/tp-link-tl-sg2016p-jetstream-switch-16xgb-8xpoe\/"]}]},{"@type":"ImageObject","inLanguage":"es","@id":"https:\/\/aivlisoft.net\/shop\/producto\/tp-link-tl-sg2016p-jetstream-switch-16xgb-8xpoe\/#primaryimage","url":"https:\/\/aivlisoft.net\/shop\/wp-content\/uploads\/2025\/01\/NSWSSO0318_800.jpg","contentUrl":"https:\/\/aivlisoft.net\/shop\/wp-content\/uploads\/2025\/01\/NSWSSO0318_800.jpg","width":800,"height":800},{"@type":"BreadcrumbList","@id":"https:\/\/aivlisoft.net\/shop\/producto\/tp-link-tl-sg2016p-jetstream-switch-16xgb-8xpoe\/#breadcrumb","itemListElement":[{"@type":"ListItem","position":1,"name":"Portada","item":"https:\/\/aivlisoft.net\/shop\/"},{"@type":"ListItem","position":2,"name":"Tienda","item":"https:\/\/aivlisoft.net\/shop\/tienda\/"},{"@type":"ListItem","position":3,"name":"TP-Link TL-SG2016P JetStream Switch 16xGb (8xPoE+)"}]},{"@type":"WebSite","@id":"https:\/\/aivlisoft.net\/shop\/#website","url":"https:\/\/aivlisoft.net\/shop\/","name":"Aivlisoft Inform\u00e1tica","description":"En Aivlisoft Inform\u00e1tica ofrecemos soluciones tecnol\u00f3gicas para empresas: venta de ordenadores, consumibles, perif\u00e9ricos y m\u00e1s. Calidad, atenci\u00f3n personalizada y los mejores precios para tu negocio.","publisher":{"@id":"https:\/\/aivlisoft.net\/shop\/#organization"},"potentialAction":[{"@type":"SearchAction","target":{"@type":"EntryPoint","urlTemplate":"https:\/\/aivlisoft.net\/shop\/?s={search_term_string}"},"query-input":{"@type":"PropertyValueSpecification","valueRequired":true,"valueName":"search_term_string"}}],"inLanguage":"es"},{"@type":"Organization","@id":"https:\/\/aivlisoft.net\/shop\/#organization","name":"Aivlisoft Inform\u00e1tica","url":"https:\/\/aivlisoft.net\/shop\/","logo":{"@type":"ImageObject","inLanguage":"es","@id":"https:\/\/aivlisoft.net\/shop\/#\/schema\/logo\/image\/","url":"https:\/\/aivlisoft.net\/shop\/wp-content\/uploads\/2024\/12\/removal.ai_5b848c54-0cdf-4140-95c5-c5536bb7573b-logodef.png","contentUrl":"https:\/\/aivlisoft.net\/shop\/wp-content\/uploads\/2024\/12\/removal.ai_5b848c54-0cdf-4140-95c5-c5536bb7573b-logodef.png","width":484,"height":182,"caption":"Aivlisoft Inform\u00e1tica"},"image":{"@id":"https:\/\/aivlisoft.net\/shop\/#\/schema\/logo\/image\/"}}]}},"_links":{"self":[{"href":"https:\/\/aivlisoft.net\/shop\/wp-json\/wp\/v2\/product\/21344","targetHints":{"allow":["GET"]}}],"collection":[{"href":"https:\/\/aivlisoft.net\/shop\/wp-json\/wp\/v2\/product"}],"about":[{"href":"https:\/\/aivlisoft.net\/shop\/wp-json\/wp\/v2\/types\/product"}],"wp:featuredmedia":[{"embeddable":true,"href":"https:\/\/aivlisoft.net\/shop\/wp-json\/wp\/v2\/media\/21345"}],"wp:attachment":[{"href":"https:\/\/aivlisoft.net\/shop\/wp-json\/wp\/v2\/media?parent=21344"}],"wp:term":[{"taxonomy":"product_brand","embeddable":true,"href":"https:\/\/aivlisoft.net\/shop\/wp-json\/wp\/v2\/product_brand?post=21344"},{"taxonomy":"product_cat","embeddable":true,"href":"https:\/\/aivlisoft.net\/shop\/wp-json\/wp\/v2\/product_cat?post=21344"},{"taxonomy":"product_tag","embeddable":true,"href":"https:\/\/aivlisoft.net\/shop\/wp-json\/wp\/v2\/product_tag?post=21344"}],"curies":[{"name":"wp","href":"https:\/\/api.w.org\/{rel}","templated":true}]}}