{"id":21312,"date":"2025-01-13T15:52:27","date_gmt":"2025-01-13T15:52:27","guid":{"rendered":"https:\/\/aivlisoft.com\/?post_type=product&#038;p=21312"},"modified":"2025-01-14T11:55:28","modified_gmt":"2025-01-14T11:55:28","slug":"d-link-dgs-1100-24v2-e-switch-24xgb","status":"publish","type":"product","link":"https:\/\/aivlisoft.net\/shop\/producto\/d-link-dgs-1100-24v2-e-switch-24xgb\/","title":{"rendered":"D-Link DGS-1100-24V2\/E Switch 24xGb"},"content":{"rendered":"<p>&nbsp;<\/p>\n<table class=\"tabla_caracteristicas k-table\" width=\"100%\">\n<tr>\n<td><strong>Marca<\/strong><\/td>\n<td>D-Link<\/td>\n<\/tr>\n<tr>\n<td><strong>Modelo<\/strong><\/td>\n<td><strong>DGS-1100-24V2\/E<\/strong><\/td>\n<\/tr>\n<tr>\n<td valign=\"top\"><strong>Caracter&iacute;sticas Hardware<\/strong><\/td>\n<td><strong>General<\/strong><br \/>\t\t\t&#8211; Versi&oacute;n de hardware: B1<br \/>\t\t\t&#8211; Tama&ntilde;o: 11&quot; de escritorio \/ montaje en Rack, altura de 1U.<br \/>\t\t\t&#8211; N&ordm; de puertos: <strong>24<\/strong> &#8211; 10\/100\/1000 Mbps<br \/>\t\t\t&#8211; Funci&oacute;n de los puertos:<br \/>\t\t\t&nbsp; Auto MDI \/ MDIX<br \/>\t\t\t&nbsp; IEEE 802.3x Flow Control admite el modo Full-Duplex<br \/>\t\t\t&nbsp; Admite half\/full-duplex operation (full\/half at 10\/100 Mbps, full at 1000 Mbps)half\/full-duplex operation (full\/half at 10\/100 Mbps, full at 1000 Mbps)<br \/>\t\t\t<strong>Rendimiento<\/strong><br \/>\t\t\t&#8211; Capacidad de conmutaci&oacute;n: 48 Gbps<br \/>\t\t\t&#8211; Velocidad m&aacute;xima de reenv&iacute;o: 35,71 Mpps<br \/>\t\t\t&#8211; Tama&ntilde;o de la tabla de direcciones MAC: 8K entradas<br \/>\t\t\t&#8211; B&uacute;fer de paquetes: 512 Kbits<br \/>\t\t\t&#8211; Memoria Flash: 8 Mbyte<br \/>\t\t\t<strong>Alimentaci&oacute;n<\/strong><br \/>\t\t\t&#8211; Consumo t&iacute;pico: 10.37 W<br \/>\t\t\t&#8211; Consumo m&aacute;ximo: 13.94 W<br \/>\t\t\t<strong>F&iacute;sicas<\/strong><br \/>\t\t\t&#8211; Entrada de energ&iacute;a: 100 a 240 V CA<br \/>\t\t\t&#8211; MTBF: 2.406.109 horas<br \/>\t\t\t&#8211; Ac&uacute;stica: 0 dB (A)<br \/>\t\t\t&#8211; Disipaci&oacute;n de calor: 47,57 BTU\/hr<br \/>\t\t\t&#8211; Peso: 1,63 kg<br \/>\t\t\t&#8211; Dimensiones: 280 x 180 x 44 mm<br \/>\t\t\t&#8211; Ventilaci&oacute;n: sin ventilador<\/td>\n<\/tr>\n<tr>\n<td valign=\"top\"><strong>Caracter&iacute;sticas Software<\/strong><\/td>\n<td><strong>VLAN<\/strong><br \/>\t\t\t&#8211; Port-based VLAN<br \/>\t\t\t&#8211; 802.1Q tagged VLAN<br \/>\t\t\t&#8211; Auto Surveillance VLAN<br \/>\t\t\t&#8211; Voice VLAN<br \/>\t\t\t&#8211; Management VLAN<br \/>\t\t\t&#8211; Asymmetric VLAN<br \/>\t\t\t&#8211; VLAN Group<br \/>\t\t\t&nbsp; &#8211; Supports 128 static VLAN groups<br \/>\t\t\t&nbsp; &#8211; Max. 4094 VIDs<br \/>\t\t\t<strong>Caracteristicas L2<\/strong><br \/>\t\t\t&#8211; Flow Control<br \/>\t\t\t&nbsp; &#8211; 802.3x Flow Control<br \/>\t\t\t&nbsp; &#8211; HOL Blocking Prevention<br \/>\t\t\t&#8211; Jumbo Frames up to 9216 Bytes<br \/>\t\t\t&#8211; IGMP Snooping<br \/>\t\t\t&nbsp; &#8211; IGMP v1\/v2\/v3 awareness Snooping<br \/>\t\t\t&nbsp; &#8211; Supports 64 Groups<br \/>\t\t\t&nbsp; &#8211; IGMP Snooping Querier<br \/>\t\t\t&#8211; Loopback Detection<br \/>\t\t\t&#8211; Cable Diagnostics<br \/>\t\t\t&#8211; LLDP<br \/>\t\t\t&#8211; Port Mirroring<br \/>\t\t\t&nbsp; &#8211; One-to-One<br \/>\t\t\t&nbsp; &#8211; Many-to-One<br \/>\t\t\t&#8211; Statistics<br \/>\t\t\t&nbsp; &#8211; Tx Ok<br \/>\t\t\t&nbsp; &#8211; Tx Error<br \/>\t\t\t&nbsp; &#8211; Rx Ok<br \/>\t\t\t&nbsp; &#8211; Rx Error<br \/>\t\t\t&#8211; Spanning Tree Protocol<br \/>\t\t\t&nbsp; &#8211; 802.1D STP<br \/>\t\t\t&nbsp; &#8211; 802.1w RSTP<br \/>\t\t\t<strong>Quality of Service (QoS)<\/strong><br \/>\t\t\t&#8211; 802.1p Quality of Service<br \/>\t\t\t&#8211; 4 queues per port<br \/>\t\t\t&#8211; Queue Handling<br \/>\t\t\t&nbsp; &#8211; Strict<br \/>\t\t\t&nbsp; &#8211; Weighted Round Robin (WRR)<br \/>\t\t\t&#8211; Port-based Bandwidth Control (Rate Limiting)<br \/>\t\t\t&nbsp; &#8211; Ingress: 8 Kbps<br \/>\t\t\t&nbsp; &#8211; Egress: 64 Kbps<br \/>\t\t\t<strong>Seguridad<\/strong><br \/>\t\t\t&#8211; D-Link Safeguard<br \/>\t\t\t&#8211; Traffic Segmentation<br \/>\t\t\t&#8211; Broadcast\/Multicast\/Unknown Unicast Storm Control<br \/>\t\t\t&#8211; DoS Attack Prevention<br \/>\t\t\t&#8211; SSL<br \/>\t\t\t<strong>Gesti&oacute;n<\/strong><br \/>\t\t\t&#8211; Web-based GUI (Supports IPv4\/IPv6)<br \/>\t\t\t&#8211; Client-based Utility (D-Link Network Assistant Utility)<br \/>\t\t\t<strong>Est&aacute;ndares MIB\/RFC<\/strong><br \/>\t\t\t&#8211; RFC768 UDP<br \/>\t\t\t&#8211; RFC791 IP<br \/>\t\t\t&#8211; RFC792 ICMP<br \/>\t\t\t&#8211; RFC793 TCP<br \/>\t\t\t&#8211; RFC826 ARP<br \/>\t\t\t&#8211; RFC1213 MIB II<br \/>\t\t\t&#8211; RFC1493 Bridage MIB<br \/>\t\t\t&#8211; RFC1907 SNMPv2 MIB<br \/>\t\t\t&#8211; RFC1215 MIB Traps Convention<br \/>\t\t\t&#8211; RFC2233 Interface Group MIB<br \/>\t\t\t&#8211; RFC2665 Ether-like MIB<br \/>\t\t\t&#8211; RFC4363 IEEE 802.1p MIB<br \/>\t\t\t&#8211; ZoneDefense MIB<br \/>\t\t\t&#8211; Private MIB<br \/>\t\t\t&#8211; RFC951 BootP client<br \/>\t\t\t&#8211; RFC1542 BootP\/DHCP client<br \/>\t\t\t&#8211; RFC2236 IGMP Snooping<\/td>\n<\/tr>\n<tr>\n<td><strong>Fecha Revisi&oacute;n<\/strong><\/td>\n<td>13-06-2022 por MPM<\/td>\n<\/tr>\n<\/table>\n","protected":false},"excerpt":{"rendered":"<p>&nbsp; Marca D-Link Modelo DGS-1100-24V2\/E Caracter&iacute;sticas Hardware General &#8211; Versi&oacute;n de hardware: B1 &#8211; Tama&ntilde;o: 11&quot; de escritorio \/ montaje en Rack, altura de 1U. &#8211; N&ordm; de puertos: 24 &#8211; 10\/100\/1000 Mbps &#8211; Funci&oacute;n de los puertos: &nbsp; Auto MDI \/ MDIX &nbsp; IEEE 802.3x Flow Control admite el modo Full-Duplex &nbsp; Admite half\/full-duplex&hellip;&nbsp;<a href=\"https:\/\/aivlisoft.net\/shop\/producto\/d-link-dgs-1100-24v2-e-switch-24xgb\/\" rel=\"bookmark\"><span class=\"screen-reader-text\">D-Link DGS-1100-24V2\/E Switch 24xGb<\/span><\/a><\/p>\n","protected":false},"featured_media":21313,"template":"","meta":{"neve_meta_sidebar":"","neve_meta_container":"","neve_meta_enable_content_width":"","neve_meta_content_width":0,"neve_meta_title_alignment":"","neve_meta_author_avatar":"","neve_post_elements_order":"","neve_meta_disable_header":"","neve_meta_disable_footer":"","neve_meta_disable_title":""},"product_brand":[],"product_cat":[8773],"product_tag":[7539],"class_list":{"0":"post-21312","1":"product","2":"type-product","3":"status-publish","4":"has-post-thumbnail","6":"product_cat-switches-sobremesa","7":"product_tag-dgs-1100-24v2-e","9":"first","10":"instock","11":"taxable","12":"shipping-taxable","13":"purchasable","14":"product-type-simple"},"yoast_head":"<!-- This site is optimized with the Yoast SEO plugin v26.0 - https:\/\/yoast.com\/wordpress\/plugins\/seo\/ -->\n<title>D-Link DGS-1100-24V2\/E Switch 24xGb - Aivlisoft Inform\u00e1tica<\/title>\n<meta name=\"robots\" content=\"index, follow, max-snippet:-1, max-image-preview:large, max-video-preview:-1\" \/>\n<link rel=\"canonical\" href=\"https:\/\/aivlisoft.net\/shop\/producto\/d-link-dgs-1100-24v2-e-switch-24xgb\/\" \/>\n<meta property=\"og:locale\" content=\"es_ES\" \/>\n<meta property=\"og:type\" content=\"article\" \/>\n<meta property=\"og:title\" content=\"D-Link DGS-1100-24V2\/E Switch 24xGb - Aivlisoft Inform\u00e1tica\" \/>\n<meta property=\"og:description\" content=\"&nbsp; Marca D-Link Modelo DGS-1100-24V2\/E Caracter&iacute;sticas Hardware General &#8211; Versi&oacute;n de hardware: B1 &#8211; Tama&ntilde;o: 11&quot; de escritorio \/ montaje en Rack, altura de 1U. &#8211; N&ordm; de puertos: 24 &#8211; 10\/100\/1000 Mbps &#8211; Funci&oacute;n de los puertos: &nbsp; Auto MDI \/ MDIX &nbsp; IEEE 802.3x Flow Control admite el modo Full-Duplex &nbsp; Admite half\/full-duplex&hellip;&nbsp;D-Link DGS-1100-24V2\/E Switch 24xGb\" \/>\n<meta property=\"og:url\" content=\"https:\/\/aivlisoft.net\/shop\/producto\/d-link-dgs-1100-24v2-e-switch-24xgb\/\" \/>\n<meta property=\"og:site_name\" content=\"Aivlisoft Inform\u00e1tica\" \/>\n<meta property=\"article:modified_time\" content=\"2025-01-14T11:55:28+00:00\" \/>\n<meta property=\"og:image\" content=\"https:\/\/aivlisoft.net\/shop\/wp-content\/uploads\/2025\/01\/NSWSSO0306_800.jpg\" \/>\n\t<meta property=\"og:image:width\" content=\"800\" \/>\n\t<meta property=\"og:image:height\" content=\"800\" \/>\n\t<meta property=\"og:image:type\" content=\"image\/jpeg\" \/>\n<meta name=\"twitter:card\" content=\"summary_large_image\" \/>\n<meta name=\"twitter:label1\" content=\"Tiempo de lectura\" \/>\n\t<meta name=\"twitter:data1\" content=\"2 minutos\" \/>\n<script type=\"application\/ld+json\" class=\"yoast-schema-graph\">{\"@context\":\"https:\/\/schema.org\",\"@graph\":[{\"@type\":\"WebPage\",\"@id\":\"https:\/\/aivlisoft.net\/shop\/producto\/d-link-dgs-1100-24v2-e-switch-24xgb\/\",\"url\":\"https:\/\/aivlisoft.net\/shop\/producto\/d-link-dgs-1100-24v2-e-switch-24xgb\/\",\"name\":\"D-Link DGS-1100-24V2\/E Switch 24xGb - Aivlisoft Inform\u00e1tica\",\"isPartOf\":{\"@id\":\"https:\/\/aivlisoft.net\/shop\/#website\"},\"primaryImageOfPage\":{\"@id\":\"https:\/\/aivlisoft.net\/shop\/producto\/d-link-dgs-1100-24v2-e-switch-24xgb\/#primaryimage\"},\"image\":{\"@id\":\"https:\/\/aivlisoft.net\/shop\/producto\/d-link-dgs-1100-24v2-e-switch-24xgb\/#primaryimage\"},\"thumbnailUrl\":\"https:\/\/aivlisoft.net\/shop\/wp-content\/uploads\/2025\/01\/NSWSSO0306_800.jpg\",\"datePublished\":\"2025-01-13T15:52:27+00:00\",\"dateModified\":\"2025-01-14T11:55:28+00:00\",\"breadcrumb\":{\"@id\":\"https:\/\/aivlisoft.net\/shop\/producto\/d-link-dgs-1100-24v2-e-switch-24xgb\/#breadcrumb\"},\"inLanguage\":\"es\",\"potentialAction\":[{\"@type\":\"ReadAction\",\"target\":[\"https:\/\/aivlisoft.net\/shop\/producto\/d-link-dgs-1100-24v2-e-switch-24xgb\/\"]}]},{\"@type\":\"ImageObject\",\"inLanguage\":\"es\",\"@id\":\"https:\/\/aivlisoft.net\/shop\/producto\/d-link-dgs-1100-24v2-e-switch-24xgb\/#primaryimage\",\"url\":\"https:\/\/aivlisoft.net\/shop\/wp-content\/uploads\/2025\/01\/NSWSSO0306_800.jpg\",\"contentUrl\":\"https:\/\/aivlisoft.net\/shop\/wp-content\/uploads\/2025\/01\/NSWSSO0306_800.jpg\",\"width\":800,\"height\":800},{\"@type\":\"BreadcrumbList\",\"@id\":\"https:\/\/aivlisoft.net\/shop\/producto\/d-link-dgs-1100-24v2-e-switch-24xgb\/#breadcrumb\",\"itemListElement\":[{\"@type\":\"ListItem\",\"position\":1,\"name\":\"Portada\",\"item\":\"https:\/\/aivlisoft.net\/shop\/\"},{\"@type\":\"ListItem\",\"position\":2,\"name\":\"Tienda\",\"item\":\"https:\/\/aivlisoft.net\/shop\/tienda\/\"},{\"@type\":\"ListItem\",\"position\":3,\"name\":\"D-Link DGS-1100-24V2\/E Switch 24xGb\"}]},{\"@type\":\"WebSite\",\"@id\":\"https:\/\/aivlisoft.net\/shop\/#website\",\"url\":\"https:\/\/aivlisoft.net\/shop\/\",\"name\":\"Aivlisoft Inform\u00e1tica\",\"description\":\"En Aivlisoft Inform\u00e1tica ofrecemos soluciones tecnol\u00f3gicas para empresas: venta de ordenadores, consumibles, perif\u00e9ricos y m\u00e1s. Calidad, atenci\u00f3n personalizada y los mejores precios para tu negocio.\",\"publisher\":{\"@id\":\"https:\/\/aivlisoft.net\/shop\/#organization\"},\"potentialAction\":[{\"@type\":\"SearchAction\",\"target\":{\"@type\":\"EntryPoint\",\"urlTemplate\":\"https:\/\/aivlisoft.net\/shop\/?s={search_term_string}\"},\"query-input\":{\"@type\":\"PropertyValueSpecification\",\"valueRequired\":true,\"valueName\":\"search_term_string\"}}],\"inLanguage\":\"es\"},{\"@type\":\"Organization\",\"@id\":\"https:\/\/aivlisoft.net\/shop\/#organization\",\"name\":\"Aivlisoft Inform\u00e1tica\",\"url\":\"https:\/\/aivlisoft.net\/shop\/\",\"logo\":{\"@type\":\"ImageObject\",\"inLanguage\":\"es\",\"@id\":\"https:\/\/aivlisoft.net\/shop\/#\/schema\/logo\/image\/\",\"url\":\"https:\/\/aivlisoft.net\/shop\/wp-content\/uploads\/2024\/12\/removal.ai_5b848c54-0cdf-4140-95c5-c5536bb7573b-logodef.png\",\"contentUrl\":\"https:\/\/aivlisoft.net\/shop\/wp-content\/uploads\/2024\/12\/removal.ai_5b848c54-0cdf-4140-95c5-c5536bb7573b-logodef.png\",\"width\":484,\"height\":182,\"caption\":\"Aivlisoft Inform\u00e1tica\"},\"image\":{\"@id\":\"https:\/\/aivlisoft.net\/shop\/#\/schema\/logo\/image\/\"}}]}<\/script>\n<!-- \/ Yoast SEO plugin. -->","yoast_head_json":{"title":"D-Link DGS-1100-24V2\/E Switch 24xGb - Aivlisoft Inform\u00e1tica","robots":{"index":"index","follow":"follow","max-snippet":"max-snippet:-1","max-image-preview":"max-image-preview:large","max-video-preview":"max-video-preview:-1"},"canonical":"https:\/\/aivlisoft.net\/shop\/producto\/d-link-dgs-1100-24v2-e-switch-24xgb\/","og_locale":"es_ES","og_type":"article","og_title":"D-Link DGS-1100-24V2\/E Switch 24xGb - Aivlisoft Inform\u00e1tica","og_description":"&nbsp; Marca D-Link Modelo DGS-1100-24V2\/E Caracter&iacute;sticas Hardware General &#8211; Versi&oacute;n de hardware: B1 &#8211; Tama&ntilde;o: 11&quot; de escritorio \/ montaje en Rack, altura de 1U. &#8211; N&ordm; de puertos: 24 &#8211; 10\/100\/1000 Mbps &#8211; Funci&oacute;n de los puertos: &nbsp; Auto MDI \/ MDIX &nbsp; IEEE 802.3x Flow Control admite el modo Full-Duplex &nbsp; Admite half\/full-duplex&hellip;&nbsp;D-Link DGS-1100-24V2\/E Switch 24xGb","og_url":"https:\/\/aivlisoft.net\/shop\/producto\/d-link-dgs-1100-24v2-e-switch-24xgb\/","og_site_name":"Aivlisoft Inform\u00e1tica","article_modified_time":"2025-01-14T11:55:28+00:00","og_image":[{"width":800,"height":800,"url":"https:\/\/aivlisoft.net\/shop\/wp-content\/uploads\/2025\/01\/NSWSSO0306_800.jpg","type":"image\/jpeg"}],"twitter_card":"summary_large_image","twitter_misc":{"Tiempo de lectura":"2 minutos"},"schema":{"@context":"https:\/\/schema.org","@graph":[{"@type":"WebPage","@id":"https:\/\/aivlisoft.net\/shop\/producto\/d-link-dgs-1100-24v2-e-switch-24xgb\/","url":"https:\/\/aivlisoft.net\/shop\/producto\/d-link-dgs-1100-24v2-e-switch-24xgb\/","name":"D-Link DGS-1100-24V2\/E Switch 24xGb - Aivlisoft Inform\u00e1tica","isPartOf":{"@id":"https:\/\/aivlisoft.net\/shop\/#website"},"primaryImageOfPage":{"@id":"https:\/\/aivlisoft.net\/shop\/producto\/d-link-dgs-1100-24v2-e-switch-24xgb\/#primaryimage"},"image":{"@id":"https:\/\/aivlisoft.net\/shop\/producto\/d-link-dgs-1100-24v2-e-switch-24xgb\/#primaryimage"},"thumbnailUrl":"https:\/\/aivlisoft.net\/shop\/wp-content\/uploads\/2025\/01\/NSWSSO0306_800.jpg","datePublished":"2025-01-13T15:52:27+00:00","dateModified":"2025-01-14T11:55:28+00:00","breadcrumb":{"@id":"https:\/\/aivlisoft.net\/shop\/producto\/d-link-dgs-1100-24v2-e-switch-24xgb\/#breadcrumb"},"inLanguage":"es","potentialAction":[{"@type":"ReadAction","target":["https:\/\/aivlisoft.net\/shop\/producto\/d-link-dgs-1100-24v2-e-switch-24xgb\/"]}]},{"@type":"ImageObject","inLanguage":"es","@id":"https:\/\/aivlisoft.net\/shop\/producto\/d-link-dgs-1100-24v2-e-switch-24xgb\/#primaryimage","url":"https:\/\/aivlisoft.net\/shop\/wp-content\/uploads\/2025\/01\/NSWSSO0306_800.jpg","contentUrl":"https:\/\/aivlisoft.net\/shop\/wp-content\/uploads\/2025\/01\/NSWSSO0306_800.jpg","width":800,"height":800},{"@type":"BreadcrumbList","@id":"https:\/\/aivlisoft.net\/shop\/producto\/d-link-dgs-1100-24v2-e-switch-24xgb\/#breadcrumb","itemListElement":[{"@type":"ListItem","position":1,"name":"Portada","item":"https:\/\/aivlisoft.net\/shop\/"},{"@type":"ListItem","position":2,"name":"Tienda","item":"https:\/\/aivlisoft.net\/shop\/tienda\/"},{"@type":"ListItem","position":3,"name":"D-Link DGS-1100-24V2\/E Switch 24xGb"}]},{"@type":"WebSite","@id":"https:\/\/aivlisoft.net\/shop\/#website","url":"https:\/\/aivlisoft.net\/shop\/","name":"Aivlisoft Inform\u00e1tica","description":"En Aivlisoft Inform\u00e1tica ofrecemos soluciones tecnol\u00f3gicas para empresas: venta de ordenadores, consumibles, perif\u00e9ricos y m\u00e1s. Calidad, atenci\u00f3n personalizada y los mejores precios para tu negocio.","publisher":{"@id":"https:\/\/aivlisoft.net\/shop\/#organization"},"potentialAction":[{"@type":"SearchAction","target":{"@type":"EntryPoint","urlTemplate":"https:\/\/aivlisoft.net\/shop\/?s={search_term_string}"},"query-input":{"@type":"PropertyValueSpecification","valueRequired":true,"valueName":"search_term_string"}}],"inLanguage":"es"},{"@type":"Organization","@id":"https:\/\/aivlisoft.net\/shop\/#organization","name":"Aivlisoft Inform\u00e1tica","url":"https:\/\/aivlisoft.net\/shop\/","logo":{"@type":"ImageObject","inLanguage":"es","@id":"https:\/\/aivlisoft.net\/shop\/#\/schema\/logo\/image\/","url":"https:\/\/aivlisoft.net\/shop\/wp-content\/uploads\/2024\/12\/removal.ai_5b848c54-0cdf-4140-95c5-c5536bb7573b-logodef.png","contentUrl":"https:\/\/aivlisoft.net\/shop\/wp-content\/uploads\/2024\/12\/removal.ai_5b848c54-0cdf-4140-95c5-c5536bb7573b-logodef.png","width":484,"height":182,"caption":"Aivlisoft Inform\u00e1tica"},"image":{"@id":"https:\/\/aivlisoft.net\/shop\/#\/schema\/logo\/image\/"}}]}},"_links":{"self":[{"href":"https:\/\/aivlisoft.net\/shop\/wp-json\/wp\/v2\/product\/21312","targetHints":{"allow":["GET"]}}],"collection":[{"href":"https:\/\/aivlisoft.net\/shop\/wp-json\/wp\/v2\/product"}],"about":[{"href":"https:\/\/aivlisoft.net\/shop\/wp-json\/wp\/v2\/types\/product"}],"wp:featuredmedia":[{"embeddable":true,"href":"https:\/\/aivlisoft.net\/shop\/wp-json\/wp\/v2\/media\/21313"}],"wp:attachment":[{"href":"https:\/\/aivlisoft.net\/shop\/wp-json\/wp\/v2\/media?parent=21312"}],"wp:term":[{"taxonomy":"product_brand","embeddable":true,"href":"https:\/\/aivlisoft.net\/shop\/wp-json\/wp\/v2\/product_brand?post=21312"},{"taxonomy":"product_cat","embeddable":true,"href":"https:\/\/aivlisoft.net\/shop\/wp-json\/wp\/v2\/product_cat?post=21312"},{"taxonomy":"product_tag","embeddable":true,"href":"https:\/\/aivlisoft.net\/shop\/wp-json\/wp\/v2\/product_tag?post=21312"}],"curies":[{"name":"wp","href":"https:\/\/api.w.org\/{rel}","templated":true}]}}