{"id":21306,"date":"2025-01-13T15:52:24","date_gmt":"2025-01-13T15:52:24","guid":{"rendered":"https:\/\/aivlisoft.com\/?post_type=product&#038;p=21306"},"modified":"2025-01-14T11:55:27","modified_gmt":"2025-01-14T11:55:27","slug":"d-link-dgs-1210-10p-e-switch-8xgb-poe-2xsfp","status":"publish","type":"product","link":"https:\/\/aivlisoft.net\/shop\/producto\/d-link-dgs-1210-10p-e-switch-8xgb-poe-2xsfp\/","title":{"rendered":"D-Link DGS-1210-10P\/E Switch 8xGB PoE 2xSFP"},"content":{"rendered":"<p>&nbsp;<\/p>\n<table class=\"tabla_caracteristicas\" width=\"100%\">\n<tr>\n<td valign=\"top\" width=\"35%\"><b>Marca<\/b><\/td>\n<td valign=\"top\" width=\"65%\"><strong>D-Link<\/strong><\/td>\n<\/tr>\n<tr>\n<td valign=\"top\" width=\"35%\"><b>Modelo<\/b><\/td>\n<td valign=\"top\" width=\"65%\"><strong>DGS-1210-10P\/E<\/strong><\/td>\n<\/tr>\n<tr>\n<td valign=\"top\" width=\"35%\"><b>Puertos<\/b><\/td>\n<td valign=\"top\" width=\"65%\"><strong>8 puertos RJ-45<\/strong> 10\/100\/1000Mbps <strong>PoE <\/strong>+ 2 Combo SFP<\/td>\n<\/tr>\n<tr>\n<td valign=\"top\" width=\"35%\"><b>Est&aacute;ndares<\/b><\/td>\n<td valign=\"top\" width=\"65%\">&#8211; IEEE 802.3 10BASE-T Ethernet (twisted-pair copper)<br \/>\t\t\t&#8211; IEEE 802.3u 100BASE-TX Fast Ethernet (twisted-pair copper)<br \/>\t\t\t&#8211; IEEE 802.3ab 1000BASE-T Gigabit Ethernet (twisted-pair copper)<br \/>\t\t\t&#8211; IEEE 802.3z Gigabit Ethernet (fiber)<br \/>\t\t\t&#8211; ANSI\/IEEE 802.3<br \/>\t\t\t&#8211; Auto-negotiation<br \/>\t\t\t&#8211; IEEE 802.3x Flow Control<\/td>\n<\/tr>\n<tr>\n<td valign=\"top\" width=\"35%\"><b>Otras caracteristicas<\/b><\/td>\n<td valign=\"top\" width=\"65%\">\n<div>&#8211; Auto-uplink MDIII\/ MDI-X<br \/>\t\t\t&#8211; Autonegociaci&oacute;n full\/half duplex<br \/>\t\t\t&#8211; Control de flujo<\/div>\n<div>Alimentaci&oacute;n PoE<br \/>\t\t\t&#8211; Puerto 1 a 8: 15,4 W o 30 W<br \/>\t\t\t&#8211; Max. 15,4 W en 4 puertos 10\/100\/1000 Mbps<br \/>\t\t\t&#8211; Max. 30w en 2 puertos 10\/100\/1000 Mbps<br \/>\t\t\t&#8211; Max. 7,5 W en 8 puertos 10\/100\/1000 Mbps<\/div>\n<\/td>\n<\/tr>\n<tr>\n<td valign=\"top\" width=\"35%\"><b>Fecha de revisi&oacute;n<\/b><\/td>\n<td valign=\"top\" width=\"65%\">13-06-2022 por MPM<\/td>\n<\/tr>\n<\/table>\n","protected":false},"excerpt":{"rendered":"<p>&nbsp; Marca D-Link Modelo DGS-1210-10P\/E Puertos 8 puertos RJ-45 10\/100\/1000Mbps PoE + 2 Combo SFP Est&aacute;ndares &#8211; IEEE 802.3 10BASE-T Ethernet (twisted-pair copper) &#8211; IEEE 802.3u 100BASE-TX Fast Ethernet (twisted-pair copper) &#8211; IEEE 802.3ab 1000BASE-T Gigabit Ethernet (twisted-pair copper) &#8211; IEEE 802.3z Gigabit Ethernet (fiber) &#8211; ANSI\/IEEE 802.3 &#8211; Auto-negotiation &#8211; IEEE 802.3x Flow Control&hellip;&nbsp;<a href=\"https:\/\/aivlisoft.net\/shop\/producto\/d-link-dgs-1210-10p-e-switch-8xgb-poe-2xsfp\/\" rel=\"bookmark\"><span class=\"screen-reader-text\">D-Link DGS-1210-10P\/E Switch 8xGB PoE 2xSFP<\/span><\/a><\/p>\n","protected":false},"featured_media":21307,"template":"","meta":{"neve_meta_sidebar":"","neve_meta_container":"","neve_meta_enable_content_width":"","neve_meta_content_width":0,"neve_meta_title_alignment":"","neve_meta_author_avatar":"","neve_post_elements_order":"","neve_meta_disable_header":"","neve_meta_disable_footer":"","neve_meta_disable_title":""},"product_brand":[],"product_cat":[8773],"product_tag":[7537],"class_list":{"0":"post-21306","1":"product","2":"type-product","3":"status-publish","4":"has-post-thumbnail","6":"product_cat-switches-sobremesa","7":"product_tag-dgs-1210-10p-e","9":"first","10":"instock","11":"taxable","12":"shipping-taxable","13":"purchasable","14":"product-type-simple"},"yoast_head":"<!-- This site is optimized with the Yoast SEO plugin v26.0 - https:\/\/yoast.com\/wordpress\/plugins\/seo\/ -->\n<title>D-Link DGS-1210-10P\/E Switch 8xGB PoE 2xSFP - Aivlisoft Inform\u00e1tica<\/title>\n<meta name=\"robots\" content=\"index, follow, max-snippet:-1, max-image-preview:large, max-video-preview:-1\" \/>\n<link rel=\"canonical\" href=\"https:\/\/aivlisoft.net\/shop\/producto\/d-link-dgs-1210-10p-e-switch-8xgb-poe-2xsfp\/\" \/>\n<meta property=\"og:locale\" content=\"es_ES\" \/>\n<meta property=\"og:type\" content=\"article\" \/>\n<meta property=\"og:title\" content=\"D-Link DGS-1210-10P\/E Switch 8xGB PoE 2xSFP - Aivlisoft Inform\u00e1tica\" \/>\n<meta property=\"og:description\" content=\"&nbsp; Marca D-Link Modelo DGS-1210-10P\/E Puertos 8 puertos RJ-45 10\/100\/1000Mbps PoE + 2 Combo SFP Est&aacute;ndares &#8211; IEEE 802.3 10BASE-T Ethernet (twisted-pair copper) &#8211; IEEE 802.3u 100BASE-TX Fast Ethernet (twisted-pair copper) &#8211; IEEE 802.3ab 1000BASE-T Gigabit Ethernet (twisted-pair copper) &#8211; IEEE 802.3z Gigabit Ethernet (fiber) &#8211; ANSI\/IEEE 802.3 &#8211; Auto-negotiation &#8211; IEEE 802.3x Flow Control&hellip;&nbsp;D-Link DGS-1210-10P\/E Switch 8xGB PoE 2xSFP\" \/>\n<meta property=\"og:url\" content=\"https:\/\/aivlisoft.net\/shop\/producto\/d-link-dgs-1210-10p-e-switch-8xgb-poe-2xsfp\/\" \/>\n<meta property=\"og:site_name\" content=\"Aivlisoft Inform\u00e1tica\" \/>\n<meta property=\"article:modified_time\" content=\"2025-01-14T11:55:27+00:00\" \/>\n<meta property=\"og:image\" content=\"https:\/\/aivlisoft.net\/shop\/wp-content\/uploads\/2025\/01\/NSWSSO0303_800.jpg\" \/>\n\t<meta property=\"og:image:width\" content=\"800\" \/>\n\t<meta property=\"og:image:height\" content=\"800\" \/>\n\t<meta property=\"og:image:type\" content=\"image\/jpeg\" \/>\n<meta name=\"twitter:card\" content=\"summary_large_image\" \/>\n<meta name=\"twitter:label1\" content=\"Tiempo de lectura\" \/>\n\t<meta name=\"twitter:data1\" content=\"1 minuto\" \/>\n<script type=\"application\/ld+json\" class=\"yoast-schema-graph\">{\"@context\":\"https:\/\/schema.org\",\"@graph\":[{\"@type\":\"WebPage\",\"@id\":\"https:\/\/aivlisoft.net\/shop\/producto\/d-link-dgs-1210-10p-e-switch-8xgb-poe-2xsfp\/\",\"url\":\"https:\/\/aivlisoft.net\/shop\/producto\/d-link-dgs-1210-10p-e-switch-8xgb-poe-2xsfp\/\",\"name\":\"D-Link DGS-1210-10P\/E Switch 8xGB PoE 2xSFP - Aivlisoft Inform\u00e1tica\",\"isPartOf\":{\"@id\":\"https:\/\/aivlisoft.net\/shop\/#website\"},\"primaryImageOfPage\":{\"@id\":\"https:\/\/aivlisoft.net\/shop\/producto\/d-link-dgs-1210-10p-e-switch-8xgb-poe-2xsfp\/#primaryimage\"},\"image\":{\"@id\":\"https:\/\/aivlisoft.net\/shop\/producto\/d-link-dgs-1210-10p-e-switch-8xgb-poe-2xsfp\/#primaryimage\"},\"thumbnailUrl\":\"https:\/\/aivlisoft.net\/shop\/wp-content\/uploads\/2025\/01\/NSWSSO0303_800.jpg\",\"datePublished\":\"2025-01-13T15:52:24+00:00\",\"dateModified\":\"2025-01-14T11:55:27+00:00\",\"breadcrumb\":{\"@id\":\"https:\/\/aivlisoft.net\/shop\/producto\/d-link-dgs-1210-10p-e-switch-8xgb-poe-2xsfp\/#breadcrumb\"},\"inLanguage\":\"es\",\"potentialAction\":[{\"@type\":\"ReadAction\",\"target\":[\"https:\/\/aivlisoft.net\/shop\/producto\/d-link-dgs-1210-10p-e-switch-8xgb-poe-2xsfp\/\"]}]},{\"@type\":\"ImageObject\",\"inLanguage\":\"es\",\"@id\":\"https:\/\/aivlisoft.net\/shop\/producto\/d-link-dgs-1210-10p-e-switch-8xgb-poe-2xsfp\/#primaryimage\",\"url\":\"https:\/\/aivlisoft.net\/shop\/wp-content\/uploads\/2025\/01\/NSWSSO0303_800.jpg\",\"contentUrl\":\"https:\/\/aivlisoft.net\/shop\/wp-content\/uploads\/2025\/01\/NSWSSO0303_800.jpg\",\"width\":800,\"height\":800},{\"@type\":\"BreadcrumbList\",\"@id\":\"https:\/\/aivlisoft.net\/shop\/producto\/d-link-dgs-1210-10p-e-switch-8xgb-poe-2xsfp\/#breadcrumb\",\"itemListElement\":[{\"@type\":\"ListItem\",\"position\":1,\"name\":\"Portada\",\"item\":\"https:\/\/aivlisoft.net\/shop\/\"},{\"@type\":\"ListItem\",\"position\":2,\"name\":\"Tienda\",\"item\":\"https:\/\/aivlisoft.net\/shop\/tienda\/\"},{\"@type\":\"ListItem\",\"position\":3,\"name\":\"D-Link DGS-1210-10P\/E Switch 8xGB PoE 2xSFP\"}]},{\"@type\":\"WebSite\",\"@id\":\"https:\/\/aivlisoft.net\/shop\/#website\",\"url\":\"https:\/\/aivlisoft.net\/shop\/\",\"name\":\"Aivlisoft Inform\u00e1tica\",\"description\":\"En Aivlisoft Inform\u00e1tica ofrecemos soluciones tecnol\u00f3gicas para empresas: venta de ordenadores, consumibles, perif\u00e9ricos y m\u00e1s. Calidad, atenci\u00f3n personalizada y los mejores precios para tu negocio.\",\"publisher\":{\"@id\":\"https:\/\/aivlisoft.net\/shop\/#organization\"},\"potentialAction\":[{\"@type\":\"SearchAction\",\"target\":{\"@type\":\"EntryPoint\",\"urlTemplate\":\"https:\/\/aivlisoft.net\/shop\/?s={search_term_string}\"},\"query-input\":{\"@type\":\"PropertyValueSpecification\",\"valueRequired\":true,\"valueName\":\"search_term_string\"}}],\"inLanguage\":\"es\"},{\"@type\":\"Organization\",\"@id\":\"https:\/\/aivlisoft.net\/shop\/#organization\",\"name\":\"Aivlisoft Inform\u00e1tica\",\"url\":\"https:\/\/aivlisoft.net\/shop\/\",\"logo\":{\"@type\":\"ImageObject\",\"inLanguage\":\"es\",\"@id\":\"https:\/\/aivlisoft.net\/shop\/#\/schema\/logo\/image\/\",\"url\":\"https:\/\/aivlisoft.net\/shop\/wp-content\/uploads\/2024\/12\/removal.ai_5b848c54-0cdf-4140-95c5-c5536bb7573b-logodef.png\",\"contentUrl\":\"https:\/\/aivlisoft.net\/shop\/wp-content\/uploads\/2024\/12\/removal.ai_5b848c54-0cdf-4140-95c5-c5536bb7573b-logodef.png\",\"width\":484,\"height\":182,\"caption\":\"Aivlisoft Inform\u00e1tica\"},\"image\":{\"@id\":\"https:\/\/aivlisoft.net\/shop\/#\/schema\/logo\/image\/\"}}]}<\/script>\n<!-- \/ Yoast SEO plugin. -->","yoast_head_json":{"title":"D-Link DGS-1210-10P\/E Switch 8xGB PoE 2xSFP - Aivlisoft Inform\u00e1tica","robots":{"index":"index","follow":"follow","max-snippet":"max-snippet:-1","max-image-preview":"max-image-preview:large","max-video-preview":"max-video-preview:-1"},"canonical":"https:\/\/aivlisoft.net\/shop\/producto\/d-link-dgs-1210-10p-e-switch-8xgb-poe-2xsfp\/","og_locale":"es_ES","og_type":"article","og_title":"D-Link DGS-1210-10P\/E Switch 8xGB PoE 2xSFP - Aivlisoft Inform\u00e1tica","og_description":"&nbsp; Marca D-Link Modelo DGS-1210-10P\/E Puertos 8 puertos RJ-45 10\/100\/1000Mbps PoE + 2 Combo SFP Est&aacute;ndares &#8211; IEEE 802.3 10BASE-T Ethernet (twisted-pair copper) &#8211; IEEE 802.3u 100BASE-TX Fast Ethernet (twisted-pair copper) &#8211; IEEE 802.3ab 1000BASE-T Gigabit Ethernet (twisted-pair copper) &#8211; IEEE 802.3z Gigabit Ethernet (fiber) &#8211; ANSI\/IEEE 802.3 &#8211; Auto-negotiation &#8211; IEEE 802.3x Flow Control&hellip;&nbsp;D-Link DGS-1210-10P\/E Switch 8xGB PoE 2xSFP","og_url":"https:\/\/aivlisoft.net\/shop\/producto\/d-link-dgs-1210-10p-e-switch-8xgb-poe-2xsfp\/","og_site_name":"Aivlisoft Inform\u00e1tica","article_modified_time":"2025-01-14T11:55:27+00:00","og_image":[{"width":800,"height":800,"url":"https:\/\/aivlisoft.net\/shop\/wp-content\/uploads\/2025\/01\/NSWSSO0303_800.jpg","type":"image\/jpeg"}],"twitter_card":"summary_large_image","twitter_misc":{"Tiempo de lectura":"1 minuto"},"schema":{"@context":"https:\/\/schema.org","@graph":[{"@type":"WebPage","@id":"https:\/\/aivlisoft.net\/shop\/producto\/d-link-dgs-1210-10p-e-switch-8xgb-poe-2xsfp\/","url":"https:\/\/aivlisoft.net\/shop\/producto\/d-link-dgs-1210-10p-e-switch-8xgb-poe-2xsfp\/","name":"D-Link DGS-1210-10P\/E Switch 8xGB PoE 2xSFP - Aivlisoft Inform\u00e1tica","isPartOf":{"@id":"https:\/\/aivlisoft.net\/shop\/#website"},"primaryImageOfPage":{"@id":"https:\/\/aivlisoft.net\/shop\/producto\/d-link-dgs-1210-10p-e-switch-8xgb-poe-2xsfp\/#primaryimage"},"image":{"@id":"https:\/\/aivlisoft.net\/shop\/producto\/d-link-dgs-1210-10p-e-switch-8xgb-poe-2xsfp\/#primaryimage"},"thumbnailUrl":"https:\/\/aivlisoft.net\/shop\/wp-content\/uploads\/2025\/01\/NSWSSO0303_800.jpg","datePublished":"2025-01-13T15:52:24+00:00","dateModified":"2025-01-14T11:55:27+00:00","breadcrumb":{"@id":"https:\/\/aivlisoft.net\/shop\/producto\/d-link-dgs-1210-10p-e-switch-8xgb-poe-2xsfp\/#breadcrumb"},"inLanguage":"es","potentialAction":[{"@type":"ReadAction","target":["https:\/\/aivlisoft.net\/shop\/producto\/d-link-dgs-1210-10p-e-switch-8xgb-poe-2xsfp\/"]}]},{"@type":"ImageObject","inLanguage":"es","@id":"https:\/\/aivlisoft.net\/shop\/producto\/d-link-dgs-1210-10p-e-switch-8xgb-poe-2xsfp\/#primaryimage","url":"https:\/\/aivlisoft.net\/shop\/wp-content\/uploads\/2025\/01\/NSWSSO0303_800.jpg","contentUrl":"https:\/\/aivlisoft.net\/shop\/wp-content\/uploads\/2025\/01\/NSWSSO0303_800.jpg","width":800,"height":800},{"@type":"BreadcrumbList","@id":"https:\/\/aivlisoft.net\/shop\/producto\/d-link-dgs-1210-10p-e-switch-8xgb-poe-2xsfp\/#breadcrumb","itemListElement":[{"@type":"ListItem","position":1,"name":"Portada","item":"https:\/\/aivlisoft.net\/shop\/"},{"@type":"ListItem","position":2,"name":"Tienda","item":"https:\/\/aivlisoft.net\/shop\/tienda\/"},{"@type":"ListItem","position":3,"name":"D-Link DGS-1210-10P\/E Switch 8xGB PoE 2xSFP"}]},{"@type":"WebSite","@id":"https:\/\/aivlisoft.net\/shop\/#website","url":"https:\/\/aivlisoft.net\/shop\/","name":"Aivlisoft Inform\u00e1tica","description":"En Aivlisoft Inform\u00e1tica ofrecemos soluciones tecnol\u00f3gicas para empresas: venta de ordenadores, consumibles, perif\u00e9ricos y m\u00e1s. Calidad, atenci\u00f3n personalizada y los mejores precios para tu negocio.","publisher":{"@id":"https:\/\/aivlisoft.net\/shop\/#organization"},"potentialAction":[{"@type":"SearchAction","target":{"@type":"EntryPoint","urlTemplate":"https:\/\/aivlisoft.net\/shop\/?s={search_term_string}"},"query-input":{"@type":"PropertyValueSpecification","valueRequired":true,"valueName":"search_term_string"}}],"inLanguage":"es"},{"@type":"Organization","@id":"https:\/\/aivlisoft.net\/shop\/#organization","name":"Aivlisoft Inform\u00e1tica","url":"https:\/\/aivlisoft.net\/shop\/","logo":{"@type":"ImageObject","inLanguage":"es","@id":"https:\/\/aivlisoft.net\/shop\/#\/schema\/logo\/image\/","url":"https:\/\/aivlisoft.net\/shop\/wp-content\/uploads\/2024\/12\/removal.ai_5b848c54-0cdf-4140-95c5-c5536bb7573b-logodef.png","contentUrl":"https:\/\/aivlisoft.net\/shop\/wp-content\/uploads\/2024\/12\/removal.ai_5b848c54-0cdf-4140-95c5-c5536bb7573b-logodef.png","width":484,"height":182,"caption":"Aivlisoft Inform\u00e1tica"},"image":{"@id":"https:\/\/aivlisoft.net\/shop\/#\/schema\/logo\/image\/"}}]}},"_links":{"self":[{"href":"https:\/\/aivlisoft.net\/shop\/wp-json\/wp\/v2\/product\/21306","targetHints":{"allow":["GET"]}}],"collection":[{"href":"https:\/\/aivlisoft.net\/shop\/wp-json\/wp\/v2\/product"}],"about":[{"href":"https:\/\/aivlisoft.net\/shop\/wp-json\/wp\/v2\/types\/product"}],"wp:featuredmedia":[{"embeddable":true,"href":"https:\/\/aivlisoft.net\/shop\/wp-json\/wp\/v2\/media\/21307"}],"wp:attachment":[{"href":"https:\/\/aivlisoft.net\/shop\/wp-json\/wp\/v2\/media?parent=21306"}],"wp:term":[{"taxonomy":"product_brand","embeddable":true,"href":"https:\/\/aivlisoft.net\/shop\/wp-json\/wp\/v2\/product_brand?post=21306"},{"taxonomy":"product_cat","embeddable":true,"href":"https:\/\/aivlisoft.net\/shop\/wp-json\/wp\/v2\/product_cat?post=21306"},{"taxonomy":"product_tag","embeddable":true,"href":"https:\/\/aivlisoft.net\/shop\/wp-json\/wp\/v2\/product_tag?post=21306"}],"curies":[{"name":"wp","href":"https:\/\/api.w.org\/{rel}","templated":true}]}}