{"id":21301,"date":"2025-01-13T15:52:21","date_gmt":"2025-01-13T15:52:21","guid":{"rendered":"https:\/\/aivlisoft.com\/?post_type=product&#038;p=21301"},"modified":"2025-01-14T11:55:25","modified_gmt":"2025-01-14T11:55:25","slug":"d-link-dgs-1210-10-e-switch-8xgb-2xsfp","status":"publish","type":"product","link":"https:\/\/aivlisoft.net\/shop\/producto\/d-link-dgs-1210-10-e-switch-8xgb-2xsfp\/","title":{"rendered":"D-Link DGS-1210-10\/E Switch 8xGB 2xSFP"},"content":{"rendered":"<p>&nbsp;<\/p>\n<table class=\"tabla_caracteristicas\" width=\"100%\">\n<tr>\n<td><strong>Marca<\/strong><\/td>\n<td>D-Link<\/td>\n<\/tr>\n<tr>\n<td><strong>Modelo<\/strong><\/td>\n<td><strong>DGS-1210-10\/E<\/strong><\/td>\n<\/tr>\n<tr>\n<td><strong>Caracteristicas<\/strong><\/td>\n<td><strong>Tecnolog&iacute;a verde<\/strong><br \/>\t\t\t&#8211; Ahorro de energ&iacute;a a trav&eacute;s de las siguientes caracter&iacute;sticas:<br \/>\t\t\t&nbsp; Detecci&oacute;n de estado de enlace<br \/>\t\t\t&nbsp; Apagado del LED<br \/>\t\t\t&nbsp; Cierre del puerto<br \/>\t\t\t&nbsp; Hibernaci&oacute;n del sistema<br \/>\t\t\t&nbsp; PoE basado en el tiempo<br \/>\t\t\t<strong>Caracter&iacute;sticas de seguridad<\/strong><br \/>\t\t\t&#8211; La lista de control de acceso protege la red<br \/>\t\t\t&#8211; El motor Safeguard de D-Link protege la CPU de inundaciones \/ multidifusi&oacute;n \/ inundaciones de unidifusi&oacute;n<br \/>\t\t\t&#8211; Port Security admite 64 MAC por puerto<br \/>\t\t\t&#8211; Prevenci&oacute;n de suplantaci&oacute;n de ARP<br \/>\t\t\t&#8211; Encuadernaci&oacute;n inteligente<br \/>\t\t\t<strong>Manejo intuitivo<\/strong><br \/>\t\t\t&#8211; Utilidad D-Link Network Assistant o GUI basada en web<br \/>\t\t\t&#8211; MIB de SNMP incorporado para NMS remoto (D-View 6.0)<br \/>\t\t\t&#8211; CLI compacto a trav&eacute;s de Telnet<br \/>\t\t\t<strong>Caracter&iacute;sticas avanzadas<\/strong><br \/>\t\t\t&#8211; Modo de vigilancia<br \/>\t\t\t&#8211; VLAN de voz autom&aacute;tica<br \/>\t\t\t<strong>Interfaz<\/strong><br \/>\t\t\t&#8211; N&uacute;mero de puertos 10\/100 \/ 1000BASE-TX: 8 puertos<br \/>\t\t\t&#8211; Cantidad de puertos SFP: 2 puertos<br \/>\t\t\t&#8211; Modelos compatibles con PoE (Est&aacute;ndar (s) \/ N&uacute;mero de puertos \/ Presupuesto de potencia m&aacute;xima): 802.3af \/ 802.3at \/ 8 puertos \/ 78W<br \/>\t\t\t<strong>Actuaci&oacute;n<\/strong><br \/>\t\t\t&#8211; Capacidad del interruptor: 20 Gbps<br \/>\t\t\t&#8211; Velocidad de reenv&iacute;o de paquete de 64 bytes: 14.88 Mpps<br \/>\t\t\t&#8211; Tama&ntilde;o de la tabla de direcciones MAC: 16K (excepto DGS-1210-26, que admite 8K)<br \/>\t\t\t&#8211; B&uacute;fer de paquetes: 1.5 MB por dispositivo<br \/>\t\t\t&#8211; Cuadro gigante: hasta 9.216 bytes<br \/>\t\t\t<strong>F&iacute;sico y ambiental<\/strong><br \/>\t\t\t&#8211; Consumo de energ&iacute;a (en espera \/ m&aacute;ximo): 9.4 W \/ 13.59 W<br \/>\t\t\t&#8211; Entrada de energ&iacute;a: 10 a 240 VCA, fuente de alimentaci&oacute;n universal interna 50 \/ 60HZ<br \/>\t\t\t&#8211; Dimensiones (ancho x fondo x alto): 280 x 126 x 44 mm<br \/>\t\t\t&#8211; Peso: 1,54 kg<br \/>\t\t\t&#8211; Ventilaci&oacute;n: faneless<br \/>\t\t\t&#8211; Disipaci&oacute;n de calor: 46.37 BTU por hora<br \/>\t\t\t&#8211; Temperatura:<br \/>\t\t\t&nbsp; Funcionamiento: -5 &deg; a 50 &deg; C (23 &deg; a 112 &deg; F)<br \/>\t\t\t&nbsp; Almacenamiento: -20 &deg; a 70 &deg; C (-4 &deg; a 158 &deg; F)<br \/>\t\t\t&#8211; Humedad:<br \/>\t\t\t&nbsp; Funcionamiento: 0% ~ 95% sin condensaci&oacute;n<br \/>\t\t\t&nbsp; Almacenamiento: 0% ~ 95% sin condensaci&oacute;n<br \/>\t\t\t&#8211; Certificaci&oacute;n: CE Clase A, VCCI Clase A, FCC Clase A, cUL, CE (LVD), BSMI, CCC, C-Tick<br \/>\t\t\t<strong>Caracter&iacute;stica del software<\/strong><br \/>\t\t\t&#8211; Caracter&iacute;sticas de L2: Tabla de direcciones MAC: entradas de 16K<br \/>\t\t\t&#8211; IGMP Snooping:<br \/>\t\t\t&nbsp; IGMP v1 \/ v2 Snooping<br \/>\t\t\t&nbsp; Admite 256 grupos IGMP<br \/>\t\t\t&nbsp; Admite al menos 64 direcciones est&aacute;ticas de multidifusi&oacute;n<br \/>\t\t\t&nbsp; IGMP por VLAN<br \/>\t\t\t&nbsp; Compatible con IGMP Snooping Querier<br \/>\t\t\t&#8211; Detecci&oacute;n de bucle invertido<br \/>\t\t\t&#8211; Agregaci&oacute;n de enlaces 802.3ad: M&aacute;ximo de 5 grupos \/ 8 puertos por grupo<br \/>\t\t\t&#8211; LLDP<br \/>\t\t\t&#8211; LLDP-MED<br \/>\t\t\t&#8211; Marco Jumbo: hasta 9.216 bytes<br \/>\t\t\t&#8211; Protocolo Spanning Tree:<br \/>\t\t\t&nbsp; 802.1D STP<br \/>\t\t\t&nbsp; 802.1W RSTP<br \/>\t\t\t&nbsp; 802.1s MSTP (solo para DGS-1210-28MP)<br \/>\t\t\t&#8211; Control de flujo:<br \/>\t\t\t&nbsp; Control de flujo 802.3x<br \/>\t\t\t&nbsp; Prevenci&oacute;n de bloqueo HOL<br \/>\t\t\t&#8211; Duplicaci&oacute;n de puertos:<br \/>\t\t\t&nbsp; Doce y cincuenta y nueve de la noche<br \/>\t\t\t&nbsp; Muchos-a-Uno<br \/>\t\t\t&nbsp; Admite Mirroring para Tx \/ Rx \/ Both<br \/>\t\t\t&#8211; Filtrado de multidifusi&oacute;n:<br \/>\t\t\t&nbsp; Reenv&iacute;a todos los grupos no registrados<br \/>\t\t\t&nbsp; Filtra todos los grupos no registrados<br \/>\t\t\t&#8211; MDI \/ MDIX configurable: MLD snooping v1 \/ v2 (256 grupos)<br \/>\t\t\t<strong>VLAN<\/strong><br \/>\t\t\t&#8211; 802.1Q<br \/>\t\t\t&#8211; Grupo VLAN: M&aacute;x. 256 grupos de VLAN est&aacute;ticos<br \/>\t\t\t&#8211; VID configurable desde 1 &#8211; 4094<br \/>\t\t\t&#8211; VLAN asim&eacute;trica<br \/>\t\t\t&#8211; VLAN de voz autom&aacute;tica:<br \/>\t\t\t&nbsp; Max. 10 OUI definidos por el usuario<br \/>\t\t\t&nbsp; Max. 8 OUI por defecto<br \/>\t\t\t&#8211; Auto VLAN de vigilancia<br \/>\t\t\t<strong>Calidad de servicio (QoS)<\/strong><br \/>\t\t\t&#8211; 802.1p Calidad de servicio<br \/>\t\t\t&#8211; 8 colas por puerto<br \/>\t\t\t&#8211; Manejo de colas:<br \/>\t\t\t&nbsp; Estricto<br \/>\t\t\t&nbsp; Weighted Round Robin (WRR)<br \/>\t\t\t&#8211; Control de ancho de banda: basado en puerto (entrada \/ salida, min granularidad 10\/100\/1000 es 64 Kbps)<br \/>\t\t\t&#8211; QoS basado en:<br \/>\t\t\t&nbsp; Colas de prioridad 802.1p<br \/>\t\t\t&nbsp; DSCP<br \/>\t\t\t&nbsp; Direcci&oacute;n MAC1<br \/>\t\t\t&nbsp; EtherType1<br \/>\t\t\t&nbsp; Direcci&oacute;n IP1<br \/>\t\t\t&nbsp; Tipo de protocolo1<br \/>\t\t\t&nbsp; ToS<br \/>\t\t\t&nbsp; Preferencia de IP1<br \/>\t\t\t&nbsp; Clase de tr&aacute;fico IPv6<br \/>\t\t\t&nbsp; Puerto TCP \/ UDP<br \/>\t\t\t<strong>Caracter&iacute;sticas de L3<\/strong><br \/>\t\t\t&#8211; Interfaz IP: Admite 1 interfaz<br \/>\t\t\t<strong>Lista de control de acceso (ACL)<\/strong><br \/>\t\t\t&#8211; Max. 50 lista de acceso<br \/>\t\t\t&#8211; Max. 768 reglas compartidas por IPv4, MAC e IPv6<br \/>\t\t\t&#8211; Cada regla solo puede asociarse con un solo puerto<br \/>\t\t\t&#8211; ACL basado en:<br \/>\t\t\t&nbsp; Direcci&oacute;n MAC<br \/>\t\t\t&nbsp; M&aacute;scara de prioridad 802.1p<br \/>\t\t\t&nbsp; M&aacute;scara VID<br \/>\t\t\t&nbsp; M&aacute;scara de direcci&oacute;n MAC de origen \/ destino<br \/>\t\t\t&nbsp; M&aacute;scara EtherType<br \/>\t\t\t&#8211; Direcci&oacute;n IP:<br \/>\t\t\t&nbsp; M&aacute;scara de direcci&oacute;n IP de origen \/ destino<br \/>\t\t\t&nbsp; M&aacute;scara DSCP<br \/>\t\t\t&nbsp; M&aacute;scara de tipo de protocolo<br \/>\t\t\t&nbsp; M&aacute;scara de n&uacute;mero de puerto TCP \/ UDP<br \/>\t\t\t&#8211; Direcci&oacute;n IPv6:<br \/>\t\t\t&nbsp; M&aacute;scara de direcci&oacute;n IP de origen \/ destino<br \/>\t\t\t&nbsp; M&aacute;scara DSCP<br \/>\t\t\t&nbsp; M&aacute;scara de tipo de protocolo<br \/>\t\t\t&nbsp; M&aacute;scara de n&uacute;mero de puerto TCP \/ UDP<br \/>\t\t\t&nbsp; M&aacute;scara de clase de tr&aacute;fico IPv6<br \/>\t\t\t<strong>Seguridad<\/strong><br \/>\t\t\t&#8211; Control de tormenta de difusi&oacute;n \/ multidifusi&oacute;n \/ unidifusi&oacute;n<br \/>\t\t\t&#8211; Motor de seguridad D-Link<br \/>\t\t\t&#8211; Detecci&oacute;n del servidor DHCP<br \/>\t\t\t&#8211; IP-MAC-Port Binding (enlace inteligente):<br \/>\t\t\t&nbsp; Admite 512 entradas de enlace de direcciones<br \/>\t\t\t&nbsp; Inspecci&oacute;n ARP<br \/>\t\t\t&nbsp; Inspecci&oacute;n ARP + IP<br \/>\t\t\t&nbsp; Admite DHCP Snooping<br \/>\t\t\t&#8211; Control de acceso basado en el puerto 802.1X<br \/>\t\t\t&#8211; Prevenci&oacute;n de ataque DoS1<br \/>\t\t\t&#8211; Prevenci&oacute;n de suplantaci&oacute;n de ARP: m&aacute;x. 64 entradas<br \/>\t\t\t&#8211; Segmentaci&oacute;n del tr&aacute;fico<br \/>\t\t\t&#8211; SSH v2<br \/>\t\t\t&#8211; SSL: admite v1 \/ v2 \/ v3<br \/>\t\t\t&#8211; TLS v1.0<br \/>\t\t\t&#8211; Seguridad portuaria<br \/>\t\t\t&#8211; Admite hasta 64 direcciones MAC por puerto<br \/>\t\t\t&#8211; Detecci&oacute;n de direcci&oacute;n duplicada<br \/>\t\t\t<strong>AAA<\/strong><br \/>\t\t\t&#8211; Autenticaci&oacute;n 802.1X:<br \/>\t\t\t&nbsp; Admite la base de datos local \/ RADIUS<br \/>\t\t\t&nbsp; Admite control de acceso basado en puertos<br \/>\t\t\t&nbsp; Admite EAP, OTP, TLS, TTLS, PEAP<br \/>\t\t\t&#8211; Servidor IPv6 RADIUS<br \/>\t\t\t&#8211; Admite la autenticaci&oacute;n MD5<\/td>\n<\/tr>\n<tr>\n<td><strong>Fecha de revisi&oacute;n<\/strong><\/td>\n<td>13-06-2022 por MPM<\/td>\n<\/tr>\n<\/table>\n","protected":false},"excerpt":{"rendered":"<p>&nbsp; Marca D-Link Modelo DGS-1210-10\/E Caracteristicas Tecnolog&iacute;a verde &#8211; Ahorro de energ&iacute;a a trav&eacute;s de las siguientes caracter&iacute;sticas: &nbsp; Detecci&oacute;n de estado de enlace &nbsp; Apagado del LED &nbsp; Cierre del puerto &nbsp; Hibernaci&oacute;n del sistema &nbsp; PoE basado en el tiempo Caracter&iacute;sticas de seguridad &#8211; La lista de control de acceso protege la red&hellip;&nbsp;<a href=\"https:\/\/aivlisoft.net\/shop\/producto\/d-link-dgs-1210-10-e-switch-8xgb-2xsfp\/\" rel=\"bookmark\"><span class=\"screen-reader-text\">D-Link DGS-1210-10\/E Switch 8xGB 2xSFP<\/span><\/a><\/p>\n","protected":false},"featured_media":21302,"template":"","meta":{"neve_meta_sidebar":"","neve_meta_container":"","neve_meta_enable_content_width":"","neve_meta_content_width":0,"neve_meta_title_alignment":"","neve_meta_author_avatar":"","neve_post_elements_order":"","neve_meta_disable_header":"","neve_meta_disable_footer":"","neve_meta_disable_title":""},"product_brand":[],"product_cat":[8773],"product_tag":[7535],"class_list":{"0":"post-21301","1":"product","2":"type-product","3":"status-publish","4":"has-post-thumbnail","6":"product_cat-switches-sobremesa","7":"product_tag-dgs-1210-10-e","9":"first","10":"instock","11":"taxable","12":"shipping-taxable","13":"purchasable","14":"product-type-simple"},"yoast_head":"<!-- This site is optimized with the Yoast SEO plugin v26.0 - https:\/\/yoast.com\/wordpress\/plugins\/seo\/ -->\n<title>D-Link DGS-1210-10\/E Switch 8xGB 2xSFP - Aivlisoft Inform\u00e1tica<\/title>\n<meta name=\"robots\" content=\"index, follow, max-snippet:-1, max-image-preview:large, max-video-preview:-1\" \/>\n<link rel=\"canonical\" href=\"https:\/\/aivlisoft.net\/shop\/producto\/d-link-dgs-1210-10-e-switch-8xgb-2xsfp\/\" \/>\n<meta property=\"og:locale\" content=\"es_ES\" \/>\n<meta property=\"og:type\" content=\"article\" \/>\n<meta property=\"og:title\" content=\"D-Link DGS-1210-10\/E Switch 8xGB 2xSFP - Aivlisoft Inform\u00e1tica\" \/>\n<meta property=\"og:description\" content=\"&nbsp; Marca D-Link Modelo DGS-1210-10\/E Caracteristicas Tecnolog&iacute;a verde &#8211; Ahorro de energ&iacute;a a trav&eacute;s de las siguientes caracter&iacute;sticas: &nbsp; Detecci&oacute;n de estado de enlace &nbsp; Apagado del LED &nbsp; Cierre del puerto &nbsp; Hibernaci&oacute;n del sistema &nbsp; PoE basado en el tiempo Caracter&iacute;sticas de seguridad &#8211; La lista de control de acceso protege la red&hellip;&nbsp;D-Link DGS-1210-10\/E Switch 8xGB 2xSFP\" \/>\n<meta property=\"og:url\" content=\"https:\/\/aivlisoft.net\/shop\/producto\/d-link-dgs-1210-10-e-switch-8xgb-2xsfp\/\" \/>\n<meta property=\"og:site_name\" content=\"Aivlisoft Inform\u00e1tica\" \/>\n<meta property=\"article:modified_time\" content=\"2025-01-14T11:55:25+00:00\" \/>\n<meta property=\"og:image\" content=\"https:\/\/aivlisoft.net\/shop\/wp-content\/uploads\/2025\/01\/NSWSSO0301_800.jpg\" \/>\n\t<meta property=\"og:image:width\" content=\"800\" \/>\n\t<meta property=\"og:image:height\" content=\"800\" \/>\n\t<meta property=\"og:image:type\" content=\"image\/jpeg\" \/>\n<meta name=\"twitter:card\" content=\"summary_large_image\" \/>\n<meta name=\"twitter:label1\" content=\"Tiempo de lectura\" \/>\n\t<meta name=\"twitter:data1\" content=\"5 minutos\" \/>\n<script type=\"application\/ld+json\" class=\"yoast-schema-graph\">{\"@context\":\"https:\/\/schema.org\",\"@graph\":[{\"@type\":\"WebPage\",\"@id\":\"https:\/\/aivlisoft.net\/shop\/producto\/d-link-dgs-1210-10-e-switch-8xgb-2xsfp\/\",\"url\":\"https:\/\/aivlisoft.net\/shop\/producto\/d-link-dgs-1210-10-e-switch-8xgb-2xsfp\/\",\"name\":\"D-Link DGS-1210-10\/E Switch 8xGB 2xSFP - Aivlisoft Inform\u00e1tica\",\"isPartOf\":{\"@id\":\"https:\/\/aivlisoft.net\/shop\/#website\"},\"primaryImageOfPage\":{\"@id\":\"https:\/\/aivlisoft.net\/shop\/producto\/d-link-dgs-1210-10-e-switch-8xgb-2xsfp\/#primaryimage\"},\"image\":{\"@id\":\"https:\/\/aivlisoft.net\/shop\/producto\/d-link-dgs-1210-10-e-switch-8xgb-2xsfp\/#primaryimage\"},\"thumbnailUrl\":\"https:\/\/aivlisoft.net\/shop\/wp-content\/uploads\/2025\/01\/NSWSSO0301_800.jpg\",\"datePublished\":\"2025-01-13T15:52:21+00:00\",\"dateModified\":\"2025-01-14T11:55:25+00:00\",\"breadcrumb\":{\"@id\":\"https:\/\/aivlisoft.net\/shop\/producto\/d-link-dgs-1210-10-e-switch-8xgb-2xsfp\/#breadcrumb\"},\"inLanguage\":\"es\",\"potentialAction\":[{\"@type\":\"ReadAction\",\"target\":[\"https:\/\/aivlisoft.net\/shop\/producto\/d-link-dgs-1210-10-e-switch-8xgb-2xsfp\/\"]}]},{\"@type\":\"ImageObject\",\"inLanguage\":\"es\",\"@id\":\"https:\/\/aivlisoft.net\/shop\/producto\/d-link-dgs-1210-10-e-switch-8xgb-2xsfp\/#primaryimage\",\"url\":\"https:\/\/aivlisoft.net\/shop\/wp-content\/uploads\/2025\/01\/NSWSSO0301_800.jpg\",\"contentUrl\":\"https:\/\/aivlisoft.net\/shop\/wp-content\/uploads\/2025\/01\/NSWSSO0301_800.jpg\",\"width\":800,\"height\":800},{\"@type\":\"BreadcrumbList\",\"@id\":\"https:\/\/aivlisoft.net\/shop\/producto\/d-link-dgs-1210-10-e-switch-8xgb-2xsfp\/#breadcrumb\",\"itemListElement\":[{\"@type\":\"ListItem\",\"position\":1,\"name\":\"Portada\",\"item\":\"https:\/\/aivlisoft.net\/shop\/\"},{\"@type\":\"ListItem\",\"position\":2,\"name\":\"Tienda\",\"item\":\"https:\/\/aivlisoft.net\/shop\/tienda\/\"},{\"@type\":\"ListItem\",\"position\":3,\"name\":\"D-Link DGS-1210-10\/E Switch 8xGB 2xSFP\"}]},{\"@type\":\"WebSite\",\"@id\":\"https:\/\/aivlisoft.net\/shop\/#website\",\"url\":\"https:\/\/aivlisoft.net\/shop\/\",\"name\":\"Aivlisoft Inform\u00e1tica\",\"description\":\"En Aivlisoft Inform\u00e1tica ofrecemos soluciones tecnol\u00f3gicas para empresas: venta de ordenadores, consumibles, perif\u00e9ricos y m\u00e1s. Calidad, atenci\u00f3n personalizada y los mejores precios para tu negocio.\",\"publisher\":{\"@id\":\"https:\/\/aivlisoft.net\/shop\/#organization\"},\"potentialAction\":[{\"@type\":\"SearchAction\",\"target\":{\"@type\":\"EntryPoint\",\"urlTemplate\":\"https:\/\/aivlisoft.net\/shop\/?s={search_term_string}\"},\"query-input\":{\"@type\":\"PropertyValueSpecification\",\"valueRequired\":true,\"valueName\":\"search_term_string\"}}],\"inLanguage\":\"es\"},{\"@type\":\"Organization\",\"@id\":\"https:\/\/aivlisoft.net\/shop\/#organization\",\"name\":\"Aivlisoft Inform\u00e1tica\",\"url\":\"https:\/\/aivlisoft.net\/shop\/\",\"logo\":{\"@type\":\"ImageObject\",\"inLanguage\":\"es\",\"@id\":\"https:\/\/aivlisoft.net\/shop\/#\/schema\/logo\/image\/\",\"url\":\"https:\/\/aivlisoft.net\/shop\/wp-content\/uploads\/2024\/12\/removal.ai_5b848c54-0cdf-4140-95c5-c5536bb7573b-logodef.png\",\"contentUrl\":\"https:\/\/aivlisoft.net\/shop\/wp-content\/uploads\/2024\/12\/removal.ai_5b848c54-0cdf-4140-95c5-c5536bb7573b-logodef.png\",\"width\":484,\"height\":182,\"caption\":\"Aivlisoft Inform\u00e1tica\"},\"image\":{\"@id\":\"https:\/\/aivlisoft.net\/shop\/#\/schema\/logo\/image\/\"}}]}<\/script>\n<!-- \/ Yoast SEO plugin. -->","yoast_head_json":{"title":"D-Link DGS-1210-10\/E Switch 8xGB 2xSFP - Aivlisoft Inform\u00e1tica","robots":{"index":"index","follow":"follow","max-snippet":"max-snippet:-1","max-image-preview":"max-image-preview:large","max-video-preview":"max-video-preview:-1"},"canonical":"https:\/\/aivlisoft.net\/shop\/producto\/d-link-dgs-1210-10-e-switch-8xgb-2xsfp\/","og_locale":"es_ES","og_type":"article","og_title":"D-Link DGS-1210-10\/E Switch 8xGB 2xSFP - Aivlisoft Inform\u00e1tica","og_description":"&nbsp; Marca D-Link Modelo DGS-1210-10\/E Caracteristicas Tecnolog&iacute;a verde &#8211; Ahorro de energ&iacute;a a trav&eacute;s de las siguientes caracter&iacute;sticas: &nbsp; Detecci&oacute;n de estado de enlace &nbsp; Apagado del LED &nbsp; Cierre del puerto &nbsp; Hibernaci&oacute;n del sistema &nbsp; PoE basado en el tiempo Caracter&iacute;sticas de seguridad &#8211; La lista de control de acceso protege la red&hellip;&nbsp;D-Link DGS-1210-10\/E Switch 8xGB 2xSFP","og_url":"https:\/\/aivlisoft.net\/shop\/producto\/d-link-dgs-1210-10-e-switch-8xgb-2xsfp\/","og_site_name":"Aivlisoft Inform\u00e1tica","article_modified_time":"2025-01-14T11:55:25+00:00","og_image":[{"width":800,"height":800,"url":"https:\/\/aivlisoft.net\/shop\/wp-content\/uploads\/2025\/01\/NSWSSO0301_800.jpg","type":"image\/jpeg"}],"twitter_card":"summary_large_image","twitter_misc":{"Tiempo de lectura":"5 minutos"},"schema":{"@context":"https:\/\/schema.org","@graph":[{"@type":"WebPage","@id":"https:\/\/aivlisoft.net\/shop\/producto\/d-link-dgs-1210-10-e-switch-8xgb-2xsfp\/","url":"https:\/\/aivlisoft.net\/shop\/producto\/d-link-dgs-1210-10-e-switch-8xgb-2xsfp\/","name":"D-Link DGS-1210-10\/E Switch 8xGB 2xSFP - Aivlisoft Inform\u00e1tica","isPartOf":{"@id":"https:\/\/aivlisoft.net\/shop\/#website"},"primaryImageOfPage":{"@id":"https:\/\/aivlisoft.net\/shop\/producto\/d-link-dgs-1210-10-e-switch-8xgb-2xsfp\/#primaryimage"},"image":{"@id":"https:\/\/aivlisoft.net\/shop\/producto\/d-link-dgs-1210-10-e-switch-8xgb-2xsfp\/#primaryimage"},"thumbnailUrl":"https:\/\/aivlisoft.net\/shop\/wp-content\/uploads\/2025\/01\/NSWSSO0301_800.jpg","datePublished":"2025-01-13T15:52:21+00:00","dateModified":"2025-01-14T11:55:25+00:00","breadcrumb":{"@id":"https:\/\/aivlisoft.net\/shop\/producto\/d-link-dgs-1210-10-e-switch-8xgb-2xsfp\/#breadcrumb"},"inLanguage":"es","potentialAction":[{"@type":"ReadAction","target":["https:\/\/aivlisoft.net\/shop\/producto\/d-link-dgs-1210-10-e-switch-8xgb-2xsfp\/"]}]},{"@type":"ImageObject","inLanguage":"es","@id":"https:\/\/aivlisoft.net\/shop\/producto\/d-link-dgs-1210-10-e-switch-8xgb-2xsfp\/#primaryimage","url":"https:\/\/aivlisoft.net\/shop\/wp-content\/uploads\/2025\/01\/NSWSSO0301_800.jpg","contentUrl":"https:\/\/aivlisoft.net\/shop\/wp-content\/uploads\/2025\/01\/NSWSSO0301_800.jpg","width":800,"height":800},{"@type":"BreadcrumbList","@id":"https:\/\/aivlisoft.net\/shop\/producto\/d-link-dgs-1210-10-e-switch-8xgb-2xsfp\/#breadcrumb","itemListElement":[{"@type":"ListItem","position":1,"name":"Portada","item":"https:\/\/aivlisoft.net\/shop\/"},{"@type":"ListItem","position":2,"name":"Tienda","item":"https:\/\/aivlisoft.net\/shop\/tienda\/"},{"@type":"ListItem","position":3,"name":"D-Link DGS-1210-10\/E Switch 8xGB 2xSFP"}]},{"@type":"WebSite","@id":"https:\/\/aivlisoft.net\/shop\/#website","url":"https:\/\/aivlisoft.net\/shop\/","name":"Aivlisoft Inform\u00e1tica","description":"En Aivlisoft Inform\u00e1tica ofrecemos soluciones tecnol\u00f3gicas para empresas: venta de ordenadores, consumibles, perif\u00e9ricos y m\u00e1s. Calidad, atenci\u00f3n personalizada y los mejores precios para tu negocio.","publisher":{"@id":"https:\/\/aivlisoft.net\/shop\/#organization"},"potentialAction":[{"@type":"SearchAction","target":{"@type":"EntryPoint","urlTemplate":"https:\/\/aivlisoft.net\/shop\/?s={search_term_string}"},"query-input":{"@type":"PropertyValueSpecification","valueRequired":true,"valueName":"search_term_string"}}],"inLanguage":"es"},{"@type":"Organization","@id":"https:\/\/aivlisoft.net\/shop\/#organization","name":"Aivlisoft Inform\u00e1tica","url":"https:\/\/aivlisoft.net\/shop\/","logo":{"@type":"ImageObject","inLanguage":"es","@id":"https:\/\/aivlisoft.net\/shop\/#\/schema\/logo\/image\/","url":"https:\/\/aivlisoft.net\/shop\/wp-content\/uploads\/2024\/12\/removal.ai_5b848c54-0cdf-4140-95c5-c5536bb7573b-logodef.png","contentUrl":"https:\/\/aivlisoft.net\/shop\/wp-content\/uploads\/2024\/12\/removal.ai_5b848c54-0cdf-4140-95c5-c5536bb7573b-logodef.png","width":484,"height":182,"caption":"Aivlisoft Inform\u00e1tica"},"image":{"@id":"https:\/\/aivlisoft.net\/shop\/#\/schema\/logo\/image\/"}}]}},"_links":{"self":[{"href":"https:\/\/aivlisoft.net\/shop\/wp-json\/wp\/v2\/product\/21301","targetHints":{"allow":["GET"]}}],"collection":[{"href":"https:\/\/aivlisoft.net\/shop\/wp-json\/wp\/v2\/product"}],"about":[{"href":"https:\/\/aivlisoft.net\/shop\/wp-json\/wp\/v2\/types\/product"}],"wp:featuredmedia":[{"embeddable":true,"href":"https:\/\/aivlisoft.net\/shop\/wp-json\/wp\/v2\/media\/21302"}],"wp:attachment":[{"href":"https:\/\/aivlisoft.net\/shop\/wp-json\/wp\/v2\/media?parent=21301"}],"wp:term":[{"taxonomy":"product_brand","embeddable":true,"href":"https:\/\/aivlisoft.net\/shop\/wp-json\/wp\/v2\/product_brand?post=21301"},{"taxonomy":"product_cat","embeddable":true,"href":"https:\/\/aivlisoft.net\/shop\/wp-json\/wp\/v2\/product_cat?post=21301"},{"taxonomy":"product_tag","embeddable":true,"href":"https:\/\/aivlisoft.net\/shop\/wp-json\/wp\/v2\/product_tag?post=21301"}],"curies":[{"name":"wp","href":"https:\/\/api.w.org\/{rel}","templated":true}]}}