{"id":21295,"date":"2025-01-13T15:52:18","date_gmt":"2025-01-13T15:52:18","guid":{"rendered":"https:\/\/aivlisoft.com\/?post_type=product&#038;p=21295"},"modified":"2025-01-14T11:55:24","modified_gmt":"2025-01-14T11:55:24","slug":"mikrotik-crs309-1g-8sin-switch-1xgbe-8xsfp","status":"publish","type":"product","link":"https:\/\/aivlisoft.net\/shop\/producto\/mikrotik-crs309-1g-8sin-switch-1xgbe-8xsfp\/","title":{"rendered":"MikroTik CRS309-1G-8S+IN Switch 1xGbE 8xSFP+"},"content":{"rendered":"<p>&nbsp;<\/p>\n<table class=\"tabla_caracteristicas\" width=\"100%\">\n<tr>\n<td><strong>Marca<\/strong><\/td>\n<td>Mikrotik<\/td>\n<\/tr>\n<tr>\n<td valign=\"top\"><strong>Modelo<\/strong><\/td>\n<td><strong>CRS309-1G-8S+IN<\/strong><\/td>\n<\/tr>\n<tr>\n<td valign=\"top\"><strong>Especificaciones<\/strong><\/td>\n<td>\n<div>&#8211; CPU: Doble n&uacute;cleo 98DX8208 800 MHz<br \/>\t\t\t&#8211; RAM: 512 MB<br \/>\t\t\t&#8211; Memoria Flash: 16 MB<br \/>\t\t\t&#8211; Modelo de chip de interruptor: 98DX8208<br \/>\t\t\t&#8211; Dimensiones: 272 x 191 x 44 mm<br \/>\t\t\t&#8211; Temperatura de funcionamiento: -40&deg;C +70&deg;C probado<br \/>\t\t\t&#8211; Sistema operativo: SwOS \/ RouterOS (arranque dual)<br \/>\t\t\t&#8211; Nivel de licencia: 5<\/div>\n<\/td>\n<\/tr>\n<tr>\n<td valign=\"top\">\n<div><strong>Interfaces<\/strong><\/div>\n<\/td>\n<td>\n<div>&#8211; 1 x 10\/100\/1000 Ethernet<br \/>\t\t\t&#8211; 8 x 10G SFP+<br \/>\t\t\t&#8211; Serial port RS232<\/div>\n<\/td>\n<\/tr>\n<tr>\n<td valign=\"top\"><strong>Otras caracter&iacute;sticas<\/strong><\/td>\n<td><strong>Alimentaci&oacute;n<\/strong><br \/>\t\t\t&#8211; PoE en s&iacute;, POE pasivo y compatible con 802.3af\/at<br \/>\t\t\t&#8211; Voltaje de entrada admitido 12 &#8211; 57 V (toma de CC), 18 &#8211; 57 V (entrada PoE)<br \/>\t\t\t&#8211; N&uacute;mero de tomas de CC 1<br \/>\t\t\t&#8211; Consumo m&aacute;ximo de energ&iacute;a 23 W \/ 17 W (sin accesorios)<br \/>\t\t\t<strong>Contiene<\/strong><br \/>\t\t\t&#8211; Adaptador de corriente 24 V 1,2 A<br \/>\t\t\t&#8211; Juego de tornillos<br \/>\t\t\t&#8211; Orejas de estante<\/td>\n<\/tr>\n<tr>\n<td><strong>Fecha de revisi&oacute;n<\/strong><\/td>\n<td>27-05-2022 por MPM<\/td>\n<\/tr>\n<\/table>\n","protected":false},"excerpt":{"rendered":"<p>&nbsp; Marca Mikrotik Modelo CRS309-1G-8S+IN Especificaciones &#8211; CPU: Doble n&uacute;cleo 98DX8208 800 MHz &#8211; RAM: 512 MB &#8211; Memoria Flash: 16 MB &#8211; Modelo de chip de interruptor: 98DX8208 &#8211; Dimensiones: 272 x 191 x 44 mm &#8211; Temperatura de funcionamiento: -40&deg;C +70&deg;C probado &#8211; Sistema operativo: SwOS \/ RouterOS (arranque dual) &#8211; Nivel de&hellip;&nbsp;<a href=\"https:\/\/aivlisoft.net\/shop\/producto\/mikrotik-crs309-1g-8sin-switch-1xgbe-8xsfp\/\" rel=\"bookmark\"><span class=\"screen-reader-text\">MikroTik CRS309-1G-8S+IN Switch 1xGbE 8xSFP+<\/span><\/a><\/p>\n","protected":false},"featured_media":21296,"template":"","meta":{"neve_meta_sidebar":"","neve_meta_container":"","neve_meta_enable_content_width":"","neve_meta_content_width":0,"neve_meta_title_alignment":"","neve_meta_author_avatar":"","neve_post_elements_order":"","neve_meta_disable_header":"","neve_meta_disable_footer":"","neve_meta_disable_title":""},"product_brand":[],"product_cat":[8773],"product_tag":[7533],"class_list":{"0":"post-21295","1":"product","2":"type-product","3":"status-publish","4":"has-post-thumbnail","6":"product_cat-switches-sobremesa","7":"product_tag-crs309-1g-8sin","9":"first","10":"instock","11":"taxable","12":"shipping-taxable","13":"purchasable","14":"product-type-simple"},"yoast_head":"<!-- This site is optimized with the Yoast SEO plugin v26.0 - https:\/\/yoast.com\/wordpress\/plugins\/seo\/ -->\n<title>MikroTik CRS309-1G-8S+IN Switch 1xGbE 8xSFP+ - Aivlisoft Inform\u00e1tica<\/title>\n<meta name=\"robots\" content=\"index, follow, max-snippet:-1, max-image-preview:large, max-video-preview:-1\" \/>\n<link rel=\"canonical\" href=\"https:\/\/aivlisoft.net\/shop\/producto\/mikrotik-crs309-1g-8sin-switch-1xgbe-8xsfp\/\" \/>\n<meta property=\"og:locale\" content=\"es_ES\" \/>\n<meta property=\"og:type\" content=\"article\" \/>\n<meta property=\"og:title\" content=\"MikroTik CRS309-1G-8S+IN Switch 1xGbE 8xSFP+ - Aivlisoft Inform\u00e1tica\" \/>\n<meta property=\"og:description\" content=\"&nbsp; Marca Mikrotik Modelo CRS309-1G-8S+IN Especificaciones &#8211; CPU: Doble n&uacute;cleo 98DX8208 800 MHz &#8211; RAM: 512 MB &#8211; Memoria Flash: 16 MB &#8211; Modelo de chip de interruptor: 98DX8208 &#8211; Dimensiones: 272 x 191 x 44 mm &#8211; Temperatura de funcionamiento: -40&deg;C +70&deg;C probado &#8211; Sistema operativo: SwOS \/ RouterOS (arranque dual) &#8211; Nivel de&hellip;&nbsp;MikroTik CRS309-1G-8S+IN Switch 1xGbE 8xSFP+\" \/>\n<meta property=\"og:url\" content=\"https:\/\/aivlisoft.net\/shop\/producto\/mikrotik-crs309-1g-8sin-switch-1xgbe-8xsfp\/\" \/>\n<meta property=\"og:site_name\" content=\"Aivlisoft Inform\u00e1tica\" \/>\n<meta property=\"article:modified_time\" content=\"2025-01-14T11:55:24+00:00\" \/>\n<meta property=\"og:image\" content=\"https:\/\/aivlisoft.net\/shop\/wp-content\/uploads\/2025\/01\/NSWSSO0299_800.jpg\" \/>\n\t<meta property=\"og:image:width\" content=\"800\" \/>\n\t<meta property=\"og:image:height\" content=\"800\" \/>\n\t<meta property=\"og:image:type\" content=\"image\/jpeg\" \/>\n<meta name=\"twitter:card\" content=\"summary_large_image\" \/>\n<meta name=\"twitter:label1\" content=\"Tiempo de lectura\" \/>\n\t<meta name=\"twitter:data1\" content=\"1 minuto\" \/>\n<script type=\"application\/ld+json\" class=\"yoast-schema-graph\">{\"@context\":\"https:\/\/schema.org\",\"@graph\":[{\"@type\":\"WebPage\",\"@id\":\"https:\/\/aivlisoft.net\/shop\/producto\/mikrotik-crs309-1g-8sin-switch-1xgbe-8xsfp\/\",\"url\":\"https:\/\/aivlisoft.net\/shop\/producto\/mikrotik-crs309-1g-8sin-switch-1xgbe-8xsfp\/\",\"name\":\"MikroTik CRS309-1G-8S+IN Switch 1xGbE 8xSFP+ - Aivlisoft Inform\u00e1tica\",\"isPartOf\":{\"@id\":\"https:\/\/aivlisoft.net\/shop\/#website\"},\"primaryImageOfPage\":{\"@id\":\"https:\/\/aivlisoft.net\/shop\/producto\/mikrotik-crs309-1g-8sin-switch-1xgbe-8xsfp\/#primaryimage\"},\"image\":{\"@id\":\"https:\/\/aivlisoft.net\/shop\/producto\/mikrotik-crs309-1g-8sin-switch-1xgbe-8xsfp\/#primaryimage\"},\"thumbnailUrl\":\"https:\/\/aivlisoft.net\/shop\/wp-content\/uploads\/2025\/01\/NSWSSO0299_800.jpg\",\"datePublished\":\"2025-01-13T15:52:18+00:00\",\"dateModified\":\"2025-01-14T11:55:24+00:00\",\"breadcrumb\":{\"@id\":\"https:\/\/aivlisoft.net\/shop\/producto\/mikrotik-crs309-1g-8sin-switch-1xgbe-8xsfp\/#breadcrumb\"},\"inLanguage\":\"es\",\"potentialAction\":[{\"@type\":\"ReadAction\",\"target\":[\"https:\/\/aivlisoft.net\/shop\/producto\/mikrotik-crs309-1g-8sin-switch-1xgbe-8xsfp\/\"]}]},{\"@type\":\"ImageObject\",\"inLanguage\":\"es\",\"@id\":\"https:\/\/aivlisoft.net\/shop\/producto\/mikrotik-crs309-1g-8sin-switch-1xgbe-8xsfp\/#primaryimage\",\"url\":\"https:\/\/aivlisoft.net\/shop\/wp-content\/uploads\/2025\/01\/NSWSSO0299_800.jpg\",\"contentUrl\":\"https:\/\/aivlisoft.net\/shop\/wp-content\/uploads\/2025\/01\/NSWSSO0299_800.jpg\",\"width\":800,\"height\":800},{\"@type\":\"BreadcrumbList\",\"@id\":\"https:\/\/aivlisoft.net\/shop\/producto\/mikrotik-crs309-1g-8sin-switch-1xgbe-8xsfp\/#breadcrumb\",\"itemListElement\":[{\"@type\":\"ListItem\",\"position\":1,\"name\":\"Portada\",\"item\":\"https:\/\/aivlisoft.net\/shop\/\"},{\"@type\":\"ListItem\",\"position\":2,\"name\":\"Tienda\",\"item\":\"https:\/\/aivlisoft.net\/shop\/tienda\/\"},{\"@type\":\"ListItem\",\"position\":3,\"name\":\"MikroTik CRS309-1G-8S+IN Switch 1xGbE 8xSFP+\"}]},{\"@type\":\"WebSite\",\"@id\":\"https:\/\/aivlisoft.net\/shop\/#website\",\"url\":\"https:\/\/aivlisoft.net\/shop\/\",\"name\":\"Aivlisoft Inform\u00e1tica\",\"description\":\"En Aivlisoft Inform\u00e1tica ofrecemos soluciones tecnol\u00f3gicas para empresas: venta de ordenadores, consumibles, perif\u00e9ricos y m\u00e1s. Calidad, atenci\u00f3n personalizada y los mejores precios para tu negocio.\",\"publisher\":{\"@id\":\"https:\/\/aivlisoft.net\/shop\/#organization\"},\"potentialAction\":[{\"@type\":\"SearchAction\",\"target\":{\"@type\":\"EntryPoint\",\"urlTemplate\":\"https:\/\/aivlisoft.net\/shop\/?s={search_term_string}\"},\"query-input\":{\"@type\":\"PropertyValueSpecification\",\"valueRequired\":true,\"valueName\":\"search_term_string\"}}],\"inLanguage\":\"es\"},{\"@type\":\"Organization\",\"@id\":\"https:\/\/aivlisoft.net\/shop\/#organization\",\"name\":\"Aivlisoft Inform\u00e1tica\",\"url\":\"https:\/\/aivlisoft.net\/shop\/\",\"logo\":{\"@type\":\"ImageObject\",\"inLanguage\":\"es\",\"@id\":\"https:\/\/aivlisoft.net\/shop\/#\/schema\/logo\/image\/\",\"url\":\"https:\/\/aivlisoft.net\/shop\/wp-content\/uploads\/2024\/12\/removal.ai_5b848c54-0cdf-4140-95c5-c5536bb7573b-logodef.png\",\"contentUrl\":\"https:\/\/aivlisoft.net\/shop\/wp-content\/uploads\/2024\/12\/removal.ai_5b848c54-0cdf-4140-95c5-c5536bb7573b-logodef.png\",\"width\":484,\"height\":182,\"caption\":\"Aivlisoft Inform\u00e1tica\"},\"image\":{\"@id\":\"https:\/\/aivlisoft.net\/shop\/#\/schema\/logo\/image\/\"}}]}<\/script>\n<!-- \/ Yoast SEO plugin. -->","yoast_head_json":{"title":"MikroTik CRS309-1G-8S+IN Switch 1xGbE 8xSFP+ - Aivlisoft Inform\u00e1tica","robots":{"index":"index","follow":"follow","max-snippet":"max-snippet:-1","max-image-preview":"max-image-preview:large","max-video-preview":"max-video-preview:-1"},"canonical":"https:\/\/aivlisoft.net\/shop\/producto\/mikrotik-crs309-1g-8sin-switch-1xgbe-8xsfp\/","og_locale":"es_ES","og_type":"article","og_title":"MikroTik CRS309-1G-8S+IN Switch 1xGbE 8xSFP+ - Aivlisoft Inform\u00e1tica","og_description":"&nbsp; Marca Mikrotik Modelo CRS309-1G-8S+IN Especificaciones &#8211; CPU: Doble n&uacute;cleo 98DX8208 800 MHz &#8211; RAM: 512 MB &#8211; Memoria Flash: 16 MB &#8211; Modelo de chip de interruptor: 98DX8208 &#8211; Dimensiones: 272 x 191 x 44 mm &#8211; Temperatura de funcionamiento: -40&deg;C +70&deg;C probado &#8211; Sistema operativo: SwOS \/ RouterOS (arranque dual) &#8211; Nivel de&hellip;&nbsp;MikroTik CRS309-1G-8S+IN Switch 1xGbE 8xSFP+","og_url":"https:\/\/aivlisoft.net\/shop\/producto\/mikrotik-crs309-1g-8sin-switch-1xgbe-8xsfp\/","og_site_name":"Aivlisoft Inform\u00e1tica","article_modified_time":"2025-01-14T11:55:24+00:00","og_image":[{"width":800,"height":800,"url":"https:\/\/aivlisoft.net\/shop\/wp-content\/uploads\/2025\/01\/NSWSSO0299_800.jpg","type":"image\/jpeg"}],"twitter_card":"summary_large_image","twitter_misc":{"Tiempo de lectura":"1 minuto"},"schema":{"@context":"https:\/\/schema.org","@graph":[{"@type":"WebPage","@id":"https:\/\/aivlisoft.net\/shop\/producto\/mikrotik-crs309-1g-8sin-switch-1xgbe-8xsfp\/","url":"https:\/\/aivlisoft.net\/shop\/producto\/mikrotik-crs309-1g-8sin-switch-1xgbe-8xsfp\/","name":"MikroTik CRS309-1G-8S+IN Switch 1xGbE 8xSFP+ - Aivlisoft Inform\u00e1tica","isPartOf":{"@id":"https:\/\/aivlisoft.net\/shop\/#website"},"primaryImageOfPage":{"@id":"https:\/\/aivlisoft.net\/shop\/producto\/mikrotik-crs309-1g-8sin-switch-1xgbe-8xsfp\/#primaryimage"},"image":{"@id":"https:\/\/aivlisoft.net\/shop\/producto\/mikrotik-crs309-1g-8sin-switch-1xgbe-8xsfp\/#primaryimage"},"thumbnailUrl":"https:\/\/aivlisoft.net\/shop\/wp-content\/uploads\/2025\/01\/NSWSSO0299_800.jpg","datePublished":"2025-01-13T15:52:18+00:00","dateModified":"2025-01-14T11:55:24+00:00","breadcrumb":{"@id":"https:\/\/aivlisoft.net\/shop\/producto\/mikrotik-crs309-1g-8sin-switch-1xgbe-8xsfp\/#breadcrumb"},"inLanguage":"es","potentialAction":[{"@type":"ReadAction","target":["https:\/\/aivlisoft.net\/shop\/producto\/mikrotik-crs309-1g-8sin-switch-1xgbe-8xsfp\/"]}]},{"@type":"ImageObject","inLanguage":"es","@id":"https:\/\/aivlisoft.net\/shop\/producto\/mikrotik-crs309-1g-8sin-switch-1xgbe-8xsfp\/#primaryimage","url":"https:\/\/aivlisoft.net\/shop\/wp-content\/uploads\/2025\/01\/NSWSSO0299_800.jpg","contentUrl":"https:\/\/aivlisoft.net\/shop\/wp-content\/uploads\/2025\/01\/NSWSSO0299_800.jpg","width":800,"height":800},{"@type":"BreadcrumbList","@id":"https:\/\/aivlisoft.net\/shop\/producto\/mikrotik-crs309-1g-8sin-switch-1xgbe-8xsfp\/#breadcrumb","itemListElement":[{"@type":"ListItem","position":1,"name":"Portada","item":"https:\/\/aivlisoft.net\/shop\/"},{"@type":"ListItem","position":2,"name":"Tienda","item":"https:\/\/aivlisoft.net\/shop\/tienda\/"},{"@type":"ListItem","position":3,"name":"MikroTik CRS309-1G-8S+IN Switch 1xGbE 8xSFP+"}]},{"@type":"WebSite","@id":"https:\/\/aivlisoft.net\/shop\/#website","url":"https:\/\/aivlisoft.net\/shop\/","name":"Aivlisoft Inform\u00e1tica","description":"En Aivlisoft Inform\u00e1tica ofrecemos soluciones tecnol\u00f3gicas para empresas: venta de ordenadores, consumibles, perif\u00e9ricos y m\u00e1s. Calidad, atenci\u00f3n personalizada y los mejores precios para tu negocio.","publisher":{"@id":"https:\/\/aivlisoft.net\/shop\/#organization"},"potentialAction":[{"@type":"SearchAction","target":{"@type":"EntryPoint","urlTemplate":"https:\/\/aivlisoft.net\/shop\/?s={search_term_string}"},"query-input":{"@type":"PropertyValueSpecification","valueRequired":true,"valueName":"search_term_string"}}],"inLanguage":"es"},{"@type":"Organization","@id":"https:\/\/aivlisoft.net\/shop\/#organization","name":"Aivlisoft Inform\u00e1tica","url":"https:\/\/aivlisoft.net\/shop\/","logo":{"@type":"ImageObject","inLanguage":"es","@id":"https:\/\/aivlisoft.net\/shop\/#\/schema\/logo\/image\/","url":"https:\/\/aivlisoft.net\/shop\/wp-content\/uploads\/2024\/12\/removal.ai_5b848c54-0cdf-4140-95c5-c5536bb7573b-logodef.png","contentUrl":"https:\/\/aivlisoft.net\/shop\/wp-content\/uploads\/2024\/12\/removal.ai_5b848c54-0cdf-4140-95c5-c5536bb7573b-logodef.png","width":484,"height":182,"caption":"Aivlisoft Inform\u00e1tica"},"image":{"@id":"https:\/\/aivlisoft.net\/shop\/#\/schema\/logo\/image\/"}}]}},"_links":{"self":[{"href":"https:\/\/aivlisoft.net\/shop\/wp-json\/wp\/v2\/product\/21295","targetHints":{"allow":["GET"]}}],"collection":[{"href":"https:\/\/aivlisoft.net\/shop\/wp-json\/wp\/v2\/product"}],"about":[{"href":"https:\/\/aivlisoft.net\/shop\/wp-json\/wp\/v2\/types\/product"}],"wp:featuredmedia":[{"embeddable":true,"href":"https:\/\/aivlisoft.net\/shop\/wp-json\/wp\/v2\/media\/21296"}],"wp:attachment":[{"href":"https:\/\/aivlisoft.net\/shop\/wp-json\/wp\/v2\/media?parent=21295"}],"wp:term":[{"taxonomy":"product_brand","embeddable":true,"href":"https:\/\/aivlisoft.net\/shop\/wp-json\/wp\/v2\/product_brand?post=21295"},{"taxonomy":"product_cat","embeddable":true,"href":"https:\/\/aivlisoft.net\/shop\/wp-json\/wp\/v2\/product_cat?post=21295"},{"taxonomy":"product_tag","embeddable":true,"href":"https:\/\/aivlisoft.net\/shop\/wp-json\/wp\/v2\/product_tag?post=21295"}],"curies":[{"name":"wp","href":"https:\/\/api.w.org\/{rel}","templated":true}]}}