{"id":21263,"date":"2025-01-13T15:51:57","date_gmt":"2025-01-13T15:51:57","guid":{"rendered":"https:\/\/aivlisoft.com\/?post_type=product&#038;p=21263"},"modified":"2025-01-14T11:55:14","modified_gmt":"2025-01-14T11:55:14","slug":"qnap-qsw-m408-4c-switch-l2-4x10gbe-8xgbe","status":"publish","type":"product","link":"https:\/\/aivlisoft.net\/shop\/producto\/qnap-qsw-m408-4c-switch-l2-4x10gbe-8xgbe\/","title":{"rendered":"QNAP QSW-M408-4C Switch L2 4x10GbE 8xGbE"},"content":{"rendered":"<p>El <strong>QSW-M408-4C<\/strong> es un Switch Gestionable por web de Capa 2 que cuenta con cuatro puertos combinados 10GbE SFP+\/RJ45 y ocho puertos Gigabit. Admite conmutaci&oacute;n de Capa 2 y gesti&oacute;n de red a trav&eacute;s de una interfaz de usuario web f&aacute;cil de usar.<br \/>Ofrece una implementaci&oacute;n flexible en entornos de red h&iacute;brida de alta velocidad y proporciona una soluci&oacute;n de gesti&oacute;n de red de nivel b&aacute;sico que pueden utilizar incluso profesionales que no se dedican al sector TI.<\/p>\n<p>Adem&aacute;s es compatible con las tecnolog&iacute;as 10GbE y NBASE-T que admite hasta cinco velocidades (10G \/ 5G \/ 2,5G \/ 1G \/ 100M) con el fin de suministrar velocidades de transmisi&oacute;n m&aacute;s altas con los cables Cat 5e y 6a existentes.<\/p>\n<p>Gracias a su alto rendimiento, funciones de administraci&oacute;n f&aacute;ciles de usar y tama&ntilde;o de escritorio, con el <strong>QSW-M408-4C<\/strong> puede actualizar al instante a un entorno de red h&iacute;brido de alta velocidad a un precio asequible, a la vez que optimiza el ancho de banda de la red y garantiza la seguridad del mantenimiento de la red.<\/p>\n<table class=\"tabla_caracteristicas\" width=\"100%\">\n<tr>\n<td valign=\"top\"><strong>Marca <\/strong><\/td>\n<td valign=\"top\">QNAP<\/td>\n<\/tr>\n<tr>\n<td valign=\"top\"><strong>Modelo <\/strong><\/td>\n<td valign=\"top\"><strong>QSW-M408-4C<\/strong><\/td>\n<\/tr>\n<tr>\n<td valign=\"top\"><strong>Caracter&iacute;sticas software<\/strong><\/td>\n<td valign=\"top\">&#8211; Descripci&oacute;n de alimentaci&oacute;n el&eacute;ctrica: Adaptador<br \/>\t\t\t&#8211; Consumo energ&eacute;tico m&aacute;x.: 31,46 W<br \/>\t\t\t&#8211; Tipo de alimentaci&oacute;n de entrada: CA<br \/>\t\t\t&#8211; Rango de voltaje de entrada: 100-240 V de CA, 50\/60 Hz<br \/>\t\t\t&#8211; Tabla de direcciones MAC: 16 K<br \/>\t\t\t&#8211; Rendimiento sin bloqueo total: 48Gbps<br \/>\t\t\t&#8211; Capacidad de conmutaci&oacute;n: 96Gbps<br \/>\t\t\t&#8211; Interfaz de administraci&oacute;n: Web<br \/>\t\t\t&#8211; Cumplimiento electromagn&eacute;tico: CLASE A<br \/>\t\t\t&#8211; Jumbo Frames: 9K<\/td>\n<\/tr>\n<tr>\n<td valign=\"top\"><strong>Conexiones<\/strong><\/td>\n<td valign=\"top\">&#8211; 12 x N&uacute;mero de puertos<br \/>\t\t\t&#8211; 4 x Puertos combinados 10 GbE SFP+\/RJ45<br \/>\t\t\t&#8211; 8 x 1GbE (RJ45)<\/td>\n<\/tr>\n<tr>\n<td valign=\"top\"><strong>Caracter&iacute;sticas f&iacute;sicas<\/strong><\/td>\n<td valign=\"top\">&#8211; Formato: Sobremesa<br \/>\t\t\t&#8211; 1 Ventilador de doble rodamiento PWM<br \/>\t\t\t&#8211; Indicadores LED:&nbsp;<br \/>\t\t\t&nbsp; Por puerto: Velocidad\/Enlace\/Actividad<br \/>\t\t\t&nbsp; Por sistema: Alimentaci&oacute;n\/Estado<br \/>\t\t\t&#8211; Botones: Bot&oacute;n de restablecimiento<br \/>\t\t\t&#8211; Dimensiones (Altura x Anchura x Profundidad): 42,5 &times; 290 &times; 127 mm<br \/>\t\t\t&#8211; Peso (neto): 1,15 kg<br \/>\t\t\t&#8211; Peso (bruto): 1,57 kg<br \/>\t\t\t&#8211; Certificaciones: CE, FCC, VCCI, BSMI, CCC<\/td>\n<\/tr>\n<tr>\n<td valign=\"top\"><strong>Fecha Revisi&oacute;n <\/strong><\/td>\n<td valign=\"top\">14-01-2022 por MSB<\/td>\n<\/tr>\n<\/table>\n","protected":false},"excerpt":{"rendered":"<p>El QSW-M408-4C es un Switch Gestionable por web de Capa 2 que cuenta con cuatro puertos combinados 10GbE SFP+\/RJ45 y ocho puertos Gigabit. Admite conmutaci&oacute;n de Capa 2 y gesti&oacute;n de red a trav&eacute;s de una interfaz de usuario web f&aacute;cil de usar.Ofrece una implementaci&oacute;n flexible en entornos de red h&iacute;brida de alta velocidad y&hellip;&nbsp;<a href=\"https:\/\/aivlisoft.net\/shop\/producto\/qnap-qsw-m408-4c-switch-l2-4x10gbe-8xgbe\/\" rel=\"bookmark\"><span class=\"screen-reader-text\">QNAP QSW-M408-4C Switch L2 4x10GbE 8xGbE<\/span><\/a><\/p>\n","protected":false},"featured_media":21264,"template":"","meta":{"neve_meta_sidebar":"","neve_meta_container":"","neve_meta_enable_content_width":"","neve_meta_content_width":0,"neve_meta_title_alignment":"","neve_meta_author_avatar":"","neve_post_elements_order":"","neve_meta_disable_header":"","neve_meta_disable_footer":"","neve_meta_disable_title":""},"product_brand":[],"product_cat":[8773],"product_tag":[7526],"class_list":{"0":"post-21263","1":"product","2":"type-product","3":"status-publish","4":"has-post-thumbnail","6":"product_cat-switches-sobremesa","7":"product_tag-qsw-m408-4c","9":"first","10":"instock","11":"taxable","12":"shipping-taxable","13":"purchasable","14":"product-type-simple"},"yoast_head":"<!-- This site is optimized with the Yoast SEO plugin v26.0 - https:\/\/yoast.com\/wordpress\/plugins\/seo\/ -->\n<title>QNAP QSW-M408-4C Switch L2 4x10GbE 8xGbE - Aivlisoft Inform\u00e1tica<\/title>\n<meta name=\"robots\" content=\"index, follow, max-snippet:-1, max-image-preview:large, max-video-preview:-1\" \/>\n<link rel=\"canonical\" href=\"https:\/\/aivlisoft.net\/shop\/producto\/qnap-qsw-m408-4c-switch-l2-4x10gbe-8xgbe\/\" \/>\n<meta property=\"og:locale\" content=\"es_ES\" \/>\n<meta property=\"og:type\" content=\"article\" \/>\n<meta property=\"og:title\" content=\"QNAP QSW-M408-4C Switch L2 4x10GbE 8xGbE - Aivlisoft Inform\u00e1tica\" \/>\n<meta property=\"og:description\" content=\"El QSW-M408-4C es un Switch Gestionable por web de Capa 2 que cuenta con cuatro puertos combinados 10GbE SFP+\/RJ45 y ocho puertos Gigabit. Admite conmutaci&oacute;n de Capa 2 y gesti&oacute;n de red a trav&eacute;s de una interfaz de usuario web f&aacute;cil de usar.Ofrece una implementaci&oacute;n flexible en entornos de red h&iacute;brida de alta velocidad y&hellip;&nbsp;QNAP QSW-M408-4C Switch L2 4x10GbE 8xGbE\" \/>\n<meta property=\"og:url\" content=\"https:\/\/aivlisoft.net\/shop\/producto\/qnap-qsw-m408-4c-switch-l2-4x10gbe-8xgbe\/\" \/>\n<meta property=\"og:site_name\" content=\"Aivlisoft Inform\u00e1tica\" \/>\n<meta property=\"article:modified_time\" content=\"2025-01-14T11:55:14+00:00\" \/>\n<meta property=\"og:image\" content=\"https:\/\/aivlisoft.net\/shop\/wp-content\/uploads\/2025\/01\/NSWSSO0290_800.jpg\" \/>\n\t<meta property=\"og:image:width\" content=\"800\" \/>\n\t<meta property=\"og:image:height\" content=\"800\" \/>\n\t<meta property=\"og:image:type\" content=\"image\/jpeg\" \/>\n<meta name=\"twitter:card\" content=\"summary_large_image\" \/>\n<meta name=\"twitter:label1\" content=\"Tiempo de lectura\" \/>\n\t<meta name=\"twitter:data1\" content=\"2 minutos\" \/>\n<script type=\"application\/ld+json\" class=\"yoast-schema-graph\">{\"@context\":\"https:\/\/schema.org\",\"@graph\":[{\"@type\":\"WebPage\",\"@id\":\"https:\/\/aivlisoft.net\/shop\/producto\/qnap-qsw-m408-4c-switch-l2-4x10gbe-8xgbe\/\",\"url\":\"https:\/\/aivlisoft.net\/shop\/producto\/qnap-qsw-m408-4c-switch-l2-4x10gbe-8xgbe\/\",\"name\":\"QNAP QSW-M408-4C Switch L2 4x10GbE 8xGbE - Aivlisoft Inform\u00e1tica\",\"isPartOf\":{\"@id\":\"https:\/\/aivlisoft.net\/shop\/#website\"},\"primaryImageOfPage\":{\"@id\":\"https:\/\/aivlisoft.net\/shop\/producto\/qnap-qsw-m408-4c-switch-l2-4x10gbe-8xgbe\/#primaryimage\"},\"image\":{\"@id\":\"https:\/\/aivlisoft.net\/shop\/producto\/qnap-qsw-m408-4c-switch-l2-4x10gbe-8xgbe\/#primaryimage\"},\"thumbnailUrl\":\"https:\/\/aivlisoft.net\/shop\/wp-content\/uploads\/2025\/01\/NSWSSO0290_800.jpg\",\"datePublished\":\"2025-01-13T15:51:57+00:00\",\"dateModified\":\"2025-01-14T11:55:14+00:00\",\"breadcrumb\":{\"@id\":\"https:\/\/aivlisoft.net\/shop\/producto\/qnap-qsw-m408-4c-switch-l2-4x10gbe-8xgbe\/#breadcrumb\"},\"inLanguage\":\"es\",\"potentialAction\":[{\"@type\":\"ReadAction\",\"target\":[\"https:\/\/aivlisoft.net\/shop\/producto\/qnap-qsw-m408-4c-switch-l2-4x10gbe-8xgbe\/\"]}]},{\"@type\":\"ImageObject\",\"inLanguage\":\"es\",\"@id\":\"https:\/\/aivlisoft.net\/shop\/producto\/qnap-qsw-m408-4c-switch-l2-4x10gbe-8xgbe\/#primaryimage\",\"url\":\"https:\/\/aivlisoft.net\/shop\/wp-content\/uploads\/2025\/01\/NSWSSO0290_800.jpg\",\"contentUrl\":\"https:\/\/aivlisoft.net\/shop\/wp-content\/uploads\/2025\/01\/NSWSSO0290_800.jpg\",\"width\":800,\"height\":800},{\"@type\":\"BreadcrumbList\",\"@id\":\"https:\/\/aivlisoft.net\/shop\/producto\/qnap-qsw-m408-4c-switch-l2-4x10gbe-8xgbe\/#breadcrumb\",\"itemListElement\":[{\"@type\":\"ListItem\",\"position\":1,\"name\":\"Portada\",\"item\":\"https:\/\/aivlisoft.net\/shop\/\"},{\"@type\":\"ListItem\",\"position\":2,\"name\":\"Tienda\",\"item\":\"https:\/\/aivlisoft.net\/shop\/tienda\/\"},{\"@type\":\"ListItem\",\"position\":3,\"name\":\"QNAP QSW-M408-4C Switch L2 4x10GbE 8xGbE\"}]},{\"@type\":\"WebSite\",\"@id\":\"https:\/\/aivlisoft.net\/shop\/#website\",\"url\":\"https:\/\/aivlisoft.net\/shop\/\",\"name\":\"Aivlisoft Inform\u00e1tica\",\"description\":\"En Aivlisoft Inform\u00e1tica ofrecemos soluciones tecnol\u00f3gicas para empresas: venta de ordenadores, consumibles, perif\u00e9ricos y m\u00e1s. Calidad, atenci\u00f3n personalizada y los mejores precios para tu negocio.\",\"publisher\":{\"@id\":\"https:\/\/aivlisoft.net\/shop\/#organization\"},\"potentialAction\":[{\"@type\":\"SearchAction\",\"target\":{\"@type\":\"EntryPoint\",\"urlTemplate\":\"https:\/\/aivlisoft.net\/shop\/?s={search_term_string}\"},\"query-input\":{\"@type\":\"PropertyValueSpecification\",\"valueRequired\":true,\"valueName\":\"search_term_string\"}}],\"inLanguage\":\"es\"},{\"@type\":\"Organization\",\"@id\":\"https:\/\/aivlisoft.net\/shop\/#organization\",\"name\":\"Aivlisoft Inform\u00e1tica\",\"url\":\"https:\/\/aivlisoft.net\/shop\/\",\"logo\":{\"@type\":\"ImageObject\",\"inLanguage\":\"es\",\"@id\":\"https:\/\/aivlisoft.net\/shop\/#\/schema\/logo\/image\/\",\"url\":\"https:\/\/aivlisoft.net\/shop\/wp-content\/uploads\/2024\/12\/removal.ai_5b848c54-0cdf-4140-95c5-c5536bb7573b-logodef.png\",\"contentUrl\":\"https:\/\/aivlisoft.net\/shop\/wp-content\/uploads\/2024\/12\/removal.ai_5b848c54-0cdf-4140-95c5-c5536bb7573b-logodef.png\",\"width\":484,\"height\":182,\"caption\":\"Aivlisoft Inform\u00e1tica\"},\"image\":{\"@id\":\"https:\/\/aivlisoft.net\/shop\/#\/schema\/logo\/image\/\"}}]}<\/script>\n<!-- \/ Yoast SEO plugin. -->","yoast_head_json":{"title":"QNAP QSW-M408-4C Switch L2 4x10GbE 8xGbE - Aivlisoft Inform\u00e1tica","robots":{"index":"index","follow":"follow","max-snippet":"max-snippet:-1","max-image-preview":"max-image-preview:large","max-video-preview":"max-video-preview:-1"},"canonical":"https:\/\/aivlisoft.net\/shop\/producto\/qnap-qsw-m408-4c-switch-l2-4x10gbe-8xgbe\/","og_locale":"es_ES","og_type":"article","og_title":"QNAP QSW-M408-4C Switch L2 4x10GbE 8xGbE - Aivlisoft Inform\u00e1tica","og_description":"El QSW-M408-4C es un Switch Gestionable por web de Capa 2 que cuenta con cuatro puertos combinados 10GbE SFP+\/RJ45 y ocho puertos Gigabit. Admite conmutaci&oacute;n de Capa 2 y gesti&oacute;n de red a trav&eacute;s de una interfaz de usuario web f&aacute;cil de usar.Ofrece una implementaci&oacute;n flexible en entornos de red h&iacute;brida de alta velocidad y&hellip;&nbsp;QNAP QSW-M408-4C Switch L2 4x10GbE 8xGbE","og_url":"https:\/\/aivlisoft.net\/shop\/producto\/qnap-qsw-m408-4c-switch-l2-4x10gbe-8xgbe\/","og_site_name":"Aivlisoft Inform\u00e1tica","article_modified_time":"2025-01-14T11:55:14+00:00","og_image":[{"width":800,"height":800,"url":"https:\/\/aivlisoft.net\/shop\/wp-content\/uploads\/2025\/01\/NSWSSO0290_800.jpg","type":"image\/jpeg"}],"twitter_card":"summary_large_image","twitter_misc":{"Tiempo de lectura":"2 minutos"},"schema":{"@context":"https:\/\/schema.org","@graph":[{"@type":"WebPage","@id":"https:\/\/aivlisoft.net\/shop\/producto\/qnap-qsw-m408-4c-switch-l2-4x10gbe-8xgbe\/","url":"https:\/\/aivlisoft.net\/shop\/producto\/qnap-qsw-m408-4c-switch-l2-4x10gbe-8xgbe\/","name":"QNAP QSW-M408-4C Switch L2 4x10GbE 8xGbE - Aivlisoft Inform\u00e1tica","isPartOf":{"@id":"https:\/\/aivlisoft.net\/shop\/#website"},"primaryImageOfPage":{"@id":"https:\/\/aivlisoft.net\/shop\/producto\/qnap-qsw-m408-4c-switch-l2-4x10gbe-8xgbe\/#primaryimage"},"image":{"@id":"https:\/\/aivlisoft.net\/shop\/producto\/qnap-qsw-m408-4c-switch-l2-4x10gbe-8xgbe\/#primaryimage"},"thumbnailUrl":"https:\/\/aivlisoft.net\/shop\/wp-content\/uploads\/2025\/01\/NSWSSO0290_800.jpg","datePublished":"2025-01-13T15:51:57+00:00","dateModified":"2025-01-14T11:55:14+00:00","breadcrumb":{"@id":"https:\/\/aivlisoft.net\/shop\/producto\/qnap-qsw-m408-4c-switch-l2-4x10gbe-8xgbe\/#breadcrumb"},"inLanguage":"es","potentialAction":[{"@type":"ReadAction","target":["https:\/\/aivlisoft.net\/shop\/producto\/qnap-qsw-m408-4c-switch-l2-4x10gbe-8xgbe\/"]}]},{"@type":"ImageObject","inLanguage":"es","@id":"https:\/\/aivlisoft.net\/shop\/producto\/qnap-qsw-m408-4c-switch-l2-4x10gbe-8xgbe\/#primaryimage","url":"https:\/\/aivlisoft.net\/shop\/wp-content\/uploads\/2025\/01\/NSWSSO0290_800.jpg","contentUrl":"https:\/\/aivlisoft.net\/shop\/wp-content\/uploads\/2025\/01\/NSWSSO0290_800.jpg","width":800,"height":800},{"@type":"BreadcrumbList","@id":"https:\/\/aivlisoft.net\/shop\/producto\/qnap-qsw-m408-4c-switch-l2-4x10gbe-8xgbe\/#breadcrumb","itemListElement":[{"@type":"ListItem","position":1,"name":"Portada","item":"https:\/\/aivlisoft.net\/shop\/"},{"@type":"ListItem","position":2,"name":"Tienda","item":"https:\/\/aivlisoft.net\/shop\/tienda\/"},{"@type":"ListItem","position":3,"name":"QNAP QSW-M408-4C Switch L2 4x10GbE 8xGbE"}]},{"@type":"WebSite","@id":"https:\/\/aivlisoft.net\/shop\/#website","url":"https:\/\/aivlisoft.net\/shop\/","name":"Aivlisoft Inform\u00e1tica","description":"En Aivlisoft Inform\u00e1tica ofrecemos soluciones tecnol\u00f3gicas para empresas: venta de ordenadores, consumibles, perif\u00e9ricos y m\u00e1s. Calidad, atenci\u00f3n personalizada y los mejores precios para tu negocio.","publisher":{"@id":"https:\/\/aivlisoft.net\/shop\/#organization"},"potentialAction":[{"@type":"SearchAction","target":{"@type":"EntryPoint","urlTemplate":"https:\/\/aivlisoft.net\/shop\/?s={search_term_string}"},"query-input":{"@type":"PropertyValueSpecification","valueRequired":true,"valueName":"search_term_string"}}],"inLanguage":"es"},{"@type":"Organization","@id":"https:\/\/aivlisoft.net\/shop\/#organization","name":"Aivlisoft Inform\u00e1tica","url":"https:\/\/aivlisoft.net\/shop\/","logo":{"@type":"ImageObject","inLanguage":"es","@id":"https:\/\/aivlisoft.net\/shop\/#\/schema\/logo\/image\/","url":"https:\/\/aivlisoft.net\/shop\/wp-content\/uploads\/2024\/12\/removal.ai_5b848c54-0cdf-4140-95c5-c5536bb7573b-logodef.png","contentUrl":"https:\/\/aivlisoft.net\/shop\/wp-content\/uploads\/2024\/12\/removal.ai_5b848c54-0cdf-4140-95c5-c5536bb7573b-logodef.png","width":484,"height":182,"caption":"Aivlisoft Inform\u00e1tica"},"image":{"@id":"https:\/\/aivlisoft.net\/shop\/#\/schema\/logo\/image\/"}}]}},"_links":{"self":[{"href":"https:\/\/aivlisoft.net\/shop\/wp-json\/wp\/v2\/product\/21263","targetHints":{"allow":["GET"]}}],"collection":[{"href":"https:\/\/aivlisoft.net\/shop\/wp-json\/wp\/v2\/product"}],"about":[{"href":"https:\/\/aivlisoft.net\/shop\/wp-json\/wp\/v2\/types\/product"}],"wp:featuredmedia":[{"embeddable":true,"href":"https:\/\/aivlisoft.net\/shop\/wp-json\/wp\/v2\/media\/21264"}],"wp:attachment":[{"href":"https:\/\/aivlisoft.net\/shop\/wp-json\/wp\/v2\/media?parent=21263"}],"wp:term":[{"taxonomy":"product_brand","embeddable":true,"href":"https:\/\/aivlisoft.net\/shop\/wp-json\/wp\/v2\/product_brand?post=21263"},{"taxonomy":"product_cat","embeddable":true,"href":"https:\/\/aivlisoft.net\/shop\/wp-json\/wp\/v2\/product_cat?post=21263"},{"taxonomy":"product_tag","embeddable":true,"href":"https:\/\/aivlisoft.net\/shop\/wp-json\/wp\/v2\/product_tag?post=21263"}],"curies":[{"name":"wp","href":"https:\/\/api.w.org\/{rel}","templated":true}]}}