{"id":21234,"date":"2025-01-13T15:51:36","date_gmt":"2025-01-13T15:51:36","guid":{"rendered":"https:\/\/aivlisoft.com\/?post_type=product&#038;p=21234"},"modified":"2025-01-14T11:55:03","modified_gmt":"2025-01-14T11:55:03","slug":"tp-link-sg2008p-switch-8xgb-4xpoe","status":"publish","type":"product","link":"https:\/\/aivlisoft.net\/shop\/producto\/tp-link-sg2008p-switch-8xgb-4xpoe\/","title":{"rendered":"TP-Link SG2008P Switch 8xGb 4xPoE+"},"content":{"rendered":"<p><strong>TL-SG2008P &#8211; Switch Smart Gigabit JetStream de 8 puertos con 4 puertos PoE+<\/strong><br \/>&#8211; Presupuesto PoE de 62 W: 4 puertos PoE + compatibles con 802.3at \/ af con un suministro total de 62 W *.<br \/>&#8211; Puertos Gigabit: los puertos 4 &times; gigabit PoE + y los puertos 4 &times; gigabit no PoE proporcionan conexiones de alta velocidad.<br \/>&#8211; Integrado en Omada SDN: Zero-Touch Provisioning (ZTP) **, Administraci&oacute;n centralizada de la nube y Monitoreo inteligente.<br \/>&#8211; Administraci&oacute;n centralizada: acceso a la nube y aplicaci&oacute;n Omada para una comodidad y administraci&oacute;n f&aacute;ciles.<br \/>&#8211; Estrategias de seguridad s&oacute;lidas: enlace de puertos IP-MAC, ACL, seguridad de puertos, defensa DoS, control de tormentas, DHCP Snooping, 802.1X, autenticaci&oacute;n de radio y m&aacute;s.<br \/>&#8211; Optimizaci&oacute;n las aplicaciones de voz y video: L2 \/ L3 \/ L4 QoS e IGMP snooping.<\/p>\n<table>\n<tbody>\n<tr>\n<td><strong>Marca<\/strong><\/td>\n<td>TP-Link<\/td>\n<\/tr>\n<tr>\n<td><strong>Modelo<\/strong><\/td>\n<td><strong>TL-SG2008P<\/strong><\/td>\n<\/tr>\n<tr>\n<td><strong>Caracteristicas de Hardware<\/strong><\/td>\n<td>&#8211; Est&aacute;ndares y Protocolos: IEEE 802.3i, IEEE 802.3u, IEEE 802.3ab, IEEE 802.3ad, IEEE 802.3af, IEEE 802.3at, IEEE 802.3x, IEEE 802.1d, IEEE 802.1s, IEEE 802.1w, IEEE 802.1q, IEEE 802.1p, IEEE 802.1x<br \/>&#8211; Interfaz:<br \/>&nbsp; 8 puertos RJ45 10\/100\/1000 Mbps (los puertos 1&ndash;4 admiten 802.3at \/ af PoE+)<br \/>&nbsp; Negociaci&oacute;n autom&aacute;tica \/ Auto MDI \/ MDIX<br \/>&#8211; Medios de Red: 10BASE-T:<br \/>&nbsp; UTP category 3, 4, 5 cable (maximum 100m)<br \/>&nbsp; 100BASE-TX\/1000Base-T: UTP category 5, 5e or above cable (maximum 100m)<br \/>&#8211; Cantidad de Ventiladores: Sin ventiladores<br \/>&#8211; Fuente de Alimentaci&oacute;n: Adaptador de corriente externo (Salida: 53.5 VDC \/ 1.31 A)<br \/>&#8211; Consumo de Potencia:<br \/>&nbsp; 7.9 W (220 V\/50 Hz) (no PD connected)<br \/>&nbsp; 79.2 W (220 V\/50 Hz) (with 62 W PD connected)<br \/>&#8211; Puertos PoE (RJ45):<br \/>&nbsp; Est&aacute;ndar: compatible con 802.3af \/ at<br \/>&nbsp; Puertos PoE: 4 puertos<br \/>&nbsp; Suministro PoE total: 62 W *<br \/>&#8211; Dimensiones: 209 x 126 x 26mm<\/td>\n<\/tr>\n<tr>\n<td><strong>Rendimiento<\/strong><\/td>\n<td>&#8211; Ancho de Banda \/ Backplane: 16 Gbps<br \/>&#8211; Tabla de Direcciones MAC: 8k<br \/>&#8211; Memoria del Buffer de Paquete: 4.1 Mbit<br \/>&#8211; Jumbo Frame: 9 KB<\/td>\n<\/tr>\n<tr>\n<td><strong>Gesti&oacute;n<\/strong><\/td>\n<td>&#8211; Omada App: Si<br \/>&#8211; Centralized Management:<br \/>&nbsp; Omada Cloud-Based Controller<br \/>&nbsp; Omada Hardware Controller (OC300)<br \/>&nbsp; Omada Hardware Controller (OC200)<br \/>&nbsp; Omada Software Controller<br \/>&#8211; Cloud Access: S&iacute; (a trav&eacute;s de OC300, OC200, Omada Cloud-Based Controller o Omada Software Controller)<br \/>&#8211; Management Features:<br \/>&nbsp; Gesti&oacute;n GUI basada en web y CLI<br \/>&nbsp; SNMPv1 \/ v2c \/ v3<br \/>&nbsp; Captura \/ informe SNMP<br \/>&nbsp; RMON (grupos 1,2,3,9)<br \/>&nbsp; Plantilla SDM<br \/>&nbsp; Cliente DHCP \/ BOOTP<br \/>&nbsp; Imagen dual, configuraci&oacute;n dual<br \/>&nbsp; Monitoreo de la CPU<br \/>&nbsp; Diagn&oacute;stico de cable<br \/>&nbsp; EEE<br \/>&nbsp; Registro del sistema<br \/>&nbsp; 802.1ab LLDP \/ LLDP-MED<\/td>\n<\/tr>\n<tr>\n<td><strong>Otros<\/strong><\/td>\n<td>&#8211; Certificaciones: CE, FCC, RoHS<br \/>&#8211; Contenido<br \/>&nbsp; TL-SG2008P<br \/>&nbsp; Power Adapter<br \/>&nbsp; Installation Guide<br \/>&nbsp; Rubber Feet<br \/>&#8211; Requisitos del sistema: Microsoft&reg; Windows&reg; 98SE, NT, 2000, XP, Vista&trade; o Windows 7\/8\/10, MAC&reg; OS, NetWare&reg;, UNIX&reg; o Linux.<\/td>\n<\/tr>\n<tr>\n<td><strong>Fecha de revisi&oacute;n<\/strong><\/td>\n<td>18-11-2020 por MSB<\/td>\n<\/tr>\n<\/tbody>\n<\/table>\n","protected":false},"excerpt":{"rendered":"<p>TL-SG2008P &#8211; Switch Smart Gigabit JetStream de 8 puertos con 4 puertos PoE+&#8211; Presupuesto PoE de 62 W: 4 puertos PoE + compatibles con 802.3at \/ af con un suministro total de 62 W *.&#8211; Puertos Gigabit: los puertos 4 &times; gigabit PoE + y los puertos 4 &times; gigabit no PoE proporcionan conexiones de&hellip;&nbsp;<a href=\"https:\/\/aivlisoft.net\/shop\/producto\/tp-link-sg2008p-switch-8xgb-4xpoe\/\" rel=\"bookmark\"><span class=\"screen-reader-text\">TP-Link SG2008P Switch 8xGb 4xPoE+<\/span><\/a><\/p>\n","protected":false},"featured_media":21235,"template":"","meta":{"neve_meta_sidebar":"","neve_meta_container":"","neve_meta_enable_content_width":"","neve_meta_content_width":0,"neve_meta_title_alignment":"","neve_meta_author_avatar":"","neve_post_elements_order":"","neve_meta_disable_header":"","neve_meta_disable_footer":"","neve_meta_disable_title":""},"product_brand":[],"product_cat":[8773],"product_tag":[7519],"class_list":{"0":"post-21234","1":"product","2":"type-product","3":"status-publish","4":"has-post-thumbnail","6":"product_cat-switches-sobremesa","7":"product_tag-sg2008p","9":"first","10":"instock","11":"taxable","12":"shipping-taxable","13":"purchasable","14":"product-type-simple"},"yoast_head":"<!-- This site is optimized with the Yoast SEO plugin v26.0 - https:\/\/yoast.com\/wordpress\/plugins\/seo\/ -->\n<title>TP-Link SG2008P Switch 8xGb 4xPoE+ - Aivlisoft Inform\u00e1tica<\/title>\n<meta name=\"robots\" content=\"index, follow, max-snippet:-1, max-image-preview:large, max-video-preview:-1\" \/>\n<link rel=\"canonical\" href=\"https:\/\/aivlisoft.net\/shop\/producto\/tp-link-sg2008p-switch-8xgb-4xpoe\/\" \/>\n<meta property=\"og:locale\" content=\"es_ES\" \/>\n<meta property=\"og:type\" content=\"article\" \/>\n<meta property=\"og:title\" content=\"TP-Link SG2008P Switch 8xGb 4xPoE+ - Aivlisoft Inform\u00e1tica\" \/>\n<meta property=\"og:description\" content=\"TL-SG2008P &#8211; Switch Smart Gigabit JetStream de 8 puertos con 4 puertos PoE+&#8211; Presupuesto PoE de 62 W: 4 puertos PoE + compatibles con 802.3at \/ af con un suministro total de 62 W *.&#8211; Puertos Gigabit: los puertos 4 &times; gigabit PoE + y los puertos 4 &times; gigabit no PoE proporcionan conexiones de&hellip;&nbsp;TP-Link SG2008P Switch 8xGb 4xPoE+\" \/>\n<meta property=\"og:url\" content=\"https:\/\/aivlisoft.net\/shop\/producto\/tp-link-sg2008p-switch-8xgb-4xpoe\/\" \/>\n<meta property=\"og:site_name\" content=\"Aivlisoft Inform\u00e1tica\" \/>\n<meta property=\"article:modified_time\" content=\"2025-01-14T11:55:03+00:00\" \/>\n<meta property=\"og:image\" content=\"https:\/\/aivlisoft.net\/shop\/wp-content\/uploads\/2025\/01\/NSWSSO0278_800.jpg\" \/>\n\t<meta property=\"og:image:width\" content=\"800\" \/>\n\t<meta property=\"og:image:height\" content=\"800\" \/>\n\t<meta property=\"og:image:type\" content=\"image\/jpeg\" \/>\n<meta name=\"twitter:card\" content=\"summary_large_image\" \/>\n<meta name=\"twitter:label1\" content=\"Tiempo de lectura\" \/>\n\t<meta name=\"twitter:data1\" content=\"2 minutos\" \/>\n<script type=\"application\/ld+json\" class=\"yoast-schema-graph\">{\"@context\":\"https:\/\/schema.org\",\"@graph\":[{\"@type\":\"WebPage\",\"@id\":\"https:\/\/aivlisoft.net\/shop\/producto\/tp-link-sg2008p-switch-8xgb-4xpoe\/\",\"url\":\"https:\/\/aivlisoft.net\/shop\/producto\/tp-link-sg2008p-switch-8xgb-4xpoe\/\",\"name\":\"TP-Link SG2008P Switch 8xGb 4xPoE+ - Aivlisoft Inform\u00e1tica\",\"isPartOf\":{\"@id\":\"https:\/\/aivlisoft.net\/shop\/#website\"},\"primaryImageOfPage\":{\"@id\":\"https:\/\/aivlisoft.net\/shop\/producto\/tp-link-sg2008p-switch-8xgb-4xpoe\/#primaryimage\"},\"image\":{\"@id\":\"https:\/\/aivlisoft.net\/shop\/producto\/tp-link-sg2008p-switch-8xgb-4xpoe\/#primaryimage\"},\"thumbnailUrl\":\"https:\/\/aivlisoft.net\/shop\/wp-content\/uploads\/2025\/01\/NSWSSO0278_800.jpg\",\"datePublished\":\"2025-01-13T15:51:36+00:00\",\"dateModified\":\"2025-01-14T11:55:03+00:00\",\"breadcrumb\":{\"@id\":\"https:\/\/aivlisoft.net\/shop\/producto\/tp-link-sg2008p-switch-8xgb-4xpoe\/#breadcrumb\"},\"inLanguage\":\"es\",\"potentialAction\":[{\"@type\":\"ReadAction\",\"target\":[\"https:\/\/aivlisoft.net\/shop\/producto\/tp-link-sg2008p-switch-8xgb-4xpoe\/\"]}]},{\"@type\":\"ImageObject\",\"inLanguage\":\"es\",\"@id\":\"https:\/\/aivlisoft.net\/shop\/producto\/tp-link-sg2008p-switch-8xgb-4xpoe\/#primaryimage\",\"url\":\"https:\/\/aivlisoft.net\/shop\/wp-content\/uploads\/2025\/01\/NSWSSO0278_800.jpg\",\"contentUrl\":\"https:\/\/aivlisoft.net\/shop\/wp-content\/uploads\/2025\/01\/NSWSSO0278_800.jpg\",\"width\":800,\"height\":800},{\"@type\":\"BreadcrumbList\",\"@id\":\"https:\/\/aivlisoft.net\/shop\/producto\/tp-link-sg2008p-switch-8xgb-4xpoe\/#breadcrumb\",\"itemListElement\":[{\"@type\":\"ListItem\",\"position\":1,\"name\":\"Portada\",\"item\":\"https:\/\/aivlisoft.net\/shop\/\"},{\"@type\":\"ListItem\",\"position\":2,\"name\":\"Tienda\",\"item\":\"https:\/\/aivlisoft.net\/shop\/tienda\/\"},{\"@type\":\"ListItem\",\"position\":3,\"name\":\"TP-Link SG2008P Switch 8xGb 4xPoE+\"}]},{\"@type\":\"WebSite\",\"@id\":\"https:\/\/aivlisoft.net\/shop\/#website\",\"url\":\"https:\/\/aivlisoft.net\/shop\/\",\"name\":\"Aivlisoft Inform\u00e1tica\",\"description\":\"En Aivlisoft Inform\u00e1tica ofrecemos soluciones tecnol\u00f3gicas para empresas: venta de ordenadores, consumibles, perif\u00e9ricos y m\u00e1s. Calidad, atenci\u00f3n personalizada y los mejores precios para tu negocio.\",\"publisher\":{\"@id\":\"https:\/\/aivlisoft.net\/shop\/#organization\"},\"potentialAction\":[{\"@type\":\"SearchAction\",\"target\":{\"@type\":\"EntryPoint\",\"urlTemplate\":\"https:\/\/aivlisoft.net\/shop\/?s={search_term_string}\"},\"query-input\":{\"@type\":\"PropertyValueSpecification\",\"valueRequired\":true,\"valueName\":\"search_term_string\"}}],\"inLanguage\":\"es\"},{\"@type\":\"Organization\",\"@id\":\"https:\/\/aivlisoft.net\/shop\/#organization\",\"name\":\"Aivlisoft Inform\u00e1tica\",\"url\":\"https:\/\/aivlisoft.net\/shop\/\",\"logo\":{\"@type\":\"ImageObject\",\"inLanguage\":\"es\",\"@id\":\"https:\/\/aivlisoft.net\/shop\/#\/schema\/logo\/image\/\",\"url\":\"https:\/\/aivlisoft.net\/shop\/wp-content\/uploads\/2024\/12\/removal.ai_5b848c54-0cdf-4140-95c5-c5536bb7573b-logodef.png\",\"contentUrl\":\"https:\/\/aivlisoft.net\/shop\/wp-content\/uploads\/2024\/12\/removal.ai_5b848c54-0cdf-4140-95c5-c5536bb7573b-logodef.png\",\"width\":484,\"height\":182,\"caption\":\"Aivlisoft Inform\u00e1tica\"},\"image\":{\"@id\":\"https:\/\/aivlisoft.net\/shop\/#\/schema\/logo\/image\/\"}}]}<\/script>\n<!-- \/ Yoast SEO plugin. -->","yoast_head_json":{"title":"TP-Link SG2008P Switch 8xGb 4xPoE+ - Aivlisoft Inform\u00e1tica","robots":{"index":"index","follow":"follow","max-snippet":"max-snippet:-1","max-image-preview":"max-image-preview:large","max-video-preview":"max-video-preview:-1"},"canonical":"https:\/\/aivlisoft.net\/shop\/producto\/tp-link-sg2008p-switch-8xgb-4xpoe\/","og_locale":"es_ES","og_type":"article","og_title":"TP-Link SG2008P Switch 8xGb 4xPoE+ - Aivlisoft Inform\u00e1tica","og_description":"TL-SG2008P &#8211; Switch Smart Gigabit JetStream de 8 puertos con 4 puertos PoE+&#8211; Presupuesto PoE de 62 W: 4 puertos PoE + compatibles con 802.3at \/ af con un suministro total de 62 W *.&#8211; Puertos Gigabit: los puertos 4 &times; gigabit PoE + y los puertos 4 &times; gigabit no PoE proporcionan conexiones de&hellip;&nbsp;TP-Link SG2008P Switch 8xGb 4xPoE+","og_url":"https:\/\/aivlisoft.net\/shop\/producto\/tp-link-sg2008p-switch-8xgb-4xpoe\/","og_site_name":"Aivlisoft Inform\u00e1tica","article_modified_time":"2025-01-14T11:55:03+00:00","og_image":[{"width":800,"height":800,"url":"https:\/\/aivlisoft.net\/shop\/wp-content\/uploads\/2025\/01\/NSWSSO0278_800.jpg","type":"image\/jpeg"}],"twitter_card":"summary_large_image","twitter_misc":{"Tiempo de lectura":"2 minutos"},"schema":{"@context":"https:\/\/schema.org","@graph":[{"@type":"WebPage","@id":"https:\/\/aivlisoft.net\/shop\/producto\/tp-link-sg2008p-switch-8xgb-4xpoe\/","url":"https:\/\/aivlisoft.net\/shop\/producto\/tp-link-sg2008p-switch-8xgb-4xpoe\/","name":"TP-Link SG2008P Switch 8xGb 4xPoE+ - Aivlisoft Inform\u00e1tica","isPartOf":{"@id":"https:\/\/aivlisoft.net\/shop\/#website"},"primaryImageOfPage":{"@id":"https:\/\/aivlisoft.net\/shop\/producto\/tp-link-sg2008p-switch-8xgb-4xpoe\/#primaryimage"},"image":{"@id":"https:\/\/aivlisoft.net\/shop\/producto\/tp-link-sg2008p-switch-8xgb-4xpoe\/#primaryimage"},"thumbnailUrl":"https:\/\/aivlisoft.net\/shop\/wp-content\/uploads\/2025\/01\/NSWSSO0278_800.jpg","datePublished":"2025-01-13T15:51:36+00:00","dateModified":"2025-01-14T11:55:03+00:00","breadcrumb":{"@id":"https:\/\/aivlisoft.net\/shop\/producto\/tp-link-sg2008p-switch-8xgb-4xpoe\/#breadcrumb"},"inLanguage":"es","potentialAction":[{"@type":"ReadAction","target":["https:\/\/aivlisoft.net\/shop\/producto\/tp-link-sg2008p-switch-8xgb-4xpoe\/"]}]},{"@type":"ImageObject","inLanguage":"es","@id":"https:\/\/aivlisoft.net\/shop\/producto\/tp-link-sg2008p-switch-8xgb-4xpoe\/#primaryimage","url":"https:\/\/aivlisoft.net\/shop\/wp-content\/uploads\/2025\/01\/NSWSSO0278_800.jpg","contentUrl":"https:\/\/aivlisoft.net\/shop\/wp-content\/uploads\/2025\/01\/NSWSSO0278_800.jpg","width":800,"height":800},{"@type":"BreadcrumbList","@id":"https:\/\/aivlisoft.net\/shop\/producto\/tp-link-sg2008p-switch-8xgb-4xpoe\/#breadcrumb","itemListElement":[{"@type":"ListItem","position":1,"name":"Portada","item":"https:\/\/aivlisoft.net\/shop\/"},{"@type":"ListItem","position":2,"name":"Tienda","item":"https:\/\/aivlisoft.net\/shop\/tienda\/"},{"@type":"ListItem","position":3,"name":"TP-Link SG2008P Switch 8xGb 4xPoE+"}]},{"@type":"WebSite","@id":"https:\/\/aivlisoft.net\/shop\/#website","url":"https:\/\/aivlisoft.net\/shop\/","name":"Aivlisoft Inform\u00e1tica","description":"En Aivlisoft Inform\u00e1tica ofrecemos soluciones tecnol\u00f3gicas para empresas: venta de ordenadores, consumibles, perif\u00e9ricos y m\u00e1s. Calidad, atenci\u00f3n personalizada y los mejores precios para tu negocio.","publisher":{"@id":"https:\/\/aivlisoft.net\/shop\/#organization"},"potentialAction":[{"@type":"SearchAction","target":{"@type":"EntryPoint","urlTemplate":"https:\/\/aivlisoft.net\/shop\/?s={search_term_string}"},"query-input":{"@type":"PropertyValueSpecification","valueRequired":true,"valueName":"search_term_string"}}],"inLanguage":"es"},{"@type":"Organization","@id":"https:\/\/aivlisoft.net\/shop\/#organization","name":"Aivlisoft Inform\u00e1tica","url":"https:\/\/aivlisoft.net\/shop\/","logo":{"@type":"ImageObject","inLanguage":"es","@id":"https:\/\/aivlisoft.net\/shop\/#\/schema\/logo\/image\/","url":"https:\/\/aivlisoft.net\/shop\/wp-content\/uploads\/2024\/12\/removal.ai_5b848c54-0cdf-4140-95c5-c5536bb7573b-logodef.png","contentUrl":"https:\/\/aivlisoft.net\/shop\/wp-content\/uploads\/2024\/12\/removal.ai_5b848c54-0cdf-4140-95c5-c5536bb7573b-logodef.png","width":484,"height":182,"caption":"Aivlisoft Inform\u00e1tica"},"image":{"@id":"https:\/\/aivlisoft.net\/shop\/#\/schema\/logo\/image\/"}}]}},"_links":{"self":[{"href":"https:\/\/aivlisoft.net\/shop\/wp-json\/wp\/v2\/product\/21234","targetHints":{"allow":["GET"]}}],"collection":[{"href":"https:\/\/aivlisoft.net\/shop\/wp-json\/wp\/v2\/product"}],"about":[{"href":"https:\/\/aivlisoft.net\/shop\/wp-json\/wp\/v2\/types\/product"}],"wp:featuredmedia":[{"embeddable":true,"href":"https:\/\/aivlisoft.net\/shop\/wp-json\/wp\/v2\/media\/21235"}],"wp:attachment":[{"href":"https:\/\/aivlisoft.net\/shop\/wp-json\/wp\/v2\/media?parent=21234"}],"wp:term":[{"taxonomy":"product_brand","embeddable":true,"href":"https:\/\/aivlisoft.net\/shop\/wp-json\/wp\/v2\/product_brand?post=21234"},{"taxonomy":"product_cat","embeddable":true,"href":"https:\/\/aivlisoft.net\/shop\/wp-json\/wp\/v2\/product_cat?post=21234"},{"taxonomy":"product_tag","embeddable":true,"href":"https:\/\/aivlisoft.net\/shop\/wp-json\/wp\/v2\/product_tag?post=21234"}],"curies":[{"name":"wp","href":"https:\/\/api.w.org\/{rel}","templated":true}]}}