{"id":21226,"date":"2025-01-13T15:51:31","date_gmt":"2025-01-13T15:51:31","guid":{"rendered":"https:\/\/aivlisoft.com\/?post_type=product&#038;p=21226"},"modified":"2025-01-14T11:55:01","modified_gmt":"2025-01-14T11:55:01","slug":"d-link-dgs-1016s-e-switch-16x10-100-1000mbps-gbe","status":"publish","type":"product","link":"https:\/\/aivlisoft.net\/shop\/producto\/d-link-dgs-1016s-e-switch-16x10-100-1000mbps-gbe\/","title":{"rendered":"D-Link DGS-1016S\/E Switch 16&#215;10\/100\/1000Mbps GbE"},"content":{"rendered":"<p><\/p>\n<table class=\"tabla_caracteristicas k-table\" width=\"100%\">\n<tbody>\n<tr>\n<td><strong>Marca<\/strong><\/td>\n<td>D-Link<\/td>\n<\/tr>\n<tr>\n<td><strong>Modelo<\/strong><\/td>\n<td><strong>DGS-1016S<\/strong><\/td>\n<\/tr>\n<tr>\n<td><strong>Especificaciones<\/strong><\/td>\n<td>\n<div>&#8211; 16 puertos 10\/100\/1000 Mbps (LAN)<\/div>\n<div><strong>Est&aacute;ndares<\/strong><br \/>&#8211; IEEE 802.3 10BASE-T<br \/>&#8211; IEEE 802.3u 100BASE-TX<br \/>&#8211; IEEE 802.3ab 1000BASE-T<br \/>&#8211; IEEE 802.3x Flow Control<br \/>&#8211; IEEE 802.1p QoS<br \/>&#8211; IEEE 802.3az Energy-Efficient Ethernet (EEE)<\/div>\n<p><strong>Funcionalidad<\/strong><br \/>&#8211; Capacidad de conmutaci&oacute;n: 32 Gbps<br \/>&#8211; Caracter&iacute;sticas avanzadas<br \/>&nbsp;&nbsp; Cruce de Auto-MDI \/ MDIX para todos los puertos<br \/>&nbsp;&nbsp; Esquema de conmutaci&oacute;n seguro de almacenamiento y reenv&iacute;o<br \/>&nbsp;&nbsp; Full \/ half-duplex para velocidades de Ethernet \/ Fast Ethernet<br \/>&nbsp;&nbsp; Admite marcos jumbo de 9.216 bytes<br \/>&nbsp;&nbsp; Contrapresi&oacute;n en funcionamiento semid&uacute;plex<br \/>&nbsp;&nbsp; Recepci&oacute;n y transmisi&oacute;n a velocidad de cable<br \/>&nbsp;&nbsp; Negociaci&oacute;n autom&aacute;tica para cada puerto<br \/>&nbsp;&nbsp; Calidad de servicio (8 colas, modo estricto)<br \/>&#8211; Tasas de transferencia de datos<br \/>&nbsp;&nbsp; Ethernet:<br \/>&nbsp;&nbsp;&nbsp; 10 Mbps (semid&uacute;plex)<br \/>&nbsp;&nbsp;&nbsp; 20 Mbps (d&uacute;plex completo)<br \/>&nbsp;&nbsp; Ethernet r&aacute;pido:<br \/>&nbsp;&nbsp;&nbsp; 100 Mbps (semid&uacute;plex)<br \/>&nbsp;&nbsp;&nbsp; 200 Mbps (d&uacute;plex completo)<br \/>&nbsp;&nbsp; Gigabit Ethernet<br \/>&nbsp;&nbsp;&nbsp; 2000 Mbps (d&uacute;plex completo)<br \/>&#8211; M&eacute;todo de transmisi&oacute;n: almacenamiento y reenv&iacute;o<br \/>&#8211; Tama&ntilde;o de la tabla de direcciones MAC: 8K entradas<br \/>&#8211; Tasas de reenv&iacute;o \/ filtrado de paquetes<br \/>&nbsp; Ethernet: 14,880 pps por puerto<br \/>&nbsp;&nbsp; Fast Ethernet: 148,800 pps por puerto<br \/>&nbsp;&nbsp; Gigabit Ethernet: 1,488,000 pps por puerto<br \/>&#8211; B&uacute;fer RAM: 512 KB por dispositivo<strong><br \/><\/strong><strong>Caracter&iacute;sticas f&iacute;sicas<br \/><\/strong>&#8211; Indicadores LED<br \/>&nbsp;&nbsp; Por puerto: Enlace \/ Actividad \/ Velocidad<br \/>&nbsp;&nbsp; Por dispositivo: Encendido<br \/>&#8211; Intercambio de interfaz: ajuste autom&aacute;tico de MDI \/ MDIX para los puertos<br \/>&#8211; Dimensiones: 280 x 110 x 25 mm<br \/>&#8211; Peso: 0,77 kg<br \/>&#8211; Entrada de energ&iacute;a: 12 V \/ 1 A<br \/>&#8211; El consumo de energ&iacute;a<br \/>&nbsp;&nbsp; En espera: 3,37 W<br \/>&nbsp;&nbsp; M&aacute;ximo: 8,89 W<br \/>&#8211; Temperatura<br \/>&nbsp;&nbsp; En funcionamiento: 0 a 40 &deg; C<br \/>&nbsp;&nbsp; Almacenamiento: -40 a 70 &deg; C<br \/>&#8211; Humedad<br \/>&nbsp;&nbsp; En funcionamiento: 10% a 90% sin condensaci&oacute;n<br \/>&nbsp;&nbsp; Almacenamiento: 5% a 95% sin condensaci&oacute;n<br \/>&#8211; MTBF: 564,658 horas<br \/>&#8211; M&aacute;xima disipaci&oacute;n de calor: 30,32 BTU \/ h<br \/>&#8211; Emisiones (EMI)<br \/>&nbsp;&nbsp; CE Clase A<br \/>&nbsp;&nbsp; FCC Clase A<br \/>&nbsp;&nbsp; ICES 003<br \/>&nbsp;&nbsp; RCM<strong><\/strong><\/td>\n<\/tr>\n<tr>\n<td><strong>Fecha de revisi&oacute;n<\/strong><\/td>\n<td>10-11-2020 por MPM<\/td>\n<\/tr>\n<\/tbody>\n<\/table>\n","protected":false},"excerpt":{"rendered":"<p>Marca D-Link Modelo DGS-1016S Especificaciones &#8211; 16 puertos 10\/100\/1000 Mbps (LAN) Est&aacute;ndares&#8211; IEEE 802.3 10BASE-T&#8211; IEEE 802.3u 100BASE-TX&#8211; IEEE 802.3ab 1000BASE-T&#8211; IEEE 802.3x Flow Control&#8211; IEEE 802.1p QoS&#8211; IEEE 802.3az Energy-Efficient Ethernet (EEE) Funcionalidad&#8211; Capacidad de conmutaci&oacute;n: 32 Gbps&#8211; Caracter&iacute;sticas avanzadas&nbsp;&nbsp; Cruce de Auto-MDI \/ MDIX para todos los puertos&nbsp;&nbsp; Esquema de conmutaci&oacute;n seguro de&hellip;&nbsp;<a href=\"https:\/\/aivlisoft.net\/shop\/producto\/d-link-dgs-1016s-e-switch-16x10-100-1000mbps-gbe\/\" rel=\"bookmark\"><span class=\"screen-reader-text\">D-Link DGS-1016S\/E Switch 16&#215;10\/100\/1000Mbps GbE<\/span><\/a><\/p>\n","protected":false},"featured_media":21227,"template":"","meta":{"neve_meta_sidebar":"","neve_meta_container":"","neve_meta_enable_content_width":"","neve_meta_content_width":0,"neve_meta_title_alignment":"","neve_meta_author_avatar":"","neve_post_elements_order":"","neve_meta_disable_header":"","neve_meta_disable_footer":"","neve_meta_disable_title":""},"product_brand":[],"product_cat":[8773],"product_tag":[7516],"class_list":{"0":"post-21226","1":"product","2":"type-product","3":"status-publish","4":"has-post-thumbnail","6":"product_cat-switches-sobremesa","7":"product_tag-dgs-1016s-e","9":"first","10":"instock","11":"taxable","12":"shipping-taxable","13":"purchasable","14":"product-type-simple"},"yoast_head":"<!-- This site is optimized with the Yoast SEO plugin v26.0 - https:\/\/yoast.com\/wordpress\/plugins\/seo\/ -->\n<title>D-Link DGS-1016S\/E Switch 16x10\/100\/1000Mbps GbE - Aivlisoft Inform\u00e1tica<\/title>\n<meta name=\"robots\" content=\"index, follow, max-snippet:-1, max-image-preview:large, max-video-preview:-1\" \/>\n<link rel=\"canonical\" href=\"https:\/\/aivlisoft.net\/shop\/producto\/d-link-dgs-1016s-e-switch-16x10-100-1000mbps-gbe\/\" \/>\n<meta property=\"og:locale\" content=\"es_ES\" \/>\n<meta property=\"og:type\" content=\"article\" \/>\n<meta property=\"og:title\" content=\"D-Link DGS-1016S\/E Switch 16x10\/100\/1000Mbps GbE - Aivlisoft Inform\u00e1tica\" \/>\n<meta property=\"og:description\" content=\"Marca D-Link Modelo DGS-1016S Especificaciones &#8211; 16 puertos 10\/100\/1000 Mbps (LAN) Est&aacute;ndares&#8211; IEEE 802.3 10BASE-T&#8211; IEEE 802.3u 100BASE-TX&#8211; IEEE 802.3ab 1000BASE-T&#8211; IEEE 802.3x Flow Control&#8211; IEEE 802.1p QoS&#8211; IEEE 802.3az Energy-Efficient Ethernet (EEE) Funcionalidad&#8211; Capacidad de conmutaci&oacute;n: 32 Gbps&#8211; Caracter&iacute;sticas avanzadas&nbsp;&nbsp; Cruce de Auto-MDI \/ MDIX para todos los puertos&nbsp;&nbsp; Esquema de conmutaci&oacute;n seguro de&hellip;&nbsp;D-Link DGS-1016S\/E Switch 16&#215;10\/100\/1000Mbps GbE\" \/>\n<meta property=\"og:url\" content=\"https:\/\/aivlisoft.net\/shop\/producto\/d-link-dgs-1016s-e-switch-16x10-100-1000mbps-gbe\/\" \/>\n<meta property=\"og:site_name\" content=\"Aivlisoft Inform\u00e1tica\" \/>\n<meta property=\"article:modified_time\" content=\"2025-01-14T11:55:01+00:00\" \/>\n<meta property=\"og:image\" content=\"https:\/\/aivlisoft.net\/shop\/wp-content\/uploads\/2025\/01\/NSWSSO0274_800.jpg\" \/>\n\t<meta property=\"og:image:width\" content=\"800\" \/>\n\t<meta property=\"og:image:height\" content=\"800\" \/>\n\t<meta property=\"og:image:type\" content=\"image\/jpeg\" \/>\n<meta name=\"twitter:card\" content=\"summary_large_image\" \/>\n<meta name=\"twitter:label1\" content=\"Tiempo de lectura\" \/>\n\t<meta name=\"twitter:data1\" content=\"2 minutos\" \/>\n<script type=\"application\/ld+json\" class=\"yoast-schema-graph\">{\"@context\":\"https:\/\/schema.org\",\"@graph\":[{\"@type\":\"WebPage\",\"@id\":\"https:\/\/aivlisoft.net\/shop\/producto\/d-link-dgs-1016s-e-switch-16x10-100-1000mbps-gbe\/\",\"url\":\"https:\/\/aivlisoft.net\/shop\/producto\/d-link-dgs-1016s-e-switch-16x10-100-1000mbps-gbe\/\",\"name\":\"D-Link DGS-1016S\/E Switch 16x10\/100\/1000Mbps GbE - Aivlisoft Inform\u00e1tica\",\"isPartOf\":{\"@id\":\"https:\/\/aivlisoft.net\/shop\/#website\"},\"primaryImageOfPage\":{\"@id\":\"https:\/\/aivlisoft.net\/shop\/producto\/d-link-dgs-1016s-e-switch-16x10-100-1000mbps-gbe\/#primaryimage\"},\"image\":{\"@id\":\"https:\/\/aivlisoft.net\/shop\/producto\/d-link-dgs-1016s-e-switch-16x10-100-1000mbps-gbe\/#primaryimage\"},\"thumbnailUrl\":\"https:\/\/aivlisoft.net\/shop\/wp-content\/uploads\/2025\/01\/NSWSSO0274_800.jpg\",\"datePublished\":\"2025-01-13T15:51:31+00:00\",\"dateModified\":\"2025-01-14T11:55:01+00:00\",\"breadcrumb\":{\"@id\":\"https:\/\/aivlisoft.net\/shop\/producto\/d-link-dgs-1016s-e-switch-16x10-100-1000mbps-gbe\/#breadcrumb\"},\"inLanguage\":\"es\",\"potentialAction\":[{\"@type\":\"ReadAction\",\"target\":[\"https:\/\/aivlisoft.net\/shop\/producto\/d-link-dgs-1016s-e-switch-16x10-100-1000mbps-gbe\/\"]}]},{\"@type\":\"ImageObject\",\"inLanguage\":\"es\",\"@id\":\"https:\/\/aivlisoft.net\/shop\/producto\/d-link-dgs-1016s-e-switch-16x10-100-1000mbps-gbe\/#primaryimage\",\"url\":\"https:\/\/aivlisoft.net\/shop\/wp-content\/uploads\/2025\/01\/NSWSSO0274_800.jpg\",\"contentUrl\":\"https:\/\/aivlisoft.net\/shop\/wp-content\/uploads\/2025\/01\/NSWSSO0274_800.jpg\",\"width\":800,\"height\":800},{\"@type\":\"BreadcrumbList\",\"@id\":\"https:\/\/aivlisoft.net\/shop\/producto\/d-link-dgs-1016s-e-switch-16x10-100-1000mbps-gbe\/#breadcrumb\",\"itemListElement\":[{\"@type\":\"ListItem\",\"position\":1,\"name\":\"Portada\",\"item\":\"https:\/\/aivlisoft.net\/shop\/\"},{\"@type\":\"ListItem\",\"position\":2,\"name\":\"Tienda\",\"item\":\"https:\/\/aivlisoft.net\/shop\/tienda\/\"},{\"@type\":\"ListItem\",\"position\":3,\"name\":\"D-Link DGS-1016S\/E Switch 16&#215;10\/100\/1000Mbps GbE\"}]},{\"@type\":\"WebSite\",\"@id\":\"https:\/\/aivlisoft.net\/shop\/#website\",\"url\":\"https:\/\/aivlisoft.net\/shop\/\",\"name\":\"Aivlisoft Inform\u00e1tica\",\"description\":\"En Aivlisoft Inform\u00e1tica ofrecemos soluciones tecnol\u00f3gicas para empresas: venta de ordenadores, consumibles, perif\u00e9ricos y m\u00e1s. Calidad, atenci\u00f3n personalizada y los mejores precios para tu negocio.\",\"publisher\":{\"@id\":\"https:\/\/aivlisoft.net\/shop\/#organization\"},\"potentialAction\":[{\"@type\":\"SearchAction\",\"target\":{\"@type\":\"EntryPoint\",\"urlTemplate\":\"https:\/\/aivlisoft.net\/shop\/?s={search_term_string}\"},\"query-input\":{\"@type\":\"PropertyValueSpecification\",\"valueRequired\":true,\"valueName\":\"search_term_string\"}}],\"inLanguage\":\"es\"},{\"@type\":\"Organization\",\"@id\":\"https:\/\/aivlisoft.net\/shop\/#organization\",\"name\":\"Aivlisoft Inform\u00e1tica\",\"url\":\"https:\/\/aivlisoft.net\/shop\/\",\"logo\":{\"@type\":\"ImageObject\",\"inLanguage\":\"es\",\"@id\":\"https:\/\/aivlisoft.net\/shop\/#\/schema\/logo\/image\/\",\"url\":\"https:\/\/aivlisoft.net\/shop\/wp-content\/uploads\/2024\/12\/removal.ai_5b848c54-0cdf-4140-95c5-c5536bb7573b-logodef.png\",\"contentUrl\":\"https:\/\/aivlisoft.net\/shop\/wp-content\/uploads\/2024\/12\/removal.ai_5b848c54-0cdf-4140-95c5-c5536bb7573b-logodef.png\",\"width\":484,\"height\":182,\"caption\":\"Aivlisoft Inform\u00e1tica\"},\"image\":{\"@id\":\"https:\/\/aivlisoft.net\/shop\/#\/schema\/logo\/image\/\"}}]}<\/script>\n<!-- \/ Yoast SEO plugin. -->","yoast_head_json":{"title":"D-Link DGS-1016S\/E Switch 16x10\/100\/1000Mbps GbE - Aivlisoft Inform\u00e1tica","robots":{"index":"index","follow":"follow","max-snippet":"max-snippet:-1","max-image-preview":"max-image-preview:large","max-video-preview":"max-video-preview:-1"},"canonical":"https:\/\/aivlisoft.net\/shop\/producto\/d-link-dgs-1016s-e-switch-16x10-100-1000mbps-gbe\/","og_locale":"es_ES","og_type":"article","og_title":"D-Link DGS-1016S\/E Switch 16x10\/100\/1000Mbps GbE - Aivlisoft Inform\u00e1tica","og_description":"Marca D-Link Modelo DGS-1016S Especificaciones &#8211; 16 puertos 10\/100\/1000 Mbps (LAN) Est&aacute;ndares&#8211; IEEE 802.3 10BASE-T&#8211; IEEE 802.3u 100BASE-TX&#8211; IEEE 802.3ab 1000BASE-T&#8211; IEEE 802.3x Flow Control&#8211; IEEE 802.1p QoS&#8211; IEEE 802.3az Energy-Efficient Ethernet (EEE) Funcionalidad&#8211; Capacidad de conmutaci&oacute;n: 32 Gbps&#8211; Caracter&iacute;sticas avanzadas&nbsp;&nbsp; Cruce de Auto-MDI \/ MDIX para todos los puertos&nbsp;&nbsp; Esquema de conmutaci&oacute;n seguro de&hellip;&nbsp;D-Link DGS-1016S\/E Switch 16&#215;10\/100\/1000Mbps GbE","og_url":"https:\/\/aivlisoft.net\/shop\/producto\/d-link-dgs-1016s-e-switch-16x10-100-1000mbps-gbe\/","og_site_name":"Aivlisoft Inform\u00e1tica","article_modified_time":"2025-01-14T11:55:01+00:00","og_image":[{"width":800,"height":800,"url":"https:\/\/aivlisoft.net\/shop\/wp-content\/uploads\/2025\/01\/NSWSSO0274_800.jpg","type":"image\/jpeg"}],"twitter_card":"summary_large_image","twitter_misc":{"Tiempo de lectura":"2 minutos"},"schema":{"@context":"https:\/\/schema.org","@graph":[{"@type":"WebPage","@id":"https:\/\/aivlisoft.net\/shop\/producto\/d-link-dgs-1016s-e-switch-16x10-100-1000mbps-gbe\/","url":"https:\/\/aivlisoft.net\/shop\/producto\/d-link-dgs-1016s-e-switch-16x10-100-1000mbps-gbe\/","name":"D-Link DGS-1016S\/E Switch 16x10\/100\/1000Mbps GbE - Aivlisoft Inform\u00e1tica","isPartOf":{"@id":"https:\/\/aivlisoft.net\/shop\/#website"},"primaryImageOfPage":{"@id":"https:\/\/aivlisoft.net\/shop\/producto\/d-link-dgs-1016s-e-switch-16x10-100-1000mbps-gbe\/#primaryimage"},"image":{"@id":"https:\/\/aivlisoft.net\/shop\/producto\/d-link-dgs-1016s-e-switch-16x10-100-1000mbps-gbe\/#primaryimage"},"thumbnailUrl":"https:\/\/aivlisoft.net\/shop\/wp-content\/uploads\/2025\/01\/NSWSSO0274_800.jpg","datePublished":"2025-01-13T15:51:31+00:00","dateModified":"2025-01-14T11:55:01+00:00","breadcrumb":{"@id":"https:\/\/aivlisoft.net\/shop\/producto\/d-link-dgs-1016s-e-switch-16x10-100-1000mbps-gbe\/#breadcrumb"},"inLanguage":"es","potentialAction":[{"@type":"ReadAction","target":["https:\/\/aivlisoft.net\/shop\/producto\/d-link-dgs-1016s-e-switch-16x10-100-1000mbps-gbe\/"]}]},{"@type":"ImageObject","inLanguage":"es","@id":"https:\/\/aivlisoft.net\/shop\/producto\/d-link-dgs-1016s-e-switch-16x10-100-1000mbps-gbe\/#primaryimage","url":"https:\/\/aivlisoft.net\/shop\/wp-content\/uploads\/2025\/01\/NSWSSO0274_800.jpg","contentUrl":"https:\/\/aivlisoft.net\/shop\/wp-content\/uploads\/2025\/01\/NSWSSO0274_800.jpg","width":800,"height":800},{"@type":"BreadcrumbList","@id":"https:\/\/aivlisoft.net\/shop\/producto\/d-link-dgs-1016s-e-switch-16x10-100-1000mbps-gbe\/#breadcrumb","itemListElement":[{"@type":"ListItem","position":1,"name":"Portada","item":"https:\/\/aivlisoft.net\/shop\/"},{"@type":"ListItem","position":2,"name":"Tienda","item":"https:\/\/aivlisoft.net\/shop\/tienda\/"},{"@type":"ListItem","position":3,"name":"D-Link DGS-1016S\/E Switch 16&#215;10\/100\/1000Mbps GbE"}]},{"@type":"WebSite","@id":"https:\/\/aivlisoft.net\/shop\/#website","url":"https:\/\/aivlisoft.net\/shop\/","name":"Aivlisoft Inform\u00e1tica","description":"En Aivlisoft Inform\u00e1tica ofrecemos soluciones tecnol\u00f3gicas para empresas: venta de ordenadores, consumibles, perif\u00e9ricos y m\u00e1s. Calidad, atenci\u00f3n personalizada y los mejores precios para tu negocio.","publisher":{"@id":"https:\/\/aivlisoft.net\/shop\/#organization"},"potentialAction":[{"@type":"SearchAction","target":{"@type":"EntryPoint","urlTemplate":"https:\/\/aivlisoft.net\/shop\/?s={search_term_string}"},"query-input":{"@type":"PropertyValueSpecification","valueRequired":true,"valueName":"search_term_string"}}],"inLanguage":"es"},{"@type":"Organization","@id":"https:\/\/aivlisoft.net\/shop\/#organization","name":"Aivlisoft Inform\u00e1tica","url":"https:\/\/aivlisoft.net\/shop\/","logo":{"@type":"ImageObject","inLanguage":"es","@id":"https:\/\/aivlisoft.net\/shop\/#\/schema\/logo\/image\/","url":"https:\/\/aivlisoft.net\/shop\/wp-content\/uploads\/2024\/12\/removal.ai_5b848c54-0cdf-4140-95c5-c5536bb7573b-logodef.png","contentUrl":"https:\/\/aivlisoft.net\/shop\/wp-content\/uploads\/2024\/12\/removal.ai_5b848c54-0cdf-4140-95c5-c5536bb7573b-logodef.png","width":484,"height":182,"caption":"Aivlisoft Inform\u00e1tica"},"image":{"@id":"https:\/\/aivlisoft.net\/shop\/#\/schema\/logo\/image\/"}}]}},"_links":{"self":[{"href":"https:\/\/aivlisoft.net\/shop\/wp-json\/wp\/v2\/product\/21226","targetHints":{"allow":["GET"]}}],"collection":[{"href":"https:\/\/aivlisoft.net\/shop\/wp-json\/wp\/v2\/product"}],"about":[{"href":"https:\/\/aivlisoft.net\/shop\/wp-json\/wp\/v2\/types\/product"}],"wp:featuredmedia":[{"embeddable":true,"href":"https:\/\/aivlisoft.net\/shop\/wp-json\/wp\/v2\/media\/21227"}],"wp:attachment":[{"href":"https:\/\/aivlisoft.net\/shop\/wp-json\/wp\/v2\/media?parent=21226"}],"wp:term":[{"taxonomy":"product_brand","embeddable":true,"href":"https:\/\/aivlisoft.net\/shop\/wp-json\/wp\/v2\/product_brand?post=21226"},{"taxonomy":"product_cat","embeddable":true,"href":"https:\/\/aivlisoft.net\/shop\/wp-json\/wp\/v2\/product_cat?post=21226"},{"taxonomy":"product_tag","embeddable":true,"href":"https:\/\/aivlisoft.net\/shop\/wp-json\/wp\/v2\/product_tag?post=21226"}],"curies":[{"name":"wp","href":"https:\/\/api.w.org\/{rel}","templated":true}]}}