{"id":21218,"date":"2025-01-13T15:51:26","date_gmt":"2025-01-13T15:51:26","guid":{"rendered":"https:\/\/aivlisoft.com\/?post_type=product&#038;p=21218"},"modified":"2025-01-14T11:54:59","modified_gmt":"2025-01-14T11:54:59","slug":"tp-link-sg2210p-switch-8xgb-poe-2xsfp","status":"publish","type":"product","link":"https:\/\/aivlisoft.net\/shop\/producto\/tp-link-sg2210p-switch-8xgb-poe-2xsfp\/","title":{"rendered":"TP-LINK SG2210P Switch 8xGB PoE+ 2xSFP"},"content":{"rendered":"<p>&#8211; Cuenta con 8 puertos PoE con una potencia PoE total de 53W y caracter&iacute;sticas de administraci&oacute;n de energ&iacute;a PoE<br \/>&#8211; Conexiones Gigabit Ethernet en todos los puertos que proporcionan la m&aacute;xima velocidad de transferencia de datos<br \/>&#8211; Estrategias de seguridad integradas que incluyen 802.1Q VLAN, ACL, Seguridad por Puerto y control de tormentas que ayudan a proteger la inversi&oacute;n de LAN &aacute;rea<br \/>&#8211; Aplicaciones L2\/L3\/L4 QoS e IGMP snooping para optimizar voz y video<br \/>&#8211; Modos de gesti&oacute;n mediante WEB\/CLI, SNMP y RMON que disponen de numerosas funciones de administraci&oacute;n<br \/>&#8211; Innovadora tecnolog&iacute;a de eficiencia energ&eacute;tica que permite ahorrar hasta un 50% del consumo de energ&iacute;a<\/p>\n<table class=\"tabla_caracteristicas k-table\" width=\"100%\">\n<tbody>\n<tr>\n<td valign=\"top\"><strong>Marca<\/strong><\/td>\n<td>TP-Link<\/td>\n<\/tr>\n<tr>\n<td valign=\"top\"><strong>Modelo<\/strong><\/td>\n<td><strong>TL-SG2210P<\/strong><\/td>\n<\/tr>\n<tr>\n<td valign=\"top\"><strong>Caracter&iacute;sticas Hardware<\/strong><\/td>\n<td>&#8211; Est&aacute;ndares y Protocolos: IEEE 802.3i, IEEE 802.3u, IEEE 802.3z, IEEE 802.3ab,<br \/>&nbsp; IEEE 802.3ad, IEE 802.3af, IEEE 802.3x, IEEE 802.1d, IEEE 802.1s,<br \/>&nbsp; IEEE 802.1w, IEEE 802.1q, IEEE 802.1p<br \/>&#8211; Interfaz: 8 puertos 10\/100\/1000Mbps RJ45<br \/>&nbsp; 2 ranuras SFP 1000Mbps<br \/>&nbsp; (Auto-Negociaci&oacute;n\/Auto MDI\/MDIX)<br \/>&#8211; Medios de Red: 10BASE-T: Cable UTP categor&iacute;a 3, 4, 5 cable (m&aacute;ximo 100m)<br \/>&nbsp; 100BASE-TX\/1000Base-T: Cable UTP categor&iacute;a 5, 5e o superior (m&aacute;ximo 100m)<br \/>&nbsp; 100BASE-FX: MMF, SMF<br \/>&nbsp; 1000BASE-X: MMF, SMF<br \/>&#8211; Cantidad de Ventiladores: Sin ventiladores<br \/>&#8211; Fuente de Alimentaci&oacute;n: 100~240VAC, 50\/60Hz<br \/>&#8211; Consumo de Potencia: M&aacute;ximo (PoE on): 63.4W<br \/>&nbsp; M&aacute;ximo (PoE off): 10.4W<br \/>&#8211; Puertos PoE (RJ45): Est&aacute;ndar: Cumplen 802.3af<br \/>&nbsp; Puertos PoE: 8 Puertos<br \/>&nbsp; Potencia total disponible: 53W<br \/>&#8211; Dimensiones: (209 x 126 x 26mm)<\/td>\n<\/tr>\n<tr>\n<td><strong>Rendimiento<\/strong><\/td>\n<td>&#8211; Ancho de Banda \/ Backplane: 20Gbps<br \/>&#8211; Tasa de Reenv&iacute;o de Paquetes: 14.9Mpps<br \/>&#8211; Tabla de Direcciones MAC: 8k<br \/>&#8211; Memoria del Buffer de Paquete: 512KB<br \/>&#8211; Jumbo Frame: 9216 Bytes<\/td>\n<\/tr>\n<tr>\n<td><strong>Caracter&iacute;sticas Software<\/strong><\/td>\n<td>&#8211; Calidad de Servicio: Soporta prioridad 802.1p CoS\/DSCP<br \/>&nbsp; Soporta hasta 4 colas de prioridad<br \/>&nbsp; Programaci&oacute;n de colas: SP, WRR, SP+WRR<br \/>&nbsp; Limitaci&oacute;n del tr&aacute;fico basado en Puerto\/Flujo<br \/>&nbsp; VLAN de Voz<br \/>&#8211; VLAN: Soporta hasta 512 VLAN simult&aacute;neamente (de entre 4K VLAN IDs)<br \/>&#8211; Lista de Control de Acceso: Filtros por paquetes L2~L4 basados en direcciones MAC, direcciones IP, puertos TCP\/UDP, 802.1p, DSCP, protocolo e ID VLAN tanto en origen como destino<br \/>&nbsp; Basada en rangos de tiempo<br \/>&#8211; Seguridad: SSH v1\/v2<br \/>&nbsp; SSL v2\/v3\/TLSv1<br \/>&nbsp; Seguridad por Puerto<br \/>&nbsp; Control de tormentas de Broadcast\/Multicast\/Unicast desconocido<br \/>&#8211; Caracter&iacute;sticas de Conmutaci&oacute;n L2: Inspecci&oacute;n IGMP V1\/V2\/V3<br \/>&nbsp; 802.3ad LACP (Hasta 6 grupos de agregaci&oacute;n y 4 puertos por grupo)<br \/>&nbsp; Spanning Tree STP\/RSTP\/MSTP<br \/>&nbsp; BPDU Filtro\/Guarda<br \/>&nbsp; Protecci&oacute;n TC\/Root<br \/>&nbsp; Detecci&oacute;n de bucles<br \/>&nbsp; Control de flujo 802.3x<br \/>&nbsp; LLDP(LLDP-MED)<br \/>&#8211; Gesti&oacute;n: Gesti&oacute;n GUI basada en Web y CLI<br \/>&nbsp; SNMP v1\/v2c\/v3 compatible con MIBs p&uacute;blicas y privadas de TP-LINK<br \/>&nbsp; RMON (Grupos 1, 2, 3, 9)<br \/>&nbsp; Monitorizaci&oacute;n de CPU<br \/>&nbsp; Reflejo de puertos<br \/>&nbsp; Ajuste de la hora: SNTP<br \/>&nbsp; Actualizaci&oacute;n del firmware: TFTP &amp; Web<br \/>&nbsp; Diagn&oacute;stico del sistema: VCT<br \/>&nbsp; SYSLOG &amp; MIBS P&uacute;blicas<\/td>\n<\/tr>\n<tr>\n<td><strong>Contenido<\/strong><\/td>\n<td>&#8211; TL-SG2210P<br \/>&#8211; Adaptador de corriente<br \/>&#8211; Gu&iacute;a de Instalaci&oacute;n R&aacute;pida<br \/>&#8211; CD de Recursos<br \/>&#8211; Pies de goma<\/td>\n<\/tr>\n<tr>\n<td><strong>Fecha de revisi&oacute;n<\/strong><\/td>\n<td>30-09-2020 por MSB<\/td>\n<\/tr>\n<\/tbody>\n<\/table>\n","protected":false},"excerpt":{"rendered":"<p>&#8211; Cuenta con 8 puertos PoE con una potencia PoE total de 53W y caracter&iacute;sticas de administraci&oacute;n de energ&iacute;a PoE&#8211; Conexiones Gigabit Ethernet en todos los puertos que proporcionan la m&aacute;xima velocidad de transferencia de datos&#8211; Estrategias de seguridad integradas que incluyen 802.1Q VLAN, ACL, Seguridad por Puerto y control de tormentas que ayudan a&hellip;&nbsp;<a href=\"https:\/\/aivlisoft.net\/shop\/producto\/tp-link-sg2210p-switch-8xgb-poe-2xsfp\/\" rel=\"bookmark\"><span class=\"screen-reader-text\">TP-LINK SG2210P Switch 8xGB PoE+ 2xSFP<\/span><\/a><\/p>\n","protected":false},"featured_media":21219,"template":"","meta":{"neve_meta_sidebar":"","neve_meta_container":"","neve_meta_enable_content_width":"","neve_meta_content_width":0,"neve_meta_title_alignment":"","neve_meta_author_avatar":"","neve_post_elements_order":"","neve_meta_disable_header":"","neve_meta_disable_footer":"","neve_meta_disable_title":""},"product_brand":[],"product_cat":[8773],"product_tag":[7514],"class_list":{"0":"post-21218","1":"product","2":"type-product","3":"status-publish","4":"has-post-thumbnail","6":"product_cat-switches-sobremesa","7":"product_tag-sg2210p","9":"first","10":"instock","11":"taxable","12":"shipping-taxable","13":"purchasable","14":"product-type-simple"},"yoast_head":"<!-- This site is optimized with the Yoast SEO plugin v26.0 - https:\/\/yoast.com\/wordpress\/plugins\/seo\/ -->\n<title>TP-LINK SG2210P Switch 8xGB PoE+ 2xSFP - Aivlisoft Inform\u00e1tica<\/title>\n<meta name=\"robots\" content=\"index, follow, max-snippet:-1, max-image-preview:large, max-video-preview:-1\" \/>\n<link rel=\"canonical\" href=\"https:\/\/aivlisoft.net\/shop\/producto\/tp-link-sg2210p-switch-8xgb-poe-2xsfp\/\" \/>\n<meta property=\"og:locale\" content=\"es_ES\" \/>\n<meta property=\"og:type\" content=\"article\" \/>\n<meta property=\"og:title\" content=\"TP-LINK SG2210P Switch 8xGB PoE+ 2xSFP - Aivlisoft Inform\u00e1tica\" \/>\n<meta property=\"og:description\" content=\"&#8211; Cuenta con 8 puertos PoE con una potencia PoE total de 53W y caracter&iacute;sticas de administraci&oacute;n de energ&iacute;a PoE&#8211; Conexiones Gigabit Ethernet en todos los puertos que proporcionan la m&aacute;xima velocidad de transferencia de datos&#8211; Estrategias de seguridad integradas que incluyen 802.1Q VLAN, ACL, Seguridad por Puerto y control de tormentas que ayudan a&hellip;&nbsp;TP-LINK SG2210P Switch 8xGB PoE+ 2xSFP\" \/>\n<meta property=\"og:url\" content=\"https:\/\/aivlisoft.net\/shop\/producto\/tp-link-sg2210p-switch-8xgb-poe-2xsfp\/\" \/>\n<meta property=\"og:site_name\" content=\"Aivlisoft Inform\u00e1tica\" \/>\n<meta property=\"article:modified_time\" content=\"2025-01-14T11:54:59+00:00\" \/>\n<meta property=\"og:image\" content=\"https:\/\/aivlisoft.net\/shop\/wp-content\/uploads\/2025\/01\/NSWSSO0270_800.jpg\" \/>\n\t<meta property=\"og:image:width\" content=\"800\" \/>\n\t<meta property=\"og:image:height\" content=\"800\" \/>\n\t<meta property=\"og:image:type\" content=\"image\/jpeg\" \/>\n<meta name=\"twitter:card\" content=\"summary_large_image\" \/>\n<meta name=\"twitter:label1\" content=\"Tiempo de lectura\" \/>\n\t<meta name=\"twitter:data1\" content=\"3 minutos\" \/>\n<script type=\"application\/ld+json\" class=\"yoast-schema-graph\">{\"@context\":\"https:\/\/schema.org\",\"@graph\":[{\"@type\":\"WebPage\",\"@id\":\"https:\/\/aivlisoft.net\/shop\/producto\/tp-link-sg2210p-switch-8xgb-poe-2xsfp\/\",\"url\":\"https:\/\/aivlisoft.net\/shop\/producto\/tp-link-sg2210p-switch-8xgb-poe-2xsfp\/\",\"name\":\"TP-LINK SG2210P Switch 8xGB PoE+ 2xSFP - Aivlisoft Inform\u00e1tica\",\"isPartOf\":{\"@id\":\"https:\/\/aivlisoft.net\/shop\/#website\"},\"primaryImageOfPage\":{\"@id\":\"https:\/\/aivlisoft.net\/shop\/producto\/tp-link-sg2210p-switch-8xgb-poe-2xsfp\/#primaryimage\"},\"image\":{\"@id\":\"https:\/\/aivlisoft.net\/shop\/producto\/tp-link-sg2210p-switch-8xgb-poe-2xsfp\/#primaryimage\"},\"thumbnailUrl\":\"https:\/\/aivlisoft.net\/shop\/wp-content\/uploads\/2025\/01\/NSWSSO0270_800.jpg\",\"datePublished\":\"2025-01-13T15:51:26+00:00\",\"dateModified\":\"2025-01-14T11:54:59+00:00\",\"breadcrumb\":{\"@id\":\"https:\/\/aivlisoft.net\/shop\/producto\/tp-link-sg2210p-switch-8xgb-poe-2xsfp\/#breadcrumb\"},\"inLanguage\":\"es\",\"potentialAction\":[{\"@type\":\"ReadAction\",\"target\":[\"https:\/\/aivlisoft.net\/shop\/producto\/tp-link-sg2210p-switch-8xgb-poe-2xsfp\/\"]}]},{\"@type\":\"ImageObject\",\"inLanguage\":\"es\",\"@id\":\"https:\/\/aivlisoft.net\/shop\/producto\/tp-link-sg2210p-switch-8xgb-poe-2xsfp\/#primaryimage\",\"url\":\"https:\/\/aivlisoft.net\/shop\/wp-content\/uploads\/2025\/01\/NSWSSO0270_800.jpg\",\"contentUrl\":\"https:\/\/aivlisoft.net\/shop\/wp-content\/uploads\/2025\/01\/NSWSSO0270_800.jpg\",\"width\":800,\"height\":800},{\"@type\":\"BreadcrumbList\",\"@id\":\"https:\/\/aivlisoft.net\/shop\/producto\/tp-link-sg2210p-switch-8xgb-poe-2xsfp\/#breadcrumb\",\"itemListElement\":[{\"@type\":\"ListItem\",\"position\":1,\"name\":\"Portada\",\"item\":\"https:\/\/aivlisoft.net\/shop\/\"},{\"@type\":\"ListItem\",\"position\":2,\"name\":\"Tienda\",\"item\":\"https:\/\/aivlisoft.net\/shop\/tienda\/\"},{\"@type\":\"ListItem\",\"position\":3,\"name\":\"TP-LINK SG2210P Switch 8xGB PoE+ 2xSFP\"}]},{\"@type\":\"WebSite\",\"@id\":\"https:\/\/aivlisoft.net\/shop\/#website\",\"url\":\"https:\/\/aivlisoft.net\/shop\/\",\"name\":\"Aivlisoft Inform\u00e1tica\",\"description\":\"En Aivlisoft Inform\u00e1tica ofrecemos soluciones tecnol\u00f3gicas para empresas: venta de ordenadores, consumibles, perif\u00e9ricos y m\u00e1s. Calidad, atenci\u00f3n personalizada y los mejores precios para tu negocio.\",\"publisher\":{\"@id\":\"https:\/\/aivlisoft.net\/shop\/#organization\"},\"potentialAction\":[{\"@type\":\"SearchAction\",\"target\":{\"@type\":\"EntryPoint\",\"urlTemplate\":\"https:\/\/aivlisoft.net\/shop\/?s={search_term_string}\"},\"query-input\":{\"@type\":\"PropertyValueSpecification\",\"valueRequired\":true,\"valueName\":\"search_term_string\"}}],\"inLanguage\":\"es\"},{\"@type\":\"Organization\",\"@id\":\"https:\/\/aivlisoft.net\/shop\/#organization\",\"name\":\"Aivlisoft Inform\u00e1tica\",\"url\":\"https:\/\/aivlisoft.net\/shop\/\",\"logo\":{\"@type\":\"ImageObject\",\"inLanguage\":\"es\",\"@id\":\"https:\/\/aivlisoft.net\/shop\/#\/schema\/logo\/image\/\",\"url\":\"https:\/\/aivlisoft.net\/shop\/wp-content\/uploads\/2024\/12\/removal.ai_5b848c54-0cdf-4140-95c5-c5536bb7573b-logodef.png\",\"contentUrl\":\"https:\/\/aivlisoft.net\/shop\/wp-content\/uploads\/2024\/12\/removal.ai_5b848c54-0cdf-4140-95c5-c5536bb7573b-logodef.png\",\"width\":484,\"height\":182,\"caption\":\"Aivlisoft Inform\u00e1tica\"},\"image\":{\"@id\":\"https:\/\/aivlisoft.net\/shop\/#\/schema\/logo\/image\/\"}}]}<\/script>\n<!-- \/ Yoast SEO plugin. -->","yoast_head_json":{"title":"TP-LINK SG2210P Switch 8xGB PoE+ 2xSFP - Aivlisoft Inform\u00e1tica","robots":{"index":"index","follow":"follow","max-snippet":"max-snippet:-1","max-image-preview":"max-image-preview:large","max-video-preview":"max-video-preview:-1"},"canonical":"https:\/\/aivlisoft.net\/shop\/producto\/tp-link-sg2210p-switch-8xgb-poe-2xsfp\/","og_locale":"es_ES","og_type":"article","og_title":"TP-LINK SG2210P Switch 8xGB PoE+ 2xSFP - Aivlisoft Inform\u00e1tica","og_description":"&#8211; Cuenta con 8 puertos PoE con una potencia PoE total de 53W y caracter&iacute;sticas de administraci&oacute;n de energ&iacute;a PoE&#8211; Conexiones Gigabit Ethernet en todos los puertos que proporcionan la m&aacute;xima velocidad de transferencia de datos&#8211; Estrategias de seguridad integradas que incluyen 802.1Q VLAN, ACL, Seguridad por Puerto y control de tormentas que ayudan a&hellip;&nbsp;TP-LINK SG2210P Switch 8xGB PoE+ 2xSFP","og_url":"https:\/\/aivlisoft.net\/shop\/producto\/tp-link-sg2210p-switch-8xgb-poe-2xsfp\/","og_site_name":"Aivlisoft Inform\u00e1tica","article_modified_time":"2025-01-14T11:54:59+00:00","og_image":[{"width":800,"height":800,"url":"https:\/\/aivlisoft.net\/shop\/wp-content\/uploads\/2025\/01\/NSWSSO0270_800.jpg","type":"image\/jpeg"}],"twitter_card":"summary_large_image","twitter_misc":{"Tiempo de lectura":"3 minutos"},"schema":{"@context":"https:\/\/schema.org","@graph":[{"@type":"WebPage","@id":"https:\/\/aivlisoft.net\/shop\/producto\/tp-link-sg2210p-switch-8xgb-poe-2xsfp\/","url":"https:\/\/aivlisoft.net\/shop\/producto\/tp-link-sg2210p-switch-8xgb-poe-2xsfp\/","name":"TP-LINK SG2210P Switch 8xGB PoE+ 2xSFP - Aivlisoft Inform\u00e1tica","isPartOf":{"@id":"https:\/\/aivlisoft.net\/shop\/#website"},"primaryImageOfPage":{"@id":"https:\/\/aivlisoft.net\/shop\/producto\/tp-link-sg2210p-switch-8xgb-poe-2xsfp\/#primaryimage"},"image":{"@id":"https:\/\/aivlisoft.net\/shop\/producto\/tp-link-sg2210p-switch-8xgb-poe-2xsfp\/#primaryimage"},"thumbnailUrl":"https:\/\/aivlisoft.net\/shop\/wp-content\/uploads\/2025\/01\/NSWSSO0270_800.jpg","datePublished":"2025-01-13T15:51:26+00:00","dateModified":"2025-01-14T11:54:59+00:00","breadcrumb":{"@id":"https:\/\/aivlisoft.net\/shop\/producto\/tp-link-sg2210p-switch-8xgb-poe-2xsfp\/#breadcrumb"},"inLanguage":"es","potentialAction":[{"@type":"ReadAction","target":["https:\/\/aivlisoft.net\/shop\/producto\/tp-link-sg2210p-switch-8xgb-poe-2xsfp\/"]}]},{"@type":"ImageObject","inLanguage":"es","@id":"https:\/\/aivlisoft.net\/shop\/producto\/tp-link-sg2210p-switch-8xgb-poe-2xsfp\/#primaryimage","url":"https:\/\/aivlisoft.net\/shop\/wp-content\/uploads\/2025\/01\/NSWSSO0270_800.jpg","contentUrl":"https:\/\/aivlisoft.net\/shop\/wp-content\/uploads\/2025\/01\/NSWSSO0270_800.jpg","width":800,"height":800},{"@type":"BreadcrumbList","@id":"https:\/\/aivlisoft.net\/shop\/producto\/tp-link-sg2210p-switch-8xgb-poe-2xsfp\/#breadcrumb","itemListElement":[{"@type":"ListItem","position":1,"name":"Portada","item":"https:\/\/aivlisoft.net\/shop\/"},{"@type":"ListItem","position":2,"name":"Tienda","item":"https:\/\/aivlisoft.net\/shop\/tienda\/"},{"@type":"ListItem","position":3,"name":"TP-LINK SG2210P Switch 8xGB PoE+ 2xSFP"}]},{"@type":"WebSite","@id":"https:\/\/aivlisoft.net\/shop\/#website","url":"https:\/\/aivlisoft.net\/shop\/","name":"Aivlisoft Inform\u00e1tica","description":"En Aivlisoft Inform\u00e1tica ofrecemos soluciones tecnol\u00f3gicas para empresas: venta de ordenadores, consumibles, perif\u00e9ricos y m\u00e1s. Calidad, atenci\u00f3n personalizada y los mejores precios para tu negocio.","publisher":{"@id":"https:\/\/aivlisoft.net\/shop\/#organization"},"potentialAction":[{"@type":"SearchAction","target":{"@type":"EntryPoint","urlTemplate":"https:\/\/aivlisoft.net\/shop\/?s={search_term_string}"},"query-input":{"@type":"PropertyValueSpecification","valueRequired":true,"valueName":"search_term_string"}}],"inLanguage":"es"},{"@type":"Organization","@id":"https:\/\/aivlisoft.net\/shop\/#organization","name":"Aivlisoft Inform\u00e1tica","url":"https:\/\/aivlisoft.net\/shop\/","logo":{"@type":"ImageObject","inLanguage":"es","@id":"https:\/\/aivlisoft.net\/shop\/#\/schema\/logo\/image\/","url":"https:\/\/aivlisoft.net\/shop\/wp-content\/uploads\/2024\/12\/removal.ai_5b848c54-0cdf-4140-95c5-c5536bb7573b-logodef.png","contentUrl":"https:\/\/aivlisoft.net\/shop\/wp-content\/uploads\/2024\/12\/removal.ai_5b848c54-0cdf-4140-95c5-c5536bb7573b-logodef.png","width":484,"height":182,"caption":"Aivlisoft Inform\u00e1tica"},"image":{"@id":"https:\/\/aivlisoft.net\/shop\/#\/schema\/logo\/image\/"}}]}},"_links":{"self":[{"href":"https:\/\/aivlisoft.net\/shop\/wp-json\/wp\/v2\/product\/21218","targetHints":{"allow":["GET"]}}],"collection":[{"href":"https:\/\/aivlisoft.net\/shop\/wp-json\/wp\/v2\/product"}],"about":[{"href":"https:\/\/aivlisoft.net\/shop\/wp-json\/wp\/v2\/types\/product"}],"wp:featuredmedia":[{"embeddable":true,"href":"https:\/\/aivlisoft.net\/shop\/wp-json\/wp\/v2\/media\/21219"}],"wp:attachment":[{"href":"https:\/\/aivlisoft.net\/shop\/wp-json\/wp\/v2\/media?parent=21218"}],"wp:term":[{"taxonomy":"product_brand","embeddable":true,"href":"https:\/\/aivlisoft.net\/shop\/wp-json\/wp\/v2\/product_brand?post=21218"},{"taxonomy":"product_cat","embeddable":true,"href":"https:\/\/aivlisoft.net\/shop\/wp-json\/wp\/v2\/product_cat?post=21218"},{"taxonomy":"product_tag","embeddable":true,"href":"https:\/\/aivlisoft.net\/shop\/wp-json\/wp\/v2\/product_tag?post=21218"}],"curies":[{"name":"wp","href":"https:\/\/api.w.org\/{rel}","templated":true}]}}