{"id":21210,"date":"2025-01-13T15:51:22","date_gmt":"2025-01-13T15:51:22","guid":{"rendered":"https:\/\/aivlisoft.com\/?post_type=product&#038;p=21210"},"modified":"2025-01-14T11:54:58","modified_gmt":"2025-01-14T11:54:58","slug":"tp-link-sg2428p-switch-4xgb-24xpoe-enrackable","status":"publish","type":"product","link":"https:\/\/aivlisoft.net\/shop\/producto\/tp-link-sg2428p-switch-4xgb-24xpoe-enrackable\/","title":{"rendered":"TP-LINK SG2428P Switch 4xGB 24xPoE+ Enrackable"},"content":{"rendered":"<p>&#8211; Rendimiento PoE+ de hasta 250W: puertos PoE + compatibles con 24 &times; 802.3at \/ af con una fuente de alimentaci&oacute;n total de 250 W *.<br \/>&#8211; Puertos Gigabit completos: los puertos PoE + de 24 &times; gigabit y las ranuras SFP de 4 &times; gigabit proporcionan conexiones de alta velocidad.<br \/>&#8211; Integrado en Omada SDN: Zero-Touch Provisioning (ZTP) **, Administraci&oacute;n centralizada en la nube y Monitorizaci&oacute;n inteligente.<br \/>&#8211; Administraci&oacute;n centralizada: acceso a la nube y aplicaci&oacute;n Omada para una comodidad y administraci&oacute;n f&aacute;ciles.<br \/>&#8211; Enrutamiento est&aacute;tico: ayuda a enrutar el tr&aacute;fico interno para un uso m&aacute;s eficiente de los recursos de la red.<br \/>&#8211; Estrategias de seguridad s&oacute;lidas: enlace de puertos IP-MAC, ACL, seguridad de puertos, defensa DoS, control de tormentas, DHCP Snooping, 802.1X, autenticaci&oacute;n de radio y m&aacute;s.<br \/>&#8211; Optimice las aplicaciones de voz y video: L2 \/ L3 \/ L4 QoS e IGMP snooping.<br \/>&#8211; IPv6: soporte IPv6 con doble pila IPv4 \/ IPv6, indagaci&oacute;n MLD, descubrimiento de vecinos IPv6.<\/p>\n<table class=\"tabla_caracteristicas k-table\" width=\"100%\">\n<tbody>\n<tr>\n<td valign=\"top\"><strong>Marca<\/strong><\/td>\n<td>TP-Link<\/td>\n<\/tr>\n<tr>\n<td valign=\"top\"><strong>Modelo<\/strong><\/td>\n<td valign=\"top\"><strong>TL-SG2428P<\/strong><\/td>\n<\/tr>\n<tr>\n<td valign=\"top\"><strong>Caracter&iacute;sticas de Hardware<\/strong><\/td>\n<td valign=\"top\">&#8211; Est&aacute;ndares y Protocolos: IEEE 802.3i, IEEE 802.3u, IEEE 802.3ab, IEEE802.3z, IEEE 802.3ad, IEEE 802.3x, IEEE 802.3az, IEEE 802.1d, IEEE 802.1s, IEEE 802.1w, IEEE 802.1q, IEEE 802.1p, IEEE 802.1x<br \/>&#8211; Interfaz:<br \/>&nbsp; 24 puertos RJ45 10\/100\/1000 Mbps (Negociaci&oacute;n autom&aacute;tica \/ Auto MDI \/ MDIX)<br \/>&nbsp; 4 &times; ranuras SFP Gigabit<br \/>&#8211; Medios de Red:<br \/>&nbsp; 10BASE-T: cable UTP categor&iacute;a 3, 4, 5 (m&aacute;ximo 100 m)<br \/>&nbsp; 100BASE-TX \/ 1000Base-T: cable UTP categor&iacute;a 5, 5e o superior (m&aacute;ximo 100 m)<br \/>&nbsp; 1000BASE-X: MMF, SMF<br \/>&#8211; Cantidad de Ventiladores: 2<br \/>&#8211; Puertos PoE+ (RJ45):<br \/>&nbsp; Est&aacute;ndar: compatible con 802.3at \/ af<br \/>&nbsp; Puertos PoE +: 24 puertos<br \/>&nbsp; Suministro PoE: 250 W<br \/>&#8211; Dimensiones: 440 &times; 220 &times; 44 mm (17.3 &times; 8.7 &times; 1.73 in)<br \/>&#8211; Montaje: Montaje en rack<br \/>&#8211; Consumo de Potencia M&aacute;ximo:<br \/>&nbsp; 32.1 W (110 V\/ 60 Hz with no PD connected)<br \/>&nbsp; 308.6 W (110 V\/ 60 Hz with 250 W PD connected)<\/td>\n<\/tr>\n<tr>\n<td valign=\"top\"><strong>Rendimiento<\/strong><\/td>\n<td valign=\"top\">&#8211; Ancho de Banda \/ Backplane: 56 Gbps<br \/>&#8211; Tasa de Reenv&iacute;o de Paquetes: 41.7 Mpps<br \/>&#8211; Tabla de Direcciones MAC: 8K<br \/>&#8211; Memoria del Buffer de Paquete: 4.1 Mbit<br \/>&#8211; Jumbo Frame: 9KB<\/td>\n<\/tr>\n<tr>\n<td valign=\"top\"><strong>Caracter&iacute;sticas de Software<\/strong><\/td>\n<td valign=\"top\">&#8211; Calidad de Servicio:<br \/>&nbsp; Soporta prioridad 802.1p CoS \/ DSCP<br \/>&nbsp; Soporta 8 colas prioritarias<br \/>&nbsp; Programaci&oacute;n de cola: SP, WRR, SP + WRR<br \/>&nbsp; Limitaci&oacute;n de velocidad basada en puerto \/ flujo<br \/>&nbsp; IPv6 QoS<br \/>&nbsp; VLAN de voz<br \/>&#8211; Caracter&iacute;sticas L2 y L2+:<br \/>&nbsp; Static Routing<br \/>&nbsp; DHCP Relay<br \/>&nbsp; DHCP Server<br \/>&nbsp; IGMP Snooping V1\/V2\/V3<br \/>&nbsp; 802.3ad LACP (Up to 8 aggregation groups, containing 8 ports per group)<br \/>&nbsp; Spanning Tree STP\/RSTP\/MSTP<br \/>&nbsp; BPDU Filtering\/Guard<br \/>&nbsp; TC\/Root Protect<br \/>&nbsp; Loopback detection<br \/>&nbsp; 802.3x Flow Control<br \/>&nbsp; LLDP, LLDP-MED<br \/>&#8211; VLAN:<br \/>&nbsp; Admite hasta 4K VLAN simult&aacute;neamente (fuera de las ID de VLAN 4K)<br \/>&nbsp; MAC \/ VLAN basada en protocolo<br \/>&#8211; Lista de Control de Acceso:<br \/>&nbsp; Filtrado de paquetes L2 &ndash; L4<br \/>&nbsp; MAC ACL<br \/>&nbsp; IP ACL<br \/>&nbsp; ACL combinado<br \/>&nbsp; IPv6 ACL<br \/>&#8211; Seguridad:<br \/>&nbsp; AAA<br \/>&nbsp; Port Security<br \/>&nbsp; DHCP Snooping<br \/>&nbsp; IP-MAC-Port Binding<br \/>&nbsp; IPv6-MAC-Port Binding<br \/>&nbsp; ARP Inspection<br \/>&nbsp; 802.1x and Radius Authentication<br \/>&nbsp; SSH v1\/v2<br \/>&nbsp; SSL v3\/TLSv1.2<br \/>&nbsp; Broadcast\/Multicast\/Unknown-unicast Storm Control<br \/>&nbsp; Dos Defend<br \/>&#8211; IPv6:<br \/>&nbsp; Doble pila IPv4 \/ IPv6<br \/>&nbsp; Snooping de descubrimiento de escucha de multidifusi&oacute;n (MLD)<br \/>&nbsp; Descubrimiento de vecinos IPv6 (ND)<br \/>&nbsp; Descubrimiento de la unidad de transmisi&oacute;n m&aacute;xima de ruta (MTU)<br \/>&nbsp; Protocolo de mensajes de control de Internet (ICMP) versi&oacute;n 6<br \/>&nbsp; TCPv6 \/ UDPv6<br \/>&#8211; Aplicaciones IPv6:<br \/>&nbsp; DHCPv6 Client<br \/>&nbsp; Ping6<br \/>&nbsp; Tracert6<br \/>&nbsp; Telnet (v6)<br \/>&nbsp; IPv6 SNMP<br \/>&nbsp; IPv6 SSH<br \/>&nbsp; IPv6 SSL<br \/>&nbsp; Http\/Https<br \/>&nbsp; IPv6 TFTP<\/td>\n<\/tr>\n<tr>\n<td valign=\"top\"><strong>Gesti&oacute;n<\/strong><\/td>\n<td valign=\"top\">&#8211; Omada App: Si<br \/>&#8211; Centralized Management:<br \/>&nbsp; Omada Cloud-Based Controller<br \/>&nbsp; Omada Hardware Controller (OC300)<br \/>&nbsp; Omada Hardware Controller (OC200)<br \/>&nbsp; Omada Software Controller<br \/>&#8211; Cloud Access: S&iacute; (a trav&eacute;s de OC300, OC200, Controlador Omada en la Nube o Controlador Omada Software)<br \/>&#8211; Management Features:<br \/>&nbsp; Gesti&oacute;n de GUI y CLI basada en web<br \/>&nbsp; SNMP v1 \/ v2c \/ v3, compatible con MIB p&uacute;blicas y MIB privadas TP-Link<br \/>&nbsp; RMON (1, 2, 3, 9 grupos)<br \/>&nbsp; Monitoreo de la CPU<br \/>&nbsp; Port Mirroring<br \/>&nbsp; Actualizaci&oacute;n de firmware: TFTP y web<br \/>&nbsp; Diagn&oacute;stico del sistema: VCT<br \/>&nbsp; SYSLOG y MIBS p&uacute;blicos<br \/>&nbsp; Imagen dual<br \/>&nbsp; EEE<\/td>\n<\/tr>\n<tr>\n<td valign=\"top\"><strong>Fecha de revisi&oacute;n<\/strong><\/td>\n<td>25-09-2020 por MSB<\/td>\n<\/tr>\n<\/tbody>\n<\/table>\n","protected":false},"excerpt":{"rendered":"<p>&#8211; Rendimiento PoE+ de hasta 250W: puertos PoE + compatibles con 24 &times; 802.3at \/ af con una fuente de alimentaci&oacute;n total de 250 W *.&#8211; Puertos Gigabit completos: los puertos PoE + de 24 &times; gigabit y las ranuras SFP de 4 &times; gigabit proporcionan conexiones de alta velocidad.&#8211; Integrado en Omada SDN: Zero-Touch&hellip;&nbsp;<a href=\"https:\/\/aivlisoft.net\/shop\/producto\/tp-link-sg2428p-switch-4xgb-24xpoe-enrackable\/\" rel=\"bookmark\"><span class=\"screen-reader-text\">TP-LINK SG2428P Switch 4xGB 24xPoE+ Enrackable<\/span><\/a><\/p>\n","protected":false},"featured_media":21211,"template":"","meta":{"neve_meta_sidebar":"","neve_meta_container":"","neve_meta_enable_content_width":"","neve_meta_content_width":0,"neve_meta_title_alignment":"","neve_meta_author_avatar":"","neve_post_elements_order":"","neve_meta_disable_header":"","neve_meta_disable_footer":"","neve_meta_disable_title":""},"product_brand":[],"product_cat":[8773],"product_tag":[7512],"class_list":{"0":"post-21210","1":"product","2":"type-product","3":"status-publish","4":"has-post-thumbnail","6":"product_cat-switches-sobremesa","7":"product_tag-sg2428p","9":"first","10":"instock","11":"taxable","12":"shipping-taxable","13":"purchasable","14":"product-type-simple"},"yoast_head":"<!-- This site is optimized with the Yoast SEO plugin v26.0 - https:\/\/yoast.com\/wordpress\/plugins\/seo\/ -->\n<title>TP-LINK SG2428P Switch 4xGB 24xPoE+ Enrackable - Aivlisoft Inform\u00e1tica<\/title>\n<meta name=\"robots\" content=\"index, follow, max-snippet:-1, max-image-preview:large, max-video-preview:-1\" \/>\n<link rel=\"canonical\" href=\"https:\/\/aivlisoft.net\/shop\/producto\/tp-link-sg2428p-switch-4xgb-24xpoe-enrackable\/\" \/>\n<meta property=\"og:locale\" content=\"es_ES\" \/>\n<meta property=\"og:type\" content=\"article\" \/>\n<meta property=\"og:title\" content=\"TP-LINK SG2428P Switch 4xGB 24xPoE+ Enrackable - Aivlisoft Inform\u00e1tica\" \/>\n<meta property=\"og:description\" content=\"&#8211; Rendimiento PoE+ de hasta 250W: puertos PoE + compatibles con 24 &times; 802.3at \/ af con una fuente de alimentaci&oacute;n total de 250 W *.&#8211; Puertos Gigabit completos: los puertos PoE + de 24 &times; gigabit y las ranuras SFP de 4 &times; gigabit proporcionan conexiones de alta velocidad.&#8211; Integrado en Omada SDN: Zero-Touch&hellip;&nbsp;TP-LINK SG2428P Switch 4xGB 24xPoE+ Enrackable\" \/>\n<meta property=\"og:url\" content=\"https:\/\/aivlisoft.net\/shop\/producto\/tp-link-sg2428p-switch-4xgb-24xpoe-enrackable\/\" \/>\n<meta property=\"og:site_name\" content=\"Aivlisoft Inform\u00e1tica\" \/>\n<meta property=\"article:modified_time\" content=\"2025-01-14T11:54:58+00:00\" \/>\n<meta property=\"og:image\" content=\"https:\/\/aivlisoft.net\/shop\/wp-content\/uploads\/2025\/01\/NSWSSO0267_800.jpg\" \/>\n\t<meta property=\"og:image:width\" content=\"800\" \/>\n\t<meta property=\"og:image:height\" content=\"800\" \/>\n\t<meta property=\"og:image:type\" content=\"image\/jpeg\" \/>\n<meta name=\"twitter:card\" content=\"summary_large_image\" \/>\n<meta name=\"twitter:label1\" content=\"Tiempo de lectura\" \/>\n\t<meta name=\"twitter:data1\" content=\"4 minutos\" \/>\n<script type=\"application\/ld+json\" class=\"yoast-schema-graph\">{\"@context\":\"https:\/\/schema.org\",\"@graph\":[{\"@type\":\"WebPage\",\"@id\":\"https:\/\/aivlisoft.net\/shop\/producto\/tp-link-sg2428p-switch-4xgb-24xpoe-enrackable\/\",\"url\":\"https:\/\/aivlisoft.net\/shop\/producto\/tp-link-sg2428p-switch-4xgb-24xpoe-enrackable\/\",\"name\":\"TP-LINK SG2428P Switch 4xGB 24xPoE+ Enrackable - Aivlisoft Inform\u00e1tica\",\"isPartOf\":{\"@id\":\"https:\/\/aivlisoft.net\/shop\/#website\"},\"primaryImageOfPage\":{\"@id\":\"https:\/\/aivlisoft.net\/shop\/producto\/tp-link-sg2428p-switch-4xgb-24xpoe-enrackable\/#primaryimage\"},\"image\":{\"@id\":\"https:\/\/aivlisoft.net\/shop\/producto\/tp-link-sg2428p-switch-4xgb-24xpoe-enrackable\/#primaryimage\"},\"thumbnailUrl\":\"https:\/\/aivlisoft.net\/shop\/wp-content\/uploads\/2025\/01\/NSWSSO0267_800.jpg\",\"datePublished\":\"2025-01-13T15:51:22+00:00\",\"dateModified\":\"2025-01-14T11:54:58+00:00\",\"breadcrumb\":{\"@id\":\"https:\/\/aivlisoft.net\/shop\/producto\/tp-link-sg2428p-switch-4xgb-24xpoe-enrackable\/#breadcrumb\"},\"inLanguage\":\"es\",\"potentialAction\":[{\"@type\":\"ReadAction\",\"target\":[\"https:\/\/aivlisoft.net\/shop\/producto\/tp-link-sg2428p-switch-4xgb-24xpoe-enrackable\/\"]}]},{\"@type\":\"ImageObject\",\"inLanguage\":\"es\",\"@id\":\"https:\/\/aivlisoft.net\/shop\/producto\/tp-link-sg2428p-switch-4xgb-24xpoe-enrackable\/#primaryimage\",\"url\":\"https:\/\/aivlisoft.net\/shop\/wp-content\/uploads\/2025\/01\/NSWSSO0267_800.jpg\",\"contentUrl\":\"https:\/\/aivlisoft.net\/shop\/wp-content\/uploads\/2025\/01\/NSWSSO0267_800.jpg\",\"width\":800,\"height\":800},{\"@type\":\"BreadcrumbList\",\"@id\":\"https:\/\/aivlisoft.net\/shop\/producto\/tp-link-sg2428p-switch-4xgb-24xpoe-enrackable\/#breadcrumb\",\"itemListElement\":[{\"@type\":\"ListItem\",\"position\":1,\"name\":\"Portada\",\"item\":\"https:\/\/aivlisoft.net\/shop\/\"},{\"@type\":\"ListItem\",\"position\":2,\"name\":\"Tienda\",\"item\":\"https:\/\/aivlisoft.net\/shop\/tienda\/\"},{\"@type\":\"ListItem\",\"position\":3,\"name\":\"TP-LINK SG2428P Switch 4xGB 24xPoE+ Enrackable\"}]},{\"@type\":\"WebSite\",\"@id\":\"https:\/\/aivlisoft.net\/shop\/#website\",\"url\":\"https:\/\/aivlisoft.net\/shop\/\",\"name\":\"Aivlisoft Inform\u00e1tica\",\"description\":\"En Aivlisoft Inform\u00e1tica ofrecemos soluciones tecnol\u00f3gicas para empresas: venta de ordenadores, consumibles, perif\u00e9ricos y m\u00e1s. Calidad, atenci\u00f3n personalizada y los mejores precios para tu negocio.\",\"publisher\":{\"@id\":\"https:\/\/aivlisoft.net\/shop\/#organization\"},\"potentialAction\":[{\"@type\":\"SearchAction\",\"target\":{\"@type\":\"EntryPoint\",\"urlTemplate\":\"https:\/\/aivlisoft.net\/shop\/?s={search_term_string}\"},\"query-input\":{\"@type\":\"PropertyValueSpecification\",\"valueRequired\":true,\"valueName\":\"search_term_string\"}}],\"inLanguage\":\"es\"},{\"@type\":\"Organization\",\"@id\":\"https:\/\/aivlisoft.net\/shop\/#organization\",\"name\":\"Aivlisoft Inform\u00e1tica\",\"url\":\"https:\/\/aivlisoft.net\/shop\/\",\"logo\":{\"@type\":\"ImageObject\",\"inLanguage\":\"es\",\"@id\":\"https:\/\/aivlisoft.net\/shop\/#\/schema\/logo\/image\/\",\"url\":\"https:\/\/aivlisoft.net\/shop\/wp-content\/uploads\/2024\/12\/removal.ai_5b848c54-0cdf-4140-95c5-c5536bb7573b-logodef.png\",\"contentUrl\":\"https:\/\/aivlisoft.net\/shop\/wp-content\/uploads\/2024\/12\/removal.ai_5b848c54-0cdf-4140-95c5-c5536bb7573b-logodef.png\",\"width\":484,\"height\":182,\"caption\":\"Aivlisoft Inform\u00e1tica\"},\"image\":{\"@id\":\"https:\/\/aivlisoft.net\/shop\/#\/schema\/logo\/image\/\"}}]}<\/script>\n<!-- \/ Yoast SEO plugin. -->","yoast_head_json":{"title":"TP-LINK SG2428P Switch 4xGB 24xPoE+ Enrackable - Aivlisoft Inform\u00e1tica","robots":{"index":"index","follow":"follow","max-snippet":"max-snippet:-1","max-image-preview":"max-image-preview:large","max-video-preview":"max-video-preview:-1"},"canonical":"https:\/\/aivlisoft.net\/shop\/producto\/tp-link-sg2428p-switch-4xgb-24xpoe-enrackable\/","og_locale":"es_ES","og_type":"article","og_title":"TP-LINK SG2428P Switch 4xGB 24xPoE+ Enrackable - Aivlisoft Inform\u00e1tica","og_description":"&#8211; Rendimiento PoE+ de hasta 250W: puertos PoE + compatibles con 24 &times; 802.3at \/ af con una fuente de alimentaci&oacute;n total de 250 W *.&#8211; Puertos Gigabit completos: los puertos PoE + de 24 &times; gigabit y las ranuras SFP de 4 &times; gigabit proporcionan conexiones de alta velocidad.&#8211; Integrado en Omada SDN: Zero-Touch&hellip;&nbsp;TP-LINK SG2428P Switch 4xGB 24xPoE+ Enrackable","og_url":"https:\/\/aivlisoft.net\/shop\/producto\/tp-link-sg2428p-switch-4xgb-24xpoe-enrackable\/","og_site_name":"Aivlisoft Inform\u00e1tica","article_modified_time":"2025-01-14T11:54:58+00:00","og_image":[{"width":800,"height":800,"url":"https:\/\/aivlisoft.net\/shop\/wp-content\/uploads\/2025\/01\/NSWSSO0267_800.jpg","type":"image\/jpeg"}],"twitter_card":"summary_large_image","twitter_misc":{"Tiempo de lectura":"4 minutos"},"schema":{"@context":"https:\/\/schema.org","@graph":[{"@type":"WebPage","@id":"https:\/\/aivlisoft.net\/shop\/producto\/tp-link-sg2428p-switch-4xgb-24xpoe-enrackable\/","url":"https:\/\/aivlisoft.net\/shop\/producto\/tp-link-sg2428p-switch-4xgb-24xpoe-enrackable\/","name":"TP-LINK SG2428P Switch 4xGB 24xPoE+ Enrackable - Aivlisoft Inform\u00e1tica","isPartOf":{"@id":"https:\/\/aivlisoft.net\/shop\/#website"},"primaryImageOfPage":{"@id":"https:\/\/aivlisoft.net\/shop\/producto\/tp-link-sg2428p-switch-4xgb-24xpoe-enrackable\/#primaryimage"},"image":{"@id":"https:\/\/aivlisoft.net\/shop\/producto\/tp-link-sg2428p-switch-4xgb-24xpoe-enrackable\/#primaryimage"},"thumbnailUrl":"https:\/\/aivlisoft.net\/shop\/wp-content\/uploads\/2025\/01\/NSWSSO0267_800.jpg","datePublished":"2025-01-13T15:51:22+00:00","dateModified":"2025-01-14T11:54:58+00:00","breadcrumb":{"@id":"https:\/\/aivlisoft.net\/shop\/producto\/tp-link-sg2428p-switch-4xgb-24xpoe-enrackable\/#breadcrumb"},"inLanguage":"es","potentialAction":[{"@type":"ReadAction","target":["https:\/\/aivlisoft.net\/shop\/producto\/tp-link-sg2428p-switch-4xgb-24xpoe-enrackable\/"]}]},{"@type":"ImageObject","inLanguage":"es","@id":"https:\/\/aivlisoft.net\/shop\/producto\/tp-link-sg2428p-switch-4xgb-24xpoe-enrackable\/#primaryimage","url":"https:\/\/aivlisoft.net\/shop\/wp-content\/uploads\/2025\/01\/NSWSSO0267_800.jpg","contentUrl":"https:\/\/aivlisoft.net\/shop\/wp-content\/uploads\/2025\/01\/NSWSSO0267_800.jpg","width":800,"height":800},{"@type":"BreadcrumbList","@id":"https:\/\/aivlisoft.net\/shop\/producto\/tp-link-sg2428p-switch-4xgb-24xpoe-enrackable\/#breadcrumb","itemListElement":[{"@type":"ListItem","position":1,"name":"Portada","item":"https:\/\/aivlisoft.net\/shop\/"},{"@type":"ListItem","position":2,"name":"Tienda","item":"https:\/\/aivlisoft.net\/shop\/tienda\/"},{"@type":"ListItem","position":3,"name":"TP-LINK SG2428P Switch 4xGB 24xPoE+ Enrackable"}]},{"@type":"WebSite","@id":"https:\/\/aivlisoft.net\/shop\/#website","url":"https:\/\/aivlisoft.net\/shop\/","name":"Aivlisoft Inform\u00e1tica","description":"En Aivlisoft Inform\u00e1tica ofrecemos soluciones tecnol\u00f3gicas para empresas: venta de ordenadores, consumibles, perif\u00e9ricos y m\u00e1s. Calidad, atenci\u00f3n personalizada y los mejores precios para tu negocio.","publisher":{"@id":"https:\/\/aivlisoft.net\/shop\/#organization"},"potentialAction":[{"@type":"SearchAction","target":{"@type":"EntryPoint","urlTemplate":"https:\/\/aivlisoft.net\/shop\/?s={search_term_string}"},"query-input":{"@type":"PropertyValueSpecification","valueRequired":true,"valueName":"search_term_string"}}],"inLanguage":"es"},{"@type":"Organization","@id":"https:\/\/aivlisoft.net\/shop\/#organization","name":"Aivlisoft Inform\u00e1tica","url":"https:\/\/aivlisoft.net\/shop\/","logo":{"@type":"ImageObject","inLanguage":"es","@id":"https:\/\/aivlisoft.net\/shop\/#\/schema\/logo\/image\/","url":"https:\/\/aivlisoft.net\/shop\/wp-content\/uploads\/2024\/12\/removal.ai_5b848c54-0cdf-4140-95c5-c5536bb7573b-logodef.png","contentUrl":"https:\/\/aivlisoft.net\/shop\/wp-content\/uploads\/2024\/12\/removal.ai_5b848c54-0cdf-4140-95c5-c5536bb7573b-logodef.png","width":484,"height":182,"caption":"Aivlisoft Inform\u00e1tica"},"image":{"@id":"https:\/\/aivlisoft.net\/shop\/#\/schema\/logo\/image\/"}}]}},"_links":{"self":[{"href":"https:\/\/aivlisoft.net\/shop\/wp-json\/wp\/v2\/product\/21210","targetHints":{"allow":["GET"]}}],"collection":[{"href":"https:\/\/aivlisoft.net\/shop\/wp-json\/wp\/v2\/product"}],"about":[{"href":"https:\/\/aivlisoft.net\/shop\/wp-json\/wp\/v2\/types\/product"}],"wp:featuredmedia":[{"embeddable":true,"href":"https:\/\/aivlisoft.net\/shop\/wp-json\/wp\/v2\/media\/21211"}],"wp:attachment":[{"href":"https:\/\/aivlisoft.net\/shop\/wp-json\/wp\/v2\/media?parent=21210"}],"wp:term":[{"taxonomy":"product_brand","embeddable":true,"href":"https:\/\/aivlisoft.net\/shop\/wp-json\/wp\/v2\/product_brand?post=21210"},{"taxonomy":"product_cat","embeddable":true,"href":"https:\/\/aivlisoft.net\/shop\/wp-json\/wp\/v2\/product_cat?post=21210"},{"taxonomy":"product_tag","embeddable":true,"href":"https:\/\/aivlisoft.net\/shop\/wp-json\/wp\/v2\/product_tag?post=21210"}],"curies":[{"name":"wp","href":"https:\/\/api.w.org\/{rel}","templated":true}]}}