{"id":21207,"date":"2025-01-13T15:51:21","date_gmt":"2025-01-13T15:51:21","guid":{"rendered":"https:\/\/aivlisoft.com\/?post_type=product&#038;p=21207"},"modified":"2025-01-14T11:54:57","modified_gmt":"2025-01-14T11:54:57","slug":"mikrotik-css610-1gi-7r-2s-outdoor-netpower-lite-7r","status":"publish","type":"product","link":"https:\/\/aivlisoft.net\/shop\/producto\/mikrotik-css610-1gi-7r-2s-outdoor-netpower-lite-7r\/","title":{"rendered":"Mikrotik CSS610-1Gi-7R-2S Outdoor NetPower Lite 7R"},"content":{"rendered":"<p>Con el conmutador netPower Lite 7R, puede olvidarse de las costosas estaciones base GPON y los divisores &oacute;pticos. Este conmutador es parte de nuestro concepto GPEN, cuyo objetivo es brindar la velocidad y versatilidad de las redes de fibra mientras se utilizan las ventajas de Ethernet. Es una forma f&aacute;cil de implementar y de bajo costo para que cualquier ISP entregue Internet a apartamentos individuales.<\/p>\n<p>Con este interruptor no tendr&aacute; que preocuparse por problemas de energ&iacute;a, ya que hay muchas opciones. netPower Lite 7R tiene 7 puertos PoE inversos. Dependiendo de su configuraci&oacute;n, netPower puede obtener la energ&iacute;a necesaria incluso de un solo cliente. El puerto Ethernet 8 puede alimentar otros dispositivos con capacidad PoE con el mismo voltaje que se aplica a la unidad. Tambi&eacute;n hay un conector de CC y un terminal de 2 pines para alimentaci&oacute;n alternativa.<\/p>\n<p>El recinto exterior le permite instalar este interruptor en todo tipo de entornos, desde &aacute;ticos h&uacute;medos hasta huecos de ascensores y diferentes postes con abrazaderas de manguera. netPower Lite 7R tiene un rendimiento sin bloqueo de 28 Gbps, una capacidad de conmutaci&oacute;n de 56 Gbps y una tasa de reenv&iacute;o de 41,7 Mpps.<\/p>\n<table class=\"tabla_caracteristicas k-table\" width=\"100%\">\n<tbody>\n<tr>\n<td><strong>Marca<\/strong><\/td>\n<td>Mikrotik<\/td>\n<\/tr>\n<tr>\n<td><strong>Modelo<\/strong><\/td>\n<td><strong>CSS610-1Gi-7R-2S+OUT<\/strong><\/td>\n<\/tr>\n<tr>\n<td><strong>Caracter&iacute;sticas<\/strong><\/td>\n<td>&#8211; Dimensiones: 304 x 212 x 71 mm<br \/>&#8211; Sistema operativo: SwitchOS<br \/>&#8211; Tama&ntilde;o de almacenamiento: 64 KB<br \/>&#8211; Tipo de almacenamiento: FLASH<br \/>&#8211; Temperatura ambiente probada: -40 &deg; C a 70 &deg; C<br \/>&#8211; MTBF: Aproximadamente 200.000 horas a 25 &deg; C<br \/><strong>Alimentaci&oacute;n<\/strong><br \/>&#8211; PoE en: PoE pasivo<br \/>&#8211; PoE en voltaje de entrada: 12-57 V<br \/>&#8211; N&uacute;mero de entradas de CC: 3 (conector de CC, terminal de 2 pines, PoE-IN)<br \/>&#8211; Voltaje de entrada DC jack: 12-57 V<br \/>&#8211; Voltaje de entrada de terminal de 2 pines: 12-57 V<br \/>&#8211; Consumo m&aacute;ximo de energ&iacute;a: 29 W<br \/>&#8211; Consumo m&aacute;ximo de energ&iacute;a sin accesorios: 7 W<br \/>&#8211; Recuento de ventiladores: pasivo<br \/><strong>PoE-out<\/strong><br \/>&#8211; Puertos de salida PoE: Ether8<br \/>&#8211; Salida PoE: PoE pasivo<br \/>&#8211; Salida m&aacute;xima por puerto de salida (entrada &lt;30 V): 600 mA<br \/>&#8211; Salida m&aacute;xima por puerto de salida (entrada&gt; 30 V): 450 mA<br \/><strong>Ethernet<\/strong><br \/>&#8211; Puertos Ethernet 10\/100\/1000: 8<br \/>&#8211; N&uacute;mero de puertos Ethernet 1G con PoE inverso (PoE-in): 7<br \/>&#8211; N&uacute;mero de puertos Ethernet 1G con salida PoE: 1<br \/><strong>Fibra<\/strong><br \/>&#8211; Puertos SFP +: 2<br \/><strong>Certificaciones y aprobaciones<\/strong><br \/>&#8211; Certificaci&oacute;n: CE, EAC, ROHS<\/td>\n<\/tr>\n<tr>\n<td><strong>Fecha de revisi&oacute;n<\/strong><\/td>\n<td>02-11-2020 por MSB<\/td>\n<\/tr>\n<\/tbody>\n<\/table>\n","protected":false},"excerpt":{"rendered":"<p>Con el conmutador netPower Lite 7R, puede olvidarse de las costosas estaciones base GPON y los divisores &oacute;pticos. Este conmutador es parte de nuestro concepto GPEN, cuyo objetivo es brindar la velocidad y versatilidad de las redes de fibra mientras se utilizan las ventajas de Ethernet. Es una forma f&aacute;cil de implementar y de bajo&hellip;&nbsp;<a href=\"https:\/\/aivlisoft.net\/shop\/producto\/mikrotik-css610-1gi-7r-2s-outdoor-netpower-lite-7r\/\" rel=\"bookmark\"><span class=\"screen-reader-text\">Mikrotik CSS610-1Gi-7R-2S Outdoor NetPower Lite 7R<\/span><\/a><\/p>\n","protected":false},"featured_media":21208,"template":"","meta":{"neve_meta_sidebar":"","neve_meta_container":"","neve_meta_enable_content_width":"","neve_meta_content_width":0,"neve_meta_title_alignment":"","neve_meta_author_avatar":"","neve_post_elements_order":"","neve_meta_disable_header":"","neve_meta_disable_footer":"","neve_meta_disable_title":""},"product_brand":[],"product_cat":[8773],"product_tag":[7511],"class_list":{"0":"post-21207","1":"product","2":"type-product","3":"status-publish","4":"has-post-thumbnail","6":"product_cat-switches-sobremesa","7":"product_tag-css610-1gi-7r-2sout","9":"first","10":"instock","11":"taxable","12":"shipping-taxable","13":"purchasable","14":"product-type-simple"},"yoast_head":"<!-- This site is optimized with the Yoast SEO plugin v26.0 - https:\/\/yoast.com\/wordpress\/plugins\/seo\/ -->\n<title>Mikrotik CSS610-1Gi-7R-2S Outdoor NetPower Lite 7R - Aivlisoft Inform\u00e1tica<\/title>\n<meta name=\"robots\" content=\"index, follow, max-snippet:-1, max-image-preview:large, max-video-preview:-1\" \/>\n<link rel=\"canonical\" href=\"https:\/\/aivlisoft.net\/shop\/producto\/mikrotik-css610-1gi-7r-2s-outdoor-netpower-lite-7r\/\" \/>\n<meta property=\"og:locale\" content=\"es_ES\" \/>\n<meta property=\"og:type\" content=\"article\" \/>\n<meta property=\"og:title\" content=\"Mikrotik CSS610-1Gi-7R-2S Outdoor NetPower Lite 7R - Aivlisoft Inform\u00e1tica\" \/>\n<meta property=\"og:description\" content=\"Con el conmutador netPower Lite 7R, puede olvidarse de las costosas estaciones base GPON y los divisores &oacute;pticos. Este conmutador es parte de nuestro concepto GPEN, cuyo objetivo es brindar la velocidad y versatilidad de las redes de fibra mientras se utilizan las ventajas de Ethernet. Es una forma f&aacute;cil de implementar y de bajo&hellip;&nbsp;Mikrotik CSS610-1Gi-7R-2S Outdoor NetPower Lite 7R\" \/>\n<meta property=\"og:url\" content=\"https:\/\/aivlisoft.net\/shop\/producto\/mikrotik-css610-1gi-7r-2s-outdoor-netpower-lite-7r\/\" \/>\n<meta property=\"og:site_name\" content=\"Aivlisoft Inform\u00e1tica\" \/>\n<meta property=\"article:modified_time\" content=\"2025-01-14T11:54:57+00:00\" \/>\n<meta property=\"og:image\" content=\"https:\/\/aivlisoft.net\/shop\/wp-content\/uploads\/2025\/01\/NSWSSO0265_800.jpg\" \/>\n\t<meta property=\"og:image:width\" content=\"800\" \/>\n\t<meta property=\"og:image:height\" content=\"800\" \/>\n\t<meta property=\"og:image:type\" content=\"image\/jpeg\" \/>\n<meta name=\"twitter:card\" content=\"summary_large_image\" \/>\n<meta name=\"twitter:label1\" content=\"Tiempo de lectura\" \/>\n\t<meta name=\"twitter:data1\" content=\"2 minutos\" \/>\n<script type=\"application\/ld+json\" class=\"yoast-schema-graph\">{\"@context\":\"https:\/\/schema.org\",\"@graph\":[{\"@type\":\"WebPage\",\"@id\":\"https:\/\/aivlisoft.net\/shop\/producto\/mikrotik-css610-1gi-7r-2s-outdoor-netpower-lite-7r\/\",\"url\":\"https:\/\/aivlisoft.net\/shop\/producto\/mikrotik-css610-1gi-7r-2s-outdoor-netpower-lite-7r\/\",\"name\":\"Mikrotik CSS610-1Gi-7R-2S Outdoor NetPower Lite 7R - Aivlisoft Inform\u00e1tica\",\"isPartOf\":{\"@id\":\"https:\/\/aivlisoft.net\/shop\/#website\"},\"primaryImageOfPage\":{\"@id\":\"https:\/\/aivlisoft.net\/shop\/producto\/mikrotik-css610-1gi-7r-2s-outdoor-netpower-lite-7r\/#primaryimage\"},\"image\":{\"@id\":\"https:\/\/aivlisoft.net\/shop\/producto\/mikrotik-css610-1gi-7r-2s-outdoor-netpower-lite-7r\/#primaryimage\"},\"thumbnailUrl\":\"https:\/\/aivlisoft.net\/shop\/wp-content\/uploads\/2025\/01\/NSWSSO0265_800.jpg\",\"datePublished\":\"2025-01-13T15:51:21+00:00\",\"dateModified\":\"2025-01-14T11:54:57+00:00\",\"breadcrumb\":{\"@id\":\"https:\/\/aivlisoft.net\/shop\/producto\/mikrotik-css610-1gi-7r-2s-outdoor-netpower-lite-7r\/#breadcrumb\"},\"inLanguage\":\"es\",\"potentialAction\":[{\"@type\":\"ReadAction\",\"target\":[\"https:\/\/aivlisoft.net\/shop\/producto\/mikrotik-css610-1gi-7r-2s-outdoor-netpower-lite-7r\/\"]}]},{\"@type\":\"ImageObject\",\"inLanguage\":\"es\",\"@id\":\"https:\/\/aivlisoft.net\/shop\/producto\/mikrotik-css610-1gi-7r-2s-outdoor-netpower-lite-7r\/#primaryimage\",\"url\":\"https:\/\/aivlisoft.net\/shop\/wp-content\/uploads\/2025\/01\/NSWSSO0265_800.jpg\",\"contentUrl\":\"https:\/\/aivlisoft.net\/shop\/wp-content\/uploads\/2025\/01\/NSWSSO0265_800.jpg\",\"width\":800,\"height\":800},{\"@type\":\"BreadcrumbList\",\"@id\":\"https:\/\/aivlisoft.net\/shop\/producto\/mikrotik-css610-1gi-7r-2s-outdoor-netpower-lite-7r\/#breadcrumb\",\"itemListElement\":[{\"@type\":\"ListItem\",\"position\":1,\"name\":\"Portada\",\"item\":\"https:\/\/aivlisoft.net\/shop\/\"},{\"@type\":\"ListItem\",\"position\":2,\"name\":\"Tienda\",\"item\":\"https:\/\/aivlisoft.net\/shop\/tienda\/\"},{\"@type\":\"ListItem\",\"position\":3,\"name\":\"Mikrotik CSS610-1Gi-7R-2S Outdoor NetPower Lite 7R\"}]},{\"@type\":\"WebSite\",\"@id\":\"https:\/\/aivlisoft.net\/shop\/#website\",\"url\":\"https:\/\/aivlisoft.net\/shop\/\",\"name\":\"Aivlisoft Inform\u00e1tica\",\"description\":\"En Aivlisoft Inform\u00e1tica ofrecemos soluciones tecnol\u00f3gicas para empresas: venta de ordenadores, consumibles, perif\u00e9ricos y m\u00e1s. Calidad, atenci\u00f3n personalizada y los mejores precios para tu negocio.\",\"publisher\":{\"@id\":\"https:\/\/aivlisoft.net\/shop\/#organization\"},\"potentialAction\":[{\"@type\":\"SearchAction\",\"target\":{\"@type\":\"EntryPoint\",\"urlTemplate\":\"https:\/\/aivlisoft.net\/shop\/?s={search_term_string}\"},\"query-input\":{\"@type\":\"PropertyValueSpecification\",\"valueRequired\":true,\"valueName\":\"search_term_string\"}}],\"inLanguage\":\"es\"},{\"@type\":\"Organization\",\"@id\":\"https:\/\/aivlisoft.net\/shop\/#organization\",\"name\":\"Aivlisoft Inform\u00e1tica\",\"url\":\"https:\/\/aivlisoft.net\/shop\/\",\"logo\":{\"@type\":\"ImageObject\",\"inLanguage\":\"es\",\"@id\":\"https:\/\/aivlisoft.net\/shop\/#\/schema\/logo\/image\/\",\"url\":\"https:\/\/aivlisoft.net\/shop\/wp-content\/uploads\/2024\/12\/removal.ai_5b848c54-0cdf-4140-95c5-c5536bb7573b-logodef.png\",\"contentUrl\":\"https:\/\/aivlisoft.net\/shop\/wp-content\/uploads\/2024\/12\/removal.ai_5b848c54-0cdf-4140-95c5-c5536bb7573b-logodef.png\",\"width\":484,\"height\":182,\"caption\":\"Aivlisoft Inform\u00e1tica\"},\"image\":{\"@id\":\"https:\/\/aivlisoft.net\/shop\/#\/schema\/logo\/image\/\"}}]}<\/script>\n<!-- \/ Yoast SEO plugin. -->","yoast_head_json":{"title":"Mikrotik CSS610-1Gi-7R-2S Outdoor NetPower Lite 7R - Aivlisoft Inform\u00e1tica","robots":{"index":"index","follow":"follow","max-snippet":"max-snippet:-1","max-image-preview":"max-image-preview:large","max-video-preview":"max-video-preview:-1"},"canonical":"https:\/\/aivlisoft.net\/shop\/producto\/mikrotik-css610-1gi-7r-2s-outdoor-netpower-lite-7r\/","og_locale":"es_ES","og_type":"article","og_title":"Mikrotik CSS610-1Gi-7R-2S Outdoor NetPower Lite 7R - Aivlisoft Inform\u00e1tica","og_description":"Con el conmutador netPower Lite 7R, puede olvidarse de las costosas estaciones base GPON y los divisores &oacute;pticos. Este conmutador es parte de nuestro concepto GPEN, cuyo objetivo es brindar la velocidad y versatilidad de las redes de fibra mientras se utilizan las ventajas de Ethernet. Es una forma f&aacute;cil de implementar y de bajo&hellip;&nbsp;Mikrotik CSS610-1Gi-7R-2S Outdoor NetPower Lite 7R","og_url":"https:\/\/aivlisoft.net\/shop\/producto\/mikrotik-css610-1gi-7r-2s-outdoor-netpower-lite-7r\/","og_site_name":"Aivlisoft Inform\u00e1tica","article_modified_time":"2025-01-14T11:54:57+00:00","og_image":[{"width":800,"height":800,"url":"https:\/\/aivlisoft.net\/shop\/wp-content\/uploads\/2025\/01\/NSWSSO0265_800.jpg","type":"image\/jpeg"}],"twitter_card":"summary_large_image","twitter_misc":{"Tiempo de lectura":"2 minutos"},"schema":{"@context":"https:\/\/schema.org","@graph":[{"@type":"WebPage","@id":"https:\/\/aivlisoft.net\/shop\/producto\/mikrotik-css610-1gi-7r-2s-outdoor-netpower-lite-7r\/","url":"https:\/\/aivlisoft.net\/shop\/producto\/mikrotik-css610-1gi-7r-2s-outdoor-netpower-lite-7r\/","name":"Mikrotik CSS610-1Gi-7R-2S Outdoor NetPower Lite 7R - Aivlisoft Inform\u00e1tica","isPartOf":{"@id":"https:\/\/aivlisoft.net\/shop\/#website"},"primaryImageOfPage":{"@id":"https:\/\/aivlisoft.net\/shop\/producto\/mikrotik-css610-1gi-7r-2s-outdoor-netpower-lite-7r\/#primaryimage"},"image":{"@id":"https:\/\/aivlisoft.net\/shop\/producto\/mikrotik-css610-1gi-7r-2s-outdoor-netpower-lite-7r\/#primaryimage"},"thumbnailUrl":"https:\/\/aivlisoft.net\/shop\/wp-content\/uploads\/2025\/01\/NSWSSO0265_800.jpg","datePublished":"2025-01-13T15:51:21+00:00","dateModified":"2025-01-14T11:54:57+00:00","breadcrumb":{"@id":"https:\/\/aivlisoft.net\/shop\/producto\/mikrotik-css610-1gi-7r-2s-outdoor-netpower-lite-7r\/#breadcrumb"},"inLanguage":"es","potentialAction":[{"@type":"ReadAction","target":["https:\/\/aivlisoft.net\/shop\/producto\/mikrotik-css610-1gi-7r-2s-outdoor-netpower-lite-7r\/"]}]},{"@type":"ImageObject","inLanguage":"es","@id":"https:\/\/aivlisoft.net\/shop\/producto\/mikrotik-css610-1gi-7r-2s-outdoor-netpower-lite-7r\/#primaryimage","url":"https:\/\/aivlisoft.net\/shop\/wp-content\/uploads\/2025\/01\/NSWSSO0265_800.jpg","contentUrl":"https:\/\/aivlisoft.net\/shop\/wp-content\/uploads\/2025\/01\/NSWSSO0265_800.jpg","width":800,"height":800},{"@type":"BreadcrumbList","@id":"https:\/\/aivlisoft.net\/shop\/producto\/mikrotik-css610-1gi-7r-2s-outdoor-netpower-lite-7r\/#breadcrumb","itemListElement":[{"@type":"ListItem","position":1,"name":"Portada","item":"https:\/\/aivlisoft.net\/shop\/"},{"@type":"ListItem","position":2,"name":"Tienda","item":"https:\/\/aivlisoft.net\/shop\/tienda\/"},{"@type":"ListItem","position":3,"name":"Mikrotik CSS610-1Gi-7R-2S Outdoor NetPower Lite 7R"}]},{"@type":"WebSite","@id":"https:\/\/aivlisoft.net\/shop\/#website","url":"https:\/\/aivlisoft.net\/shop\/","name":"Aivlisoft Inform\u00e1tica","description":"En Aivlisoft Inform\u00e1tica ofrecemos soluciones tecnol\u00f3gicas para empresas: venta de ordenadores, consumibles, perif\u00e9ricos y m\u00e1s. Calidad, atenci\u00f3n personalizada y los mejores precios para tu negocio.","publisher":{"@id":"https:\/\/aivlisoft.net\/shop\/#organization"},"potentialAction":[{"@type":"SearchAction","target":{"@type":"EntryPoint","urlTemplate":"https:\/\/aivlisoft.net\/shop\/?s={search_term_string}"},"query-input":{"@type":"PropertyValueSpecification","valueRequired":true,"valueName":"search_term_string"}}],"inLanguage":"es"},{"@type":"Organization","@id":"https:\/\/aivlisoft.net\/shop\/#organization","name":"Aivlisoft Inform\u00e1tica","url":"https:\/\/aivlisoft.net\/shop\/","logo":{"@type":"ImageObject","inLanguage":"es","@id":"https:\/\/aivlisoft.net\/shop\/#\/schema\/logo\/image\/","url":"https:\/\/aivlisoft.net\/shop\/wp-content\/uploads\/2024\/12\/removal.ai_5b848c54-0cdf-4140-95c5-c5536bb7573b-logodef.png","contentUrl":"https:\/\/aivlisoft.net\/shop\/wp-content\/uploads\/2024\/12\/removal.ai_5b848c54-0cdf-4140-95c5-c5536bb7573b-logodef.png","width":484,"height":182,"caption":"Aivlisoft Inform\u00e1tica"},"image":{"@id":"https:\/\/aivlisoft.net\/shop\/#\/schema\/logo\/image\/"}}]}},"_links":{"self":[{"href":"https:\/\/aivlisoft.net\/shop\/wp-json\/wp\/v2\/product\/21207","targetHints":{"allow":["GET"]}}],"collection":[{"href":"https:\/\/aivlisoft.net\/shop\/wp-json\/wp\/v2\/product"}],"about":[{"href":"https:\/\/aivlisoft.net\/shop\/wp-json\/wp\/v2\/types\/product"}],"wp:featuredmedia":[{"embeddable":true,"href":"https:\/\/aivlisoft.net\/shop\/wp-json\/wp\/v2\/media\/21208"}],"wp:attachment":[{"href":"https:\/\/aivlisoft.net\/shop\/wp-json\/wp\/v2\/media?parent=21207"}],"wp:term":[{"taxonomy":"product_brand","embeddable":true,"href":"https:\/\/aivlisoft.net\/shop\/wp-json\/wp\/v2\/product_brand?post=21207"},{"taxonomy":"product_cat","embeddable":true,"href":"https:\/\/aivlisoft.net\/shop\/wp-json\/wp\/v2\/product_cat?post=21207"},{"taxonomy":"product_tag","embeddable":true,"href":"https:\/\/aivlisoft.net\/shop\/wp-json\/wp\/v2\/product_tag?post=21207"}],"curies":[{"name":"wp","href":"https:\/\/api.w.org\/{rel}","templated":true}]}}