{"id":21197,"date":"2025-01-13T15:51:12","date_gmt":"2025-01-13T15:51:12","guid":{"rendered":"https:\/\/aivlisoft.com\/?post_type=product&#038;p=21197"},"modified":"2025-01-14T11:54:52","modified_gmt":"2025-01-14T11:54:52","slug":"iggual-switch-gigabit-5-puertos-1000-mbps-ges5000","status":"publish","type":"product","link":"https:\/\/aivlisoft.net\/shop\/producto\/iggual-switch-gigabit-5-puertos-1000-mbps-ges5000\/","title":{"rendered":"iggual Switch Gigabit 5 puertos 1000 Mbps GES5000"},"content":{"rendered":"<p>Este switch de iggual es un conmutador no gestionable que proporciona una conexi&oacute;n de red fluida, continua, fiable y estable.<br \/>Cuenta con 5 puertos LAN Ethernet RJ45 de 10\/100\/1000 Mbps con auto-negociaci&oacute;n y con funci&oacute;n Auto MDI\/MDIX.<br \/>Su tecnolog&iacute;a de conmutaci&oacute;n &ldquo;almacenamiento y reenv&iacute;o&rdquo; junto con su asignaci&oacute;n de memoria din&aacute;mica, garantizan una correcta y eficiente distribuci&oacute;n de los paquetes de datos a cada puerto.<br \/>Adem&aacute;s, gracias a su control de flujo se evitar&aacute; cualquier p&eacute;rdida de datos.<br \/>El conmutador es compatible con tres tipos de entornos de red: 10 BASE-T, 100 BASE-TX y 1000 BASE-T.<br \/>Est&aacute; dise&ntilde;ado para ofrecer un alto nivel de integraci&oacute;n: es f&aacute;cil de instalar (Plug &amp; Play), de usar y de transportar, resulta adecuado tanto para su uso en ambiente dom&eacute;stico como laboral, su versatilidad hace que se adapte f&aacute;cilmente a cualquier casa u oficina de peque&ntilde;o y mediano tama&ntilde;o.<br \/>Es la elecci&oacute;n ideal para mejorar el rendimiento en cualquier departamento de la empresa y fomentar el trabajo en equipo, se trata de una soluci&oacute;n de alto rendimiento pero a la vez simple, est&aacute;ndar y econ&oacute;mica.<br \/>El conmutador tiene indicadores LED en su panel superior los cuales permiten, por un lado comprobar de manera f&aacute;cil y r&aacute;pida el estado del mismo y de cada uno de los puertos que lo integran y por otro lado, diagnosticar cualquier fallo de una forma sencilla.<\/p>\n<table class=\"tabla_caracteristicas k-table\" width=\"100%\">\n<tbody>\n<tr>\n<td valign=\"top\"><strong>Marca<\/strong><\/td>\n<td>iggual<\/td>\n<\/tr>\n<tr>\n<td valign=\"top\"><strong>Modelo<\/strong><\/td>\n<td valign=\"top\"><strong>IGG316702<\/strong><\/td>\n<\/tr>\n<tr>\n<td valign=\"top\"><strong>Tipo<\/strong><\/td>\n<td>&#8211; Switches sobremesa<\/td>\n<\/tr>\n<tr>\n<td valign=\"top\"><strong>Caracter&iacute;sticas<\/strong><\/td>\n<td>&#8211; Est&aacute;ndares: IEEE 802.3, IEEE 802.3u, IEEE 802.3ab<br \/>&#8211; Interfaces: 5 puertos RJ45 x 10\/100\/1000 Mbps<br \/>&#8211; Cableado de red (UTP): 10BASE-T (CAT3,4,5) 100BASE-TX (CAT5,5e) 1000BASE-T (CAT5e,6)<br \/>&#8211; Auto negociaci&oacute;n &#8211; Auto MDI\/MDIX<br \/>&#8211; T&eacute;cnica de conmutaci&oacute;n: almacenamiento y reenv&iacute;o<br \/>&#8211; Capacidad de conmutaci&oacute;n total: 10 Gbps<br \/>&#8211; LEDs: 5 individuales y 1 general (5 + 1)<br \/>&#8211; Corriente de entrada: 5.0V &#8211; 0.55A<\/td>\n<\/tr>\n<tr>\n<td valign=\"top\"><strong>Fecha de revisi&oacute;n<\/strong><\/td>\n<td>09-06-2020 por MSB<\/td>\n<\/tr>\n<\/tbody>\n<\/table>\n","protected":false},"excerpt":{"rendered":"<p>Este switch de iggual es un conmutador no gestionable que proporciona una conexi&oacute;n de red fluida, continua, fiable y estable.Cuenta con 5 puertos LAN Ethernet RJ45 de 10\/100\/1000 Mbps con auto-negociaci&oacute;n y con funci&oacute;n Auto MDI\/MDIX.Su tecnolog&iacute;a de conmutaci&oacute;n &ldquo;almacenamiento y reenv&iacute;o&rdquo; junto con su asignaci&oacute;n de memoria din&aacute;mica, garantizan una correcta y eficiente distribuci&oacute;n&hellip;&nbsp;<a href=\"https:\/\/aivlisoft.net\/shop\/producto\/iggual-switch-gigabit-5-puertos-1000-mbps-ges5000\/\" rel=\"bookmark\"><span class=\"screen-reader-text\">iggual Switch Gigabit 5 puertos 1000 Mbps GES5000<\/span><\/a><\/p>\n","protected":false},"featured_media":21198,"template":"","meta":{"neve_meta_sidebar":"","neve_meta_container":"","neve_meta_enable_content_width":"","neve_meta_content_width":0,"neve_meta_title_alignment":"","neve_meta_author_avatar":"","neve_post_elements_order":"","neve_meta_disable_header":"","neve_meta_disable_footer":"","neve_meta_disable_title":""},"product_brand":[],"product_cat":[8773],"product_tag":[7509],"class_list":{"0":"post-21197","1":"product","2":"type-product","3":"status-publish","4":"has-post-thumbnail","6":"product_cat-switches-sobremesa","7":"product_tag-igg316702","9":"first","10":"instock","11":"taxable","12":"shipping-taxable","13":"purchasable","14":"product-type-simple"},"yoast_head":"<!-- This site is optimized with the Yoast SEO plugin v26.0 - https:\/\/yoast.com\/wordpress\/plugins\/seo\/ -->\n<title>iggual Switch Gigabit 5 puertos 1000 Mbps GES5000 - Aivlisoft Inform\u00e1tica<\/title>\n<meta name=\"robots\" content=\"index, follow, max-snippet:-1, max-image-preview:large, max-video-preview:-1\" \/>\n<link rel=\"canonical\" href=\"https:\/\/aivlisoft.net\/shop\/producto\/iggual-switch-gigabit-5-puertos-1000-mbps-ges5000\/\" \/>\n<meta property=\"og:locale\" content=\"es_ES\" \/>\n<meta property=\"og:type\" content=\"article\" \/>\n<meta property=\"og:title\" content=\"iggual Switch Gigabit 5 puertos 1000 Mbps GES5000 - Aivlisoft Inform\u00e1tica\" \/>\n<meta property=\"og:description\" content=\"Este switch de iggual es un conmutador no gestionable que proporciona una conexi&oacute;n de red fluida, continua, fiable y estable.Cuenta con 5 puertos LAN Ethernet RJ45 de 10\/100\/1000 Mbps con auto-negociaci&oacute;n y con funci&oacute;n Auto MDI\/MDIX.Su tecnolog&iacute;a de conmutaci&oacute;n &ldquo;almacenamiento y reenv&iacute;o&rdquo; junto con su asignaci&oacute;n de memoria din&aacute;mica, garantizan una correcta y eficiente distribuci&oacute;n&hellip;&nbsp;iggual Switch Gigabit 5 puertos 1000 Mbps GES5000\" \/>\n<meta property=\"og:url\" content=\"https:\/\/aivlisoft.net\/shop\/producto\/iggual-switch-gigabit-5-puertos-1000-mbps-ges5000\/\" \/>\n<meta property=\"og:site_name\" content=\"Aivlisoft Inform\u00e1tica\" \/>\n<meta property=\"article:modified_time\" content=\"2025-01-14T11:54:52+00:00\" \/>\n<meta property=\"og:image\" content=\"https:\/\/aivlisoft.net\/shop\/wp-content\/uploads\/2025\/01\/NSWSSO0260_800.jpg\" \/>\n\t<meta property=\"og:image:width\" content=\"800\" \/>\n\t<meta property=\"og:image:height\" content=\"800\" \/>\n\t<meta property=\"og:image:type\" content=\"image\/jpeg\" \/>\n<meta name=\"twitter:card\" content=\"summary_large_image\" \/>\n<meta name=\"twitter:label1\" content=\"Tiempo de lectura\" \/>\n\t<meta name=\"twitter:data1\" content=\"2 minutos\" \/>\n<script type=\"application\/ld+json\" class=\"yoast-schema-graph\">{\"@context\":\"https:\/\/schema.org\",\"@graph\":[{\"@type\":\"WebPage\",\"@id\":\"https:\/\/aivlisoft.net\/shop\/producto\/iggual-switch-gigabit-5-puertos-1000-mbps-ges5000\/\",\"url\":\"https:\/\/aivlisoft.net\/shop\/producto\/iggual-switch-gigabit-5-puertos-1000-mbps-ges5000\/\",\"name\":\"iggual Switch Gigabit 5 puertos 1000 Mbps GES5000 - Aivlisoft Inform\u00e1tica\",\"isPartOf\":{\"@id\":\"https:\/\/aivlisoft.net\/shop\/#website\"},\"primaryImageOfPage\":{\"@id\":\"https:\/\/aivlisoft.net\/shop\/producto\/iggual-switch-gigabit-5-puertos-1000-mbps-ges5000\/#primaryimage\"},\"image\":{\"@id\":\"https:\/\/aivlisoft.net\/shop\/producto\/iggual-switch-gigabit-5-puertos-1000-mbps-ges5000\/#primaryimage\"},\"thumbnailUrl\":\"https:\/\/aivlisoft.net\/shop\/wp-content\/uploads\/2025\/01\/NSWSSO0260_800.jpg\",\"datePublished\":\"2025-01-13T15:51:12+00:00\",\"dateModified\":\"2025-01-14T11:54:52+00:00\",\"breadcrumb\":{\"@id\":\"https:\/\/aivlisoft.net\/shop\/producto\/iggual-switch-gigabit-5-puertos-1000-mbps-ges5000\/#breadcrumb\"},\"inLanguage\":\"es\",\"potentialAction\":[{\"@type\":\"ReadAction\",\"target\":[\"https:\/\/aivlisoft.net\/shop\/producto\/iggual-switch-gigabit-5-puertos-1000-mbps-ges5000\/\"]}]},{\"@type\":\"ImageObject\",\"inLanguage\":\"es\",\"@id\":\"https:\/\/aivlisoft.net\/shop\/producto\/iggual-switch-gigabit-5-puertos-1000-mbps-ges5000\/#primaryimage\",\"url\":\"https:\/\/aivlisoft.net\/shop\/wp-content\/uploads\/2025\/01\/NSWSSO0260_800.jpg\",\"contentUrl\":\"https:\/\/aivlisoft.net\/shop\/wp-content\/uploads\/2025\/01\/NSWSSO0260_800.jpg\",\"width\":800,\"height\":800},{\"@type\":\"BreadcrumbList\",\"@id\":\"https:\/\/aivlisoft.net\/shop\/producto\/iggual-switch-gigabit-5-puertos-1000-mbps-ges5000\/#breadcrumb\",\"itemListElement\":[{\"@type\":\"ListItem\",\"position\":1,\"name\":\"Portada\",\"item\":\"https:\/\/aivlisoft.net\/shop\/\"},{\"@type\":\"ListItem\",\"position\":2,\"name\":\"Tienda\",\"item\":\"https:\/\/aivlisoft.net\/shop\/tienda\/\"},{\"@type\":\"ListItem\",\"position\":3,\"name\":\"iggual Switch Gigabit 5 puertos 1000 Mbps GES5000\"}]},{\"@type\":\"WebSite\",\"@id\":\"https:\/\/aivlisoft.net\/shop\/#website\",\"url\":\"https:\/\/aivlisoft.net\/shop\/\",\"name\":\"Aivlisoft Inform\u00e1tica\",\"description\":\"En Aivlisoft Inform\u00e1tica ofrecemos soluciones tecnol\u00f3gicas para empresas: venta de ordenadores, consumibles, perif\u00e9ricos y m\u00e1s. Calidad, atenci\u00f3n personalizada y los mejores precios para tu negocio.\",\"publisher\":{\"@id\":\"https:\/\/aivlisoft.net\/shop\/#organization\"},\"potentialAction\":[{\"@type\":\"SearchAction\",\"target\":{\"@type\":\"EntryPoint\",\"urlTemplate\":\"https:\/\/aivlisoft.net\/shop\/?s={search_term_string}\"},\"query-input\":{\"@type\":\"PropertyValueSpecification\",\"valueRequired\":true,\"valueName\":\"search_term_string\"}}],\"inLanguage\":\"es\"},{\"@type\":\"Organization\",\"@id\":\"https:\/\/aivlisoft.net\/shop\/#organization\",\"name\":\"Aivlisoft Inform\u00e1tica\",\"url\":\"https:\/\/aivlisoft.net\/shop\/\",\"logo\":{\"@type\":\"ImageObject\",\"inLanguage\":\"es\",\"@id\":\"https:\/\/aivlisoft.net\/shop\/#\/schema\/logo\/image\/\",\"url\":\"https:\/\/aivlisoft.net\/shop\/wp-content\/uploads\/2024\/12\/removal.ai_5b848c54-0cdf-4140-95c5-c5536bb7573b-logodef.png\",\"contentUrl\":\"https:\/\/aivlisoft.net\/shop\/wp-content\/uploads\/2024\/12\/removal.ai_5b848c54-0cdf-4140-95c5-c5536bb7573b-logodef.png\",\"width\":484,\"height\":182,\"caption\":\"Aivlisoft Inform\u00e1tica\"},\"image\":{\"@id\":\"https:\/\/aivlisoft.net\/shop\/#\/schema\/logo\/image\/\"}}]}<\/script>\n<!-- \/ Yoast SEO plugin. -->","yoast_head_json":{"title":"iggual Switch Gigabit 5 puertos 1000 Mbps GES5000 - Aivlisoft Inform\u00e1tica","robots":{"index":"index","follow":"follow","max-snippet":"max-snippet:-1","max-image-preview":"max-image-preview:large","max-video-preview":"max-video-preview:-1"},"canonical":"https:\/\/aivlisoft.net\/shop\/producto\/iggual-switch-gigabit-5-puertos-1000-mbps-ges5000\/","og_locale":"es_ES","og_type":"article","og_title":"iggual Switch Gigabit 5 puertos 1000 Mbps GES5000 - Aivlisoft Inform\u00e1tica","og_description":"Este switch de iggual es un conmutador no gestionable que proporciona una conexi&oacute;n de red fluida, continua, fiable y estable.Cuenta con 5 puertos LAN Ethernet RJ45 de 10\/100\/1000 Mbps con auto-negociaci&oacute;n y con funci&oacute;n Auto MDI\/MDIX.Su tecnolog&iacute;a de conmutaci&oacute;n &ldquo;almacenamiento y reenv&iacute;o&rdquo; junto con su asignaci&oacute;n de memoria din&aacute;mica, garantizan una correcta y eficiente distribuci&oacute;n&hellip;&nbsp;iggual Switch Gigabit 5 puertos 1000 Mbps GES5000","og_url":"https:\/\/aivlisoft.net\/shop\/producto\/iggual-switch-gigabit-5-puertos-1000-mbps-ges5000\/","og_site_name":"Aivlisoft Inform\u00e1tica","article_modified_time":"2025-01-14T11:54:52+00:00","og_image":[{"width":800,"height":800,"url":"https:\/\/aivlisoft.net\/shop\/wp-content\/uploads\/2025\/01\/NSWSSO0260_800.jpg","type":"image\/jpeg"}],"twitter_card":"summary_large_image","twitter_misc":{"Tiempo de lectura":"2 minutos"},"schema":{"@context":"https:\/\/schema.org","@graph":[{"@type":"WebPage","@id":"https:\/\/aivlisoft.net\/shop\/producto\/iggual-switch-gigabit-5-puertos-1000-mbps-ges5000\/","url":"https:\/\/aivlisoft.net\/shop\/producto\/iggual-switch-gigabit-5-puertos-1000-mbps-ges5000\/","name":"iggual Switch Gigabit 5 puertos 1000 Mbps GES5000 - Aivlisoft Inform\u00e1tica","isPartOf":{"@id":"https:\/\/aivlisoft.net\/shop\/#website"},"primaryImageOfPage":{"@id":"https:\/\/aivlisoft.net\/shop\/producto\/iggual-switch-gigabit-5-puertos-1000-mbps-ges5000\/#primaryimage"},"image":{"@id":"https:\/\/aivlisoft.net\/shop\/producto\/iggual-switch-gigabit-5-puertos-1000-mbps-ges5000\/#primaryimage"},"thumbnailUrl":"https:\/\/aivlisoft.net\/shop\/wp-content\/uploads\/2025\/01\/NSWSSO0260_800.jpg","datePublished":"2025-01-13T15:51:12+00:00","dateModified":"2025-01-14T11:54:52+00:00","breadcrumb":{"@id":"https:\/\/aivlisoft.net\/shop\/producto\/iggual-switch-gigabit-5-puertos-1000-mbps-ges5000\/#breadcrumb"},"inLanguage":"es","potentialAction":[{"@type":"ReadAction","target":["https:\/\/aivlisoft.net\/shop\/producto\/iggual-switch-gigabit-5-puertos-1000-mbps-ges5000\/"]}]},{"@type":"ImageObject","inLanguage":"es","@id":"https:\/\/aivlisoft.net\/shop\/producto\/iggual-switch-gigabit-5-puertos-1000-mbps-ges5000\/#primaryimage","url":"https:\/\/aivlisoft.net\/shop\/wp-content\/uploads\/2025\/01\/NSWSSO0260_800.jpg","contentUrl":"https:\/\/aivlisoft.net\/shop\/wp-content\/uploads\/2025\/01\/NSWSSO0260_800.jpg","width":800,"height":800},{"@type":"BreadcrumbList","@id":"https:\/\/aivlisoft.net\/shop\/producto\/iggual-switch-gigabit-5-puertos-1000-mbps-ges5000\/#breadcrumb","itemListElement":[{"@type":"ListItem","position":1,"name":"Portada","item":"https:\/\/aivlisoft.net\/shop\/"},{"@type":"ListItem","position":2,"name":"Tienda","item":"https:\/\/aivlisoft.net\/shop\/tienda\/"},{"@type":"ListItem","position":3,"name":"iggual Switch Gigabit 5 puertos 1000 Mbps GES5000"}]},{"@type":"WebSite","@id":"https:\/\/aivlisoft.net\/shop\/#website","url":"https:\/\/aivlisoft.net\/shop\/","name":"Aivlisoft Inform\u00e1tica","description":"En Aivlisoft Inform\u00e1tica ofrecemos soluciones tecnol\u00f3gicas para empresas: venta de ordenadores, consumibles, perif\u00e9ricos y m\u00e1s. Calidad, atenci\u00f3n personalizada y los mejores precios para tu negocio.","publisher":{"@id":"https:\/\/aivlisoft.net\/shop\/#organization"},"potentialAction":[{"@type":"SearchAction","target":{"@type":"EntryPoint","urlTemplate":"https:\/\/aivlisoft.net\/shop\/?s={search_term_string}"},"query-input":{"@type":"PropertyValueSpecification","valueRequired":true,"valueName":"search_term_string"}}],"inLanguage":"es"},{"@type":"Organization","@id":"https:\/\/aivlisoft.net\/shop\/#organization","name":"Aivlisoft Inform\u00e1tica","url":"https:\/\/aivlisoft.net\/shop\/","logo":{"@type":"ImageObject","inLanguage":"es","@id":"https:\/\/aivlisoft.net\/shop\/#\/schema\/logo\/image\/","url":"https:\/\/aivlisoft.net\/shop\/wp-content\/uploads\/2024\/12\/removal.ai_5b848c54-0cdf-4140-95c5-c5536bb7573b-logodef.png","contentUrl":"https:\/\/aivlisoft.net\/shop\/wp-content\/uploads\/2024\/12\/removal.ai_5b848c54-0cdf-4140-95c5-c5536bb7573b-logodef.png","width":484,"height":182,"caption":"Aivlisoft Inform\u00e1tica"},"image":{"@id":"https:\/\/aivlisoft.net\/shop\/#\/schema\/logo\/image\/"}}]}},"_links":{"self":[{"href":"https:\/\/aivlisoft.net\/shop\/wp-json\/wp\/v2\/product\/21197","targetHints":{"allow":["GET"]}}],"collection":[{"href":"https:\/\/aivlisoft.net\/shop\/wp-json\/wp\/v2\/product"}],"about":[{"href":"https:\/\/aivlisoft.net\/shop\/wp-json\/wp\/v2\/types\/product"}],"wp:featuredmedia":[{"embeddable":true,"href":"https:\/\/aivlisoft.net\/shop\/wp-json\/wp\/v2\/media\/21198"}],"wp:attachment":[{"href":"https:\/\/aivlisoft.net\/shop\/wp-json\/wp\/v2\/media?parent=21197"}],"wp:term":[{"taxonomy":"product_brand","embeddable":true,"href":"https:\/\/aivlisoft.net\/shop\/wp-json\/wp\/v2\/product_brand?post=21197"},{"taxonomy":"product_cat","embeddable":true,"href":"https:\/\/aivlisoft.net\/shop\/wp-json\/wp\/v2\/product_cat?post=21197"},{"taxonomy":"product_tag","embeddable":true,"href":"https:\/\/aivlisoft.net\/shop\/wp-json\/wp\/v2\/product_tag?post=21197"}],"curies":[{"name":"wp","href":"https:\/\/api.w.org\/{rel}","templated":true}]}}