{"id":21180,"date":"2025-01-13T15:51:03","date_gmt":"2025-01-13T15:51:03","guid":{"rendered":"https:\/\/aivlisoft.com\/?post_type=product&#038;p=21180"},"modified":"2025-01-14T11:54:48","modified_gmt":"2025-01-14T11:54:48","slug":"tp-link-tl-sg1024de-switch-24xgb","status":"publish","type":"product","link":"https:\/\/aivlisoft.net\/shop\/producto\/tp-link-tl-sg1024de-switch-24xgb\/","title":{"rendered":"TP-LINK TL-SG1024DE Switch 24xGB"},"content":{"rendered":"<p><strong><\/strong><strong>Switch de 24 puertos Gigabit Easy Smart <\/strong><\/p>\n<p>&#8211; 24 puertos 10\/100\/1000Mbps RJ45<br \/>&#8211; Proporciona monitoreo de red, priorizaci&oacute;n de tr&aacute;fico y VLAN<br \/>&#8211; La tecnolog&iacute;a de eficiencia energ&eacute;tica reduce el gasto de energ&iacute;a hasta en un 40%<br \/>&#8211; F&aacute;cil despliegue de red con plug-and-play<br \/>&#8211; Gesti&oacute;n centralizada de todos los switches Easy Smart con la Utilidad de Configuraci&oacute;n Easy Smart<\/p>\n<table class=\"tabla_caracteristicas k-table\" width=\"100%\">\n<tbody>\n<tr>\n<td><strong>Marca<\/strong><\/td>\n<td>TP-LINK<\/td>\n<\/tr>\n<tr>\n<td valign=\"top\"><strong>Modelo<\/strong><\/td>\n<td><strong>TL-SG1024DE<\/strong><\/td>\n<\/tr>\n<tr>\n<td><strong>Caracter&iacute;sticas de Hardware<\/strong><\/td>\n<td><strong>Est&aacute;ndares y Protocolos &nbsp;&nbsp; &nbsp;<\/strong><br \/>&#8211; IEEE 802.3i, IEEE 802.3u, IEEE 802.3ab, IEEE 802.3x, IEEE 802.1q, IEEE 802.1p<br \/><strong>Interfaz &nbsp;&nbsp; &nbsp;<\/strong><br \/>&#8211; 24 puertos RJ45 a 10\/100\/1000 Mbps con negociaci&oacute;n autom&aacute;tica (MDI\/MDIX autom&aacute;tico)<br \/><strong>Medios de Red &nbsp;&nbsp; &nbsp;<\/strong><br \/>&#8211; 10Base-T: cable UTP categor&iacute;as 3, 4, 5 (100 metros m&aacute;ximo)<br \/>&#8211; EIA\/TIA-568 100&Omega; STP (m&aacute;ximo 100 m)<br \/>&#8211; 100Base-Tx: cable UTP categor&iacute;as 5, 5e (m&aacute;ximo 100 metros)<br \/>&#8211; EIA\/TIA-568 100&Omega; STP (m&aacute;ximo 100 m)<br \/>&#8211; 1000Base-T: cables UTP categor&iacute;a 5, 5e (m&aacute;ximo 100 metros)<br \/><strong>Cantidad de Ventiladores &nbsp;&nbsp; &nbsp;<\/strong><br \/>&#8211; Sin ventiladores<br \/><strong>Fuente de Alimentaci&oacute;n &nbsp;&nbsp; &nbsp;<\/strong><br \/>&#8211; 100-240VAC, 50\/60Hz<br \/><strong>Consumo de Potencia &nbsp;&nbsp; &nbsp;<\/strong><br \/>&#8211; M&aacute;ximo: 14.86W (220V\/50Hz)<br \/><strong>Dimensiones &nbsp;&nbsp; &nbsp;<\/strong><br \/>&#8211; 294 x 180*44 mm<br \/><strong>Montaje &nbsp;&nbsp; &nbsp;<\/strong><br \/>&#8211; Montaje en Rack<br \/><strong>Consumo de Potencia M&aacute;ximo &nbsp;&nbsp; &nbsp;<\/strong><br \/>&#8211; 33.52W (220V\/50Hz)<br \/><strong>Max Heat Dissipation &nbsp;&nbsp; &nbsp;<\/strong><br \/>&#8211; 114.37 BTU\/h <\/td>\n<\/tr>\n<tr>\n<td valign=\"top\"><strong>Rendimiento<\/strong><\/td>\n<td><strong><\/strong><strong>Capacidad de Conmutaci&oacute;n &nbsp;&nbsp; &nbsp;<\/strong><br \/>&#8211; 48Gbps<br \/><strong>Tasa de Reenv&iacute;o de Paquetes &nbsp;&nbsp; &nbsp;<\/strong><br \/>&#8211; 35.7Mpps<br \/><strong>Tabla de Direcciones MAC &nbsp;&nbsp; &nbsp;<\/strong><br \/>&#8211; 8K<br \/><strong>Memoria del Buffer de Paquete &nbsp;&nbsp; &nbsp;<\/strong><br \/>&#8211; 512KB<br \/><strong>Jumbo Frame &nbsp;&nbsp; &nbsp;<\/strong><br \/>&#8211; 9KB <\/td>\n<\/tr>\n<tr>\n<td valign=\"top\"><strong>Caracter&iacute;sticas de Software<\/strong><\/td>\n<td><strong><\/strong><strong>Calidad de Servicio &nbsp;&nbsp; &nbsp;<\/strong><br \/>&#8211; Soporte de Prioridad en base a Puerto\/802.1p<br \/>&#8211; Soporte hasta 4 colas de prioridad<br \/>&#8211; L&iacute;mite de Velocidad<br \/>&#8211; Control de Tormentas<br \/><strong>Caracter&iacute;sticas L2 &nbsp;&nbsp; &nbsp;<\/strong><br \/>&#8211; IGMP Snooping V1\/V2\/V3<br \/>&#8211; Agregac&iacute;on Est&aacute;tcia de Enlaces<br \/>&#8211; Port Mirroring<br \/>&#8211; Diagn&oacute;stico de Cables<br \/>&#8211; Prevenci&oacute;n de Loop<br \/><strong>VLAN &nbsp;&nbsp; &nbsp;<\/strong><br \/>&#8211; Soporte hasta 128 VLANs simult&aacute;neas (de 4K VLAN IDs)<br \/>&#8211; MTU\/Puerto\/Tag VLAN<br \/><strong>M&eacute;todo de Transmisi&oacute;n &nbsp;&nbsp; &nbsp;<\/strong><br \/>&#8211; Store-And-Forward <\/td>\n<\/tr>\n<tr>\n<td valign=\"top\"><strong>Otros<\/strong><\/td>\n<td><strong><\/strong><strong>Certificaciones &nbsp;&nbsp; &nbsp;<\/strong><br \/>&#8211; FCC, CE, RoHS<br \/><strong>Contenido del Paquete &nbsp;&nbsp; &nbsp;<\/strong><br \/>&#8211; Switch para sobremesa\/bastidor con 24 puertos Gigabit<br \/>&#8211; Cable de alimentaci&oacute;n<br \/>&#8211; Gu&iacute;a de instalaci&oacute;n<br \/>&#8211; CD de recursos<br \/>&#8211; Kit de montaje en bastidor<br \/>&#8211; Puntos de goma<br \/><strong>Requisitos del sistema &nbsp;&nbsp; &nbsp;<\/strong><br \/>&#8211; Microsoft&reg; Windows&reg; para la utilidad<br \/><strong>Factores Ambientales &nbsp;&nbsp; &nbsp;<\/strong><br \/>&#8211; Temperatura de funcionamiento: 0&ordm;C~40&ordm;C<br \/>&#8211; Temperatura de almacenamiento: -40&ordm;C~70&ordm;C<br \/>&#8211; Humedad de funcionamiento: 10%~90% sin condensaci&oacute;n;<br \/>&#8211; Humedad de almacenamiento: 5%~90% sin condensaci&oacute;n <\/td>\n<\/tr>\n<tr>\n<td><strong>Fecha de revisi&oacute;n<\/strong><\/td>\n<td>05-06-2019 por AVN<\/td>\n<\/tr>\n<\/tbody>\n<\/table>\n","protected":false},"excerpt":{"rendered":"<p>Switch de 24 puertos Gigabit Easy Smart &#8211; 24 puertos 10\/100\/1000Mbps RJ45&#8211; Proporciona monitoreo de red, priorizaci&oacute;n de tr&aacute;fico y VLAN&#8211; La tecnolog&iacute;a de eficiencia energ&eacute;tica reduce el gasto de energ&iacute;a hasta en un 40%&#8211; F&aacute;cil despliegue de red con plug-and-play&#8211; Gesti&oacute;n centralizada de todos los switches Easy Smart con la Utilidad de Configuraci&oacute;n Easy&hellip;&nbsp;<a href=\"https:\/\/aivlisoft.net\/shop\/producto\/tp-link-tl-sg1024de-switch-24xgb\/\" rel=\"bookmark\"><span class=\"screen-reader-text\">TP-LINK TL-SG1024DE Switch 24xGB<\/span><\/a><\/p>\n","protected":false},"featured_media":21181,"template":"","meta":{"neve_meta_sidebar":"","neve_meta_container":"","neve_meta_enable_content_width":"","neve_meta_content_width":0,"neve_meta_title_alignment":"","neve_meta_author_avatar":"","neve_post_elements_order":"","neve_meta_disable_header":"","neve_meta_disable_footer":"","neve_meta_disable_title":""},"product_brand":[],"product_cat":[8773],"product_tag":[7504],"class_list":{"0":"post-21180","1":"product","2":"type-product","3":"status-publish","4":"has-post-thumbnail","6":"product_cat-switches-sobremesa","7":"product_tag-tl-sg1024de","9":"first","10":"instock","11":"taxable","12":"shipping-taxable","13":"purchasable","14":"product-type-simple"},"yoast_head":"<!-- This site is optimized with the Yoast SEO plugin v26.0 - https:\/\/yoast.com\/wordpress\/plugins\/seo\/ -->\n<title>TP-LINK TL-SG1024DE Switch 24xGB - Aivlisoft Inform\u00e1tica<\/title>\n<meta name=\"robots\" content=\"index, follow, max-snippet:-1, max-image-preview:large, max-video-preview:-1\" \/>\n<link rel=\"canonical\" href=\"https:\/\/aivlisoft.net\/shop\/producto\/tp-link-tl-sg1024de-switch-24xgb\/\" \/>\n<meta property=\"og:locale\" content=\"es_ES\" \/>\n<meta property=\"og:type\" content=\"article\" \/>\n<meta property=\"og:title\" content=\"TP-LINK TL-SG1024DE Switch 24xGB - Aivlisoft Inform\u00e1tica\" \/>\n<meta property=\"og:description\" content=\"Switch de 24 puertos Gigabit Easy Smart &#8211; 24 puertos 10\/100\/1000Mbps RJ45&#8211; Proporciona monitoreo de red, priorizaci&oacute;n de tr&aacute;fico y VLAN&#8211; La tecnolog&iacute;a de eficiencia energ&eacute;tica reduce el gasto de energ&iacute;a hasta en un 40%&#8211; F&aacute;cil despliegue de red con plug-and-play&#8211; Gesti&oacute;n centralizada de todos los switches Easy Smart con la Utilidad de Configuraci&oacute;n Easy&hellip;&nbsp;TP-LINK TL-SG1024DE Switch 24xGB\" \/>\n<meta property=\"og:url\" content=\"https:\/\/aivlisoft.net\/shop\/producto\/tp-link-tl-sg1024de-switch-24xgb\/\" \/>\n<meta property=\"og:site_name\" content=\"Aivlisoft Inform\u00e1tica\" \/>\n<meta property=\"article:modified_time\" content=\"2025-01-14T11:54:48+00:00\" \/>\n<meta property=\"og:image\" content=\"https:\/\/aivlisoft.net\/shop\/wp-content\/uploads\/2025\/01\/NSWSSO0247_800.jpg\" \/>\n\t<meta property=\"og:image:width\" content=\"800\" \/>\n\t<meta property=\"og:image:height\" content=\"800\" \/>\n\t<meta property=\"og:image:type\" content=\"image\/jpeg\" \/>\n<meta name=\"twitter:card\" content=\"summary_large_image\" \/>\n<meta name=\"twitter:label1\" content=\"Tiempo de lectura\" \/>\n\t<meta name=\"twitter:data1\" content=\"2 minutos\" \/>\n<script type=\"application\/ld+json\" class=\"yoast-schema-graph\">{\"@context\":\"https:\/\/schema.org\",\"@graph\":[{\"@type\":\"WebPage\",\"@id\":\"https:\/\/aivlisoft.net\/shop\/producto\/tp-link-tl-sg1024de-switch-24xgb\/\",\"url\":\"https:\/\/aivlisoft.net\/shop\/producto\/tp-link-tl-sg1024de-switch-24xgb\/\",\"name\":\"TP-LINK TL-SG1024DE Switch 24xGB - Aivlisoft Inform\u00e1tica\",\"isPartOf\":{\"@id\":\"https:\/\/aivlisoft.net\/shop\/#website\"},\"primaryImageOfPage\":{\"@id\":\"https:\/\/aivlisoft.net\/shop\/producto\/tp-link-tl-sg1024de-switch-24xgb\/#primaryimage\"},\"image\":{\"@id\":\"https:\/\/aivlisoft.net\/shop\/producto\/tp-link-tl-sg1024de-switch-24xgb\/#primaryimage\"},\"thumbnailUrl\":\"https:\/\/aivlisoft.net\/shop\/wp-content\/uploads\/2025\/01\/NSWSSO0247_800.jpg\",\"datePublished\":\"2025-01-13T15:51:03+00:00\",\"dateModified\":\"2025-01-14T11:54:48+00:00\",\"breadcrumb\":{\"@id\":\"https:\/\/aivlisoft.net\/shop\/producto\/tp-link-tl-sg1024de-switch-24xgb\/#breadcrumb\"},\"inLanguage\":\"es\",\"potentialAction\":[{\"@type\":\"ReadAction\",\"target\":[\"https:\/\/aivlisoft.net\/shop\/producto\/tp-link-tl-sg1024de-switch-24xgb\/\"]}]},{\"@type\":\"ImageObject\",\"inLanguage\":\"es\",\"@id\":\"https:\/\/aivlisoft.net\/shop\/producto\/tp-link-tl-sg1024de-switch-24xgb\/#primaryimage\",\"url\":\"https:\/\/aivlisoft.net\/shop\/wp-content\/uploads\/2025\/01\/NSWSSO0247_800.jpg\",\"contentUrl\":\"https:\/\/aivlisoft.net\/shop\/wp-content\/uploads\/2025\/01\/NSWSSO0247_800.jpg\",\"width\":800,\"height\":800},{\"@type\":\"BreadcrumbList\",\"@id\":\"https:\/\/aivlisoft.net\/shop\/producto\/tp-link-tl-sg1024de-switch-24xgb\/#breadcrumb\",\"itemListElement\":[{\"@type\":\"ListItem\",\"position\":1,\"name\":\"Portada\",\"item\":\"https:\/\/aivlisoft.net\/shop\/\"},{\"@type\":\"ListItem\",\"position\":2,\"name\":\"Tienda\",\"item\":\"https:\/\/aivlisoft.net\/shop\/tienda\/\"},{\"@type\":\"ListItem\",\"position\":3,\"name\":\"TP-LINK TL-SG1024DE Switch 24xGB\"}]},{\"@type\":\"WebSite\",\"@id\":\"https:\/\/aivlisoft.net\/shop\/#website\",\"url\":\"https:\/\/aivlisoft.net\/shop\/\",\"name\":\"Aivlisoft Inform\u00e1tica\",\"description\":\"En Aivlisoft Inform\u00e1tica ofrecemos soluciones tecnol\u00f3gicas para empresas: venta de ordenadores, consumibles, perif\u00e9ricos y m\u00e1s. Calidad, atenci\u00f3n personalizada y los mejores precios para tu negocio.\",\"publisher\":{\"@id\":\"https:\/\/aivlisoft.net\/shop\/#organization\"},\"potentialAction\":[{\"@type\":\"SearchAction\",\"target\":{\"@type\":\"EntryPoint\",\"urlTemplate\":\"https:\/\/aivlisoft.net\/shop\/?s={search_term_string}\"},\"query-input\":{\"@type\":\"PropertyValueSpecification\",\"valueRequired\":true,\"valueName\":\"search_term_string\"}}],\"inLanguage\":\"es\"},{\"@type\":\"Organization\",\"@id\":\"https:\/\/aivlisoft.net\/shop\/#organization\",\"name\":\"Aivlisoft Inform\u00e1tica\",\"url\":\"https:\/\/aivlisoft.net\/shop\/\",\"logo\":{\"@type\":\"ImageObject\",\"inLanguage\":\"es\",\"@id\":\"https:\/\/aivlisoft.net\/shop\/#\/schema\/logo\/image\/\",\"url\":\"https:\/\/aivlisoft.net\/shop\/wp-content\/uploads\/2024\/12\/removal.ai_5b848c54-0cdf-4140-95c5-c5536bb7573b-logodef.png\",\"contentUrl\":\"https:\/\/aivlisoft.net\/shop\/wp-content\/uploads\/2024\/12\/removal.ai_5b848c54-0cdf-4140-95c5-c5536bb7573b-logodef.png\",\"width\":484,\"height\":182,\"caption\":\"Aivlisoft Inform\u00e1tica\"},\"image\":{\"@id\":\"https:\/\/aivlisoft.net\/shop\/#\/schema\/logo\/image\/\"}}]}<\/script>\n<!-- \/ Yoast SEO plugin. -->","yoast_head_json":{"title":"TP-LINK TL-SG1024DE Switch 24xGB - Aivlisoft Inform\u00e1tica","robots":{"index":"index","follow":"follow","max-snippet":"max-snippet:-1","max-image-preview":"max-image-preview:large","max-video-preview":"max-video-preview:-1"},"canonical":"https:\/\/aivlisoft.net\/shop\/producto\/tp-link-tl-sg1024de-switch-24xgb\/","og_locale":"es_ES","og_type":"article","og_title":"TP-LINK TL-SG1024DE Switch 24xGB - Aivlisoft Inform\u00e1tica","og_description":"Switch de 24 puertos Gigabit Easy Smart &#8211; 24 puertos 10\/100\/1000Mbps RJ45&#8211; Proporciona monitoreo de red, priorizaci&oacute;n de tr&aacute;fico y VLAN&#8211; La tecnolog&iacute;a de eficiencia energ&eacute;tica reduce el gasto de energ&iacute;a hasta en un 40%&#8211; F&aacute;cil despliegue de red con plug-and-play&#8211; Gesti&oacute;n centralizada de todos los switches Easy Smart con la Utilidad de Configuraci&oacute;n Easy&hellip;&nbsp;TP-LINK TL-SG1024DE Switch 24xGB","og_url":"https:\/\/aivlisoft.net\/shop\/producto\/tp-link-tl-sg1024de-switch-24xgb\/","og_site_name":"Aivlisoft Inform\u00e1tica","article_modified_time":"2025-01-14T11:54:48+00:00","og_image":[{"width":800,"height":800,"url":"https:\/\/aivlisoft.net\/shop\/wp-content\/uploads\/2025\/01\/NSWSSO0247_800.jpg","type":"image\/jpeg"}],"twitter_card":"summary_large_image","twitter_misc":{"Tiempo de lectura":"2 minutos"},"schema":{"@context":"https:\/\/schema.org","@graph":[{"@type":"WebPage","@id":"https:\/\/aivlisoft.net\/shop\/producto\/tp-link-tl-sg1024de-switch-24xgb\/","url":"https:\/\/aivlisoft.net\/shop\/producto\/tp-link-tl-sg1024de-switch-24xgb\/","name":"TP-LINK TL-SG1024DE Switch 24xGB - Aivlisoft Inform\u00e1tica","isPartOf":{"@id":"https:\/\/aivlisoft.net\/shop\/#website"},"primaryImageOfPage":{"@id":"https:\/\/aivlisoft.net\/shop\/producto\/tp-link-tl-sg1024de-switch-24xgb\/#primaryimage"},"image":{"@id":"https:\/\/aivlisoft.net\/shop\/producto\/tp-link-tl-sg1024de-switch-24xgb\/#primaryimage"},"thumbnailUrl":"https:\/\/aivlisoft.net\/shop\/wp-content\/uploads\/2025\/01\/NSWSSO0247_800.jpg","datePublished":"2025-01-13T15:51:03+00:00","dateModified":"2025-01-14T11:54:48+00:00","breadcrumb":{"@id":"https:\/\/aivlisoft.net\/shop\/producto\/tp-link-tl-sg1024de-switch-24xgb\/#breadcrumb"},"inLanguage":"es","potentialAction":[{"@type":"ReadAction","target":["https:\/\/aivlisoft.net\/shop\/producto\/tp-link-tl-sg1024de-switch-24xgb\/"]}]},{"@type":"ImageObject","inLanguage":"es","@id":"https:\/\/aivlisoft.net\/shop\/producto\/tp-link-tl-sg1024de-switch-24xgb\/#primaryimage","url":"https:\/\/aivlisoft.net\/shop\/wp-content\/uploads\/2025\/01\/NSWSSO0247_800.jpg","contentUrl":"https:\/\/aivlisoft.net\/shop\/wp-content\/uploads\/2025\/01\/NSWSSO0247_800.jpg","width":800,"height":800},{"@type":"BreadcrumbList","@id":"https:\/\/aivlisoft.net\/shop\/producto\/tp-link-tl-sg1024de-switch-24xgb\/#breadcrumb","itemListElement":[{"@type":"ListItem","position":1,"name":"Portada","item":"https:\/\/aivlisoft.net\/shop\/"},{"@type":"ListItem","position":2,"name":"Tienda","item":"https:\/\/aivlisoft.net\/shop\/tienda\/"},{"@type":"ListItem","position":3,"name":"TP-LINK TL-SG1024DE Switch 24xGB"}]},{"@type":"WebSite","@id":"https:\/\/aivlisoft.net\/shop\/#website","url":"https:\/\/aivlisoft.net\/shop\/","name":"Aivlisoft Inform\u00e1tica","description":"En Aivlisoft Inform\u00e1tica ofrecemos soluciones tecnol\u00f3gicas para empresas: venta de ordenadores, consumibles, perif\u00e9ricos y m\u00e1s. Calidad, atenci\u00f3n personalizada y los mejores precios para tu negocio.","publisher":{"@id":"https:\/\/aivlisoft.net\/shop\/#organization"},"potentialAction":[{"@type":"SearchAction","target":{"@type":"EntryPoint","urlTemplate":"https:\/\/aivlisoft.net\/shop\/?s={search_term_string}"},"query-input":{"@type":"PropertyValueSpecification","valueRequired":true,"valueName":"search_term_string"}}],"inLanguage":"es"},{"@type":"Organization","@id":"https:\/\/aivlisoft.net\/shop\/#organization","name":"Aivlisoft Inform\u00e1tica","url":"https:\/\/aivlisoft.net\/shop\/","logo":{"@type":"ImageObject","inLanguage":"es","@id":"https:\/\/aivlisoft.net\/shop\/#\/schema\/logo\/image\/","url":"https:\/\/aivlisoft.net\/shop\/wp-content\/uploads\/2024\/12\/removal.ai_5b848c54-0cdf-4140-95c5-c5536bb7573b-logodef.png","contentUrl":"https:\/\/aivlisoft.net\/shop\/wp-content\/uploads\/2024\/12\/removal.ai_5b848c54-0cdf-4140-95c5-c5536bb7573b-logodef.png","width":484,"height":182,"caption":"Aivlisoft Inform\u00e1tica"},"image":{"@id":"https:\/\/aivlisoft.net\/shop\/#\/schema\/logo\/image\/"}}]}},"_links":{"self":[{"href":"https:\/\/aivlisoft.net\/shop\/wp-json\/wp\/v2\/product\/21180","targetHints":{"allow":["GET"]}}],"collection":[{"href":"https:\/\/aivlisoft.net\/shop\/wp-json\/wp\/v2\/product"}],"about":[{"href":"https:\/\/aivlisoft.net\/shop\/wp-json\/wp\/v2\/types\/product"}],"wp:featuredmedia":[{"embeddable":true,"href":"https:\/\/aivlisoft.net\/shop\/wp-json\/wp\/v2\/media\/21181"}],"wp:attachment":[{"href":"https:\/\/aivlisoft.net\/shop\/wp-json\/wp\/v2\/media?parent=21180"}],"wp:term":[{"taxonomy":"product_brand","embeddable":true,"href":"https:\/\/aivlisoft.net\/shop\/wp-json\/wp\/v2\/product_brand?post=21180"},{"taxonomy":"product_cat","embeddable":true,"href":"https:\/\/aivlisoft.net\/shop\/wp-json\/wp\/v2\/product_cat?post=21180"},{"taxonomy":"product_tag","embeddable":true,"href":"https:\/\/aivlisoft.net\/shop\/wp-json\/wp\/v2\/product_tag?post=21180"}],"curies":[{"name":"wp","href":"https:\/\/api.w.org\/{rel}","templated":true}]}}