{"id":21175,"date":"2025-01-13T15:51:01","date_gmt":"2025-01-13T15:51:01","guid":{"rendered":"https:\/\/aivlisoft.com\/?post_type=product&#038;p=21175"},"modified":"2025-01-14T11:54:47","modified_gmt":"2025-01-14T11:54:47","slug":"tp-link-tl-sg116-switch-16xgb","status":"publish","type":"product","link":"https:\/\/aivlisoft.net\/shop\/producto\/tp-link-tl-sg116-switch-16xgb\/","title":{"rendered":"TP-LINK TL-SG116 Switch 16xGB"},"content":{"rendered":"<p><strong><\/strong><strong>Switch Desktop 16 puertos Gigabit <\/strong><\/p>\n<p>&#8211; 16 puertos RJ45 de autonegociaci&oacute;n de 10\/100 \/ 1000Mbps que admiten Auto-MDI \/ MDIX<br \/>&#8211; La tecnolog&iacute;a Green Ethernet ahorra consumo de energ&iacute;a<br \/>&#8211; El control de flujo IEEE 802.3x proporciona una transferencia de datos confiable<br \/>&#8211; Carcasa de acero, sobremesa o pared.<br \/>&#8211; Admite 802.1p \/ DSCP QoS y funci&oacute;n de indagaci&oacute;n IGMP<br \/>&#8211; Plug and play, sin necesidad de configuraci&oacute;n<\/p>\n<table class=\"tabla_caracteristicas k-table\" width=\"100%\">\n<tbody>\n<tr>\n<td><strong>Marca<\/strong><\/td>\n<td>TP-LINK<\/td>\n<\/tr>\n<tr>\n<td valign=\"top\"><strong>Modelo<\/strong><\/td>\n<td><strong>TL-SG116<\/strong><\/td>\n<\/tr>\n<tr>\n<td><strong>Caracter&iacute;sticas de Hardware<\/strong><\/td>\n<td><strong>Normas y Protocolos.<\/strong><br \/>&#8211; IEEE 802.3i, IEEE802.3u, IEEE802.3ab, IEEE802.3x, IEEE802.1p<br \/><strong>Interfaz<\/strong><br \/>&#8211; Puertos 16 &times; 10\/100 \/ 1000Mbps<br \/>&#8211; Auto-negociaci&oacute;n, Auto-MDI \/ MDIX<br \/><strong>Cantidad de ventiladores<\/strong><br \/>&#8211; sin ventilador<br \/><strong>Fuente de alimentaci&oacute;n externa<\/strong><br \/>&#8211; Adaptador de alimentaci&oacute;n externa 100VAC ~ 240VAC<br \/>&#8211; (Salida: 12VDC \/ 1.0A)<br \/><strong>Indicador LED<\/strong><br \/>&#8211; Alimentaci&oacute;n del sistema<br \/>&#8211; Indicadores de enlace \/ ley por puerto integrado en cada puerto RJ-45<br \/><strong>Dimensiones<\/strong><br \/>&#8211; 286 &times; 112 &times; 25 mm.<br \/><strong>Consumo m&aacute;ximo de energ&iacute;a<\/strong><br \/>&#8211; 10W<br \/><strong>Disipaci&oacute;n de calor m&aacute;xima<\/strong><br \/>&#8211; 34.1 BTU \/ h<\/td>\n<\/tr>\n<tr>\n<td valign=\"top\"><strong>Rendimiento<\/strong><\/td>\n<td><strong>Tasa de reenv&iacute;o de paquetes<\/strong><br \/>&#8211; 23.8Mpps<br \/><strong>Tabla de direcciones MAC<\/strong><br \/>&#8211; 8K<br \/><strong>Memoria b&uacute;fer de paquetes<\/strong><br \/>&#8211; 4.1Mb<br \/><strong>Marco jumbo<\/strong><br \/>&#8211; 10KB<\/td>\n<\/tr>\n<tr>\n<td valign=\"top\"><strong>Caracter&iacute;sticas de Software<\/strong><\/td>\n<td><strong>Caracter&iacute;sticas avanzadas<\/strong><br \/>&#8211; Tecnolog&iacute;a verde<br \/>&#8211; Control de flujo 802.3x<br \/>&#8211; 802.1p \/ DSCP QoS<br \/>&#8211; IGMP Snooping<br \/><strong>M&eacute;todo de transferencia<\/strong><br \/>&#8211; Almacenamiento y reenvio<\/td>\n<\/tr>\n<tr>\n<td valign=\"top\"><strong>Otros<\/strong><\/td>\n<td><strong>Certificaciones<\/strong><br \/>&#8211; FCC, RoHS<br \/><strong>contenidos del paquete<\/strong><br \/>&#8211; Interruptor de escritorio de 16 puertos 10\/100 \/ 1000Mbps<br \/>&#8211; Adaptador de corriente<br \/>&#8211; Gu&iacute;a de instalaci&oacute;n<br \/>&#8211; Patas de goma<br \/><strong>Factores ambientales<\/strong><br \/>&#8211; Temperatura de funcionamiento: 0&deg;C ~ 40&deg;C<br \/>&#8211; Temperatura de almacenamiento: -40&deg;C ~ 70&deg;C<br \/>&#8211; Humedad de funcionamiento: 10%~90%, sin condensaci&oacute;n<br \/>&#8211; Humedad de almacenamiento: 5%~90% sin condensaci&oacute;n<\/td>\n<\/tr>\n<tr>\n<td><strong>Fecha de revisi&oacute;n<\/strong><\/td>\n<td>11-06-2019 por AVN<\/td>\n<\/tr>\n<\/tbody>\n<\/table>\n","protected":false},"excerpt":{"rendered":"<p>Switch Desktop 16 puertos Gigabit &#8211; 16 puertos RJ45 de autonegociaci&oacute;n de 10\/100 \/ 1000Mbps que admiten Auto-MDI \/ MDIX&#8211; La tecnolog&iacute;a Green Ethernet ahorra consumo de energ&iacute;a&#8211; El control de flujo IEEE 802.3x proporciona una transferencia de datos confiable&#8211; Carcasa de acero, sobremesa o pared.&#8211; Admite 802.1p \/ DSCP QoS y funci&oacute;n de indagaci&oacute;n&hellip;&nbsp;<a href=\"https:\/\/aivlisoft.net\/shop\/producto\/tp-link-tl-sg116-switch-16xgb\/\" rel=\"bookmark\"><span class=\"screen-reader-text\">TP-LINK TL-SG116 Switch 16xGB<\/span><\/a><\/p>\n","protected":false},"featured_media":21176,"template":"","meta":{"neve_meta_sidebar":"","neve_meta_container":"","neve_meta_enable_content_width":"","neve_meta_content_width":0,"neve_meta_title_alignment":"","neve_meta_author_avatar":"","neve_post_elements_order":"","neve_meta_disable_header":"","neve_meta_disable_footer":"","neve_meta_disable_title":""},"product_brand":[],"product_cat":[8773],"product_tag":[7503],"class_list":{"0":"post-21175","1":"product","2":"type-product","3":"status-publish","4":"has-post-thumbnail","6":"product_cat-switches-sobremesa","7":"product_tag-tl-sg116","9":"first","10":"instock","11":"taxable","12":"shipping-taxable","13":"purchasable","14":"product-type-simple"},"yoast_head":"<!-- This site is optimized with the Yoast SEO plugin v26.0 - https:\/\/yoast.com\/wordpress\/plugins\/seo\/ -->\n<title>TP-LINK TL-SG116 Switch 16xGB - Aivlisoft Inform\u00e1tica<\/title>\n<meta name=\"robots\" content=\"index, follow, max-snippet:-1, max-image-preview:large, max-video-preview:-1\" \/>\n<link rel=\"canonical\" href=\"https:\/\/aivlisoft.net\/shop\/producto\/tp-link-tl-sg116-switch-16xgb\/\" \/>\n<meta property=\"og:locale\" content=\"es_ES\" \/>\n<meta property=\"og:type\" content=\"article\" \/>\n<meta property=\"og:title\" content=\"TP-LINK TL-SG116 Switch 16xGB - Aivlisoft Inform\u00e1tica\" \/>\n<meta property=\"og:description\" content=\"Switch Desktop 16 puertos Gigabit &#8211; 16 puertos RJ45 de autonegociaci&oacute;n de 10\/100 \/ 1000Mbps que admiten Auto-MDI \/ MDIX&#8211; La tecnolog&iacute;a Green Ethernet ahorra consumo de energ&iacute;a&#8211; El control de flujo IEEE 802.3x proporciona una transferencia de datos confiable&#8211; Carcasa de acero, sobremesa o pared.&#8211; Admite 802.1p \/ DSCP QoS y funci&oacute;n de indagaci&oacute;n&hellip;&nbsp;TP-LINK TL-SG116 Switch 16xGB\" \/>\n<meta property=\"og:url\" content=\"https:\/\/aivlisoft.net\/shop\/producto\/tp-link-tl-sg116-switch-16xgb\/\" \/>\n<meta property=\"og:site_name\" content=\"Aivlisoft Inform\u00e1tica\" \/>\n<meta property=\"article:modified_time\" content=\"2025-01-14T11:54:47+00:00\" \/>\n<meta property=\"og:image\" content=\"https:\/\/aivlisoft.net\/shop\/wp-content\/uploads\/2025\/01\/NSWSSO0246_800.jpg\" \/>\n\t<meta property=\"og:image:width\" content=\"800\" \/>\n\t<meta property=\"og:image:height\" content=\"800\" \/>\n\t<meta property=\"og:image:type\" content=\"image\/jpeg\" \/>\n<meta name=\"twitter:card\" content=\"summary_large_image\" \/>\n<meta name=\"twitter:label1\" content=\"Tiempo de lectura\" \/>\n\t<meta name=\"twitter:data1\" content=\"1 minuto\" \/>\n<script type=\"application\/ld+json\" class=\"yoast-schema-graph\">{\"@context\":\"https:\/\/schema.org\",\"@graph\":[{\"@type\":\"WebPage\",\"@id\":\"https:\/\/aivlisoft.net\/shop\/producto\/tp-link-tl-sg116-switch-16xgb\/\",\"url\":\"https:\/\/aivlisoft.net\/shop\/producto\/tp-link-tl-sg116-switch-16xgb\/\",\"name\":\"TP-LINK TL-SG116 Switch 16xGB - Aivlisoft Inform\u00e1tica\",\"isPartOf\":{\"@id\":\"https:\/\/aivlisoft.net\/shop\/#website\"},\"primaryImageOfPage\":{\"@id\":\"https:\/\/aivlisoft.net\/shop\/producto\/tp-link-tl-sg116-switch-16xgb\/#primaryimage\"},\"image\":{\"@id\":\"https:\/\/aivlisoft.net\/shop\/producto\/tp-link-tl-sg116-switch-16xgb\/#primaryimage\"},\"thumbnailUrl\":\"https:\/\/aivlisoft.net\/shop\/wp-content\/uploads\/2025\/01\/NSWSSO0246_800.jpg\",\"datePublished\":\"2025-01-13T15:51:01+00:00\",\"dateModified\":\"2025-01-14T11:54:47+00:00\",\"breadcrumb\":{\"@id\":\"https:\/\/aivlisoft.net\/shop\/producto\/tp-link-tl-sg116-switch-16xgb\/#breadcrumb\"},\"inLanguage\":\"es\",\"potentialAction\":[{\"@type\":\"ReadAction\",\"target\":[\"https:\/\/aivlisoft.net\/shop\/producto\/tp-link-tl-sg116-switch-16xgb\/\"]}]},{\"@type\":\"ImageObject\",\"inLanguage\":\"es\",\"@id\":\"https:\/\/aivlisoft.net\/shop\/producto\/tp-link-tl-sg116-switch-16xgb\/#primaryimage\",\"url\":\"https:\/\/aivlisoft.net\/shop\/wp-content\/uploads\/2025\/01\/NSWSSO0246_800.jpg\",\"contentUrl\":\"https:\/\/aivlisoft.net\/shop\/wp-content\/uploads\/2025\/01\/NSWSSO0246_800.jpg\",\"width\":800,\"height\":800},{\"@type\":\"BreadcrumbList\",\"@id\":\"https:\/\/aivlisoft.net\/shop\/producto\/tp-link-tl-sg116-switch-16xgb\/#breadcrumb\",\"itemListElement\":[{\"@type\":\"ListItem\",\"position\":1,\"name\":\"Portada\",\"item\":\"https:\/\/aivlisoft.net\/shop\/\"},{\"@type\":\"ListItem\",\"position\":2,\"name\":\"Tienda\",\"item\":\"https:\/\/aivlisoft.net\/shop\/tienda\/\"},{\"@type\":\"ListItem\",\"position\":3,\"name\":\"TP-LINK TL-SG116 Switch 16xGB\"}]},{\"@type\":\"WebSite\",\"@id\":\"https:\/\/aivlisoft.net\/shop\/#website\",\"url\":\"https:\/\/aivlisoft.net\/shop\/\",\"name\":\"Aivlisoft Inform\u00e1tica\",\"description\":\"En Aivlisoft Inform\u00e1tica ofrecemos soluciones tecnol\u00f3gicas para empresas: venta de ordenadores, consumibles, perif\u00e9ricos y m\u00e1s. Calidad, atenci\u00f3n personalizada y los mejores precios para tu negocio.\",\"publisher\":{\"@id\":\"https:\/\/aivlisoft.net\/shop\/#organization\"},\"potentialAction\":[{\"@type\":\"SearchAction\",\"target\":{\"@type\":\"EntryPoint\",\"urlTemplate\":\"https:\/\/aivlisoft.net\/shop\/?s={search_term_string}\"},\"query-input\":{\"@type\":\"PropertyValueSpecification\",\"valueRequired\":true,\"valueName\":\"search_term_string\"}}],\"inLanguage\":\"es\"},{\"@type\":\"Organization\",\"@id\":\"https:\/\/aivlisoft.net\/shop\/#organization\",\"name\":\"Aivlisoft Inform\u00e1tica\",\"url\":\"https:\/\/aivlisoft.net\/shop\/\",\"logo\":{\"@type\":\"ImageObject\",\"inLanguage\":\"es\",\"@id\":\"https:\/\/aivlisoft.net\/shop\/#\/schema\/logo\/image\/\",\"url\":\"https:\/\/aivlisoft.net\/shop\/wp-content\/uploads\/2024\/12\/removal.ai_5b848c54-0cdf-4140-95c5-c5536bb7573b-logodef.png\",\"contentUrl\":\"https:\/\/aivlisoft.net\/shop\/wp-content\/uploads\/2024\/12\/removal.ai_5b848c54-0cdf-4140-95c5-c5536bb7573b-logodef.png\",\"width\":484,\"height\":182,\"caption\":\"Aivlisoft Inform\u00e1tica\"},\"image\":{\"@id\":\"https:\/\/aivlisoft.net\/shop\/#\/schema\/logo\/image\/\"}}]}<\/script>\n<!-- \/ Yoast SEO plugin. -->","yoast_head_json":{"title":"TP-LINK TL-SG116 Switch 16xGB - Aivlisoft Inform\u00e1tica","robots":{"index":"index","follow":"follow","max-snippet":"max-snippet:-1","max-image-preview":"max-image-preview:large","max-video-preview":"max-video-preview:-1"},"canonical":"https:\/\/aivlisoft.net\/shop\/producto\/tp-link-tl-sg116-switch-16xgb\/","og_locale":"es_ES","og_type":"article","og_title":"TP-LINK TL-SG116 Switch 16xGB - Aivlisoft Inform\u00e1tica","og_description":"Switch Desktop 16 puertos Gigabit &#8211; 16 puertos RJ45 de autonegociaci&oacute;n de 10\/100 \/ 1000Mbps que admiten Auto-MDI \/ MDIX&#8211; La tecnolog&iacute;a Green Ethernet ahorra consumo de energ&iacute;a&#8211; El control de flujo IEEE 802.3x proporciona una transferencia de datos confiable&#8211; Carcasa de acero, sobremesa o pared.&#8211; Admite 802.1p \/ DSCP QoS y funci&oacute;n de indagaci&oacute;n&hellip;&nbsp;TP-LINK TL-SG116 Switch 16xGB","og_url":"https:\/\/aivlisoft.net\/shop\/producto\/tp-link-tl-sg116-switch-16xgb\/","og_site_name":"Aivlisoft Inform\u00e1tica","article_modified_time":"2025-01-14T11:54:47+00:00","og_image":[{"width":800,"height":800,"url":"https:\/\/aivlisoft.net\/shop\/wp-content\/uploads\/2025\/01\/NSWSSO0246_800.jpg","type":"image\/jpeg"}],"twitter_card":"summary_large_image","twitter_misc":{"Tiempo de lectura":"1 minuto"},"schema":{"@context":"https:\/\/schema.org","@graph":[{"@type":"WebPage","@id":"https:\/\/aivlisoft.net\/shop\/producto\/tp-link-tl-sg116-switch-16xgb\/","url":"https:\/\/aivlisoft.net\/shop\/producto\/tp-link-tl-sg116-switch-16xgb\/","name":"TP-LINK TL-SG116 Switch 16xGB - Aivlisoft Inform\u00e1tica","isPartOf":{"@id":"https:\/\/aivlisoft.net\/shop\/#website"},"primaryImageOfPage":{"@id":"https:\/\/aivlisoft.net\/shop\/producto\/tp-link-tl-sg116-switch-16xgb\/#primaryimage"},"image":{"@id":"https:\/\/aivlisoft.net\/shop\/producto\/tp-link-tl-sg116-switch-16xgb\/#primaryimage"},"thumbnailUrl":"https:\/\/aivlisoft.net\/shop\/wp-content\/uploads\/2025\/01\/NSWSSO0246_800.jpg","datePublished":"2025-01-13T15:51:01+00:00","dateModified":"2025-01-14T11:54:47+00:00","breadcrumb":{"@id":"https:\/\/aivlisoft.net\/shop\/producto\/tp-link-tl-sg116-switch-16xgb\/#breadcrumb"},"inLanguage":"es","potentialAction":[{"@type":"ReadAction","target":["https:\/\/aivlisoft.net\/shop\/producto\/tp-link-tl-sg116-switch-16xgb\/"]}]},{"@type":"ImageObject","inLanguage":"es","@id":"https:\/\/aivlisoft.net\/shop\/producto\/tp-link-tl-sg116-switch-16xgb\/#primaryimage","url":"https:\/\/aivlisoft.net\/shop\/wp-content\/uploads\/2025\/01\/NSWSSO0246_800.jpg","contentUrl":"https:\/\/aivlisoft.net\/shop\/wp-content\/uploads\/2025\/01\/NSWSSO0246_800.jpg","width":800,"height":800},{"@type":"BreadcrumbList","@id":"https:\/\/aivlisoft.net\/shop\/producto\/tp-link-tl-sg116-switch-16xgb\/#breadcrumb","itemListElement":[{"@type":"ListItem","position":1,"name":"Portada","item":"https:\/\/aivlisoft.net\/shop\/"},{"@type":"ListItem","position":2,"name":"Tienda","item":"https:\/\/aivlisoft.net\/shop\/tienda\/"},{"@type":"ListItem","position":3,"name":"TP-LINK TL-SG116 Switch 16xGB"}]},{"@type":"WebSite","@id":"https:\/\/aivlisoft.net\/shop\/#website","url":"https:\/\/aivlisoft.net\/shop\/","name":"Aivlisoft Inform\u00e1tica","description":"En Aivlisoft Inform\u00e1tica ofrecemos soluciones tecnol\u00f3gicas para empresas: venta de ordenadores, consumibles, perif\u00e9ricos y m\u00e1s. Calidad, atenci\u00f3n personalizada y los mejores precios para tu negocio.","publisher":{"@id":"https:\/\/aivlisoft.net\/shop\/#organization"},"potentialAction":[{"@type":"SearchAction","target":{"@type":"EntryPoint","urlTemplate":"https:\/\/aivlisoft.net\/shop\/?s={search_term_string}"},"query-input":{"@type":"PropertyValueSpecification","valueRequired":true,"valueName":"search_term_string"}}],"inLanguage":"es"},{"@type":"Organization","@id":"https:\/\/aivlisoft.net\/shop\/#organization","name":"Aivlisoft Inform\u00e1tica","url":"https:\/\/aivlisoft.net\/shop\/","logo":{"@type":"ImageObject","inLanguage":"es","@id":"https:\/\/aivlisoft.net\/shop\/#\/schema\/logo\/image\/","url":"https:\/\/aivlisoft.net\/shop\/wp-content\/uploads\/2024\/12\/removal.ai_5b848c54-0cdf-4140-95c5-c5536bb7573b-logodef.png","contentUrl":"https:\/\/aivlisoft.net\/shop\/wp-content\/uploads\/2024\/12\/removal.ai_5b848c54-0cdf-4140-95c5-c5536bb7573b-logodef.png","width":484,"height":182,"caption":"Aivlisoft Inform\u00e1tica"},"image":{"@id":"https:\/\/aivlisoft.net\/shop\/#\/schema\/logo\/image\/"}}]}},"_links":{"self":[{"href":"https:\/\/aivlisoft.net\/shop\/wp-json\/wp\/v2\/product\/21175","targetHints":{"allow":["GET"]}}],"collection":[{"href":"https:\/\/aivlisoft.net\/shop\/wp-json\/wp\/v2\/product"}],"about":[{"href":"https:\/\/aivlisoft.net\/shop\/wp-json\/wp\/v2\/types\/product"}],"wp:featuredmedia":[{"embeddable":true,"href":"https:\/\/aivlisoft.net\/shop\/wp-json\/wp\/v2\/media\/21176"}],"wp:attachment":[{"href":"https:\/\/aivlisoft.net\/shop\/wp-json\/wp\/v2\/media?parent=21175"}],"wp:term":[{"taxonomy":"product_brand","embeddable":true,"href":"https:\/\/aivlisoft.net\/shop\/wp-json\/wp\/v2\/product_brand?post=21175"},{"taxonomy":"product_cat","embeddable":true,"href":"https:\/\/aivlisoft.net\/shop\/wp-json\/wp\/v2\/product_cat?post=21175"},{"taxonomy":"product_tag","embeddable":true,"href":"https:\/\/aivlisoft.net\/shop\/wp-json\/wp\/v2\/product_tag?post=21175"}],"curies":[{"name":"wp","href":"https:\/\/api.w.org\/{rel}","templated":true}]}}