{"id":21167,"date":"2025-01-13T15:50:57","date_gmt":"2025-01-13T15:50:57","guid":{"rendered":"https:\/\/aivlisoft.com\/?post_type=product&#038;p=21167"},"modified":"2025-01-14T11:54:45","modified_gmt":"2025-01-14T11:54:45","slug":"mikrotik-css106-1g-4p-1s-rb260gsp-switch-5xgb-1xsf","status":"publish","type":"product","link":"https:\/\/aivlisoft.net\/shop\/producto\/mikrotik-css106-1g-4p-1s-rb260gsp-switch-5xgb-1xsf\/","title":{"rendered":"MikroTik CSS106-1G-4P-1S RB260GSP Switch 5xGB 1xSF"},"content":{"rendered":"<p>El RB260GSP es un peque&ntilde;o switch SOHO, que cuenta con alimentaci&oacute;n de salida en sus puertos Ethernet. Los puertos 2-5 pueden alimentar otros dispositivos aptos para PoE con el mismo voltaje que se aplica a la unidad (PoE pasivo solo en l&iacute;neas de datos). El RB260GSP tiene cinco puertos Gigabit Ethernet y uno SFP, la conmutaci&oacute;n se realiza mediante un chip de conmutador Atheros. El dispositivo est&aacute; ejecutando un sistema operativo dise&ntilde;ado espec&iacute;ficamente para los productos MikroTik Switch &#8211; SwOS.<\/p>\n<table class=\"tabla_caracteristicas k-table\" width=\"100%\">\n<tbody>\n<tr>\n<td><strong>Marca<\/strong><\/td>\n<td>Mikrotik<\/td>\n<\/tr>\n<tr>\n<td valign=\"top\"><strong>Modelo<\/strong><\/td>\n<td><strong>CSS106-1G-4P-1S<\/strong><\/td>\n<\/tr>\n<tr>\n<td valign=\"top\"><strong>Caracteristicas<\/strong><\/td>\n<td>&#8211; Dimensiones: 113 x 139 x 28mm.<br \/>&#8211; Sistema operativo: MikroTik SwOS<br \/>&#8211; Tama&ntilde;o de almacenamiento: 128 KB<br \/>&#8211; Tipo de almacenamiento: FLASH<br \/>&#8211; Temperatura ambiente probada: -20 &deg; C a 70 &deg; C<br \/><strong>Alimentaci&oacute;n<\/strong><br \/>&#8211; PoE in: PoE pasivo<br \/>&#8211; PoE out: PoE pasivo<br \/>&#8211; PoE en voltaje de entrada: 11-30 V<br \/>&#8211; N&uacute;mero de entradas de CC: 2 (conector de CC, PoE-IN)<br \/>&#8211; Voltaje de entrada de jack DC: 11-30 V<br \/>&#8211; Salida m&aacute;xima por puerto (entrada &lt;30 V): 1 A<br \/>&#8211; Salida total m&aacute;xima (A): 2 A<br \/>&#8211; Consumo m&aacute;ximo de energ&iacute;a: 53 W<br \/>&#8211; Consumo m&aacute;ximo de energ&iacute;a sin accesorios: 5 W<br \/><strong>Ethernet<\/strong><br \/>&#8211; 10\/100\/1000 puertos Ethernet: 5<br \/><strong>Fibra<\/strong><br \/>&#8211; SFP DDMI: S&iacute;<br \/>&#8211; Puertos SFP: 1<br \/><strong>Otro<\/strong><br \/>&#8211; Monitor de temperatura de PCB<br \/>&#8211; Monitor de voltaje<br \/><strong>Incluye<\/strong><br \/>&#8211; Adaptador de alimentaci&oacute;n 24V 2.5A<\/td>\n<\/tr>\n<tr>\n<td><strong>Fecha de revisi&oacute;n<\/strong><\/td>\n<td>19-06-2019 por MSB<\/td>\n<\/tr>\n<\/tbody>\n<\/table>\n","protected":false},"excerpt":{"rendered":"<p>El RB260GSP es un peque&ntilde;o switch SOHO, que cuenta con alimentaci&oacute;n de salida en sus puertos Ethernet. Los puertos 2-5 pueden alimentar otros dispositivos aptos para PoE con el mismo voltaje que se aplica a la unidad (PoE pasivo solo en l&iacute;neas de datos). El RB260GSP tiene cinco puertos Gigabit Ethernet y uno SFP, la&hellip;&nbsp;<a href=\"https:\/\/aivlisoft.net\/shop\/producto\/mikrotik-css106-1g-4p-1s-rb260gsp-switch-5xgb-1xsf\/\" rel=\"bookmark\"><span class=\"screen-reader-text\">MikroTik CSS106-1G-4P-1S RB260GSP Switch 5xGB 1xSF<\/span><\/a><\/p>\n","protected":false},"featured_media":21168,"template":"","meta":{"neve_meta_sidebar":"","neve_meta_container":"","neve_meta_enable_content_width":"","neve_meta_content_width":0,"neve_meta_title_alignment":"","neve_meta_author_avatar":"","neve_post_elements_order":"","neve_meta_disable_header":"","neve_meta_disable_footer":"","neve_meta_disable_title":""},"product_brand":[],"product_cat":[8773],"product_tag":[7501],"class_list":{"0":"post-21167","1":"product","2":"type-product","3":"status-publish","4":"has-post-thumbnail","6":"product_cat-switches-sobremesa","7":"product_tag-rb260gsp","9":"first","10":"instock","11":"taxable","12":"shipping-taxable","13":"purchasable","14":"product-type-simple"},"yoast_head":"<!-- This site is optimized with the Yoast SEO plugin v26.0 - https:\/\/yoast.com\/wordpress\/plugins\/seo\/ -->\n<title>MikroTik CSS106-1G-4P-1S RB260GSP Switch 5xGB 1xSF - Aivlisoft Inform\u00e1tica<\/title>\n<meta name=\"robots\" content=\"index, follow, max-snippet:-1, max-image-preview:large, max-video-preview:-1\" \/>\n<link rel=\"canonical\" href=\"https:\/\/aivlisoft.net\/shop\/producto\/mikrotik-css106-1g-4p-1s-rb260gsp-switch-5xgb-1xsf\/\" \/>\n<meta property=\"og:locale\" content=\"es_ES\" \/>\n<meta property=\"og:type\" content=\"article\" \/>\n<meta property=\"og:title\" content=\"MikroTik CSS106-1G-4P-1S RB260GSP Switch 5xGB 1xSF - Aivlisoft Inform\u00e1tica\" \/>\n<meta property=\"og:description\" content=\"El RB260GSP es un peque&ntilde;o switch SOHO, que cuenta con alimentaci&oacute;n de salida en sus puertos Ethernet. Los puertos 2-5 pueden alimentar otros dispositivos aptos para PoE con el mismo voltaje que se aplica a la unidad (PoE pasivo solo en l&iacute;neas de datos). El RB260GSP tiene cinco puertos Gigabit Ethernet y uno SFP, la&hellip;&nbsp;MikroTik CSS106-1G-4P-1S RB260GSP Switch 5xGB 1xSF\" \/>\n<meta property=\"og:url\" content=\"https:\/\/aivlisoft.net\/shop\/producto\/mikrotik-css106-1g-4p-1s-rb260gsp-switch-5xgb-1xsf\/\" \/>\n<meta property=\"og:site_name\" content=\"Aivlisoft Inform\u00e1tica\" \/>\n<meta property=\"article:modified_time\" content=\"2025-01-14T11:54:45+00:00\" \/>\n<meta property=\"og:image\" content=\"https:\/\/aivlisoft.net\/shop\/wp-content\/uploads\/2025\/01\/NSWSSO0241_800.jpg\" \/>\n\t<meta property=\"og:image:width\" content=\"800\" \/>\n\t<meta property=\"og:image:height\" content=\"800\" \/>\n\t<meta property=\"og:image:type\" content=\"image\/jpeg\" \/>\n<meta name=\"twitter:card\" content=\"summary_large_image\" \/>\n<meta name=\"twitter:label1\" content=\"Tiempo de lectura\" \/>\n\t<meta name=\"twitter:data1\" content=\"1 minuto\" \/>\n<script type=\"application\/ld+json\" class=\"yoast-schema-graph\">{\"@context\":\"https:\/\/schema.org\",\"@graph\":[{\"@type\":\"WebPage\",\"@id\":\"https:\/\/aivlisoft.net\/shop\/producto\/mikrotik-css106-1g-4p-1s-rb260gsp-switch-5xgb-1xsf\/\",\"url\":\"https:\/\/aivlisoft.net\/shop\/producto\/mikrotik-css106-1g-4p-1s-rb260gsp-switch-5xgb-1xsf\/\",\"name\":\"MikroTik CSS106-1G-4P-1S RB260GSP Switch 5xGB 1xSF - Aivlisoft Inform\u00e1tica\",\"isPartOf\":{\"@id\":\"https:\/\/aivlisoft.net\/shop\/#website\"},\"primaryImageOfPage\":{\"@id\":\"https:\/\/aivlisoft.net\/shop\/producto\/mikrotik-css106-1g-4p-1s-rb260gsp-switch-5xgb-1xsf\/#primaryimage\"},\"image\":{\"@id\":\"https:\/\/aivlisoft.net\/shop\/producto\/mikrotik-css106-1g-4p-1s-rb260gsp-switch-5xgb-1xsf\/#primaryimage\"},\"thumbnailUrl\":\"https:\/\/aivlisoft.net\/shop\/wp-content\/uploads\/2025\/01\/NSWSSO0241_800.jpg\",\"datePublished\":\"2025-01-13T15:50:57+00:00\",\"dateModified\":\"2025-01-14T11:54:45+00:00\",\"breadcrumb\":{\"@id\":\"https:\/\/aivlisoft.net\/shop\/producto\/mikrotik-css106-1g-4p-1s-rb260gsp-switch-5xgb-1xsf\/#breadcrumb\"},\"inLanguage\":\"es\",\"potentialAction\":[{\"@type\":\"ReadAction\",\"target\":[\"https:\/\/aivlisoft.net\/shop\/producto\/mikrotik-css106-1g-4p-1s-rb260gsp-switch-5xgb-1xsf\/\"]}]},{\"@type\":\"ImageObject\",\"inLanguage\":\"es\",\"@id\":\"https:\/\/aivlisoft.net\/shop\/producto\/mikrotik-css106-1g-4p-1s-rb260gsp-switch-5xgb-1xsf\/#primaryimage\",\"url\":\"https:\/\/aivlisoft.net\/shop\/wp-content\/uploads\/2025\/01\/NSWSSO0241_800.jpg\",\"contentUrl\":\"https:\/\/aivlisoft.net\/shop\/wp-content\/uploads\/2025\/01\/NSWSSO0241_800.jpg\",\"width\":800,\"height\":800},{\"@type\":\"BreadcrumbList\",\"@id\":\"https:\/\/aivlisoft.net\/shop\/producto\/mikrotik-css106-1g-4p-1s-rb260gsp-switch-5xgb-1xsf\/#breadcrumb\",\"itemListElement\":[{\"@type\":\"ListItem\",\"position\":1,\"name\":\"Portada\",\"item\":\"https:\/\/aivlisoft.net\/shop\/\"},{\"@type\":\"ListItem\",\"position\":2,\"name\":\"Tienda\",\"item\":\"https:\/\/aivlisoft.net\/shop\/tienda\/\"},{\"@type\":\"ListItem\",\"position\":3,\"name\":\"MikroTik CSS106-1G-4P-1S RB260GSP Switch 5xGB 1xSF\"}]},{\"@type\":\"WebSite\",\"@id\":\"https:\/\/aivlisoft.net\/shop\/#website\",\"url\":\"https:\/\/aivlisoft.net\/shop\/\",\"name\":\"Aivlisoft Inform\u00e1tica\",\"description\":\"En Aivlisoft Inform\u00e1tica ofrecemos soluciones tecnol\u00f3gicas para empresas: venta de ordenadores, consumibles, perif\u00e9ricos y m\u00e1s. Calidad, atenci\u00f3n personalizada y los mejores precios para tu negocio.\",\"publisher\":{\"@id\":\"https:\/\/aivlisoft.net\/shop\/#organization\"},\"potentialAction\":[{\"@type\":\"SearchAction\",\"target\":{\"@type\":\"EntryPoint\",\"urlTemplate\":\"https:\/\/aivlisoft.net\/shop\/?s={search_term_string}\"},\"query-input\":{\"@type\":\"PropertyValueSpecification\",\"valueRequired\":true,\"valueName\":\"search_term_string\"}}],\"inLanguage\":\"es\"},{\"@type\":\"Organization\",\"@id\":\"https:\/\/aivlisoft.net\/shop\/#organization\",\"name\":\"Aivlisoft Inform\u00e1tica\",\"url\":\"https:\/\/aivlisoft.net\/shop\/\",\"logo\":{\"@type\":\"ImageObject\",\"inLanguage\":\"es\",\"@id\":\"https:\/\/aivlisoft.net\/shop\/#\/schema\/logo\/image\/\",\"url\":\"https:\/\/aivlisoft.net\/shop\/wp-content\/uploads\/2024\/12\/removal.ai_5b848c54-0cdf-4140-95c5-c5536bb7573b-logodef.png\",\"contentUrl\":\"https:\/\/aivlisoft.net\/shop\/wp-content\/uploads\/2024\/12\/removal.ai_5b848c54-0cdf-4140-95c5-c5536bb7573b-logodef.png\",\"width\":484,\"height\":182,\"caption\":\"Aivlisoft Inform\u00e1tica\"},\"image\":{\"@id\":\"https:\/\/aivlisoft.net\/shop\/#\/schema\/logo\/image\/\"}}]}<\/script>\n<!-- \/ Yoast SEO plugin. -->","yoast_head_json":{"title":"MikroTik CSS106-1G-4P-1S RB260GSP Switch 5xGB 1xSF - Aivlisoft Inform\u00e1tica","robots":{"index":"index","follow":"follow","max-snippet":"max-snippet:-1","max-image-preview":"max-image-preview:large","max-video-preview":"max-video-preview:-1"},"canonical":"https:\/\/aivlisoft.net\/shop\/producto\/mikrotik-css106-1g-4p-1s-rb260gsp-switch-5xgb-1xsf\/","og_locale":"es_ES","og_type":"article","og_title":"MikroTik CSS106-1G-4P-1S RB260GSP Switch 5xGB 1xSF - Aivlisoft Inform\u00e1tica","og_description":"El RB260GSP es un peque&ntilde;o switch SOHO, que cuenta con alimentaci&oacute;n de salida en sus puertos Ethernet. Los puertos 2-5 pueden alimentar otros dispositivos aptos para PoE con el mismo voltaje que se aplica a la unidad (PoE pasivo solo en l&iacute;neas de datos). El RB260GSP tiene cinco puertos Gigabit Ethernet y uno SFP, la&hellip;&nbsp;MikroTik CSS106-1G-4P-1S RB260GSP Switch 5xGB 1xSF","og_url":"https:\/\/aivlisoft.net\/shop\/producto\/mikrotik-css106-1g-4p-1s-rb260gsp-switch-5xgb-1xsf\/","og_site_name":"Aivlisoft Inform\u00e1tica","article_modified_time":"2025-01-14T11:54:45+00:00","og_image":[{"width":800,"height":800,"url":"https:\/\/aivlisoft.net\/shop\/wp-content\/uploads\/2025\/01\/NSWSSO0241_800.jpg","type":"image\/jpeg"}],"twitter_card":"summary_large_image","twitter_misc":{"Tiempo de lectura":"1 minuto"},"schema":{"@context":"https:\/\/schema.org","@graph":[{"@type":"WebPage","@id":"https:\/\/aivlisoft.net\/shop\/producto\/mikrotik-css106-1g-4p-1s-rb260gsp-switch-5xgb-1xsf\/","url":"https:\/\/aivlisoft.net\/shop\/producto\/mikrotik-css106-1g-4p-1s-rb260gsp-switch-5xgb-1xsf\/","name":"MikroTik CSS106-1G-4P-1S RB260GSP Switch 5xGB 1xSF - Aivlisoft Inform\u00e1tica","isPartOf":{"@id":"https:\/\/aivlisoft.net\/shop\/#website"},"primaryImageOfPage":{"@id":"https:\/\/aivlisoft.net\/shop\/producto\/mikrotik-css106-1g-4p-1s-rb260gsp-switch-5xgb-1xsf\/#primaryimage"},"image":{"@id":"https:\/\/aivlisoft.net\/shop\/producto\/mikrotik-css106-1g-4p-1s-rb260gsp-switch-5xgb-1xsf\/#primaryimage"},"thumbnailUrl":"https:\/\/aivlisoft.net\/shop\/wp-content\/uploads\/2025\/01\/NSWSSO0241_800.jpg","datePublished":"2025-01-13T15:50:57+00:00","dateModified":"2025-01-14T11:54:45+00:00","breadcrumb":{"@id":"https:\/\/aivlisoft.net\/shop\/producto\/mikrotik-css106-1g-4p-1s-rb260gsp-switch-5xgb-1xsf\/#breadcrumb"},"inLanguage":"es","potentialAction":[{"@type":"ReadAction","target":["https:\/\/aivlisoft.net\/shop\/producto\/mikrotik-css106-1g-4p-1s-rb260gsp-switch-5xgb-1xsf\/"]}]},{"@type":"ImageObject","inLanguage":"es","@id":"https:\/\/aivlisoft.net\/shop\/producto\/mikrotik-css106-1g-4p-1s-rb260gsp-switch-5xgb-1xsf\/#primaryimage","url":"https:\/\/aivlisoft.net\/shop\/wp-content\/uploads\/2025\/01\/NSWSSO0241_800.jpg","contentUrl":"https:\/\/aivlisoft.net\/shop\/wp-content\/uploads\/2025\/01\/NSWSSO0241_800.jpg","width":800,"height":800},{"@type":"BreadcrumbList","@id":"https:\/\/aivlisoft.net\/shop\/producto\/mikrotik-css106-1g-4p-1s-rb260gsp-switch-5xgb-1xsf\/#breadcrumb","itemListElement":[{"@type":"ListItem","position":1,"name":"Portada","item":"https:\/\/aivlisoft.net\/shop\/"},{"@type":"ListItem","position":2,"name":"Tienda","item":"https:\/\/aivlisoft.net\/shop\/tienda\/"},{"@type":"ListItem","position":3,"name":"MikroTik CSS106-1G-4P-1S RB260GSP Switch 5xGB 1xSF"}]},{"@type":"WebSite","@id":"https:\/\/aivlisoft.net\/shop\/#website","url":"https:\/\/aivlisoft.net\/shop\/","name":"Aivlisoft Inform\u00e1tica","description":"En Aivlisoft Inform\u00e1tica ofrecemos soluciones tecnol\u00f3gicas para empresas: venta de ordenadores, consumibles, perif\u00e9ricos y m\u00e1s. Calidad, atenci\u00f3n personalizada y los mejores precios para tu negocio.","publisher":{"@id":"https:\/\/aivlisoft.net\/shop\/#organization"},"potentialAction":[{"@type":"SearchAction","target":{"@type":"EntryPoint","urlTemplate":"https:\/\/aivlisoft.net\/shop\/?s={search_term_string}"},"query-input":{"@type":"PropertyValueSpecification","valueRequired":true,"valueName":"search_term_string"}}],"inLanguage":"es"},{"@type":"Organization","@id":"https:\/\/aivlisoft.net\/shop\/#organization","name":"Aivlisoft Inform\u00e1tica","url":"https:\/\/aivlisoft.net\/shop\/","logo":{"@type":"ImageObject","inLanguage":"es","@id":"https:\/\/aivlisoft.net\/shop\/#\/schema\/logo\/image\/","url":"https:\/\/aivlisoft.net\/shop\/wp-content\/uploads\/2024\/12\/removal.ai_5b848c54-0cdf-4140-95c5-c5536bb7573b-logodef.png","contentUrl":"https:\/\/aivlisoft.net\/shop\/wp-content\/uploads\/2024\/12\/removal.ai_5b848c54-0cdf-4140-95c5-c5536bb7573b-logodef.png","width":484,"height":182,"caption":"Aivlisoft Inform\u00e1tica"},"image":{"@id":"https:\/\/aivlisoft.net\/shop\/#\/schema\/logo\/image\/"}}]}},"_links":{"self":[{"href":"https:\/\/aivlisoft.net\/shop\/wp-json\/wp\/v2\/product\/21167","targetHints":{"allow":["GET"]}}],"collection":[{"href":"https:\/\/aivlisoft.net\/shop\/wp-json\/wp\/v2\/product"}],"about":[{"href":"https:\/\/aivlisoft.net\/shop\/wp-json\/wp\/v2\/types\/product"}],"wp:featuredmedia":[{"embeddable":true,"href":"https:\/\/aivlisoft.net\/shop\/wp-json\/wp\/v2\/media\/21168"}],"wp:attachment":[{"href":"https:\/\/aivlisoft.net\/shop\/wp-json\/wp\/v2\/media?parent=21167"}],"wp:term":[{"taxonomy":"product_brand","embeddable":true,"href":"https:\/\/aivlisoft.net\/shop\/wp-json\/wp\/v2\/product_brand?post=21167"},{"taxonomy":"product_cat","embeddable":true,"href":"https:\/\/aivlisoft.net\/shop\/wp-json\/wp\/v2\/product_cat?post=21167"},{"taxonomy":"product_tag","embeddable":true,"href":"https:\/\/aivlisoft.net\/shop\/wp-json\/wp\/v2\/product_tag?post=21167"}],"curies":[{"name":"wp","href":"https:\/\/api.w.org\/{rel}","templated":true}]}}