{"id":21163,"date":"2025-01-13T15:50:52","date_gmt":"2025-01-13T15:50:52","guid":{"rendered":"https:\/\/aivlisoft.com\/?post_type=product&#038;p=21163"},"modified":"2025-01-14T11:54:40","modified_gmt":"2025-01-14T11:54:40","slug":"ubiquiti-edgepoint-ep-r6-5xgb-1xfsp-poe","status":"publish","type":"product","link":"https:\/\/aivlisoft.net\/shop\/producto\/ubiquiti-edgepoint-ep-r6-5xgb-1xfsp-poe\/","title":{"rendered":"Ubiquiti EdgePoint EP-R6 5xGB 1xFSP PoE"},"content":{"rendered":"<p><\/p>\n<table class=\"tabla_caracteristicas k-table\" width=\"100%\">\n<tbody>\n<tr>\n<td><strong>Marca<\/strong><\/td>\n<td>Ubiquiti<\/td>\n<\/tr>\n<tr>\n<td><strong>Modelo<\/strong><\/td>\n<td><strong>EP-R6<\/strong><\/td>\n<\/tr>\n<tr>\n<td><strong>Caracter&iacute;sticas<\/strong><\/td>\n<td>&#8211; Dimensiones: 188,6 x 177,1 x 49,8 mm<br \/>&#8211; Peso: 605 g<br \/>&#8211; Caracter&iacute;sticas de la carcasa: policarbonato con resistencia a los rayos UV<br \/>&#8211; Max. Consumo de energ&iacute;a: 7 W (no incluye salida PoE)<br \/>&#8211; Entrada de energ&iacute;a: (1) bloque de terminales de CC o (1) RJ45 (eth0) (protecci&oacute;n de polaridad autocorregible solo en el bloque de terminales de CC, protecci&oacute;n de diodo ORed en todas las entradas de energ&iacute;a)<br \/>&#8211; Fuente de alimentaci&oacute;n: Min. 24 V \/ 0,3 A (excluye la potencia de salida PoE)<br \/>&#8211; Entrada VDC: 24 V, 3 A<br \/>&#8211; Entrada PoE pasiva: (1) 24V \/ 1.4A, 4 pares (+1, 2, 4, 5; -3, 6, 7, 8) PoE pasivo, eth0<br \/>&#8211; Salida PoE pasiva: (5) 24V \/ 0.7A, 2 pares (+4, 5; -7, 8) PoE pasivo, eth0 a eth4<br \/>&#8211; Monitoreo de energ&iacute;a:<br \/>&nbsp; 1 x bloque de terminales CC, potencia de entrada<br \/>&nbsp; 1 x RJ45, eth0, potencia de entrada<br \/>&#8211; Rango de voltaje admitido: 26 a 16 VCC<br \/>&#8211; Puertos:<br \/>&nbsp; 5 puertos RJ45 10\/100\/1000<br \/>&nbsp; 1 puerto SFP de 1 Gbps<br \/>&#8211; Procesador de doble n&uacute;cleo: 880 MHz, MIPS1004Kc<br \/>&#8211; Memoria del sistema: 256 MB de RAM DDR3-1600<br \/>&#8211; Almacenamiento de c&oacute;digo: 256 MB NAND<br \/>&#8211; Certificaciones: CE, FCC, IC<br \/>&#8211; Montaje en poste: s&iacute;<br \/>&#8211; Temperatura de funcionamiento: -40 a 65 &deg;C<br \/>&#8211; Humedad de funcionamiento: 10 a 90% sin condensaci&oacute;n<\/td>\n<\/tr>\n<tr>\n<td><strong>Fecha de revisi&oacute;n<\/strong><\/td>\n<td>02-11-2020 por MSB<\/td>\n<\/tr>\n<\/tbody>\n<\/table>\n","protected":false},"excerpt":{"rendered":"<p>Marca Ubiquiti Modelo EP-R6 Caracter&iacute;sticas &#8211; Dimensiones: 188,6 x 177,1 x 49,8 mm&#8211; Peso: 605 g&#8211; Caracter&iacute;sticas de la carcasa: policarbonato con resistencia a los rayos UV&#8211; Max. Consumo de energ&iacute;a: 7 W (no incluye salida PoE)&#8211; Entrada de energ&iacute;a: (1) bloque de terminales de CC o (1) RJ45 (eth0) (protecci&oacute;n de polaridad autocorregible solo&hellip;&nbsp;<a href=\"https:\/\/aivlisoft.net\/shop\/producto\/ubiquiti-edgepoint-ep-r6-5xgb-1xfsp-poe\/\" rel=\"bookmark\"><span class=\"screen-reader-text\">Ubiquiti EdgePoint EP-R6 5xGB 1xFSP PoE<\/span><\/a><\/p>\n","protected":false},"featured_media":21164,"template":"","meta":{"neve_meta_sidebar":"","neve_meta_container":"","neve_meta_enable_content_width":"","neve_meta_content_width":0,"neve_meta_title_alignment":"","neve_meta_author_avatar":"","neve_post_elements_order":"","neve_meta_disable_header":"","neve_meta_disable_footer":"","neve_meta_disable_title":""},"product_brand":[],"product_cat":[8773],"product_tag":[7500],"class_list":{"0":"post-21163","1":"product","2":"type-product","3":"status-publish","4":"has-post-thumbnail","6":"product_cat-switches-sobremesa","7":"product_tag-ep-r6","9":"first","10":"instock","11":"taxable","12":"shipping-taxable","13":"purchasable","14":"product-type-simple"},"yoast_head":"<!-- This site is optimized with the Yoast SEO plugin v26.0 - https:\/\/yoast.com\/wordpress\/plugins\/seo\/ -->\n<title>Ubiquiti EdgePoint EP-R6 5xGB 1xFSP PoE - Aivlisoft Inform\u00e1tica<\/title>\n<meta name=\"robots\" content=\"index, follow, max-snippet:-1, max-image-preview:large, max-video-preview:-1\" \/>\n<link rel=\"canonical\" href=\"https:\/\/aivlisoft.net\/shop\/producto\/ubiquiti-edgepoint-ep-r6-5xgb-1xfsp-poe\/\" \/>\n<meta property=\"og:locale\" content=\"es_ES\" \/>\n<meta property=\"og:type\" content=\"article\" \/>\n<meta property=\"og:title\" content=\"Ubiquiti EdgePoint EP-R6 5xGB 1xFSP PoE - Aivlisoft Inform\u00e1tica\" \/>\n<meta property=\"og:description\" content=\"Marca Ubiquiti Modelo EP-R6 Caracter&iacute;sticas &#8211; Dimensiones: 188,6 x 177,1 x 49,8 mm&#8211; Peso: 605 g&#8211; Caracter&iacute;sticas de la carcasa: policarbonato con resistencia a los rayos UV&#8211; Max. Consumo de energ&iacute;a: 7 W (no incluye salida PoE)&#8211; Entrada de energ&iacute;a: (1) bloque de terminales de CC o (1) RJ45 (eth0) (protecci&oacute;n de polaridad autocorregible solo&hellip;&nbsp;Ubiquiti EdgePoint EP-R6 5xGB 1xFSP PoE\" \/>\n<meta property=\"og:url\" content=\"https:\/\/aivlisoft.net\/shop\/producto\/ubiquiti-edgepoint-ep-r6-5xgb-1xfsp-poe\/\" \/>\n<meta property=\"og:site_name\" content=\"Aivlisoft Inform\u00e1tica\" \/>\n<meta property=\"article:modified_time\" content=\"2025-01-14T11:54:40+00:00\" \/>\n<meta property=\"og:image\" content=\"https:\/\/aivlisoft.net\/shop\/wp-content\/uploads\/2025\/01\/NSWSSO0240_800.jpg\" \/>\n\t<meta property=\"og:image:width\" content=\"800\" \/>\n\t<meta property=\"og:image:height\" content=\"800\" \/>\n\t<meta property=\"og:image:type\" content=\"image\/jpeg\" \/>\n<meta name=\"twitter:card\" content=\"summary_large_image\" \/>\n<meta name=\"twitter:label1\" content=\"Tiempo de lectura\" \/>\n\t<meta name=\"twitter:data1\" content=\"1 minuto\" \/>\n<script type=\"application\/ld+json\" class=\"yoast-schema-graph\">{\"@context\":\"https:\/\/schema.org\",\"@graph\":[{\"@type\":\"WebPage\",\"@id\":\"https:\/\/aivlisoft.net\/shop\/producto\/ubiquiti-edgepoint-ep-r6-5xgb-1xfsp-poe\/\",\"url\":\"https:\/\/aivlisoft.net\/shop\/producto\/ubiquiti-edgepoint-ep-r6-5xgb-1xfsp-poe\/\",\"name\":\"Ubiquiti EdgePoint EP-R6 5xGB 1xFSP PoE - Aivlisoft Inform\u00e1tica\",\"isPartOf\":{\"@id\":\"https:\/\/aivlisoft.net\/shop\/#website\"},\"primaryImageOfPage\":{\"@id\":\"https:\/\/aivlisoft.net\/shop\/producto\/ubiquiti-edgepoint-ep-r6-5xgb-1xfsp-poe\/#primaryimage\"},\"image\":{\"@id\":\"https:\/\/aivlisoft.net\/shop\/producto\/ubiquiti-edgepoint-ep-r6-5xgb-1xfsp-poe\/#primaryimage\"},\"thumbnailUrl\":\"https:\/\/aivlisoft.net\/shop\/wp-content\/uploads\/2025\/01\/NSWSSO0240_800.jpg\",\"datePublished\":\"2025-01-13T15:50:52+00:00\",\"dateModified\":\"2025-01-14T11:54:40+00:00\",\"breadcrumb\":{\"@id\":\"https:\/\/aivlisoft.net\/shop\/producto\/ubiquiti-edgepoint-ep-r6-5xgb-1xfsp-poe\/#breadcrumb\"},\"inLanguage\":\"es\",\"potentialAction\":[{\"@type\":\"ReadAction\",\"target\":[\"https:\/\/aivlisoft.net\/shop\/producto\/ubiquiti-edgepoint-ep-r6-5xgb-1xfsp-poe\/\"]}]},{\"@type\":\"ImageObject\",\"inLanguage\":\"es\",\"@id\":\"https:\/\/aivlisoft.net\/shop\/producto\/ubiquiti-edgepoint-ep-r6-5xgb-1xfsp-poe\/#primaryimage\",\"url\":\"https:\/\/aivlisoft.net\/shop\/wp-content\/uploads\/2025\/01\/NSWSSO0240_800.jpg\",\"contentUrl\":\"https:\/\/aivlisoft.net\/shop\/wp-content\/uploads\/2025\/01\/NSWSSO0240_800.jpg\",\"width\":800,\"height\":800},{\"@type\":\"BreadcrumbList\",\"@id\":\"https:\/\/aivlisoft.net\/shop\/producto\/ubiquiti-edgepoint-ep-r6-5xgb-1xfsp-poe\/#breadcrumb\",\"itemListElement\":[{\"@type\":\"ListItem\",\"position\":1,\"name\":\"Portada\",\"item\":\"https:\/\/aivlisoft.net\/shop\/\"},{\"@type\":\"ListItem\",\"position\":2,\"name\":\"Tienda\",\"item\":\"https:\/\/aivlisoft.net\/shop\/tienda\/\"},{\"@type\":\"ListItem\",\"position\":3,\"name\":\"Ubiquiti EdgePoint EP-R6 5xGB 1xFSP PoE\"}]},{\"@type\":\"WebSite\",\"@id\":\"https:\/\/aivlisoft.net\/shop\/#website\",\"url\":\"https:\/\/aivlisoft.net\/shop\/\",\"name\":\"Aivlisoft Inform\u00e1tica\",\"description\":\"En Aivlisoft Inform\u00e1tica ofrecemos soluciones tecnol\u00f3gicas para empresas: venta de ordenadores, consumibles, perif\u00e9ricos y m\u00e1s. Calidad, atenci\u00f3n personalizada y los mejores precios para tu negocio.\",\"publisher\":{\"@id\":\"https:\/\/aivlisoft.net\/shop\/#organization\"},\"potentialAction\":[{\"@type\":\"SearchAction\",\"target\":{\"@type\":\"EntryPoint\",\"urlTemplate\":\"https:\/\/aivlisoft.net\/shop\/?s={search_term_string}\"},\"query-input\":{\"@type\":\"PropertyValueSpecification\",\"valueRequired\":true,\"valueName\":\"search_term_string\"}}],\"inLanguage\":\"es\"},{\"@type\":\"Organization\",\"@id\":\"https:\/\/aivlisoft.net\/shop\/#organization\",\"name\":\"Aivlisoft Inform\u00e1tica\",\"url\":\"https:\/\/aivlisoft.net\/shop\/\",\"logo\":{\"@type\":\"ImageObject\",\"inLanguage\":\"es\",\"@id\":\"https:\/\/aivlisoft.net\/shop\/#\/schema\/logo\/image\/\",\"url\":\"https:\/\/aivlisoft.net\/shop\/wp-content\/uploads\/2024\/12\/removal.ai_5b848c54-0cdf-4140-95c5-c5536bb7573b-logodef.png\",\"contentUrl\":\"https:\/\/aivlisoft.net\/shop\/wp-content\/uploads\/2024\/12\/removal.ai_5b848c54-0cdf-4140-95c5-c5536bb7573b-logodef.png\",\"width\":484,\"height\":182,\"caption\":\"Aivlisoft Inform\u00e1tica\"},\"image\":{\"@id\":\"https:\/\/aivlisoft.net\/shop\/#\/schema\/logo\/image\/\"}}]}<\/script>\n<!-- \/ Yoast SEO plugin. -->","yoast_head_json":{"title":"Ubiquiti EdgePoint EP-R6 5xGB 1xFSP PoE - Aivlisoft Inform\u00e1tica","robots":{"index":"index","follow":"follow","max-snippet":"max-snippet:-1","max-image-preview":"max-image-preview:large","max-video-preview":"max-video-preview:-1"},"canonical":"https:\/\/aivlisoft.net\/shop\/producto\/ubiquiti-edgepoint-ep-r6-5xgb-1xfsp-poe\/","og_locale":"es_ES","og_type":"article","og_title":"Ubiquiti EdgePoint EP-R6 5xGB 1xFSP PoE - Aivlisoft Inform\u00e1tica","og_description":"Marca Ubiquiti Modelo EP-R6 Caracter&iacute;sticas &#8211; Dimensiones: 188,6 x 177,1 x 49,8 mm&#8211; Peso: 605 g&#8211; Caracter&iacute;sticas de la carcasa: policarbonato con resistencia a los rayos UV&#8211; Max. Consumo de energ&iacute;a: 7 W (no incluye salida PoE)&#8211; Entrada de energ&iacute;a: (1) bloque de terminales de CC o (1) RJ45 (eth0) (protecci&oacute;n de polaridad autocorregible solo&hellip;&nbsp;Ubiquiti EdgePoint EP-R6 5xGB 1xFSP PoE","og_url":"https:\/\/aivlisoft.net\/shop\/producto\/ubiquiti-edgepoint-ep-r6-5xgb-1xfsp-poe\/","og_site_name":"Aivlisoft Inform\u00e1tica","article_modified_time":"2025-01-14T11:54:40+00:00","og_image":[{"width":800,"height":800,"url":"https:\/\/aivlisoft.net\/shop\/wp-content\/uploads\/2025\/01\/NSWSSO0240_800.jpg","type":"image\/jpeg"}],"twitter_card":"summary_large_image","twitter_misc":{"Tiempo de lectura":"1 minuto"},"schema":{"@context":"https:\/\/schema.org","@graph":[{"@type":"WebPage","@id":"https:\/\/aivlisoft.net\/shop\/producto\/ubiquiti-edgepoint-ep-r6-5xgb-1xfsp-poe\/","url":"https:\/\/aivlisoft.net\/shop\/producto\/ubiquiti-edgepoint-ep-r6-5xgb-1xfsp-poe\/","name":"Ubiquiti EdgePoint EP-R6 5xGB 1xFSP PoE - Aivlisoft Inform\u00e1tica","isPartOf":{"@id":"https:\/\/aivlisoft.net\/shop\/#website"},"primaryImageOfPage":{"@id":"https:\/\/aivlisoft.net\/shop\/producto\/ubiquiti-edgepoint-ep-r6-5xgb-1xfsp-poe\/#primaryimage"},"image":{"@id":"https:\/\/aivlisoft.net\/shop\/producto\/ubiquiti-edgepoint-ep-r6-5xgb-1xfsp-poe\/#primaryimage"},"thumbnailUrl":"https:\/\/aivlisoft.net\/shop\/wp-content\/uploads\/2025\/01\/NSWSSO0240_800.jpg","datePublished":"2025-01-13T15:50:52+00:00","dateModified":"2025-01-14T11:54:40+00:00","breadcrumb":{"@id":"https:\/\/aivlisoft.net\/shop\/producto\/ubiquiti-edgepoint-ep-r6-5xgb-1xfsp-poe\/#breadcrumb"},"inLanguage":"es","potentialAction":[{"@type":"ReadAction","target":["https:\/\/aivlisoft.net\/shop\/producto\/ubiquiti-edgepoint-ep-r6-5xgb-1xfsp-poe\/"]}]},{"@type":"ImageObject","inLanguage":"es","@id":"https:\/\/aivlisoft.net\/shop\/producto\/ubiquiti-edgepoint-ep-r6-5xgb-1xfsp-poe\/#primaryimage","url":"https:\/\/aivlisoft.net\/shop\/wp-content\/uploads\/2025\/01\/NSWSSO0240_800.jpg","contentUrl":"https:\/\/aivlisoft.net\/shop\/wp-content\/uploads\/2025\/01\/NSWSSO0240_800.jpg","width":800,"height":800},{"@type":"BreadcrumbList","@id":"https:\/\/aivlisoft.net\/shop\/producto\/ubiquiti-edgepoint-ep-r6-5xgb-1xfsp-poe\/#breadcrumb","itemListElement":[{"@type":"ListItem","position":1,"name":"Portada","item":"https:\/\/aivlisoft.net\/shop\/"},{"@type":"ListItem","position":2,"name":"Tienda","item":"https:\/\/aivlisoft.net\/shop\/tienda\/"},{"@type":"ListItem","position":3,"name":"Ubiquiti EdgePoint EP-R6 5xGB 1xFSP PoE"}]},{"@type":"WebSite","@id":"https:\/\/aivlisoft.net\/shop\/#website","url":"https:\/\/aivlisoft.net\/shop\/","name":"Aivlisoft Inform\u00e1tica","description":"En Aivlisoft Inform\u00e1tica ofrecemos soluciones tecnol\u00f3gicas para empresas: venta de ordenadores, consumibles, perif\u00e9ricos y m\u00e1s. Calidad, atenci\u00f3n personalizada y los mejores precios para tu negocio.","publisher":{"@id":"https:\/\/aivlisoft.net\/shop\/#organization"},"potentialAction":[{"@type":"SearchAction","target":{"@type":"EntryPoint","urlTemplate":"https:\/\/aivlisoft.net\/shop\/?s={search_term_string}"},"query-input":{"@type":"PropertyValueSpecification","valueRequired":true,"valueName":"search_term_string"}}],"inLanguage":"es"},{"@type":"Organization","@id":"https:\/\/aivlisoft.net\/shop\/#organization","name":"Aivlisoft Inform\u00e1tica","url":"https:\/\/aivlisoft.net\/shop\/","logo":{"@type":"ImageObject","inLanguage":"es","@id":"https:\/\/aivlisoft.net\/shop\/#\/schema\/logo\/image\/","url":"https:\/\/aivlisoft.net\/shop\/wp-content\/uploads\/2024\/12\/removal.ai_5b848c54-0cdf-4140-95c5-c5536bb7573b-logodef.png","contentUrl":"https:\/\/aivlisoft.net\/shop\/wp-content\/uploads\/2024\/12\/removal.ai_5b848c54-0cdf-4140-95c5-c5536bb7573b-logodef.png","width":484,"height":182,"caption":"Aivlisoft Inform\u00e1tica"},"image":{"@id":"https:\/\/aivlisoft.net\/shop\/#\/schema\/logo\/image\/"}}]}},"_links":{"self":[{"href":"https:\/\/aivlisoft.net\/shop\/wp-json\/wp\/v2\/product\/21163","targetHints":{"allow":["GET"]}}],"collection":[{"href":"https:\/\/aivlisoft.net\/shop\/wp-json\/wp\/v2\/product"}],"about":[{"href":"https:\/\/aivlisoft.net\/shop\/wp-json\/wp\/v2\/types\/product"}],"wp:featuredmedia":[{"embeddable":true,"href":"https:\/\/aivlisoft.net\/shop\/wp-json\/wp\/v2\/media\/21164"}],"wp:attachment":[{"href":"https:\/\/aivlisoft.net\/shop\/wp-json\/wp\/v2\/media?parent=21163"}],"wp:term":[{"taxonomy":"product_brand","embeddable":true,"href":"https:\/\/aivlisoft.net\/shop\/wp-json\/wp\/v2\/product_brand?post=21163"},{"taxonomy":"product_cat","embeddable":true,"href":"https:\/\/aivlisoft.net\/shop\/wp-json\/wp\/v2\/product_cat?post=21163"},{"taxonomy":"product_tag","embeddable":true,"href":"https:\/\/aivlisoft.net\/shop\/wp-json\/wp\/v2\/product_tag?post=21163"}],"curies":[{"name":"wp","href":"https:\/\/api.w.org\/{rel}","templated":true}]}}