{"id":21144,"date":"2025-01-13T15:50:42","date_gmt":"2025-01-13T15:50:42","guid":{"rendered":"https:\/\/aivlisoft.com\/?post_type=product&#038;p=21144"},"modified":"2025-01-14T11:54:37","modified_gmt":"2025-01-14T11:54:37","slug":"tp-link-tl-sg1005p-switch-5xgb-4xpoe","status":"publish","type":"product","link":"https:\/\/aivlisoft.net\/shop\/producto\/tp-link-tl-sg1005p-switch-5xgb-4xpoe\/","title":{"rendered":"TP-LINK TL-SG1005P Switch 5xGB 4xPoE"},"content":{"rendered":"<p><strong>Switch de escritorio Gigabit de 5 puertos con PoE de 4 puertos<\/strong><\/p>\n<p>&#8211; Puertos RJ45 de 10\/100 \/ 1000Mbps<br \/>&#8211; Con cuatro puertos PoE, transfiere datos y energ&iacute;a a un solo cable<br \/>&#8211; Al trabajar con PD compatibles con IEEE 802.3af, se expande la red dom&eacute;stica y de oficina<br \/>&#8211; 802.1p \/ DSCP QoS permite un tr&aacute;fico suave sensible a la latencia<br \/>&#8211; Admite PoE Power hasta 15.4W para cada puerto PoE<br \/>&#8211; Admite PoE Power hasta 56W para todos los puertos PoE<br \/>&#8211; No requiere configuraci&oacute;n e instalaci&oacute;n.<\/p>\n<table class=\"tabla_caracteristicas k-table\" width=\"100%\">\n<tbody>\n<tr>\n<td><strong>Marca<\/strong><\/td>\n<td>TP-Link<\/td>\n<\/tr>\n<tr>\n<td valign=\"top\"><strong>Modelo<\/strong><\/td>\n<td><strong>SG1005P<\/strong><\/td>\n<\/tr>\n<tr>\n<td valign=\"top\"><strong>Caracter&iacute;sticas de Hardware<\/strong><\/td>\n<td><strong>Interfaz <\/strong><br \/>&#8211; 5 puertos 10\/100 \/ 1000Mbps RJ45<br \/>&#8211; Negociaci&oacute;n autom&aacute;tica \/ AUTO MDI \/ MDIX<br \/><strong>Medios de red<\/strong><br \/>&#8211; 10BASE-T: cable UTP categor&iacute;a 3, 4, 5 (m&aacute;ximo 100 m)<br \/>&#8211; EIA \/ TIA-568 100&Omega; STP (m&aacute;ximo 100m)<br \/>&#8211; 100BASE-TX: cable UTP categor&iacute;a 5, 5e (m&aacute;ximo 100m)<br \/>&#8211; EIA \/ TIA-568 100&Omega; STP (m&aacute;ximo 100m)<br \/>&#8211; 1000BASE-T: cable UTP de categor&iacute;a 5, 5e, 6 o superior (m&aacute;ximo 100 m)<br \/>&#8211; EIA \/ TIA-568 100&Omega; STP (m&aacute;ximo 100m)<br \/><strong>Fuente de alimentaci&oacute;n externa <\/strong><br \/>&#8211; Adaptador de alimentaci&oacute;n externa (salida: 48VDC \/ 1.25A)<br \/><strong>Puertos PoE (RJ45) <\/strong><br \/>&#8211; Est&aacute;ndar: 802.3 af compatible<br \/>&#8211; Puertos PoE: Port1- Port4<br \/>&#8211; Fuente de alimentaci&oacute;n: 56W<br \/><strong>Ancho de banda de retroceso <\/strong><br \/>&#8211; 10Gbps<br \/><strong>Tabla de direcciones Mac <\/strong><br \/>&#8211; 2K<br \/><strong>Dimensiones <\/strong><br \/>&#8211; 99.8 x 98 x 25 mm<br \/><strong>Consumo m&aacute;ximo de energ&iacute;a<\/strong><br \/>&#8211; 3.95W (220 \/ 50Hz. Sin PD conectado)<br \/>&#8211; 64.44W (220 \/ 50Hz. Con 55W PD conectado)<\/td>\n<\/tr>\n<tr>\n<td valign=\"top\">\n<div><strong>Funciones de Software<br \/><\/strong><\/div>\n<\/td>\n<td><strong>Funciones avanzadas <\/strong><br \/>&#8211; Compatibles con PD compatibles con IEEE 802.3af<br \/>&#8211; Funci&oacute;n de prioridad<br \/>&#8211; Mac Address Auto-Learning Y Auto-Envejecimiento<br \/>&#8211; Control de flujo IEEE 802.3x<br \/>&#8211; 802.1p \/ DSCP QoS<br \/>&#8211; Indagaci&oacute;n IGMP<br \/><strong>M&eacute;todo de transferencia <\/strong><br \/>&#8211; Store-And-Forward<\/td>\n<\/tr>\n<tr>\n<td><strong>Otros<\/strong><\/td>\n<td><strong>Certificaci&oacute;n <\/strong><br \/>&#8211; FCC, CE, RoHS<br \/><strong>Contenido del paquete <\/strong><br \/>&#8211; TL-SG1005P<br \/>&#8211; Adaptador de corriente<br \/>&#8211; Gu&iacute;a de instalaci&oacute;n<br \/><strong>Consumo <\/strong><br \/>&#8211; 4.26 vatios (m&aacute;x. No PD conectado)<br \/>&#8211; 63.31 vatios (m&aacute;x. Con 56w PD conectado)<br \/><strong>Entorno<\/strong><br \/>&#8211; Temperatura de funcionamiento: 0 ? ~ 40 ? (32 ? ~ 104 ?)<br \/>&#8211; Temperatura de almacenamiento: -40 ? ~ 70 ? (-40 ? ~ 158 ?)<br \/>&#8211; Humedad de funcionamiento: 10% ~ 90% HR sin condensaci&oacute;n<br \/>&#8211; Humedad de almacenamiento: 5% ~ 90% HR sin condensaci&oacute;n<\/td>\n<\/tr>\n<tr>\n<td><strong>Fecha de revisi&oacute;n<\/strong><\/td>\n<td>19-11-2018 por AVN<\/td>\n<\/tr>\n<\/tbody>\n<\/table>\n","protected":false},"excerpt":{"rendered":"<p>Switch de escritorio Gigabit de 5 puertos con PoE de 4 puertos &#8211; Puertos RJ45 de 10\/100 \/ 1000Mbps&#8211; Con cuatro puertos PoE, transfiere datos y energ&iacute;a a un solo cable&#8211; Al trabajar con PD compatibles con IEEE 802.3af, se expande la red dom&eacute;stica y de oficina&#8211; 802.1p \/ DSCP QoS permite un tr&aacute;fico suave&hellip;&nbsp;<a href=\"https:\/\/aivlisoft.net\/shop\/producto\/tp-link-tl-sg1005p-switch-5xgb-4xpoe\/\" rel=\"bookmark\"><span class=\"screen-reader-text\">TP-LINK TL-SG1005P Switch 5xGB 4xPoE<\/span><\/a><\/p>\n","protected":false},"featured_media":21145,"template":"","meta":{"neve_meta_sidebar":"","neve_meta_container":"","neve_meta_enable_content_width":"","neve_meta_content_width":0,"neve_meta_title_alignment":"","neve_meta_author_avatar":"","neve_post_elements_order":"","neve_meta_disable_header":"","neve_meta_disable_footer":"","neve_meta_disable_title":""},"product_brand":[],"product_cat":[8773],"product_tag":[7496],"class_list":{"0":"post-21144","1":"product","2":"type-product","3":"status-publish","4":"has-post-thumbnail","6":"product_cat-switches-sobremesa","7":"product_tag-tl-sg1005p","9":"first","10":"instock","11":"taxable","12":"shipping-taxable","13":"purchasable","14":"product-type-simple"},"yoast_head":"<!-- This site is optimized with the Yoast SEO plugin v26.0 - https:\/\/yoast.com\/wordpress\/plugins\/seo\/ -->\n<title>TP-LINK TL-SG1005P Switch 5xGB 4xPoE - Aivlisoft Inform\u00e1tica<\/title>\n<meta name=\"robots\" content=\"index, follow, max-snippet:-1, max-image-preview:large, max-video-preview:-1\" \/>\n<link rel=\"canonical\" href=\"https:\/\/aivlisoft.net\/shop\/producto\/tp-link-tl-sg1005p-switch-5xgb-4xpoe\/\" \/>\n<meta property=\"og:locale\" content=\"es_ES\" \/>\n<meta property=\"og:type\" content=\"article\" \/>\n<meta property=\"og:title\" content=\"TP-LINK TL-SG1005P Switch 5xGB 4xPoE - Aivlisoft Inform\u00e1tica\" \/>\n<meta property=\"og:description\" content=\"Switch de escritorio Gigabit de 5 puertos con PoE de 4 puertos &#8211; Puertos RJ45 de 10\/100 \/ 1000Mbps&#8211; Con cuatro puertos PoE, transfiere datos y energ&iacute;a a un solo cable&#8211; Al trabajar con PD compatibles con IEEE 802.3af, se expande la red dom&eacute;stica y de oficina&#8211; 802.1p \/ DSCP QoS permite un tr&aacute;fico suave&hellip;&nbsp;TP-LINK TL-SG1005P Switch 5xGB 4xPoE\" \/>\n<meta property=\"og:url\" content=\"https:\/\/aivlisoft.net\/shop\/producto\/tp-link-tl-sg1005p-switch-5xgb-4xpoe\/\" \/>\n<meta property=\"og:site_name\" content=\"Aivlisoft Inform\u00e1tica\" \/>\n<meta property=\"article:modified_time\" content=\"2025-01-14T11:54:37+00:00\" \/>\n<meta property=\"og:image\" content=\"https:\/\/aivlisoft.net\/shop\/wp-content\/uploads\/2025\/01\/NSWSSO0231_800.jpg\" \/>\n\t<meta property=\"og:image:width\" content=\"800\" \/>\n\t<meta property=\"og:image:height\" content=\"800\" \/>\n\t<meta property=\"og:image:type\" content=\"image\/jpeg\" \/>\n<meta name=\"twitter:card\" content=\"summary_large_image\" \/>\n<meta name=\"twitter:label1\" content=\"Tiempo de lectura\" \/>\n\t<meta name=\"twitter:data1\" content=\"2 minutos\" \/>\n<script type=\"application\/ld+json\" class=\"yoast-schema-graph\">{\"@context\":\"https:\/\/schema.org\",\"@graph\":[{\"@type\":\"WebPage\",\"@id\":\"https:\/\/aivlisoft.net\/shop\/producto\/tp-link-tl-sg1005p-switch-5xgb-4xpoe\/\",\"url\":\"https:\/\/aivlisoft.net\/shop\/producto\/tp-link-tl-sg1005p-switch-5xgb-4xpoe\/\",\"name\":\"TP-LINK TL-SG1005P Switch 5xGB 4xPoE - Aivlisoft Inform\u00e1tica\",\"isPartOf\":{\"@id\":\"https:\/\/aivlisoft.net\/shop\/#website\"},\"primaryImageOfPage\":{\"@id\":\"https:\/\/aivlisoft.net\/shop\/producto\/tp-link-tl-sg1005p-switch-5xgb-4xpoe\/#primaryimage\"},\"image\":{\"@id\":\"https:\/\/aivlisoft.net\/shop\/producto\/tp-link-tl-sg1005p-switch-5xgb-4xpoe\/#primaryimage\"},\"thumbnailUrl\":\"https:\/\/aivlisoft.net\/shop\/wp-content\/uploads\/2025\/01\/NSWSSO0231_800.jpg\",\"datePublished\":\"2025-01-13T15:50:42+00:00\",\"dateModified\":\"2025-01-14T11:54:37+00:00\",\"breadcrumb\":{\"@id\":\"https:\/\/aivlisoft.net\/shop\/producto\/tp-link-tl-sg1005p-switch-5xgb-4xpoe\/#breadcrumb\"},\"inLanguage\":\"es\",\"potentialAction\":[{\"@type\":\"ReadAction\",\"target\":[\"https:\/\/aivlisoft.net\/shop\/producto\/tp-link-tl-sg1005p-switch-5xgb-4xpoe\/\"]}]},{\"@type\":\"ImageObject\",\"inLanguage\":\"es\",\"@id\":\"https:\/\/aivlisoft.net\/shop\/producto\/tp-link-tl-sg1005p-switch-5xgb-4xpoe\/#primaryimage\",\"url\":\"https:\/\/aivlisoft.net\/shop\/wp-content\/uploads\/2025\/01\/NSWSSO0231_800.jpg\",\"contentUrl\":\"https:\/\/aivlisoft.net\/shop\/wp-content\/uploads\/2025\/01\/NSWSSO0231_800.jpg\",\"width\":800,\"height\":800},{\"@type\":\"BreadcrumbList\",\"@id\":\"https:\/\/aivlisoft.net\/shop\/producto\/tp-link-tl-sg1005p-switch-5xgb-4xpoe\/#breadcrumb\",\"itemListElement\":[{\"@type\":\"ListItem\",\"position\":1,\"name\":\"Portada\",\"item\":\"https:\/\/aivlisoft.net\/shop\/\"},{\"@type\":\"ListItem\",\"position\":2,\"name\":\"Tienda\",\"item\":\"https:\/\/aivlisoft.net\/shop\/tienda\/\"},{\"@type\":\"ListItem\",\"position\":3,\"name\":\"TP-LINK TL-SG1005P Switch 5xGB 4xPoE\"}]},{\"@type\":\"WebSite\",\"@id\":\"https:\/\/aivlisoft.net\/shop\/#website\",\"url\":\"https:\/\/aivlisoft.net\/shop\/\",\"name\":\"Aivlisoft Inform\u00e1tica\",\"description\":\"En Aivlisoft Inform\u00e1tica ofrecemos soluciones tecnol\u00f3gicas para empresas: venta de ordenadores, consumibles, perif\u00e9ricos y m\u00e1s. Calidad, atenci\u00f3n personalizada y los mejores precios para tu negocio.\",\"publisher\":{\"@id\":\"https:\/\/aivlisoft.net\/shop\/#organization\"},\"potentialAction\":[{\"@type\":\"SearchAction\",\"target\":{\"@type\":\"EntryPoint\",\"urlTemplate\":\"https:\/\/aivlisoft.net\/shop\/?s={search_term_string}\"},\"query-input\":{\"@type\":\"PropertyValueSpecification\",\"valueRequired\":true,\"valueName\":\"search_term_string\"}}],\"inLanguage\":\"es\"},{\"@type\":\"Organization\",\"@id\":\"https:\/\/aivlisoft.net\/shop\/#organization\",\"name\":\"Aivlisoft Inform\u00e1tica\",\"url\":\"https:\/\/aivlisoft.net\/shop\/\",\"logo\":{\"@type\":\"ImageObject\",\"inLanguage\":\"es\",\"@id\":\"https:\/\/aivlisoft.net\/shop\/#\/schema\/logo\/image\/\",\"url\":\"https:\/\/aivlisoft.net\/shop\/wp-content\/uploads\/2024\/12\/removal.ai_5b848c54-0cdf-4140-95c5-c5536bb7573b-logodef.png\",\"contentUrl\":\"https:\/\/aivlisoft.net\/shop\/wp-content\/uploads\/2024\/12\/removal.ai_5b848c54-0cdf-4140-95c5-c5536bb7573b-logodef.png\",\"width\":484,\"height\":182,\"caption\":\"Aivlisoft Inform\u00e1tica\"},\"image\":{\"@id\":\"https:\/\/aivlisoft.net\/shop\/#\/schema\/logo\/image\/\"}}]}<\/script>\n<!-- \/ Yoast SEO plugin. -->","yoast_head_json":{"title":"TP-LINK TL-SG1005P Switch 5xGB 4xPoE - Aivlisoft Inform\u00e1tica","robots":{"index":"index","follow":"follow","max-snippet":"max-snippet:-1","max-image-preview":"max-image-preview:large","max-video-preview":"max-video-preview:-1"},"canonical":"https:\/\/aivlisoft.net\/shop\/producto\/tp-link-tl-sg1005p-switch-5xgb-4xpoe\/","og_locale":"es_ES","og_type":"article","og_title":"TP-LINK TL-SG1005P Switch 5xGB 4xPoE - Aivlisoft Inform\u00e1tica","og_description":"Switch de escritorio Gigabit de 5 puertos con PoE de 4 puertos &#8211; Puertos RJ45 de 10\/100 \/ 1000Mbps&#8211; Con cuatro puertos PoE, transfiere datos y energ&iacute;a a un solo cable&#8211; Al trabajar con PD compatibles con IEEE 802.3af, se expande la red dom&eacute;stica y de oficina&#8211; 802.1p \/ DSCP QoS permite un tr&aacute;fico suave&hellip;&nbsp;TP-LINK TL-SG1005P Switch 5xGB 4xPoE","og_url":"https:\/\/aivlisoft.net\/shop\/producto\/tp-link-tl-sg1005p-switch-5xgb-4xpoe\/","og_site_name":"Aivlisoft Inform\u00e1tica","article_modified_time":"2025-01-14T11:54:37+00:00","og_image":[{"width":800,"height":800,"url":"https:\/\/aivlisoft.net\/shop\/wp-content\/uploads\/2025\/01\/NSWSSO0231_800.jpg","type":"image\/jpeg"}],"twitter_card":"summary_large_image","twitter_misc":{"Tiempo de lectura":"2 minutos"},"schema":{"@context":"https:\/\/schema.org","@graph":[{"@type":"WebPage","@id":"https:\/\/aivlisoft.net\/shop\/producto\/tp-link-tl-sg1005p-switch-5xgb-4xpoe\/","url":"https:\/\/aivlisoft.net\/shop\/producto\/tp-link-tl-sg1005p-switch-5xgb-4xpoe\/","name":"TP-LINK TL-SG1005P Switch 5xGB 4xPoE - Aivlisoft Inform\u00e1tica","isPartOf":{"@id":"https:\/\/aivlisoft.net\/shop\/#website"},"primaryImageOfPage":{"@id":"https:\/\/aivlisoft.net\/shop\/producto\/tp-link-tl-sg1005p-switch-5xgb-4xpoe\/#primaryimage"},"image":{"@id":"https:\/\/aivlisoft.net\/shop\/producto\/tp-link-tl-sg1005p-switch-5xgb-4xpoe\/#primaryimage"},"thumbnailUrl":"https:\/\/aivlisoft.net\/shop\/wp-content\/uploads\/2025\/01\/NSWSSO0231_800.jpg","datePublished":"2025-01-13T15:50:42+00:00","dateModified":"2025-01-14T11:54:37+00:00","breadcrumb":{"@id":"https:\/\/aivlisoft.net\/shop\/producto\/tp-link-tl-sg1005p-switch-5xgb-4xpoe\/#breadcrumb"},"inLanguage":"es","potentialAction":[{"@type":"ReadAction","target":["https:\/\/aivlisoft.net\/shop\/producto\/tp-link-tl-sg1005p-switch-5xgb-4xpoe\/"]}]},{"@type":"ImageObject","inLanguage":"es","@id":"https:\/\/aivlisoft.net\/shop\/producto\/tp-link-tl-sg1005p-switch-5xgb-4xpoe\/#primaryimage","url":"https:\/\/aivlisoft.net\/shop\/wp-content\/uploads\/2025\/01\/NSWSSO0231_800.jpg","contentUrl":"https:\/\/aivlisoft.net\/shop\/wp-content\/uploads\/2025\/01\/NSWSSO0231_800.jpg","width":800,"height":800},{"@type":"BreadcrumbList","@id":"https:\/\/aivlisoft.net\/shop\/producto\/tp-link-tl-sg1005p-switch-5xgb-4xpoe\/#breadcrumb","itemListElement":[{"@type":"ListItem","position":1,"name":"Portada","item":"https:\/\/aivlisoft.net\/shop\/"},{"@type":"ListItem","position":2,"name":"Tienda","item":"https:\/\/aivlisoft.net\/shop\/tienda\/"},{"@type":"ListItem","position":3,"name":"TP-LINK TL-SG1005P Switch 5xGB 4xPoE"}]},{"@type":"WebSite","@id":"https:\/\/aivlisoft.net\/shop\/#website","url":"https:\/\/aivlisoft.net\/shop\/","name":"Aivlisoft Inform\u00e1tica","description":"En Aivlisoft Inform\u00e1tica ofrecemos soluciones tecnol\u00f3gicas para empresas: venta de ordenadores, consumibles, perif\u00e9ricos y m\u00e1s. Calidad, atenci\u00f3n personalizada y los mejores precios para tu negocio.","publisher":{"@id":"https:\/\/aivlisoft.net\/shop\/#organization"},"potentialAction":[{"@type":"SearchAction","target":{"@type":"EntryPoint","urlTemplate":"https:\/\/aivlisoft.net\/shop\/?s={search_term_string}"},"query-input":{"@type":"PropertyValueSpecification","valueRequired":true,"valueName":"search_term_string"}}],"inLanguage":"es"},{"@type":"Organization","@id":"https:\/\/aivlisoft.net\/shop\/#organization","name":"Aivlisoft Inform\u00e1tica","url":"https:\/\/aivlisoft.net\/shop\/","logo":{"@type":"ImageObject","inLanguage":"es","@id":"https:\/\/aivlisoft.net\/shop\/#\/schema\/logo\/image\/","url":"https:\/\/aivlisoft.net\/shop\/wp-content\/uploads\/2024\/12\/removal.ai_5b848c54-0cdf-4140-95c5-c5536bb7573b-logodef.png","contentUrl":"https:\/\/aivlisoft.net\/shop\/wp-content\/uploads\/2024\/12\/removal.ai_5b848c54-0cdf-4140-95c5-c5536bb7573b-logodef.png","width":484,"height":182,"caption":"Aivlisoft Inform\u00e1tica"},"image":{"@id":"https:\/\/aivlisoft.net\/shop\/#\/schema\/logo\/image\/"}}]}},"_links":{"self":[{"href":"https:\/\/aivlisoft.net\/shop\/wp-json\/wp\/v2\/product\/21144","targetHints":{"allow":["GET"]}}],"collection":[{"href":"https:\/\/aivlisoft.net\/shop\/wp-json\/wp\/v2\/product"}],"about":[{"href":"https:\/\/aivlisoft.net\/shop\/wp-json\/wp\/v2\/types\/product"}],"wp:featuredmedia":[{"embeddable":true,"href":"https:\/\/aivlisoft.net\/shop\/wp-json\/wp\/v2\/media\/21145"}],"wp:attachment":[{"href":"https:\/\/aivlisoft.net\/shop\/wp-json\/wp\/v2\/media?parent=21144"}],"wp:term":[{"taxonomy":"product_brand","embeddable":true,"href":"https:\/\/aivlisoft.net\/shop\/wp-json\/wp\/v2\/product_brand?post=21144"},{"taxonomy":"product_cat","embeddable":true,"href":"https:\/\/aivlisoft.net\/shop\/wp-json\/wp\/v2\/product_cat?post=21144"},{"taxonomy":"product_tag","embeddable":true,"href":"https:\/\/aivlisoft.net\/shop\/wp-json\/wp\/v2\/product_tag?post=21144"}],"curies":[{"name":"wp","href":"https:\/\/api.w.org\/{rel}","templated":true}]}}