{"id":21132,"date":"2025-01-13T15:50:35","date_gmt":"2025-01-13T15:50:35","guid":{"rendered":"https:\/\/aivlisoft.com\/?post_type=product&#038;p=21132"},"modified":"2025-01-14T11:54:34","modified_gmt":"2025-01-14T11:54:34","slug":"zyxel-gs1200-5-switch-5xgb-metal","status":"publish","type":"product","link":"https:\/\/aivlisoft.net\/shop\/producto\/zyxel-gs1200-5-switch-5xgb-metal\/","title":{"rendered":"ZyXEL GS1200-5 Switch 5xGB Metal"},"content":{"rendered":"<p><\/p>\n<table class=\"tabla_caracteristicas k-table\" width=\"100%\">\n<tbody>\n<tr>\n<td><strong>Marca<\/strong><\/td>\n<td>ZyXEL<\/td>\n<\/tr>\n<tr>\n<td valign=\"top\"><strong>Modelo<\/strong><\/td>\n<td><strong>GS1200-5-EU0101F<\/strong><\/td>\n<\/tr>\n<tr>\n<td><strong>Puertos<\/strong><\/td>\n<td>&#8211; 5 x 10\/100\/1000<\/td>\n<\/tr>\n<tr>\n<td valign=\"top\"><strong>Caracter&iacute;sticas<\/strong><\/td>\n<td>&#8211; Tipo de dispositivo: Conmutador &#8211; 5 puertos &#8211; Gestionado<br \/>&#8211; Tipo incluido: Sobremesa<br \/>&#8211; Subtipo: Gigabit Ethernet<br \/>&#8211; Rendimiento: Capacidad de conmutaci&oacute;n: 10 Gbps<br \/>&#8211; Capacidad: Grupos de multidifusi&oacute;n: 128<br \/>&#8211; Tama&ntilde;o de tabla de direcci&oacute;n MAC: 2K de entradas<br \/>&#8211; Admite carcasa Jumbo: 9KB<br \/>&#8211; Protocolo de direccionamiento: IGMPv2, IGMP, IGMPv3<br \/>&#8211; Protocolo de gesti&oacute;n remota: HTTP<br \/>&#8211; Caracter&iacute;sticas: Control de flujo, soporte VLAN, se&ntilde;al ascendente autom&aacute;tica (MDI\/MDI-X autom&aacute;tico), snooping IGMP, copia de puertos, Cola Round Robin (WRR) ponderada, Broadcast Storm Control, actualizable por firmware, montable en pared, Quality of Service (QoS), sin ventilador, b&uacute;fer de paquetes de 128 KB, Energy Efficient Ethernet, prevenci&oacute;n de trabillas, Class of Service (CoS), VLAN etiquetada, carcasa met&aacute;lica, Link Aggregation, Weighted Round Robin (WRR), QoS basada en puerto<br \/>&#8211; Cumplimiento de normas: IEEE 802.3u, IEEE 802.3z, IEEE 802.1Q, IEEE 802.3ab, IEEE 802.1p, IEEE 802.3x, IEEE 802.3az<br \/>&#8211; Indicadores de estado: Estado puerto, velocidad de transmisi&oacute;n del puerto, alimentaci&oacute;n<br \/>&#8211; Interfaces: 5 x 1000Base-T RJ-45<br \/>&#8211; Dispositivo de alimentaci&oacute;n: Transformador el&eacute;ctrico externo<br \/>&#8211; Consumo el&eacute;ctrico en funcionamiento: 2.67 vatios<br \/>&#8211; Cumplimiento de normas: C-Tick, EMC, FCC, RoHS, EN 60950-1, LVD, EMC Class A, EMC Class B, BMSI<br \/>&#8211; Localizaci&oacute;n: Europa<br \/>&#8211; Anchura: 12.1 cm<br \/>&#8211; Profundidad: 7.5 cm<br \/>&#8211; Altura: 2.6 cm<br \/>&#8211; Peso: 233 g<br \/>&#8211; Anchura de embalaje: 12.7 cm<br \/>&#8211; Profundidad de embalaje: 8.2 cm<br \/>&#8211; Altura de embalaje: 9.5 cm<br \/>&#8211; Peso de embalaje: 388 g<br \/>&#8211; Temperatura m&iacute;nima de funcionamiento: 0 &deg;C<br \/>&#8211; Temperatura m&aacute;xima de funcionamiento: 40 &deg;C<br \/>&#8211; &Aacute;mbito de humedad de funcionamiento: 10 al 90 % (sin condensaci&oacute;n)<br \/>&#8211; Temperatura m&iacute;nima de almacenamiento: -40 &deg;C<br \/>&#8211; Temperatura m&aacute;xima de almacenamiento: 70 &deg;C<br \/>&#8211; &Aacute;mbito de humedad de almacenamiento: 10 al 90 % (sin condensaci&oacute;n)<\/td>\n<\/tr>\n<tr>\n<td><strong>Fecha de revisi&oacute;n<\/strong><\/td>\n<td>26-03-2018 por AVN<\/td>\n<\/tr>\n<\/tbody>\n<\/table>\n","protected":false},"excerpt":{"rendered":"<p>Marca ZyXEL Modelo GS1200-5-EU0101F Puertos &#8211; 5 x 10\/100\/1000 Caracter&iacute;sticas &#8211; Tipo de dispositivo: Conmutador &#8211; 5 puertos &#8211; Gestionado&#8211; Tipo incluido: Sobremesa&#8211; Subtipo: Gigabit Ethernet&#8211; Rendimiento: Capacidad de conmutaci&oacute;n: 10 Gbps&#8211; Capacidad: Grupos de multidifusi&oacute;n: 128&#8211; Tama&ntilde;o de tabla de direcci&oacute;n MAC: 2K de entradas&#8211; Admite carcasa Jumbo: 9KB&#8211; Protocolo de direccionamiento: IGMPv2, IGMP,&hellip;&nbsp;<a href=\"https:\/\/aivlisoft.net\/shop\/producto\/zyxel-gs1200-5-switch-5xgb-metal\/\" rel=\"bookmark\"><span class=\"screen-reader-text\">ZyXEL GS1200-5 Switch 5xGB Metal<\/span><\/a><\/p>\n","protected":false},"featured_media":21133,"template":"","meta":{"neve_meta_sidebar":"","neve_meta_container":"","neve_meta_enable_content_width":"","neve_meta_content_width":0,"neve_meta_title_alignment":"","neve_meta_author_avatar":"","neve_post_elements_order":"","neve_meta_disable_header":"","neve_meta_disable_footer":"","neve_meta_disable_title":""},"product_brand":[],"product_cat":[8773],"product_tag":[7493],"class_list":{"0":"post-21132","1":"product","2":"type-product","3":"status-publish","4":"has-post-thumbnail","6":"product_cat-switches-sobremesa","7":"product_tag-gs1200-5-eu0101f","9":"first","10":"instock","11":"taxable","12":"shipping-taxable","13":"purchasable","14":"product-type-simple"},"yoast_head":"<!-- This site is optimized with the Yoast SEO plugin v26.0 - https:\/\/yoast.com\/wordpress\/plugins\/seo\/ -->\n<title>ZyXEL GS1200-5 Switch 5xGB Metal - Aivlisoft Inform\u00e1tica<\/title>\n<meta name=\"robots\" content=\"index, follow, max-snippet:-1, max-image-preview:large, max-video-preview:-1\" \/>\n<link rel=\"canonical\" href=\"https:\/\/aivlisoft.net\/shop\/producto\/zyxel-gs1200-5-switch-5xgb-metal\/\" \/>\n<meta property=\"og:locale\" content=\"es_ES\" \/>\n<meta property=\"og:type\" content=\"article\" \/>\n<meta property=\"og:title\" content=\"ZyXEL GS1200-5 Switch 5xGB Metal - Aivlisoft Inform\u00e1tica\" \/>\n<meta property=\"og:description\" content=\"Marca ZyXEL Modelo GS1200-5-EU0101F Puertos &#8211; 5 x 10\/100\/1000 Caracter&iacute;sticas &#8211; Tipo de dispositivo: Conmutador &#8211; 5 puertos &#8211; Gestionado&#8211; Tipo incluido: Sobremesa&#8211; Subtipo: Gigabit Ethernet&#8211; Rendimiento: Capacidad de conmutaci&oacute;n: 10 Gbps&#8211; Capacidad: Grupos de multidifusi&oacute;n: 128&#8211; Tama&ntilde;o de tabla de direcci&oacute;n MAC: 2K de entradas&#8211; Admite carcasa Jumbo: 9KB&#8211; Protocolo de direccionamiento: IGMPv2, IGMP,&hellip;&nbsp;ZyXEL GS1200-5 Switch 5xGB Metal\" \/>\n<meta property=\"og:url\" content=\"https:\/\/aivlisoft.net\/shop\/producto\/zyxel-gs1200-5-switch-5xgb-metal\/\" \/>\n<meta property=\"og:site_name\" content=\"Aivlisoft Inform\u00e1tica\" \/>\n<meta property=\"article:modified_time\" content=\"2025-01-14T11:54:34+00:00\" \/>\n<meta property=\"og:image\" content=\"https:\/\/aivlisoft.net\/shop\/wp-content\/uploads\/2025\/01\/NSWSSO0228_800.jpg\" \/>\n\t<meta property=\"og:image:width\" content=\"800\" \/>\n\t<meta property=\"og:image:height\" content=\"800\" \/>\n\t<meta property=\"og:image:type\" content=\"image\/jpeg\" \/>\n<meta name=\"twitter:card\" content=\"summary_large_image\" \/>\n<meta name=\"twitter:label1\" content=\"Tiempo de lectura\" \/>\n\t<meta name=\"twitter:data1\" content=\"2 minutos\" \/>\n<script type=\"application\/ld+json\" class=\"yoast-schema-graph\">{\"@context\":\"https:\/\/schema.org\",\"@graph\":[{\"@type\":\"WebPage\",\"@id\":\"https:\/\/aivlisoft.net\/shop\/producto\/zyxel-gs1200-5-switch-5xgb-metal\/\",\"url\":\"https:\/\/aivlisoft.net\/shop\/producto\/zyxel-gs1200-5-switch-5xgb-metal\/\",\"name\":\"ZyXEL GS1200-5 Switch 5xGB Metal - Aivlisoft Inform\u00e1tica\",\"isPartOf\":{\"@id\":\"https:\/\/aivlisoft.net\/shop\/#website\"},\"primaryImageOfPage\":{\"@id\":\"https:\/\/aivlisoft.net\/shop\/producto\/zyxel-gs1200-5-switch-5xgb-metal\/#primaryimage\"},\"image\":{\"@id\":\"https:\/\/aivlisoft.net\/shop\/producto\/zyxel-gs1200-5-switch-5xgb-metal\/#primaryimage\"},\"thumbnailUrl\":\"https:\/\/aivlisoft.net\/shop\/wp-content\/uploads\/2025\/01\/NSWSSO0228_800.jpg\",\"datePublished\":\"2025-01-13T15:50:35+00:00\",\"dateModified\":\"2025-01-14T11:54:34+00:00\",\"breadcrumb\":{\"@id\":\"https:\/\/aivlisoft.net\/shop\/producto\/zyxel-gs1200-5-switch-5xgb-metal\/#breadcrumb\"},\"inLanguage\":\"es\",\"potentialAction\":[{\"@type\":\"ReadAction\",\"target\":[\"https:\/\/aivlisoft.net\/shop\/producto\/zyxel-gs1200-5-switch-5xgb-metal\/\"]}]},{\"@type\":\"ImageObject\",\"inLanguage\":\"es\",\"@id\":\"https:\/\/aivlisoft.net\/shop\/producto\/zyxel-gs1200-5-switch-5xgb-metal\/#primaryimage\",\"url\":\"https:\/\/aivlisoft.net\/shop\/wp-content\/uploads\/2025\/01\/NSWSSO0228_800.jpg\",\"contentUrl\":\"https:\/\/aivlisoft.net\/shop\/wp-content\/uploads\/2025\/01\/NSWSSO0228_800.jpg\",\"width\":800,\"height\":800},{\"@type\":\"BreadcrumbList\",\"@id\":\"https:\/\/aivlisoft.net\/shop\/producto\/zyxel-gs1200-5-switch-5xgb-metal\/#breadcrumb\",\"itemListElement\":[{\"@type\":\"ListItem\",\"position\":1,\"name\":\"Portada\",\"item\":\"https:\/\/aivlisoft.net\/shop\/\"},{\"@type\":\"ListItem\",\"position\":2,\"name\":\"Tienda\",\"item\":\"https:\/\/aivlisoft.net\/shop\/tienda\/\"},{\"@type\":\"ListItem\",\"position\":3,\"name\":\"ZyXEL GS1200-5 Switch 5xGB Metal\"}]},{\"@type\":\"WebSite\",\"@id\":\"https:\/\/aivlisoft.net\/shop\/#website\",\"url\":\"https:\/\/aivlisoft.net\/shop\/\",\"name\":\"Aivlisoft Inform\u00e1tica\",\"description\":\"En Aivlisoft Inform\u00e1tica ofrecemos soluciones tecnol\u00f3gicas para empresas: venta de ordenadores, consumibles, perif\u00e9ricos y m\u00e1s. Calidad, atenci\u00f3n personalizada y los mejores precios para tu negocio.\",\"publisher\":{\"@id\":\"https:\/\/aivlisoft.net\/shop\/#organization\"},\"potentialAction\":[{\"@type\":\"SearchAction\",\"target\":{\"@type\":\"EntryPoint\",\"urlTemplate\":\"https:\/\/aivlisoft.net\/shop\/?s={search_term_string}\"},\"query-input\":{\"@type\":\"PropertyValueSpecification\",\"valueRequired\":true,\"valueName\":\"search_term_string\"}}],\"inLanguage\":\"es\"},{\"@type\":\"Organization\",\"@id\":\"https:\/\/aivlisoft.net\/shop\/#organization\",\"name\":\"Aivlisoft Inform\u00e1tica\",\"url\":\"https:\/\/aivlisoft.net\/shop\/\",\"logo\":{\"@type\":\"ImageObject\",\"inLanguage\":\"es\",\"@id\":\"https:\/\/aivlisoft.net\/shop\/#\/schema\/logo\/image\/\",\"url\":\"https:\/\/aivlisoft.net\/shop\/wp-content\/uploads\/2024\/12\/removal.ai_5b848c54-0cdf-4140-95c5-c5536bb7573b-logodef.png\",\"contentUrl\":\"https:\/\/aivlisoft.net\/shop\/wp-content\/uploads\/2024\/12\/removal.ai_5b848c54-0cdf-4140-95c5-c5536bb7573b-logodef.png\",\"width\":484,\"height\":182,\"caption\":\"Aivlisoft Inform\u00e1tica\"},\"image\":{\"@id\":\"https:\/\/aivlisoft.net\/shop\/#\/schema\/logo\/image\/\"}}]}<\/script>\n<!-- \/ Yoast SEO plugin. -->","yoast_head_json":{"title":"ZyXEL GS1200-5 Switch 5xGB Metal - Aivlisoft Inform\u00e1tica","robots":{"index":"index","follow":"follow","max-snippet":"max-snippet:-1","max-image-preview":"max-image-preview:large","max-video-preview":"max-video-preview:-1"},"canonical":"https:\/\/aivlisoft.net\/shop\/producto\/zyxel-gs1200-5-switch-5xgb-metal\/","og_locale":"es_ES","og_type":"article","og_title":"ZyXEL GS1200-5 Switch 5xGB Metal - Aivlisoft Inform\u00e1tica","og_description":"Marca ZyXEL Modelo GS1200-5-EU0101F Puertos &#8211; 5 x 10\/100\/1000 Caracter&iacute;sticas &#8211; Tipo de dispositivo: Conmutador &#8211; 5 puertos &#8211; Gestionado&#8211; Tipo incluido: Sobremesa&#8211; Subtipo: Gigabit Ethernet&#8211; Rendimiento: Capacidad de conmutaci&oacute;n: 10 Gbps&#8211; Capacidad: Grupos de multidifusi&oacute;n: 128&#8211; Tama&ntilde;o de tabla de direcci&oacute;n MAC: 2K de entradas&#8211; Admite carcasa Jumbo: 9KB&#8211; Protocolo de direccionamiento: IGMPv2, IGMP,&hellip;&nbsp;ZyXEL GS1200-5 Switch 5xGB Metal","og_url":"https:\/\/aivlisoft.net\/shop\/producto\/zyxel-gs1200-5-switch-5xgb-metal\/","og_site_name":"Aivlisoft Inform\u00e1tica","article_modified_time":"2025-01-14T11:54:34+00:00","og_image":[{"width":800,"height":800,"url":"https:\/\/aivlisoft.net\/shop\/wp-content\/uploads\/2025\/01\/NSWSSO0228_800.jpg","type":"image\/jpeg"}],"twitter_card":"summary_large_image","twitter_misc":{"Tiempo de lectura":"2 minutos"},"schema":{"@context":"https:\/\/schema.org","@graph":[{"@type":"WebPage","@id":"https:\/\/aivlisoft.net\/shop\/producto\/zyxel-gs1200-5-switch-5xgb-metal\/","url":"https:\/\/aivlisoft.net\/shop\/producto\/zyxel-gs1200-5-switch-5xgb-metal\/","name":"ZyXEL GS1200-5 Switch 5xGB Metal - Aivlisoft Inform\u00e1tica","isPartOf":{"@id":"https:\/\/aivlisoft.net\/shop\/#website"},"primaryImageOfPage":{"@id":"https:\/\/aivlisoft.net\/shop\/producto\/zyxel-gs1200-5-switch-5xgb-metal\/#primaryimage"},"image":{"@id":"https:\/\/aivlisoft.net\/shop\/producto\/zyxel-gs1200-5-switch-5xgb-metal\/#primaryimage"},"thumbnailUrl":"https:\/\/aivlisoft.net\/shop\/wp-content\/uploads\/2025\/01\/NSWSSO0228_800.jpg","datePublished":"2025-01-13T15:50:35+00:00","dateModified":"2025-01-14T11:54:34+00:00","breadcrumb":{"@id":"https:\/\/aivlisoft.net\/shop\/producto\/zyxel-gs1200-5-switch-5xgb-metal\/#breadcrumb"},"inLanguage":"es","potentialAction":[{"@type":"ReadAction","target":["https:\/\/aivlisoft.net\/shop\/producto\/zyxel-gs1200-5-switch-5xgb-metal\/"]}]},{"@type":"ImageObject","inLanguage":"es","@id":"https:\/\/aivlisoft.net\/shop\/producto\/zyxel-gs1200-5-switch-5xgb-metal\/#primaryimage","url":"https:\/\/aivlisoft.net\/shop\/wp-content\/uploads\/2025\/01\/NSWSSO0228_800.jpg","contentUrl":"https:\/\/aivlisoft.net\/shop\/wp-content\/uploads\/2025\/01\/NSWSSO0228_800.jpg","width":800,"height":800},{"@type":"BreadcrumbList","@id":"https:\/\/aivlisoft.net\/shop\/producto\/zyxel-gs1200-5-switch-5xgb-metal\/#breadcrumb","itemListElement":[{"@type":"ListItem","position":1,"name":"Portada","item":"https:\/\/aivlisoft.net\/shop\/"},{"@type":"ListItem","position":2,"name":"Tienda","item":"https:\/\/aivlisoft.net\/shop\/tienda\/"},{"@type":"ListItem","position":3,"name":"ZyXEL GS1200-5 Switch 5xGB Metal"}]},{"@type":"WebSite","@id":"https:\/\/aivlisoft.net\/shop\/#website","url":"https:\/\/aivlisoft.net\/shop\/","name":"Aivlisoft Inform\u00e1tica","description":"En Aivlisoft Inform\u00e1tica ofrecemos soluciones tecnol\u00f3gicas para empresas: venta de ordenadores, consumibles, perif\u00e9ricos y m\u00e1s. Calidad, atenci\u00f3n personalizada y los mejores precios para tu negocio.","publisher":{"@id":"https:\/\/aivlisoft.net\/shop\/#organization"},"potentialAction":[{"@type":"SearchAction","target":{"@type":"EntryPoint","urlTemplate":"https:\/\/aivlisoft.net\/shop\/?s={search_term_string}"},"query-input":{"@type":"PropertyValueSpecification","valueRequired":true,"valueName":"search_term_string"}}],"inLanguage":"es"},{"@type":"Organization","@id":"https:\/\/aivlisoft.net\/shop\/#organization","name":"Aivlisoft Inform\u00e1tica","url":"https:\/\/aivlisoft.net\/shop\/","logo":{"@type":"ImageObject","inLanguage":"es","@id":"https:\/\/aivlisoft.net\/shop\/#\/schema\/logo\/image\/","url":"https:\/\/aivlisoft.net\/shop\/wp-content\/uploads\/2024\/12\/removal.ai_5b848c54-0cdf-4140-95c5-c5536bb7573b-logodef.png","contentUrl":"https:\/\/aivlisoft.net\/shop\/wp-content\/uploads\/2024\/12\/removal.ai_5b848c54-0cdf-4140-95c5-c5536bb7573b-logodef.png","width":484,"height":182,"caption":"Aivlisoft Inform\u00e1tica"},"image":{"@id":"https:\/\/aivlisoft.net\/shop\/#\/schema\/logo\/image\/"}}]}},"_links":{"self":[{"href":"https:\/\/aivlisoft.net\/shop\/wp-json\/wp\/v2\/product\/21132","targetHints":{"allow":["GET"]}}],"collection":[{"href":"https:\/\/aivlisoft.net\/shop\/wp-json\/wp\/v2\/product"}],"about":[{"href":"https:\/\/aivlisoft.net\/shop\/wp-json\/wp\/v2\/types\/product"}],"wp:featuredmedia":[{"embeddable":true,"href":"https:\/\/aivlisoft.net\/shop\/wp-json\/wp\/v2\/media\/21133"}],"wp:attachment":[{"href":"https:\/\/aivlisoft.net\/shop\/wp-json\/wp\/v2\/media?parent=21132"}],"wp:term":[{"taxonomy":"product_brand","embeddable":true,"href":"https:\/\/aivlisoft.net\/shop\/wp-json\/wp\/v2\/product_brand?post=21132"},{"taxonomy":"product_cat","embeddable":true,"href":"https:\/\/aivlisoft.net\/shop\/wp-json\/wp\/v2\/product_cat?post=21132"},{"taxonomy":"product_tag","embeddable":true,"href":"https:\/\/aivlisoft.net\/shop\/wp-json\/wp\/v2\/product_tag?post=21132"}],"curies":[{"name":"wp","href":"https:\/\/api.w.org\/{rel}","templated":true}]}}