{"id":21106,"date":"2025-01-13T15:50:17","date_gmt":"2025-01-13T15:50:17","guid":{"rendered":"https:\/\/aivlisoft.com\/?post_type=product&#038;p=21106"},"modified":"2025-01-14T11:54:24","modified_gmt":"2025-01-14T11:54:24","slug":"d-link-dgs-1008mp-switch-8xgb-poe","status":"publish","type":"product","link":"https:\/\/aivlisoft.net\/shop\/producto\/d-link-dgs-1008mp-switch-8xgb-poe\/","title":{"rendered":"D-Link DGS-1008MP Switch 8xGB PoE"},"content":{"rendered":"<p>Todo un despliegue de versatilidad en el &aacute;mbito de los switches PoE (Alimentaci&oacute;n por la red Ethernet LAN) esta belleza compacta ofrece PoE a 802.3af\/at est&aacute;ndar en ocho puertos Ethernet Gigabit, con un m&aacute;ximo de 30 vatios por puerto y un PoE Budget total de 140 vatios. Lo cual, en pocas palabras, significa aumentar la flexibilidad de su red, ya que puede alimentar por el cable de red Ethernet LAN dispositivos PoE tales como puntos de acceso, tel&eacute;fonos IP y c&aacute;maras de videovigilancia, sin necesidad de alimentaci&oacute;n el&eacute;ctrica adicional.<\/p>\n<table>\n<tbody>\n<tr>\n<td><strong>Marca<\/strong><\/td>\n<td>D-Link<\/td>\n<\/tr>\n<tr>\n<td><strong>Modelo<\/strong><\/td>\n<td><strong>DGS-1008MP<\/strong><\/td>\n<\/tr>\n<tr>\n<td><strong>Caracteristicas<\/strong><\/td>\n<td><strong>Tama&ntilde;o<\/strong><br \/>&#8211; 11&#8243; Escritorio\/Montaje rack, 1U de altura<br \/><strong>Numero de puertos<\/strong><br \/>&#8211; 8 x puertos 10\/100\/1000 Mbps<br \/><strong>Standards &amp; Funciones<\/strong><br \/>&#8211; IEEE 802.3i 10BASE-T Ethernet<br \/>&#8211; IEEE 802.3u 100BASE-TX Fast Ethernet<br \/>&#8211; IEEE 802.3ab 1000BASE-T Gigabit Ethernet<br \/>&#8211; IEEE 802.3at Power over Ethernet<br \/>&#8211; IEEE 802.3az Energy Efficient Ethernet<br \/>&#8211; IEEE 802.3x Flow Control supports half\/full duplex mode<br \/>&#8211; ANSI\/IEEE 802.3 NWay auto-negotiation<br \/><strong>Capacidad de conmutaci&oacute;n<\/strong><br \/>&#8211; 16 Gbps tejido de conmutaci&oacute;n<br \/><strong>Cambio de la interfaz de medios<\/strong><br \/>&#8211; Auto MDI \/ MDI-X<br \/><strong>M&eacute;todo de transmisi&oacute;n<\/strong><br \/>&#8211; Almacenamiento y reenvio<br \/><strong>Tabla de direcciones MAC<\/strong><br \/>&#8211; entradas 8K por dispositivo<br \/><strong>Memoria de b&uacute;fer de paquetes<\/strong><br \/>&#8211; 128 KB por dispositivo<br \/><strong>Filtrado de paquetes \/ transmisi&oacute;n de las tasas<\/strong><br \/>&#8211; Ethernet: 14,880 pps por puerto<br \/>&#8211; Fast Ethernet: 148.800 pps por puerto<br \/>&#8211; Gigabit Ethernet: 1.488.000 pps por puerto<br \/><strong>Transferencia de datos de tarifas<\/strong><br \/>&#8211; Ethernet<br \/>&#8211; 10 Mbps (semid&uacute;plex)<br \/>&#8211; 20 Mbps (full-duplex)<br \/>&#8211; Fast Ethernet<br \/>&#8211; 100 Mbps (semid&uacute;plex)<br \/>&#8211; 200 Mbps (full-duplex)<br \/>&#8211; Gigabit Ethernet<br \/>&#8211; 2000 Mbps (full-duplex)<br \/><strong>Cables de red<\/strong><br \/>&#8211; 10BASE-T:<br \/>&#8211; UTP CAT 3\/4\/5 \/ 5e (100 m m&aacute;x.)<br \/>&#8211; EIA \/ TIA-586 de 100 ohmios STP (100 m&aacute;x.)<br \/>&#8211; 100BASE-TX<br \/>&#8211; UTP CAT 5 \/ 5e (100 m m&aacute;x.)<br \/>&#8211; EIA \/ TIA-568 de 100 ohmios STP (100 m&aacute;x.)<br \/>&#8211; 1000BASE-T<br \/>&#8211; UTP CAT 5 \/ 5e (100 m m&aacute;x.)<br \/>&#8211; EIA \/ TIA-568 de 100 ohmios STP (100 m&aacute;x.)<br \/><strong>LEDs<\/strong><br \/>&#8211; Por puerto: Actividad \/ Enlace y velocidad<br \/>&#8211; Por puerto: Alimentaci&oacute;n \/ Estado<br \/>&#8211; PoE Max 1: 1-4 Puertos<br \/>&#8211; PoE Max 2: 5-8 Puertos<br \/><strong>Dimensiones<\/strong><br \/>&#8211; 280 mm x 180 mm x 44 mm<br \/><strong>Entrada de alimentaci&oacute;n<\/strong><br \/>&#8211; Entrada de CA: 100 a 240 V AC, 50\/60 Hz<br \/><strong>Presupuesto m&aacute;ximo PoE<\/strong><br \/>&#8211; 140 vatios<br \/><strong>El consumo de energ&iacute;a<\/strong><br \/>&#8211; 13.5 W (PoE apagado)<br \/>&#8211; 151 W (PoE en)<br \/>&#8211; PoE hasta 30 W\/min puerto<br \/><strong>Temperatura<\/strong><br \/>&#8211; En funcionamiento: 0 a 40 &deg; C<br \/>&#8211; Almacenamiento: -10 a 70 &deg; C<br \/><strong>Humedad<\/strong><br \/>&#8211; En funcionamiento: 0% a 95% HR sin condensaci&oacute;n<br \/>&#8211; Almacenamiento: 5% a 95% HR sin condensaci&oacute;n<br \/><strong>EMI<\/strong><br \/>&#8211; CE Clase A<br \/>&#8211; FCC Clase A<br \/>&#8211; Clase A VCCI<br \/>&#8211; Clase A CCC<br \/>&#8211; BSMI Clase A<br \/><strong>La seguridad<\/strong><br \/>&#8211; cUL<br \/>&#8211; CB<br \/>&#8211; LVD<br \/>&#8211; CCC<br \/>&#8211; BSMI<\/td>\n<\/tr>\n<tr>\n<td><strong>Fecha de revisi&oacute;n<\/strong><\/td>\n<td>06-10-2016 por MSB<\/td>\n<\/tr>\n<\/tbody>\n<\/table>\n","protected":false},"excerpt":{"rendered":"<p>Todo un despliegue de versatilidad en el &aacute;mbito de los switches PoE (Alimentaci&oacute;n por la red Ethernet LAN) esta belleza compacta ofrece PoE a 802.3af\/at est&aacute;ndar en ocho puertos Ethernet Gigabit, con un m&aacute;ximo de 30 vatios por puerto y un PoE Budget total de 140 vatios. Lo cual, en pocas palabras, significa aumentar la&hellip;&nbsp;<a href=\"https:\/\/aivlisoft.net\/shop\/producto\/d-link-dgs-1008mp-switch-8xgb-poe\/\" rel=\"bookmark\"><span class=\"screen-reader-text\">D-Link DGS-1008MP Switch 8xGB PoE<\/span><\/a><\/p>\n","protected":false},"featured_media":21107,"template":"","meta":{"neve_meta_sidebar":"","neve_meta_container":"","neve_meta_enable_content_width":"","neve_meta_content_width":0,"neve_meta_title_alignment":"","neve_meta_author_avatar":"","neve_post_elements_order":"","neve_meta_disable_header":"","neve_meta_disable_footer":"","neve_meta_disable_title":""},"product_brand":[],"product_cat":[8773],"product_tag":[7484],"class_list":{"0":"post-21106","1":"product","2":"type-product","3":"status-publish","4":"has-post-thumbnail","6":"product_cat-switches-sobremesa","7":"product_tag-dgs-1008mp","9":"first","10":"instock","11":"taxable","12":"shipping-taxable","13":"purchasable","14":"product-type-simple"},"yoast_head":"<!-- This site is optimized with the Yoast SEO plugin v26.0 - https:\/\/yoast.com\/wordpress\/plugins\/seo\/ -->\n<title>D-Link DGS-1008MP Switch 8xGB PoE - Aivlisoft Inform\u00e1tica<\/title>\n<meta name=\"robots\" content=\"index, follow, max-snippet:-1, max-image-preview:large, max-video-preview:-1\" \/>\n<link rel=\"canonical\" href=\"https:\/\/aivlisoft.net\/shop\/producto\/d-link-dgs-1008mp-switch-8xgb-poe\/\" \/>\n<meta property=\"og:locale\" content=\"es_ES\" \/>\n<meta property=\"og:type\" content=\"article\" \/>\n<meta property=\"og:title\" content=\"D-Link DGS-1008MP Switch 8xGB PoE - Aivlisoft Inform\u00e1tica\" \/>\n<meta property=\"og:description\" content=\"Todo un despliegue de versatilidad en el &aacute;mbito de los switches PoE (Alimentaci&oacute;n por la red Ethernet LAN) esta belleza compacta ofrece PoE a 802.3af\/at est&aacute;ndar en ocho puertos Ethernet Gigabit, con un m&aacute;ximo de 30 vatios por puerto y un PoE Budget total de 140 vatios. Lo cual, en pocas palabras, significa aumentar la&hellip;&nbsp;D-Link DGS-1008MP Switch 8xGB PoE\" \/>\n<meta property=\"og:url\" content=\"https:\/\/aivlisoft.net\/shop\/producto\/d-link-dgs-1008mp-switch-8xgb-poe\/\" \/>\n<meta property=\"og:site_name\" content=\"Aivlisoft Inform\u00e1tica\" \/>\n<meta property=\"article:modified_time\" content=\"2025-01-14T11:54:24+00:00\" \/>\n<meta property=\"og:image\" content=\"https:\/\/aivlisoft.net\/shop\/wp-content\/uploads\/2025\/01\/NSWSSO0197_800.jpg\" \/>\n\t<meta property=\"og:image:width\" content=\"800\" \/>\n\t<meta property=\"og:image:height\" content=\"800\" \/>\n\t<meta property=\"og:image:type\" content=\"image\/jpeg\" \/>\n<meta name=\"twitter:card\" content=\"summary_large_image\" \/>\n<meta name=\"twitter:label1\" content=\"Tiempo de lectura\" \/>\n\t<meta name=\"twitter:data1\" content=\"2 minutos\" \/>\n<script type=\"application\/ld+json\" class=\"yoast-schema-graph\">{\"@context\":\"https:\/\/schema.org\",\"@graph\":[{\"@type\":\"WebPage\",\"@id\":\"https:\/\/aivlisoft.net\/shop\/producto\/d-link-dgs-1008mp-switch-8xgb-poe\/\",\"url\":\"https:\/\/aivlisoft.net\/shop\/producto\/d-link-dgs-1008mp-switch-8xgb-poe\/\",\"name\":\"D-Link DGS-1008MP Switch 8xGB PoE - Aivlisoft Inform\u00e1tica\",\"isPartOf\":{\"@id\":\"https:\/\/aivlisoft.net\/shop\/#website\"},\"primaryImageOfPage\":{\"@id\":\"https:\/\/aivlisoft.net\/shop\/producto\/d-link-dgs-1008mp-switch-8xgb-poe\/#primaryimage\"},\"image\":{\"@id\":\"https:\/\/aivlisoft.net\/shop\/producto\/d-link-dgs-1008mp-switch-8xgb-poe\/#primaryimage\"},\"thumbnailUrl\":\"https:\/\/aivlisoft.net\/shop\/wp-content\/uploads\/2025\/01\/NSWSSO0197_800.jpg\",\"datePublished\":\"2025-01-13T15:50:17+00:00\",\"dateModified\":\"2025-01-14T11:54:24+00:00\",\"breadcrumb\":{\"@id\":\"https:\/\/aivlisoft.net\/shop\/producto\/d-link-dgs-1008mp-switch-8xgb-poe\/#breadcrumb\"},\"inLanguage\":\"es\",\"potentialAction\":[{\"@type\":\"ReadAction\",\"target\":[\"https:\/\/aivlisoft.net\/shop\/producto\/d-link-dgs-1008mp-switch-8xgb-poe\/\"]}]},{\"@type\":\"ImageObject\",\"inLanguage\":\"es\",\"@id\":\"https:\/\/aivlisoft.net\/shop\/producto\/d-link-dgs-1008mp-switch-8xgb-poe\/#primaryimage\",\"url\":\"https:\/\/aivlisoft.net\/shop\/wp-content\/uploads\/2025\/01\/NSWSSO0197_800.jpg\",\"contentUrl\":\"https:\/\/aivlisoft.net\/shop\/wp-content\/uploads\/2025\/01\/NSWSSO0197_800.jpg\",\"width\":800,\"height\":800},{\"@type\":\"BreadcrumbList\",\"@id\":\"https:\/\/aivlisoft.net\/shop\/producto\/d-link-dgs-1008mp-switch-8xgb-poe\/#breadcrumb\",\"itemListElement\":[{\"@type\":\"ListItem\",\"position\":1,\"name\":\"Portada\",\"item\":\"https:\/\/aivlisoft.net\/shop\/\"},{\"@type\":\"ListItem\",\"position\":2,\"name\":\"Tienda\",\"item\":\"https:\/\/aivlisoft.net\/shop\/tienda\/\"},{\"@type\":\"ListItem\",\"position\":3,\"name\":\"D-Link DGS-1008MP Switch 8xGB PoE\"}]},{\"@type\":\"WebSite\",\"@id\":\"https:\/\/aivlisoft.net\/shop\/#website\",\"url\":\"https:\/\/aivlisoft.net\/shop\/\",\"name\":\"Aivlisoft Inform\u00e1tica\",\"description\":\"En Aivlisoft Inform\u00e1tica ofrecemos soluciones tecnol\u00f3gicas para empresas: venta de ordenadores, consumibles, perif\u00e9ricos y m\u00e1s. Calidad, atenci\u00f3n personalizada y los mejores precios para tu negocio.\",\"publisher\":{\"@id\":\"https:\/\/aivlisoft.net\/shop\/#organization\"},\"potentialAction\":[{\"@type\":\"SearchAction\",\"target\":{\"@type\":\"EntryPoint\",\"urlTemplate\":\"https:\/\/aivlisoft.net\/shop\/?s={search_term_string}\"},\"query-input\":{\"@type\":\"PropertyValueSpecification\",\"valueRequired\":true,\"valueName\":\"search_term_string\"}}],\"inLanguage\":\"es\"},{\"@type\":\"Organization\",\"@id\":\"https:\/\/aivlisoft.net\/shop\/#organization\",\"name\":\"Aivlisoft Inform\u00e1tica\",\"url\":\"https:\/\/aivlisoft.net\/shop\/\",\"logo\":{\"@type\":\"ImageObject\",\"inLanguage\":\"es\",\"@id\":\"https:\/\/aivlisoft.net\/shop\/#\/schema\/logo\/image\/\",\"url\":\"https:\/\/aivlisoft.net\/shop\/wp-content\/uploads\/2024\/12\/removal.ai_5b848c54-0cdf-4140-95c5-c5536bb7573b-logodef.png\",\"contentUrl\":\"https:\/\/aivlisoft.net\/shop\/wp-content\/uploads\/2024\/12\/removal.ai_5b848c54-0cdf-4140-95c5-c5536bb7573b-logodef.png\",\"width\":484,\"height\":182,\"caption\":\"Aivlisoft Inform\u00e1tica\"},\"image\":{\"@id\":\"https:\/\/aivlisoft.net\/shop\/#\/schema\/logo\/image\/\"}}]}<\/script>\n<!-- \/ Yoast SEO plugin. -->","yoast_head_json":{"title":"D-Link DGS-1008MP Switch 8xGB PoE - Aivlisoft Inform\u00e1tica","robots":{"index":"index","follow":"follow","max-snippet":"max-snippet:-1","max-image-preview":"max-image-preview:large","max-video-preview":"max-video-preview:-1"},"canonical":"https:\/\/aivlisoft.net\/shop\/producto\/d-link-dgs-1008mp-switch-8xgb-poe\/","og_locale":"es_ES","og_type":"article","og_title":"D-Link DGS-1008MP Switch 8xGB PoE - Aivlisoft Inform\u00e1tica","og_description":"Todo un despliegue de versatilidad en el &aacute;mbito de los switches PoE (Alimentaci&oacute;n por la red Ethernet LAN) esta belleza compacta ofrece PoE a 802.3af\/at est&aacute;ndar en ocho puertos Ethernet Gigabit, con un m&aacute;ximo de 30 vatios por puerto y un PoE Budget total de 140 vatios. Lo cual, en pocas palabras, significa aumentar la&hellip;&nbsp;D-Link DGS-1008MP Switch 8xGB PoE","og_url":"https:\/\/aivlisoft.net\/shop\/producto\/d-link-dgs-1008mp-switch-8xgb-poe\/","og_site_name":"Aivlisoft Inform\u00e1tica","article_modified_time":"2025-01-14T11:54:24+00:00","og_image":[{"width":800,"height":800,"url":"https:\/\/aivlisoft.net\/shop\/wp-content\/uploads\/2025\/01\/NSWSSO0197_800.jpg","type":"image\/jpeg"}],"twitter_card":"summary_large_image","twitter_misc":{"Tiempo de lectura":"2 minutos"},"schema":{"@context":"https:\/\/schema.org","@graph":[{"@type":"WebPage","@id":"https:\/\/aivlisoft.net\/shop\/producto\/d-link-dgs-1008mp-switch-8xgb-poe\/","url":"https:\/\/aivlisoft.net\/shop\/producto\/d-link-dgs-1008mp-switch-8xgb-poe\/","name":"D-Link DGS-1008MP Switch 8xGB PoE - Aivlisoft Inform\u00e1tica","isPartOf":{"@id":"https:\/\/aivlisoft.net\/shop\/#website"},"primaryImageOfPage":{"@id":"https:\/\/aivlisoft.net\/shop\/producto\/d-link-dgs-1008mp-switch-8xgb-poe\/#primaryimage"},"image":{"@id":"https:\/\/aivlisoft.net\/shop\/producto\/d-link-dgs-1008mp-switch-8xgb-poe\/#primaryimage"},"thumbnailUrl":"https:\/\/aivlisoft.net\/shop\/wp-content\/uploads\/2025\/01\/NSWSSO0197_800.jpg","datePublished":"2025-01-13T15:50:17+00:00","dateModified":"2025-01-14T11:54:24+00:00","breadcrumb":{"@id":"https:\/\/aivlisoft.net\/shop\/producto\/d-link-dgs-1008mp-switch-8xgb-poe\/#breadcrumb"},"inLanguage":"es","potentialAction":[{"@type":"ReadAction","target":["https:\/\/aivlisoft.net\/shop\/producto\/d-link-dgs-1008mp-switch-8xgb-poe\/"]}]},{"@type":"ImageObject","inLanguage":"es","@id":"https:\/\/aivlisoft.net\/shop\/producto\/d-link-dgs-1008mp-switch-8xgb-poe\/#primaryimage","url":"https:\/\/aivlisoft.net\/shop\/wp-content\/uploads\/2025\/01\/NSWSSO0197_800.jpg","contentUrl":"https:\/\/aivlisoft.net\/shop\/wp-content\/uploads\/2025\/01\/NSWSSO0197_800.jpg","width":800,"height":800},{"@type":"BreadcrumbList","@id":"https:\/\/aivlisoft.net\/shop\/producto\/d-link-dgs-1008mp-switch-8xgb-poe\/#breadcrumb","itemListElement":[{"@type":"ListItem","position":1,"name":"Portada","item":"https:\/\/aivlisoft.net\/shop\/"},{"@type":"ListItem","position":2,"name":"Tienda","item":"https:\/\/aivlisoft.net\/shop\/tienda\/"},{"@type":"ListItem","position":3,"name":"D-Link DGS-1008MP Switch 8xGB PoE"}]},{"@type":"WebSite","@id":"https:\/\/aivlisoft.net\/shop\/#website","url":"https:\/\/aivlisoft.net\/shop\/","name":"Aivlisoft Inform\u00e1tica","description":"En Aivlisoft Inform\u00e1tica ofrecemos soluciones tecnol\u00f3gicas para empresas: venta de ordenadores, consumibles, perif\u00e9ricos y m\u00e1s. Calidad, atenci\u00f3n personalizada y los mejores precios para tu negocio.","publisher":{"@id":"https:\/\/aivlisoft.net\/shop\/#organization"},"potentialAction":[{"@type":"SearchAction","target":{"@type":"EntryPoint","urlTemplate":"https:\/\/aivlisoft.net\/shop\/?s={search_term_string}"},"query-input":{"@type":"PropertyValueSpecification","valueRequired":true,"valueName":"search_term_string"}}],"inLanguage":"es"},{"@type":"Organization","@id":"https:\/\/aivlisoft.net\/shop\/#organization","name":"Aivlisoft Inform\u00e1tica","url":"https:\/\/aivlisoft.net\/shop\/","logo":{"@type":"ImageObject","inLanguage":"es","@id":"https:\/\/aivlisoft.net\/shop\/#\/schema\/logo\/image\/","url":"https:\/\/aivlisoft.net\/shop\/wp-content\/uploads\/2024\/12\/removal.ai_5b848c54-0cdf-4140-95c5-c5536bb7573b-logodef.png","contentUrl":"https:\/\/aivlisoft.net\/shop\/wp-content\/uploads\/2024\/12\/removal.ai_5b848c54-0cdf-4140-95c5-c5536bb7573b-logodef.png","width":484,"height":182,"caption":"Aivlisoft Inform\u00e1tica"},"image":{"@id":"https:\/\/aivlisoft.net\/shop\/#\/schema\/logo\/image\/"}}]}},"_links":{"self":[{"href":"https:\/\/aivlisoft.net\/shop\/wp-json\/wp\/v2\/product\/21106","targetHints":{"allow":["GET"]}}],"collection":[{"href":"https:\/\/aivlisoft.net\/shop\/wp-json\/wp\/v2\/product"}],"about":[{"href":"https:\/\/aivlisoft.net\/shop\/wp-json\/wp\/v2\/types\/product"}],"wp:featuredmedia":[{"embeddable":true,"href":"https:\/\/aivlisoft.net\/shop\/wp-json\/wp\/v2\/media\/21107"}],"wp:attachment":[{"href":"https:\/\/aivlisoft.net\/shop\/wp-json\/wp\/v2\/media?parent=21106"}],"wp:term":[{"taxonomy":"product_brand","embeddable":true,"href":"https:\/\/aivlisoft.net\/shop\/wp-json\/wp\/v2\/product_brand?post=21106"},{"taxonomy":"product_cat","embeddable":true,"href":"https:\/\/aivlisoft.net\/shop\/wp-json\/wp\/v2\/product_cat?post=21106"},{"taxonomy":"product_tag","embeddable":true,"href":"https:\/\/aivlisoft.net\/shop\/wp-json\/wp\/v2\/product_tag?post=21106"}],"curies":[{"name":"wp","href":"https:\/\/api.w.org\/{rel}","templated":true}]}}