{"id":21099,"date":"2025-01-13T15:50:13","date_gmt":"2025-01-13T15:50:13","guid":{"rendered":"https:\/\/aivlisoft.com\/?post_type=product&#038;p=21099"},"modified":"2025-01-14T11:54:23","modified_gmt":"2025-01-14T11:54:23","slug":"zyxel-gs-108bv3-switch-8xgb-metal","status":"publish","type":"product","link":"https:\/\/aivlisoft.net\/shop\/producto\/zyxel-gs-108bv3-switch-8xgb-metal\/","title":{"rendered":"ZyXEL GS-108BV3 Switch 8xGB Metal"},"content":{"rendered":"<div>\n<div><strong>Optimizado para VoIP fluida y el intercambio de datos<\/strong><br \/>El ZyXEL GS-108B v3 Switch de sobremesa de 5 puertos Gigabit Ethernet conecta los dispositivos de red y la red dom&eacute;stica a una velocidad vertiginosa Gigabit. Los puertos de QoS de nuevo dise&ntilde;o garantizan una transferencia suave para aplicaciones intensivas de ancho de banda como VoIP y comunicaciones de datos. Conecte los dispositivos de red tales como tel&eacute;fonos IP, PCs, ordenadores port&aacute;tiles o almacenamientos de red a la alta prioridad o puertos de prioridad media de su elecci&oacute;n.<\/div>\n<div><strong>Switch robusto y compacto con dise&ntilde;o elegante de montaje en pared<\/strong><br \/>La versi&oacute;n 3 GS-105B se adapta a cualquier entorno. Independientemente de escritorio o instalaci&oacute;n en la pared, su dise&ntilde;o robusto y compacto proporciona una mayor flexibilidad para las redes dom&eacute;sticas inal&aacute;mbricas.<\/div>\n<div><strong>Conectividad por cable r&aacute;pida y confiable<\/strong><br \/>Sin ninguna configuraci&oacute;n manual, la versi&oacute;n 3 GS-105B puede aumentar la velocidad de transferencia de datos para dispositivos de red conectados, como tel&eacute;fonos IP, almacenes de red, PCs y port&aacute;tiles a la red a velocidad Gigabit incre&iacute;blemente r&aacute;pido.<\/div>\n<div><strong>Un switch verde que ahorra energ&iacute;a<\/strong><br \/>Compatible con el est&aacute;ndar IEEE Ethernet de eficiencia energ&eacute;tica 802.3az, la versi&oacute;n 3 del GS-105B proporciona beneficios de ahorro de energ&iacute;a sin comprometer el rendimiento. El GS-105B v3 puede ajustar autom&aacute;ticamente el consumo de energ&iacute;a de acuerdo con el n&uacute;mero de dispositivos de red conectados, activos y la longitud del cable; es decir, consume menos energ&iacute;a cuando hay pocos dispositivos de red conectados y activos, o cuando la longitud del cable Ethernet es m&aacute;s corto.<\/div>\n<div>&nbsp;<\/div>\n<\/div>\n<p><\/p>\n<table class=\"tabla_caracteristicas\" width=\"100%\">\n<tbody>\n<tr>\n<td><strong>Marca<\/strong><\/td>\n<td>ZyXEL<\/td>\n<\/tr>\n<tr>\n<td valign=\"top\"><strong>Modelo<\/strong><\/td>\n<td><strong>GS-108BV3-EU0101F<\/strong><\/td>\n<\/tr>\n<tr>\n<td valign=\"top\"><strong>Puertos<\/strong><\/td>\n<td>\n<div>&#8211; 8 x RJ-45 10\/100\/1000 Mbps puertos Ethernet<\/div>\n<div>&nbsp; con soporte auto MDI\/MDIX<br \/>\t\t\t&#8211; Puertos QoS:<br \/>\t\t\t&nbsp; 2 x High-priority QoS<br \/>\t\t\t&nbsp; 2 x Medium-priority QoS<\/div>\n<\/td>\n<\/tr>\n<tr>\n<td valign=\"top\">\n<div><strong>Caracter&iacute;sticas<\/strong><\/div>\n<\/td>\n<td>\n<div><strong>Standard<\/strong><br \/>\t\t\t&#8211; IEEE 802.3 10BASE-T Ethernet<br \/>\t\t\t&#8211; IEEE 802.3u 100BASE-TX Fast Ethernet<br \/>\t\t\t&#8211; IEEE 802.3ab 1000BASE-T Gigabit Ethernet<br \/>\t\t\t&#8211; IEEE 802.3 Nway auto-negotiation<br \/>\t\t\t&#8211; IEEE 802.3x full duplex operation and flow control<br \/>\t\t\t&#8211; IEEE 802.3az Energy Efficient Ethernet<br \/>\t\t\t<strong>Desempe&ntilde;o<\/strong><br \/>\t\t\t&#8211; Velocidad de transferencia (half duplex\/full duplex):<br \/>\t\t\t&nbsp; Ethernet: 10\/20 Mbps<br \/>\t\t\t&nbsp; Fast Ethernet: 100\/200 Mbps<br \/>\t\t\t&nbsp; Gigabit Ethernet: 1000\/2000 Mbps<br \/>\t\t\t&#8211; Tabla de direcciones MAC: 8K<br \/>\t\t\t&#8211; Buffer de Memoria: 128 KB<br \/>\t\t\t&#8211; Switching fabric (non-blocking): 16 Gbps<br \/>\t\t\t<strong>Caracteristicas<\/strong><br \/>\t\t\t&#8211; Auto-MDI\/MDIX en todos los puertos<br \/>\t\t\t&#8211; M&eacute;todo de transmisi&oacute;n: Store-and-forward architecture<br \/>\t\t\t&#8211; Soporta Loop detection<br \/>\t\t\t&#8211; Soporta Port-based QoS<br \/>\t\t\t&#8211; Jumbo frame soporta up to 9 KB<br \/>\t\t\t<strong>Indicador LED<\/strong><br \/>\t\t\t&#8211; PWR: Power<br \/>\t\t\t&#8211; Por puerto: Link\/Activity<br \/>\t\t\t&#8211; Ambar: 10\/100 Mbps<br \/>\t\t\t&#8211; Verde: 1000 Mbps<br \/>\t\t\t<strong>Fuente alimentaci&oacute;n<\/strong><br \/>\t\t\t&#8211; Entrada: 100-240 V AC<br \/>\t\t\t&#8211; Salida: 5 V DC, 1 A<br \/>\t\t\t&#8211; Consumo: 3 W max.<br \/>\t\t\t<strong>Dimensiones y peso<\/strong><br \/>\t\t\t&#8211; Dimensiones (An x Prof x Al): 155 x 85 x 26 mm<br \/>\t\t\t&#8211; Peso: 325 g<br \/>\t\t\t<strong>Ambientales<\/strong><br \/>\t\t\t&#8211; Temperatura de operaci&oacute;n: 0&deg;C a 50&deg;C<br \/>\t\t\t&#8211; Humedad de operaci&oacute;n: 10% a 90% (Sin-Condensaci&oacute;n)<br \/>\t\t\t&#8211; Temperatura de almacenamiento: -40&deg;C a 70&deg;C<br \/>\t\t\t&#8211; Humedad de almacenamiento:<\/div>\n<div>&nbsp; 10% a 95% (Sin-Condensaci&oacute;n)<br \/>\t\t\t<strong>Certificaci&oacute;n<\/strong><br \/>\t\t\t&#8211; CE, FCC Class B, BSMI<br \/>\t\t\t<strong>Contenido<\/strong><br \/>\t\t\t&#8211; Gigabit switch<br \/>\t\t\t&#8211; Adaptador de alimentaci&oacute;n<br \/>\t\t\t&#8211; Guia de inicio r&aacute;pido<\/div>\n<\/td>\n<\/tr>\n<tr>\n<td valign=\"top\"><strong>Folleto t&eacute;cnico<\/strong><\/td>\n<td><a href=\"ftp:\/\/ftp.zyxel.com\/GS-108B_v3\/datasheet\/GS-108B%20v3_1.pdf\" target=\"_blank\">ftp:\/\/ftp.zyxel.com\/GS-108B_v3\/datasheet\/GS-108B%20v3_1.pdf<\/a><\/td>\n<\/tr>\n<tr>\n<td valign=\"top\"><strong>Gu&iacute;a r&aacute;pida de inicio<\/strong><\/td>\n<td><a href=\"ftp:\/\/ftp.zyxel.com\/GS-108B_v3\/quick_start_guide\/GS-108B%20v3_001.pdf\" target=\"_blank\">ftp:\/\/ftp.zyxel.com\/GS-108B_v3\/quick_start_guide\/GS-108B%20v3_001.pdf<\/a><\/td>\n<\/tr>\n<tr>\n<td><strong>Fecha de revisi&oacute;n<\/strong><\/td>\n<td>29-02-2016 por MSB<\/td>\n<\/tr>\n<\/tbody>\n<\/table>\n","protected":false},"excerpt":{"rendered":"<p>Optimizado para VoIP fluida y el intercambio de datosEl ZyXEL GS-108B v3 Switch de sobremesa de 5 puertos Gigabit Ethernet conecta los dispositivos de red y la red dom&eacute;stica a una velocidad vertiginosa Gigabit. Los puertos de QoS de nuevo dise&ntilde;o garantizan una transferencia suave para aplicaciones intensivas de ancho de banda como VoIP y&hellip;&nbsp;<a href=\"https:\/\/aivlisoft.net\/shop\/producto\/zyxel-gs-108bv3-switch-8xgb-metal\/\" rel=\"bookmark\"><span class=\"screen-reader-text\">ZyXEL GS-108BV3 Switch 8xGB Metal<\/span><\/a><\/p>\n","protected":false},"featured_media":21100,"template":"","meta":{"neve_meta_sidebar":"","neve_meta_container":"","neve_meta_enable_content_width":"","neve_meta_content_width":0,"neve_meta_title_alignment":"","neve_meta_author_avatar":"","neve_post_elements_order":"","neve_meta_disable_header":"","neve_meta_disable_footer":"","neve_meta_disable_title":""},"product_brand":[],"product_cat":[8773],"product_tag":[7482],"class_list":{"0":"post-21099","1":"product","2":"type-product","3":"status-publish","4":"has-post-thumbnail","6":"product_cat-switches-sobremesa","7":"product_tag-gs-108bv3-eu0101f","9":"first","10":"instock","11":"taxable","12":"shipping-taxable","13":"purchasable","14":"product-type-simple"},"yoast_head":"<!-- This site is optimized with the Yoast SEO plugin v26.0 - https:\/\/yoast.com\/wordpress\/plugins\/seo\/ -->\n<title>ZyXEL GS-108BV3 Switch 8xGB Metal - Aivlisoft Inform\u00e1tica<\/title>\n<meta name=\"robots\" content=\"index, follow, max-snippet:-1, max-image-preview:large, max-video-preview:-1\" \/>\n<link rel=\"canonical\" href=\"https:\/\/aivlisoft.net\/shop\/producto\/zyxel-gs-108bv3-switch-8xgb-metal\/\" \/>\n<meta property=\"og:locale\" content=\"es_ES\" \/>\n<meta property=\"og:type\" content=\"article\" \/>\n<meta property=\"og:title\" content=\"ZyXEL GS-108BV3 Switch 8xGB Metal - Aivlisoft Inform\u00e1tica\" \/>\n<meta property=\"og:description\" content=\"Optimizado para VoIP fluida y el intercambio de datosEl ZyXEL GS-108B v3 Switch de sobremesa de 5 puertos Gigabit Ethernet conecta los dispositivos de red y la red dom&eacute;stica a una velocidad vertiginosa Gigabit. Los puertos de QoS de nuevo dise&ntilde;o garantizan una transferencia suave para aplicaciones intensivas de ancho de banda como VoIP y&hellip;&nbsp;ZyXEL GS-108BV3 Switch 8xGB Metal\" \/>\n<meta property=\"og:url\" content=\"https:\/\/aivlisoft.net\/shop\/producto\/zyxel-gs-108bv3-switch-8xgb-metal\/\" \/>\n<meta property=\"og:site_name\" content=\"Aivlisoft Inform\u00e1tica\" \/>\n<meta property=\"article:modified_time\" content=\"2025-01-14T11:54:23+00:00\" \/>\n<meta property=\"og:image\" content=\"https:\/\/aivlisoft.net\/shop\/wp-content\/uploads\/2025\/01\/NSWSSO0187_800.jpg\" \/>\n\t<meta property=\"og:image:width\" content=\"800\" \/>\n\t<meta property=\"og:image:height\" content=\"800\" \/>\n\t<meta property=\"og:image:type\" content=\"image\/jpeg\" \/>\n<meta name=\"twitter:card\" content=\"summary_large_image\" \/>\n<meta name=\"twitter:label1\" content=\"Tiempo de lectura\" \/>\n\t<meta name=\"twitter:data1\" content=\"3 minutos\" \/>\n<script type=\"application\/ld+json\" class=\"yoast-schema-graph\">{\"@context\":\"https:\/\/schema.org\",\"@graph\":[{\"@type\":\"WebPage\",\"@id\":\"https:\/\/aivlisoft.net\/shop\/producto\/zyxel-gs-108bv3-switch-8xgb-metal\/\",\"url\":\"https:\/\/aivlisoft.net\/shop\/producto\/zyxel-gs-108bv3-switch-8xgb-metal\/\",\"name\":\"ZyXEL GS-108BV3 Switch 8xGB Metal - Aivlisoft Inform\u00e1tica\",\"isPartOf\":{\"@id\":\"https:\/\/aivlisoft.net\/shop\/#website\"},\"primaryImageOfPage\":{\"@id\":\"https:\/\/aivlisoft.net\/shop\/producto\/zyxel-gs-108bv3-switch-8xgb-metal\/#primaryimage\"},\"image\":{\"@id\":\"https:\/\/aivlisoft.net\/shop\/producto\/zyxel-gs-108bv3-switch-8xgb-metal\/#primaryimage\"},\"thumbnailUrl\":\"https:\/\/aivlisoft.net\/shop\/wp-content\/uploads\/2025\/01\/NSWSSO0187_800.jpg\",\"datePublished\":\"2025-01-13T15:50:13+00:00\",\"dateModified\":\"2025-01-14T11:54:23+00:00\",\"breadcrumb\":{\"@id\":\"https:\/\/aivlisoft.net\/shop\/producto\/zyxel-gs-108bv3-switch-8xgb-metal\/#breadcrumb\"},\"inLanguage\":\"es\",\"potentialAction\":[{\"@type\":\"ReadAction\",\"target\":[\"https:\/\/aivlisoft.net\/shop\/producto\/zyxel-gs-108bv3-switch-8xgb-metal\/\"]}]},{\"@type\":\"ImageObject\",\"inLanguage\":\"es\",\"@id\":\"https:\/\/aivlisoft.net\/shop\/producto\/zyxel-gs-108bv3-switch-8xgb-metal\/#primaryimage\",\"url\":\"https:\/\/aivlisoft.net\/shop\/wp-content\/uploads\/2025\/01\/NSWSSO0187_800.jpg\",\"contentUrl\":\"https:\/\/aivlisoft.net\/shop\/wp-content\/uploads\/2025\/01\/NSWSSO0187_800.jpg\",\"width\":800,\"height\":800},{\"@type\":\"BreadcrumbList\",\"@id\":\"https:\/\/aivlisoft.net\/shop\/producto\/zyxel-gs-108bv3-switch-8xgb-metal\/#breadcrumb\",\"itemListElement\":[{\"@type\":\"ListItem\",\"position\":1,\"name\":\"Portada\",\"item\":\"https:\/\/aivlisoft.net\/shop\/\"},{\"@type\":\"ListItem\",\"position\":2,\"name\":\"Tienda\",\"item\":\"https:\/\/aivlisoft.net\/shop\/tienda\/\"},{\"@type\":\"ListItem\",\"position\":3,\"name\":\"ZyXEL GS-108BV3 Switch 8xGB Metal\"}]},{\"@type\":\"WebSite\",\"@id\":\"https:\/\/aivlisoft.net\/shop\/#website\",\"url\":\"https:\/\/aivlisoft.net\/shop\/\",\"name\":\"Aivlisoft Inform\u00e1tica\",\"description\":\"En Aivlisoft Inform\u00e1tica ofrecemos soluciones tecnol\u00f3gicas para empresas: venta de ordenadores, consumibles, perif\u00e9ricos y m\u00e1s. Calidad, atenci\u00f3n personalizada y los mejores precios para tu negocio.\",\"publisher\":{\"@id\":\"https:\/\/aivlisoft.net\/shop\/#organization\"},\"potentialAction\":[{\"@type\":\"SearchAction\",\"target\":{\"@type\":\"EntryPoint\",\"urlTemplate\":\"https:\/\/aivlisoft.net\/shop\/?s={search_term_string}\"},\"query-input\":{\"@type\":\"PropertyValueSpecification\",\"valueRequired\":true,\"valueName\":\"search_term_string\"}}],\"inLanguage\":\"es\"},{\"@type\":\"Organization\",\"@id\":\"https:\/\/aivlisoft.net\/shop\/#organization\",\"name\":\"Aivlisoft Inform\u00e1tica\",\"url\":\"https:\/\/aivlisoft.net\/shop\/\",\"logo\":{\"@type\":\"ImageObject\",\"inLanguage\":\"es\",\"@id\":\"https:\/\/aivlisoft.net\/shop\/#\/schema\/logo\/image\/\",\"url\":\"https:\/\/aivlisoft.net\/shop\/wp-content\/uploads\/2024\/12\/removal.ai_5b848c54-0cdf-4140-95c5-c5536bb7573b-logodef.png\",\"contentUrl\":\"https:\/\/aivlisoft.net\/shop\/wp-content\/uploads\/2024\/12\/removal.ai_5b848c54-0cdf-4140-95c5-c5536bb7573b-logodef.png\",\"width\":484,\"height\":182,\"caption\":\"Aivlisoft Inform\u00e1tica\"},\"image\":{\"@id\":\"https:\/\/aivlisoft.net\/shop\/#\/schema\/logo\/image\/\"}}]}<\/script>\n<!-- \/ Yoast SEO plugin. -->","yoast_head_json":{"title":"ZyXEL GS-108BV3 Switch 8xGB Metal - Aivlisoft Inform\u00e1tica","robots":{"index":"index","follow":"follow","max-snippet":"max-snippet:-1","max-image-preview":"max-image-preview:large","max-video-preview":"max-video-preview:-1"},"canonical":"https:\/\/aivlisoft.net\/shop\/producto\/zyxel-gs-108bv3-switch-8xgb-metal\/","og_locale":"es_ES","og_type":"article","og_title":"ZyXEL GS-108BV3 Switch 8xGB Metal - Aivlisoft Inform\u00e1tica","og_description":"Optimizado para VoIP fluida y el intercambio de datosEl ZyXEL GS-108B v3 Switch de sobremesa de 5 puertos Gigabit Ethernet conecta los dispositivos de red y la red dom&eacute;stica a una velocidad vertiginosa Gigabit. Los puertos de QoS de nuevo dise&ntilde;o garantizan una transferencia suave para aplicaciones intensivas de ancho de banda como VoIP y&hellip;&nbsp;ZyXEL GS-108BV3 Switch 8xGB Metal","og_url":"https:\/\/aivlisoft.net\/shop\/producto\/zyxel-gs-108bv3-switch-8xgb-metal\/","og_site_name":"Aivlisoft Inform\u00e1tica","article_modified_time":"2025-01-14T11:54:23+00:00","og_image":[{"width":800,"height":800,"url":"https:\/\/aivlisoft.net\/shop\/wp-content\/uploads\/2025\/01\/NSWSSO0187_800.jpg","type":"image\/jpeg"}],"twitter_card":"summary_large_image","twitter_misc":{"Tiempo de lectura":"3 minutos"},"schema":{"@context":"https:\/\/schema.org","@graph":[{"@type":"WebPage","@id":"https:\/\/aivlisoft.net\/shop\/producto\/zyxel-gs-108bv3-switch-8xgb-metal\/","url":"https:\/\/aivlisoft.net\/shop\/producto\/zyxel-gs-108bv3-switch-8xgb-metal\/","name":"ZyXEL GS-108BV3 Switch 8xGB Metal - Aivlisoft Inform\u00e1tica","isPartOf":{"@id":"https:\/\/aivlisoft.net\/shop\/#website"},"primaryImageOfPage":{"@id":"https:\/\/aivlisoft.net\/shop\/producto\/zyxel-gs-108bv3-switch-8xgb-metal\/#primaryimage"},"image":{"@id":"https:\/\/aivlisoft.net\/shop\/producto\/zyxel-gs-108bv3-switch-8xgb-metal\/#primaryimage"},"thumbnailUrl":"https:\/\/aivlisoft.net\/shop\/wp-content\/uploads\/2025\/01\/NSWSSO0187_800.jpg","datePublished":"2025-01-13T15:50:13+00:00","dateModified":"2025-01-14T11:54:23+00:00","breadcrumb":{"@id":"https:\/\/aivlisoft.net\/shop\/producto\/zyxel-gs-108bv3-switch-8xgb-metal\/#breadcrumb"},"inLanguage":"es","potentialAction":[{"@type":"ReadAction","target":["https:\/\/aivlisoft.net\/shop\/producto\/zyxel-gs-108bv3-switch-8xgb-metal\/"]}]},{"@type":"ImageObject","inLanguage":"es","@id":"https:\/\/aivlisoft.net\/shop\/producto\/zyxel-gs-108bv3-switch-8xgb-metal\/#primaryimage","url":"https:\/\/aivlisoft.net\/shop\/wp-content\/uploads\/2025\/01\/NSWSSO0187_800.jpg","contentUrl":"https:\/\/aivlisoft.net\/shop\/wp-content\/uploads\/2025\/01\/NSWSSO0187_800.jpg","width":800,"height":800},{"@type":"BreadcrumbList","@id":"https:\/\/aivlisoft.net\/shop\/producto\/zyxel-gs-108bv3-switch-8xgb-metal\/#breadcrumb","itemListElement":[{"@type":"ListItem","position":1,"name":"Portada","item":"https:\/\/aivlisoft.net\/shop\/"},{"@type":"ListItem","position":2,"name":"Tienda","item":"https:\/\/aivlisoft.net\/shop\/tienda\/"},{"@type":"ListItem","position":3,"name":"ZyXEL GS-108BV3 Switch 8xGB Metal"}]},{"@type":"WebSite","@id":"https:\/\/aivlisoft.net\/shop\/#website","url":"https:\/\/aivlisoft.net\/shop\/","name":"Aivlisoft Inform\u00e1tica","description":"En Aivlisoft Inform\u00e1tica ofrecemos soluciones tecnol\u00f3gicas para empresas: venta de ordenadores, consumibles, perif\u00e9ricos y m\u00e1s. Calidad, atenci\u00f3n personalizada y los mejores precios para tu negocio.","publisher":{"@id":"https:\/\/aivlisoft.net\/shop\/#organization"},"potentialAction":[{"@type":"SearchAction","target":{"@type":"EntryPoint","urlTemplate":"https:\/\/aivlisoft.net\/shop\/?s={search_term_string}"},"query-input":{"@type":"PropertyValueSpecification","valueRequired":true,"valueName":"search_term_string"}}],"inLanguage":"es"},{"@type":"Organization","@id":"https:\/\/aivlisoft.net\/shop\/#organization","name":"Aivlisoft Inform\u00e1tica","url":"https:\/\/aivlisoft.net\/shop\/","logo":{"@type":"ImageObject","inLanguage":"es","@id":"https:\/\/aivlisoft.net\/shop\/#\/schema\/logo\/image\/","url":"https:\/\/aivlisoft.net\/shop\/wp-content\/uploads\/2024\/12\/removal.ai_5b848c54-0cdf-4140-95c5-c5536bb7573b-logodef.png","contentUrl":"https:\/\/aivlisoft.net\/shop\/wp-content\/uploads\/2024\/12\/removal.ai_5b848c54-0cdf-4140-95c5-c5536bb7573b-logodef.png","width":484,"height":182,"caption":"Aivlisoft Inform\u00e1tica"},"image":{"@id":"https:\/\/aivlisoft.net\/shop\/#\/schema\/logo\/image\/"}}]}},"_links":{"self":[{"href":"https:\/\/aivlisoft.net\/shop\/wp-json\/wp\/v2\/product\/21099","targetHints":{"allow":["GET"]}}],"collection":[{"href":"https:\/\/aivlisoft.net\/shop\/wp-json\/wp\/v2\/product"}],"about":[{"href":"https:\/\/aivlisoft.net\/shop\/wp-json\/wp\/v2\/types\/product"}],"wp:featuredmedia":[{"embeddable":true,"href":"https:\/\/aivlisoft.net\/shop\/wp-json\/wp\/v2\/media\/21100"}],"wp:attachment":[{"href":"https:\/\/aivlisoft.net\/shop\/wp-json\/wp\/v2\/media?parent=21099"}],"wp:term":[{"taxonomy":"product_brand","embeddable":true,"href":"https:\/\/aivlisoft.net\/shop\/wp-json\/wp\/v2\/product_brand?post=21099"},{"taxonomy":"product_cat","embeddable":true,"href":"https:\/\/aivlisoft.net\/shop\/wp-json\/wp\/v2\/product_cat?post=21099"},{"taxonomy":"product_tag","embeddable":true,"href":"https:\/\/aivlisoft.net\/shop\/wp-json\/wp\/v2\/product_tag?post=21099"}],"curies":[{"name":"wp","href":"https:\/\/api.w.org\/{rel}","templated":true}]}}