{"id":21093,"date":"2025-01-13T15:50:04","date_gmt":"2025-01-13T15:50:04","guid":{"rendered":"https:\/\/aivlisoft.com\/?post_type=product&#038;p=21093"},"modified":"2025-01-14T11:54:17","modified_gmt":"2025-01-14T11:54:17","slug":"d-link-dgs-105-switch-5xgb-metal","status":"publish","type":"product","link":"https:\/\/aivlisoft.net\/shop\/producto\/d-link-dgs-105-switch-5xgb-metal\/","title":{"rendered":"D-Link DGS-105 Switch 5xGB Metal"},"content":{"rendered":"<p>Este equipo ya soporta IGMP Snooping<br \/>Switches unmanaged con IGMP Snooping activado.<br \/>Concebidos para entornos dom&eacute;sticos o de peque&ntilde;a empresa con IPTV<br \/>Situaci&oacute;n habitual: cuando se est&aacute; viendo IPTV, la red, y sobre todo el Wi-Fi se ve afectado: el tr&aacute;fico multicast de IPTV se propaga por toda la red, impactando en el rendimiento de todos nuestros dispositivos<br \/>Utilizando un DGS-105 o un DGS-108, el tr&aacute;fico multicast llegar&aacute; al Set-Top Box de la TV<br \/>Carcasa met&aacute;lica<\/p>\n<table class=\"tabla_caracteristicas k-table\" width=\"100%\">\n<tr>\n<td><strong>Marca<\/strong><\/td>\n<td>D-Link<\/td>\n<\/tr>\n<tr>\n<td><strong>Modelo<\/strong><\/td>\n<td><strong>DGS-105<\/strong><\/td>\n<\/tr>\n<tr>\n<td valign=\"top\"><strong>Standards<\/strong><\/td>\n<td>&#8211; IEEE 802.3 10BASE-T Ethernet<br \/>\t\t\t&#8211; IEEE 802.3u 100BASE-TX Fast Ethernet<br \/>\t\t\t&#8211; IEEE 802.3ab 1000BASE-T Gigabit Ethernet<br \/>\t\t\t&#8211; ANSI\/IEEE 802.3 NWay auto-negotiation<br \/>\t\t\t&#8211; IEEE 802.3x flow control<br \/>\t\t\t&#8211; IEEE 802.3az Energy Efficient Ethernet (EEE)<\/td>\n<\/tr>\n<tr>\n<td valign=\"top\"><strong>Especificaciones<\/strong><\/td>\n<td>\n<div><strong>N&ordm; de puertos<\/strong><\/div>\n<div>&#8211; 5 x Puertos<\/div>\n<div><strong>Layer2<\/strong><br \/>\t\t\t&#8211; MAC address table: 2K<br \/>\t\t\t&#8211; Auto MDI\/MDIX crossover for all ports<br \/>\t\t\t&#8211; Store-and-forward switching scheme<br \/>\t\t\t&#8211; Full\/half-duplex for Ethernet\/Fast Ethernet speeds<br \/>\t\t\t&#8211; Full-duplex only for Gigabit Ethernet speed<br \/>\t\t\t&#8211; Jumbo Frames: 9000 Bytes<br \/>\t\t\t<strong>Switching fabric<\/strong><br \/>\t\t\t&#8211; 10 Gbps<br \/>\t\t\t<strong>Data Transfer Rates<\/strong><br \/>\t\t\t&#8211; Ethernet: 10 Mbps (half duplex), 20 Mbps (full duplex)<br \/>\t\t\t&#8211; Fast Ethernet: 100 Mbps (half duplex), 200 Mbps (full duplex)<br \/>\t\t\t&#8211; Gigabit Ethernet: 2000 Mbps (full duplex)<br \/>\t\t\t<strong>Packet Filtering\/Forwarding Rates<\/strong><br \/>\t\t\t&#8211; Ethernet: 14,880 pps por puerto<br \/>\t\t\t&#8211; Fast Ethernet: 148,800 pps por puerto<br \/>\t\t\t&#8211; Gigabit Ethernet: 1,488,000 pps por puerto<br \/>\t\t\t<strong>RAM Buffer<\/strong><br \/>\t\t\t&#8211; 128KB<\/div>\n<\/td>\n<\/tr>\n<tr>\n<td valign=\"top\"><strong>Otras caracter&iacute;sticas<\/strong><\/td>\n<td><strong>LED Indicators<\/strong><br \/>\t\t\t&#8211; Por puerto: Link\/Actividad\/Velocidad<br \/>\t\t\t&#8211; Per device: Power<br \/>\t\t\t<strong>Quality of Service (QoS)<\/strong><br \/>\t\t\t&#8211; Soporta 802.1p QoS<br \/>\t\t\t&#8211; 4 Queues, Strict Mode<br \/>\t\t\t<strong>Medioambiental<\/strong><br \/>\t\t\t&#8211; Energy Efficient Ethernet (EEE) standard<br \/>\t\t\t&#8211; D-Link Green: power saving by cable length detection<br \/>\t\t\t&#8211; RoHS compliant<br \/>\t\t\t<strong>Alimentaci&oacute;n<\/strong><br \/>\t\t\t&#8211; Externa 5 V\/1 A Level V Power Adapter<br \/>\t\t\t<strong>Consumo (DC input)<\/strong><br \/>\t\t\t&#8211; Standby: 0.5 W.<br \/>\t\t\t&#8211; M&aacute;xima: 2.01 W<br \/>\t\t\t<strong>MTBF<\/strong><br \/>\t\t\t&#8211; 1,688,338 horas<br \/>\t\t\t<strong>Temperatura<\/strong><br \/>\t\t\t&#8211; Operaci&oacute;n: 0 to 50 ?C<br \/>\t\t\t&#8211; Almacenamiento: -10 to 70 ?C<br \/>\t\t\t<strong>Humedad<\/strong><br \/>\t\t\t&#8211; Operaci&oacute;n: 10% to 90% RH sin condensaci&oacute;n<br \/>\t\t\t&#8211; Almacenamiento: 5% to 90% RH sin condensaci&oacute;n<br \/>\t\t\t<strong>Dimensiones (An x Prof x Al)<\/strong><br \/>\t\t\t&#8211; 100 x 98 x 28 mm<br \/>\t\t\t<strong>Certificaciones<\/strong><br \/>\t\t\t&#8211; FCC Class B<br \/>\t\t\t&#8211; ICES-003 Class B<br \/>\t\t\t&#8211; CE Class B<br \/>\t\t\t&#8211; C-Tick Class B<br \/>\t\t\t&#8211; VCCI Class B<br \/>\t\t\t&#8211; cUL<br \/>\t\t\t&#8211; CB<\/td>\n<\/tr>\n<tr>\n<td><strong>Fecha Revisi&oacute;n<\/strong><\/td>\n<td>12-02-2016 por MSB<\/td>\n<\/tr>\n<\/table>\n","protected":false},"excerpt":{"rendered":"<p>Este equipo ya soporta IGMP SnoopingSwitches unmanaged con IGMP Snooping activado.Concebidos para entornos dom&eacute;sticos o de peque&ntilde;a empresa con IPTVSituaci&oacute;n habitual: cuando se est&aacute; viendo IPTV, la red, y sobre todo el Wi-Fi se ve afectado: el tr&aacute;fico multicast de IPTV se propaga por toda la red, impactando en el rendimiento de todos nuestros dispositivosUtilizando&hellip;&nbsp;<a href=\"https:\/\/aivlisoft.net\/shop\/producto\/d-link-dgs-105-switch-5xgb-metal\/\" rel=\"bookmark\"><span class=\"screen-reader-text\">D-Link DGS-105 Switch 5xGB Metal<\/span><\/a><\/p>\n","protected":false},"featured_media":21094,"template":"","meta":{"neve_meta_sidebar":"","neve_meta_container":"","neve_meta_enable_content_width":"","neve_meta_content_width":0,"neve_meta_title_alignment":"","neve_meta_author_avatar":"","neve_post_elements_order":"","neve_meta_disable_header":"","neve_meta_disable_footer":"","neve_meta_disable_title":""},"product_brand":[],"product_cat":[8773],"product_tag":[7480],"class_list":{"0":"post-21093","1":"product","2":"type-product","3":"status-publish","4":"has-post-thumbnail","6":"product_cat-switches-sobremesa","7":"product_tag-dgs-105","9":"first","10":"instock","11":"taxable","12":"shipping-taxable","13":"purchasable","14":"product-type-simple"},"yoast_head":"<!-- This site is optimized with the Yoast SEO plugin v26.0 - https:\/\/yoast.com\/wordpress\/plugins\/seo\/ -->\n<title>D-Link DGS-105 Switch 5xGB Metal - Aivlisoft Inform\u00e1tica<\/title>\n<meta name=\"robots\" content=\"index, follow, max-snippet:-1, max-image-preview:large, max-video-preview:-1\" \/>\n<link rel=\"canonical\" href=\"https:\/\/aivlisoft.net\/shop\/producto\/d-link-dgs-105-switch-5xgb-metal\/\" \/>\n<meta property=\"og:locale\" content=\"es_ES\" \/>\n<meta property=\"og:type\" content=\"article\" \/>\n<meta property=\"og:title\" content=\"D-Link DGS-105 Switch 5xGB Metal - Aivlisoft Inform\u00e1tica\" \/>\n<meta property=\"og:description\" content=\"Este equipo ya soporta IGMP SnoopingSwitches unmanaged con IGMP Snooping activado.Concebidos para entornos dom&eacute;sticos o de peque&ntilde;a empresa con IPTVSituaci&oacute;n habitual: cuando se est&aacute; viendo IPTV, la red, y sobre todo el Wi-Fi se ve afectado: el tr&aacute;fico multicast de IPTV se propaga por toda la red, impactando en el rendimiento de todos nuestros dispositivosUtilizando&hellip;&nbsp;D-Link DGS-105 Switch 5xGB Metal\" \/>\n<meta property=\"og:url\" content=\"https:\/\/aivlisoft.net\/shop\/producto\/d-link-dgs-105-switch-5xgb-metal\/\" \/>\n<meta property=\"og:site_name\" content=\"Aivlisoft Inform\u00e1tica\" \/>\n<meta property=\"article:modified_time\" content=\"2025-01-14T11:54:17+00:00\" \/>\n<meta property=\"og:image\" content=\"https:\/\/aivlisoft.net\/shop\/wp-content\/uploads\/2025\/01\/NSWSSO0184_large.jpg\" \/>\n\t<meta property=\"og:image:width\" content=\"400\" \/>\n\t<meta property=\"og:image:height\" content=\"400\" \/>\n\t<meta property=\"og:image:type\" content=\"image\/jpeg\" \/>\n<meta name=\"twitter:card\" content=\"summary_large_image\" \/>\n<meta name=\"twitter:label1\" content=\"Tiempo de lectura\" \/>\n\t<meta name=\"twitter:data1\" content=\"2 minutos\" \/>\n<script type=\"application\/ld+json\" class=\"yoast-schema-graph\">{\"@context\":\"https:\/\/schema.org\",\"@graph\":[{\"@type\":\"WebPage\",\"@id\":\"https:\/\/aivlisoft.net\/shop\/producto\/d-link-dgs-105-switch-5xgb-metal\/\",\"url\":\"https:\/\/aivlisoft.net\/shop\/producto\/d-link-dgs-105-switch-5xgb-metal\/\",\"name\":\"D-Link DGS-105 Switch 5xGB Metal - Aivlisoft Inform\u00e1tica\",\"isPartOf\":{\"@id\":\"https:\/\/aivlisoft.net\/shop\/#website\"},\"primaryImageOfPage\":{\"@id\":\"https:\/\/aivlisoft.net\/shop\/producto\/d-link-dgs-105-switch-5xgb-metal\/#primaryimage\"},\"image\":{\"@id\":\"https:\/\/aivlisoft.net\/shop\/producto\/d-link-dgs-105-switch-5xgb-metal\/#primaryimage\"},\"thumbnailUrl\":\"https:\/\/aivlisoft.net\/shop\/wp-content\/uploads\/2025\/01\/NSWSSO0184_large.jpg\",\"datePublished\":\"2025-01-13T15:50:04+00:00\",\"dateModified\":\"2025-01-14T11:54:17+00:00\",\"breadcrumb\":{\"@id\":\"https:\/\/aivlisoft.net\/shop\/producto\/d-link-dgs-105-switch-5xgb-metal\/#breadcrumb\"},\"inLanguage\":\"es\",\"potentialAction\":[{\"@type\":\"ReadAction\",\"target\":[\"https:\/\/aivlisoft.net\/shop\/producto\/d-link-dgs-105-switch-5xgb-metal\/\"]}]},{\"@type\":\"ImageObject\",\"inLanguage\":\"es\",\"@id\":\"https:\/\/aivlisoft.net\/shop\/producto\/d-link-dgs-105-switch-5xgb-metal\/#primaryimage\",\"url\":\"https:\/\/aivlisoft.net\/shop\/wp-content\/uploads\/2025\/01\/NSWSSO0184_large.jpg\",\"contentUrl\":\"https:\/\/aivlisoft.net\/shop\/wp-content\/uploads\/2025\/01\/NSWSSO0184_large.jpg\",\"width\":400,\"height\":400},{\"@type\":\"BreadcrumbList\",\"@id\":\"https:\/\/aivlisoft.net\/shop\/producto\/d-link-dgs-105-switch-5xgb-metal\/#breadcrumb\",\"itemListElement\":[{\"@type\":\"ListItem\",\"position\":1,\"name\":\"Portada\",\"item\":\"https:\/\/aivlisoft.net\/shop\/\"},{\"@type\":\"ListItem\",\"position\":2,\"name\":\"Tienda\",\"item\":\"https:\/\/aivlisoft.net\/shop\/tienda\/\"},{\"@type\":\"ListItem\",\"position\":3,\"name\":\"D-Link DGS-105 Switch 5xGB Metal\"}]},{\"@type\":\"WebSite\",\"@id\":\"https:\/\/aivlisoft.net\/shop\/#website\",\"url\":\"https:\/\/aivlisoft.net\/shop\/\",\"name\":\"Aivlisoft Inform\u00e1tica\",\"description\":\"En Aivlisoft Inform\u00e1tica ofrecemos soluciones tecnol\u00f3gicas para empresas: venta de ordenadores, consumibles, perif\u00e9ricos y m\u00e1s. Calidad, atenci\u00f3n personalizada y los mejores precios para tu negocio.\",\"publisher\":{\"@id\":\"https:\/\/aivlisoft.net\/shop\/#organization\"},\"potentialAction\":[{\"@type\":\"SearchAction\",\"target\":{\"@type\":\"EntryPoint\",\"urlTemplate\":\"https:\/\/aivlisoft.net\/shop\/?s={search_term_string}\"},\"query-input\":{\"@type\":\"PropertyValueSpecification\",\"valueRequired\":true,\"valueName\":\"search_term_string\"}}],\"inLanguage\":\"es\"},{\"@type\":\"Organization\",\"@id\":\"https:\/\/aivlisoft.net\/shop\/#organization\",\"name\":\"Aivlisoft Inform\u00e1tica\",\"url\":\"https:\/\/aivlisoft.net\/shop\/\",\"logo\":{\"@type\":\"ImageObject\",\"inLanguage\":\"es\",\"@id\":\"https:\/\/aivlisoft.net\/shop\/#\/schema\/logo\/image\/\",\"url\":\"https:\/\/aivlisoft.net\/shop\/wp-content\/uploads\/2024\/12\/removal.ai_5b848c54-0cdf-4140-95c5-c5536bb7573b-logodef.png\",\"contentUrl\":\"https:\/\/aivlisoft.net\/shop\/wp-content\/uploads\/2024\/12\/removal.ai_5b848c54-0cdf-4140-95c5-c5536bb7573b-logodef.png\",\"width\":484,\"height\":182,\"caption\":\"Aivlisoft Inform\u00e1tica\"},\"image\":{\"@id\":\"https:\/\/aivlisoft.net\/shop\/#\/schema\/logo\/image\/\"}}]}<\/script>\n<!-- \/ Yoast SEO plugin. -->","yoast_head_json":{"title":"D-Link DGS-105 Switch 5xGB Metal - Aivlisoft Inform\u00e1tica","robots":{"index":"index","follow":"follow","max-snippet":"max-snippet:-1","max-image-preview":"max-image-preview:large","max-video-preview":"max-video-preview:-1"},"canonical":"https:\/\/aivlisoft.net\/shop\/producto\/d-link-dgs-105-switch-5xgb-metal\/","og_locale":"es_ES","og_type":"article","og_title":"D-Link DGS-105 Switch 5xGB Metal - Aivlisoft Inform\u00e1tica","og_description":"Este equipo ya soporta IGMP SnoopingSwitches unmanaged con IGMP Snooping activado.Concebidos para entornos dom&eacute;sticos o de peque&ntilde;a empresa con IPTVSituaci&oacute;n habitual: cuando se est&aacute; viendo IPTV, la red, y sobre todo el Wi-Fi se ve afectado: el tr&aacute;fico multicast de IPTV se propaga por toda la red, impactando en el rendimiento de todos nuestros dispositivosUtilizando&hellip;&nbsp;D-Link DGS-105 Switch 5xGB Metal","og_url":"https:\/\/aivlisoft.net\/shop\/producto\/d-link-dgs-105-switch-5xgb-metal\/","og_site_name":"Aivlisoft Inform\u00e1tica","article_modified_time":"2025-01-14T11:54:17+00:00","og_image":[{"width":400,"height":400,"url":"https:\/\/aivlisoft.net\/shop\/wp-content\/uploads\/2025\/01\/NSWSSO0184_large.jpg","type":"image\/jpeg"}],"twitter_card":"summary_large_image","twitter_misc":{"Tiempo de lectura":"2 minutos"},"schema":{"@context":"https:\/\/schema.org","@graph":[{"@type":"WebPage","@id":"https:\/\/aivlisoft.net\/shop\/producto\/d-link-dgs-105-switch-5xgb-metal\/","url":"https:\/\/aivlisoft.net\/shop\/producto\/d-link-dgs-105-switch-5xgb-metal\/","name":"D-Link DGS-105 Switch 5xGB Metal - Aivlisoft Inform\u00e1tica","isPartOf":{"@id":"https:\/\/aivlisoft.net\/shop\/#website"},"primaryImageOfPage":{"@id":"https:\/\/aivlisoft.net\/shop\/producto\/d-link-dgs-105-switch-5xgb-metal\/#primaryimage"},"image":{"@id":"https:\/\/aivlisoft.net\/shop\/producto\/d-link-dgs-105-switch-5xgb-metal\/#primaryimage"},"thumbnailUrl":"https:\/\/aivlisoft.net\/shop\/wp-content\/uploads\/2025\/01\/NSWSSO0184_large.jpg","datePublished":"2025-01-13T15:50:04+00:00","dateModified":"2025-01-14T11:54:17+00:00","breadcrumb":{"@id":"https:\/\/aivlisoft.net\/shop\/producto\/d-link-dgs-105-switch-5xgb-metal\/#breadcrumb"},"inLanguage":"es","potentialAction":[{"@type":"ReadAction","target":["https:\/\/aivlisoft.net\/shop\/producto\/d-link-dgs-105-switch-5xgb-metal\/"]}]},{"@type":"ImageObject","inLanguage":"es","@id":"https:\/\/aivlisoft.net\/shop\/producto\/d-link-dgs-105-switch-5xgb-metal\/#primaryimage","url":"https:\/\/aivlisoft.net\/shop\/wp-content\/uploads\/2025\/01\/NSWSSO0184_large.jpg","contentUrl":"https:\/\/aivlisoft.net\/shop\/wp-content\/uploads\/2025\/01\/NSWSSO0184_large.jpg","width":400,"height":400},{"@type":"BreadcrumbList","@id":"https:\/\/aivlisoft.net\/shop\/producto\/d-link-dgs-105-switch-5xgb-metal\/#breadcrumb","itemListElement":[{"@type":"ListItem","position":1,"name":"Portada","item":"https:\/\/aivlisoft.net\/shop\/"},{"@type":"ListItem","position":2,"name":"Tienda","item":"https:\/\/aivlisoft.net\/shop\/tienda\/"},{"@type":"ListItem","position":3,"name":"D-Link DGS-105 Switch 5xGB Metal"}]},{"@type":"WebSite","@id":"https:\/\/aivlisoft.net\/shop\/#website","url":"https:\/\/aivlisoft.net\/shop\/","name":"Aivlisoft Inform\u00e1tica","description":"En Aivlisoft Inform\u00e1tica ofrecemos soluciones tecnol\u00f3gicas para empresas: venta de ordenadores, consumibles, perif\u00e9ricos y m\u00e1s. Calidad, atenci\u00f3n personalizada y los mejores precios para tu negocio.","publisher":{"@id":"https:\/\/aivlisoft.net\/shop\/#organization"},"potentialAction":[{"@type":"SearchAction","target":{"@type":"EntryPoint","urlTemplate":"https:\/\/aivlisoft.net\/shop\/?s={search_term_string}"},"query-input":{"@type":"PropertyValueSpecification","valueRequired":true,"valueName":"search_term_string"}}],"inLanguage":"es"},{"@type":"Organization","@id":"https:\/\/aivlisoft.net\/shop\/#organization","name":"Aivlisoft Inform\u00e1tica","url":"https:\/\/aivlisoft.net\/shop\/","logo":{"@type":"ImageObject","inLanguage":"es","@id":"https:\/\/aivlisoft.net\/shop\/#\/schema\/logo\/image\/","url":"https:\/\/aivlisoft.net\/shop\/wp-content\/uploads\/2024\/12\/removal.ai_5b848c54-0cdf-4140-95c5-c5536bb7573b-logodef.png","contentUrl":"https:\/\/aivlisoft.net\/shop\/wp-content\/uploads\/2024\/12\/removal.ai_5b848c54-0cdf-4140-95c5-c5536bb7573b-logodef.png","width":484,"height":182,"caption":"Aivlisoft Inform\u00e1tica"},"image":{"@id":"https:\/\/aivlisoft.net\/shop\/#\/schema\/logo\/image\/"}}]}},"_links":{"self":[{"href":"https:\/\/aivlisoft.net\/shop\/wp-json\/wp\/v2\/product\/21093","targetHints":{"allow":["GET"]}}],"collection":[{"href":"https:\/\/aivlisoft.net\/shop\/wp-json\/wp\/v2\/product"}],"about":[{"href":"https:\/\/aivlisoft.net\/shop\/wp-json\/wp\/v2\/types\/product"}],"wp:featuredmedia":[{"embeddable":true,"href":"https:\/\/aivlisoft.net\/shop\/wp-json\/wp\/v2\/media\/21094"}],"wp:attachment":[{"href":"https:\/\/aivlisoft.net\/shop\/wp-json\/wp\/v2\/media?parent=21093"}],"wp:term":[{"taxonomy":"product_brand","embeddable":true,"href":"https:\/\/aivlisoft.net\/shop\/wp-json\/wp\/v2\/product_brand?post=21093"},{"taxonomy":"product_cat","embeddable":true,"href":"https:\/\/aivlisoft.net\/shop\/wp-json\/wp\/v2\/product_cat?post=21093"},{"taxonomy":"product_tag","embeddable":true,"href":"https:\/\/aivlisoft.net\/shop\/wp-json\/wp\/v2\/product_tag?post=21093"}],"curies":[{"name":"wp","href":"https:\/\/api.w.org\/{rel}","templated":true}]}}