{"id":21081,"date":"2025-01-13T15:49:57","date_gmt":"2025-01-13T15:49:57","guid":{"rendered":"https:\/\/aivlisoft.com\/?post_type=product&#038;p=21081"},"modified":"2025-01-14T11:54:14","modified_gmt":"2025-01-14T11:54:14","slug":"d-link-dgs-1008p-switch-8xgb-4xpoe","status":"publish","type":"product","link":"https:\/\/aivlisoft.net\/shop\/producto\/d-link-dgs-1008p-switch-8xgb-4xpoe\/","title":{"rendered":"D-Link DGS-1008P Switch 8xGB 4xPoE"},"content":{"rendered":"<div style=\"text-align: justify;\"><strong>DGS-1008P<\/strong><\/p>\n<p>&#8211; Funcionamiento Plug and Play<br \/>&#8211; 4 puertos PoE<br \/>&#8211; Velocidad Gigabit<br \/>&#8211; Arquitectura sin bloqueo: m&aacute;xima velocidad simult&aacute;nea en todos los puertos<br \/>&#8211; Sin ventilador, funcionamiento silencioso, ideal para cualquier entorno<br \/>&#8211; Quality of Service (QoS) para priorizaci&oacute;n de datos<br \/>&#8211; Funci&oacute;n de diagn&oacute;stico del cableado para ayudar en la soluci&oacute;n de problemas relacionados con los cables<br \/>&#8211; Funci&oacute;n de seguridad para evitar sobrecargas PoE y proteger tanto el Switch como los dispositivos PoE conectados<br \/>&#8211; Tecnolog&iacute;a Green Ethernet, que ahorra energ&iacute;a y prolonga la vida &uacute;til del producto<\/p>\n<p>El Switch de sobremesa Gigabit PoE DGS-1008P es una soluci&oacute;n econ&oacute;mica para las pymes y las oficinas dom&eacute;sticas, que, gracias a las ventajas de la tecnolog&iacute;a PoE (Power over Ethernet), permite que los usuarios puedan conectar los dispositivos, como puntos de acceso inal&aacute;mbricos, c&aacute;maras de red o tel&eacute;fonos IP, directamente con los cables de red. El DGS-1008P dispone de puertos Gigabit que ofrecen la m&aacute;xima velocidad, e integra la tecnolog&iacute;a Green Ethernet de D-Link para ahorrar energ&iacute;a cuando no se est&aacute; utilizando el Switch. Su dise&ntilde;o sin ventilador lo hace completamente silencioso, por lo que es ideal para oficinas, bibliotecas o salas de reuni&oacute;n.<\/p>\n<p><strong>PoE (Power over Ethernet) Plug and Play<\/strong><br \/>Los cuatro puertos primeros del DGS-1008P soportan el est&aacute;ndar PoE IEEE 802.3af. Cada uno de estos cuatro puertos pueden suministrar hasta 15,4 W, lo que es muy adecuado para su uso en puntos alejados de las tomas el&eacute;ctricas, o cuando es necesario minimizar la presencia de fuentes de alimentaci&oacute;n extra. El Switch detectar&aacute; autom&aacute;ticamente la alimentaci&oacute;n que necesita un dispositivo PoE conectado a &eacute;l, por lo que no se requiere configuraci&oacute;n.&nbsp; Un mecanismo de seguridad cortar&aacute; la alimentaci&oacute;n si se produce una sobrecarga PoE, a fin de proteger tanto el Switch como el dispositivo a &eacute;l conectado.<\/p>\n<p><strong>Funci&oacute;n de diagn&oacute;stico de cable<\/strong><br \/>Cada vez que se enciende el DGS-1008P, ejecuta una rutina de microdiagn&oacute;stico para comprobar la integridad de los cables Ethernet conectados a &eacute;l. Si se detecta alg&uacute;n fallo, el Switch lo indicar&aacute; por medio de los indicadores LED del panel frontal, lo que facilita al usuario la soluci&oacute;n de los problemas de cableado.<\/p>\n<p><strong>QoS (Quality of Service)<\/strong><br \/>A pesar de ser un Switch no gestionable y Plug and Play, el DGS-1008P puede clasificar el tr&aacute;fico de red evaluando los campos 802.1p y DSCP existentes en los frames Ethernet y en los paquetes IP, respectivamente, y redirigirlos fuera de los puertos en funci&oacute;n de su prioridad. Ello permite integrar sin problemas el tr&aacute;fico de datos, voz y v&iacute;deo, sin esperas o p&eacute;rdidas de calidad.<\/p>\n<p><strong>Tecnolog&iacute;a de ahorro energ&eacute;tico<\/strong><br \/>El DGS-1008P forma parte de D-Link Green&trade;, la tecnolog&iacute;a de D-Link respetuosa con el medio ambiente, que ofrece un ahorro energ&eacute;tico, un menor consumo el&eacute;ctrico y una mayor vida &uacute;til del producto sin que resulten perjudicados ni el rendimiento ni la funcionalidad. Este Switch implementa la tecnolog&iacute;a Green Ethernet, que puede traducirse en un considerable ahorro energ&eacute;tico gracias a que detecta la longitud de los cables conectados a &eacute;l y, en consecuencia, ajusta la alimentaci&oacute;n; y el estado de puerto, que lo pasa a modo en reposo, bajo consumo, cuando no detecta tr&aacute;fico por la red. Estas reducciones de consumo nos han permitido eliminar los ventiladores en el dise&ntilde;o del DGS-1008P, lo que lo ha convertido en un dispositivo silencioso y ha aumentado significativamente su vida &uacute;til.<\/p>\n<p>&nbsp;<\/p><\/div>\n<p><\/p>\n<table class=\"tabla_caracteristicas\" width=\"100%\">\n<tbody>\n<tr>\n<td valign=\"top\" width=\"35%\"><span class=\"item_detail_comments\"><b><small><font face=\"Tahoma,Arial, Helvetica, sans-serif\" style=\"font-size: 11px\">Marca<\/font><\/small><\/b><\/span><\/td>\n<td valign=\"top\" width=\"65%\"><span class=\"item_detail_comments\"><small><font face=\"Tahoma,Arial, Helvetica, sans-serif\" style=\"font-size: 11px\">D-Link<\/font><\/small><\/span><\/td>\n<\/tr>\n<tr>\n<td valign=\"top\" width=\"35%\"><span class=\"item_detail_comments\"><b><small><font face=\"Tahoma,Arial, Helvetica, sans-serif\" style=\"font-size: 11px\">Modelo<\/font><\/small><\/b><\/span><\/td>\n<td valign=\"top\" width=\"65%\"><span class=\"item_detail_comments\"><strong><small><font face=\"Tahoma,Arial, Helvetica, sans-serif\" style=\"font-size: 11px\">DGS-1008P<\/font><\/small><\/strong><\/span><\/td>\n<\/tr>\n<tr>\n<td valign=\"top\" width=\"35%\"><span class=\"item_detail_comments\"><b><small><font face=\"Tahoma,Arial, Helvetica, sans-serif\" style=\"font-size: 11px\">Especificaciones<\/font><\/small><\/b><\/span><\/td>\n<td valign=\"top\" width=\"65%\">\n<div><span class=\"item_detail_comments\"><small><font face=\"Tahoma,Arial, Helvetica, sans-serif\" style=\"font-size: 11px\">&#8211; <strong>8 puertos 10\/100\/1000 Mbps<\/strong><\/font><\/small><\/span><\/div>\n<div><span class=\"item_detail_comments\"><small><font face=\"Tahoma,Arial, Helvetica, sans-serif\" style=\"font-size: 11px\"><strong>&nbsp;(4 puertos PoE)<\/strong><\/font><\/small><\/span><\/div>\n<div><span class=\"item_detail_comments\"><small><font face=\"Tahoma,Arial, Helvetica, sans-serif\" style=\"font-size: 11px\"><strong>Caracter&iacute;sticas clave<\/strong><br \/>\t\t\t&#8211; 8 puertos Gigabit a 10\/100\/1000 Mbps<br \/>\t\t\t&#8211; Auto MDI\/MDIX Crossover para todos los puertos<br \/>\t\t\t&#8211; Esquema de conmutaci&oacute;n store-and-forward (almacenar-retransmitir)<br \/>\t\t\t&#8211; Full\/half-duplex para velocidades Ethernet\/Fast Ethernet<br \/>\t\t\t&#8211; Control de flujo 802.3x<br \/>\t\t\t&#8211; Instalaci&oacute;n Plug and Play<br \/>\t\t\t&#8211; Tecnolog&iacute;a D-Link Green integrada<br \/>\t\t\t&#8211; Acorde con RoHS<br \/>\t\t\t&#8211; QoS IEEE 802.1p (4 colas, modo estricto)<br \/>\t\t\t&#8211; Soporta diagn&oacute;stico de cable<br \/>\t\t\t&#8211; Soporta tramas Jumbo 9720 Kbytes<br \/>\t\t\t<strong>Capacidad de conmutaci&oacute;n<\/strong><br \/>\t\t\t&#8211; 16 Gbps<br \/>\t\t\t<strong>Est&aacute;ndares<\/strong><br \/>\t\t\t&#8211; IEEE 802.3 10BASE-T Ethernet<br \/>\t\t\t&#8211; IEEE 802.3u 100BASE-TX Fast Ethernet<br \/>\t\t\t&#8211; IEEE 802.3ab 1000BASE-T Gigabit Ethernet<br \/>\t\t\t&#8211; ANSI\/IEEE 802.3 NWay Autonegoci&oacute;n<br \/>\t\t\t&#8211; Control de flujo 802.3x<br \/>\t\t\t&#8211; IEEE 802.1p QoS<br \/>\t\t\t<strong>Caracter&iacute;sticas PoE<\/strong><br \/>\t\t\t&#8211; Soporta IEEE 802.3af<br \/>\t\t\t&#8211; Proporciona alimentaci&oacute;n a PD: hasta 15,4 W<br \/>\t\t\t&#8211; Consumo PoE total: 52 W<br \/>\t\t\t<strong>Intercambio entre interfaces de medios<\/strong><br \/>\t\t\t&#8211; Ajuste auto MDI\/MDIX para todos los puertos<br \/>\t\t\t<strong>Indicadores LED<\/strong><br \/>\t\t\t&#8211; Por puerto: Link\/Activity\/Speed\/PoE Status<br \/>\t\t\t&#8211; Por dispositivo: Power\/PoE Max<br \/>\t\t\t<strong>M&eacute;todo de transmisi&oacute;n<\/strong><br \/>\t\t\t&#8211; Store-and-forward<br \/>\t\t\t<strong>Tabla de direcciones MAC<\/strong><br \/>\t\t\t&#8211; Entradas de 4 K<br \/>\t\t\t<strong>Buffer RAM<\/strong><br \/>\t\t\t&#8211; 192 Kbytes por puerto<br \/>\t\t\t<strong>Consumo el&eacute;ctrico<\/strong><br \/>\t\t\t&#8211; Encendido (en reposo): entrada DC: 0,48 W; entrada AC: 2,1 W<br \/>\t\t\t&#8211; M&aacute;ximo (PoE apagado): entrada DC: 4,48 W; entrada AC: 6,2 W<br \/>\t\t\t&#8211; M&aacute;ximo (PoE encendido): entrada DC: 57,83 W; entrada AC: 63,2 W<br \/>\t\t\t<strong>Adaptador de alimentaci&oacute;n<\/strong><br \/>\t\t\t&#8211; Entrada AC: de 100 a 240 V AC, 50\/60 Hz<br \/>\t\t\t&#8211; Salida DC: DC 48 V\/1,25 A (60 W)<br \/>\t\t\t<strong>Temperaturas<\/strong><br \/>\t\t\t&#8211; Dispositivo: de 0 &#730;C a 50 &#730;C<br \/>\t\t\t&#8211; Adaptador de alimentaci&oacute;n externo: de 0 &#730;C a 40 &#730;C<br \/>\t\t\t&#8211; De almacenamiento: de -40 &#730;C a 70 &#730;C<br \/>\t\t\t<strong>Dimensiones<\/strong><br \/>\t\t\t&#8211; 190 x 120 x 38 mm<br \/>\t\t\t<strong>Certificaciones<\/strong><br \/>\t\t\t&#8211; FCC Class B<br \/>\t\t\t&#8211; ICES-003 Class B<br \/>\t\t\t&#8211; CE Class B<br \/>\t\t\t&#8211; C-Tick Class B<br \/>\t\t\t&#8211; VCCI Class B<br \/>\t\t\t&#8211; cUL<br \/>\t\t\t&#8211; LVD<\/font><\/small><\/span><\/div>\n<\/td>\n<\/tr>\n<tr>\n<td valign=\"top\" width=\"35%\"><span class=\"item_detail_comments\"><b><small><font face=\"Tahoma,Arial, Helvetica, sans-serif\" style=\"font-size: 11px\">Fecha de revisi&oacute;n<\/font><\/small><\/b><\/span><\/td>\n<td valign=\"top\" width=\"65%\"><span class=\"item_detail_comments\"><small><font face=\"Tahoma,Arial, Helvetica, sans-serif\" style=\"font-size: 11px\">23-04-2014 por FE4<\/font><\/small><\/span><\/td>\n<\/tr>\n<\/tbody>\n<\/table>\n","protected":false},"excerpt":{"rendered":"<p>DGS-1008P &#8211; Funcionamiento Plug and Play&#8211; 4 puertos PoE&#8211; Velocidad Gigabit&#8211; Arquitectura sin bloqueo: m&aacute;xima velocidad simult&aacute;nea en todos los puertos&#8211; Sin ventilador, funcionamiento silencioso, ideal para cualquier entorno&#8211; Quality of Service (QoS) para priorizaci&oacute;n de datos&#8211; Funci&oacute;n de diagn&oacute;stico del cableado para ayudar en la soluci&oacute;n de problemas relacionados con los cables&#8211; Funci&oacute;n de&hellip;&nbsp;<a href=\"https:\/\/aivlisoft.net\/shop\/producto\/d-link-dgs-1008p-switch-8xgb-4xpoe\/\" rel=\"bookmark\"><span class=\"screen-reader-text\">D-Link DGS-1008P Switch 8xGB 4xPoE<\/span><\/a><\/p>\n","protected":false},"featured_media":21082,"template":"","meta":{"neve_meta_sidebar":"","neve_meta_container":"","neve_meta_enable_content_width":"","neve_meta_content_width":0,"neve_meta_title_alignment":"","neve_meta_author_avatar":"","neve_post_elements_order":"","neve_meta_disable_header":"","neve_meta_disable_footer":"","neve_meta_disable_title":""},"product_brand":[],"product_cat":[8773],"product_tag":[7477],"class_list":{"0":"post-21081","1":"product","2":"type-product","3":"status-publish","4":"has-post-thumbnail","6":"product_cat-switches-sobremesa","7":"product_tag-dgs-1008p","9":"first","10":"instock","11":"taxable","12":"shipping-taxable","13":"purchasable","14":"product-type-simple"},"yoast_head":"<!-- This site is optimized with the Yoast SEO plugin v26.0 - https:\/\/yoast.com\/wordpress\/plugins\/seo\/ -->\n<title>D-Link DGS-1008P Switch 8xGB 4xPoE - Aivlisoft Inform\u00e1tica<\/title>\n<meta name=\"robots\" content=\"index, follow, max-snippet:-1, max-image-preview:large, max-video-preview:-1\" \/>\n<link rel=\"canonical\" href=\"https:\/\/aivlisoft.net\/shop\/producto\/d-link-dgs-1008p-switch-8xgb-4xpoe\/\" \/>\n<meta property=\"og:locale\" content=\"es_ES\" \/>\n<meta property=\"og:type\" content=\"article\" \/>\n<meta property=\"og:title\" content=\"D-Link DGS-1008P Switch 8xGB 4xPoE - Aivlisoft Inform\u00e1tica\" \/>\n<meta property=\"og:description\" content=\"DGS-1008P &#8211; Funcionamiento Plug and Play&#8211; 4 puertos PoE&#8211; Velocidad Gigabit&#8211; Arquitectura sin bloqueo: m&aacute;xima velocidad simult&aacute;nea en todos los puertos&#8211; Sin ventilador, funcionamiento silencioso, ideal para cualquier entorno&#8211; Quality of Service (QoS) para priorizaci&oacute;n de datos&#8211; Funci&oacute;n de diagn&oacute;stico del cableado para ayudar en la soluci&oacute;n de problemas relacionados con los cables&#8211; Funci&oacute;n de&hellip;&nbsp;D-Link DGS-1008P Switch 8xGB 4xPoE\" \/>\n<meta property=\"og:url\" content=\"https:\/\/aivlisoft.net\/shop\/producto\/d-link-dgs-1008p-switch-8xgb-4xpoe\/\" \/>\n<meta property=\"og:site_name\" content=\"Aivlisoft Inform\u00e1tica\" \/>\n<meta property=\"article:modified_time\" content=\"2025-01-14T11:54:14+00:00\" \/>\n<meta property=\"og:image\" content=\"https:\/\/aivlisoft.net\/shop\/wp-content\/uploads\/2025\/01\/NSWSSO0157_800.jpg\" \/>\n\t<meta property=\"og:image:width\" content=\"800\" \/>\n\t<meta property=\"og:image:height\" content=\"800\" \/>\n\t<meta property=\"og:image:type\" content=\"image\/jpeg\" \/>\n<meta name=\"twitter:card\" content=\"summary_large_image\" \/>\n<meta name=\"twitter:label1\" content=\"Tiempo de lectura\" \/>\n\t<meta name=\"twitter:data1\" content=\"5 minutos\" \/>\n<script type=\"application\/ld+json\" class=\"yoast-schema-graph\">{\"@context\":\"https:\/\/schema.org\",\"@graph\":[{\"@type\":\"WebPage\",\"@id\":\"https:\/\/aivlisoft.net\/shop\/producto\/d-link-dgs-1008p-switch-8xgb-4xpoe\/\",\"url\":\"https:\/\/aivlisoft.net\/shop\/producto\/d-link-dgs-1008p-switch-8xgb-4xpoe\/\",\"name\":\"D-Link DGS-1008P Switch 8xGB 4xPoE - Aivlisoft Inform\u00e1tica\",\"isPartOf\":{\"@id\":\"https:\/\/aivlisoft.net\/shop\/#website\"},\"primaryImageOfPage\":{\"@id\":\"https:\/\/aivlisoft.net\/shop\/producto\/d-link-dgs-1008p-switch-8xgb-4xpoe\/#primaryimage\"},\"image\":{\"@id\":\"https:\/\/aivlisoft.net\/shop\/producto\/d-link-dgs-1008p-switch-8xgb-4xpoe\/#primaryimage\"},\"thumbnailUrl\":\"https:\/\/aivlisoft.net\/shop\/wp-content\/uploads\/2025\/01\/NSWSSO0157_800.jpg\",\"datePublished\":\"2025-01-13T15:49:57+00:00\",\"dateModified\":\"2025-01-14T11:54:14+00:00\",\"breadcrumb\":{\"@id\":\"https:\/\/aivlisoft.net\/shop\/producto\/d-link-dgs-1008p-switch-8xgb-4xpoe\/#breadcrumb\"},\"inLanguage\":\"es\",\"potentialAction\":[{\"@type\":\"ReadAction\",\"target\":[\"https:\/\/aivlisoft.net\/shop\/producto\/d-link-dgs-1008p-switch-8xgb-4xpoe\/\"]}]},{\"@type\":\"ImageObject\",\"inLanguage\":\"es\",\"@id\":\"https:\/\/aivlisoft.net\/shop\/producto\/d-link-dgs-1008p-switch-8xgb-4xpoe\/#primaryimage\",\"url\":\"https:\/\/aivlisoft.net\/shop\/wp-content\/uploads\/2025\/01\/NSWSSO0157_800.jpg\",\"contentUrl\":\"https:\/\/aivlisoft.net\/shop\/wp-content\/uploads\/2025\/01\/NSWSSO0157_800.jpg\",\"width\":800,\"height\":800},{\"@type\":\"BreadcrumbList\",\"@id\":\"https:\/\/aivlisoft.net\/shop\/producto\/d-link-dgs-1008p-switch-8xgb-4xpoe\/#breadcrumb\",\"itemListElement\":[{\"@type\":\"ListItem\",\"position\":1,\"name\":\"Portada\",\"item\":\"https:\/\/aivlisoft.net\/shop\/\"},{\"@type\":\"ListItem\",\"position\":2,\"name\":\"Tienda\",\"item\":\"https:\/\/aivlisoft.net\/shop\/tienda\/\"},{\"@type\":\"ListItem\",\"position\":3,\"name\":\"D-Link DGS-1008P Switch 8xGB 4xPoE\"}]},{\"@type\":\"WebSite\",\"@id\":\"https:\/\/aivlisoft.net\/shop\/#website\",\"url\":\"https:\/\/aivlisoft.net\/shop\/\",\"name\":\"Aivlisoft Inform\u00e1tica\",\"description\":\"En Aivlisoft Inform\u00e1tica ofrecemos soluciones tecnol\u00f3gicas para empresas: venta de ordenadores, consumibles, perif\u00e9ricos y m\u00e1s. Calidad, atenci\u00f3n personalizada y los mejores precios para tu negocio.\",\"publisher\":{\"@id\":\"https:\/\/aivlisoft.net\/shop\/#organization\"},\"potentialAction\":[{\"@type\":\"SearchAction\",\"target\":{\"@type\":\"EntryPoint\",\"urlTemplate\":\"https:\/\/aivlisoft.net\/shop\/?s={search_term_string}\"},\"query-input\":{\"@type\":\"PropertyValueSpecification\",\"valueRequired\":true,\"valueName\":\"search_term_string\"}}],\"inLanguage\":\"es\"},{\"@type\":\"Organization\",\"@id\":\"https:\/\/aivlisoft.net\/shop\/#organization\",\"name\":\"Aivlisoft Inform\u00e1tica\",\"url\":\"https:\/\/aivlisoft.net\/shop\/\",\"logo\":{\"@type\":\"ImageObject\",\"inLanguage\":\"es\",\"@id\":\"https:\/\/aivlisoft.net\/shop\/#\/schema\/logo\/image\/\",\"url\":\"https:\/\/aivlisoft.net\/shop\/wp-content\/uploads\/2024\/12\/removal.ai_5b848c54-0cdf-4140-95c5-c5536bb7573b-logodef.png\",\"contentUrl\":\"https:\/\/aivlisoft.net\/shop\/wp-content\/uploads\/2024\/12\/removal.ai_5b848c54-0cdf-4140-95c5-c5536bb7573b-logodef.png\",\"width\":484,\"height\":182,\"caption\":\"Aivlisoft Inform\u00e1tica\"},\"image\":{\"@id\":\"https:\/\/aivlisoft.net\/shop\/#\/schema\/logo\/image\/\"}}]}<\/script>\n<!-- \/ Yoast SEO plugin. -->","yoast_head_json":{"title":"D-Link DGS-1008P Switch 8xGB 4xPoE - Aivlisoft Inform\u00e1tica","robots":{"index":"index","follow":"follow","max-snippet":"max-snippet:-1","max-image-preview":"max-image-preview:large","max-video-preview":"max-video-preview:-1"},"canonical":"https:\/\/aivlisoft.net\/shop\/producto\/d-link-dgs-1008p-switch-8xgb-4xpoe\/","og_locale":"es_ES","og_type":"article","og_title":"D-Link DGS-1008P Switch 8xGB 4xPoE - Aivlisoft Inform\u00e1tica","og_description":"DGS-1008P &#8211; Funcionamiento Plug and Play&#8211; 4 puertos PoE&#8211; Velocidad Gigabit&#8211; Arquitectura sin bloqueo: m&aacute;xima velocidad simult&aacute;nea en todos los puertos&#8211; Sin ventilador, funcionamiento silencioso, ideal para cualquier entorno&#8211; Quality of Service (QoS) para priorizaci&oacute;n de datos&#8211; Funci&oacute;n de diagn&oacute;stico del cableado para ayudar en la soluci&oacute;n de problemas relacionados con los cables&#8211; Funci&oacute;n de&hellip;&nbsp;D-Link DGS-1008P Switch 8xGB 4xPoE","og_url":"https:\/\/aivlisoft.net\/shop\/producto\/d-link-dgs-1008p-switch-8xgb-4xpoe\/","og_site_name":"Aivlisoft Inform\u00e1tica","article_modified_time":"2025-01-14T11:54:14+00:00","og_image":[{"width":800,"height":800,"url":"https:\/\/aivlisoft.net\/shop\/wp-content\/uploads\/2025\/01\/NSWSSO0157_800.jpg","type":"image\/jpeg"}],"twitter_card":"summary_large_image","twitter_misc":{"Tiempo de lectura":"5 minutos"},"schema":{"@context":"https:\/\/schema.org","@graph":[{"@type":"WebPage","@id":"https:\/\/aivlisoft.net\/shop\/producto\/d-link-dgs-1008p-switch-8xgb-4xpoe\/","url":"https:\/\/aivlisoft.net\/shop\/producto\/d-link-dgs-1008p-switch-8xgb-4xpoe\/","name":"D-Link DGS-1008P Switch 8xGB 4xPoE - Aivlisoft Inform\u00e1tica","isPartOf":{"@id":"https:\/\/aivlisoft.net\/shop\/#website"},"primaryImageOfPage":{"@id":"https:\/\/aivlisoft.net\/shop\/producto\/d-link-dgs-1008p-switch-8xgb-4xpoe\/#primaryimage"},"image":{"@id":"https:\/\/aivlisoft.net\/shop\/producto\/d-link-dgs-1008p-switch-8xgb-4xpoe\/#primaryimage"},"thumbnailUrl":"https:\/\/aivlisoft.net\/shop\/wp-content\/uploads\/2025\/01\/NSWSSO0157_800.jpg","datePublished":"2025-01-13T15:49:57+00:00","dateModified":"2025-01-14T11:54:14+00:00","breadcrumb":{"@id":"https:\/\/aivlisoft.net\/shop\/producto\/d-link-dgs-1008p-switch-8xgb-4xpoe\/#breadcrumb"},"inLanguage":"es","potentialAction":[{"@type":"ReadAction","target":["https:\/\/aivlisoft.net\/shop\/producto\/d-link-dgs-1008p-switch-8xgb-4xpoe\/"]}]},{"@type":"ImageObject","inLanguage":"es","@id":"https:\/\/aivlisoft.net\/shop\/producto\/d-link-dgs-1008p-switch-8xgb-4xpoe\/#primaryimage","url":"https:\/\/aivlisoft.net\/shop\/wp-content\/uploads\/2025\/01\/NSWSSO0157_800.jpg","contentUrl":"https:\/\/aivlisoft.net\/shop\/wp-content\/uploads\/2025\/01\/NSWSSO0157_800.jpg","width":800,"height":800},{"@type":"BreadcrumbList","@id":"https:\/\/aivlisoft.net\/shop\/producto\/d-link-dgs-1008p-switch-8xgb-4xpoe\/#breadcrumb","itemListElement":[{"@type":"ListItem","position":1,"name":"Portada","item":"https:\/\/aivlisoft.net\/shop\/"},{"@type":"ListItem","position":2,"name":"Tienda","item":"https:\/\/aivlisoft.net\/shop\/tienda\/"},{"@type":"ListItem","position":3,"name":"D-Link DGS-1008P Switch 8xGB 4xPoE"}]},{"@type":"WebSite","@id":"https:\/\/aivlisoft.net\/shop\/#website","url":"https:\/\/aivlisoft.net\/shop\/","name":"Aivlisoft Inform\u00e1tica","description":"En Aivlisoft Inform\u00e1tica ofrecemos soluciones tecnol\u00f3gicas para empresas: venta de ordenadores, consumibles, perif\u00e9ricos y m\u00e1s. Calidad, atenci\u00f3n personalizada y los mejores precios para tu negocio.","publisher":{"@id":"https:\/\/aivlisoft.net\/shop\/#organization"},"potentialAction":[{"@type":"SearchAction","target":{"@type":"EntryPoint","urlTemplate":"https:\/\/aivlisoft.net\/shop\/?s={search_term_string}"},"query-input":{"@type":"PropertyValueSpecification","valueRequired":true,"valueName":"search_term_string"}}],"inLanguage":"es"},{"@type":"Organization","@id":"https:\/\/aivlisoft.net\/shop\/#organization","name":"Aivlisoft Inform\u00e1tica","url":"https:\/\/aivlisoft.net\/shop\/","logo":{"@type":"ImageObject","inLanguage":"es","@id":"https:\/\/aivlisoft.net\/shop\/#\/schema\/logo\/image\/","url":"https:\/\/aivlisoft.net\/shop\/wp-content\/uploads\/2024\/12\/removal.ai_5b848c54-0cdf-4140-95c5-c5536bb7573b-logodef.png","contentUrl":"https:\/\/aivlisoft.net\/shop\/wp-content\/uploads\/2024\/12\/removal.ai_5b848c54-0cdf-4140-95c5-c5536bb7573b-logodef.png","width":484,"height":182,"caption":"Aivlisoft Inform\u00e1tica"},"image":{"@id":"https:\/\/aivlisoft.net\/shop\/#\/schema\/logo\/image\/"}}]}},"_links":{"self":[{"href":"https:\/\/aivlisoft.net\/shop\/wp-json\/wp\/v2\/product\/21081","targetHints":{"allow":["GET"]}}],"collection":[{"href":"https:\/\/aivlisoft.net\/shop\/wp-json\/wp\/v2\/product"}],"about":[{"href":"https:\/\/aivlisoft.net\/shop\/wp-json\/wp\/v2\/types\/product"}],"wp:featuredmedia":[{"embeddable":true,"href":"https:\/\/aivlisoft.net\/shop\/wp-json\/wp\/v2\/media\/21082"}],"wp:attachment":[{"href":"https:\/\/aivlisoft.net\/shop\/wp-json\/wp\/v2\/media?parent=21081"}],"wp:term":[{"taxonomy":"product_brand","embeddable":true,"href":"https:\/\/aivlisoft.net\/shop\/wp-json\/wp\/v2\/product_brand?post=21081"},{"taxonomy":"product_cat","embeddable":true,"href":"https:\/\/aivlisoft.net\/shop\/wp-json\/wp\/v2\/product_cat?post=21081"},{"taxonomy":"product_tag","embeddable":true,"href":"https:\/\/aivlisoft.net\/shop\/wp-json\/wp\/v2\/product_tag?post=21081"}],"curies":[{"name":"wp","href":"https:\/\/api.w.org\/{rel}","templated":true}]}}