{"id":21073,"date":"2025-01-13T15:49:53","date_gmt":"2025-01-13T15:49:53","guid":{"rendered":"https:\/\/aivlisoft.com\/?post_type=product&#038;p=21073"},"modified":"2025-01-14T11:54:11","modified_gmt":"2025-01-14T11:54:11","slug":"d-link-dgs-108-switch-8xgb-metal","status":"publish","type":"product","link":"https:\/\/aivlisoft.net\/shop\/producto\/d-link-dgs-108-switch-8xgb-metal\/","title":{"rendered":"D-Link DGS-108 Switch 8xGB Metal"},"content":{"rendered":"<div><strong><\/strong>Este equipo ya soporta IGMP Snooping<br \/>Switches unmanaged con IGMP Snooping activado.<br \/>Concebidos para entornos dom&eacute;sticos o de peque&ntilde;a empresa con IPTV<br \/>Situaci&oacute;n habitual: cuando se est&aacute; viendo IPTV, la red, y sobre todo el Wi-Fi se ve afectado: el tr&aacute;fico multicast de IPTV se propaga por toda la red, impactando en el rendimiento de todos nuestros dispositivos<br \/>Utilizando un DGS-105 o un DGS-108, el tr&aacute;fico multicast llegar&aacute; al Set-Top Box de la TV<br \/>Carcasa met&aacute;lica<\/p>\n<p>&nbsp;<\/div>\n<p><\/p>\n<table class=\"tabla_caracteristicas k-table\" width=\"100%\">\n<tbody>\n<tr>\n<td valign=\"top\" width=\"35%\"><span class=\"item_detail_comments\"><strong><small><span style=\"font-face:Tahoma,Arial, Helvetica, sans-serif;\">Marca<\/span><\/small><\/strong><\/span><\/td>\n<td valign=\"top\" width=\"65%\"><span class=\"item_detail_comments\"><small><span style=\"font-face:Tahoma,Arial, Helvetica, sans-serif;\">D-Link<\/span><\/small><\/span><\/td>\n<\/tr>\n<tr>\n<td valign=\"top\" width=\"35%\"><span class=\"item_detail_comments\"><strong><small><span style=\"font-face:Tahoma,Arial, Helvetica, sans-serif;\">Modelo<\/span><\/small><\/strong><\/span><\/td>\n<td valign=\"top\" width=\"65%\"><span class=\"item_detail_comments\"><strong><small><span style=\"font-face:Tahoma,Arial, Helvetica, sans-serif;\">DGS-108<\/span><\/small><\/strong><\/span><\/td>\n<\/tr>\n<tr>\n<td valign=\"top\" width=\"35%\"><span class=\"item_detail_comments\"><strong><small><span style=\"font-face:Tahoma,Arial, Helvetica, sans-serif;\">Especificaciones<\/span><\/small><\/strong><\/span><\/td>\n<td valign=\"top\" width=\"65%\">\n<div><span class=\"item_detail_comments\"><small><span style=\"font-face:Tahoma,Arial, Helvetica, sans-serif;\">&#8211; <strong>8 puertos 10\/100\/1000 Mbps<\/strong><br \/><strong>Standards<\/strong><br \/>&#8211; IEEE 802.3 10BASE-T Ethernet<br \/>&#8211; IEEE 802.3u 100BASE-TX Fast Ethernet<br \/>&#8211; IEEE 802.3ab 1000BASE-T Gigabit Ethernet<br \/>&#8211; ANSI\/IEEE 802.3 NWay auto-negotiation<br \/>&#8211; IEEE 802.3x flow control<br \/>&#8211; IEEE 802.3az Energy Efficient Ethernet (EEE)<br \/><strong>Funciones Capa 2 <\/strong><br \/>&#8211; MAC address table: 8K<br \/>&#8211; Auto MDI\/MDIX crossover for all ports<br \/>&#8211; Store-and-forward switching scheme<br \/>&#8211; Full\/half-duplex for Ethernet\/Fast Ethernet speeds<br \/>&#8211; Full-duplex only for Gigabit Ethernet speed<br \/>&#8211; Jumbo Frames: 9000 Bytes<br \/><strong>Switching fabric<\/strong><br \/>&#8211; 16 Gbps<br \/><strong>Data Transfer Rates<\/strong><br \/>&#8211; Ethernet: 10 Mbps (half duplex), 20 Mbps (full duplex)<br \/>&#8211; Fast Ethernet: 100 Mbps (half duplex), 200 Mbps (full duplex)<br \/>&#8211; Gigabit Ethernet: 2000 Mbps (full duplex)<br \/><strong>Packet Filtering\/Forwarding Rates<\/strong><br \/>&#8211; Ethernet: 14,880 pps per port<br \/>&#8211; Fast Ethernet: 148,800 pps per port<br \/>&#8211; Gigabit Ethernet: 1,488,000 pps per port<br \/><strong>RAM Buffer<\/strong><br \/>&#8211; 128 KB<br \/><strong>LED Indicators<\/strong><br \/>&#8211; Per port: Link\/Activity\/Speed<br \/>&#8211; Per device: Power<br \/><strong>Quality of Service (QoS)<\/strong><br \/>&#8211; Supports 802.1p QoS<br \/>&#8211; 4 Queues, Strict Mode<br \/><strong>Funciones Green<\/strong><br \/>&#8211; Energy Efficient Ethernet (EEE) standard<br \/>&#8211; D-Link Green: power saving by cable length detection<br \/>&#8211; RoHS compliant<br \/><strong>Power<\/strong><br \/>&#8211; External 5 V\/1 A Level \u00abV\u00bb Power Adapter<br \/>Power Consumption (DC input)<br \/>&#8211; Standby: 0.55 watts<br \/>&#8211; Maximum 2.8 watts<br \/><strong>MTBF<\/strong><br \/>&#8211; 2,053,751 hours<br \/>Temperature<br \/>&#8211; Operating: 0 to 50 ?C<br \/>&#8211; Storage: -10 to 70 ?C<br \/><strong>Humidity<\/strong><br \/>&#8211; Operating: 10% to 90% RH non-condensing<br \/>&#8211; Storage: 5% to 90% RH non-condensing<br \/><strong>Dimensions <\/strong>(W x D x H)<br \/>&#8211; 162 x 102 x 28 mm<br \/><strong>Certifications<\/strong><br \/>&#8211; FCC Class B<br \/>&#8211; ICES-003 Class B<br \/>&#8211; CE Class B<br \/>&#8211; C-Tick Class B<br \/>&#8211; VCCI Class B<br \/>&#8211; cUL<br \/>&#8211; CB<\/span><\/small><\/span><\/div>\n<\/td>\n<\/tr>\n<tr>\n<td valign=\"top\" width=\"35%\"><span class=\"item_detail_comments\"><strong><small><span style=\"font-face:Tahoma,Arial, Helvetica, sans-serif;\">Fecha de revisi&oacute;n<\/span><\/small><\/strong><\/span><\/td>\n<td valign=\"top\" width=\"65%\"><span class=\"item_detail_comments\"><small><span style=\"font-face:Tahoma,Arial, Helvetica, sans-serif;\">27-12-2013 por FE4<\/span><\/small><\/span><\/td>\n<\/tr>\n<\/tbody>\n<\/table>\n","protected":false},"excerpt":{"rendered":"<p>Este equipo ya soporta IGMP SnoopingSwitches unmanaged con IGMP Snooping activado.Concebidos para entornos dom&eacute;sticos o de peque&ntilde;a empresa con IPTVSituaci&oacute;n habitual: cuando se est&aacute; viendo IPTV, la red, y sobre todo el Wi-Fi se ve afectado: el tr&aacute;fico multicast de IPTV se propaga por toda la red, impactando en el rendimiento de todos nuestros dispositivosUtilizando&hellip;&nbsp;<a href=\"https:\/\/aivlisoft.net\/shop\/producto\/d-link-dgs-108-switch-8xgb-metal\/\" rel=\"bookmark\"><span class=\"screen-reader-text\">D-Link DGS-108 Switch 8xGB Metal<\/span><\/a><\/p>\n","protected":false},"featured_media":21074,"template":"","meta":{"neve_meta_sidebar":"","neve_meta_container":"","neve_meta_enable_content_width":"","neve_meta_content_width":0,"neve_meta_title_alignment":"","neve_meta_author_avatar":"","neve_post_elements_order":"","neve_meta_disable_header":"","neve_meta_disable_footer":"","neve_meta_disable_title":""},"product_brand":[],"product_cat":[8773],"product_tag":[7474],"class_list":{"0":"post-21073","1":"product","2":"type-product","3":"status-publish","4":"has-post-thumbnail","6":"product_cat-switches-sobremesa","7":"product_tag-dgs-108","9":"first","10":"instock","11":"taxable","12":"shipping-taxable","13":"purchasable","14":"product-type-simple"},"yoast_head":"<!-- This site is optimized with the Yoast SEO plugin v26.0 - https:\/\/yoast.com\/wordpress\/plugins\/seo\/ -->\n<title>D-Link DGS-108 Switch 8xGB Metal - Aivlisoft Inform\u00e1tica<\/title>\n<meta name=\"robots\" content=\"index, follow, max-snippet:-1, max-image-preview:large, max-video-preview:-1\" \/>\n<link rel=\"canonical\" href=\"https:\/\/aivlisoft.net\/shop\/producto\/d-link-dgs-108-switch-8xgb-metal\/\" \/>\n<meta property=\"og:locale\" content=\"es_ES\" \/>\n<meta property=\"og:type\" content=\"article\" \/>\n<meta property=\"og:title\" content=\"D-Link DGS-108 Switch 8xGB Metal - Aivlisoft Inform\u00e1tica\" \/>\n<meta property=\"og:description\" content=\"Este equipo ya soporta IGMP SnoopingSwitches unmanaged con IGMP Snooping activado.Concebidos para entornos dom&eacute;sticos o de peque&ntilde;a empresa con IPTVSituaci&oacute;n habitual: cuando se est&aacute; viendo IPTV, la red, y sobre todo el Wi-Fi se ve afectado: el tr&aacute;fico multicast de IPTV se propaga por toda la red, impactando en el rendimiento de todos nuestros dispositivosUtilizando&hellip;&nbsp;D-Link DGS-108 Switch 8xGB Metal\" \/>\n<meta property=\"og:url\" content=\"https:\/\/aivlisoft.net\/shop\/producto\/d-link-dgs-108-switch-8xgb-metal\/\" \/>\n<meta property=\"og:site_name\" content=\"Aivlisoft Inform\u00e1tica\" \/>\n<meta property=\"article:modified_time\" content=\"2025-01-14T11:54:11+00:00\" \/>\n<meta property=\"og:image\" content=\"https:\/\/aivlisoft.net\/shop\/wp-content\/uploads\/2025\/01\/NSWSSO0136_800.jpg\" \/>\n\t<meta property=\"og:image:width\" content=\"800\" \/>\n\t<meta property=\"og:image:height\" content=\"800\" \/>\n\t<meta property=\"og:image:type\" content=\"image\/jpeg\" \/>\n<meta name=\"twitter:card\" content=\"summary_large_image\" \/>\n<meta name=\"twitter:label1\" content=\"Tiempo de lectura\" \/>\n\t<meta name=\"twitter:data1\" content=\"1 minuto\" \/>\n<script type=\"application\/ld+json\" class=\"yoast-schema-graph\">{\"@context\":\"https:\/\/schema.org\",\"@graph\":[{\"@type\":\"WebPage\",\"@id\":\"https:\/\/aivlisoft.net\/shop\/producto\/d-link-dgs-108-switch-8xgb-metal\/\",\"url\":\"https:\/\/aivlisoft.net\/shop\/producto\/d-link-dgs-108-switch-8xgb-metal\/\",\"name\":\"D-Link DGS-108 Switch 8xGB Metal - Aivlisoft Inform\u00e1tica\",\"isPartOf\":{\"@id\":\"https:\/\/aivlisoft.net\/shop\/#website\"},\"primaryImageOfPage\":{\"@id\":\"https:\/\/aivlisoft.net\/shop\/producto\/d-link-dgs-108-switch-8xgb-metal\/#primaryimage\"},\"image\":{\"@id\":\"https:\/\/aivlisoft.net\/shop\/producto\/d-link-dgs-108-switch-8xgb-metal\/#primaryimage\"},\"thumbnailUrl\":\"https:\/\/aivlisoft.net\/shop\/wp-content\/uploads\/2025\/01\/NSWSSO0136_800.jpg\",\"datePublished\":\"2025-01-13T15:49:53+00:00\",\"dateModified\":\"2025-01-14T11:54:11+00:00\",\"breadcrumb\":{\"@id\":\"https:\/\/aivlisoft.net\/shop\/producto\/d-link-dgs-108-switch-8xgb-metal\/#breadcrumb\"},\"inLanguage\":\"es\",\"potentialAction\":[{\"@type\":\"ReadAction\",\"target\":[\"https:\/\/aivlisoft.net\/shop\/producto\/d-link-dgs-108-switch-8xgb-metal\/\"]}]},{\"@type\":\"ImageObject\",\"inLanguage\":\"es\",\"@id\":\"https:\/\/aivlisoft.net\/shop\/producto\/d-link-dgs-108-switch-8xgb-metal\/#primaryimage\",\"url\":\"https:\/\/aivlisoft.net\/shop\/wp-content\/uploads\/2025\/01\/NSWSSO0136_800.jpg\",\"contentUrl\":\"https:\/\/aivlisoft.net\/shop\/wp-content\/uploads\/2025\/01\/NSWSSO0136_800.jpg\",\"width\":800,\"height\":800},{\"@type\":\"BreadcrumbList\",\"@id\":\"https:\/\/aivlisoft.net\/shop\/producto\/d-link-dgs-108-switch-8xgb-metal\/#breadcrumb\",\"itemListElement\":[{\"@type\":\"ListItem\",\"position\":1,\"name\":\"Portada\",\"item\":\"https:\/\/aivlisoft.net\/shop\/\"},{\"@type\":\"ListItem\",\"position\":2,\"name\":\"Tienda\",\"item\":\"https:\/\/aivlisoft.net\/shop\/tienda\/\"},{\"@type\":\"ListItem\",\"position\":3,\"name\":\"D-Link DGS-108 Switch 8xGB Metal\"}]},{\"@type\":\"WebSite\",\"@id\":\"https:\/\/aivlisoft.net\/shop\/#website\",\"url\":\"https:\/\/aivlisoft.net\/shop\/\",\"name\":\"Aivlisoft Inform\u00e1tica\",\"description\":\"En Aivlisoft Inform\u00e1tica ofrecemos soluciones tecnol\u00f3gicas para empresas: venta de ordenadores, consumibles, perif\u00e9ricos y m\u00e1s. Calidad, atenci\u00f3n personalizada y los mejores precios para tu negocio.\",\"publisher\":{\"@id\":\"https:\/\/aivlisoft.net\/shop\/#organization\"},\"potentialAction\":[{\"@type\":\"SearchAction\",\"target\":{\"@type\":\"EntryPoint\",\"urlTemplate\":\"https:\/\/aivlisoft.net\/shop\/?s={search_term_string}\"},\"query-input\":{\"@type\":\"PropertyValueSpecification\",\"valueRequired\":true,\"valueName\":\"search_term_string\"}}],\"inLanguage\":\"es\"},{\"@type\":\"Organization\",\"@id\":\"https:\/\/aivlisoft.net\/shop\/#organization\",\"name\":\"Aivlisoft Inform\u00e1tica\",\"url\":\"https:\/\/aivlisoft.net\/shop\/\",\"logo\":{\"@type\":\"ImageObject\",\"inLanguage\":\"es\",\"@id\":\"https:\/\/aivlisoft.net\/shop\/#\/schema\/logo\/image\/\",\"url\":\"https:\/\/aivlisoft.net\/shop\/wp-content\/uploads\/2024\/12\/removal.ai_5b848c54-0cdf-4140-95c5-c5536bb7573b-logodef.png\",\"contentUrl\":\"https:\/\/aivlisoft.net\/shop\/wp-content\/uploads\/2024\/12\/removal.ai_5b848c54-0cdf-4140-95c5-c5536bb7573b-logodef.png\",\"width\":484,\"height\":182,\"caption\":\"Aivlisoft Inform\u00e1tica\"},\"image\":{\"@id\":\"https:\/\/aivlisoft.net\/shop\/#\/schema\/logo\/image\/\"}}]}<\/script>\n<!-- \/ Yoast SEO plugin. -->","yoast_head_json":{"title":"D-Link DGS-108 Switch 8xGB Metal - Aivlisoft Inform\u00e1tica","robots":{"index":"index","follow":"follow","max-snippet":"max-snippet:-1","max-image-preview":"max-image-preview:large","max-video-preview":"max-video-preview:-1"},"canonical":"https:\/\/aivlisoft.net\/shop\/producto\/d-link-dgs-108-switch-8xgb-metal\/","og_locale":"es_ES","og_type":"article","og_title":"D-Link DGS-108 Switch 8xGB Metal - Aivlisoft Inform\u00e1tica","og_description":"Este equipo ya soporta IGMP SnoopingSwitches unmanaged con IGMP Snooping activado.Concebidos para entornos dom&eacute;sticos o de peque&ntilde;a empresa con IPTVSituaci&oacute;n habitual: cuando se est&aacute; viendo IPTV, la red, y sobre todo el Wi-Fi se ve afectado: el tr&aacute;fico multicast de IPTV se propaga por toda la red, impactando en el rendimiento de todos nuestros dispositivosUtilizando&hellip;&nbsp;D-Link DGS-108 Switch 8xGB Metal","og_url":"https:\/\/aivlisoft.net\/shop\/producto\/d-link-dgs-108-switch-8xgb-metal\/","og_site_name":"Aivlisoft Inform\u00e1tica","article_modified_time":"2025-01-14T11:54:11+00:00","og_image":[{"width":800,"height":800,"url":"https:\/\/aivlisoft.net\/shop\/wp-content\/uploads\/2025\/01\/NSWSSO0136_800.jpg","type":"image\/jpeg"}],"twitter_card":"summary_large_image","twitter_misc":{"Tiempo de lectura":"1 minuto"},"schema":{"@context":"https:\/\/schema.org","@graph":[{"@type":"WebPage","@id":"https:\/\/aivlisoft.net\/shop\/producto\/d-link-dgs-108-switch-8xgb-metal\/","url":"https:\/\/aivlisoft.net\/shop\/producto\/d-link-dgs-108-switch-8xgb-metal\/","name":"D-Link DGS-108 Switch 8xGB Metal - Aivlisoft Inform\u00e1tica","isPartOf":{"@id":"https:\/\/aivlisoft.net\/shop\/#website"},"primaryImageOfPage":{"@id":"https:\/\/aivlisoft.net\/shop\/producto\/d-link-dgs-108-switch-8xgb-metal\/#primaryimage"},"image":{"@id":"https:\/\/aivlisoft.net\/shop\/producto\/d-link-dgs-108-switch-8xgb-metal\/#primaryimage"},"thumbnailUrl":"https:\/\/aivlisoft.net\/shop\/wp-content\/uploads\/2025\/01\/NSWSSO0136_800.jpg","datePublished":"2025-01-13T15:49:53+00:00","dateModified":"2025-01-14T11:54:11+00:00","breadcrumb":{"@id":"https:\/\/aivlisoft.net\/shop\/producto\/d-link-dgs-108-switch-8xgb-metal\/#breadcrumb"},"inLanguage":"es","potentialAction":[{"@type":"ReadAction","target":["https:\/\/aivlisoft.net\/shop\/producto\/d-link-dgs-108-switch-8xgb-metal\/"]}]},{"@type":"ImageObject","inLanguage":"es","@id":"https:\/\/aivlisoft.net\/shop\/producto\/d-link-dgs-108-switch-8xgb-metal\/#primaryimage","url":"https:\/\/aivlisoft.net\/shop\/wp-content\/uploads\/2025\/01\/NSWSSO0136_800.jpg","contentUrl":"https:\/\/aivlisoft.net\/shop\/wp-content\/uploads\/2025\/01\/NSWSSO0136_800.jpg","width":800,"height":800},{"@type":"BreadcrumbList","@id":"https:\/\/aivlisoft.net\/shop\/producto\/d-link-dgs-108-switch-8xgb-metal\/#breadcrumb","itemListElement":[{"@type":"ListItem","position":1,"name":"Portada","item":"https:\/\/aivlisoft.net\/shop\/"},{"@type":"ListItem","position":2,"name":"Tienda","item":"https:\/\/aivlisoft.net\/shop\/tienda\/"},{"@type":"ListItem","position":3,"name":"D-Link DGS-108 Switch 8xGB Metal"}]},{"@type":"WebSite","@id":"https:\/\/aivlisoft.net\/shop\/#website","url":"https:\/\/aivlisoft.net\/shop\/","name":"Aivlisoft Inform\u00e1tica","description":"En Aivlisoft Inform\u00e1tica ofrecemos soluciones tecnol\u00f3gicas para empresas: venta de ordenadores, consumibles, perif\u00e9ricos y m\u00e1s. Calidad, atenci\u00f3n personalizada y los mejores precios para tu negocio.","publisher":{"@id":"https:\/\/aivlisoft.net\/shop\/#organization"},"potentialAction":[{"@type":"SearchAction","target":{"@type":"EntryPoint","urlTemplate":"https:\/\/aivlisoft.net\/shop\/?s={search_term_string}"},"query-input":{"@type":"PropertyValueSpecification","valueRequired":true,"valueName":"search_term_string"}}],"inLanguage":"es"},{"@type":"Organization","@id":"https:\/\/aivlisoft.net\/shop\/#organization","name":"Aivlisoft Inform\u00e1tica","url":"https:\/\/aivlisoft.net\/shop\/","logo":{"@type":"ImageObject","inLanguage":"es","@id":"https:\/\/aivlisoft.net\/shop\/#\/schema\/logo\/image\/","url":"https:\/\/aivlisoft.net\/shop\/wp-content\/uploads\/2024\/12\/removal.ai_5b848c54-0cdf-4140-95c5-c5536bb7573b-logodef.png","contentUrl":"https:\/\/aivlisoft.net\/shop\/wp-content\/uploads\/2024\/12\/removal.ai_5b848c54-0cdf-4140-95c5-c5536bb7573b-logodef.png","width":484,"height":182,"caption":"Aivlisoft Inform\u00e1tica"},"image":{"@id":"https:\/\/aivlisoft.net\/shop\/#\/schema\/logo\/image\/"}}]}},"_links":{"self":[{"href":"https:\/\/aivlisoft.net\/shop\/wp-json\/wp\/v2\/product\/21073","targetHints":{"allow":["GET"]}}],"collection":[{"href":"https:\/\/aivlisoft.net\/shop\/wp-json\/wp\/v2\/product"}],"about":[{"href":"https:\/\/aivlisoft.net\/shop\/wp-json\/wp\/v2\/types\/product"}],"wp:featuredmedia":[{"embeddable":true,"href":"https:\/\/aivlisoft.net\/shop\/wp-json\/wp\/v2\/media\/21074"}],"wp:attachment":[{"href":"https:\/\/aivlisoft.net\/shop\/wp-json\/wp\/v2\/media?parent=21073"}],"wp:term":[{"taxonomy":"product_brand","embeddable":true,"href":"https:\/\/aivlisoft.net\/shop\/wp-json\/wp\/v2\/product_brand?post=21073"},{"taxonomy":"product_cat","embeddable":true,"href":"https:\/\/aivlisoft.net\/shop\/wp-json\/wp\/v2\/product_cat?post=21073"},{"taxonomy":"product_tag","embeddable":true,"href":"https:\/\/aivlisoft.net\/shop\/wp-json\/wp\/v2\/product_tag?post=21073"}],"curies":[{"name":"wp","href":"https:\/\/api.w.org\/{rel}","templated":true}]}}