{"id":21064,"date":"2025-01-13T15:49:49","date_gmt":"2025-01-13T15:49:49","guid":{"rendered":"https:\/\/aivlisoft.com\/?post_type=product&#038;p=21064"},"modified":"2025-01-14T11:54:10","modified_gmt":"2025-01-14T11:54:10","slug":"d-link-go-sw-8e-switch-8x10-100mbps-mini","status":"publish","type":"product","link":"https:\/\/aivlisoft.net\/shop\/producto\/d-link-go-sw-8e-switch-8x10-100mbps-mini\/","title":{"rendered":"D-Link GO-SW-8E Switch 8&#215;10\/100Mbps Mini"},"content":{"rendered":"<table class=\"tabla_caracteristicas\" width=\"100%\">\n<tbody>\n<tr>\n<td valign=\"top\" width=\"35%\">\t\t\t\t<b><small><font face=\"Tahoma,Arial, Helvetica, sans-serif\" style=\"font-size: 11px\">Marca<\/font><\/small><\/b><\/td>\n<td valign=\"top\" width=\"65%\">\t\t\t\t<small><font face=\"Tahoma,Arial, Helvetica, sans-serif\" style=\"font-size: 11px\">D-LINK<\/font><\/small><\/td>\n<\/tr>\n<tr>\n<td valign=\"top\" width=\"35%\">\t\t\t\t<b><small><font face=\"Tahoma,Arial, Helvetica, sans-serif\" style=\"font-size: 11px\">Modelo<\/font><\/small><\/b><\/td>\n<td valign=\"top\" width=\"65%\">\t\t\t\t<strong><small><font face=\"Tahoma,Arial, Helvetica, sans-serif\" style=\"font-size: 11px\">GO-SW-8E<\/font><\/small><\/strong><\/td>\n<\/tr>\n<tr>\n<td valign=\"top\" width=\"35%\">\t\t\t\t<b><small><font face=\"Tahoma,Arial, Helvetica, sans-serif\" style=\"font-size: 11px\">Caracter&iacute;sitcas<\/font><\/small><\/b><\/td>\n<td valign=\"top\" width=\"65%\">\n<div>\t\t\t\t\t<small><font face=\"Tahoma,Arial, Helvetica, sans-serif\" style=\"font-size: 11px\">Redes de alta velocidad<br \/>\t\t\t\t\t&#8211; Ocho de 10\/100 Mbps puertos Fast Ethernet<br \/>\t\t\t\t\t&#8211; Full \/ half-duplex para velocidades Ethernet \/ Fast Ethernet<br \/>\t\t\t\t\tConfiabilidad<br \/>\t\t\t\t\t&#8211; Control de flujo IEEE 802.3x<br \/>\t\t\t\t\t&#8211; Tienda y con visi&oacute;n de esquema de conmutaci&oacute;n<br \/>\t\t\t\t\t&#8211; Cumple la directiva RoHS<br \/>\t\t\t\t\tF&aacute;cil instalaci&oacute;n<br \/>\t\t\t\t\t&#8211; Instalaci&oacute;n plug- and-play<br \/>\t\t\t\t\t&#8211; Auto MDI \/ MDIX en todos los puertos de cruce<br \/>\t\t\t\t\tD-Link Green Technology<br \/>\t\t\t\t\t&#8211; IEEE 802.3az Energy Efficient Ethernet<br \/>\t\t\t\t\t&#8211; Puerto standby<br \/>\t\t\t\t\t&#8211; Detecci&oacute;n de longitud de cable<br \/>\t\t\t\t\t&#8211; Detecci&oacute;n de estado de enlace<br \/>\t\t\t\t\tDise&ntilde;o con estilo<br \/>\t\t\t\t\t&#8211; Chasis compacto y ligero<br \/>\t\t\t\t\t&#8211; Puertos ubicados convenientemente en la parte trasera<br \/>\t\t\t\t\t&#8211; Sin Ruido funcionamiento<\/font><\/small><\/div>\n<\/td>\n<\/tr>\n<tr>\n<td valign=\"top\" width=\"35%\">\t\t\t\t<b><small><font face=\"Tahoma,Arial, Helvetica, sans-serif\" style=\"font-size: 11px\">Especificaciones t&eacute;cnicas<br \/>\t\t\t\t<\/font><\/small><\/b><\/td>\n<td valign=\"top\" width=\"65%\">\n<div>\t\t\t\t\t<small><font face=\"Tahoma,Arial, Helvetica, sans-serif\" style=\"font-size: 11px\">Interfaces de dispositivos<br \/>\t\t\t\t\t&#8211; Ocho puertos 10\/100 LAN Fast Ethernet<br \/>\t\t\t\t\tFunciones avanzadas<br \/>\t\t\t\t\t&#8211; verde Ethernet<br \/>\t\t\t\t\t&#8211; 1.6 Estructura de conmutaci&oacute;n Gbps<br \/>\t\t\t\t\t&#8211; Auto MDI \/ MDIX en todos los puertos de cruce<br \/>\t\t\t\t\t&#8211; Asegure de almacenamiento y retransmisi&oacute;n esquema de conmutaci&oacute;n<br \/>\t\t\t\t\t&#8211; El cumplimiento de IEEE802.3az ahorro de energ&iacute;a AEE<br \/>\t\t\t\t\t&#8211; Full \/ half-duplex para velocidades Ethernet \/ Fast Ethernet<br \/>\t\t\t\t\t&#8211; Control de flujo IEEE 802.3x<br \/>\t\t\t\t\t&#8211; Instalaci&oacute;n plug- and-play<br \/>\t\t\t\t\t&#8211; Cumple la directiva RoHS<br \/>\t\t\t\t\t&#8211; Compatible con Jumbo Frames de 2048 bytes<br \/>\t\t\t\t\tProtocolo<br \/>\t\t\t\t\t&#8211; CSMA \/ CD<br \/>\t\t\t\t\tTransferencia de datos<br \/>\t\t\t\t\t&#8211; Cambio Ethernet :<br \/>\t\t\t\t\t&#8211; &#8211; 10 Mbps ( half duplex )<br \/>\t\t\t\t\t&#8211; &#8211; 20 Mbps ( d&uacute;plex completo)<br \/>\t\t\t\t\t&#8211; Fast Ethernet:<br \/>\t\t\t\t\t&#8211; &#8211; 100 Mbps ( half duplex )<br \/>\t\t\t\t\t&#8211; &#8211; 200 Mbps ( d&uacute;plex completo)<br \/>\t\t\t\t\tM&eacute;todo de transmisi&oacute;n<br \/>\t\t\t\t\t&#8211; Store-and -forward<br \/>\t\t\t\t\tTabla de direcciones MAC<br \/>\t\t\t\t\t&#8211; 2K<br \/>\t\t\t\t\tMAC Address Learning<br \/>\t\t\t\t\t&#8211; actualizaci&oacute;n autom&aacute;tica<br \/>\t\t\t\t\tFiltrado de paquetes \/ transmisi&oacute;n de las tasas<br \/>\t\t\t\t\t&#8211; Ethernet: 14,880 pps por puerto<br \/>\t\t\t\t\t&#8211; Fast Ethernet: 148,800 pps por puerto<br \/>\t\t\t\t\tEl buffer de RAM<br \/>\t\t\t\t\t&#8211; 128 KB por dispositivo<br \/>\t\t\t\t\t<\/font><\/small><\/div>\n<\/td>\n<\/tr>\n<tr>\n<td valign=\"top\" width=\"35%\">\t\t\t\t<b><small><font face=\"Tahoma,Arial, Helvetica, sans-serif\" style=\"font-size: 11px\">Caracteristicas F&iacute;sicas<br \/>\t\t\t\t<\/font><\/small><\/b><\/td>\n<td valign=\"top\" width=\"65%\">\n<div>\t\t\t\t\t<small><font face=\"Tahoma,Arial, Helvetica, sans-serif\" style=\"font-size: 11px\">Indicadores LED<br \/>\t\t\t\t\t&#8211; Por puerto : Enlace \/ Actividad<br \/>\t\t\t\t\t&#8211; Por dispositivo : Power<br \/>\t\t\t\t\tMedia Interface Tipo<br \/>\t\t\t\t\t&#8211; MDI \/ MDIX ajuste autom&aacute;tico para todos los puertos<br \/>\t\t\t\t\tDimensiones<br \/>\t\t\t\t\t&#8211; 141.5 x 78.5 x 23.8 mm ( 5.57 x 3.09 x 0.94 pulgadas)<br \/>\t\t\t\t\tPotencia<br \/>\t\t\t\t\t&#8211; 5 V \/ 1 A Adaptador de corriente<br \/>\t\t\t\t\tDisipaci&oacute;n de calor<br \/>\t\t\t\t\t&#8211; Encendido ( Standby ): Entrada AC: 2.0472 Btu \/ h<br \/>\t\t\t\t\t&#8211; M&aacute;ximo: entrada de CA : 7.47228 Btu \/ h<br \/>\t\t\t\t\tConsumo de energ&iacute;a<br \/>\t\t\t\t\t&#8211; Encendido ( Standby ): Entrada DC: 0,36 vatios , entrada de CA : 0,6 vatios<br \/>\t\t\t\t\t&#8211; M&aacute;ximo: entrada DC: 1,78 vatios , entrada de CA : 2,19 vatios<br \/>\t\t\t\t\t&#8211; Link Up : Modo EEE : Entrada de CC: 0,75 vatios de entrada de CA : 1,1 . watts<br \/>\t\t\t\t\tTemperatura<br \/>\t\t\t\t\t&#8211; En funcionamiento: 0 a 50 &deg; C ( 14 a 158 &deg; F)<br \/>\t\t\t\t\t&#8211; Almacenamiento : -10 a 70 &deg; C ( 14 a 158 &deg; F )<br \/>\t\t\t\t\tHumedad<br \/>\t\t\t\t\t&#8211; En funcionamiento: 10 % a 90 % sin condensaci&oacute;n<br \/>\t\t\t\t\t&#8211; Almacenamiento: 5 % a 90 % sin condensaci&oacute;n<br \/>\t\t\t\t\tMTBF<br \/>\t\t\t\t\t&#8211; 2.137.319 horas<br \/>\t\t\t\t\tCertificaciones<br \/>\t\t\t\t\t&#8211; CE Clase B<br \/>\t\t\t\t\t&#8211; FCC clase B<br \/>\t\t\t\t\t&#8211; cUL<br \/>\t\t\t\t\t&#8211; CB<br \/>\t\t\t\t\t&#8211; VCCI Class B<\/font><\/small><\/div>\n<\/td>\n<\/tr>\n<tr>\n<td valign=\"top\" width=\"35%\">\t\t\t\t<b><small><font face=\"Tahoma,Arial, Helvetica, sans-serif\" style=\"font-size: 11px\">Fecha de revisi&oacute;n<\/font><\/small><\/b><\/td>\n<td valign=\"top\" width=\"65%\">\t\t\t\t<small><font face=\"Tahoma,Arial, Helvetica, sans-serif\" style=\"font-size: 11px\">11-09-2013 por DAV<\/font><\/small><\/td>\n<\/tr>\n<\/tbody>\n<\/table>\n","protected":false},"excerpt":{"rendered":"<p>Marca D-LINK Modelo GO-SW-8E Caracter&iacute;sitcas Redes de alta velocidad &#8211; Ocho de 10\/100 Mbps puertos Fast Ethernet &#8211; Full \/ half-duplex para velocidades Ethernet \/ Fast Ethernet Confiabilidad &#8211; Control de flujo IEEE 802.3x &#8211; Tienda y con visi&oacute;n de esquema de conmutaci&oacute;n &#8211; Cumple la directiva RoHS F&aacute;cil instalaci&oacute;n &#8211; Instalaci&oacute;n plug- and-play &#8211;&hellip;&nbsp;<a href=\"https:\/\/aivlisoft.net\/shop\/producto\/d-link-go-sw-8e-switch-8x10-100mbps-mini\/\" rel=\"bookmark\"><span class=\"screen-reader-text\">D-Link GO-SW-8E Switch 8&#215;10\/100Mbps Mini<\/span><\/a><\/p>\n","protected":false},"featured_media":21065,"template":"","meta":{"neve_meta_sidebar":"","neve_meta_container":"","neve_meta_enable_content_width":"","neve_meta_content_width":0,"neve_meta_title_alignment":"","neve_meta_author_avatar":"","neve_post_elements_order":"","neve_meta_disable_header":"","neve_meta_disable_footer":"","neve_meta_disable_title":""},"product_brand":[],"product_cat":[8773],"product_tag":[7472],"class_list":{"0":"post-21064","1":"product","2":"type-product","3":"status-publish","4":"has-post-thumbnail","6":"product_cat-switches-sobremesa","7":"product_tag-go-sw-8e","9":"first","10":"instock","11":"taxable","12":"shipping-taxable","13":"purchasable","14":"product-type-simple"},"yoast_head":"<!-- This site is optimized with the Yoast SEO plugin v26.0 - https:\/\/yoast.com\/wordpress\/plugins\/seo\/ -->\n<title>D-Link GO-SW-8E Switch 8x10\/100Mbps Mini - Aivlisoft Inform\u00e1tica<\/title>\n<meta name=\"robots\" content=\"index, follow, max-snippet:-1, max-image-preview:large, max-video-preview:-1\" \/>\n<link rel=\"canonical\" href=\"https:\/\/aivlisoft.net\/shop\/producto\/d-link-go-sw-8e-switch-8x10-100mbps-mini\/\" \/>\n<meta property=\"og:locale\" content=\"es_ES\" \/>\n<meta property=\"og:type\" content=\"article\" \/>\n<meta property=\"og:title\" content=\"D-Link GO-SW-8E Switch 8x10\/100Mbps Mini - Aivlisoft Inform\u00e1tica\" \/>\n<meta property=\"og:description\" content=\"Marca D-LINK Modelo GO-SW-8E Caracter&iacute;sitcas Redes de alta velocidad &#8211; Ocho de 10\/100 Mbps puertos Fast Ethernet &#8211; Full \/ half-duplex para velocidades Ethernet \/ Fast Ethernet Confiabilidad &#8211; Control de flujo IEEE 802.3x &#8211; Tienda y con visi&oacute;n de esquema de conmutaci&oacute;n &#8211; Cumple la directiva RoHS F&aacute;cil instalaci&oacute;n &#8211; Instalaci&oacute;n plug- and-play &#8211;&hellip;&nbsp;D-Link GO-SW-8E Switch 8&#215;10\/100Mbps Mini\" \/>\n<meta property=\"og:url\" content=\"https:\/\/aivlisoft.net\/shop\/producto\/d-link-go-sw-8e-switch-8x10-100mbps-mini\/\" \/>\n<meta property=\"og:site_name\" content=\"Aivlisoft Inform\u00e1tica\" \/>\n<meta property=\"article:modified_time\" content=\"2025-01-14T11:54:10+00:00\" \/>\n<meta property=\"og:image\" content=\"https:\/\/aivlisoft.net\/shop\/wp-content\/uploads\/2025\/01\/NSWSSO0132_800.jpg\" \/>\n\t<meta property=\"og:image:width\" content=\"800\" \/>\n\t<meta property=\"og:image:height\" content=\"800\" \/>\n\t<meta property=\"og:image:type\" content=\"image\/jpeg\" \/>\n<meta name=\"twitter:card\" content=\"summary_large_image\" \/>\n<meta name=\"twitter:label1\" content=\"Tiempo de lectura\" \/>\n\t<meta name=\"twitter:data1\" content=\"2 minutos\" \/>\n<script type=\"application\/ld+json\" class=\"yoast-schema-graph\">{\"@context\":\"https:\/\/schema.org\",\"@graph\":[{\"@type\":\"WebPage\",\"@id\":\"https:\/\/aivlisoft.net\/shop\/producto\/d-link-go-sw-8e-switch-8x10-100mbps-mini\/\",\"url\":\"https:\/\/aivlisoft.net\/shop\/producto\/d-link-go-sw-8e-switch-8x10-100mbps-mini\/\",\"name\":\"D-Link GO-SW-8E Switch 8x10\/100Mbps Mini - Aivlisoft Inform\u00e1tica\",\"isPartOf\":{\"@id\":\"https:\/\/aivlisoft.net\/shop\/#website\"},\"primaryImageOfPage\":{\"@id\":\"https:\/\/aivlisoft.net\/shop\/producto\/d-link-go-sw-8e-switch-8x10-100mbps-mini\/#primaryimage\"},\"image\":{\"@id\":\"https:\/\/aivlisoft.net\/shop\/producto\/d-link-go-sw-8e-switch-8x10-100mbps-mini\/#primaryimage\"},\"thumbnailUrl\":\"https:\/\/aivlisoft.net\/shop\/wp-content\/uploads\/2025\/01\/NSWSSO0132_800.jpg\",\"datePublished\":\"2025-01-13T15:49:49+00:00\",\"dateModified\":\"2025-01-14T11:54:10+00:00\",\"breadcrumb\":{\"@id\":\"https:\/\/aivlisoft.net\/shop\/producto\/d-link-go-sw-8e-switch-8x10-100mbps-mini\/#breadcrumb\"},\"inLanguage\":\"es\",\"potentialAction\":[{\"@type\":\"ReadAction\",\"target\":[\"https:\/\/aivlisoft.net\/shop\/producto\/d-link-go-sw-8e-switch-8x10-100mbps-mini\/\"]}]},{\"@type\":\"ImageObject\",\"inLanguage\":\"es\",\"@id\":\"https:\/\/aivlisoft.net\/shop\/producto\/d-link-go-sw-8e-switch-8x10-100mbps-mini\/#primaryimage\",\"url\":\"https:\/\/aivlisoft.net\/shop\/wp-content\/uploads\/2025\/01\/NSWSSO0132_800.jpg\",\"contentUrl\":\"https:\/\/aivlisoft.net\/shop\/wp-content\/uploads\/2025\/01\/NSWSSO0132_800.jpg\",\"width\":800,\"height\":800},{\"@type\":\"BreadcrumbList\",\"@id\":\"https:\/\/aivlisoft.net\/shop\/producto\/d-link-go-sw-8e-switch-8x10-100mbps-mini\/#breadcrumb\",\"itemListElement\":[{\"@type\":\"ListItem\",\"position\":1,\"name\":\"Portada\",\"item\":\"https:\/\/aivlisoft.net\/shop\/\"},{\"@type\":\"ListItem\",\"position\":2,\"name\":\"Tienda\",\"item\":\"https:\/\/aivlisoft.net\/shop\/tienda\/\"},{\"@type\":\"ListItem\",\"position\":3,\"name\":\"D-Link GO-SW-8E Switch 8&#215;10\/100Mbps Mini\"}]},{\"@type\":\"WebSite\",\"@id\":\"https:\/\/aivlisoft.net\/shop\/#website\",\"url\":\"https:\/\/aivlisoft.net\/shop\/\",\"name\":\"Aivlisoft Inform\u00e1tica\",\"description\":\"En Aivlisoft Inform\u00e1tica ofrecemos soluciones tecnol\u00f3gicas para empresas: venta de ordenadores, consumibles, perif\u00e9ricos y m\u00e1s. Calidad, atenci\u00f3n personalizada y los mejores precios para tu negocio.\",\"publisher\":{\"@id\":\"https:\/\/aivlisoft.net\/shop\/#organization\"},\"potentialAction\":[{\"@type\":\"SearchAction\",\"target\":{\"@type\":\"EntryPoint\",\"urlTemplate\":\"https:\/\/aivlisoft.net\/shop\/?s={search_term_string}\"},\"query-input\":{\"@type\":\"PropertyValueSpecification\",\"valueRequired\":true,\"valueName\":\"search_term_string\"}}],\"inLanguage\":\"es\"},{\"@type\":\"Organization\",\"@id\":\"https:\/\/aivlisoft.net\/shop\/#organization\",\"name\":\"Aivlisoft Inform\u00e1tica\",\"url\":\"https:\/\/aivlisoft.net\/shop\/\",\"logo\":{\"@type\":\"ImageObject\",\"inLanguage\":\"es\",\"@id\":\"https:\/\/aivlisoft.net\/shop\/#\/schema\/logo\/image\/\",\"url\":\"https:\/\/aivlisoft.net\/shop\/wp-content\/uploads\/2024\/12\/removal.ai_5b848c54-0cdf-4140-95c5-c5536bb7573b-logodef.png\",\"contentUrl\":\"https:\/\/aivlisoft.net\/shop\/wp-content\/uploads\/2024\/12\/removal.ai_5b848c54-0cdf-4140-95c5-c5536bb7573b-logodef.png\",\"width\":484,\"height\":182,\"caption\":\"Aivlisoft Inform\u00e1tica\"},\"image\":{\"@id\":\"https:\/\/aivlisoft.net\/shop\/#\/schema\/logo\/image\/\"}}]}<\/script>\n<!-- \/ Yoast SEO plugin. -->","yoast_head_json":{"title":"D-Link GO-SW-8E Switch 8x10\/100Mbps Mini - Aivlisoft Inform\u00e1tica","robots":{"index":"index","follow":"follow","max-snippet":"max-snippet:-1","max-image-preview":"max-image-preview:large","max-video-preview":"max-video-preview:-1"},"canonical":"https:\/\/aivlisoft.net\/shop\/producto\/d-link-go-sw-8e-switch-8x10-100mbps-mini\/","og_locale":"es_ES","og_type":"article","og_title":"D-Link GO-SW-8E Switch 8x10\/100Mbps Mini - Aivlisoft Inform\u00e1tica","og_description":"Marca D-LINK Modelo GO-SW-8E Caracter&iacute;sitcas Redes de alta velocidad &#8211; Ocho de 10\/100 Mbps puertos Fast Ethernet &#8211; Full \/ half-duplex para velocidades Ethernet \/ Fast Ethernet Confiabilidad &#8211; Control de flujo IEEE 802.3x &#8211; Tienda y con visi&oacute;n de esquema de conmutaci&oacute;n &#8211; Cumple la directiva RoHS F&aacute;cil instalaci&oacute;n &#8211; Instalaci&oacute;n plug- and-play &#8211;&hellip;&nbsp;D-Link GO-SW-8E Switch 8&#215;10\/100Mbps Mini","og_url":"https:\/\/aivlisoft.net\/shop\/producto\/d-link-go-sw-8e-switch-8x10-100mbps-mini\/","og_site_name":"Aivlisoft Inform\u00e1tica","article_modified_time":"2025-01-14T11:54:10+00:00","og_image":[{"width":800,"height":800,"url":"https:\/\/aivlisoft.net\/shop\/wp-content\/uploads\/2025\/01\/NSWSSO0132_800.jpg","type":"image\/jpeg"}],"twitter_card":"summary_large_image","twitter_misc":{"Tiempo de lectura":"2 minutos"},"schema":{"@context":"https:\/\/schema.org","@graph":[{"@type":"WebPage","@id":"https:\/\/aivlisoft.net\/shop\/producto\/d-link-go-sw-8e-switch-8x10-100mbps-mini\/","url":"https:\/\/aivlisoft.net\/shop\/producto\/d-link-go-sw-8e-switch-8x10-100mbps-mini\/","name":"D-Link GO-SW-8E Switch 8x10\/100Mbps Mini - Aivlisoft Inform\u00e1tica","isPartOf":{"@id":"https:\/\/aivlisoft.net\/shop\/#website"},"primaryImageOfPage":{"@id":"https:\/\/aivlisoft.net\/shop\/producto\/d-link-go-sw-8e-switch-8x10-100mbps-mini\/#primaryimage"},"image":{"@id":"https:\/\/aivlisoft.net\/shop\/producto\/d-link-go-sw-8e-switch-8x10-100mbps-mini\/#primaryimage"},"thumbnailUrl":"https:\/\/aivlisoft.net\/shop\/wp-content\/uploads\/2025\/01\/NSWSSO0132_800.jpg","datePublished":"2025-01-13T15:49:49+00:00","dateModified":"2025-01-14T11:54:10+00:00","breadcrumb":{"@id":"https:\/\/aivlisoft.net\/shop\/producto\/d-link-go-sw-8e-switch-8x10-100mbps-mini\/#breadcrumb"},"inLanguage":"es","potentialAction":[{"@type":"ReadAction","target":["https:\/\/aivlisoft.net\/shop\/producto\/d-link-go-sw-8e-switch-8x10-100mbps-mini\/"]}]},{"@type":"ImageObject","inLanguage":"es","@id":"https:\/\/aivlisoft.net\/shop\/producto\/d-link-go-sw-8e-switch-8x10-100mbps-mini\/#primaryimage","url":"https:\/\/aivlisoft.net\/shop\/wp-content\/uploads\/2025\/01\/NSWSSO0132_800.jpg","contentUrl":"https:\/\/aivlisoft.net\/shop\/wp-content\/uploads\/2025\/01\/NSWSSO0132_800.jpg","width":800,"height":800},{"@type":"BreadcrumbList","@id":"https:\/\/aivlisoft.net\/shop\/producto\/d-link-go-sw-8e-switch-8x10-100mbps-mini\/#breadcrumb","itemListElement":[{"@type":"ListItem","position":1,"name":"Portada","item":"https:\/\/aivlisoft.net\/shop\/"},{"@type":"ListItem","position":2,"name":"Tienda","item":"https:\/\/aivlisoft.net\/shop\/tienda\/"},{"@type":"ListItem","position":3,"name":"D-Link GO-SW-8E Switch 8&#215;10\/100Mbps Mini"}]},{"@type":"WebSite","@id":"https:\/\/aivlisoft.net\/shop\/#website","url":"https:\/\/aivlisoft.net\/shop\/","name":"Aivlisoft Inform\u00e1tica","description":"En Aivlisoft Inform\u00e1tica ofrecemos soluciones tecnol\u00f3gicas para empresas: venta de ordenadores, consumibles, perif\u00e9ricos y m\u00e1s. Calidad, atenci\u00f3n personalizada y los mejores precios para tu negocio.","publisher":{"@id":"https:\/\/aivlisoft.net\/shop\/#organization"},"potentialAction":[{"@type":"SearchAction","target":{"@type":"EntryPoint","urlTemplate":"https:\/\/aivlisoft.net\/shop\/?s={search_term_string}"},"query-input":{"@type":"PropertyValueSpecification","valueRequired":true,"valueName":"search_term_string"}}],"inLanguage":"es"},{"@type":"Organization","@id":"https:\/\/aivlisoft.net\/shop\/#organization","name":"Aivlisoft Inform\u00e1tica","url":"https:\/\/aivlisoft.net\/shop\/","logo":{"@type":"ImageObject","inLanguage":"es","@id":"https:\/\/aivlisoft.net\/shop\/#\/schema\/logo\/image\/","url":"https:\/\/aivlisoft.net\/shop\/wp-content\/uploads\/2024\/12\/removal.ai_5b848c54-0cdf-4140-95c5-c5536bb7573b-logodef.png","contentUrl":"https:\/\/aivlisoft.net\/shop\/wp-content\/uploads\/2024\/12\/removal.ai_5b848c54-0cdf-4140-95c5-c5536bb7573b-logodef.png","width":484,"height":182,"caption":"Aivlisoft Inform\u00e1tica"},"image":{"@id":"https:\/\/aivlisoft.net\/shop\/#\/schema\/logo\/image\/"}}]}},"_links":{"self":[{"href":"https:\/\/aivlisoft.net\/shop\/wp-json\/wp\/v2\/product\/21064","targetHints":{"allow":["GET"]}}],"collection":[{"href":"https:\/\/aivlisoft.net\/shop\/wp-json\/wp\/v2\/product"}],"about":[{"href":"https:\/\/aivlisoft.net\/shop\/wp-json\/wp\/v2\/types\/product"}],"wp:featuredmedia":[{"embeddable":true,"href":"https:\/\/aivlisoft.net\/shop\/wp-json\/wp\/v2\/media\/21065"}],"wp:attachment":[{"href":"https:\/\/aivlisoft.net\/shop\/wp-json\/wp\/v2\/media?parent=21064"}],"wp:term":[{"taxonomy":"product_brand","embeddable":true,"href":"https:\/\/aivlisoft.net\/shop\/wp-json\/wp\/v2\/product_brand?post=21064"},{"taxonomy":"product_cat","embeddable":true,"href":"https:\/\/aivlisoft.net\/shop\/wp-json\/wp\/v2\/product_cat?post=21064"},{"taxonomy":"product_tag","embeddable":true,"href":"https:\/\/aivlisoft.net\/shop\/wp-json\/wp\/v2\/product_tag?post=21064"}],"curies":[{"name":"wp","href":"https:\/\/api.w.org\/{rel}","templated":true}]}}