{"id":21055,"date":"2025-01-13T15:49:41","date_gmt":"2025-01-13T15:49:41","guid":{"rendered":"https:\/\/aivlisoft.com\/?post_type=product&#038;p=21055"},"modified":"2025-01-14T11:54:04","modified_gmt":"2025-01-14T11:54:04","slug":"d-link-dgs-1005d-switch-5xgb-mini","status":"publish","type":"product","link":"https:\/\/aivlisoft.net\/shop\/producto\/d-link-dgs-1005d-switch-5xgb-mini\/","title":{"rendered":"D-Link DGS-1005D Switch 5xGB Mini"},"content":{"rendered":"<div>\n<div class=\"richtext\" style=\"text-align: justify\"><strong>Descripci&oacute;n:<\/strong><\/div>\n<div class=\"richtext\" style=\"text-align: justify\"><sub><font size=\"2\">&#8211; Potentes pero f&aacute;ciles de utilizar, estos conmutadores permiten la conexi&oacute;n Gigabit de hasta 5 ordenadores o dispositivos de red<br \/>&#8211; Ahorro de energ&iacute;a de hasta 73%* con tecnolog&iacute;as D-Link Green<br \/>&#8211; Dispositivos de elevado rendimiento<br \/>&#8211; Ahorro de espacio y dinero<br \/>&#8211; Control de flujo<\/p>\n<p>El D-Link DGS-1005D, un switch de sobremesa con 5 puertos 10\/100\/1000Mbps que ofrece un elevado rendimiento en un dispositivo que nos permite ahorrar espacio y dinero.<br \/>Otra caracter&iacute;stica en este switch es que todos los puertos negocian autom&aacute;ticamente el ajuste del modo MDI\/MDIX (Up-Link), evitando la necesidad de crear cables de par cruzado.<\/p>\n<p><strong>Est&aacute;ndares<\/strong><br \/>El Switch DGS-1005D es compatible con IEEE 802.3 10BASE-T, 802.3u 100BASE-TX, 802.3ab 1000BASE-T y 803.3x control de flujo. Este switch esta equipado para auto negociar velocidades a 10Mbps, 100Mbps y 1000Mbps.<\/p>\n<p><strong>Control de flujo<\/strong><br \/>El Switch DGS-1005D, en modo Full-D&uacute;plex, permite proteger a los usuarios frente a posibles p&eacute;rdidas de datos durante la transmisi&oacute;n en la red. Cuando est&aacute;n conectados a una tarjeta LAN (en un servidor o PC) que soporte control de flujo, y cuando el buffer de datos est&aacute; por llenarse, el switch env&iacute;a una se&ntilde;al al PC indicando tal situaci&oacute;n. Luego, el PC demora la transmisi&oacute;n hasta que el buffer se haya liberado y sea posible el env&iacute;o de m&aacute;s informaci&oacute;n.<\/p>\n<p><strong>Instalaci&oacute;n plug and play<\/strong><br \/>Lo &uacute;nico que se ha de hacer es conectar los cables al switch.<\/p>\n<p>Todos los puertos admiten tanto cables straight-through como crossover, lo que elimina la necesidad de disponer de un puerto uplink.<\/p>\n<p>Dados los 10\/100\/1000 Mbps autosensibles, no se requiere configuraci&oacute;n.<\/p>\n<p><strong>Tecnolog&iacute;as de ahorro energ&eacute;tico D-Link Green<\/strong><br \/>Incorpora nuevas tecnolog&iacute;as de ahorro de energ&iacute;a. Al detectar si los dispositivos conectados est&aacute;n encendidos o apagados y al estimar la longitud del cable, el switch es capaz de ajustar su consumo energ&eacute;tico, lo que supone un ahorro de hasta el 73 %*.<\/font><\/sub><\/div>\n<div class=\"richtext\" style=\"text-align: justify\"><sub><font size=\"2\">* Seg&uacute;n test en el que los PC se utilizan durante 10 horas al d&iacute;a y est&aacute;n apagados las 14 horas restantes, y se encuentran conectados al switch por medio de cables de 20 m.<\/p>\n<p>La apariencia real del producto podr&iacute;a diferir de la imagen mostrada en esta p&aacute;gina.<\/font><\/sub><\/div>\n<\/div>\n<p><\/p>\n<table class=\"tabla_caracteristicas k-table\" width=\"100%\">\n<tbody>\n<tr>\n<td valign=\"top\" width=\"35%\"><span class=\"item_detail_comments\"><strong><small><span style=\"font-face:Tahoma,Arial, Helvetica, sans-serif;\">Marca<\/span><\/small><\/strong><\/span><\/td>\n<td valign=\"top\" width=\"65%\"><span class=\"item_detail_comments\"><small><span style=\"font-face:Tahoma,Arial, Helvetica, sans-serif;\">D-Link<\/span><\/small><\/span><\/td>\n<\/tr>\n<tr>\n<td valign=\"top\" width=\"35%\"><span class=\"item_detail_comments\"><strong><small><span style=\"font-face:Tahoma,Arial, Helvetica, sans-serif;\">Modelo<\/span><\/small><\/strong><\/span><\/td>\n<td valign=\"top\" width=\"65%\"><span class=\"item_detail_comments\"><strong><small><span style=\"font-face:Tahoma,Arial, Helvetica, sans-serif;\">DGS-1005D<\/span><\/small><\/strong><\/span><\/td>\n<\/tr>\n<tr>\n<td valign=\"top\" width=\"35%\"><span class=\"item_detail_comments\"><strong><small><span style=\"font-face:Tahoma,Arial, Helvetica, sans-serif;\">Especificaciones<\/span><\/small><\/strong><\/span><\/td>\n<td valign=\"top\" width=\"65%\">\n<div><span class=\"item_detail_comments\"><small><span style=\"font-face:Tahoma,Arial, Helvetica, sans-serif;\">&#8211; 5 puertos 10\/100\/1000 Mbps<br \/>&#8211; Soporte full-d&uacute;plex y half-d&uacute;plex para cada puerto<br \/>&#8211;&nbsp; Auto-uplink MDIII \/ MDI-X<br \/>&#8211; Control de flujo<\/span><\/small><\/span><\/div>\n<\/td>\n<\/tr>\n<tr>\n<td valign=\"top\" width=\"35%\"><span class=\"item_detail_comments\"><strong><small><span style=\"font-face:Tahoma,Arial, Helvetica, sans-serif;\">Fecha de revisi&oacute;n<\/span><\/small><\/strong><\/span><\/td>\n<td valign=\"top\" width=\"65%\"><span class=\"item_detail_comments\"><small><span style=\"font-face:Tahoma,Arial, Helvetica, sans-serif;\">11-09-2013 por PSE<\/span><\/small><\/span><\/td>\n<\/tr>\n<\/tbody>\n<\/table>\n","protected":false},"excerpt":{"rendered":"<p>Descripci&oacute;n: &#8211; Potentes pero f&aacute;ciles de utilizar, estos conmutadores permiten la conexi&oacute;n Gigabit de hasta 5 ordenadores o dispositivos de red&#8211; Ahorro de energ&iacute;a de hasta 73%* con tecnolog&iacute;as D-Link Green&#8211; Dispositivos de elevado rendimiento&#8211; Ahorro de espacio y dinero&#8211; Control de flujo El D-Link DGS-1005D, un switch de sobremesa con 5 puertos 10\/100\/1000Mbps que&hellip;&nbsp;<a href=\"https:\/\/aivlisoft.net\/shop\/producto\/d-link-dgs-1005d-switch-5xgb-mini\/\" rel=\"bookmark\"><span class=\"screen-reader-text\">D-Link DGS-1005D Switch 5xGB Mini<\/span><\/a><\/p>\n","protected":false},"featured_media":21056,"template":"","meta":{"neve_meta_sidebar":"","neve_meta_container":"","neve_meta_enable_content_width":"","neve_meta_content_width":0,"neve_meta_title_alignment":"","neve_meta_author_avatar":"","neve_post_elements_order":"","neve_meta_disable_header":"","neve_meta_disable_footer":"","neve_meta_disable_title":""},"product_brand":[],"product_cat":[8773],"product_tag":[7470],"class_list":{"0":"post-21055","1":"product","2":"type-product","3":"status-publish","4":"has-post-thumbnail","6":"product_cat-switches-sobremesa","7":"product_tag-dgs-1005d","9":"first","10":"instock","11":"taxable","12":"shipping-taxable","13":"purchasable","14":"product-type-simple"},"yoast_head":"<!-- This site is optimized with the Yoast SEO plugin v26.0 - https:\/\/yoast.com\/wordpress\/plugins\/seo\/ -->\n<title>D-Link DGS-1005D Switch 5xGB Mini - Aivlisoft Inform\u00e1tica<\/title>\n<meta name=\"robots\" content=\"index, follow, max-snippet:-1, max-image-preview:large, max-video-preview:-1\" \/>\n<link rel=\"canonical\" href=\"https:\/\/aivlisoft.net\/shop\/producto\/d-link-dgs-1005d-switch-5xgb-mini\/\" \/>\n<meta property=\"og:locale\" content=\"es_ES\" \/>\n<meta property=\"og:type\" content=\"article\" \/>\n<meta property=\"og:title\" content=\"D-Link DGS-1005D Switch 5xGB Mini - Aivlisoft Inform\u00e1tica\" \/>\n<meta property=\"og:description\" content=\"Descripci&oacute;n: &#8211; Potentes pero f&aacute;ciles de utilizar, estos conmutadores permiten la conexi&oacute;n Gigabit de hasta 5 ordenadores o dispositivos de red&#8211; Ahorro de energ&iacute;a de hasta 73%* con tecnolog&iacute;as D-Link Green&#8211; Dispositivos de elevado rendimiento&#8211; Ahorro de espacio y dinero&#8211; Control de flujo El D-Link DGS-1005D, un switch de sobremesa con 5 puertos 10\/100\/1000Mbps que&hellip;&nbsp;D-Link DGS-1005D Switch 5xGB Mini\" \/>\n<meta property=\"og:url\" content=\"https:\/\/aivlisoft.net\/shop\/producto\/d-link-dgs-1005d-switch-5xgb-mini\/\" \/>\n<meta property=\"og:site_name\" content=\"Aivlisoft Inform\u00e1tica\" \/>\n<meta property=\"article:modified_time\" content=\"2025-01-14T11:54:04+00:00\" \/>\n<meta property=\"og:image\" content=\"https:\/\/aivlisoft.net\/shop\/wp-content\/uploads\/2025\/01\/NSWSSO0130_800.jpg\" \/>\n\t<meta property=\"og:image:width\" content=\"800\" \/>\n\t<meta property=\"og:image:height\" content=\"800\" \/>\n\t<meta property=\"og:image:type\" content=\"image\/jpeg\" \/>\n<meta name=\"twitter:card\" content=\"summary_large_image\" \/>\n<meta name=\"twitter:label1\" content=\"Tiempo de lectura\" \/>\n\t<meta name=\"twitter:data1\" content=\"2 minutos\" \/>\n<script type=\"application\/ld+json\" class=\"yoast-schema-graph\">{\"@context\":\"https:\/\/schema.org\",\"@graph\":[{\"@type\":\"WebPage\",\"@id\":\"https:\/\/aivlisoft.net\/shop\/producto\/d-link-dgs-1005d-switch-5xgb-mini\/\",\"url\":\"https:\/\/aivlisoft.net\/shop\/producto\/d-link-dgs-1005d-switch-5xgb-mini\/\",\"name\":\"D-Link DGS-1005D Switch 5xGB Mini - Aivlisoft Inform\u00e1tica\",\"isPartOf\":{\"@id\":\"https:\/\/aivlisoft.net\/shop\/#website\"},\"primaryImageOfPage\":{\"@id\":\"https:\/\/aivlisoft.net\/shop\/producto\/d-link-dgs-1005d-switch-5xgb-mini\/#primaryimage\"},\"image\":{\"@id\":\"https:\/\/aivlisoft.net\/shop\/producto\/d-link-dgs-1005d-switch-5xgb-mini\/#primaryimage\"},\"thumbnailUrl\":\"https:\/\/aivlisoft.net\/shop\/wp-content\/uploads\/2025\/01\/NSWSSO0130_800.jpg\",\"datePublished\":\"2025-01-13T15:49:41+00:00\",\"dateModified\":\"2025-01-14T11:54:04+00:00\",\"breadcrumb\":{\"@id\":\"https:\/\/aivlisoft.net\/shop\/producto\/d-link-dgs-1005d-switch-5xgb-mini\/#breadcrumb\"},\"inLanguage\":\"es\",\"potentialAction\":[{\"@type\":\"ReadAction\",\"target\":[\"https:\/\/aivlisoft.net\/shop\/producto\/d-link-dgs-1005d-switch-5xgb-mini\/\"]}]},{\"@type\":\"ImageObject\",\"inLanguage\":\"es\",\"@id\":\"https:\/\/aivlisoft.net\/shop\/producto\/d-link-dgs-1005d-switch-5xgb-mini\/#primaryimage\",\"url\":\"https:\/\/aivlisoft.net\/shop\/wp-content\/uploads\/2025\/01\/NSWSSO0130_800.jpg\",\"contentUrl\":\"https:\/\/aivlisoft.net\/shop\/wp-content\/uploads\/2025\/01\/NSWSSO0130_800.jpg\",\"width\":800,\"height\":800},{\"@type\":\"BreadcrumbList\",\"@id\":\"https:\/\/aivlisoft.net\/shop\/producto\/d-link-dgs-1005d-switch-5xgb-mini\/#breadcrumb\",\"itemListElement\":[{\"@type\":\"ListItem\",\"position\":1,\"name\":\"Portada\",\"item\":\"https:\/\/aivlisoft.net\/shop\/\"},{\"@type\":\"ListItem\",\"position\":2,\"name\":\"Tienda\",\"item\":\"https:\/\/aivlisoft.net\/shop\/tienda\/\"},{\"@type\":\"ListItem\",\"position\":3,\"name\":\"D-Link DGS-1005D Switch 5xGB Mini\"}]},{\"@type\":\"WebSite\",\"@id\":\"https:\/\/aivlisoft.net\/shop\/#website\",\"url\":\"https:\/\/aivlisoft.net\/shop\/\",\"name\":\"Aivlisoft Inform\u00e1tica\",\"description\":\"En Aivlisoft Inform\u00e1tica ofrecemos soluciones tecnol\u00f3gicas para empresas: venta de ordenadores, consumibles, perif\u00e9ricos y m\u00e1s. Calidad, atenci\u00f3n personalizada y los mejores precios para tu negocio.\",\"publisher\":{\"@id\":\"https:\/\/aivlisoft.net\/shop\/#organization\"},\"potentialAction\":[{\"@type\":\"SearchAction\",\"target\":{\"@type\":\"EntryPoint\",\"urlTemplate\":\"https:\/\/aivlisoft.net\/shop\/?s={search_term_string}\"},\"query-input\":{\"@type\":\"PropertyValueSpecification\",\"valueRequired\":true,\"valueName\":\"search_term_string\"}}],\"inLanguage\":\"es\"},{\"@type\":\"Organization\",\"@id\":\"https:\/\/aivlisoft.net\/shop\/#organization\",\"name\":\"Aivlisoft Inform\u00e1tica\",\"url\":\"https:\/\/aivlisoft.net\/shop\/\",\"logo\":{\"@type\":\"ImageObject\",\"inLanguage\":\"es\",\"@id\":\"https:\/\/aivlisoft.net\/shop\/#\/schema\/logo\/image\/\",\"url\":\"https:\/\/aivlisoft.net\/shop\/wp-content\/uploads\/2024\/12\/removal.ai_5b848c54-0cdf-4140-95c5-c5536bb7573b-logodef.png\",\"contentUrl\":\"https:\/\/aivlisoft.net\/shop\/wp-content\/uploads\/2024\/12\/removal.ai_5b848c54-0cdf-4140-95c5-c5536bb7573b-logodef.png\",\"width\":484,\"height\":182,\"caption\":\"Aivlisoft Inform\u00e1tica\"},\"image\":{\"@id\":\"https:\/\/aivlisoft.net\/shop\/#\/schema\/logo\/image\/\"}}]}<\/script>\n<!-- \/ Yoast SEO plugin. -->","yoast_head_json":{"title":"D-Link DGS-1005D Switch 5xGB Mini - Aivlisoft Inform\u00e1tica","robots":{"index":"index","follow":"follow","max-snippet":"max-snippet:-1","max-image-preview":"max-image-preview:large","max-video-preview":"max-video-preview:-1"},"canonical":"https:\/\/aivlisoft.net\/shop\/producto\/d-link-dgs-1005d-switch-5xgb-mini\/","og_locale":"es_ES","og_type":"article","og_title":"D-Link DGS-1005D Switch 5xGB Mini - Aivlisoft Inform\u00e1tica","og_description":"Descripci&oacute;n: &#8211; Potentes pero f&aacute;ciles de utilizar, estos conmutadores permiten la conexi&oacute;n Gigabit de hasta 5 ordenadores o dispositivos de red&#8211; Ahorro de energ&iacute;a de hasta 73%* con tecnolog&iacute;as D-Link Green&#8211; Dispositivos de elevado rendimiento&#8211; Ahorro de espacio y dinero&#8211; Control de flujo El D-Link DGS-1005D, un switch de sobremesa con 5 puertos 10\/100\/1000Mbps que&hellip;&nbsp;D-Link DGS-1005D Switch 5xGB Mini","og_url":"https:\/\/aivlisoft.net\/shop\/producto\/d-link-dgs-1005d-switch-5xgb-mini\/","og_site_name":"Aivlisoft Inform\u00e1tica","article_modified_time":"2025-01-14T11:54:04+00:00","og_image":[{"width":800,"height":800,"url":"https:\/\/aivlisoft.net\/shop\/wp-content\/uploads\/2025\/01\/NSWSSO0130_800.jpg","type":"image\/jpeg"}],"twitter_card":"summary_large_image","twitter_misc":{"Tiempo de lectura":"2 minutos"},"schema":{"@context":"https:\/\/schema.org","@graph":[{"@type":"WebPage","@id":"https:\/\/aivlisoft.net\/shop\/producto\/d-link-dgs-1005d-switch-5xgb-mini\/","url":"https:\/\/aivlisoft.net\/shop\/producto\/d-link-dgs-1005d-switch-5xgb-mini\/","name":"D-Link DGS-1005D Switch 5xGB Mini - Aivlisoft Inform\u00e1tica","isPartOf":{"@id":"https:\/\/aivlisoft.net\/shop\/#website"},"primaryImageOfPage":{"@id":"https:\/\/aivlisoft.net\/shop\/producto\/d-link-dgs-1005d-switch-5xgb-mini\/#primaryimage"},"image":{"@id":"https:\/\/aivlisoft.net\/shop\/producto\/d-link-dgs-1005d-switch-5xgb-mini\/#primaryimage"},"thumbnailUrl":"https:\/\/aivlisoft.net\/shop\/wp-content\/uploads\/2025\/01\/NSWSSO0130_800.jpg","datePublished":"2025-01-13T15:49:41+00:00","dateModified":"2025-01-14T11:54:04+00:00","breadcrumb":{"@id":"https:\/\/aivlisoft.net\/shop\/producto\/d-link-dgs-1005d-switch-5xgb-mini\/#breadcrumb"},"inLanguage":"es","potentialAction":[{"@type":"ReadAction","target":["https:\/\/aivlisoft.net\/shop\/producto\/d-link-dgs-1005d-switch-5xgb-mini\/"]}]},{"@type":"ImageObject","inLanguage":"es","@id":"https:\/\/aivlisoft.net\/shop\/producto\/d-link-dgs-1005d-switch-5xgb-mini\/#primaryimage","url":"https:\/\/aivlisoft.net\/shop\/wp-content\/uploads\/2025\/01\/NSWSSO0130_800.jpg","contentUrl":"https:\/\/aivlisoft.net\/shop\/wp-content\/uploads\/2025\/01\/NSWSSO0130_800.jpg","width":800,"height":800},{"@type":"BreadcrumbList","@id":"https:\/\/aivlisoft.net\/shop\/producto\/d-link-dgs-1005d-switch-5xgb-mini\/#breadcrumb","itemListElement":[{"@type":"ListItem","position":1,"name":"Portada","item":"https:\/\/aivlisoft.net\/shop\/"},{"@type":"ListItem","position":2,"name":"Tienda","item":"https:\/\/aivlisoft.net\/shop\/tienda\/"},{"@type":"ListItem","position":3,"name":"D-Link DGS-1005D Switch 5xGB Mini"}]},{"@type":"WebSite","@id":"https:\/\/aivlisoft.net\/shop\/#website","url":"https:\/\/aivlisoft.net\/shop\/","name":"Aivlisoft Inform\u00e1tica","description":"En Aivlisoft Inform\u00e1tica ofrecemos soluciones tecnol\u00f3gicas para empresas: venta de ordenadores, consumibles, perif\u00e9ricos y m\u00e1s. Calidad, atenci\u00f3n personalizada y los mejores precios para tu negocio.","publisher":{"@id":"https:\/\/aivlisoft.net\/shop\/#organization"},"potentialAction":[{"@type":"SearchAction","target":{"@type":"EntryPoint","urlTemplate":"https:\/\/aivlisoft.net\/shop\/?s={search_term_string}"},"query-input":{"@type":"PropertyValueSpecification","valueRequired":true,"valueName":"search_term_string"}}],"inLanguage":"es"},{"@type":"Organization","@id":"https:\/\/aivlisoft.net\/shop\/#organization","name":"Aivlisoft Inform\u00e1tica","url":"https:\/\/aivlisoft.net\/shop\/","logo":{"@type":"ImageObject","inLanguage":"es","@id":"https:\/\/aivlisoft.net\/shop\/#\/schema\/logo\/image\/","url":"https:\/\/aivlisoft.net\/shop\/wp-content\/uploads\/2024\/12\/removal.ai_5b848c54-0cdf-4140-95c5-c5536bb7573b-logodef.png","contentUrl":"https:\/\/aivlisoft.net\/shop\/wp-content\/uploads\/2024\/12\/removal.ai_5b848c54-0cdf-4140-95c5-c5536bb7573b-logodef.png","width":484,"height":182,"caption":"Aivlisoft Inform\u00e1tica"},"image":{"@id":"https:\/\/aivlisoft.net\/shop\/#\/schema\/logo\/image\/"}}]}},"_links":{"self":[{"href":"https:\/\/aivlisoft.net\/shop\/wp-json\/wp\/v2\/product\/21055","targetHints":{"allow":["GET"]}}],"collection":[{"href":"https:\/\/aivlisoft.net\/shop\/wp-json\/wp\/v2\/product"}],"about":[{"href":"https:\/\/aivlisoft.net\/shop\/wp-json\/wp\/v2\/types\/product"}],"wp:featuredmedia":[{"embeddable":true,"href":"https:\/\/aivlisoft.net\/shop\/wp-json\/wp\/v2\/media\/21056"}],"wp:attachment":[{"href":"https:\/\/aivlisoft.net\/shop\/wp-json\/wp\/v2\/media?parent=21055"}],"wp:term":[{"taxonomy":"product_brand","embeddable":true,"href":"https:\/\/aivlisoft.net\/shop\/wp-json\/wp\/v2\/product_brand?post=21055"},{"taxonomy":"product_cat","embeddable":true,"href":"https:\/\/aivlisoft.net\/shop\/wp-json\/wp\/v2\/product_cat?post=21055"},{"taxonomy":"product_tag","embeddable":true,"href":"https:\/\/aivlisoft.net\/shop\/wp-json\/wp\/v2\/product_tag?post=21055"}],"curies":[{"name":"wp","href":"https:\/\/api.w.org\/{rel}","templated":true}]}}