{"id":21045,"date":"2025-01-13T15:49:34","date_gmt":"2025-01-13T15:49:34","guid":{"rendered":"https:\/\/aivlisoft.com\/?post_type=product&#038;p=21045"},"modified":"2025-01-14T11:54:01","modified_gmt":"2025-01-14T11:54:01","slug":"d-link-des-1016d-switch-16x10-100mbps","status":"publish","type":"product","link":"https:\/\/aivlisoft.net\/shop\/producto\/d-link-des-1016d-switch-16x10-100mbps\/","title":{"rendered":"D-Link DES-1016D Switch 16&#215;10\/100Mbps"},"content":{"rendered":"<div style=\"text-align: justify\">\t<strong>General<\/strong><br \/>\tEl Switch no administrable DES-1016D 10\/100Mbps est&aacute; dise&ntilde;ado para aumentar el rendimiento de grupos de trabajo en una red LAN y proporciona un alto nivel de flexibilidad. F&aacute;cil de usar, este dispositivo le permite a los usuarios conectar simplemente cualquier puerta a 10Mbps &oacute; 100Mbps en una red, multiplicar el ancho de banda, tiempo de respuesta y satisface grandes cargas de demandas.<\/p>\n<p>\t<strong>16 Puertas 10\/100Mbps<\/strong><br \/>\tEste switch provee de 16 puertas con soporte Nway. Las puertas tienen la capacidad de negociar las velocidades de red entre 10BASE-T y 100BASE-TX, como tambi&eacute;n el modo de operaci&oacute;n en Half o Full Duplex.<\/p>\n<p>\t<strong>Control de Flujo<\/strong><br \/>\tLa arquitectura de Parallel Switching para el modo de operaci&oacute;n Store&amp;Fordward, permite la transferencia de datos en forma directa entre las distintas puertas, con Full Error Checking, eliminando en el tr&aacute;fico de la red el env&iacute;o de Paquetes Incompletos, Fragmentados o con Errores de CRC, salvaguardando de esta forma la integridad de los datos.<\/div>\n<p><\/p>\n<table class=\"tabla_caracteristicas\" width=\"100%\">\n<tbody>\n<tr>\n<td valign=\"top\" width=\"35%\">\t\t\t\t<b><small><font face=\"Tahoma,Arial, Helvetica, sans-serif\" style=\"font-size: 11px\">Marca<\/font><\/small><\/b><\/td>\n<td valign=\"top\" width=\"65%\">\t\t\t\t<small><font face=\"Tahoma,Arial, Helvetica, sans-serif\" style=\"font-size: 11px\">D-Link<\/font><\/small><\/td>\n<\/tr>\n<tr>\n<td valign=\"top\" width=\"35%\">\t\t\t\t<b><small><font face=\"Tahoma,Arial, Helvetica, sans-serif\" style=\"font-size: 11px\">Modelo<\/font><\/small><\/b><\/td>\n<td valign=\"top\" width=\"65%\">\t\t\t\t<strong><small><font face=\"Tahoma,Arial, Helvetica, sans-serif\" style=\"font-size: 11px\">DES-1016D<\/font><\/small><\/strong><\/td>\n<\/tr>\n<tr>\n<td valign=\"top\" width=\"35%\">\t\t\t\t<b><small><font face=\"Tahoma,Arial, Helvetica, sans-serif\" style=\"font-size: 11px\">Puertos<\/font><\/small><\/b><\/td>\n<td valign=\"top\" width=\"65%\">\t\t\t\t<small><font face=\"Tahoma,Arial, Helvetica, sans-serif\" style=\"font-size: 11px\"><strong>16 puertos RJ-45<\/strong> 10\/100Mbps<\/font><\/small><\/td>\n<\/tr>\n<tr>\n<td valign=\"top\" width=\"35%\">\t\t\t\t<b><small><font face=\"Tahoma,Arial, Helvetica, sans-serif\" style=\"font-size: 11px\">Est&aacute;ndares<\/font><\/small><\/b><\/td>\n<td valign=\"top\" width=\"65%\">\t\t\t\t<strong><font face=\"Tahoma,Arial, Helvetica, sans-serif\">&#8211; <\/font><\/strong><small><font face=\"Tahoma,Arial, Helvetica, sans-serif\" style=\"font-size: 11px\">IEEE 802.3 10Base-T Ethernet<br \/>\t\t\t\t&#8211; IEEE 802.3u 100Base-TX Fast Ethernet<br \/>\t\t\t\t&#8211; ANSI\/IEEE 802.3 Nway auto-negotiation<br \/>\t\t\t\t&#8211; Auto MDI-II\/MDI-X en todas las puertas<\/font><\/small><\/td>\n<\/tr>\n<tr>\n<td valign=\"top\" width=\"35%\">\t\t\t\t<b><small><font face=\"Tahoma,Arial, Helvetica, sans-serif\" style=\"font-size: 11px\">Tasa de transferencia de datos<br \/>\t\t\t\t<\/font><\/small><\/b><\/td>\n<td valign=\"top\" width=\"65%\">\t\t\t\t<small><font face=\"Tahoma,Arial, Helvetica, sans-serif\" style=\"font-size: 11px\">&#8211; Ethernet: 10Mbps (half-duplex), 20Mbps (full-duplex)<br \/>\t\t\t\t&#8211; Fast Ethernet: 100Mbps (half-uplex), 200Mbps (full-duplex)<\/font><\/small><\/td>\n<\/tr>\n<tr>\n<td valign=\"top\" width=\"35%\">\t\t\t\t<b><small><font face=\"Tahoma,Arial, Helvetica, sans-serif\" style=\"font-size: 11px\">Cables de red<br \/>\t\t\t\t<\/font><\/small><\/b><\/td>\n<td valign=\"top\" width=\"65%\">\n<div>\t\t\t\t\t<small><font face=\"Tahoma,Arial, Helvetica, sans-serif\" style=\"font-size: 11px\">&#8211; 10BASE-T: 2 pair UTP Cat.3 (100 m),<br \/>\t\t\t\t\t&#8211; 4 pair UTP Cat.4,5 (100 m)<br \/>\t\t\t\t\t&#8211; EIA\/TIA-568 15-ohm screened twisted-pair (STP) (100 m)<br \/>\t\t\t\t\t&#8211; 100BASE-TX: 4-pair UTP Cat.5 (100 m)<br \/>\t\t\t\t\t&#8211; EIA\/TIA-568B 150-ohm screened twisted-pair (STP) (100 m)<\/font><\/small><\/div>\n<\/td>\n<\/tr>\n<tr>\n<td valign=\"top\" width=\"35%\">\t\t\t\t<b><small><font face=\"Tahoma,Arial, Helvetica, sans-serif\" style=\"font-size: 11px\">Otras caracter&iacute;sticas<br \/>\t\t\t\t<\/font><\/small><\/b><\/td>\n<td valign=\"top\" width=\"65%\">\n<div>\t\t\t\t\t<small><font face=\"Tahoma,Arial, Helvetica, sans-serif\" style=\"font-size: 11px\">M&eacute;todo de acceso: CSMA\/CD<br \/>\t\t\t\t\tM&eacute;todo de transmisi&oacute;n: Store-and-forward<br \/>\t\t\t\t\tTopolog&iacute;a: Estrella<br \/>\t\t\t\t\tRAM Buffer: 4 MB <br \/>\t\t\t\t\tFiltering Address Table: 8 K por switch<br \/>\t\t\t\t\tSwitching Fabric: 3.2Gbps<br \/>\t\t\t\t\tMAC Address Learning: Actualizaci&oacute;n Autom&aacute;tica<br \/>\t\t\t\t\tLEDs indicadores: <br \/>\t\t\t\t\tPor puerto:<br \/>\t\t\t\t\t&middot; Link\/Activity,<br \/>\t\t\t\t\t&middot; Velocidad 10\/100<br \/>\t\t\t\t\tPor switch :<br \/>\t\t\t\t\t&middot; Power<br \/>\t\t\t\t\tDimensiones: 280 x 180 x 44,5mm<br \/>\t\t\t\t\tPeso: 2,8 Kg<\/font><\/small><\/div>\n<\/td>\n<\/tr>\n<tr>\n<td valign=\"top\" width=\"35%\">\t\t\t\t<b><small><font face=\"Tahoma,Arial, Helvetica, sans-serif\" style=\"font-size: 11px\">Fecha de revisi&oacute;n<\/font><\/small><\/b><\/td>\n<td valign=\"top\" width=\"65%\">\t\t\t\t<small><font face=\"Tahoma,Arial, Helvetica, sans-serif\" style=\"font-size: 11px\">15-03-2013 por J0S<\/font><\/small><\/td>\n<\/tr>\n<\/tbody>\n<\/table>\n","protected":false},"excerpt":{"rendered":"<p>General El Switch no administrable DES-1016D 10\/100Mbps est&aacute; dise&ntilde;ado para aumentar el rendimiento de grupos de trabajo en una red LAN y proporciona un alto nivel de flexibilidad. F&aacute;cil de usar, este dispositivo le permite a los usuarios conectar simplemente cualquier puerta a 10Mbps &oacute; 100Mbps en una red, multiplicar el ancho de banda, tiempo&hellip;&nbsp;<a href=\"https:\/\/aivlisoft.net\/shop\/producto\/d-link-des-1016d-switch-16x10-100mbps\/\" rel=\"bookmark\"><span class=\"screen-reader-text\">D-Link DES-1016D Switch 16&#215;10\/100Mbps<\/span><\/a><\/p>\n","protected":false},"featured_media":21046,"template":"","meta":{"neve_meta_sidebar":"","neve_meta_container":"","neve_meta_enable_content_width":"","neve_meta_content_width":0,"neve_meta_title_alignment":"","neve_meta_author_avatar":"","neve_post_elements_order":"","neve_meta_disable_header":"","neve_meta_disable_footer":"","neve_meta_disable_title":""},"product_brand":[],"product_cat":[8773],"product_tag":[7467],"class_list":{"0":"post-21045","1":"product","2":"type-product","3":"status-publish","4":"has-post-thumbnail","6":"product_cat-switches-sobremesa","7":"product_tag-des-1016d","9":"first","10":"instock","11":"taxable","12":"shipping-taxable","13":"purchasable","14":"product-type-simple"},"yoast_head":"<!-- This site is optimized with the Yoast SEO plugin v26.0 - https:\/\/yoast.com\/wordpress\/plugins\/seo\/ -->\n<title>D-Link DES-1016D Switch 16x10\/100Mbps - Aivlisoft Inform\u00e1tica<\/title>\n<meta name=\"robots\" content=\"index, follow, max-snippet:-1, max-image-preview:large, max-video-preview:-1\" \/>\n<link rel=\"canonical\" href=\"https:\/\/aivlisoft.net\/shop\/producto\/d-link-des-1016d-switch-16x10-100mbps\/\" \/>\n<meta property=\"og:locale\" content=\"es_ES\" \/>\n<meta property=\"og:type\" content=\"article\" \/>\n<meta property=\"og:title\" content=\"D-Link DES-1016D Switch 16x10\/100Mbps - Aivlisoft Inform\u00e1tica\" \/>\n<meta property=\"og:description\" content=\"General El Switch no administrable DES-1016D 10\/100Mbps est&aacute; dise&ntilde;ado para aumentar el rendimiento de grupos de trabajo en una red LAN y proporciona un alto nivel de flexibilidad. F&aacute;cil de usar, este dispositivo le permite a los usuarios conectar simplemente cualquier puerta a 10Mbps &oacute; 100Mbps en una red, multiplicar el ancho de banda, tiempo&hellip;&nbsp;D-Link DES-1016D Switch 16&#215;10\/100Mbps\" \/>\n<meta property=\"og:url\" content=\"https:\/\/aivlisoft.net\/shop\/producto\/d-link-des-1016d-switch-16x10-100mbps\/\" \/>\n<meta property=\"og:site_name\" content=\"Aivlisoft Inform\u00e1tica\" \/>\n<meta property=\"article:modified_time\" content=\"2025-01-14T11:54:01+00:00\" \/>\n<meta property=\"og:image\" content=\"https:\/\/aivlisoft.net\/shop\/wp-content\/uploads\/2025\/01\/NSWSSO0120_large.jpg\" \/>\n\t<meta property=\"og:image:width\" content=\"400\" \/>\n\t<meta property=\"og:image:height\" content=\"400\" \/>\n\t<meta property=\"og:image:type\" content=\"image\/jpeg\" \/>\n<meta name=\"twitter:card\" content=\"summary_large_image\" \/>\n<meta name=\"twitter:label1\" content=\"Tiempo de lectura\" \/>\n\t<meta name=\"twitter:data1\" content=\"2 minutos\" \/>\n<script type=\"application\/ld+json\" class=\"yoast-schema-graph\">{\"@context\":\"https:\/\/schema.org\",\"@graph\":[{\"@type\":\"WebPage\",\"@id\":\"https:\/\/aivlisoft.net\/shop\/producto\/d-link-des-1016d-switch-16x10-100mbps\/\",\"url\":\"https:\/\/aivlisoft.net\/shop\/producto\/d-link-des-1016d-switch-16x10-100mbps\/\",\"name\":\"D-Link DES-1016D Switch 16x10\/100Mbps - Aivlisoft Inform\u00e1tica\",\"isPartOf\":{\"@id\":\"https:\/\/aivlisoft.net\/shop\/#website\"},\"primaryImageOfPage\":{\"@id\":\"https:\/\/aivlisoft.net\/shop\/producto\/d-link-des-1016d-switch-16x10-100mbps\/#primaryimage\"},\"image\":{\"@id\":\"https:\/\/aivlisoft.net\/shop\/producto\/d-link-des-1016d-switch-16x10-100mbps\/#primaryimage\"},\"thumbnailUrl\":\"https:\/\/aivlisoft.net\/shop\/wp-content\/uploads\/2025\/01\/NSWSSO0120_large.jpg\",\"datePublished\":\"2025-01-13T15:49:34+00:00\",\"dateModified\":\"2025-01-14T11:54:01+00:00\",\"breadcrumb\":{\"@id\":\"https:\/\/aivlisoft.net\/shop\/producto\/d-link-des-1016d-switch-16x10-100mbps\/#breadcrumb\"},\"inLanguage\":\"es\",\"potentialAction\":[{\"@type\":\"ReadAction\",\"target\":[\"https:\/\/aivlisoft.net\/shop\/producto\/d-link-des-1016d-switch-16x10-100mbps\/\"]}]},{\"@type\":\"ImageObject\",\"inLanguage\":\"es\",\"@id\":\"https:\/\/aivlisoft.net\/shop\/producto\/d-link-des-1016d-switch-16x10-100mbps\/#primaryimage\",\"url\":\"https:\/\/aivlisoft.net\/shop\/wp-content\/uploads\/2025\/01\/NSWSSO0120_large.jpg\",\"contentUrl\":\"https:\/\/aivlisoft.net\/shop\/wp-content\/uploads\/2025\/01\/NSWSSO0120_large.jpg\",\"width\":400,\"height\":400},{\"@type\":\"BreadcrumbList\",\"@id\":\"https:\/\/aivlisoft.net\/shop\/producto\/d-link-des-1016d-switch-16x10-100mbps\/#breadcrumb\",\"itemListElement\":[{\"@type\":\"ListItem\",\"position\":1,\"name\":\"Portada\",\"item\":\"https:\/\/aivlisoft.net\/shop\/\"},{\"@type\":\"ListItem\",\"position\":2,\"name\":\"Tienda\",\"item\":\"https:\/\/aivlisoft.net\/shop\/tienda\/\"},{\"@type\":\"ListItem\",\"position\":3,\"name\":\"D-Link DES-1016D Switch 16&#215;10\/100Mbps\"}]},{\"@type\":\"WebSite\",\"@id\":\"https:\/\/aivlisoft.net\/shop\/#website\",\"url\":\"https:\/\/aivlisoft.net\/shop\/\",\"name\":\"Aivlisoft Inform\u00e1tica\",\"description\":\"En Aivlisoft Inform\u00e1tica ofrecemos soluciones tecnol\u00f3gicas para empresas: venta de ordenadores, consumibles, perif\u00e9ricos y m\u00e1s. Calidad, atenci\u00f3n personalizada y los mejores precios para tu negocio.\",\"publisher\":{\"@id\":\"https:\/\/aivlisoft.net\/shop\/#organization\"},\"potentialAction\":[{\"@type\":\"SearchAction\",\"target\":{\"@type\":\"EntryPoint\",\"urlTemplate\":\"https:\/\/aivlisoft.net\/shop\/?s={search_term_string}\"},\"query-input\":{\"@type\":\"PropertyValueSpecification\",\"valueRequired\":true,\"valueName\":\"search_term_string\"}}],\"inLanguage\":\"es\"},{\"@type\":\"Organization\",\"@id\":\"https:\/\/aivlisoft.net\/shop\/#organization\",\"name\":\"Aivlisoft Inform\u00e1tica\",\"url\":\"https:\/\/aivlisoft.net\/shop\/\",\"logo\":{\"@type\":\"ImageObject\",\"inLanguage\":\"es\",\"@id\":\"https:\/\/aivlisoft.net\/shop\/#\/schema\/logo\/image\/\",\"url\":\"https:\/\/aivlisoft.net\/shop\/wp-content\/uploads\/2024\/12\/removal.ai_5b848c54-0cdf-4140-95c5-c5536bb7573b-logodef.png\",\"contentUrl\":\"https:\/\/aivlisoft.net\/shop\/wp-content\/uploads\/2024\/12\/removal.ai_5b848c54-0cdf-4140-95c5-c5536bb7573b-logodef.png\",\"width\":484,\"height\":182,\"caption\":\"Aivlisoft Inform\u00e1tica\"},\"image\":{\"@id\":\"https:\/\/aivlisoft.net\/shop\/#\/schema\/logo\/image\/\"}}]}<\/script>\n<!-- \/ Yoast SEO plugin. -->","yoast_head_json":{"title":"D-Link DES-1016D Switch 16x10\/100Mbps - Aivlisoft Inform\u00e1tica","robots":{"index":"index","follow":"follow","max-snippet":"max-snippet:-1","max-image-preview":"max-image-preview:large","max-video-preview":"max-video-preview:-1"},"canonical":"https:\/\/aivlisoft.net\/shop\/producto\/d-link-des-1016d-switch-16x10-100mbps\/","og_locale":"es_ES","og_type":"article","og_title":"D-Link DES-1016D Switch 16x10\/100Mbps - Aivlisoft Inform\u00e1tica","og_description":"General El Switch no administrable DES-1016D 10\/100Mbps est&aacute; dise&ntilde;ado para aumentar el rendimiento de grupos de trabajo en una red LAN y proporciona un alto nivel de flexibilidad. F&aacute;cil de usar, este dispositivo le permite a los usuarios conectar simplemente cualquier puerta a 10Mbps &oacute; 100Mbps en una red, multiplicar el ancho de banda, tiempo&hellip;&nbsp;D-Link DES-1016D Switch 16&#215;10\/100Mbps","og_url":"https:\/\/aivlisoft.net\/shop\/producto\/d-link-des-1016d-switch-16x10-100mbps\/","og_site_name":"Aivlisoft Inform\u00e1tica","article_modified_time":"2025-01-14T11:54:01+00:00","og_image":[{"width":400,"height":400,"url":"https:\/\/aivlisoft.net\/shop\/wp-content\/uploads\/2025\/01\/NSWSSO0120_large.jpg","type":"image\/jpeg"}],"twitter_card":"summary_large_image","twitter_misc":{"Tiempo de lectura":"2 minutos"},"schema":{"@context":"https:\/\/schema.org","@graph":[{"@type":"WebPage","@id":"https:\/\/aivlisoft.net\/shop\/producto\/d-link-des-1016d-switch-16x10-100mbps\/","url":"https:\/\/aivlisoft.net\/shop\/producto\/d-link-des-1016d-switch-16x10-100mbps\/","name":"D-Link DES-1016D Switch 16x10\/100Mbps - Aivlisoft Inform\u00e1tica","isPartOf":{"@id":"https:\/\/aivlisoft.net\/shop\/#website"},"primaryImageOfPage":{"@id":"https:\/\/aivlisoft.net\/shop\/producto\/d-link-des-1016d-switch-16x10-100mbps\/#primaryimage"},"image":{"@id":"https:\/\/aivlisoft.net\/shop\/producto\/d-link-des-1016d-switch-16x10-100mbps\/#primaryimage"},"thumbnailUrl":"https:\/\/aivlisoft.net\/shop\/wp-content\/uploads\/2025\/01\/NSWSSO0120_large.jpg","datePublished":"2025-01-13T15:49:34+00:00","dateModified":"2025-01-14T11:54:01+00:00","breadcrumb":{"@id":"https:\/\/aivlisoft.net\/shop\/producto\/d-link-des-1016d-switch-16x10-100mbps\/#breadcrumb"},"inLanguage":"es","potentialAction":[{"@type":"ReadAction","target":["https:\/\/aivlisoft.net\/shop\/producto\/d-link-des-1016d-switch-16x10-100mbps\/"]}]},{"@type":"ImageObject","inLanguage":"es","@id":"https:\/\/aivlisoft.net\/shop\/producto\/d-link-des-1016d-switch-16x10-100mbps\/#primaryimage","url":"https:\/\/aivlisoft.net\/shop\/wp-content\/uploads\/2025\/01\/NSWSSO0120_large.jpg","contentUrl":"https:\/\/aivlisoft.net\/shop\/wp-content\/uploads\/2025\/01\/NSWSSO0120_large.jpg","width":400,"height":400},{"@type":"BreadcrumbList","@id":"https:\/\/aivlisoft.net\/shop\/producto\/d-link-des-1016d-switch-16x10-100mbps\/#breadcrumb","itemListElement":[{"@type":"ListItem","position":1,"name":"Portada","item":"https:\/\/aivlisoft.net\/shop\/"},{"@type":"ListItem","position":2,"name":"Tienda","item":"https:\/\/aivlisoft.net\/shop\/tienda\/"},{"@type":"ListItem","position":3,"name":"D-Link DES-1016D Switch 16&#215;10\/100Mbps"}]},{"@type":"WebSite","@id":"https:\/\/aivlisoft.net\/shop\/#website","url":"https:\/\/aivlisoft.net\/shop\/","name":"Aivlisoft Inform\u00e1tica","description":"En Aivlisoft Inform\u00e1tica ofrecemos soluciones tecnol\u00f3gicas para empresas: venta de ordenadores, consumibles, perif\u00e9ricos y m\u00e1s. Calidad, atenci\u00f3n personalizada y los mejores precios para tu negocio.","publisher":{"@id":"https:\/\/aivlisoft.net\/shop\/#organization"},"potentialAction":[{"@type":"SearchAction","target":{"@type":"EntryPoint","urlTemplate":"https:\/\/aivlisoft.net\/shop\/?s={search_term_string}"},"query-input":{"@type":"PropertyValueSpecification","valueRequired":true,"valueName":"search_term_string"}}],"inLanguage":"es"},{"@type":"Organization","@id":"https:\/\/aivlisoft.net\/shop\/#organization","name":"Aivlisoft Inform\u00e1tica","url":"https:\/\/aivlisoft.net\/shop\/","logo":{"@type":"ImageObject","inLanguage":"es","@id":"https:\/\/aivlisoft.net\/shop\/#\/schema\/logo\/image\/","url":"https:\/\/aivlisoft.net\/shop\/wp-content\/uploads\/2024\/12\/removal.ai_5b848c54-0cdf-4140-95c5-c5536bb7573b-logodef.png","contentUrl":"https:\/\/aivlisoft.net\/shop\/wp-content\/uploads\/2024\/12\/removal.ai_5b848c54-0cdf-4140-95c5-c5536bb7573b-logodef.png","width":484,"height":182,"caption":"Aivlisoft Inform\u00e1tica"},"image":{"@id":"https:\/\/aivlisoft.net\/shop\/#\/schema\/logo\/image\/"}}]}},"_links":{"self":[{"href":"https:\/\/aivlisoft.net\/shop\/wp-json\/wp\/v2\/product\/21045","targetHints":{"allow":["GET"]}}],"collection":[{"href":"https:\/\/aivlisoft.net\/shop\/wp-json\/wp\/v2\/product"}],"about":[{"href":"https:\/\/aivlisoft.net\/shop\/wp-json\/wp\/v2\/types\/product"}],"wp:featuredmedia":[{"embeddable":true,"href":"https:\/\/aivlisoft.net\/shop\/wp-json\/wp\/v2\/media\/21046"}],"wp:attachment":[{"href":"https:\/\/aivlisoft.net\/shop\/wp-json\/wp\/v2\/media?parent=21045"}],"wp:term":[{"taxonomy":"product_brand","embeddable":true,"href":"https:\/\/aivlisoft.net\/shop\/wp-json\/wp\/v2\/product_brand?post=21045"},{"taxonomy":"product_cat","embeddable":true,"href":"https:\/\/aivlisoft.net\/shop\/wp-json\/wp\/v2\/product_cat?post=21045"},{"taxonomy":"product_tag","embeddable":true,"href":"https:\/\/aivlisoft.net\/shop\/wp-json\/wp\/v2\/product_tag?post=21045"}],"curies":[{"name":"wp","href":"https:\/\/api.w.org\/{rel}","templated":true}]}}