{"id":21040,"date":"2025-01-13T15:49:30","date_gmt":"2025-01-13T15:49:30","guid":{"rendered":"https:\/\/aivlisoft.com\/?post_type=product&#038;p=21040"},"modified":"2025-01-14T11:54:00","modified_gmt":"2025-01-14T11:54:00","slug":"d-link-des-1005d-switch-5x10-100mbps-mini","status":"publish","type":"product","link":"https:\/\/aivlisoft.net\/shop\/producto\/d-link-des-1005d-switch-5x10-100mbps-mini\/","title":{"rendered":"D-Link DES-1005D Switch 5&#215;10\/100Mbps Mini"},"content":{"rendered":"<div style=\"text-align: justify;\">\t<strong>Para peque&ntilde;as empresas y oficinas perif&eacute;ricas<\/strong><br \/>\tEste switch se ha dise&ntilde;ado para mejorar las prestaciones en entornos SOHO como peque&ntilde;as empresas y oficinas perif&eacute;ricas, garantizando la flexibilidad de conexiones a 10\/100Mbps. Potente pero f&aacute;cil de utilizar, permite que los usuarios conecten un puerto de cualquier tipo a un nodo a 10Mbps o 100Mbps para multiplicar el ancho de banda, mejorar los tiempos de respuesta y realizar pesadas cargas de trabajo.<\/p>\n<p>\t<strong>5 puertos 10\/100Mbps<\/strong><br \/>\tEl switch proporciona 5 puertos, todos ellos con soporte del est&aacute;ndar NWay. Los puertos pueden negociar tanto la velocidad de conexi&oacute;n en entornos de red 10BASE-T y 100BASE-TX como el modo de transmisi&oacute;n full-d&uacute;plex o half-d&uacute;plex.<\/p>\n<p>\t<strong>Control de flujo<\/strong><br \/>\tEl control de flujo reduce al m&iacute;nimo la p&eacute;rdida de paquetes, enviando se&ntilde;ales de colisi&oacute;n cuando el buffer de recepci&oacute;n del puerto est&aacute; lleno. El control de flujo est&aacute; disponible en modo full-d&uacute;plex.<br \/>\t&nbsp;<\/div>\n<p><\/p>\n<table class=\"tabla_caracteristicas\" width=\"100%\">\n<tbody>\n<tr>\n<td valign=\"top\" width=\"35%\">\t\t\t\t<b><small><font face=\"Tahoma,Arial, Helvetica, sans-serif\" style=\"font-size: 11px\">Marca<\/font><\/small><\/b><\/td>\n<td valign=\"top\" width=\"65%\">\t\t\t\t<small><font face=\"Tahoma,Arial, Helvetica, sans-serif\" style=\"font-size: 11px\">D-Link<\/font><\/small><\/td>\n<\/tr>\n<tr>\n<td valign=\"top\" width=\"35%\">\t\t\t\t<b><small><font face=\"Tahoma,Arial, Helvetica, sans-serif\" style=\"font-size: 11px\">Modelo<\/font><\/small><\/b><\/td>\n<td valign=\"top\" width=\"65%\">\t\t\t\t<strong><small><font face=\"Tahoma,Arial, Helvetica, sans-serif\" style=\"font-size: 11px\">DES-1005D<\/font><\/small><\/strong><\/td>\n<\/tr>\n<tr>\n<td valign=\"top\" width=\"35%\">\t\t\t\t<b><small><font face=\"Tahoma,Arial, Helvetica, sans-serif\" style=\"font-size: 11px\">Especificaciones<\/font><\/small><\/b><\/td>\n<td valign=\"top\" width=\"65%\">\n<div>\t\t\t\t\t<small><font face=\"Tahoma,Arial, Helvetica, sans-serif\" style=\"font-size: 11px\">&#8211; Switch Nivel 2<br \/>\t\t\t\t\t&#8211; 5 puertos 10\/100Mbps<br \/>\t\t\t\t\t&#8211; Soporte full-d&uacute;plex y half-d&uacute;plex para cada puerto<br \/>\t\t\t\t\t&#8211; Todos los puertos con funci&oacute;n AUTO MDI\/MDIX<br \/>\t\t\t\t\t&#8211; Control de flujo contra la p&eacute;rdida de datos<br \/>\t\t\t\t\t&#8211; Autocorrecci&oacute;n de la inversi&oacute;n de polaridad RX<br \/>\t\t\t\t\t&#8211; Gama completa de LEDs de diagnosis en el panel frontal<br \/>\t\t\t\t\t&#8211; Forma compacta y dimensiones muy reducidas<br \/>\t\t\t\t\t&#8211; FCC Clase B, Marca de la CE, VCCI Clase B<br \/>\t\t\t\t\t&#8211; UL, CSA, TUV\/GS<br \/>\t\t\t\t\t<\/font><\/small><\/div>\n<\/td>\n<\/tr>\n<tr>\n<td valign=\"top\" width=\"35%\">\t\t\t\t<b><small><font face=\"Tahoma,Arial, Helvetica, sans-serif\" style=\"font-size: 11px\">Prestaciones<\/font><\/small><\/b><\/td>\n<td valign=\"top\" width=\"65%\">\n<div>\t\t\t\t\t<small><font face=\"Tahoma,Arial, Helvetica, sans-serif\" style=\"font-size: 11px\">&#8211; M&eacute;todo de conmutaci&oacute;n: Store and Forward<br \/>\t\t\t\t\t&#8211; RAM buffer asignado din&aacute;micamente para cada puerto<br \/>\t\t\t\t\t&#8211; Autoaprendizaje de la configuraci&oacute;n de red<br \/>\t\t\t\t\t&#8211; Porcentajes filtro\/env&iacute;o de los paquetes Ethernet: 14,880 pps por puerto<br \/>\t\t\t\t\t&#8211; Porcentajes filtro\/env&iacute;o de los paquetes Fast Ethernet: 148,800 pps por puerto<br \/>\t\t\t\t\t&#8211; Tabla de filtro para direcciones: 2K por dispositivo<br \/>\t\t\t\t\t&#8211; RAM buffer: 1Mb por dispositivo<\/font><\/small><\/div>\n<\/td>\n<\/tr>\n<tr>\n<td valign=\"top\" width=\"35%\">\t\t\t\t<b><small><font face=\"Tahoma,Arial, Helvetica, sans-serif\" style=\"font-size: 11px\">Fecha de revisi&oacute;n<\/font><\/small><\/b><\/td>\n<td valign=\"top\" width=\"65%\">\t\t\t\t<small><font face=\"Tahoma,Arial, Helvetica, sans-serif\" style=\"font-size: 11px\">18-02-2013 por DAV<\/font><\/small><\/td>\n<\/tr>\n<\/tbody>\n<\/table>\n","protected":false},"excerpt":{"rendered":"<p>Para peque&ntilde;as empresas y oficinas perif&eacute;ricas Este switch se ha dise&ntilde;ado para mejorar las prestaciones en entornos SOHO como peque&ntilde;as empresas y oficinas perif&eacute;ricas, garantizando la flexibilidad de conexiones a 10\/100Mbps. Potente pero f&aacute;cil de utilizar, permite que los usuarios conecten un puerto de cualquier tipo a un nodo a 10Mbps o 100Mbps para multiplicar&hellip;&nbsp;<a href=\"https:\/\/aivlisoft.net\/shop\/producto\/d-link-des-1005d-switch-5x10-100mbps-mini\/\" rel=\"bookmark\"><span class=\"screen-reader-text\">D-Link DES-1005D Switch 5&#215;10\/100Mbps Mini<\/span><\/a><\/p>\n","protected":false},"featured_media":21041,"template":"","meta":{"neve_meta_sidebar":"","neve_meta_container":"","neve_meta_enable_content_width":"","neve_meta_content_width":0,"neve_meta_title_alignment":"","neve_meta_author_avatar":"","neve_post_elements_order":"","neve_meta_disable_header":"","neve_meta_disable_footer":"","neve_meta_disable_title":""},"product_brand":[],"product_cat":[8773],"product_tag":[7466],"class_list":{"0":"post-21040","1":"product","2":"type-product","3":"status-publish","4":"has-post-thumbnail","6":"product_cat-switches-sobremesa","7":"product_tag-des-1005d","9":"first","10":"instock","11":"taxable","12":"shipping-taxable","13":"purchasable","14":"product-type-simple"},"yoast_head":"<!-- This site is optimized with the Yoast SEO plugin v26.0 - https:\/\/yoast.com\/wordpress\/plugins\/seo\/ -->\n<title>D-Link DES-1005D Switch 5x10\/100Mbps Mini - Aivlisoft Inform\u00e1tica<\/title>\n<meta name=\"robots\" content=\"index, follow, max-snippet:-1, max-image-preview:large, max-video-preview:-1\" \/>\n<link rel=\"canonical\" href=\"https:\/\/aivlisoft.net\/shop\/producto\/d-link-des-1005d-switch-5x10-100mbps-mini\/\" \/>\n<meta property=\"og:locale\" content=\"es_ES\" \/>\n<meta property=\"og:type\" content=\"article\" \/>\n<meta property=\"og:title\" content=\"D-Link DES-1005D Switch 5x10\/100Mbps Mini - Aivlisoft Inform\u00e1tica\" \/>\n<meta property=\"og:description\" content=\"Para peque&ntilde;as empresas y oficinas perif&eacute;ricas Este switch se ha dise&ntilde;ado para mejorar las prestaciones en entornos SOHO como peque&ntilde;as empresas y oficinas perif&eacute;ricas, garantizando la flexibilidad de conexiones a 10\/100Mbps. Potente pero f&aacute;cil de utilizar, permite que los usuarios conecten un puerto de cualquier tipo a un nodo a 10Mbps o 100Mbps para multiplicar&hellip;&nbsp;D-Link DES-1005D Switch 5&#215;10\/100Mbps Mini\" \/>\n<meta property=\"og:url\" content=\"https:\/\/aivlisoft.net\/shop\/producto\/d-link-des-1005d-switch-5x10-100mbps-mini\/\" \/>\n<meta property=\"og:site_name\" content=\"Aivlisoft Inform\u00e1tica\" \/>\n<meta property=\"article:modified_time\" content=\"2025-01-14T11:54:00+00:00\" \/>\n<meta property=\"og:image\" content=\"https:\/\/aivlisoft.net\/shop\/wp-content\/uploads\/2025\/01\/NSWSSO0119_800.jpg\" \/>\n\t<meta property=\"og:image:width\" content=\"800\" \/>\n\t<meta property=\"og:image:height\" content=\"800\" \/>\n\t<meta property=\"og:image:type\" content=\"image\/jpeg\" \/>\n<meta name=\"twitter:card\" content=\"summary_large_image\" \/>\n<meta name=\"twitter:label1\" content=\"Tiempo de lectura\" \/>\n\t<meta name=\"twitter:data1\" content=\"2 minutos\" \/>\n<script type=\"application\/ld+json\" class=\"yoast-schema-graph\">{\"@context\":\"https:\/\/schema.org\",\"@graph\":[{\"@type\":\"WebPage\",\"@id\":\"https:\/\/aivlisoft.net\/shop\/producto\/d-link-des-1005d-switch-5x10-100mbps-mini\/\",\"url\":\"https:\/\/aivlisoft.net\/shop\/producto\/d-link-des-1005d-switch-5x10-100mbps-mini\/\",\"name\":\"D-Link DES-1005D Switch 5x10\/100Mbps Mini - Aivlisoft Inform\u00e1tica\",\"isPartOf\":{\"@id\":\"https:\/\/aivlisoft.net\/shop\/#website\"},\"primaryImageOfPage\":{\"@id\":\"https:\/\/aivlisoft.net\/shop\/producto\/d-link-des-1005d-switch-5x10-100mbps-mini\/#primaryimage\"},\"image\":{\"@id\":\"https:\/\/aivlisoft.net\/shop\/producto\/d-link-des-1005d-switch-5x10-100mbps-mini\/#primaryimage\"},\"thumbnailUrl\":\"https:\/\/aivlisoft.net\/shop\/wp-content\/uploads\/2025\/01\/NSWSSO0119_800.jpg\",\"datePublished\":\"2025-01-13T15:49:30+00:00\",\"dateModified\":\"2025-01-14T11:54:00+00:00\",\"breadcrumb\":{\"@id\":\"https:\/\/aivlisoft.net\/shop\/producto\/d-link-des-1005d-switch-5x10-100mbps-mini\/#breadcrumb\"},\"inLanguage\":\"es\",\"potentialAction\":[{\"@type\":\"ReadAction\",\"target\":[\"https:\/\/aivlisoft.net\/shop\/producto\/d-link-des-1005d-switch-5x10-100mbps-mini\/\"]}]},{\"@type\":\"ImageObject\",\"inLanguage\":\"es\",\"@id\":\"https:\/\/aivlisoft.net\/shop\/producto\/d-link-des-1005d-switch-5x10-100mbps-mini\/#primaryimage\",\"url\":\"https:\/\/aivlisoft.net\/shop\/wp-content\/uploads\/2025\/01\/NSWSSO0119_800.jpg\",\"contentUrl\":\"https:\/\/aivlisoft.net\/shop\/wp-content\/uploads\/2025\/01\/NSWSSO0119_800.jpg\",\"width\":800,\"height\":800},{\"@type\":\"BreadcrumbList\",\"@id\":\"https:\/\/aivlisoft.net\/shop\/producto\/d-link-des-1005d-switch-5x10-100mbps-mini\/#breadcrumb\",\"itemListElement\":[{\"@type\":\"ListItem\",\"position\":1,\"name\":\"Portada\",\"item\":\"https:\/\/aivlisoft.net\/shop\/\"},{\"@type\":\"ListItem\",\"position\":2,\"name\":\"Tienda\",\"item\":\"https:\/\/aivlisoft.net\/shop\/tienda\/\"},{\"@type\":\"ListItem\",\"position\":3,\"name\":\"D-Link DES-1005D Switch 5&#215;10\/100Mbps Mini\"}]},{\"@type\":\"WebSite\",\"@id\":\"https:\/\/aivlisoft.net\/shop\/#website\",\"url\":\"https:\/\/aivlisoft.net\/shop\/\",\"name\":\"Aivlisoft Inform\u00e1tica\",\"description\":\"En Aivlisoft Inform\u00e1tica ofrecemos soluciones tecnol\u00f3gicas para empresas: venta de ordenadores, consumibles, perif\u00e9ricos y m\u00e1s. Calidad, atenci\u00f3n personalizada y los mejores precios para tu negocio.\",\"publisher\":{\"@id\":\"https:\/\/aivlisoft.net\/shop\/#organization\"},\"potentialAction\":[{\"@type\":\"SearchAction\",\"target\":{\"@type\":\"EntryPoint\",\"urlTemplate\":\"https:\/\/aivlisoft.net\/shop\/?s={search_term_string}\"},\"query-input\":{\"@type\":\"PropertyValueSpecification\",\"valueRequired\":true,\"valueName\":\"search_term_string\"}}],\"inLanguage\":\"es\"},{\"@type\":\"Organization\",\"@id\":\"https:\/\/aivlisoft.net\/shop\/#organization\",\"name\":\"Aivlisoft Inform\u00e1tica\",\"url\":\"https:\/\/aivlisoft.net\/shop\/\",\"logo\":{\"@type\":\"ImageObject\",\"inLanguage\":\"es\",\"@id\":\"https:\/\/aivlisoft.net\/shop\/#\/schema\/logo\/image\/\",\"url\":\"https:\/\/aivlisoft.net\/shop\/wp-content\/uploads\/2024\/12\/removal.ai_5b848c54-0cdf-4140-95c5-c5536bb7573b-logodef.png\",\"contentUrl\":\"https:\/\/aivlisoft.net\/shop\/wp-content\/uploads\/2024\/12\/removal.ai_5b848c54-0cdf-4140-95c5-c5536bb7573b-logodef.png\",\"width\":484,\"height\":182,\"caption\":\"Aivlisoft Inform\u00e1tica\"},\"image\":{\"@id\":\"https:\/\/aivlisoft.net\/shop\/#\/schema\/logo\/image\/\"}}]}<\/script>\n<!-- \/ Yoast SEO plugin. -->","yoast_head_json":{"title":"D-Link DES-1005D Switch 5x10\/100Mbps Mini - Aivlisoft Inform\u00e1tica","robots":{"index":"index","follow":"follow","max-snippet":"max-snippet:-1","max-image-preview":"max-image-preview:large","max-video-preview":"max-video-preview:-1"},"canonical":"https:\/\/aivlisoft.net\/shop\/producto\/d-link-des-1005d-switch-5x10-100mbps-mini\/","og_locale":"es_ES","og_type":"article","og_title":"D-Link DES-1005D Switch 5x10\/100Mbps Mini - Aivlisoft Inform\u00e1tica","og_description":"Para peque&ntilde;as empresas y oficinas perif&eacute;ricas Este switch se ha dise&ntilde;ado para mejorar las prestaciones en entornos SOHO como peque&ntilde;as empresas y oficinas perif&eacute;ricas, garantizando la flexibilidad de conexiones a 10\/100Mbps. Potente pero f&aacute;cil de utilizar, permite que los usuarios conecten un puerto de cualquier tipo a un nodo a 10Mbps o 100Mbps para multiplicar&hellip;&nbsp;D-Link DES-1005D Switch 5&#215;10\/100Mbps Mini","og_url":"https:\/\/aivlisoft.net\/shop\/producto\/d-link-des-1005d-switch-5x10-100mbps-mini\/","og_site_name":"Aivlisoft Inform\u00e1tica","article_modified_time":"2025-01-14T11:54:00+00:00","og_image":[{"width":800,"height":800,"url":"https:\/\/aivlisoft.net\/shop\/wp-content\/uploads\/2025\/01\/NSWSSO0119_800.jpg","type":"image\/jpeg"}],"twitter_card":"summary_large_image","twitter_misc":{"Tiempo de lectura":"2 minutos"},"schema":{"@context":"https:\/\/schema.org","@graph":[{"@type":"WebPage","@id":"https:\/\/aivlisoft.net\/shop\/producto\/d-link-des-1005d-switch-5x10-100mbps-mini\/","url":"https:\/\/aivlisoft.net\/shop\/producto\/d-link-des-1005d-switch-5x10-100mbps-mini\/","name":"D-Link DES-1005D Switch 5x10\/100Mbps Mini - Aivlisoft Inform\u00e1tica","isPartOf":{"@id":"https:\/\/aivlisoft.net\/shop\/#website"},"primaryImageOfPage":{"@id":"https:\/\/aivlisoft.net\/shop\/producto\/d-link-des-1005d-switch-5x10-100mbps-mini\/#primaryimage"},"image":{"@id":"https:\/\/aivlisoft.net\/shop\/producto\/d-link-des-1005d-switch-5x10-100mbps-mini\/#primaryimage"},"thumbnailUrl":"https:\/\/aivlisoft.net\/shop\/wp-content\/uploads\/2025\/01\/NSWSSO0119_800.jpg","datePublished":"2025-01-13T15:49:30+00:00","dateModified":"2025-01-14T11:54:00+00:00","breadcrumb":{"@id":"https:\/\/aivlisoft.net\/shop\/producto\/d-link-des-1005d-switch-5x10-100mbps-mini\/#breadcrumb"},"inLanguage":"es","potentialAction":[{"@type":"ReadAction","target":["https:\/\/aivlisoft.net\/shop\/producto\/d-link-des-1005d-switch-5x10-100mbps-mini\/"]}]},{"@type":"ImageObject","inLanguage":"es","@id":"https:\/\/aivlisoft.net\/shop\/producto\/d-link-des-1005d-switch-5x10-100mbps-mini\/#primaryimage","url":"https:\/\/aivlisoft.net\/shop\/wp-content\/uploads\/2025\/01\/NSWSSO0119_800.jpg","contentUrl":"https:\/\/aivlisoft.net\/shop\/wp-content\/uploads\/2025\/01\/NSWSSO0119_800.jpg","width":800,"height":800},{"@type":"BreadcrumbList","@id":"https:\/\/aivlisoft.net\/shop\/producto\/d-link-des-1005d-switch-5x10-100mbps-mini\/#breadcrumb","itemListElement":[{"@type":"ListItem","position":1,"name":"Portada","item":"https:\/\/aivlisoft.net\/shop\/"},{"@type":"ListItem","position":2,"name":"Tienda","item":"https:\/\/aivlisoft.net\/shop\/tienda\/"},{"@type":"ListItem","position":3,"name":"D-Link DES-1005D Switch 5&#215;10\/100Mbps Mini"}]},{"@type":"WebSite","@id":"https:\/\/aivlisoft.net\/shop\/#website","url":"https:\/\/aivlisoft.net\/shop\/","name":"Aivlisoft Inform\u00e1tica","description":"En Aivlisoft Inform\u00e1tica ofrecemos soluciones tecnol\u00f3gicas para empresas: venta de ordenadores, consumibles, perif\u00e9ricos y m\u00e1s. Calidad, atenci\u00f3n personalizada y los mejores precios para tu negocio.","publisher":{"@id":"https:\/\/aivlisoft.net\/shop\/#organization"},"potentialAction":[{"@type":"SearchAction","target":{"@type":"EntryPoint","urlTemplate":"https:\/\/aivlisoft.net\/shop\/?s={search_term_string}"},"query-input":{"@type":"PropertyValueSpecification","valueRequired":true,"valueName":"search_term_string"}}],"inLanguage":"es"},{"@type":"Organization","@id":"https:\/\/aivlisoft.net\/shop\/#organization","name":"Aivlisoft Inform\u00e1tica","url":"https:\/\/aivlisoft.net\/shop\/","logo":{"@type":"ImageObject","inLanguage":"es","@id":"https:\/\/aivlisoft.net\/shop\/#\/schema\/logo\/image\/","url":"https:\/\/aivlisoft.net\/shop\/wp-content\/uploads\/2024\/12\/removal.ai_5b848c54-0cdf-4140-95c5-c5536bb7573b-logodef.png","contentUrl":"https:\/\/aivlisoft.net\/shop\/wp-content\/uploads\/2024\/12\/removal.ai_5b848c54-0cdf-4140-95c5-c5536bb7573b-logodef.png","width":484,"height":182,"caption":"Aivlisoft Inform\u00e1tica"},"image":{"@id":"https:\/\/aivlisoft.net\/shop\/#\/schema\/logo\/image\/"}}]}},"_links":{"self":[{"href":"https:\/\/aivlisoft.net\/shop\/wp-json\/wp\/v2\/product\/21040","targetHints":{"allow":["GET"]}}],"collection":[{"href":"https:\/\/aivlisoft.net\/shop\/wp-json\/wp\/v2\/product"}],"about":[{"href":"https:\/\/aivlisoft.net\/shop\/wp-json\/wp\/v2\/types\/product"}],"wp:featuredmedia":[{"embeddable":true,"href":"https:\/\/aivlisoft.net\/shop\/wp-json\/wp\/v2\/media\/21041"}],"wp:attachment":[{"href":"https:\/\/aivlisoft.net\/shop\/wp-json\/wp\/v2\/media?parent=21040"}],"wp:term":[{"taxonomy":"product_brand","embeddable":true,"href":"https:\/\/aivlisoft.net\/shop\/wp-json\/wp\/v2\/product_brand?post=21040"},{"taxonomy":"product_cat","embeddable":true,"href":"https:\/\/aivlisoft.net\/shop\/wp-json\/wp\/v2\/product_cat?post=21040"},{"taxonomy":"product_tag","embeddable":true,"href":"https:\/\/aivlisoft.net\/shop\/wp-json\/wp\/v2\/product_tag?post=21040"}],"curies":[{"name":"wp","href":"https:\/\/api.w.org\/{rel}","templated":true}]}}