{"id":21032,"date":"2025-01-13T15:49:26","date_gmt":"2025-01-13T15:49:26","guid":{"rendered":"https:\/\/aivlisoft.com\/?post_type=product&#038;p=21032"},"modified":"2025-01-14T11:53:58","modified_gmt":"2025-01-14T11:53:58","slug":"edimax-es-3308p-switch-8x10-100mbps-mini","status":"publish","type":"product","link":"https:\/\/aivlisoft.net\/shop\/producto\/edimax-es-3308p-switch-8x10-100mbps-mini\/","title":{"rendered":"Edimax ES-3308P Switch 8&#215;10\/100Mbps Mini"},"content":{"rendered":"<p>El <strong>ES-3308P<\/strong> es un conmutador de escritorio Ethernet no administrado de 10\/100 Mbps dise&ntilde;ado para aumentar el rendimiento de la red. Su dise&ntilde;o compacto y sobrio ofrece un rendimiento excepcional y elevada eficiencia usando la tecnolog&iacute;a de almacenamiento y reenv&iacute;o de conmutaci&oacute;n de paquetes, para ofrecer transferencias de datos fiables, ideal para conectividad de red en entorno SOHO.<\/p>\n<p>Para extender las redes dom&eacute;sticas o satisfacer requisitos de juegos on-line, transferencia multimedia o streaming, el ES-3308P es una soluci&oacute;n Fast Ethernet con buena relaci&oacute;n entre coste y eficacia. El dise&ntilde;o Plug and Play permite que los usuarios puedan conectar f&aacute;cilmente dispositivos de red tales como PC, almacenamiento conectado a la red y servidores de impresoras a la red dom&eacute;stica sin tener que realizar ninguna configuraci&oacute;n manual.<br \/>&nbsp;<br \/><strong>Compatible con negociaci&oacute;n autom&aacute;tica<\/strong><br \/>Cada puerto del ES-3308P detecta autom&aacute;ticamente si los dispositivos de red conectados se est&aacute;n ejecutando a 10 Mbps o 100 Mbps y en modo d&uacute;plex completo o medio, y ajusta la velocidad y el modo en consecuencia asegurando un funcionamiento sencillo y sin problemas.<\/p>\n<p><strong>Compatible con velocidad de cable sin bloqueo<\/strong><br \/>El ES-3308P reenv&iacute;a y recibe tr&aacute;fico perfectamente con velocidad de cable sin bloqueo. Cada puerto del ES-3308P admite velocidades de hasta 200 Mbps en modo d&uacute;plex completo simult&aacute;neamente, proporcionando velocidad de cable completa para conectar dispositivos, y le permite ejecutar una red de alta velocidad suavemente.<\/p>\n<p><strong>Conforme al est&aacute;ndar IEEE de Eficiencia Energ&eacute;tica Ethernet (EEE)<\/strong><br \/>Adem&aacute;s de velocidades Fast Ethernet cr&iacute;ticas para aplicaciones de red de pr&oacute;xima generaci&oacute;n, el ES-3308P ofrece eficiencia ambiental. Para cumplir el est&aacute;ndar IEEE802.3az, el ES-3308P ofrece funciones de ahorro de energ&iacute;a para reducir los costes y el consumo de energ&iacute;a:<\/p>\n<p><strong>Detecci&oacute;n de enlaces inactivos<\/strong><br \/>Cuando se cierra un dispositivo de red y\/o se detecta un enlace inactivo, la funci&oacute;n de ajuste de consumo de energ&iacute;a reduce autom&aacute;ticamente el consumo. El consumo de energ&iacute;a del conmutador se ajusta autom&aacute;ticamente de acuerdo con el estado del enlace y el n&uacute;mero de dispositivos de red activos.<\/p>\n<p><strong>Detecci&oacute;n de longitud del cable<\/strong><br \/>Los dispositivos equipados con esta funci&oacute;n detectan autom&aacute;ticamente la longitud de los cables Ethernet conectados y ajustan consecuentemente el uso de energ&iacute;a. Cuanto menor sea la longitud del cable, menos energ&iacute;a consumir&aacute;.<\/p>\n<p><strong>F&aacute;cil de usar<\/strong><br \/>El ES-3308P es Plug and Play y compatible con un amplio abanico de protocolos de red. La instalaci&oacute;n y la gesti&oacute;n de red es veloz y sencilla, y los indicadores LED precisos y convenientes muestran en modo f&aacute;cil de leer el puerto y el estado del conmutado<\/p>\n<table class=\"tabla_caracteristicas k-table\" width=\"100%\">\n<tbody>\n<tr>\n<td><strong>Marca<\/strong><\/td>\n<td>Edimax<\/td>\n<\/tr>\n<tr>\n<td valign=\"top\"><strong>Modelo<\/strong><\/td>\n<td><strong>ES-3308P<\/strong><\/td>\n<\/tr>\n<tr>\n<td valign=\"top\">\n<div><strong>Est&aacute;ndares<\/strong><\/div>\n<div><strong>soportados<\/strong><\/div>\n<\/td>\n<td>&#8211; IEEE 802.3 10BASE-T<br \/>&#8211; IEEE 802.3u 100BASE-TX<br \/>&#8211; IEEE 802.3x Control de flujo<br \/>&#8211; IEEE 802.3az Ethernet de eficiencia energ&eacute;tica<\/td>\n<\/tr>\n<tr>\n<td><strong>Puertos<\/strong><\/td>\n<td>&#8211; 8 x RJ-45<\/td>\n<\/tr>\n<tr>\n<td valign=\"top\">\n<div><strong>Otras <\/strong><\/div>\n<div><strong>caracter&iacute;sticas<\/strong><\/div>\n<\/td>\n<td>\n<div>&#8211; Direcci&oacute;n MAC: 1 K<br \/>&#8211; Memoria de b&uacute;fer: 56 K<br \/>&#8211; M&eacute;todo de transmisi&oacute;n: Almacenamiento y reenv&iacute;o<\/div>\n<div><strong>Velocidades de filtrado<\/strong><br \/>&#8211; 100Mbps &#8211; 148,800pps<br \/>&#8211; 10Mbps &#8211; 14,880pps<br \/><strong>Medio de transmisi&oacute;n<\/strong><br \/>&#8211; 10<strong> <\/strong>BASE-T Cat. 3, 4, 5 UTP\/STP<br \/>&#8211; 100 BASE-TX Cat. 5 UTP\/STP&nbsp;&nbsp; &nbsp;<br \/><strong>Indicadores LED<\/strong><br \/>&#8211; Por puerto: Conexi&oacute;n\/act.<br \/>&#8211; Por unidad: Energ&iacute;a&nbsp;&nbsp; &nbsp;<br \/><strong>Requisitos energ&eacute;ticos<\/strong><br \/>&#8211; DC 5V 0.6A<br \/><strong>Temperatura<\/strong><br \/>&#8211; Funcionamiento: 0 a 40 &deg;C<br \/>&#8211; Almacenamiento: -20 a 70 &deg;C<br \/><strong>Humedad<\/strong><br \/>&#8211; Funcionamiento: 10 a 90% de humedad<\/div>\n<div>&nbsp; relativa (sin condensaci&oacute;n)<br \/>&#8211; Almacenamiento: 5 a 90% de humedad<\/div>\n<div>&nbsp; relativa (sin condensaci&oacute;n)&nbsp;&nbsp; &nbsp;<br \/><strong>Consumo energ&eacute;tico<\/strong><br \/>&#8211; &lt;2 Watts<\/div>\n<p><strong>Dimensiones y Peso<\/strong><br \/>&#8211; Dimensiones(L x A x Alt): 137 x 76 x 25.5 mm<br \/>&#8211; Peso: 126 g<br \/><strong>Certificaciones<\/strong><br \/>&#8211; CE<br \/>&#8211; FCC Clase B <\/td>\n<\/tr>\n<tr>\n<td><strong>Fecha de revisi&oacute;n<\/strong><\/td>\n<td>07-03-2017 por MSB<\/td>\n<\/tr>\n<\/tbody>\n<\/table>\n","protected":false},"excerpt":{"rendered":"<p>El ES-3308P es un conmutador de escritorio Ethernet no administrado de 10\/100 Mbps dise&ntilde;ado para aumentar el rendimiento de la red. Su dise&ntilde;o compacto y sobrio ofrece un rendimiento excepcional y elevada eficiencia usando la tecnolog&iacute;a de almacenamiento y reenv&iacute;o de conmutaci&oacute;n de paquetes, para ofrecer transferencias de datos fiables, ideal para conectividad de red&hellip;&nbsp;<a href=\"https:\/\/aivlisoft.net\/shop\/producto\/edimax-es-3308p-switch-8x10-100mbps-mini\/\" rel=\"bookmark\"><span class=\"screen-reader-text\">Edimax ES-3308P Switch 8&#215;10\/100Mbps Mini<\/span><\/a><\/p>\n","protected":false},"featured_media":21033,"template":"","meta":{"neve_meta_sidebar":"","neve_meta_container":"","neve_meta_enable_content_width":"","neve_meta_content_width":0,"neve_meta_title_alignment":"","neve_meta_author_avatar":"","neve_post_elements_order":"","neve_meta_disable_header":"","neve_meta_disable_footer":"","neve_meta_disable_title":""},"product_brand":[],"product_cat":[8773],"product_tag":[7464],"class_list":{"0":"post-21032","1":"product","2":"type-product","3":"status-publish","4":"has-post-thumbnail","6":"product_cat-switches-sobremesa","7":"product_tag-es-3308p","9":"first","10":"instock","11":"taxable","12":"shipping-taxable","13":"purchasable","14":"product-type-simple"},"yoast_head":"<!-- This site is optimized with the Yoast SEO plugin v26.0 - https:\/\/yoast.com\/wordpress\/plugins\/seo\/ -->\n<title>Edimax ES-3308P Switch 8x10\/100Mbps Mini - Aivlisoft Inform\u00e1tica<\/title>\n<meta name=\"robots\" content=\"index, follow, max-snippet:-1, max-image-preview:large, max-video-preview:-1\" \/>\n<link rel=\"canonical\" href=\"https:\/\/aivlisoft.net\/shop\/producto\/edimax-es-3308p-switch-8x10-100mbps-mini\/\" \/>\n<meta property=\"og:locale\" content=\"es_ES\" \/>\n<meta property=\"og:type\" content=\"article\" \/>\n<meta property=\"og:title\" content=\"Edimax ES-3308P Switch 8x10\/100Mbps Mini - Aivlisoft Inform\u00e1tica\" \/>\n<meta property=\"og:description\" content=\"El ES-3308P es un conmutador de escritorio Ethernet no administrado de 10\/100 Mbps dise&ntilde;ado para aumentar el rendimiento de la red. Su dise&ntilde;o compacto y sobrio ofrece un rendimiento excepcional y elevada eficiencia usando la tecnolog&iacute;a de almacenamiento y reenv&iacute;o de conmutaci&oacute;n de paquetes, para ofrecer transferencias de datos fiables, ideal para conectividad de red&hellip;&nbsp;Edimax ES-3308P Switch 8&#215;10\/100Mbps Mini\" \/>\n<meta property=\"og:url\" content=\"https:\/\/aivlisoft.net\/shop\/producto\/edimax-es-3308p-switch-8x10-100mbps-mini\/\" \/>\n<meta property=\"og:site_name\" content=\"Aivlisoft Inform\u00e1tica\" \/>\n<meta property=\"article:modified_time\" content=\"2025-01-14T11:53:58+00:00\" \/>\n<meta property=\"og:image\" content=\"https:\/\/aivlisoft.net\/shop\/wp-content\/uploads\/2025\/01\/NSWSSO0116_800.jpg\" \/>\n\t<meta property=\"og:image:width\" content=\"800\" \/>\n\t<meta property=\"og:image:height\" content=\"800\" \/>\n\t<meta property=\"og:image:type\" content=\"image\/jpeg\" \/>\n<meta name=\"twitter:card\" content=\"summary_large_image\" \/>\n<meta name=\"twitter:label1\" content=\"Tiempo de lectura\" \/>\n\t<meta name=\"twitter:data1\" content=\"3 minutos\" \/>\n<script type=\"application\/ld+json\" class=\"yoast-schema-graph\">{\"@context\":\"https:\/\/schema.org\",\"@graph\":[{\"@type\":\"WebPage\",\"@id\":\"https:\/\/aivlisoft.net\/shop\/producto\/edimax-es-3308p-switch-8x10-100mbps-mini\/\",\"url\":\"https:\/\/aivlisoft.net\/shop\/producto\/edimax-es-3308p-switch-8x10-100mbps-mini\/\",\"name\":\"Edimax ES-3308P Switch 8x10\/100Mbps Mini - Aivlisoft Inform\u00e1tica\",\"isPartOf\":{\"@id\":\"https:\/\/aivlisoft.net\/shop\/#website\"},\"primaryImageOfPage\":{\"@id\":\"https:\/\/aivlisoft.net\/shop\/producto\/edimax-es-3308p-switch-8x10-100mbps-mini\/#primaryimage\"},\"image\":{\"@id\":\"https:\/\/aivlisoft.net\/shop\/producto\/edimax-es-3308p-switch-8x10-100mbps-mini\/#primaryimage\"},\"thumbnailUrl\":\"https:\/\/aivlisoft.net\/shop\/wp-content\/uploads\/2025\/01\/NSWSSO0116_800.jpg\",\"datePublished\":\"2025-01-13T15:49:26+00:00\",\"dateModified\":\"2025-01-14T11:53:58+00:00\",\"breadcrumb\":{\"@id\":\"https:\/\/aivlisoft.net\/shop\/producto\/edimax-es-3308p-switch-8x10-100mbps-mini\/#breadcrumb\"},\"inLanguage\":\"es\",\"potentialAction\":[{\"@type\":\"ReadAction\",\"target\":[\"https:\/\/aivlisoft.net\/shop\/producto\/edimax-es-3308p-switch-8x10-100mbps-mini\/\"]}]},{\"@type\":\"ImageObject\",\"inLanguage\":\"es\",\"@id\":\"https:\/\/aivlisoft.net\/shop\/producto\/edimax-es-3308p-switch-8x10-100mbps-mini\/#primaryimage\",\"url\":\"https:\/\/aivlisoft.net\/shop\/wp-content\/uploads\/2025\/01\/NSWSSO0116_800.jpg\",\"contentUrl\":\"https:\/\/aivlisoft.net\/shop\/wp-content\/uploads\/2025\/01\/NSWSSO0116_800.jpg\",\"width\":800,\"height\":800},{\"@type\":\"BreadcrumbList\",\"@id\":\"https:\/\/aivlisoft.net\/shop\/producto\/edimax-es-3308p-switch-8x10-100mbps-mini\/#breadcrumb\",\"itemListElement\":[{\"@type\":\"ListItem\",\"position\":1,\"name\":\"Portada\",\"item\":\"https:\/\/aivlisoft.net\/shop\/\"},{\"@type\":\"ListItem\",\"position\":2,\"name\":\"Tienda\",\"item\":\"https:\/\/aivlisoft.net\/shop\/tienda\/\"},{\"@type\":\"ListItem\",\"position\":3,\"name\":\"Edimax ES-3308P Switch 8&#215;10\/100Mbps Mini\"}]},{\"@type\":\"WebSite\",\"@id\":\"https:\/\/aivlisoft.net\/shop\/#website\",\"url\":\"https:\/\/aivlisoft.net\/shop\/\",\"name\":\"Aivlisoft Inform\u00e1tica\",\"description\":\"En Aivlisoft Inform\u00e1tica ofrecemos soluciones tecnol\u00f3gicas para empresas: venta de ordenadores, consumibles, perif\u00e9ricos y m\u00e1s. Calidad, atenci\u00f3n personalizada y los mejores precios para tu negocio.\",\"publisher\":{\"@id\":\"https:\/\/aivlisoft.net\/shop\/#organization\"},\"potentialAction\":[{\"@type\":\"SearchAction\",\"target\":{\"@type\":\"EntryPoint\",\"urlTemplate\":\"https:\/\/aivlisoft.net\/shop\/?s={search_term_string}\"},\"query-input\":{\"@type\":\"PropertyValueSpecification\",\"valueRequired\":true,\"valueName\":\"search_term_string\"}}],\"inLanguage\":\"es\"},{\"@type\":\"Organization\",\"@id\":\"https:\/\/aivlisoft.net\/shop\/#organization\",\"name\":\"Aivlisoft Inform\u00e1tica\",\"url\":\"https:\/\/aivlisoft.net\/shop\/\",\"logo\":{\"@type\":\"ImageObject\",\"inLanguage\":\"es\",\"@id\":\"https:\/\/aivlisoft.net\/shop\/#\/schema\/logo\/image\/\",\"url\":\"https:\/\/aivlisoft.net\/shop\/wp-content\/uploads\/2024\/12\/removal.ai_5b848c54-0cdf-4140-95c5-c5536bb7573b-logodef.png\",\"contentUrl\":\"https:\/\/aivlisoft.net\/shop\/wp-content\/uploads\/2024\/12\/removal.ai_5b848c54-0cdf-4140-95c5-c5536bb7573b-logodef.png\",\"width\":484,\"height\":182,\"caption\":\"Aivlisoft Inform\u00e1tica\"},\"image\":{\"@id\":\"https:\/\/aivlisoft.net\/shop\/#\/schema\/logo\/image\/\"}}]}<\/script>\n<!-- \/ Yoast SEO plugin. -->","yoast_head_json":{"title":"Edimax ES-3308P Switch 8x10\/100Mbps Mini - Aivlisoft Inform\u00e1tica","robots":{"index":"index","follow":"follow","max-snippet":"max-snippet:-1","max-image-preview":"max-image-preview:large","max-video-preview":"max-video-preview:-1"},"canonical":"https:\/\/aivlisoft.net\/shop\/producto\/edimax-es-3308p-switch-8x10-100mbps-mini\/","og_locale":"es_ES","og_type":"article","og_title":"Edimax ES-3308P Switch 8x10\/100Mbps Mini - Aivlisoft Inform\u00e1tica","og_description":"El ES-3308P es un conmutador de escritorio Ethernet no administrado de 10\/100 Mbps dise&ntilde;ado para aumentar el rendimiento de la red. Su dise&ntilde;o compacto y sobrio ofrece un rendimiento excepcional y elevada eficiencia usando la tecnolog&iacute;a de almacenamiento y reenv&iacute;o de conmutaci&oacute;n de paquetes, para ofrecer transferencias de datos fiables, ideal para conectividad de red&hellip;&nbsp;Edimax ES-3308P Switch 8&#215;10\/100Mbps Mini","og_url":"https:\/\/aivlisoft.net\/shop\/producto\/edimax-es-3308p-switch-8x10-100mbps-mini\/","og_site_name":"Aivlisoft Inform\u00e1tica","article_modified_time":"2025-01-14T11:53:58+00:00","og_image":[{"width":800,"height":800,"url":"https:\/\/aivlisoft.net\/shop\/wp-content\/uploads\/2025\/01\/NSWSSO0116_800.jpg","type":"image\/jpeg"}],"twitter_card":"summary_large_image","twitter_misc":{"Tiempo de lectura":"3 minutos"},"schema":{"@context":"https:\/\/schema.org","@graph":[{"@type":"WebPage","@id":"https:\/\/aivlisoft.net\/shop\/producto\/edimax-es-3308p-switch-8x10-100mbps-mini\/","url":"https:\/\/aivlisoft.net\/shop\/producto\/edimax-es-3308p-switch-8x10-100mbps-mini\/","name":"Edimax ES-3308P Switch 8x10\/100Mbps Mini - Aivlisoft Inform\u00e1tica","isPartOf":{"@id":"https:\/\/aivlisoft.net\/shop\/#website"},"primaryImageOfPage":{"@id":"https:\/\/aivlisoft.net\/shop\/producto\/edimax-es-3308p-switch-8x10-100mbps-mini\/#primaryimage"},"image":{"@id":"https:\/\/aivlisoft.net\/shop\/producto\/edimax-es-3308p-switch-8x10-100mbps-mini\/#primaryimage"},"thumbnailUrl":"https:\/\/aivlisoft.net\/shop\/wp-content\/uploads\/2025\/01\/NSWSSO0116_800.jpg","datePublished":"2025-01-13T15:49:26+00:00","dateModified":"2025-01-14T11:53:58+00:00","breadcrumb":{"@id":"https:\/\/aivlisoft.net\/shop\/producto\/edimax-es-3308p-switch-8x10-100mbps-mini\/#breadcrumb"},"inLanguage":"es","potentialAction":[{"@type":"ReadAction","target":["https:\/\/aivlisoft.net\/shop\/producto\/edimax-es-3308p-switch-8x10-100mbps-mini\/"]}]},{"@type":"ImageObject","inLanguage":"es","@id":"https:\/\/aivlisoft.net\/shop\/producto\/edimax-es-3308p-switch-8x10-100mbps-mini\/#primaryimage","url":"https:\/\/aivlisoft.net\/shop\/wp-content\/uploads\/2025\/01\/NSWSSO0116_800.jpg","contentUrl":"https:\/\/aivlisoft.net\/shop\/wp-content\/uploads\/2025\/01\/NSWSSO0116_800.jpg","width":800,"height":800},{"@type":"BreadcrumbList","@id":"https:\/\/aivlisoft.net\/shop\/producto\/edimax-es-3308p-switch-8x10-100mbps-mini\/#breadcrumb","itemListElement":[{"@type":"ListItem","position":1,"name":"Portada","item":"https:\/\/aivlisoft.net\/shop\/"},{"@type":"ListItem","position":2,"name":"Tienda","item":"https:\/\/aivlisoft.net\/shop\/tienda\/"},{"@type":"ListItem","position":3,"name":"Edimax ES-3308P Switch 8&#215;10\/100Mbps Mini"}]},{"@type":"WebSite","@id":"https:\/\/aivlisoft.net\/shop\/#website","url":"https:\/\/aivlisoft.net\/shop\/","name":"Aivlisoft Inform\u00e1tica","description":"En Aivlisoft Inform\u00e1tica ofrecemos soluciones tecnol\u00f3gicas para empresas: venta de ordenadores, consumibles, perif\u00e9ricos y m\u00e1s. Calidad, atenci\u00f3n personalizada y los mejores precios para tu negocio.","publisher":{"@id":"https:\/\/aivlisoft.net\/shop\/#organization"},"potentialAction":[{"@type":"SearchAction","target":{"@type":"EntryPoint","urlTemplate":"https:\/\/aivlisoft.net\/shop\/?s={search_term_string}"},"query-input":{"@type":"PropertyValueSpecification","valueRequired":true,"valueName":"search_term_string"}}],"inLanguage":"es"},{"@type":"Organization","@id":"https:\/\/aivlisoft.net\/shop\/#organization","name":"Aivlisoft Inform\u00e1tica","url":"https:\/\/aivlisoft.net\/shop\/","logo":{"@type":"ImageObject","inLanguage":"es","@id":"https:\/\/aivlisoft.net\/shop\/#\/schema\/logo\/image\/","url":"https:\/\/aivlisoft.net\/shop\/wp-content\/uploads\/2024\/12\/removal.ai_5b848c54-0cdf-4140-95c5-c5536bb7573b-logodef.png","contentUrl":"https:\/\/aivlisoft.net\/shop\/wp-content\/uploads\/2024\/12\/removal.ai_5b848c54-0cdf-4140-95c5-c5536bb7573b-logodef.png","width":484,"height":182,"caption":"Aivlisoft Inform\u00e1tica"},"image":{"@id":"https:\/\/aivlisoft.net\/shop\/#\/schema\/logo\/image\/"}}]}},"_links":{"self":[{"href":"https:\/\/aivlisoft.net\/shop\/wp-json\/wp\/v2\/product\/21032","targetHints":{"allow":["GET"]}}],"collection":[{"href":"https:\/\/aivlisoft.net\/shop\/wp-json\/wp\/v2\/product"}],"about":[{"href":"https:\/\/aivlisoft.net\/shop\/wp-json\/wp\/v2\/types\/product"}],"wp:featuredmedia":[{"embeddable":true,"href":"https:\/\/aivlisoft.net\/shop\/wp-json\/wp\/v2\/media\/21033"}],"wp:attachment":[{"href":"https:\/\/aivlisoft.net\/shop\/wp-json\/wp\/v2\/media?parent=21032"}],"wp:term":[{"taxonomy":"product_brand","embeddable":true,"href":"https:\/\/aivlisoft.net\/shop\/wp-json\/wp\/v2\/product_brand?post=21032"},{"taxonomy":"product_cat","embeddable":true,"href":"https:\/\/aivlisoft.net\/shop\/wp-json\/wp\/v2\/product_cat?post=21032"},{"taxonomy":"product_tag","embeddable":true,"href":"https:\/\/aivlisoft.net\/shop\/wp-json\/wp\/v2\/product_tag?post=21032"}],"curies":[{"name":"wp","href":"https:\/\/api.w.org\/{rel}","templated":true}]}}