{"id":21023,"date":"2025-01-13T15:49:20","date_gmt":"2025-01-13T15:49:20","guid":{"rendered":"https:\/\/aivlisoft.com\/?post_type=product&#038;p=21023"},"modified":"2025-01-14T11:53:57","modified_gmt":"2025-01-14T11:53:57","slug":"d-link-go-sw-8g-switch-8xgb-mini","status":"publish","type":"product","link":"https:\/\/aivlisoft.net\/shop\/producto\/d-link-go-sw-8g-switch-8xgb-mini\/","title":{"rendered":"D-Link GO-SW-8G Switch 8xGB Mini"},"content":{"rendered":"<div>&nbsp;<\/div>\n<div style=\"text-align: justify\">El Switch de 8 puertos no gestionable Gigabit GO-SW-8G es parte de la nueva serie D-Link de dispositivos SOHO que hacen uso de la tecnolog&iacute;a verde D-Link, proporcionando ahorros de energ&iacute;a, calor reducida, y una vida &uacute;til m&aacute;s larga sin sacrificar el rendimiento o funcionalidad .<\/p>\n<p>&#8211; 8 puertos Gigabit Ethernet<br \/>&#8211; Compatible con todos los sistemas operativos populares<br \/>&#8211; Instalaci&oacute;n Plug-n-Play<br \/>&#8211; D-Link Green y Energy Efficient Ethernet IEEE 802.3az<\/div>\n<div style=\"text-align: justify\">&#8211; Hasta 1 Gbps de ancho de banda dedicado por puerto y hasta 2 Gbps de ancho de banda en el modo d&uacute;plex completo<br \/>&nbsp;<\/div>\n<p><\/p>\n<table class=\"tabla_caracteristicas\" width=\"100%\">\n<tbody>\n<tr>\n<td valign=\"top\" width=\"35%\"><b><small><font face=\"Tahoma,Arial, Helvetica, sans-serif\" style=\"font-size: 11px\">Marca<\/font><\/small><\/b><\/td>\n<td valign=\"top\" width=\"65%\"><small><font face=\"Tahoma,Arial, Helvetica, sans-serif\" style=\"font-size: 11px\">D-Link<\/font><\/small><\/td>\n<\/tr>\n<tr>\n<td valign=\"top\" width=\"35%\"><b><small><font face=\"Tahoma,Arial, Helvetica, sans-serif\" style=\"font-size: 11px\">Modelo<\/font><\/small><\/b><\/td>\n<td valign=\"top\" width=\"65%\"><strong><small><font face=\"Tahoma,Arial, Helvetica, sans-serif\" style=\"font-size: 11px\">GO-SW-8G<\/font><\/small><\/strong><\/td>\n<\/tr>\n<tr>\n<td valign=\"top\" width=\"35%\"><b><small><font face=\"Tahoma,Arial, Helvetica, sans-serif\" style=\"font-size: 11px\">Especificaciones<\/font><\/small><\/b><\/td>\n<td valign=\"top\" width=\"65%\">\n<div><small><font face=\"Tahoma,Arial, Helvetica, sans-serif\" style=\"font-size: 11px\">&#8211; 8 puertos 10\/100\/1000Mbps<br \/>\t\t\t&#8211; Estandar:<\/font><\/small><\/div>\n<div><small><font face=\"Tahoma,Arial, Helvetica, sans-serif\" style=\"font-size: 11px\">&nbsp; .IEEE 802.3 10BASE-T Ethernet<br \/>\t\t\t&nbsp; .IEEE 802.3u 100BASE-TX Fast Ethernet<br \/>\t\t\t&nbsp; .IEEE 802.3ab 1000BASE-T Gigabit Ethernet<br \/>\t\t\t&nbsp; .ANSI\/IEEE 802.3 NWay auto-negotiation<br \/>\t\t\t&nbsp; .IEEE 802.3x Flow Control<br \/>\t\t\t&nbsp; .IEEE 802.3az Energy-Efficient Ethernet (EEE)<br \/>\t\t\t&#8211; Auto MDI\/MDX<\/font><\/small><\/div>\n<div><small><font face=\"Tahoma,Arial, Helvetica, sans-serif\" style=\"font-size: 11px\">&#8211; Leds: Link\/Actividad. Power<\/font><\/small><\/div>\n<div><small><font face=\"Tahoma,Arial, Helvetica, sans-serif\" style=\"font-size: 11px\">&#8211; M&eacute;todo de transmisi&oacute;n: Store and Forward<\/font><\/small><\/div>\n<div><small><font face=\"Tahoma,Arial, Helvetica, sans-serif\" style=\"font-size: 11px\">&#8211; Tabla de direcciones MAC: 8K<\/font><\/small><\/div>\n<div><small><font face=\"Tahoma,Arial, Helvetica, sans-serif\" style=\"font-size: 11px\">&#8211; Buffer: 128KB<\/font><\/small><\/div>\n<div><small><font face=\"Tahoma,Arial, Helvetica, sans-serif\" style=\"font-size: 11px\">&#8211; Jumbo Frames: 9.216 BytesX<br \/>\t\t\t&#8211; MTBF: 412,433 horas<br \/>\t\t\t&#8211; Autocorrecci&oacute;n de la inversi&oacute;n de polaridad rx<br \/>\t\t\t&#8211; Gama completa de LEDs de diagnosis<br \/>\t\t\t&#8211; De peque&ntilde;as dimensiones, ligero<br \/>\t\t\t&#8211; FCC Clase A, Marca de la CE, VCCI Clase A, C-Tick, <\/font><\/small><\/div>\n<div><small><font face=\"Tahoma,Arial, Helvetica, sans-serif\" style=\"font-size: 11px\">&nbsp; BSMI Clase A, UL, CSA<\/font><\/small><\/div>\n<\/td>\n<\/tr>\n<tr>\n<td valign=\"top\" width=\"35%\"><b><small><font face=\"Tahoma,Arial, Helvetica, sans-serif\" style=\"font-size: 11px\">Prestaciones<\/font><\/small><\/b><\/td>\n<td valign=\"top\" width=\"65%\">\n<div><small><font face=\"Tahoma,Arial, Helvetica, sans-serif\" style=\"font-size: 11px\">&#8211; Certificaciones:<\/font><\/small><\/div>\n<div><small><font face=\"Tahoma,Arial, Helvetica, sans-serif\" style=\"font-size: 11px\">&nbsp; .FCC Class B<br \/>\t\t\t&nbsp; .ICES-003 Class B<br \/>\t\t\t&nbsp; .CE Class B<br \/>\t\t\t&nbsp; .C-Tick Class B<br \/>\t\t\t&nbsp; .VCCI Class B<br \/>\t\t\t&nbsp; .cUL\/UL<br \/>\t\t\t&nbsp; .CCC<br \/>\t\t\t&nbsp; .Anatel<br \/>\t\t\t&nbsp; .LVD<br \/>\t\t\t&#8211; Alimentaci&oacute;n: External 5 V\/1 A Level &quot;V&quot; Power Adapter <\/font><\/small><\/div>\n<div><small><font face=\"Tahoma,Arial, Helvetica, sans-serif\" style=\"font-size: 11px\">&#8211; Dimensiones: 128 x 68.5 x 25.4 mm <\/font><\/small><\/div>\n<div><small><font face=\"Tahoma,Arial, Helvetica, sans-serif\" style=\"font-size: 11px\">&#8211; Color: Negro<\/font><\/small><\/div>\n<\/td>\n<\/tr>\n<tr>\n<td valign=\"top\" width=\"35%\"><b><small><font face=\"Tahoma,Arial, Helvetica, sans-serif\" style=\"font-size: 11px\">Fecha de revisi&oacute;n<\/font><\/small><\/b><\/td>\n<td valign=\"top\" width=\"65%\"><small><font face=\"Tahoma,Arial, Helvetica, sans-serif\" style=\"font-size: 11px\">18-02-2013 por FE4<\/font><\/small><\/td>\n<\/tr>\n<\/tbody>\n<\/table>\n","protected":false},"excerpt":{"rendered":"<p>&nbsp; El Switch de 8 puertos no gestionable Gigabit GO-SW-8G es parte de la nueva serie D-Link de dispositivos SOHO que hacen uso de la tecnolog&iacute;a verde D-Link, proporcionando ahorros de energ&iacute;a, calor reducida, y una vida &uacute;til m&aacute;s larga sin sacrificar el rendimiento o funcionalidad . &#8211; 8 puertos Gigabit Ethernet&#8211; Compatible con todos&hellip;&nbsp;<a href=\"https:\/\/aivlisoft.net\/shop\/producto\/d-link-go-sw-8g-switch-8xgb-mini\/\" rel=\"bookmark\"><span class=\"screen-reader-text\">D-Link GO-SW-8G Switch 8xGB Mini<\/span><\/a><\/p>\n","protected":false},"featured_media":21024,"template":"","meta":{"neve_meta_sidebar":"","neve_meta_container":"","neve_meta_enable_content_width":"","neve_meta_content_width":0,"neve_meta_title_alignment":"","neve_meta_author_avatar":"","neve_post_elements_order":"","neve_meta_disable_header":"","neve_meta_disable_footer":"","neve_meta_disable_title":""},"product_brand":[],"product_cat":[8773],"product_tag":[7462],"class_list":{"0":"post-21023","1":"product","2":"type-product","3":"status-publish","4":"has-post-thumbnail","6":"product_cat-switches-sobremesa","7":"product_tag-go-sw-8g","9":"first","10":"instock","11":"taxable","12":"shipping-taxable","13":"purchasable","14":"product-type-simple"},"yoast_head":"<!-- This site is optimized with the Yoast SEO plugin v26.0 - https:\/\/yoast.com\/wordpress\/plugins\/seo\/ -->\n<title>D-Link GO-SW-8G Switch 8xGB Mini - Aivlisoft Inform\u00e1tica<\/title>\n<meta name=\"robots\" content=\"index, follow, max-snippet:-1, max-image-preview:large, max-video-preview:-1\" \/>\n<link rel=\"canonical\" href=\"https:\/\/aivlisoft.net\/shop\/producto\/d-link-go-sw-8g-switch-8xgb-mini\/\" \/>\n<meta property=\"og:locale\" content=\"es_ES\" \/>\n<meta property=\"og:type\" content=\"article\" \/>\n<meta property=\"og:title\" content=\"D-Link GO-SW-8G Switch 8xGB Mini - Aivlisoft Inform\u00e1tica\" \/>\n<meta property=\"og:description\" content=\"&nbsp; El Switch de 8 puertos no gestionable Gigabit GO-SW-8G es parte de la nueva serie D-Link de dispositivos SOHO que hacen uso de la tecnolog&iacute;a verde D-Link, proporcionando ahorros de energ&iacute;a, calor reducida, y una vida &uacute;til m&aacute;s larga sin sacrificar el rendimiento o funcionalidad . &#8211; 8 puertos Gigabit Ethernet&#8211; Compatible con todos&hellip;&nbsp;D-Link GO-SW-8G Switch 8xGB Mini\" \/>\n<meta property=\"og:url\" content=\"https:\/\/aivlisoft.net\/shop\/producto\/d-link-go-sw-8g-switch-8xgb-mini\/\" \/>\n<meta property=\"og:site_name\" content=\"Aivlisoft Inform\u00e1tica\" \/>\n<meta property=\"article:modified_time\" content=\"2025-01-14T11:53:57+00:00\" \/>\n<meta property=\"og:image\" content=\"https:\/\/aivlisoft.net\/shop\/wp-content\/uploads\/2025\/01\/NSWSSO0114_800.jpg\" \/>\n\t<meta property=\"og:image:width\" content=\"800\" \/>\n\t<meta property=\"og:image:height\" content=\"800\" \/>\n\t<meta property=\"og:image:type\" content=\"image\/jpeg\" \/>\n<meta name=\"twitter:card\" content=\"summary_large_image\" \/>\n<meta name=\"twitter:label1\" content=\"Tiempo de lectura\" \/>\n\t<meta name=\"twitter:data1\" content=\"1 minuto\" \/>\n<script type=\"application\/ld+json\" class=\"yoast-schema-graph\">{\"@context\":\"https:\/\/schema.org\",\"@graph\":[{\"@type\":\"WebPage\",\"@id\":\"https:\/\/aivlisoft.net\/shop\/producto\/d-link-go-sw-8g-switch-8xgb-mini\/\",\"url\":\"https:\/\/aivlisoft.net\/shop\/producto\/d-link-go-sw-8g-switch-8xgb-mini\/\",\"name\":\"D-Link GO-SW-8G Switch 8xGB Mini - Aivlisoft Inform\u00e1tica\",\"isPartOf\":{\"@id\":\"https:\/\/aivlisoft.net\/shop\/#website\"},\"primaryImageOfPage\":{\"@id\":\"https:\/\/aivlisoft.net\/shop\/producto\/d-link-go-sw-8g-switch-8xgb-mini\/#primaryimage\"},\"image\":{\"@id\":\"https:\/\/aivlisoft.net\/shop\/producto\/d-link-go-sw-8g-switch-8xgb-mini\/#primaryimage\"},\"thumbnailUrl\":\"https:\/\/aivlisoft.net\/shop\/wp-content\/uploads\/2025\/01\/NSWSSO0114_800.jpg\",\"datePublished\":\"2025-01-13T15:49:20+00:00\",\"dateModified\":\"2025-01-14T11:53:57+00:00\",\"breadcrumb\":{\"@id\":\"https:\/\/aivlisoft.net\/shop\/producto\/d-link-go-sw-8g-switch-8xgb-mini\/#breadcrumb\"},\"inLanguage\":\"es\",\"potentialAction\":[{\"@type\":\"ReadAction\",\"target\":[\"https:\/\/aivlisoft.net\/shop\/producto\/d-link-go-sw-8g-switch-8xgb-mini\/\"]}]},{\"@type\":\"ImageObject\",\"inLanguage\":\"es\",\"@id\":\"https:\/\/aivlisoft.net\/shop\/producto\/d-link-go-sw-8g-switch-8xgb-mini\/#primaryimage\",\"url\":\"https:\/\/aivlisoft.net\/shop\/wp-content\/uploads\/2025\/01\/NSWSSO0114_800.jpg\",\"contentUrl\":\"https:\/\/aivlisoft.net\/shop\/wp-content\/uploads\/2025\/01\/NSWSSO0114_800.jpg\",\"width\":800,\"height\":800},{\"@type\":\"BreadcrumbList\",\"@id\":\"https:\/\/aivlisoft.net\/shop\/producto\/d-link-go-sw-8g-switch-8xgb-mini\/#breadcrumb\",\"itemListElement\":[{\"@type\":\"ListItem\",\"position\":1,\"name\":\"Portada\",\"item\":\"https:\/\/aivlisoft.net\/shop\/\"},{\"@type\":\"ListItem\",\"position\":2,\"name\":\"Tienda\",\"item\":\"https:\/\/aivlisoft.net\/shop\/tienda\/\"},{\"@type\":\"ListItem\",\"position\":3,\"name\":\"D-Link GO-SW-8G Switch 8xGB Mini\"}]},{\"@type\":\"WebSite\",\"@id\":\"https:\/\/aivlisoft.net\/shop\/#website\",\"url\":\"https:\/\/aivlisoft.net\/shop\/\",\"name\":\"Aivlisoft Inform\u00e1tica\",\"description\":\"En Aivlisoft Inform\u00e1tica ofrecemos soluciones tecnol\u00f3gicas para empresas: venta de ordenadores, consumibles, perif\u00e9ricos y m\u00e1s. Calidad, atenci\u00f3n personalizada y los mejores precios para tu negocio.\",\"publisher\":{\"@id\":\"https:\/\/aivlisoft.net\/shop\/#organization\"},\"potentialAction\":[{\"@type\":\"SearchAction\",\"target\":{\"@type\":\"EntryPoint\",\"urlTemplate\":\"https:\/\/aivlisoft.net\/shop\/?s={search_term_string}\"},\"query-input\":{\"@type\":\"PropertyValueSpecification\",\"valueRequired\":true,\"valueName\":\"search_term_string\"}}],\"inLanguage\":\"es\"},{\"@type\":\"Organization\",\"@id\":\"https:\/\/aivlisoft.net\/shop\/#organization\",\"name\":\"Aivlisoft Inform\u00e1tica\",\"url\":\"https:\/\/aivlisoft.net\/shop\/\",\"logo\":{\"@type\":\"ImageObject\",\"inLanguage\":\"es\",\"@id\":\"https:\/\/aivlisoft.net\/shop\/#\/schema\/logo\/image\/\",\"url\":\"https:\/\/aivlisoft.net\/shop\/wp-content\/uploads\/2024\/12\/removal.ai_5b848c54-0cdf-4140-95c5-c5536bb7573b-logodef.png\",\"contentUrl\":\"https:\/\/aivlisoft.net\/shop\/wp-content\/uploads\/2024\/12\/removal.ai_5b848c54-0cdf-4140-95c5-c5536bb7573b-logodef.png\",\"width\":484,\"height\":182,\"caption\":\"Aivlisoft Inform\u00e1tica\"},\"image\":{\"@id\":\"https:\/\/aivlisoft.net\/shop\/#\/schema\/logo\/image\/\"}}]}<\/script>\n<!-- \/ Yoast SEO plugin. -->","yoast_head_json":{"title":"D-Link GO-SW-8G Switch 8xGB Mini - Aivlisoft Inform\u00e1tica","robots":{"index":"index","follow":"follow","max-snippet":"max-snippet:-1","max-image-preview":"max-image-preview:large","max-video-preview":"max-video-preview:-1"},"canonical":"https:\/\/aivlisoft.net\/shop\/producto\/d-link-go-sw-8g-switch-8xgb-mini\/","og_locale":"es_ES","og_type":"article","og_title":"D-Link GO-SW-8G Switch 8xGB Mini - Aivlisoft Inform\u00e1tica","og_description":"&nbsp; El Switch de 8 puertos no gestionable Gigabit GO-SW-8G es parte de la nueva serie D-Link de dispositivos SOHO que hacen uso de la tecnolog&iacute;a verde D-Link, proporcionando ahorros de energ&iacute;a, calor reducida, y una vida &uacute;til m&aacute;s larga sin sacrificar el rendimiento o funcionalidad . &#8211; 8 puertos Gigabit Ethernet&#8211; Compatible con todos&hellip;&nbsp;D-Link GO-SW-8G Switch 8xGB Mini","og_url":"https:\/\/aivlisoft.net\/shop\/producto\/d-link-go-sw-8g-switch-8xgb-mini\/","og_site_name":"Aivlisoft Inform\u00e1tica","article_modified_time":"2025-01-14T11:53:57+00:00","og_image":[{"width":800,"height":800,"url":"https:\/\/aivlisoft.net\/shop\/wp-content\/uploads\/2025\/01\/NSWSSO0114_800.jpg","type":"image\/jpeg"}],"twitter_card":"summary_large_image","twitter_misc":{"Tiempo de lectura":"1 minuto"},"schema":{"@context":"https:\/\/schema.org","@graph":[{"@type":"WebPage","@id":"https:\/\/aivlisoft.net\/shop\/producto\/d-link-go-sw-8g-switch-8xgb-mini\/","url":"https:\/\/aivlisoft.net\/shop\/producto\/d-link-go-sw-8g-switch-8xgb-mini\/","name":"D-Link GO-SW-8G Switch 8xGB Mini - Aivlisoft Inform\u00e1tica","isPartOf":{"@id":"https:\/\/aivlisoft.net\/shop\/#website"},"primaryImageOfPage":{"@id":"https:\/\/aivlisoft.net\/shop\/producto\/d-link-go-sw-8g-switch-8xgb-mini\/#primaryimage"},"image":{"@id":"https:\/\/aivlisoft.net\/shop\/producto\/d-link-go-sw-8g-switch-8xgb-mini\/#primaryimage"},"thumbnailUrl":"https:\/\/aivlisoft.net\/shop\/wp-content\/uploads\/2025\/01\/NSWSSO0114_800.jpg","datePublished":"2025-01-13T15:49:20+00:00","dateModified":"2025-01-14T11:53:57+00:00","breadcrumb":{"@id":"https:\/\/aivlisoft.net\/shop\/producto\/d-link-go-sw-8g-switch-8xgb-mini\/#breadcrumb"},"inLanguage":"es","potentialAction":[{"@type":"ReadAction","target":["https:\/\/aivlisoft.net\/shop\/producto\/d-link-go-sw-8g-switch-8xgb-mini\/"]}]},{"@type":"ImageObject","inLanguage":"es","@id":"https:\/\/aivlisoft.net\/shop\/producto\/d-link-go-sw-8g-switch-8xgb-mini\/#primaryimage","url":"https:\/\/aivlisoft.net\/shop\/wp-content\/uploads\/2025\/01\/NSWSSO0114_800.jpg","contentUrl":"https:\/\/aivlisoft.net\/shop\/wp-content\/uploads\/2025\/01\/NSWSSO0114_800.jpg","width":800,"height":800},{"@type":"BreadcrumbList","@id":"https:\/\/aivlisoft.net\/shop\/producto\/d-link-go-sw-8g-switch-8xgb-mini\/#breadcrumb","itemListElement":[{"@type":"ListItem","position":1,"name":"Portada","item":"https:\/\/aivlisoft.net\/shop\/"},{"@type":"ListItem","position":2,"name":"Tienda","item":"https:\/\/aivlisoft.net\/shop\/tienda\/"},{"@type":"ListItem","position":3,"name":"D-Link GO-SW-8G Switch 8xGB Mini"}]},{"@type":"WebSite","@id":"https:\/\/aivlisoft.net\/shop\/#website","url":"https:\/\/aivlisoft.net\/shop\/","name":"Aivlisoft Inform\u00e1tica","description":"En Aivlisoft Inform\u00e1tica ofrecemos soluciones tecnol\u00f3gicas para empresas: venta de ordenadores, consumibles, perif\u00e9ricos y m\u00e1s. Calidad, atenci\u00f3n personalizada y los mejores precios para tu negocio.","publisher":{"@id":"https:\/\/aivlisoft.net\/shop\/#organization"},"potentialAction":[{"@type":"SearchAction","target":{"@type":"EntryPoint","urlTemplate":"https:\/\/aivlisoft.net\/shop\/?s={search_term_string}"},"query-input":{"@type":"PropertyValueSpecification","valueRequired":true,"valueName":"search_term_string"}}],"inLanguage":"es"},{"@type":"Organization","@id":"https:\/\/aivlisoft.net\/shop\/#organization","name":"Aivlisoft Inform\u00e1tica","url":"https:\/\/aivlisoft.net\/shop\/","logo":{"@type":"ImageObject","inLanguage":"es","@id":"https:\/\/aivlisoft.net\/shop\/#\/schema\/logo\/image\/","url":"https:\/\/aivlisoft.net\/shop\/wp-content\/uploads\/2024\/12\/removal.ai_5b848c54-0cdf-4140-95c5-c5536bb7573b-logodef.png","contentUrl":"https:\/\/aivlisoft.net\/shop\/wp-content\/uploads\/2024\/12\/removal.ai_5b848c54-0cdf-4140-95c5-c5536bb7573b-logodef.png","width":484,"height":182,"caption":"Aivlisoft Inform\u00e1tica"},"image":{"@id":"https:\/\/aivlisoft.net\/shop\/#\/schema\/logo\/image\/"}}]}},"_links":{"self":[{"href":"https:\/\/aivlisoft.net\/shop\/wp-json\/wp\/v2\/product\/21023","targetHints":{"allow":["GET"]}}],"collection":[{"href":"https:\/\/aivlisoft.net\/shop\/wp-json\/wp\/v2\/product"}],"about":[{"href":"https:\/\/aivlisoft.net\/shop\/wp-json\/wp\/v2\/types\/product"}],"wp:featuredmedia":[{"embeddable":true,"href":"https:\/\/aivlisoft.net\/shop\/wp-json\/wp\/v2\/media\/21024"}],"wp:attachment":[{"href":"https:\/\/aivlisoft.net\/shop\/wp-json\/wp\/v2\/media?parent=21023"}],"wp:term":[{"taxonomy":"product_brand","embeddable":true,"href":"https:\/\/aivlisoft.net\/shop\/wp-json\/wp\/v2\/product_brand?post=21023"},{"taxonomy":"product_cat","embeddable":true,"href":"https:\/\/aivlisoft.net\/shop\/wp-json\/wp\/v2\/product_cat?post=21023"},{"taxonomy":"product_tag","embeddable":true,"href":"https:\/\/aivlisoft.net\/shop\/wp-json\/wp\/v2\/product_tag?post=21023"}],"curies":[{"name":"wp","href":"https:\/\/api.w.org\/{rel}","templated":true}]}}