{"id":21018,"date":"2025-01-13T15:49:17","date_gmt":"2025-01-13T15:49:17","guid":{"rendered":"https:\/\/aivlisoft.com\/?post_type=product&#038;p=21018"},"modified":"2025-01-14T11:53:56","modified_gmt":"2025-01-14T11:53:56","slug":"d-link-go-sw-5g-switch-5xgb-mini","status":"publish","type":"product","link":"https:\/\/aivlisoft.net\/shop\/producto\/d-link-go-sw-5g-switch-5xgb-mini\/","title":{"rendered":"D-Link GO-SW-5G Switch 5xGB Mini"},"content":{"rendered":"<div style=\"text-align: justify\"><strong>Conecte todos sus dispositivos con velocidad Gigabit<\/strong><br \/>Ampl&iacute;e su red de casa con el D-Link &reg; 5-Port Gigabit(GO-SW-5G). Al conectar el GO-SW-5 G a su router, puede a&ntilde;adir hasta cuatro computadoras m&aacute;s a su red dom&eacute;stica con conectividad Fast Ethernet. A&ntilde;adir dispositivos como la consola, impresora, servidor de impresi&oacute;n, almacenamiento conectado a red (NAS) o c&aacute;maras de red con un simple cable Ethernet.<\/p>\n<p><strong>Dise&ntilde;o compacto<\/strong><br \/>Este conmutador de escritorio se adapta pr&aacute;cticamente a cualquier lugar por su tama&ntilde;o compacto. Su conector de alimentaci&oacute;n y puertos est&aacute;n situados en la parte posterior para evitar el desorden de cables en el escritorio.<\/p>\n<p><strong>Redes de alta velocidad sin esfuerzo<\/strong><br \/>Caracter&iacute;sticas de detecci&oacute;n autom&aacute;tica de f&aacute;cil acceso frontal, puertos Ethernet Gigabit con un indicador LED para cada puerto, con el fin de distinguir r&aacute;pidamente el estado del enlace y la actividad. El interruptor de GO-SW-5G tambi&eacute;n soporta Auto MDI \/ MDIX Crossover permitiendo que cada puerto que se conecta directamente a un servidor, hub, router, utilicen cables de par trenzado Ethernet para conseguir que la velocidad m&aacute;xima posible para cada dispositivo conectado a la red.<\/p>\n<p><strong>Instalaci&oacute;n Plug and Play<\/strong><br \/>THED-Link &reg; 5-Port Gigabit Desktop Switch es un plug-and-play que no requiere configuraci&oacute;n, por lo que la instalaci&oacute;n es simple y sin complicaciones. Pero sabemos que la creaci&oacute;n de su conmutador es s&oacute;lo el principio, tambi&eacute;n se puede conectar f&aacute;cilmente varios ordenadores, compartir archivos, m&uacute;sica y video a trav&eacute;s de su red dom&eacute;stica o de peque&ntilde;a oficina, o incluso crear un entorno de juego multi-jugador.<\/p>\n<p><strong>D-Link Green Technology<\/strong><br \/>El GO-SW-5G 5-Port Switch Gigabit es un producto de la nueva serie D-Link de dispositivos SOHO que hacen uso de la tecnolog&iacute;a verde D-Link, proporcionando ahorros de energ&iacute;a, calor reducida, y una vida &uacute;til m&aacute;s larga sin sacrificar el rendimiento o funcionalidad . Un adaptador de alimentaci&oacute;n de energ&iacute;a eficiente (EnergyStar calificados Nivel V), el uso m&iacute;nimo de sustancias nocivas (RoHS), y envases reciclables hacer este cambio verdaderamente ecol&oacute;gico.<br \/>&nbsp;<\/div>\n<p><\/p>\n<table class=\"tabla_caracteristicas\" width=\"100%\">\n<tbody>\n<tr>\n<td valign=\"top\" width=\"35%\"><b><small><font face=\"Tahoma,Arial, Helvetica, sans-serif\" style=\"font-size: 11px\">Marca<\/font><\/small><\/b><\/td>\n<td valign=\"top\" width=\"65%\"><small><font face=\"Tahoma,Arial, Helvetica, sans-serif\" style=\"font-size: 11px\">D-Link<\/font><\/small><\/td>\n<\/tr>\n<tr>\n<td valign=\"top\" width=\"35%\"><b><small><font face=\"Tahoma,Arial, Helvetica, sans-serif\" style=\"font-size: 11px\">Modelo<\/font><\/small><\/b><\/td>\n<td valign=\"top\" width=\"65%\"><strong><small><font face=\"Tahoma,Arial, Helvetica, sans-serif\" style=\"font-size: 11px\">GO-SW-5G<\/font><\/small><\/strong><\/td>\n<\/tr>\n<tr>\n<td valign=\"top\" width=\"35%\"><b><small><font face=\"Tahoma,Arial, Helvetica, sans-serif\" style=\"font-size: 11px\">Especificaciones<\/font><\/small><\/b><\/td>\n<td valign=\"top\" width=\"65%\">\n<div><small><font face=\"Tahoma,Arial, Helvetica, sans-serif\" style=\"font-size: 11px\">Normas<br \/>\t\t\t&#8211; IEEE 802.3 10BASE-T Ethernet (cable de par trenzado de cobre)<br \/>\t\t\t&#8211; IEEE 802.3u 100BASE-TX Fast Ethernet (cable de par trenzado de cobre)<br \/>\t\t\t&#8211; IEEE 802.3ab 1000BASE-T Gigabit Ethernet (cobre par trenzado)<br \/>\t\t\t&#8211; ANSI \/ IEEE 802.3 NWay auto-negociaci&oacute;n<br \/>\t\t\t&#8211; IEEE 802.3x Flow Control<br \/>\t\t\t&#8211; IEEE 802.3az Energy-Efficient Ethernet (EEE)<br \/>\t\t\tProtocolo<br \/>\t\t\t&#8211; CSMA \/ CD<br \/>\t\t\t<strong>Velocidades de transferencia de datos<br \/>\t\t\t&#8211; Ethernet:<br \/>\t\t\t&#8211; 10 Mbps (Half Duplex), 20 Mbps (d&uacute;plex completo)<br \/>\t\t\t&#8211; Fast Ethernet:<br \/>\t\t\t&#8211; 100 Mbps (half duplex), 200 Mbps (d&uacute;plex completo)<br \/>\t\t\t&#8211; Gigabit Ethernet:<br \/>\t\t\t&#8211; 2000 Mbps (d&uacute;plex completo)<\/strong><br \/>\t\t\tTopolog&iacute;a<br \/>\t\t\t&#8211; Star<br \/>\t\t\tCables de red<br \/>\t\t\t&#8211; 10BASE-T:<br \/>\t\t\t&#8211; UTP CAT 3, 4, 5\/5e (100 m m&aacute;x.)<br \/>\t\t\t&#8211; EIA\/TIA-586 de 100 ohmios STP (100 m m&aacute;x.)<br \/>\t\t\t&#8211; 100BASE-TX, 1000BASE-T:<br \/>\t\t\t&#8211; UTP CAT 5\/5e (100 m m&aacute;x.)<br \/>\t\t\t&#8211; EIA\/TIA-568 de 100 ohmios STP (100 m m&aacute;x.)<br \/>\t\t\tMedia Interface Cambio<br \/>\t\t\t&#8211; Auto MDI \/ MDIX en todos los puertos de ajuste<br \/>\t\t\tLos indicadores LED<br \/>\t\t\t&#8211; Por puerto: Enlace \/ Actividad \/ Velocidad<br \/>\t\t\t&#8211; Por dispositivo: Power<\/font><\/small><\/div>\n<\/td>\n<\/tr>\n<tr>\n<td valign=\"top\" width=\"35%\"><b><small><font face=\"Tahoma,Arial, Helvetica, sans-serif\" style=\"font-size: 11px\">Prestaciones<\/font><\/small><\/b><\/td>\n<td valign=\"top\" width=\"65%\">\n<div><small><font face=\"Tahoma,Arial, Helvetica, sans-serif\" style=\"font-size: 11px\">M&eacute;todo de transmisi&oacute;n<br \/>\t\t\t&#8211; Store-and-forward<br \/>\t\t\tTabla de direcciones MAC<br \/>\t\t\t&#8211; 2K<br \/>\t\t\tDirecci&oacute;n MAC Aprendizaje<br \/>\t\t\t&#8211; Actualizaci&oacute;n autom&aacute;tica<br \/>\t\t\tFiltrado de paquetes \/ reenv&iacute;o de tarifas<br \/>\t\t\t&#8211; Ethernet: 14,880 pps por puerto<br \/>\t\t\t&#8211; Fast Ethernet: 148,800 pps por puerto<br \/>\t\t\t&#8211; Gigabit Ethernet: 1488000 pps por puerto<br \/>\t\t\tBuffer RAM<br \/>\t\t\t&#8211; 128KB por dispositivo<br \/>\t\t\tJumbo Frames<br \/>\t\t\t&#8211; 9.216 Bytes<br \/>\t\t\tEntrada de CC<br \/>\t\t\t&#8211; Externa 5 V \/ 1 A Nivel &quot;V&quot; Power Adapter<br \/>\t\t\tConsumo de energ&iacute;a<br \/>\t\t\t&#8211; DC entrada: 1,67 vatios<br \/>\t\t\t&#8211; Entrada de CA: 2,7 vatios<br \/>\t\t\tMTBF<br \/>\t\t\t&#8211; 815.700 horas<br \/>\t\t\tTemperatura de funcionamiento<br \/>\t\t\t&#8211; 32 a 104 &#730; F (0 a 40 &#730; C)<br \/>\t\t\tTemperatura de almacenamiento<br \/>\t\t\t&#8211; 14 a 158 &#730; F (-10 a 70 &#730; C)<br \/>\t\t\tHumedad de funcionamiento<br \/>\t\t\t&#8211; 10% a 90% de humedad relativa sin condensaci&oacute;n<br \/>\t\t\tHumedad de almacenamiento<br \/>\t\t\t&#8211; 5% a 90% de humedad relativa sin condensaci&oacute;n<br \/>\t\t\tDimensiones: 97 x 79 x 28 mm<br \/>\t\t\tPeso: 105 gramos<\/font><\/small><\/div>\n<\/td>\n<\/tr>\n<tr>\n<td valign=\"top\" width=\"35%\"><b><small><font face=\"Tahoma,Arial, Helvetica, sans-serif\" style=\"font-size: 11px\">Fecha de revisi&oacute;n<\/font><\/small><\/b><\/td>\n<td valign=\"top\" width=\"65%\"><small><font face=\"Tahoma,Arial, Helvetica, sans-serif\" style=\"font-size: 11px\">18-02-2013 por DAV<\/font><\/small><\/td>\n<\/tr>\n<\/tbody>\n<\/table>\n","protected":false},"excerpt":{"rendered":"<p>Conecte todos sus dispositivos con velocidad GigabitAmpl&iacute;e su red de casa con el D-Link &reg; 5-Port Gigabit(GO-SW-5G). Al conectar el GO-SW-5 G a su router, puede a&ntilde;adir hasta cuatro computadoras m&aacute;s a su red dom&eacute;stica con conectividad Fast Ethernet. A&ntilde;adir dispositivos como la consola, impresora, servidor de impresi&oacute;n, almacenamiento conectado a red (NAS) o c&aacute;maras&hellip;&nbsp;<a href=\"https:\/\/aivlisoft.net\/shop\/producto\/d-link-go-sw-5g-switch-5xgb-mini\/\" rel=\"bookmark\"><span class=\"screen-reader-text\">D-Link GO-SW-5G Switch 5xGB Mini<\/span><\/a><\/p>\n","protected":false},"featured_media":21019,"template":"","meta":{"neve_meta_sidebar":"","neve_meta_container":"","neve_meta_enable_content_width":"","neve_meta_content_width":0,"neve_meta_title_alignment":"","neve_meta_author_avatar":"","neve_post_elements_order":"","neve_meta_disable_header":"","neve_meta_disable_footer":"","neve_meta_disable_title":""},"product_brand":[],"product_cat":[8773],"product_tag":[7461],"class_list":{"0":"post-21018","1":"product","2":"type-product","3":"status-publish","4":"has-post-thumbnail","6":"product_cat-switches-sobremesa","7":"product_tag-go-sw-5g","9":"first","10":"instock","11":"taxable","12":"shipping-taxable","13":"purchasable","14":"product-type-simple"},"yoast_head":"<!-- This site is optimized with the Yoast SEO plugin v26.0 - https:\/\/yoast.com\/wordpress\/plugins\/seo\/ -->\n<title>D-Link GO-SW-5G Switch 5xGB Mini - Aivlisoft Inform\u00e1tica<\/title>\n<meta name=\"robots\" content=\"index, follow, max-snippet:-1, max-image-preview:large, max-video-preview:-1\" \/>\n<link rel=\"canonical\" href=\"https:\/\/aivlisoft.net\/shop\/producto\/d-link-go-sw-5g-switch-5xgb-mini\/\" \/>\n<meta property=\"og:locale\" content=\"es_ES\" \/>\n<meta property=\"og:type\" content=\"article\" \/>\n<meta property=\"og:title\" content=\"D-Link GO-SW-5G Switch 5xGB Mini - Aivlisoft Inform\u00e1tica\" \/>\n<meta property=\"og:description\" content=\"Conecte todos sus dispositivos con velocidad GigabitAmpl&iacute;e su red de casa con el D-Link &reg; 5-Port Gigabit(GO-SW-5G). Al conectar el GO-SW-5 G a su router, puede a&ntilde;adir hasta cuatro computadoras m&aacute;s a su red dom&eacute;stica con conectividad Fast Ethernet. A&ntilde;adir dispositivos como la consola, impresora, servidor de impresi&oacute;n, almacenamiento conectado a red (NAS) o c&aacute;maras&hellip;&nbsp;D-Link GO-SW-5G Switch 5xGB Mini\" \/>\n<meta property=\"og:url\" content=\"https:\/\/aivlisoft.net\/shop\/producto\/d-link-go-sw-5g-switch-5xgb-mini\/\" \/>\n<meta property=\"og:site_name\" content=\"Aivlisoft Inform\u00e1tica\" \/>\n<meta property=\"article:modified_time\" content=\"2025-01-14T11:53:56+00:00\" \/>\n<meta property=\"og:image\" content=\"https:\/\/aivlisoft.net\/shop\/wp-content\/uploads\/2025\/01\/NSWSSO0113_800.jpg\" \/>\n\t<meta property=\"og:image:width\" content=\"800\" \/>\n\t<meta property=\"og:image:height\" content=\"800\" \/>\n\t<meta property=\"og:image:type\" content=\"image\/jpeg\" \/>\n<meta name=\"twitter:card\" content=\"summary_large_image\" \/>\n<meta name=\"twitter:label1\" content=\"Tiempo de lectura\" \/>\n\t<meta name=\"twitter:data1\" content=\"4 minutos\" \/>\n<script type=\"application\/ld+json\" class=\"yoast-schema-graph\">{\"@context\":\"https:\/\/schema.org\",\"@graph\":[{\"@type\":\"WebPage\",\"@id\":\"https:\/\/aivlisoft.net\/shop\/producto\/d-link-go-sw-5g-switch-5xgb-mini\/\",\"url\":\"https:\/\/aivlisoft.net\/shop\/producto\/d-link-go-sw-5g-switch-5xgb-mini\/\",\"name\":\"D-Link GO-SW-5G Switch 5xGB Mini - Aivlisoft Inform\u00e1tica\",\"isPartOf\":{\"@id\":\"https:\/\/aivlisoft.net\/shop\/#website\"},\"primaryImageOfPage\":{\"@id\":\"https:\/\/aivlisoft.net\/shop\/producto\/d-link-go-sw-5g-switch-5xgb-mini\/#primaryimage\"},\"image\":{\"@id\":\"https:\/\/aivlisoft.net\/shop\/producto\/d-link-go-sw-5g-switch-5xgb-mini\/#primaryimage\"},\"thumbnailUrl\":\"https:\/\/aivlisoft.net\/shop\/wp-content\/uploads\/2025\/01\/NSWSSO0113_800.jpg\",\"datePublished\":\"2025-01-13T15:49:17+00:00\",\"dateModified\":\"2025-01-14T11:53:56+00:00\",\"breadcrumb\":{\"@id\":\"https:\/\/aivlisoft.net\/shop\/producto\/d-link-go-sw-5g-switch-5xgb-mini\/#breadcrumb\"},\"inLanguage\":\"es\",\"potentialAction\":[{\"@type\":\"ReadAction\",\"target\":[\"https:\/\/aivlisoft.net\/shop\/producto\/d-link-go-sw-5g-switch-5xgb-mini\/\"]}]},{\"@type\":\"ImageObject\",\"inLanguage\":\"es\",\"@id\":\"https:\/\/aivlisoft.net\/shop\/producto\/d-link-go-sw-5g-switch-5xgb-mini\/#primaryimage\",\"url\":\"https:\/\/aivlisoft.net\/shop\/wp-content\/uploads\/2025\/01\/NSWSSO0113_800.jpg\",\"contentUrl\":\"https:\/\/aivlisoft.net\/shop\/wp-content\/uploads\/2025\/01\/NSWSSO0113_800.jpg\",\"width\":800,\"height\":800},{\"@type\":\"BreadcrumbList\",\"@id\":\"https:\/\/aivlisoft.net\/shop\/producto\/d-link-go-sw-5g-switch-5xgb-mini\/#breadcrumb\",\"itemListElement\":[{\"@type\":\"ListItem\",\"position\":1,\"name\":\"Portada\",\"item\":\"https:\/\/aivlisoft.net\/shop\/\"},{\"@type\":\"ListItem\",\"position\":2,\"name\":\"Tienda\",\"item\":\"https:\/\/aivlisoft.net\/shop\/tienda\/\"},{\"@type\":\"ListItem\",\"position\":3,\"name\":\"D-Link GO-SW-5G Switch 5xGB Mini\"}]},{\"@type\":\"WebSite\",\"@id\":\"https:\/\/aivlisoft.net\/shop\/#website\",\"url\":\"https:\/\/aivlisoft.net\/shop\/\",\"name\":\"Aivlisoft Inform\u00e1tica\",\"description\":\"En Aivlisoft Inform\u00e1tica ofrecemos soluciones tecnol\u00f3gicas para empresas: venta de ordenadores, consumibles, perif\u00e9ricos y m\u00e1s. Calidad, atenci\u00f3n personalizada y los mejores precios para tu negocio.\",\"publisher\":{\"@id\":\"https:\/\/aivlisoft.net\/shop\/#organization\"},\"potentialAction\":[{\"@type\":\"SearchAction\",\"target\":{\"@type\":\"EntryPoint\",\"urlTemplate\":\"https:\/\/aivlisoft.net\/shop\/?s={search_term_string}\"},\"query-input\":{\"@type\":\"PropertyValueSpecification\",\"valueRequired\":true,\"valueName\":\"search_term_string\"}}],\"inLanguage\":\"es\"},{\"@type\":\"Organization\",\"@id\":\"https:\/\/aivlisoft.net\/shop\/#organization\",\"name\":\"Aivlisoft Inform\u00e1tica\",\"url\":\"https:\/\/aivlisoft.net\/shop\/\",\"logo\":{\"@type\":\"ImageObject\",\"inLanguage\":\"es\",\"@id\":\"https:\/\/aivlisoft.net\/shop\/#\/schema\/logo\/image\/\",\"url\":\"https:\/\/aivlisoft.net\/shop\/wp-content\/uploads\/2024\/12\/removal.ai_5b848c54-0cdf-4140-95c5-c5536bb7573b-logodef.png\",\"contentUrl\":\"https:\/\/aivlisoft.net\/shop\/wp-content\/uploads\/2024\/12\/removal.ai_5b848c54-0cdf-4140-95c5-c5536bb7573b-logodef.png\",\"width\":484,\"height\":182,\"caption\":\"Aivlisoft Inform\u00e1tica\"},\"image\":{\"@id\":\"https:\/\/aivlisoft.net\/shop\/#\/schema\/logo\/image\/\"}}]}<\/script>\n<!-- \/ Yoast SEO plugin. -->","yoast_head_json":{"title":"D-Link GO-SW-5G Switch 5xGB Mini - Aivlisoft Inform\u00e1tica","robots":{"index":"index","follow":"follow","max-snippet":"max-snippet:-1","max-image-preview":"max-image-preview:large","max-video-preview":"max-video-preview:-1"},"canonical":"https:\/\/aivlisoft.net\/shop\/producto\/d-link-go-sw-5g-switch-5xgb-mini\/","og_locale":"es_ES","og_type":"article","og_title":"D-Link GO-SW-5G Switch 5xGB Mini - Aivlisoft Inform\u00e1tica","og_description":"Conecte todos sus dispositivos con velocidad GigabitAmpl&iacute;e su red de casa con el D-Link &reg; 5-Port Gigabit(GO-SW-5G). Al conectar el GO-SW-5 G a su router, puede a&ntilde;adir hasta cuatro computadoras m&aacute;s a su red dom&eacute;stica con conectividad Fast Ethernet. A&ntilde;adir dispositivos como la consola, impresora, servidor de impresi&oacute;n, almacenamiento conectado a red (NAS) o c&aacute;maras&hellip;&nbsp;D-Link GO-SW-5G Switch 5xGB Mini","og_url":"https:\/\/aivlisoft.net\/shop\/producto\/d-link-go-sw-5g-switch-5xgb-mini\/","og_site_name":"Aivlisoft Inform\u00e1tica","article_modified_time":"2025-01-14T11:53:56+00:00","og_image":[{"width":800,"height":800,"url":"https:\/\/aivlisoft.net\/shop\/wp-content\/uploads\/2025\/01\/NSWSSO0113_800.jpg","type":"image\/jpeg"}],"twitter_card":"summary_large_image","twitter_misc":{"Tiempo de lectura":"4 minutos"},"schema":{"@context":"https:\/\/schema.org","@graph":[{"@type":"WebPage","@id":"https:\/\/aivlisoft.net\/shop\/producto\/d-link-go-sw-5g-switch-5xgb-mini\/","url":"https:\/\/aivlisoft.net\/shop\/producto\/d-link-go-sw-5g-switch-5xgb-mini\/","name":"D-Link GO-SW-5G Switch 5xGB Mini - Aivlisoft Inform\u00e1tica","isPartOf":{"@id":"https:\/\/aivlisoft.net\/shop\/#website"},"primaryImageOfPage":{"@id":"https:\/\/aivlisoft.net\/shop\/producto\/d-link-go-sw-5g-switch-5xgb-mini\/#primaryimage"},"image":{"@id":"https:\/\/aivlisoft.net\/shop\/producto\/d-link-go-sw-5g-switch-5xgb-mini\/#primaryimage"},"thumbnailUrl":"https:\/\/aivlisoft.net\/shop\/wp-content\/uploads\/2025\/01\/NSWSSO0113_800.jpg","datePublished":"2025-01-13T15:49:17+00:00","dateModified":"2025-01-14T11:53:56+00:00","breadcrumb":{"@id":"https:\/\/aivlisoft.net\/shop\/producto\/d-link-go-sw-5g-switch-5xgb-mini\/#breadcrumb"},"inLanguage":"es","potentialAction":[{"@type":"ReadAction","target":["https:\/\/aivlisoft.net\/shop\/producto\/d-link-go-sw-5g-switch-5xgb-mini\/"]}]},{"@type":"ImageObject","inLanguage":"es","@id":"https:\/\/aivlisoft.net\/shop\/producto\/d-link-go-sw-5g-switch-5xgb-mini\/#primaryimage","url":"https:\/\/aivlisoft.net\/shop\/wp-content\/uploads\/2025\/01\/NSWSSO0113_800.jpg","contentUrl":"https:\/\/aivlisoft.net\/shop\/wp-content\/uploads\/2025\/01\/NSWSSO0113_800.jpg","width":800,"height":800},{"@type":"BreadcrumbList","@id":"https:\/\/aivlisoft.net\/shop\/producto\/d-link-go-sw-5g-switch-5xgb-mini\/#breadcrumb","itemListElement":[{"@type":"ListItem","position":1,"name":"Portada","item":"https:\/\/aivlisoft.net\/shop\/"},{"@type":"ListItem","position":2,"name":"Tienda","item":"https:\/\/aivlisoft.net\/shop\/tienda\/"},{"@type":"ListItem","position":3,"name":"D-Link GO-SW-5G Switch 5xGB Mini"}]},{"@type":"WebSite","@id":"https:\/\/aivlisoft.net\/shop\/#website","url":"https:\/\/aivlisoft.net\/shop\/","name":"Aivlisoft Inform\u00e1tica","description":"En Aivlisoft Inform\u00e1tica ofrecemos soluciones tecnol\u00f3gicas para empresas: venta de ordenadores, consumibles, perif\u00e9ricos y m\u00e1s. Calidad, atenci\u00f3n personalizada y los mejores precios para tu negocio.","publisher":{"@id":"https:\/\/aivlisoft.net\/shop\/#organization"},"potentialAction":[{"@type":"SearchAction","target":{"@type":"EntryPoint","urlTemplate":"https:\/\/aivlisoft.net\/shop\/?s={search_term_string}"},"query-input":{"@type":"PropertyValueSpecification","valueRequired":true,"valueName":"search_term_string"}}],"inLanguage":"es"},{"@type":"Organization","@id":"https:\/\/aivlisoft.net\/shop\/#organization","name":"Aivlisoft Inform\u00e1tica","url":"https:\/\/aivlisoft.net\/shop\/","logo":{"@type":"ImageObject","inLanguage":"es","@id":"https:\/\/aivlisoft.net\/shop\/#\/schema\/logo\/image\/","url":"https:\/\/aivlisoft.net\/shop\/wp-content\/uploads\/2024\/12\/removal.ai_5b848c54-0cdf-4140-95c5-c5536bb7573b-logodef.png","contentUrl":"https:\/\/aivlisoft.net\/shop\/wp-content\/uploads\/2024\/12\/removal.ai_5b848c54-0cdf-4140-95c5-c5536bb7573b-logodef.png","width":484,"height":182,"caption":"Aivlisoft Inform\u00e1tica"},"image":{"@id":"https:\/\/aivlisoft.net\/shop\/#\/schema\/logo\/image\/"}}]}},"_links":{"self":[{"href":"https:\/\/aivlisoft.net\/shop\/wp-json\/wp\/v2\/product\/21018","targetHints":{"allow":["GET"]}}],"collection":[{"href":"https:\/\/aivlisoft.net\/shop\/wp-json\/wp\/v2\/product"}],"about":[{"href":"https:\/\/aivlisoft.net\/shop\/wp-json\/wp\/v2\/types\/product"}],"wp:featuredmedia":[{"embeddable":true,"href":"https:\/\/aivlisoft.net\/shop\/wp-json\/wp\/v2\/media\/21019"}],"wp:attachment":[{"href":"https:\/\/aivlisoft.net\/shop\/wp-json\/wp\/v2\/media?parent=21018"}],"wp:term":[{"taxonomy":"product_brand","embeddable":true,"href":"https:\/\/aivlisoft.net\/shop\/wp-json\/wp\/v2\/product_brand?post=21018"},{"taxonomy":"product_cat","embeddable":true,"href":"https:\/\/aivlisoft.net\/shop\/wp-json\/wp\/v2\/product_cat?post=21018"},{"taxonomy":"product_tag","embeddable":true,"href":"https:\/\/aivlisoft.net\/shop\/wp-json\/wp\/v2\/product_tag?post=21018"}],"curies":[{"name":"wp","href":"https:\/\/api.w.org\/{rel}","templated":true}]}}