{"id":21012,"date":"2025-01-13T15:49:07","date_gmt":"2025-01-13T15:49:07","guid":{"rendered":"https:\/\/aivlisoft.com\/?post_type=product&#038;p=21012"},"modified":"2025-01-14T11:53:52","modified_gmt":"2025-01-14T11:53:52","slug":"edimax-es-3305p-switch-5x10-100mbps-mini","status":"publish","type":"product","link":"https:\/\/aivlisoft.net\/shop\/producto\/edimax-es-3305p-switch-5x10-100mbps-mini\/","title":{"rendered":"Edimax ES-3305P Switch 5&#215;10\/100Mbps Mini"},"content":{"rendered":"<p>&#8211; Dise&ntilde;o de escritorio compacto y sobrio: Ideal para entornos SOHO<br \/>&#8211; F&aacute;cil de usar: Instalaci&oacute;n Plug and Play<br \/>&#8211; Elevada eficiencia: Filtrado de paquete de velocidad por cable e &iacute;ndice de reenv&iacute;o<br \/>&#8211; Transferencia de datos fiable: Arquitectura de almacenamiento y reenv&iacute;o con fragmento de filtros y paquetes de errores CRC<br \/>&#8211; Ahorro de hasta el 70% de energ&iacute;a: Acepta la funci&oacute;n Ethernet de eficiencia energ&eacute;tica IEEE802.3az<\/p>\n<table class=\"tabla_caracteristicas k-table\" width=\"100%\">\n<tbody>\n<tr>\n<td><strong>Marca<\/strong><\/td>\n<td>Edimax<\/td>\n<\/tr>\n<tr>\n<td valign=\"top\"><strong>Modelo<\/strong><\/td>\n<td><strong>ES-3305P<\/strong><\/td>\n<\/tr>\n<tr>\n<td><strong>Puertos<\/strong><\/td>\n<td>&#8211; 5 x RJ-45<\/td>\n<\/tr>\n<tr>\n<td valign=\"top\"><strong>Standards<\/strong><\/td>\n<td>&#8211; IEEE 802.3 10BASE-T<br \/>&#8211; IEEE 802.3u 100BASE-TX<br \/>&#8211; IEEE 802.3x Control de flujo<br \/>&#8211; IEEE 802.3az Eficiencia energ&eacute;tica de redes Ethernet<\/td>\n<\/tr>\n<tr>\n<td valign=\"top\"><strong>Caracteristicas<\/strong><\/td>\n<td>&#8211; Direcci&oacute;n MAC: 1 K<br \/>&#8211; Memoria tamp&oacute;n: 56 K<br \/>&#8211; M&eacute;todo de transmisi&oacute;n: Almacenamiento y reenv&iacute;o<br \/><strong>Velocidades de filtrado\/reenv&iacute;o<\/strong><br \/>&#8211; Puerto 100 Mbps &ndash; 148 800 pps<br \/>&#8211; Puerto 10 Mbps &ndash; 14 880 pps<br \/><strong>Medio de transmisi&oacute;n<\/strong><br \/>&#8211; 10BASE-T Cat. 3, 4, 5 UTP\/STP?100 BaseTX Cat. 5 UTP\/STP<br \/><strong>Indicadores LED<\/strong><br \/>&#8211; Por puerto: Enlace\/acto?- Por unidad: Alimentaci&oacute;n<br \/><strong>Requisitos energ&eacute;ticos<\/strong><br \/>&#8211; DC 5V 0,6A<br \/><strong>Consumo energ&eacute;tico<\/strong><br \/>&#8211; 1,07 vatios (m&aacute;x.)<br \/><strong>Dimensiones y peso<\/strong><br \/>&#8211; 98&times; 71 &times; 25,5 mm (L x A x Alt)<br \/>&#8211; 92 g<br \/><strong>Humedad<\/strong><br \/>&#8211; Funcionamiento: 0 a 40 &deg;C<br \/>&#8211; Almacenamiento: -20 a 70 &deg;C<br \/><strong>Temperatura<\/strong><br \/>&#8211; Funcionamiento: 10 a 90% de humedad relativa (sin condensaci&oacute;n)<br \/>&#8211; Almacenamiento: 5 a 90% de humedad relativa (sin condensaci&oacute;n)<br \/><strong>Certificaciones<\/strong><br \/>&#8211; CE<br \/>&#8211; FCC Clase B<\/td>\n<\/tr>\n<tr>\n<td><strong>Fecha de revisi&oacute;n<\/strong><\/td>\n<td>15-12-2016 por MSB<\/td>\n<\/tr>\n<\/tbody>\n<\/table>\n","protected":false},"excerpt":{"rendered":"<p>&#8211; Dise&ntilde;o de escritorio compacto y sobrio: Ideal para entornos SOHO&#8211; F&aacute;cil de usar: Instalaci&oacute;n Plug and Play&#8211; Elevada eficiencia: Filtrado de paquete de velocidad por cable e &iacute;ndice de reenv&iacute;o&#8211; Transferencia de datos fiable: Arquitectura de almacenamiento y reenv&iacute;o con fragmento de filtros y paquetes de errores CRC&#8211; Ahorro de hasta el 70% de&hellip;&nbsp;<a href=\"https:\/\/aivlisoft.net\/shop\/producto\/edimax-es-3305p-switch-5x10-100mbps-mini\/\" rel=\"bookmark\"><span class=\"screen-reader-text\">Edimax ES-3305P Switch 5&#215;10\/100Mbps Mini<\/span><\/a><\/p>\n","protected":false},"featured_media":21013,"template":"","meta":{"neve_meta_sidebar":"","neve_meta_container":"","neve_meta_enable_content_width":"","neve_meta_content_width":0,"neve_meta_title_alignment":"","neve_meta_author_avatar":"","neve_post_elements_order":"","neve_meta_disable_header":"","neve_meta_disable_footer":"","neve_meta_disable_title":""},"product_brand":[],"product_cat":[8773],"product_tag":[7459],"class_list":{"0":"post-21012","1":"product","2":"type-product","3":"status-publish","4":"has-post-thumbnail","6":"product_cat-switches-sobremesa","7":"product_tag-es-3305p","9":"first","10":"instock","11":"taxable","12":"shipping-taxable","13":"purchasable","14":"product-type-simple"},"yoast_head":"<!-- This site is optimized with the Yoast SEO plugin v26.0 - https:\/\/yoast.com\/wordpress\/plugins\/seo\/ -->\n<title>Edimax ES-3305P Switch 5x10\/100Mbps Mini - Aivlisoft Inform\u00e1tica<\/title>\n<meta name=\"robots\" content=\"index, follow, max-snippet:-1, max-image-preview:large, max-video-preview:-1\" \/>\n<link rel=\"canonical\" href=\"https:\/\/aivlisoft.net\/shop\/producto\/edimax-es-3305p-switch-5x10-100mbps-mini\/\" \/>\n<meta property=\"og:locale\" content=\"es_ES\" \/>\n<meta property=\"og:type\" content=\"article\" \/>\n<meta property=\"og:title\" content=\"Edimax ES-3305P Switch 5x10\/100Mbps Mini - Aivlisoft Inform\u00e1tica\" \/>\n<meta property=\"og:description\" content=\"&#8211; Dise&ntilde;o de escritorio compacto y sobrio: Ideal para entornos SOHO&#8211; F&aacute;cil de usar: Instalaci&oacute;n Plug and Play&#8211; Elevada eficiencia: Filtrado de paquete de velocidad por cable e &iacute;ndice de reenv&iacute;o&#8211; Transferencia de datos fiable: Arquitectura de almacenamiento y reenv&iacute;o con fragmento de filtros y paquetes de errores CRC&#8211; Ahorro de hasta el 70% de&hellip;&nbsp;Edimax ES-3305P Switch 5&#215;10\/100Mbps Mini\" \/>\n<meta property=\"og:url\" content=\"https:\/\/aivlisoft.net\/shop\/producto\/edimax-es-3305p-switch-5x10-100mbps-mini\/\" \/>\n<meta property=\"og:site_name\" content=\"Aivlisoft Inform\u00e1tica\" \/>\n<meta property=\"article:modified_time\" content=\"2025-01-14T11:53:52+00:00\" \/>\n<meta property=\"og:image\" content=\"https:\/\/aivlisoft.net\/shop\/wp-content\/uploads\/2025\/01\/NSWSSO0106_800.jpg\" \/>\n\t<meta property=\"og:image:width\" content=\"800\" \/>\n\t<meta property=\"og:image:height\" content=\"800\" \/>\n\t<meta property=\"og:image:type\" content=\"image\/jpeg\" \/>\n<meta name=\"twitter:card\" content=\"summary_large_image\" \/>\n<meta name=\"twitter:label1\" content=\"Tiempo de lectura\" \/>\n\t<meta name=\"twitter:data1\" content=\"1 minuto\" \/>\n<script type=\"application\/ld+json\" class=\"yoast-schema-graph\">{\"@context\":\"https:\/\/schema.org\",\"@graph\":[{\"@type\":\"WebPage\",\"@id\":\"https:\/\/aivlisoft.net\/shop\/producto\/edimax-es-3305p-switch-5x10-100mbps-mini\/\",\"url\":\"https:\/\/aivlisoft.net\/shop\/producto\/edimax-es-3305p-switch-5x10-100mbps-mini\/\",\"name\":\"Edimax ES-3305P Switch 5x10\/100Mbps Mini - Aivlisoft Inform\u00e1tica\",\"isPartOf\":{\"@id\":\"https:\/\/aivlisoft.net\/shop\/#website\"},\"primaryImageOfPage\":{\"@id\":\"https:\/\/aivlisoft.net\/shop\/producto\/edimax-es-3305p-switch-5x10-100mbps-mini\/#primaryimage\"},\"image\":{\"@id\":\"https:\/\/aivlisoft.net\/shop\/producto\/edimax-es-3305p-switch-5x10-100mbps-mini\/#primaryimage\"},\"thumbnailUrl\":\"https:\/\/aivlisoft.net\/shop\/wp-content\/uploads\/2025\/01\/NSWSSO0106_800.jpg\",\"datePublished\":\"2025-01-13T15:49:07+00:00\",\"dateModified\":\"2025-01-14T11:53:52+00:00\",\"breadcrumb\":{\"@id\":\"https:\/\/aivlisoft.net\/shop\/producto\/edimax-es-3305p-switch-5x10-100mbps-mini\/#breadcrumb\"},\"inLanguage\":\"es\",\"potentialAction\":[{\"@type\":\"ReadAction\",\"target\":[\"https:\/\/aivlisoft.net\/shop\/producto\/edimax-es-3305p-switch-5x10-100mbps-mini\/\"]}]},{\"@type\":\"ImageObject\",\"inLanguage\":\"es\",\"@id\":\"https:\/\/aivlisoft.net\/shop\/producto\/edimax-es-3305p-switch-5x10-100mbps-mini\/#primaryimage\",\"url\":\"https:\/\/aivlisoft.net\/shop\/wp-content\/uploads\/2025\/01\/NSWSSO0106_800.jpg\",\"contentUrl\":\"https:\/\/aivlisoft.net\/shop\/wp-content\/uploads\/2025\/01\/NSWSSO0106_800.jpg\",\"width\":800,\"height\":800},{\"@type\":\"BreadcrumbList\",\"@id\":\"https:\/\/aivlisoft.net\/shop\/producto\/edimax-es-3305p-switch-5x10-100mbps-mini\/#breadcrumb\",\"itemListElement\":[{\"@type\":\"ListItem\",\"position\":1,\"name\":\"Portada\",\"item\":\"https:\/\/aivlisoft.net\/shop\/\"},{\"@type\":\"ListItem\",\"position\":2,\"name\":\"Tienda\",\"item\":\"https:\/\/aivlisoft.net\/shop\/tienda\/\"},{\"@type\":\"ListItem\",\"position\":3,\"name\":\"Edimax ES-3305P Switch 5&#215;10\/100Mbps Mini\"}]},{\"@type\":\"WebSite\",\"@id\":\"https:\/\/aivlisoft.net\/shop\/#website\",\"url\":\"https:\/\/aivlisoft.net\/shop\/\",\"name\":\"Aivlisoft Inform\u00e1tica\",\"description\":\"En Aivlisoft Inform\u00e1tica ofrecemos soluciones tecnol\u00f3gicas para empresas: venta de ordenadores, consumibles, perif\u00e9ricos y m\u00e1s. Calidad, atenci\u00f3n personalizada y los mejores precios para tu negocio.\",\"publisher\":{\"@id\":\"https:\/\/aivlisoft.net\/shop\/#organization\"},\"potentialAction\":[{\"@type\":\"SearchAction\",\"target\":{\"@type\":\"EntryPoint\",\"urlTemplate\":\"https:\/\/aivlisoft.net\/shop\/?s={search_term_string}\"},\"query-input\":{\"@type\":\"PropertyValueSpecification\",\"valueRequired\":true,\"valueName\":\"search_term_string\"}}],\"inLanguage\":\"es\"},{\"@type\":\"Organization\",\"@id\":\"https:\/\/aivlisoft.net\/shop\/#organization\",\"name\":\"Aivlisoft Inform\u00e1tica\",\"url\":\"https:\/\/aivlisoft.net\/shop\/\",\"logo\":{\"@type\":\"ImageObject\",\"inLanguage\":\"es\",\"@id\":\"https:\/\/aivlisoft.net\/shop\/#\/schema\/logo\/image\/\",\"url\":\"https:\/\/aivlisoft.net\/shop\/wp-content\/uploads\/2024\/12\/removal.ai_5b848c54-0cdf-4140-95c5-c5536bb7573b-logodef.png\",\"contentUrl\":\"https:\/\/aivlisoft.net\/shop\/wp-content\/uploads\/2024\/12\/removal.ai_5b848c54-0cdf-4140-95c5-c5536bb7573b-logodef.png\",\"width\":484,\"height\":182,\"caption\":\"Aivlisoft Inform\u00e1tica\"},\"image\":{\"@id\":\"https:\/\/aivlisoft.net\/shop\/#\/schema\/logo\/image\/\"}}]}<\/script>\n<!-- \/ Yoast SEO plugin. -->","yoast_head_json":{"title":"Edimax ES-3305P Switch 5x10\/100Mbps Mini - Aivlisoft Inform\u00e1tica","robots":{"index":"index","follow":"follow","max-snippet":"max-snippet:-1","max-image-preview":"max-image-preview:large","max-video-preview":"max-video-preview:-1"},"canonical":"https:\/\/aivlisoft.net\/shop\/producto\/edimax-es-3305p-switch-5x10-100mbps-mini\/","og_locale":"es_ES","og_type":"article","og_title":"Edimax ES-3305P Switch 5x10\/100Mbps Mini - Aivlisoft Inform\u00e1tica","og_description":"&#8211; Dise&ntilde;o de escritorio compacto y sobrio: Ideal para entornos SOHO&#8211; F&aacute;cil de usar: Instalaci&oacute;n Plug and Play&#8211; Elevada eficiencia: Filtrado de paquete de velocidad por cable e &iacute;ndice de reenv&iacute;o&#8211; Transferencia de datos fiable: Arquitectura de almacenamiento y reenv&iacute;o con fragmento de filtros y paquetes de errores CRC&#8211; Ahorro de hasta el 70% de&hellip;&nbsp;Edimax ES-3305P Switch 5&#215;10\/100Mbps Mini","og_url":"https:\/\/aivlisoft.net\/shop\/producto\/edimax-es-3305p-switch-5x10-100mbps-mini\/","og_site_name":"Aivlisoft Inform\u00e1tica","article_modified_time":"2025-01-14T11:53:52+00:00","og_image":[{"width":800,"height":800,"url":"https:\/\/aivlisoft.net\/shop\/wp-content\/uploads\/2025\/01\/NSWSSO0106_800.jpg","type":"image\/jpeg"}],"twitter_card":"summary_large_image","twitter_misc":{"Tiempo de lectura":"1 minuto"},"schema":{"@context":"https:\/\/schema.org","@graph":[{"@type":"WebPage","@id":"https:\/\/aivlisoft.net\/shop\/producto\/edimax-es-3305p-switch-5x10-100mbps-mini\/","url":"https:\/\/aivlisoft.net\/shop\/producto\/edimax-es-3305p-switch-5x10-100mbps-mini\/","name":"Edimax ES-3305P Switch 5x10\/100Mbps Mini - Aivlisoft Inform\u00e1tica","isPartOf":{"@id":"https:\/\/aivlisoft.net\/shop\/#website"},"primaryImageOfPage":{"@id":"https:\/\/aivlisoft.net\/shop\/producto\/edimax-es-3305p-switch-5x10-100mbps-mini\/#primaryimage"},"image":{"@id":"https:\/\/aivlisoft.net\/shop\/producto\/edimax-es-3305p-switch-5x10-100mbps-mini\/#primaryimage"},"thumbnailUrl":"https:\/\/aivlisoft.net\/shop\/wp-content\/uploads\/2025\/01\/NSWSSO0106_800.jpg","datePublished":"2025-01-13T15:49:07+00:00","dateModified":"2025-01-14T11:53:52+00:00","breadcrumb":{"@id":"https:\/\/aivlisoft.net\/shop\/producto\/edimax-es-3305p-switch-5x10-100mbps-mini\/#breadcrumb"},"inLanguage":"es","potentialAction":[{"@type":"ReadAction","target":["https:\/\/aivlisoft.net\/shop\/producto\/edimax-es-3305p-switch-5x10-100mbps-mini\/"]}]},{"@type":"ImageObject","inLanguage":"es","@id":"https:\/\/aivlisoft.net\/shop\/producto\/edimax-es-3305p-switch-5x10-100mbps-mini\/#primaryimage","url":"https:\/\/aivlisoft.net\/shop\/wp-content\/uploads\/2025\/01\/NSWSSO0106_800.jpg","contentUrl":"https:\/\/aivlisoft.net\/shop\/wp-content\/uploads\/2025\/01\/NSWSSO0106_800.jpg","width":800,"height":800},{"@type":"BreadcrumbList","@id":"https:\/\/aivlisoft.net\/shop\/producto\/edimax-es-3305p-switch-5x10-100mbps-mini\/#breadcrumb","itemListElement":[{"@type":"ListItem","position":1,"name":"Portada","item":"https:\/\/aivlisoft.net\/shop\/"},{"@type":"ListItem","position":2,"name":"Tienda","item":"https:\/\/aivlisoft.net\/shop\/tienda\/"},{"@type":"ListItem","position":3,"name":"Edimax ES-3305P Switch 5&#215;10\/100Mbps Mini"}]},{"@type":"WebSite","@id":"https:\/\/aivlisoft.net\/shop\/#website","url":"https:\/\/aivlisoft.net\/shop\/","name":"Aivlisoft Inform\u00e1tica","description":"En Aivlisoft Inform\u00e1tica ofrecemos soluciones tecnol\u00f3gicas para empresas: venta de ordenadores, consumibles, perif\u00e9ricos y m\u00e1s. Calidad, atenci\u00f3n personalizada y los mejores precios para tu negocio.","publisher":{"@id":"https:\/\/aivlisoft.net\/shop\/#organization"},"potentialAction":[{"@type":"SearchAction","target":{"@type":"EntryPoint","urlTemplate":"https:\/\/aivlisoft.net\/shop\/?s={search_term_string}"},"query-input":{"@type":"PropertyValueSpecification","valueRequired":true,"valueName":"search_term_string"}}],"inLanguage":"es"},{"@type":"Organization","@id":"https:\/\/aivlisoft.net\/shop\/#organization","name":"Aivlisoft Inform\u00e1tica","url":"https:\/\/aivlisoft.net\/shop\/","logo":{"@type":"ImageObject","inLanguage":"es","@id":"https:\/\/aivlisoft.net\/shop\/#\/schema\/logo\/image\/","url":"https:\/\/aivlisoft.net\/shop\/wp-content\/uploads\/2024\/12\/removal.ai_5b848c54-0cdf-4140-95c5-c5536bb7573b-logodef.png","contentUrl":"https:\/\/aivlisoft.net\/shop\/wp-content\/uploads\/2024\/12\/removal.ai_5b848c54-0cdf-4140-95c5-c5536bb7573b-logodef.png","width":484,"height":182,"caption":"Aivlisoft Inform\u00e1tica"},"image":{"@id":"https:\/\/aivlisoft.net\/shop\/#\/schema\/logo\/image\/"}}]}},"_links":{"self":[{"href":"https:\/\/aivlisoft.net\/shop\/wp-json\/wp\/v2\/product\/21012","targetHints":{"allow":["GET"]}}],"collection":[{"href":"https:\/\/aivlisoft.net\/shop\/wp-json\/wp\/v2\/product"}],"about":[{"href":"https:\/\/aivlisoft.net\/shop\/wp-json\/wp\/v2\/types\/product"}],"wp:featuredmedia":[{"embeddable":true,"href":"https:\/\/aivlisoft.net\/shop\/wp-json\/wp\/v2\/media\/21013"}],"wp:attachment":[{"href":"https:\/\/aivlisoft.net\/shop\/wp-json\/wp\/v2\/media?parent=21012"}],"wp:term":[{"taxonomy":"product_brand","embeddable":true,"href":"https:\/\/aivlisoft.net\/shop\/wp-json\/wp\/v2\/product_brand?post=21012"},{"taxonomy":"product_cat","embeddable":true,"href":"https:\/\/aivlisoft.net\/shop\/wp-json\/wp\/v2\/product_cat?post=21012"},{"taxonomy":"product_tag","embeddable":true,"href":"https:\/\/aivlisoft.net\/shop\/wp-json\/wp\/v2\/product_tag?post=21012"}],"curies":[{"name":"wp","href":"https:\/\/api.w.org\/{rel}","templated":true}]}}