{"id":21007,"date":"2025-01-13T15:49:04","date_gmt":"2025-01-13T15:49:04","guid":{"rendered":"https:\/\/aivlisoft.com\/?post_type=product&#038;p=21007"},"modified":"2025-01-14T11:53:51","modified_gmt":"2025-01-14T11:53:51","slug":"tp-link-tl-sf1008p-switch-8x10-100mbps-4xpoe-metal","status":"publish","type":"product","link":"https:\/\/aivlisoft.net\/shop\/producto\/tp-link-tl-sf1008p-switch-8x10-100mbps-4xpoe-metal\/","title":{"rendered":"TP-LINK TL-SF1008P Switch 8&#215;10\/100Mbps 4xPoE Metal"},"content":{"rendered":"<p><strong>Switch PoE de sobremesa con 8 puertos a 10\/100 Mbps <\/strong><\/p>\n<p>&#8211; Incorpora cuatro puertos PoE que transportan energ&iacute;a el&eacute;ctrica y datos a trav&eacute;s de un solo cable<br \/>&#8211; Compatible con los dispositivos conformes al est&aacute;ndar IEEE 802.3af: ampl&iacute;e la red dom&eacute;stica y de la oficina<br \/>&#8211; No requiere ning&uacute;n tipo de configuraci&oacute;n o instalaci&oacute;n<br \/>&#8211; Soporta PoE hasta 15.4W por cada puerto<br \/>&#8211; Soporta un total de 57W PoE<\/p>\n<table class=\"tabla_caracteristicas k-table\" width=\"100%\">\n<tbody>\n<tr>\n<td><strong>Marca<\/strong><\/td>\n<td>ZyXEL<\/td>\n<\/tr>\n<tr>\n<td valign=\"top\"><strong>Modelo<\/strong><\/td>\n<td><strong>TL-SF1008P<\/strong><\/td>\n<\/tr>\n<tr>\n<td><strong>Caracter&iacute;sticas de Hardware<\/strong><\/td>\n<td><strong>Interfaz &nbsp;&nbsp; &nbsp;<\/strong><br \/>&#8211; 8 puertos RJ45 a 10\/100 Mbps<br \/>&#8211; Negociaci&oacute;n autom&aacute;tica, MDI\/MDIX autom&aacute;tico<br \/><strong>Medios de Red &nbsp;&nbsp; &nbsp;<\/strong><br \/>&#8211; 10BASE-T: cable UTP categor&iacute;a 3, 4, 5 (100 metros m&aacute;ximo)<br \/>&#8211; EIA\/TIA-568 100&Omega; STP (m&aacute;ximo 100 m)<br \/>&#8211; 100BASE-TX: cable UTP categor&iacute;as 5, 5e (m&aacute;ximo 100 metros)<br \/>&#8211; EIA\/TIA-568 100&Omega; STP (m&aacute;ximo 100 m)<br \/><strong>Cantidad de Ventiladores &nbsp;&nbsp; &nbsp;<\/strong><br \/>&#8211; No hay ventilador<br \/><strong>Consumo de Potencia &nbsp;&nbsp; &nbsp;<\/strong><br \/>&#8211; M&aacute;ximo (PoE on): 60.2W (220V\/50Hz)<br \/>&#8211; M&aacute;ximo (PoE off): 3.2W (220V\/50Hz)<br \/><strong>Fuente de Alimentaci&oacute;n Externa &nbsp;&nbsp; &nbsp;<\/strong><br \/>&#8211; Fuente externa de alimentaci&oacute;n (salida: 48 V DC \/ 1,25 A)<br \/><strong>Puertos PoE (RJ45) &nbsp;&nbsp; &nbsp;<\/strong><br \/>&#8211; Est&aacute;ndard: 802.3 af<br \/>&#8211; Puertos PoE: Puerto1- Puerto4<br \/>&#8211; Suministro El&eacute;ctrico PoE: 57W<br \/><strong>Ancho de Banda de la Red Central &nbsp;&nbsp; &nbsp;<\/strong><br \/>&#8211; 1.6Gbps<br \/><strong>Tabla de Direcci&oacute;n MAC &nbsp;&nbsp; &nbsp;<\/strong><br \/>&#8211; 2k<br \/><strong>Dimensiones &nbsp;&nbsp; &nbsp;<\/strong><br \/>&#8211; 171 x 98 x 27 mm <br \/><strong>Consumo de Potencia M&aacute;ximo &nbsp;&nbsp; &nbsp;<\/strong><br \/>&#8211; 2.66(220\/50Hz. sin PD conectado)<br \/>&#8211; 65.92(220\/50Hz. con 57W PD conectado)<br \/><strong>Max Heat Dissipation &nbsp;&nbsp; &nbsp; <\/strong><br \/>&#8211; 9.08BTU\/h(sin PD conectado)<br \/>&#8211; 224.92BTU\/h(con 57W PD conectado) <\/td>\n<\/tr>\n<tr>\n<td valign=\"top\"><strong>Caracter&iacute;sticas <\/strong><strong>de Software<\/strong><\/td>\n<td><strong>M&eacute;todo de Transmisi&oacute;n &nbsp;&nbsp; &nbsp;<\/strong><br \/>&#8211; Store-And-Forward<br \/><strong>Funciones Avanzadas &nbsp;&nbsp; &nbsp;<\/strong><br \/>&#8211; Soporta dispositivos compatibles con el est&aacute;ndar IEEE 802.3af<br \/>&#8211; Funci&oacute;n de prioridad<br \/>&#8211; Aprendizaje y caducidad autom&aacute;ticas de direcciones MAC (Auto-Learning y Auto-aging)<br \/>&#8211; Control de flujo IEEE 802.3x en modo Full Duplex y Back-Pressure en modo Half Duplex <\/td>\n<\/tr>\n<tr>\n<td valign=\"top\"><strong>Otros<\/strong><strong><\/strong><\/td>\n<td><strong>Certificaciones &nbsp;&nbsp; &nbsp;<\/strong><br \/>&#8211; CE, FCC, RoHS<br \/><strong>Contenido del Paquete &nbsp;&nbsp; &nbsp;<\/strong><br \/>&#8211; TL-SL1218MP<br \/>&#8211; Cable Alimentaci&oacute;n<br \/>&#8211; Gu&iacute;a de Instalaci&oacute;n<br \/><strong>Factores Ambientales &nbsp;&nbsp; &nbsp;<\/strong><br \/>&#8211; Temperatura de funcionamiento: 0&ordm;C~40&ordm;C<br \/>&#8211; Temperatura de almacenamiento: -40&ordm;C~70&ordm;C<br \/>&#8211; Humedad de funcionamiento: 10%~90% sin condensaci&oacute;n<br \/>&#8211; Humedad de almacenamiento: 5%~90% sin condensaci&oacute;n <\/td>\n<\/tr>\n<tr>\n<td><strong>Fecha de revisi&oacute;n<\/strong><\/td>\n<td>04-06-2019 por AVN<\/td>\n<\/tr>\n<\/tbody>\n<\/table>\n","protected":false},"excerpt":{"rendered":"<p>Switch PoE de sobremesa con 8 puertos a 10\/100 Mbps &#8211; Incorpora cuatro puertos PoE que transportan energ&iacute;a el&eacute;ctrica y datos a trav&eacute;s de un solo cable&#8211; Compatible con los dispositivos conformes al est&aacute;ndar IEEE 802.3af: ampl&iacute;e la red dom&eacute;stica y de la oficina&#8211; No requiere ning&uacute;n tipo de configuraci&oacute;n o instalaci&oacute;n&#8211; Soporta PoE hasta&hellip;&nbsp;<a href=\"https:\/\/aivlisoft.net\/shop\/producto\/tp-link-tl-sf1008p-switch-8x10-100mbps-4xpoe-metal\/\" rel=\"bookmark\"><span class=\"screen-reader-text\">TP-LINK TL-SF1008P Switch 8&#215;10\/100Mbps 4xPoE Metal<\/span><\/a><\/p>\n","protected":false},"featured_media":21008,"template":"","meta":{"neve_meta_sidebar":"","neve_meta_container":"","neve_meta_enable_content_width":"","neve_meta_content_width":0,"neve_meta_title_alignment":"","neve_meta_author_avatar":"","neve_post_elements_order":"","neve_meta_disable_header":"","neve_meta_disable_footer":"","neve_meta_disable_title":""},"product_brand":[],"product_cat":[8773],"product_tag":[7458],"class_list":{"0":"post-21007","1":"product","2":"type-product","3":"status-publish","4":"has-post-thumbnail","6":"product_cat-switches-sobremesa","7":"product_tag-tl-sf1008p","9":"first","10":"instock","11":"taxable","12":"shipping-taxable","13":"purchasable","14":"product-type-simple"},"yoast_head":"<!-- This site is optimized with the Yoast SEO plugin v26.0 - https:\/\/yoast.com\/wordpress\/plugins\/seo\/ -->\n<title>TP-LINK TL-SF1008P Switch 8x10\/100Mbps 4xPoE Metal - Aivlisoft Inform\u00e1tica<\/title>\n<meta name=\"robots\" content=\"index, follow, max-snippet:-1, max-image-preview:large, max-video-preview:-1\" \/>\n<link rel=\"canonical\" href=\"https:\/\/aivlisoft.net\/shop\/producto\/tp-link-tl-sf1008p-switch-8x10-100mbps-4xpoe-metal\/\" \/>\n<meta property=\"og:locale\" content=\"es_ES\" \/>\n<meta property=\"og:type\" content=\"article\" \/>\n<meta property=\"og:title\" content=\"TP-LINK TL-SF1008P Switch 8x10\/100Mbps 4xPoE Metal - Aivlisoft Inform\u00e1tica\" \/>\n<meta property=\"og:description\" content=\"Switch PoE de sobremesa con 8 puertos a 10\/100 Mbps &#8211; Incorpora cuatro puertos PoE que transportan energ&iacute;a el&eacute;ctrica y datos a trav&eacute;s de un solo cable&#8211; Compatible con los dispositivos conformes al est&aacute;ndar IEEE 802.3af: ampl&iacute;e la red dom&eacute;stica y de la oficina&#8211; No requiere ning&uacute;n tipo de configuraci&oacute;n o instalaci&oacute;n&#8211; Soporta PoE hasta&hellip;&nbsp;TP-LINK TL-SF1008P Switch 8&#215;10\/100Mbps 4xPoE Metal\" \/>\n<meta property=\"og:url\" content=\"https:\/\/aivlisoft.net\/shop\/producto\/tp-link-tl-sf1008p-switch-8x10-100mbps-4xpoe-metal\/\" \/>\n<meta property=\"og:site_name\" content=\"Aivlisoft Inform\u00e1tica\" \/>\n<meta property=\"article:modified_time\" content=\"2025-01-14T11:53:51+00:00\" \/>\n<meta property=\"og:image\" content=\"https:\/\/aivlisoft.net\/shop\/wp-content\/uploads\/2025\/01\/NSWSSO0083_800.jpg\" \/>\n\t<meta property=\"og:image:width\" content=\"800\" \/>\n\t<meta property=\"og:image:height\" content=\"800\" \/>\n\t<meta property=\"og:image:type\" content=\"image\/jpeg\" \/>\n<meta name=\"twitter:card\" content=\"summary_large_image\" \/>\n<meta name=\"twitter:label1\" content=\"Tiempo de lectura\" \/>\n\t<meta name=\"twitter:data1\" content=\"2 minutos\" \/>\n<script type=\"application\/ld+json\" class=\"yoast-schema-graph\">{\"@context\":\"https:\/\/schema.org\",\"@graph\":[{\"@type\":\"WebPage\",\"@id\":\"https:\/\/aivlisoft.net\/shop\/producto\/tp-link-tl-sf1008p-switch-8x10-100mbps-4xpoe-metal\/\",\"url\":\"https:\/\/aivlisoft.net\/shop\/producto\/tp-link-tl-sf1008p-switch-8x10-100mbps-4xpoe-metal\/\",\"name\":\"TP-LINK TL-SF1008P Switch 8x10\/100Mbps 4xPoE Metal - Aivlisoft Inform\u00e1tica\",\"isPartOf\":{\"@id\":\"https:\/\/aivlisoft.net\/shop\/#website\"},\"primaryImageOfPage\":{\"@id\":\"https:\/\/aivlisoft.net\/shop\/producto\/tp-link-tl-sf1008p-switch-8x10-100mbps-4xpoe-metal\/#primaryimage\"},\"image\":{\"@id\":\"https:\/\/aivlisoft.net\/shop\/producto\/tp-link-tl-sf1008p-switch-8x10-100mbps-4xpoe-metal\/#primaryimage\"},\"thumbnailUrl\":\"https:\/\/aivlisoft.net\/shop\/wp-content\/uploads\/2025\/01\/NSWSSO0083_800.jpg\",\"datePublished\":\"2025-01-13T15:49:04+00:00\",\"dateModified\":\"2025-01-14T11:53:51+00:00\",\"breadcrumb\":{\"@id\":\"https:\/\/aivlisoft.net\/shop\/producto\/tp-link-tl-sf1008p-switch-8x10-100mbps-4xpoe-metal\/#breadcrumb\"},\"inLanguage\":\"es\",\"potentialAction\":[{\"@type\":\"ReadAction\",\"target\":[\"https:\/\/aivlisoft.net\/shop\/producto\/tp-link-tl-sf1008p-switch-8x10-100mbps-4xpoe-metal\/\"]}]},{\"@type\":\"ImageObject\",\"inLanguage\":\"es\",\"@id\":\"https:\/\/aivlisoft.net\/shop\/producto\/tp-link-tl-sf1008p-switch-8x10-100mbps-4xpoe-metal\/#primaryimage\",\"url\":\"https:\/\/aivlisoft.net\/shop\/wp-content\/uploads\/2025\/01\/NSWSSO0083_800.jpg\",\"contentUrl\":\"https:\/\/aivlisoft.net\/shop\/wp-content\/uploads\/2025\/01\/NSWSSO0083_800.jpg\",\"width\":800,\"height\":800},{\"@type\":\"BreadcrumbList\",\"@id\":\"https:\/\/aivlisoft.net\/shop\/producto\/tp-link-tl-sf1008p-switch-8x10-100mbps-4xpoe-metal\/#breadcrumb\",\"itemListElement\":[{\"@type\":\"ListItem\",\"position\":1,\"name\":\"Portada\",\"item\":\"https:\/\/aivlisoft.net\/shop\/\"},{\"@type\":\"ListItem\",\"position\":2,\"name\":\"Tienda\",\"item\":\"https:\/\/aivlisoft.net\/shop\/tienda\/\"},{\"@type\":\"ListItem\",\"position\":3,\"name\":\"TP-LINK TL-SF1008P Switch 8&#215;10\/100Mbps 4xPoE Metal\"}]},{\"@type\":\"WebSite\",\"@id\":\"https:\/\/aivlisoft.net\/shop\/#website\",\"url\":\"https:\/\/aivlisoft.net\/shop\/\",\"name\":\"Aivlisoft Inform\u00e1tica\",\"description\":\"En Aivlisoft Inform\u00e1tica ofrecemos soluciones tecnol\u00f3gicas para empresas: venta de ordenadores, consumibles, perif\u00e9ricos y m\u00e1s. Calidad, atenci\u00f3n personalizada y los mejores precios para tu negocio.\",\"publisher\":{\"@id\":\"https:\/\/aivlisoft.net\/shop\/#organization\"},\"potentialAction\":[{\"@type\":\"SearchAction\",\"target\":{\"@type\":\"EntryPoint\",\"urlTemplate\":\"https:\/\/aivlisoft.net\/shop\/?s={search_term_string}\"},\"query-input\":{\"@type\":\"PropertyValueSpecification\",\"valueRequired\":true,\"valueName\":\"search_term_string\"}}],\"inLanguage\":\"es\"},{\"@type\":\"Organization\",\"@id\":\"https:\/\/aivlisoft.net\/shop\/#organization\",\"name\":\"Aivlisoft Inform\u00e1tica\",\"url\":\"https:\/\/aivlisoft.net\/shop\/\",\"logo\":{\"@type\":\"ImageObject\",\"inLanguage\":\"es\",\"@id\":\"https:\/\/aivlisoft.net\/shop\/#\/schema\/logo\/image\/\",\"url\":\"https:\/\/aivlisoft.net\/shop\/wp-content\/uploads\/2024\/12\/removal.ai_5b848c54-0cdf-4140-95c5-c5536bb7573b-logodef.png\",\"contentUrl\":\"https:\/\/aivlisoft.net\/shop\/wp-content\/uploads\/2024\/12\/removal.ai_5b848c54-0cdf-4140-95c5-c5536bb7573b-logodef.png\",\"width\":484,\"height\":182,\"caption\":\"Aivlisoft Inform\u00e1tica\"},\"image\":{\"@id\":\"https:\/\/aivlisoft.net\/shop\/#\/schema\/logo\/image\/\"}}]}<\/script>\n<!-- \/ Yoast SEO plugin. -->","yoast_head_json":{"title":"TP-LINK TL-SF1008P Switch 8x10\/100Mbps 4xPoE Metal - Aivlisoft Inform\u00e1tica","robots":{"index":"index","follow":"follow","max-snippet":"max-snippet:-1","max-image-preview":"max-image-preview:large","max-video-preview":"max-video-preview:-1"},"canonical":"https:\/\/aivlisoft.net\/shop\/producto\/tp-link-tl-sf1008p-switch-8x10-100mbps-4xpoe-metal\/","og_locale":"es_ES","og_type":"article","og_title":"TP-LINK TL-SF1008P Switch 8x10\/100Mbps 4xPoE Metal - Aivlisoft Inform\u00e1tica","og_description":"Switch PoE de sobremesa con 8 puertos a 10\/100 Mbps &#8211; Incorpora cuatro puertos PoE que transportan energ&iacute;a el&eacute;ctrica y datos a trav&eacute;s de un solo cable&#8211; Compatible con los dispositivos conformes al est&aacute;ndar IEEE 802.3af: ampl&iacute;e la red dom&eacute;stica y de la oficina&#8211; No requiere ning&uacute;n tipo de configuraci&oacute;n o instalaci&oacute;n&#8211; Soporta PoE hasta&hellip;&nbsp;TP-LINK TL-SF1008P Switch 8&#215;10\/100Mbps 4xPoE Metal","og_url":"https:\/\/aivlisoft.net\/shop\/producto\/tp-link-tl-sf1008p-switch-8x10-100mbps-4xpoe-metal\/","og_site_name":"Aivlisoft Inform\u00e1tica","article_modified_time":"2025-01-14T11:53:51+00:00","og_image":[{"width":800,"height":800,"url":"https:\/\/aivlisoft.net\/shop\/wp-content\/uploads\/2025\/01\/NSWSSO0083_800.jpg","type":"image\/jpeg"}],"twitter_card":"summary_large_image","twitter_misc":{"Tiempo de lectura":"2 minutos"},"schema":{"@context":"https:\/\/schema.org","@graph":[{"@type":"WebPage","@id":"https:\/\/aivlisoft.net\/shop\/producto\/tp-link-tl-sf1008p-switch-8x10-100mbps-4xpoe-metal\/","url":"https:\/\/aivlisoft.net\/shop\/producto\/tp-link-tl-sf1008p-switch-8x10-100mbps-4xpoe-metal\/","name":"TP-LINK TL-SF1008P Switch 8x10\/100Mbps 4xPoE Metal - Aivlisoft Inform\u00e1tica","isPartOf":{"@id":"https:\/\/aivlisoft.net\/shop\/#website"},"primaryImageOfPage":{"@id":"https:\/\/aivlisoft.net\/shop\/producto\/tp-link-tl-sf1008p-switch-8x10-100mbps-4xpoe-metal\/#primaryimage"},"image":{"@id":"https:\/\/aivlisoft.net\/shop\/producto\/tp-link-tl-sf1008p-switch-8x10-100mbps-4xpoe-metal\/#primaryimage"},"thumbnailUrl":"https:\/\/aivlisoft.net\/shop\/wp-content\/uploads\/2025\/01\/NSWSSO0083_800.jpg","datePublished":"2025-01-13T15:49:04+00:00","dateModified":"2025-01-14T11:53:51+00:00","breadcrumb":{"@id":"https:\/\/aivlisoft.net\/shop\/producto\/tp-link-tl-sf1008p-switch-8x10-100mbps-4xpoe-metal\/#breadcrumb"},"inLanguage":"es","potentialAction":[{"@type":"ReadAction","target":["https:\/\/aivlisoft.net\/shop\/producto\/tp-link-tl-sf1008p-switch-8x10-100mbps-4xpoe-metal\/"]}]},{"@type":"ImageObject","inLanguage":"es","@id":"https:\/\/aivlisoft.net\/shop\/producto\/tp-link-tl-sf1008p-switch-8x10-100mbps-4xpoe-metal\/#primaryimage","url":"https:\/\/aivlisoft.net\/shop\/wp-content\/uploads\/2025\/01\/NSWSSO0083_800.jpg","contentUrl":"https:\/\/aivlisoft.net\/shop\/wp-content\/uploads\/2025\/01\/NSWSSO0083_800.jpg","width":800,"height":800},{"@type":"BreadcrumbList","@id":"https:\/\/aivlisoft.net\/shop\/producto\/tp-link-tl-sf1008p-switch-8x10-100mbps-4xpoe-metal\/#breadcrumb","itemListElement":[{"@type":"ListItem","position":1,"name":"Portada","item":"https:\/\/aivlisoft.net\/shop\/"},{"@type":"ListItem","position":2,"name":"Tienda","item":"https:\/\/aivlisoft.net\/shop\/tienda\/"},{"@type":"ListItem","position":3,"name":"TP-LINK TL-SF1008P Switch 8&#215;10\/100Mbps 4xPoE Metal"}]},{"@type":"WebSite","@id":"https:\/\/aivlisoft.net\/shop\/#website","url":"https:\/\/aivlisoft.net\/shop\/","name":"Aivlisoft Inform\u00e1tica","description":"En Aivlisoft Inform\u00e1tica ofrecemos soluciones tecnol\u00f3gicas para empresas: venta de ordenadores, consumibles, perif\u00e9ricos y m\u00e1s. Calidad, atenci\u00f3n personalizada y los mejores precios para tu negocio.","publisher":{"@id":"https:\/\/aivlisoft.net\/shop\/#organization"},"potentialAction":[{"@type":"SearchAction","target":{"@type":"EntryPoint","urlTemplate":"https:\/\/aivlisoft.net\/shop\/?s={search_term_string}"},"query-input":{"@type":"PropertyValueSpecification","valueRequired":true,"valueName":"search_term_string"}}],"inLanguage":"es"},{"@type":"Organization","@id":"https:\/\/aivlisoft.net\/shop\/#organization","name":"Aivlisoft Inform\u00e1tica","url":"https:\/\/aivlisoft.net\/shop\/","logo":{"@type":"ImageObject","inLanguage":"es","@id":"https:\/\/aivlisoft.net\/shop\/#\/schema\/logo\/image\/","url":"https:\/\/aivlisoft.net\/shop\/wp-content\/uploads\/2024\/12\/removal.ai_5b848c54-0cdf-4140-95c5-c5536bb7573b-logodef.png","contentUrl":"https:\/\/aivlisoft.net\/shop\/wp-content\/uploads\/2024\/12\/removal.ai_5b848c54-0cdf-4140-95c5-c5536bb7573b-logodef.png","width":484,"height":182,"caption":"Aivlisoft Inform\u00e1tica"},"image":{"@id":"https:\/\/aivlisoft.net\/shop\/#\/schema\/logo\/image\/"}}]}},"_links":{"self":[{"href":"https:\/\/aivlisoft.net\/shop\/wp-json\/wp\/v2\/product\/21007","targetHints":{"allow":["GET"]}}],"collection":[{"href":"https:\/\/aivlisoft.net\/shop\/wp-json\/wp\/v2\/product"}],"about":[{"href":"https:\/\/aivlisoft.net\/shop\/wp-json\/wp\/v2\/types\/product"}],"wp:featuredmedia":[{"embeddable":true,"href":"https:\/\/aivlisoft.net\/shop\/wp-json\/wp\/v2\/media\/21008"}],"wp:attachment":[{"href":"https:\/\/aivlisoft.net\/shop\/wp-json\/wp\/v2\/media?parent=21007"}],"wp:term":[{"taxonomy":"product_brand","embeddable":true,"href":"https:\/\/aivlisoft.net\/shop\/wp-json\/wp\/v2\/product_brand?post=21007"},{"taxonomy":"product_cat","embeddable":true,"href":"https:\/\/aivlisoft.net\/shop\/wp-json\/wp\/v2\/product_cat?post=21007"},{"taxonomy":"product_tag","embeddable":true,"href":"https:\/\/aivlisoft.net\/shop\/wp-json\/wp\/v2\/product_tag?post=21007"}],"curies":[{"name":"wp","href":"https:\/\/api.w.org\/{rel}","templated":true}]}}