{"id":20993,"date":"2025-01-13T15:48:58","date_gmt":"2025-01-13T15:48:58","guid":{"rendered":"https:\/\/aivlisoft.com\/?post_type=product&#038;p=20993"},"modified":"2025-01-14T11:53:49","modified_gmt":"2025-01-14T11:53:49","slug":"tp-link-tl-sf1005d-switch-5x10-100mbps-mini","status":"publish","type":"product","link":"https:\/\/aivlisoft.net\/shop\/producto\/tp-link-tl-sf1005d-switch-5x10-100mbps-mini\/","title":{"rendered":"TP-LINK TL-SF1005D Switch 5&#215;10\/100Mbps Mini"},"content":{"rendered":"<div>\tEl Conmutador Fast Ethernet TL-SF1005D con 5 puertos a 10\/100Mbps cuenta con 5 puertos RJ45 con autonegociaci&oacute;n a 10\/100Mbps. Todos los puertos soportan la funci&oacute;n Auto MDI\/MDIX, eliminando la necesidad de cables cruzados o puertos Uplink.<br \/>\tEl conmutador es Plug-and-Play y cada uno de los puertos puede utilizarse como puerto general o puerto Uplink, se puede conectar a un servidor, hub o conmutador mediante cable directo o cable cruzado.<br \/>\tEl Conmutador Fast Ethernet TL-SF1005D con 5 puertos a 10\/100Mbps de TP-LINK le ofrece una actualizaci&oacute;n econ&oacute;mica, f&aacute;cil de usar, de alto rendimiento y perfectamente integrada para convertir su red antigua en una red a 100Mbps.<br \/>\tAumentar&aacute; el rendimiento de su red a una transferencia de datos a full duplex.<br \/>\tLa conmutaci&oacute;n de paquetes a velocidad de cable puede ser tan r&aacute;pida como la velocidad a la que su red env&iacute;a estos paquetes.<\/div>\n<p><\/p>\n<table class=\"tabla_caracteristicas\" width=\"100%\">\n<tbody>\n<tr>\n<td valign=\"top\" width=\"35%\">\t\t\t\t<b><small><font face=\"Tahoma,Arial, Helvetica, sans-serif\" style=\"font-size: 11px\">Marca<\/font><\/small><\/b><\/td>\n<td valign=\"top\" width=\"65%\">\t\t\t\t<small><font face=\"Tahoma,Arial, Helvetica, sans-serif\" style=\"font-size: 11px\">TP-LINK<\/font><\/small><\/td>\n<\/tr>\n<tr>\n<td valign=\"top\" width=\"35%\">\t\t\t\t<b><small><font face=\"Tahoma,Arial, Helvetica, sans-serif\" style=\"font-size: 11px\">Modelo<\/font><\/small><\/b><\/td>\n<td valign=\"top\" width=\"65%\">\t\t\t\t<strong><small><font face=\"Tahoma,Arial, Helvetica, sans-serif\" style=\"font-size: 11px\">TL-SF1005D <\/font><\/small><\/strong><\/td>\n<\/tr>\n<tr>\n<td valign=\"top\" width=\"35%\">\t\t\t\t<b><small><font face=\"Tahoma,Arial, Helvetica, sans-serif\" style=\"font-size: 11px\">Especificaciones<\/font><\/small><\/b><\/td>\n<td valign=\"top\" width=\"65%\">\n<div>\t\t\t\t\t<small><font face=\"Tahoma,Arial, Helvetica, sans-serif\" style=\"font-size: 11px\">&#8211; Normas y Protocolos: IEEE802.3, 802.3u, 802.3x, CSMA\/CD, TCP\/IP <br \/>\t\t\t\t\t&#8211; Puertos: <strong>5 Puertos RJ45 con autonegociaci&oacute;n a 10\/100Mbps (Auto MDI\/MDIX) <br \/>\t\t\t\t\t<\/strong>&#8211; Medios de Red: 10Base-T: Cable UTP categor&iacute;a 3, 4, 5 (m&aacute;ximo 100m) EIA\/TIA-568 100&Ugrave; STP (m&aacute;ximo 100m) 100Base-Tx: Cable UTP categor&iacute;a 5, 5e (m&aacute;ximo 100m) EIA\/TIA-568 100&Ugrave; STP (m&aacute;ximo 100m) <br \/>\t\t\t\t\t&#8211; Ancho de banda en Backbound <strong>1Gbps <br \/>\t\t\t\t\t<\/strong>&#8211; Indicadores LED Encendido, Conexi&oacute;n\/Actividad (1, 2, 3, 4, 5) <\/font><\/small><\/div>\n<\/td>\n<\/tr>\n<tr>\n<td valign=\"top\" width=\"35%\">\t\t\t\t<b><small><font face=\"Tahoma,Arial, Helvetica, sans-serif\" style=\"font-size: 11px\">Otras caracter&iacute;sticas<\/font><\/small><\/b><\/td>\n<td valign=\"top\" width=\"65%\">\t\t\t\t<small><font face=\"Tahoma,Arial, Helvetica, sans-serif\" style=\"font-size: 11px\">&#8211; Normativa CE, FCC, RoHS <br \/>\t\t\t\t&#8211; Soporta control de flujo IEEE802.3X para modo full-duplex y backpressure para modo half-duplex <br \/>\t\t\t\t&#8211; Soporta autoaprendizaje y auto-actualizaci&oacute;n de la direcci&oacute;n MAC <br \/>\t\t\t\t&#8211; Indicadores LED para controlar potencia, conexi&oacute;n, actividad <br \/>\t\t\t\t&#8211; Carcasa de pl&aacute;stico, dise&ntilde;o para sobremesa o instalaci&oacute;n en pared <br \/>\t\t\t\t&#8211; Suministro de adaptador de potencia externo <br \/>\t\t\t\t&#8211; Dimensiones: 140*87*27,5 mm <\/font><\/small><\/td>\n<\/tr>\n<tr>\n<td valign=\"top\" width=\"35%\">\t\t\t\t<b><small><font face=\"Tahoma,Arial, Helvetica, sans-serif\" style=\"font-size: 11px\">Accesorios entregados<\/font><\/small><\/b><\/td>\n<td valign=\"top\" width=\"65%\">\n<div>\t\t\t\t\t<small><font face=\"Tahoma,Arial, Helvetica, sans-serif\" style=\"font-size: 11px\">&#8211; Gu&iacute;a de instalaci&oacute;n r&aacute;pida<br \/>\t\t\t\t\t&#8211; CD de recursos<br \/>\t\t\t\t\t&#8211; Adaptador de alimentaci&oacute;n <\/font><\/small><\/div>\n<\/td>\n<\/tr>\n<tr>\n<td valign=\"top\" width=\"35%\">\t\t\t\t<b><small><font face=\"Tahoma,Arial, Helvetica, sans-serif\" style=\"font-size: 11px\">Fecha de revisi&oacute;n<\/font><\/small><\/b><\/td>\n<td valign=\"top\" width=\"65%\">\t\t\t\t<small><font face=\"Tahoma,Arial, Helvetica, sans-serif\" style=\"font-size: 11px\">06-07-2011 por VC7<\/font><\/small><\/td>\n<\/tr>\n<\/tbody>\n<\/table>\n<div>\t&nbsp;<\/div>\n","protected":false},"excerpt":{"rendered":"<p>El Conmutador Fast Ethernet TL-SF1005D con 5 puertos a 10\/100Mbps cuenta con 5 puertos RJ45 con autonegociaci&oacute;n a 10\/100Mbps. Todos los puertos soportan la funci&oacute;n Auto MDI\/MDIX, eliminando la necesidad de cables cruzados o puertos Uplink. El conmutador es Plug-and-Play y cada uno de los puertos puede utilizarse como puerto general o puerto Uplink, se&hellip;&nbsp;<a href=\"https:\/\/aivlisoft.net\/shop\/producto\/tp-link-tl-sf1005d-switch-5x10-100mbps-mini\/\" rel=\"bookmark\"><span class=\"screen-reader-text\">TP-LINK TL-SF1005D Switch 5&#215;10\/100Mbps Mini<\/span><\/a><\/p>\n","protected":false},"featured_media":20994,"template":"","meta":{"neve_meta_sidebar":"","neve_meta_container":"","neve_meta_enable_content_width":"","neve_meta_content_width":0,"neve_meta_title_alignment":"","neve_meta_author_avatar":"","neve_post_elements_order":"","neve_meta_disable_header":"","neve_meta_disable_footer":"","neve_meta_disable_title":""},"product_brand":[],"product_cat":[8773],"product_tag":[7455],"class_list":{"0":"post-20993","1":"product","2":"type-product","3":"status-publish","4":"has-post-thumbnail","6":"product_cat-switches-sobremesa","7":"product_tag-tl-sf1005d","9":"first","10":"instock","11":"taxable","12":"shipping-taxable","13":"purchasable","14":"product-type-simple"},"yoast_head":"<!-- This site is optimized with the Yoast SEO plugin v26.0 - https:\/\/yoast.com\/wordpress\/plugins\/seo\/ -->\n<title>TP-LINK TL-SF1005D Switch 5x10\/100Mbps Mini - Aivlisoft Inform\u00e1tica<\/title>\n<meta name=\"robots\" content=\"index, follow, max-snippet:-1, max-image-preview:large, max-video-preview:-1\" \/>\n<link rel=\"canonical\" href=\"https:\/\/aivlisoft.net\/shop\/producto\/tp-link-tl-sf1005d-switch-5x10-100mbps-mini\/\" \/>\n<meta property=\"og:locale\" content=\"es_ES\" \/>\n<meta property=\"og:type\" content=\"article\" \/>\n<meta property=\"og:title\" content=\"TP-LINK TL-SF1005D Switch 5x10\/100Mbps Mini - Aivlisoft Inform\u00e1tica\" \/>\n<meta property=\"og:description\" content=\"El Conmutador Fast Ethernet TL-SF1005D con 5 puertos a 10\/100Mbps cuenta con 5 puertos RJ45 con autonegociaci&oacute;n a 10\/100Mbps. Todos los puertos soportan la funci&oacute;n Auto MDI\/MDIX, eliminando la necesidad de cables cruzados o puertos Uplink. El conmutador es Plug-and-Play y cada uno de los puertos puede utilizarse como puerto general o puerto Uplink, se&hellip;&nbsp;TP-LINK TL-SF1005D Switch 5&#215;10\/100Mbps Mini\" \/>\n<meta property=\"og:url\" content=\"https:\/\/aivlisoft.net\/shop\/producto\/tp-link-tl-sf1005d-switch-5x10-100mbps-mini\/\" \/>\n<meta property=\"og:site_name\" content=\"Aivlisoft Inform\u00e1tica\" \/>\n<meta property=\"article:modified_time\" content=\"2025-01-14T11:53:49+00:00\" \/>\n<meta property=\"og:image\" content=\"https:\/\/aivlisoft.net\/shop\/wp-content\/uploads\/2025\/01\/NSWSSO0073_800.jpg\" \/>\n\t<meta property=\"og:image:width\" content=\"800\" \/>\n\t<meta property=\"og:image:height\" content=\"800\" \/>\n\t<meta property=\"og:image:type\" content=\"image\/jpeg\" \/>\n<meta name=\"twitter:card\" content=\"summary_large_image\" \/>\n<meta name=\"twitter:label1\" content=\"Tiempo de lectura\" \/>\n\t<meta name=\"twitter:data1\" content=\"2 minutos\" \/>\n<script type=\"application\/ld+json\" class=\"yoast-schema-graph\">{\"@context\":\"https:\/\/schema.org\",\"@graph\":[{\"@type\":\"WebPage\",\"@id\":\"https:\/\/aivlisoft.net\/shop\/producto\/tp-link-tl-sf1005d-switch-5x10-100mbps-mini\/\",\"url\":\"https:\/\/aivlisoft.net\/shop\/producto\/tp-link-tl-sf1005d-switch-5x10-100mbps-mini\/\",\"name\":\"TP-LINK TL-SF1005D Switch 5x10\/100Mbps Mini - Aivlisoft Inform\u00e1tica\",\"isPartOf\":{\"@id\":\"https:\/\/aivlisoft.net\/shop\/#website\"},\"primaryImageOfPage\":{\"@id\":\"https:\/\/aivlisoft.net\/shop\/producto\/tp-link-tl-sf1005d-switch-5x10-100mbps-mini\/#primaryimage\"},\"image\":{\"@id\":\"https:\/\/aivlisoft.net\/shop\/producto\/tp-link-tl-sf1005d-switch-5x10-100mbps-mini\/#primaryimage\"},\"thumbnailUrl\":\"https:\/\/aivlisoft.net\/shop\/wp-content\/uploads\/2025\/01\/NSWSSO0073_800.jpg\",\"datePublished\":\"2025-01-13T15:48:58+00:00\",\"dateModified\":\"2025-01-14T11:53:49+00:00\",\"breadcrumb\":{\"@id\":\"https:\/\/aivlisoft.net\/shop\/producto\/tp-link-tl-sf1005d-switch-5x10-100mbps-mini\/#breadcrumb\"},\"inLanguage\":\"es\",\"potentialAction\":[{\"@type\":\"ReadAction\",\"target\":[\"https:\/\/aivlisoft.net\/shop\/producto\/tp-link-tl-sf1005d-switch-5x10-100mbps-mini\/\"]}]},{\"@type\":\"ImageObject\",\"inLanguage\":\"es\",\"@id\":\"https:\/\/aivlisoft.net\/shop\/producto\/tp-link-tl-sf1005d-switch-5x10-100mbps-mini\/#primaryimage\",\"url\":\"https:\/\/aivlisoft.net\/shop\/wp-content\/uploads\/2025\/01\/NSWSSO0073_800.jpg\",\"contentUrl\":\"https:\/\/aivlisoft.net\/shop\/wp-content\/uploads\/2025\/01\/NSWSSO0073_800.jpg\",\"width\":800,\"height\":800},{\"@type\":\"BreadcrumbList\",\"@id\":\"https:\/\/aivlisoft.net\/shop\/producto\/tp-link-tl-sf1005d-switch-5x10-100mbps-mini\/#breadcrumb\",\"itemListElement\":[{\"@type\":\"ListItem\",\"position\":1,\"name\":\"Portada\",\"item\":\"https:\/\/aivlisoft.net\/shop\/\"},{\"@type\":\"ListItem\",\"position\":2,\"name\":\"Tienda\",\"item\":\"https:\/\/aivlisoft.net\/shop\/tienda\/\"},{\"@type\":\"ListItem\",\"position\":3,\"name\":\"TP-LINK TL-SF1005D Switch 5&#215;10\/100Mbps Mini\"}]},{\"@type\":\"WebSite\",\"@id\":\"https:\/\/aivlisoft.net\/shop\/#website\",\"url\":\"https:\/\/aivlisoft.net\/shop\/\",\"name\":\"Aivlisoft Inform\u00e1tica\",\"description\":\"En Aivlisoft Inform\u00e1tica ofrecemos soluciones tecnol\u00f3gicas para empresas: venta de ordenadores, consumibles, perif\u00e9ricos y m\u00e1s. Calidad, atenci\u00f3n personalizada y los mejores precios para tu negocio.\",\"publisher\":{\"@id\":\"https:\/\/aivlisoft.net\/shop\/#organization\"},\"potentialAction\":[{\"@type\":\"SearchAction\",\"target\":{\"@type\":\"EntryPoint\",\"urlTemplate\":\"https:\/\/aivlisoft.net\/shop\/?s={search_term_string}\"},\"query-input\":{\"@type\":\"PropertyValueSpecification\",\"valueRequired\":true,\"valueName\":\"search_term_string\"}}],\"inLanguage\":\"es\"},{\"@type\":\"Organization\",\"@id\":\"https:\/\/aivlisoft.net\/shop\/#organization\",\"name\":\"Aivlisoft Inform\u00e1tica\",\"url\":\"https:\/\/aivlisoft.net\/shop\/\",\"logo\":{\"@type\":\"ImageObject\",\"inLanguage\":\"es\",\"@id\":\"https:\/\/aivlisoft.net\/shop\/#\/schema\/logo\/image\/\",\"url\":\"https:\/\/aivlisoft.net\/shop\/wp-content\/uploads\/2024\/12\/removal.ai_5b848c54-0cdf-4140-95c5-c5536bb7573b-logodef.png\",\"contentUrl\":\"https:\/\/aivlisoft.net\/shop\/wp-content\/uploads\/2024\/12\/removal.ai_5b848c54-0cdf-4140-95c5-c5536bb7573b-logodef.png\",\"width\":484,\"height\":182,\"caption\":\"Aivlisoft Inform\u00e1tica\"},\"image\":{\"@id\":\"https:\/\/aivlisoft.net\/shop\/#\/schema\/logo\/image\/\"}}]}<\/script>\n<!-- \/ Yoast SEO plugin. -->","yoast_head_json":{"title":"TP-LINK TL-SF1005D Switch 5x10\/100Mbps Mini - Aivlisoft Inform\u00e1tica","robots":{"index":"index","follow":"follow","max-snippet":"max-snippet:-1","max-image-preview":"max-image-preview:large","max-video-preview":"max-video-preview:-1"},"canonical":"https:\/\/aivlisoft.net\/shop\/producto\/tp-link-tl-sf1005d-switch-5x10-100mbps-mini\/","og_locale":"es_ES","og_type":"article","og_title":"TP-LINK TL-SF1005D Switch 5x10\/100Mbps Mini - Aivlisoft Inform\u00e1tica","og_description":"El Conmutador Fast Ethernet TL-SF1005D con 5 puertos a 10\/100Mbps cuenta con 5 puertos RJ45 con autonegociaci&oacute;n a 10\/100Mbps. Todos los puertos soportan la funci&oacute;n Auto MDI\/MDIX, eliminando la necesidad de cables cruzados o puertos Uplink. El conmutador es Plug-and-Play y cada uno de los puertos puede utilizarse como puerto general o puerto Uplink, se&hellip;&nbsp;TP-LINK TL-SF1005D Switch 5&#215;10\/100Mbps Mini","og_url":"https:\/\/aivlisoft.net\/shop\/producto\/tp-link-tl-sf1005d-switch-5x10-100mbps-mini\/","og_site_name":"Aivlisoft Inform\u00e1tica","article_modified_time":"2025-01-14T11:53:49+00:00","og_image":[{"width":800,"height":800,"url":"https:\/\/aivlisoft.net\/shop\/wp-content\/uploads\/2025\/01\/NSWSSO0073_800.jpg","type":"image\/jpeg"}],"twitter_card":"summary_large_image","twitter_misc":{"Tiempo de lectura":"2 minutos"},"schema":{"@context":"https:\/\/schema.org","@graph":[{"@type":"WebPage","@id":"https:\/\/aivlisoft.net\/shop\/producto\/tp-link-tl-sf1005d-switch-5x10-100mbps-mini\/","url":"https:\/\/aivlisoft.net\/shop\/producto\/tp-link-tl-sf1005d-switch-5x10-100mbps-mini\/","name":"TP-LINK TL-SF1005D Switch 5x10\/100Mbps Mini - Aivlisoft Inform\u00e1tica","isPartOf":{"@id":"https:\/\/aivlisoft.net\/shop\/#website"},"primaryImageOfPage":{"@id":"https:\/\/aivlisoft.net\/shop\/producto\/tp-link-tl-sf1005d-switch-5x10-100mbps-mini\/#primaryimage"},"image":{"@id":"https:\/\/aivlisoft.net\/shop\/producto\/tp-link-tl-sf1005d-switch-5x10-100mbps-mini\/#primaryimage"},"thumbnailUrl":"https:\/\/aivlisoft.net\/shop\/wp-content\/uploads\/2025\/01\/NSWSSO0073_800.jpg","datePublished":"2025-01-13T15:48:58+00:00","dateModified":"2025-01-14T11:53:49+00:00","breadcrumb":{"@id":"https:\/\/aivlisoft.net\/shop\/producto\/tp-link-tl-sf1005d-switch-5x10-100mbps-mini\/#breadcrumb"},"inLanguage":"es","potentialAction":[{"@type":"ReadAction","target":["https:\/\/aivlisoft.net\/shop\/producto\/tp-link-tl-sf1005d-switch-5x10-100mbps-mini\/"]}]},{"@type":"ImageObject","inLanguage":"es","@id":"https:\/\/aivlisoft.net\/shop\/producto\/tp-link-tl-sf1005d-switch-5x10-100mbps-mini\/#primaryimage","url":"https:\/\/aivlisoft.net\/shop\/wp-content\/uploads\/2025\/01\/NSWSSO0073_800.jpg","contentUrl":"https:\/\/aivlisoft.net\/shop\/wp-content\/uploads\/2025\/01\/NSWSSO0073_800.jpg","width":800,"height":800},{"@type":"BreadcrumbList","@id":"https:\/\/aivlisoft.net\/shop\/producto\/tp-link-tl-sf1005d-switch-5x10-100mbps-mini\/#breadcrumb","itemListElement":[{"@type":"ListItem","position":1,"name":"Portada","item":"https:\/\/aivlisoft.net\/shop\/"},{"@type":"ListItem","position":2,"name":"Tienda","item":"https:\/\/aivlisoft.net\/shop\/tienda\/"},{"@type":"ListItem","position":3,"name":"TP-LINK TL-SF1005D Switch 5&#215;10\/100Mbps Mini"}]},{"@type":"WebSite","@id":"https:\/\/aivlisoft.net\/shop\/#website","url":"https:\/\/aivlisoft.net\/shop\/","name":"Aivlisoft Inform\u00e1tica","description":"En Aivlisoft Inform\u00e1tica ofrecemos soluciones tecnol\u00f3gicas para empresas: venta de ordenadores, consumibles, perif\u00e9ricos y m\u00e1s. Calidad, atenci\u00f3n personalizada y los mejores precios para tu negocio.","publisher":{"@id":"https:\/\/aivlisoft.net\/shop\/#organization"},"potentialAction":[{"@type":"SearchAction","target":{"@type":"EntryPoint","urlTemplate":"https:\/\/aivlisoft.net\/shop\/?s={search_term_string}"},"query-input":{"@type":"PropertyValueSpecification","valueRequired":true,"valueName":"search_term_string"}}],"inLanguage":"es"},{"@type":"Organization","@id":"https:\/\/aivlisoft.net\/shop\/#organization","name":"Aivlisoft Inform\u00e1tica","url":"https:\/\/aivlisoft.net\/shop\/","logo":{"@type":"ImageObject","inLanguage":"es","@id":"https:\/\/aivlisoft.net\/shop\/#\/schema\/logo\/image\/","url":"https:\/\/aivlisoft.net\/shop\/wp-content\/uploads\/2024\/12\/removal.ai_5b848c54-0cdf-4140-95c5-c5536bb7573b-logodef.png","contentUrl":"https:\/\/aivlisoft.net\/shop\/wp-content\/uploads\/2024\/12\/removal.ai_5b848c54-0cdf-4140-95c5-c5536bb7573b-logodef.png","width":484,"height":182,"caption":"Aivlisoft Inform\u00e1tica"},"image":{"@id":"https:\/\/aivlisoft.net\/shop\/#\/schema\/logo\/image\/"}}]}},"_links":{"self":[{"href":"https:\/\/aivlisoft.net\/shop\/wp-json\/wp\/v2\/product\/20993","targetHints":{"allow":["GET"]}}],"collection":[{"href":"https:\/\/aivlisoft.net\/shop\/wp-json\/wp\/v2\/product"}],"about":[{"href":"https:\/\/aivlisoft.net\/shop\/wp-json\/wp\/v2\/types\/product"}],"wp:featuredmedia":[{"embeddable":true,"href":"https:\/\/aivlisoft.net\/shop\/wp-json\/wp\/v2\/media\/20994"}],"wp:attachment":[{"href":"https:\/\/aivlisoft.net\/shop\/wp-json\/wp\/v2\/media?parent=20993"}],"wp:term":[{"taxonomy":"product_brand","embeddable":true,"href":"https:\/\/aivlisoft.net\/shop\/wp-json\/wp\/v2\/product_brand?post=20993"},{"taxonomy":"product_cat","embeddable":true,"href":"https:\/\/aivlisoft.net\/shop\/wp-json\/wp\/v2\/product_cat?post=20993"},{"taxonomy":"product_tag","embeddable":true,"href":"https:\/\/aivlisoft.net\/shop\/wp-json\/wp\/v2\/product_tag?post=20993"}],"curies":[{"name":"wp","href":"https:\/\/api.w.org\/{rel}","templated":true}]}}